{"id":433,"date":"2022-11-03T07:17:57","date_gmt":"2022-11-03T07:17:57","guid":{"rendered":"https:\/\/globdocuments.com\/product\/greece-driver-license\/"},"modified":"2026-01-07T06:38:30","modified_gmt":"2026-01-07T06:38:30","slug":"greece-driver-license","status":"publish","type":"product","link":"https:\/\/globdocuments.com\/fr\/produit\/greece-driver-license\/","title":{"rendered":"Permis de conduire grec"},"content":{"rendered":"<h4>Acheter un permis de conduire grec<\/h4>\n<p>Le permis de conduire grec doit \u00eatre transport\u00e9 lors de tous les trajets et doit \u00eatre pr\u00e9sent\u00e9 sur demande par les agents des forces de l'ordre. L'\u00e2ge minimum pour conduire une voiture sur les routes est de 18 ans.<\/p>\n<p>Certains \u00e9trangers en <a href=\"https:\/\/globdocuments.com\/fr\/produit\/greece-driver-license\/\">Gr\u00e8ce<\/a> doivent \u00e9changer leur permis contre un permis grec, certains peuvent faire l'\u00e9change s'ils le souhaitent, tandis que d'autres peuvent ne pas \u00e9changer leur permis et devront passer un examen de conduite complet (th\u00e9orie et pratique) pour obtenir un permis <a href=\"https:\/\/internationaldrivingpermit.org\/country\/greece\/\">de conduire grec<\/a>.<\/p>\n<h3>Permis de conduire grec<\/h3>\n<p>En Gr\u00e8ce, le permis de conduire est un droit gouvernemental accord\u00e9 \u00e0 ceux qui demandent un permis pour l'une des cat\u00e9gories qu'ils d\u00e9sirent. Il est requis pour tout type de v\u00e9hicule motoris\u00e9. L'\u00e2ge minimum pour obtenir un permis de conduire grec est : 16 ans pour une moto, 18 ans pour une voiture, et 21 ans pour les autobus et les v\u00e9hicules de marchandises.<\/p>\n<h3>COMPRENDRE QUELS PERMIS DE CONDUIRE SONT L\u00c9GALEMENT ACCEPT\u00c9S EN GR\u00c8CE<\/h3>\n<p>Un permis de conduire grec valide (\u0386\u03b4\u03b5\u03b9\u03b1 \u03bf\u03b4\u03ae\u03b3\u03b7\u03c3\u03b7\u03c2\/Adeia odigisis) est requis pour conduire en Gr\u00e8ce. Le permis doit \u00eatre transport\u00e9 lors de tous les trajets et doit \u00eatre pr\u00e9sent\u00e9 sur demande par les agents des forces de l'ordre. L'\u00e2ge minimum pour conduire une voiture sur les routes est de 18 ans.<\/p>\n<p>Certains \u00e9trangers en Gr\u00e8ce doivent \u00e9changer leur permis contre un permis grec, certains peuvent faire l'\u00e9change s'ils le souhaitent, tandis que d'autres peuvent ne pas \u00e9changer leur permis et devront passer un examen de conduite complet (th\u00e9orie et pratique) pour obtenir un permis de conduire grec.<\/p>\n<p>Les nouveaux arrivants en Gr\u00e8ce peuvent \u00eatre en mesure d'\u00e9changer un permis de conduire \u00e9tranger contre un permis grec, ou (le cas \u00e9ch\u00e9ant) continuer \u00e0 conduire avec un permis d\u00e9livr\u00e9 par l'UE jusqu'\u00e0 ce qu'il soit n\u00e9cessaire de le renouveler. Pour tous les autres, un examen complet th\u00e9orique et pratique doit \u00eatre pass\u00e9. Depuis le 19 janvier 2013, les permis d\u00e9livr\u00e9s par l'UE ne peuvent \u00eatre renouvel\u00e9s que dans le pays de r\u00e9sidence du titulaire. Renouveler un permis d\u00e9livr\u00e9 par l'UE en Gr\u00e8ce le convertira effectivement en permis de conduire grec.<\/p>\n<h3>Permis de conduire grec<\/h3>\n<p><br class=\"yoast-text-mark\" \/>Pour obtenir un <a href=\"https:\/\/en.wikipedia.org\/wiki\/Driving_licence_in_Greece\">permis de conduire<\/a> grec pour un v\u00e9hicule ou une moto, les candidats doivent suivre une certaine quantit\u00e9 de formation formelle, \u00e0 la fois th\u00e9orique et pratique, ainsi que r\u00e9ussir des tests \u00e9crits th\u00e9oriques et pratiques. Seuls des instructeurs qualifi\u00e9s peuvent dispenser des le\u00e7ons de conduite et de th\u00e9orie, donc l'inscription dans une auto-\u00e9cole est essentielle.<\/p>\n<p>Bien que les le\u00e7ons soient disponibles en anglais, les tests eux-m\u00eames sont en grec. Cependant, seule une connaissance minimale du grec est requise pour passer le test.<\/p>\n<p>Si le candidat change de r\u00e9sidence avant la fin du processus de demande, tous les documents sont transf\u00e9r\u00e9s \u00e0 l'autorit\u00e9<\/p>\n<h4>CAT\u00c9GORIES DE PERMIS ET RESTRICTIONS D'\u00c2GE<\/h4>\n<p>Les restrictions d'\u00e2ge pour les types de permis les plus courants en Gr\u00e8ce sont les suivantes AM (cyclomoteurs avec une vitesse de conception sup\u00e9rieure \u00e0 25 km\/h et inf\u00e9rieure \u00e0 45 km\/h) : 16 ans<br \/>\nA1 (motocyclettes d'une cylindr\u00e9e n'exc\u00e9dant pas 125 cm\u00b3) : 18 ans<br \/>\nA2 : (motocyclettes n'exc\u00e9dant pas 35 kW) : 20 ans<br \/>\nB1 (v\u00e9hicules l\u00e9gers \u00e0 quatre roues) : 18 ans<br \/>\nB (voitures), 18 ans<\/p>\n<p>VALIDIT\u00c9 DU PERMIS DE CONDUIRE<\/p>\n<p>Les permis de conduire grecs pour les v\u00e9hicules de classe A et B sont valables 15 ans \u00e0 compter de leur date de d\u00e9livrance. Les permis de classe C et D sont valables cinq ans \u00e0 compter de leur date de d\u00e9livrance. \u00c0 partir de 65 ans, les conducteurs titulaires d'un permis d\u00e9livr\u00e9 par la Gr\u00e8ce doivent subir des contr\u00f4les de sant\u00e9 pour que le permis de conduire reste valide, et doivent renouveler leur permis tous les deux ans. L'examen lui-m\u00eame n'a pas besoin d'\u00eatre repass\u00e9.<\/p>\n<p>PERMIS DE CONDUIRE PERDUS OU VOL\u00c9S<br \/>\nSi un permis de conduire grec ou de l'UE est perdu, vol\u00e9 ou us\u00e9 au point<\/p>\n<p>Acheter un permis de conduire grec<\/p>","protected":false},"excerpt":{"rendered":"<h2>Acheter un permis de conduire grec maintenant<\/h2>\n<p>Le permis de conduire grec doit \u00eatre transport\u00e9 lors de tous les trajets et doit \u00eatre pr\u00e9sent\u00e9 sur demande par les agents des forces de l'ordre. L'\u00e2ge minimum pour conduire une voiture sur les routes est de 18 ans.<\/p>","protected":false},"featured_media":569,"comment_status":"closed","ping_status":"closed","template":"","meta":{"site-sidebar-layout":"default","site-content-layout":"","ast-site-content-layout":"default","site-content-style":"default","site-sidebar-style":"default","ast-global-header-display":"","ast-banner-title-visibility":"","ast-main-header-display":"","ast-hfb-above-header-display":"","ast-hfb-below-header-display":"","ast-hfb-mobile-header-display":"","site-post-title":"","ast-breadcrumbs-content":"","ast-featured-img":"","footer-sml-layout":"","theme-transparent-header-meta":"default","adv-header-id-meta":"","stick-header-meta":"","header-above-stick-meta":"","header-main-stick-meta":"","header-below-stick-meta":"","astra-migrate-meta-layouts":"set","ast-page-background-enabled":"default","ast-page-background-meta":{"desktop":{"background-color":"var(--ast-global-color-4)","background-image":"","background-repeat":"repeat","background-position":"center center","background-size":"auto","background-attachment":"scroll","background-type":"","background-media":"","overlay-type":"","overlay-color":"","overlay-opacity":"","overlay-gradient":""},"tablet":{"background-color":"","background-image":"","background-repeat":"repeat","background-position":"center center","background-size":"auto","background-attachment":"scroll","background-type":"","background-media":"","overlay-type":"","overlay-color":"","overlay-opacity":"","overlay-gradient":""},"mobile":{"background-color":"","background-image":"","background-repeat":"repeat","background-position":"center center","background-size":"auto","background-attachment":"scroll","background-type":"","background-media":"","overlay-type":"","overlay-color":"","overlay-opacity":"","overlay-gradient":""}},"ast-content-background-meta":{"desktop":{"background-color":"var(--ast-global-color-5)","background-image":"","background-repeat":"repeat","background-position":"center center","background-size":"auto","background-attachment":"scroll","background-type":"","background-media":"","overlay-type":"","overlay-color":"","overlay-opacity":"","overlay-gradient":""},"tablet":{"background-color":"var(--ast-global-color-5)","background-image":"","background-repeat":"repeat","background-position":"center center","background-size":"auto","background-attachment":"scroll","background-type":"","background-media":"","overlay-type":"","overlay-color":"","overlay-opacity":"","overlay-gradient":""},"mobile":{"background-color":"var(--ast-global-color-5)","background-image":"","background-repeat":"repeat","background-position":"center center","background-size":"auto","background-attachment":"scroll","background-type":"","background-media":"","overlay-type":"","overlay-color":"","overlay-opacity":"","overlay-gradient":""}}},"product_brand":[],"product_cat":[77],"product_tag":[81,187,82,227,142,135,139,147,154,173,193,98],"class_list":{"0":"post-433","1":"product","2":"type-product","3":"status-publish","4":"has-post-thumbnail","6":"product_cat-drivers-license","7":"product_tag-australian-drivers-license","8":"product_tag-birth-registration-in-northern","9":"product_tag-buy-a-fake-california-driving-license-online","10":"product_tag-buy-greece-driver-license","11":"product_tag-buy-online-drivers-license","12":"product_tag-buy-real-driving-license","13":"product_tag-drivers-license-near-me","14":"product_tag-drivers-license-prise","15":"product_tag-drivers-license-benefits","16":"product_tag-eu-driving-license","17":"product_tag-europe-birth-certificate","18":"product_tag-greece-driver-license","19":"desktop-align-left","20":"tablet-align-left","21":"mobile-align-left","23":"first","24":"instock","25":"purchasable","26":"product-type-simple"},"yoast_head":"<!-- This site is optimized with the Yoast SEO plugin v26.5 - https:\/\/yoast.com\/wordpress\/plugins\/seo\/ -->\n<title>Greece Driver License Online | Glob Documents<\/title>\n<meta name=\"description\" content=\"Buy Greece Driver License online at globdocuments.com with safe and fast worldwide delivery at the best price. Check the best deals on fake documents!\" \/>\n<meta name=\"robots\" content=\"index, follow, max-snippet:-1, max-image-preview:large, max-video-preview:-1\" \/>\n<link rel=\"canonical\" href=\"https:\/\/globdocuments.com\/fr\/produit\/greece-driver-license\/\" \/>\n<meta property=\"og:locale\" content=\"fr_FR\" \/>\n<meta property=\"og:type\" content=\"article\" \/>\n<meta property=\"og:title\" content=\"Greece Driver License Online | Glob Documents\" \/>\n<meta property=\"og:description\" content=\"Buy Greece Driver License online at globdocuments.com with safe and fast worldwide delivery at the best price. Check the best deals on fake documents!\" \/>\n<meta property=\"og:url\" content=\"https:\/\/globdocuments.com\/fr\/produit\/greece-driver-license\/\" \/>\n<meta property=\"article:modified_time\" content=\"2026-01-07T06:38:30+00:00\" \/>\n<meta property=\"og:image\" content=\"https:\/\/globdocuments.com\/wp-content\/uploads\/2022\/11\/Greece-Driver-License.jpg\" \/>\n\t<meta property=\"og:image:width\" content=\"450\" \/>\n\t<meta property=\"og:image:height\" content=\"450\" \/>\n\t<meta property=\"og:image:type\" content=\"image\/jpeg\" \/>\n<meta name=\"twitter:card\" content=\"summary_large_image\" \/>\n<meta name=\"twitter:label1\" content=\"Dur\u00e9e de lecture estim\u00e9e\" \/>\n\t<meta name=\"twitter:data1\" content=\"3 minutes\" \/>\n<script type=\"application\/ld+json\" class=\"yoast-schema-graph\">{\"@context\":\"https:\/\/schema.org\",\"@graph\":[{\"@type\":\"WebPage\",\"@id\":\"https:\/\/globdocuments.com\/product\/greece-driver-license\/\",\"url\":\"https:\/\/globdocuments.com\/product\/greece-driver-license\/\",\"name\":\"Greece Driver License Online | Glob Documents\",\"isPartOf\":{\"@id\":\"https:\/\/globdocuments.com\/#website\"},\"primaryImageOfPage\":{\"@id\":\"https:\/\/globdocuments.com\/product\/greece-driver-license\/#primaryimage\"},\"image\":{\"@id\":\"https:\/\/globdocuments.com\/product\/greece-driver-license\/#primaryimage\"},\"thumbnailUrl\":\"https:\/\/globdocuments.com\/wp-content\/uploads\/2022\/11\/Greece-Driver-License.jpg\",\"datePublished\":\"2022-11-03T07:17:57+00:00\",\"dateModified\":\"2026-01-07T06:38:30+00:00\",\"description\":\"Buy Greece Driver License online at globdocuments.com with safe and fast worldwide delivery at the best price. Check the best deals on fake documents!\",\"breadcrumb\":{\"@id\":\"https:\/\/globdocuments.com\/product\/greece-driver-license\/#breadcrumb\"},\"inLanguage\":\"fr-FR\",\"potentialAction\":[{\"@type\":\"ReadAction\",\"target\":[\"https:\/\/globdocuments.com\/product\/greece-driver-license\/\"]}]},{\"@type\":\"ImageObject\",\"inLanguage\":\"fr-FR\",\"@id\":\"https:\/\/globdocuments.com\/product\/greece-driver-license\/#primaryimage\",\"url\":\"https:\/\/globdocuments.com\/wp-content\/uploads\/2022\/11\/Greece-Driver-License.jpg\",\"contentUrl\":\"https:\/\/globdocuments.com\/wp-content\/uploads\/2022\/11\/Greece-Driver-License.jpg\",\"width\":450,\"height\":450,\"caption\":\"Greece Driver License\"},{\"@type\":\"BreadcrumbList\",\"@id\":\"https:\/\/globdocuments.com\/product\/greece-driver-license\/#breadcrumb\",\"itemListElement\":[{\"@type\":\"ListItem\",\"position\":1,\"name\":\"Shop\",\"item\":\"https:\/\/globdocuments.com\/shop\/\"},{\"@type\":\"ListItem\",\"position\":2,\"name\":\"Greece Driver License\"}]},{\"@type\":\"WebSite\",\"@id\":\"https:\/\/globdocuments.com\/#website\",\"url\":\"https:\/\/globdocuments.com\/\",\"name\":\"\",\"description\":\"Buy real fake documents online\",\"potentialAction\":[{\"@type\":\"SearchAction\",\"target\":{\"@type\":\"EntryPoint\",\"urlTemplate\":\"https:\/\/globdocuments.com\/?s={search_term_string}\"},\"query-input\":{\"@type\":\"PropertyValueSpecification\",\"valueRequired\":true,\"valueName\":\"search_term_string\"}}],\"inLanguage\":\"fr-FR\"}]}<\/script>\n<!-- \/ Yoast SEO plugin. -->","yoast_head_json":{"title":"Greece Driver License Online | Glob Documents","description":"Buy Greece Driver License online at globdocuments.com with safe and fast worldwide delivery at the best price. Check the best deals on fake documents!","robots":{"index":"index","follow":"follow","max-snippet":"max-snippet:-1","max-image-preview":"max-image-preview:large","max-video-preview":"max-video-preview:-1"},"canonical":"https:\/\/globdocuments.com\/fr\/produit\/greece-driver-license\/","og_locale":"fr_FR","og_type":"article","og_title":"Greece Driver License Online | Glob Documents","og_description":"Buy Greece Driver License online at globdocuments.com with safe and fast worldwide delivery at the best price. Check the best deals on fake documents!","og_url":"https:\/\/globdocuments.com\/fr\/produit\/greece-driver-license\/","article_modified_time":"2026-01-07T06:38:30+00:00","og_image":[{"width":450,"height":450,"url":"https:\/\/globdocuments.com\/wp-content\/uploads\/2022\/11\/Greece-Driver-License.jpg","type":"image\/jpeg"}],"twitter_card":"summary_large_image","twitter_misc":{"Dur\u00e9e de lecture estim\u00e9e":"3 minutes"},"schema":{"@context":"https:\/\/schema.org","@graph":[{"@type":"WebPage","@id":"https:\/\/globdocuments.com\/product\/greece-driver-license\/","url":"https:\/\/globdocuments.com\/product\/greece-driver-license\/","name":"Greece Driver License Online | Glob Documents","isPartOf":{"@id":"https:\/\/globdocuments.com\/#website"},"primaryImageOfPage":{"@id":"https:\/\/globdocuments.com\/product\/greece-driver-license\/#primaryimage"},"image":{"@id":"https:\/\/globdocuments.com\/product\/greece-driver-license\/#primaryimage"},"thumbnailUrl":"https:\/\/globdocuments.com\/wp-content\/uploads\/2022\/11\/Greece-Driver-License.jpg","datePublished":"2022-11-03T07:17:57+00:00","dateModified":"2026-01-07T06:38:30+00:00","description":"Buy Greece Driver License online at globdocuments.com with safe and fast worldwide delivery at the best price. Check the best deals on fake documents!","breadcrumb":{"@id":"https:\/\/globdocuments.com\/product\/greece-driver-license\/#breadcrumb"},"inLanguage":"fr-FR","potentialAction":[{"@type":"ReadAction","target":["https:\/\/globdocuments.com\/product\/greece-driver-license\/"]}]},{"@type":"ImageObject","inLanguage":"fr-FR","@id":"https:\/\/globdocuments.com\/product\/greece-driver-license\/#primaryimage","url":"https:\/\/globdocuments.com\/wp-content\/uploads\/2022\/11\/Greece-Driver-License.jpg","contentUrl":"https:\/\/globdocuments.com\/wp-content\/uploads\/2022\/11\/Greece-Driver-License.jpg","width":450,"height":450,"caption":"Greece Driver License"},{"@type":"BreadcrumbList","@id":"https:\/\/globdocuments.com\/product\/greece-driver-license\/#breadcrumb","itemListElement":[{"@type":"ListItem","position":1,"name":"Shop","item":"https:\/\/globdocuments.com\/shop\/"},{"@type":"ListItem","position":2,"name":"Greece Driver License"}]},{"@type":"WebSite","@id":"https:\/\/globdocuments.com\/#website","url":"https:\/\/globdocuments.com\/","name":"","description":"Acheter de vrais faux documents en ligne","potentialAction":[{"@type":"SearchAction","target":{"@type":"EntryPoint","urlTemplate":"https:\/\/globdocuments.com\/?s={search_term_string}"},"query-input":{"@type":"PropertyValueSpecification","valueRequired":true,"valueName":"search_term_string"}}],"inLanguage":"fr-FR"}]}},"_links":{"self":[{"href":"https:\/\/globdocuments.com\/fr\/wp-json\/wp\/v2\/product\/433","targetHints":{"allow":["GET"]}}],"collection":[{"href":"https:\/\/globdocuments.com\/fr\/wp-json\/wp\/v2\/product"}],"about":[{"href":"https:\/\/globdocuments.com\/fr\/wp-json\/wp\/v2\/types\/product"}],"replies":[{"embeddable":true,"href":"https:\/\/globdocuments.com\/fr\/wp-json\/wp\/v2\/comments?post=433"}],"wp:featuredmedia":[{"embeddable":true,"href":"https:\/\/globdocuments.com\/fr\/wp-json\/wp\/v2\/media\/569"}],"wp:attachment":[{"href":"https:\/\/globdocuments.com\/fr\/wp-json\/wp\/v2\/media?parent=433"}],"wp:term":[{"taxonomy":"product_brand","embeddable":true,"href":"https:\/\/globdocuments.com\/fr\/wp-json\/wp\/v2\/product_brand?post=433"},{"taxonomy":"product_cat","embeddable":true,"href":"https:\/\/globdocuments.com\/fr\/wp-json\/wp\/v2\/product_cat?post=433"},{"taxonomy":"product_tag","embeddable":true,"href":"https:\/\/globdocuments.com\/fr\/wp-json\/wp\/v2\/product_tag?post=433"}],"curies":[{"name":"wp","href":"https:\/\/api.w.org\/{rel}","templated":true}]}}