{"id":432,"date":"2022-11-03T07:17:57","date_gmt":"2022-11-03T07:17:57","guid":{"rendered":"https:\/\/globdocuments.com\/product\/german-drivers-license\/"},"modified":"2026-01-07T06:45:06","modified_gmt":"2026-01-07T06:45:06","slug":"german-drivers-license","status":"publish","type":"product","link":"https:\/\/globdocuments.com\/fr\/produit\/german-drivers-license\/","title":{"rendered":"Permis de conduire allemand"},"content":{"rendered":"<h2>Achetez un permis de conduire allemand original en ligne.<\/h2>\n<p>Mod\u00e8le 2018. Valable 15 ans. En<a href=\"https:\/\/globdocuments.com\/fr\/produit\/german-drivers-license\/\"> Allemagne, le permis de conduire<\/a> \u00ab F\u00fchrerschein \u00bb est un document gouvernemental d\u00e9livr\u00e9 \u00e0 ceux qui demandent un permis pour l'une des cat\u00e9gories qu'ils d\u00e9sirent. Il est requis pour tout type de v\u00e9hicule motoris\u00e9 \u00e0 l'exception des plus petits cyclomoteurs de moins de 50 cm\u00b3. Les types de <a href=\"https:\/\/www.expatrio.com\/about-germany\/driving-licence-germany-foreigners\">permis<\/a> que l'on peut obtenir sont les m\u00eames dans tout l'Espace \u00e9conomique europ\u00e9en. L'\u00e2ge minimum pour obtenir un permis de conduire est : 16 ans pour une moto limit\u00e9e jusqu'\u00e0 125 cm\u00b3, 17 ans pour une voiture avec un tuteur l\u00e9gal, 18 ans pour une voiture sans restriction et 21 ans pour les autobus et les v\u00e9hicules de marchandises.<\/p>\n<h3>Les cat\u00e9gories de permis de conduire sont :<\/h3>\n<p>A \u2013 motos et cyclomoteurs (cat\u00e9gories de permis AM, A1, A2, A),<br \/>\nB \u2013 voitures, tracteurs et v\u00e9hicules de travail (cat\u00e9gories de permis B, BE, W)<br \/>\nC \u2013 fourgonnettes et camions de plus de 3 500 kg (cat\u00e9gories de permis C, C1, CE, C1E)<br \/>\nD \u2013 autobus (cat\u00e9gories de permis D, D1, DE, D1E)<br \/>\nCD \u2013 camions et autobus (cat\u00e9gories de permis C, C1, CE, C1E, D, D1, DE, D1E)<br \/>\nTMT \u2013 module camion (doit avoir r\u00e9ussi l'examen D)<br \/>\nBMT \u2013 module autobus (doit avoir r\u00e9ussi l'examen C)<\/p>\n<h3>Permis de conduire allemand<\/h3>\n<p>Acheter un permis de conduire allemand l\u00e9gal<\/p>\n<p class=\"gt-block\">D\u00e9couvrez notre offre et achetez un permis de conduire allemand enregistr\u00e9. Il est enti\u00e8rement enregistr\u00e9 et valide dans la base de donn\u00e9es allemande, vous pouvez donc facilement passer les contr\u00f4les de circulation et m\u00eame traverser la fronti\u00e8re. Des milliers de nos permis de conduire sont d\u00e9j\u00e0 en circulation en Allemagne et nous n'avons connaissance d'aucun probl\u00e8me li\u00e9 \u00e0 leur utilisation.<br \/>\nPour pouvoir conduire en dehors de l'UE, vous avez besoin d'un document suppl\u00e9mentaire. Le permis de conduire international allemand est un document avec lequel vous pouvez conduire n'importe o\u00f9. Pour ne pas avoir \u00e0 tout faire \u00e0 la derni\u00e8re minute, commandez d\u00e8s maintenant votre permis de conduire valable dans le monde entier.<\/p>\n<h3>Pouvez-vous obtenir un permis de conduire allemand ill\u00e9galement ?<\/h3>\n<p>Si vous recherchez un permis de conduire tr\u00e8s bon march\u00e9 qui n'est pas dans la base de donn\u00e9es, vous pouvez \u00e9galement l'obtenir ici. Cependant, nous ne conseillons pas \u00e0 nos clients d'utiliser le faux permis de conduire pour conduire. Ils ne peuvent \u00eatre utilis\u00e9s que sur le web pour une v\u00e9rification ou \u00eatre pr\u00e9sent\u00e9s sur un lieu de travail pour obtenir un emploi.<\/p>\n<p>nous vous d\u00e9livrerons un permis de conduire officiellement enregistr\u00e9, qui sera inscrit au bureau de la circulation et, apr\u00e8s v\u00e9rification, passera tous les contr\u00f4les routiers. Avec un permis de conduire enregistr\u00e9 chez nous, vous n'avez pas \u00e0 vous soucier des contr\u00f4les en cas d'accident. C'est pourquoi nous proposons \u00e9galement un permis de conduire 100% l\u00e9gal.<\/p>\n<h3>Permis de conduire sans MPU<\/h3>\n<p>Tout le monde sait \u00e0 quelle vitesse un permis de conduire peut \u00eatre r\u00e9voqu\u00e9 en Allemagne. Que vous ayez utilis\u00e9 votre t\u00e9l\u00e9phone portable au volant, conduit en \u00e9tat d'ivresse ou simplement roul\u00e9 beaucoup trop vite, il y a de fortes chances que votre permis de conduire vous ait \u00e9t\u00e9 retir\u00e9. Obtenez facilement un nouveau permis de conduire sans l'ennuyeux test MPU. Nous sommes le meilleur service en ligne o\u00f9 vous pouvez acheter un permis de conduire allemand car nous sommes bien connect\u00e9s et nous savons comment les choses fonctionnent.<\/p>\n<h4>Livraison rapide, haute s\u00e9curit\u00e9, prix bas<\/h4>\n<p class=\"gt-block\">Avez-vous d\u00e9j\u00e0 pass\u00e9 un examen, mais vous n'arrivez pas \u00e0 le r\u00e9ussir m\u00eame apr\u00e8s plusieurs tentatives ? Chez nous, vous pouvez commander votre permis de conduire en ligne ! Le d\u00e9lai de livraison est de 3 \u00e0 5 jours ouvrables maximum, ce qui vous offre une solution imm\u00e9diate et facile.<\/p>\n<p class=\"gt-block\">Ne prenez aucun risque lorsque vous souhaitez acheter un permis de conduire. Nous traiterons vos informations de mani\u00e8re strictement confidentielle et anonyme. Afin de pouvoir garantir la s\u00e9curit\u00e9 de vos donn\u00e9es, nous utilisons les derni\u00e8res m\u00e9thodes de cryptage.<\/p>\n<p class=\"gt-block\">Vous n'avez pas \u00e0 payer votre permis de conduire imm\u00e9diatement, seulement apr\u00e8s qu'il ait \u00e9t\u00e9 enti\u00e8rement trait\u00e9. Votre satisfaction \u00e0 100% est extr\u00eamement importante pour nous ! Le co\u00fbt d\u00e9pend de la cat\u00e9gorie de permis souhait\u00e9e et des complications li\u00e9es au MPU et varie de 1500 \u00e0 XNUMX euros.<\/p>\n<p class=\"gt-block\">Nous sommes \u00e0 votre disposition pour toutes questions et explications et sommes joignables via WhatsApp ou le formulaire de contact sur notre site Web. Notre personnel est en ligne 24h\/24 et 7j\/7 et se fera un plaisir de vous fournir des informations suppl\u00e9mentaires pour faciliter votre achat.<\/p>\n<p>Permis de conduire allemand<\/p>","protected":false},"excerpt":{"rendered":"<p>Achetez un permis de conduire allemand original en ligne. Mod\u00e8le 2018. Valable 15 ans. En Allemagne, le permis de conduire \u00ab F\u00fchrerschein \u00bb est un document gouvernemental d\u00e9livr\u00e9 \u00e0 ceux qui demandent un permis pour l'une des cat\u00e9gories qu'ils d\u00e9sirent.<\/p>","protected":false},"featured_media":476,"comment_status":"closed","ping_status":"closed","template":"","meta":{"site-sidebar-layout":"default","site-content-layout":"","ast-site-content-layout":"default","site-content-style":"default","site-sidebar-style":"default","ast-global-header-display":"","ast-banner-title-visibility":"","ast-main-header-display":"","ast-hfb-above-header-display":"","ast-hfb-below-header-display":"","ast-hfb-mobile-header-display":"","site-post-title":"","ast-breadcrumbs-content":"","ast-featured-img":"","footer-sml-layout":"","theme-transparent-header-meta":"default","adv-header-id-meta":"","stick-header-meta":"","header-above-stick-meta":"","header-main-stick-meta":"","header-below-stick-meta":"","astra-migrate-meta-layouts":"set","ast-page-background-enabled":"default","ast-page-background-meta":{"desktop":{"background-color":"var(--ast-global-color-4)","background-image":"","background-repeat":"repeat","background-position":"center center","background-size":"auto","background-attachment":"scroll","background-type":"","background-media":"","overlay-type":"","overlay-color":"","overlay-opacity":"","overlay-gradient":""},"tablet":{"background-color":"","background-image":"","background-repeat":"repeat","background-position":"center center","background-size":"auto","background-attachment":"scroll","background-type":"","background-media":"","overlay-type":"","overlay-color":"","overlay-opacity":"","overlay-gradient":""},"mobile":{"background-color":"","background-image":"","background-repeat":"repeat","background-position":"center center","background-size":"auto","background-attachment":"scroll","background-type":"","background-media":"","overlay-type":"","overlay-color":"","overlay-opacity":"","overlay-gradient":""}},"ast-content-background-meta":{"desktop":{"background-color":"var(--ast-global-color-5)","background-image":"","background-repeat":"repeat","background-position":"center center","background-size":"auto","background-attachment":"scroll","background-type":"","background-media":"","overlay-type":"","overlay-color":"","overlay-opacity":"","overlay-gradient":""},"tablet":{"background-color":"var(--ast-global-color-5)","background-image":"","background-repeat":"repeat","background-position":"center center","background-size":"auto","background-attachment":"scroll","background-type":"","background-media":"","overlay-type":"","overlay-color":"","overlay-opacity":"","overlay-gradient":""},"mobile":{"background-color":"var(--ast-global-color-5)","background-image":"","background-repeat":"repeat","background-position":"center center","background-size":"auto","background-attachment":"scroll","background-type":"","background-media":"","overlay-type":"","overlay-color":"","overlay-opacity":"","overlay-gradient":""}}},"product_brand":[],"product_cat":[77],"product_tag":[81,82,149,228,142,135,85,137,139,141,147,154,173,96],"class_list":{"0":"post-432","1":"product","2":"type-product","3":"status-publish","4":"has-post-thumbnail","6":"product_cat-drivers-license","7":"product_tag-australian-drivers-license","8":"product_tag-buy-a-fake-california-driving-license-online","9":"product_tag-buy-documents-online","10":"product_tag-buy-german-drivers-license","11":"product_tag-buy-online-drivers-license","12":"product_tag-buy-real-driving-license","13":"product_tag-drivers-license","14":"product_tag-drivers-license-2025","15":"product_tag-drivers-license-near-me","16":"product_tag-drivers-license-online","17":"product_tag-drivers-license-prise","18":"product_tag-drivers-license-benefits","19":"product_tag-eu-driving-license","20":"product_tag-german-drivers-license","21":"desktop-align-left","22":"tablet-align-left","23":"mobile-align-left","25":"first","26":"instock","27":"purchasable","28":"product-type-simple"},"yoast_head":"<!-- This site is optimized with the Yoast SEO plugin v26.5 - https:\/\/yoast.com\/wordpress\/plugins\/seo\/ -->\n<title>German Drivers License Online | Glob Documents<\/title>\n<meta name=\"description\" content=\"Buy German Drivers License online at globdocuments.com with safe and fast worldwide delivery at the best price. Check the best deals on fake documents!\" \/>\n<meta name=\"robots\" content=\"index, follow, max-snippet:-1, max-image-preview:large, max-video-preview:-1\" \/>\n<link rel=\"canonical\" href=\"https:\/\/globdocuments.com\/fr\/product\/german-drivers-license\/\" \/>\n<meta property=\"og:locale\" content=\"fr_FR\" \/>\n<meta property=\"og:type\" content=\"article\" \/>\n<meta property=\"og:title\" content=\"German Drivers License Online | Glob Documents\" \/>\n<meta property=\"og:description\" content=\"Buy German Drivers License online at globdocuments.com with safe and fast worldwide delivery at the best price. Check the best deals on fake documents!\" \/>\n<meta property=\"og:url\" content=\"https:\/\/globdocuments.com\/fr\/product\/german-drivers-license\/\" \/>\n<meta property=\"article:modified_time\" content=\"2026-01-07T06:45:06+00:00\" \/>\n<meta property=\"og:image\" content=\"https:\/\/globdocuments.com\/wp-content\/uploads\/2022\/11\/german-dl.png\" \/>\n\t<meta property=\"og:image:width\" content=\"450\" \/>\n\t<meta property=\"og:image:height\" content=\"450\" \/>\n\t<meta property=\"og:image:type\" content=\"image\/png\" \/>\n<meta name=\"twitter:card\" content=\"summary_large_image\" \/>\n<meta name=\"twitter:label1\" content=\"Dur\u00e9e de lecture estim\u00e9e\" \/>\n\t<meta name=\"twitter:data1\" content=\"4 minutes\" \/>\n<script type=\"application\/ld+json\" class=\"yoast-schema-graph\">{\"@context\":\"https:\/\/schema.org\",\"@graph\":[{\"@type\":\"WebPage\",\"@id\":\"https:\/\/globdocuments.com\/el\/product\/german-drivers-license\/\",\"url\":\"https:\/\/globdocuments.com\/el\/product\/german-drivers-license\/\",\"name\":\"German Drivers License Online | Glob Documents\",\"isPartOf\":{\"@id\":\"https:\/\/globdocuments.com\/#website\"},\"primaryImageOfPage\":{\"@id\":\"https:\/\/globdocuments.com\/el\/product\/german-drivers-license\/#primaryimage\"},\"image\":{\"@id\":\"https:\/\/globdocuments.com\/el\/product\/german-drivers-license\/#primaryimage\"},\"thumbnailUrl\":\"https:\/\/globdocuments.com\/wp-content\/uploads\/2022\/11\/german-dl.png\",\"datePublished\":\"2022-11-03T07:17:57+00:00\",\"dateModified\":\"2026-01-07T06:45:06+00:00\",\"description\":\"Buy German Drivers License online at globdocuments.com with safe and fast worldwide delivery at the best price. Check the best deals on fake documents!\",\"breadcrumb\":{\"@id\":\"https:\/\/globdocuments.com\/el\/product\/german-drivers-license\/#breadcrumb\"},\"inLanguage\":\"fr-FR\",\"potentialAction\":[{\"@type\":\"ReadAction\",\"target\":[\"https:\/\/globdocuments.com\/el\/product\/german-drivers-license\/\"]}]},{\"@type\":\"ImageObject\",\"inLanguage\":\"fr-FR\",\"@id\":\"https:\/\/globdocuments.com\/el\/product\/german-drivers-license\/#primaryimage\",\"url\":\"https:\/\/globdocuments.com\/wp-content\/uploads\/2022\/11\/german-dl.png\",\"contentUrl\":\"https:\/\/globdocuments.com\/wp-content\/uploads\/2022\/11\/german-dl.png\",\"width\":450,\"height\":450,\"caption\":\"German Drivers License\"},{\"@type\":\"BreadcrumbList\",\"@id\":\"https:\/\/globdocuments.com\/el\/product\/german-drivers-license\/#breadcrumb\",\"itemListElement\":[{\"@type\":\"ListItem\",\"position\":1,\"name\":\"Shop\",\"item\":\"https:\/\/globdocuments.com\/shop\/\"},{\"@type\":\"ListItem\",\"position\":2,\"name\":\"German Drivers License\"}]},{\"@type\":\"WebSite\",\"@id\":\"https:\/\/globdocuments.com\/#website\",\"url\":\"https:\/\/globdocuments.com\/\",\"name\":\"\",\"description\":\"Buy real fake documents online\",\"potentialAction\":[{\"@type\":\"SearchAction\",\"target\":{\"@type\":\"EntryPoint\",\"urlTemplate\":\"https:\/\/globdocuments.com\/?s={search_term_string}\"},\"query-input\":{\"@type\":\"PropertyValueSpecification\",\"valueRequired\":true,\"valueName\":\"search_term_string\"}}],\"inLanguage\":\"fr-FR\"}]}<\/script>\n<!-- \/ Yoast SEO plugin. -->","yoast_head_json":{"title":"Permis de conduire allemand en ligne | Glob Documents","description":"Achetez un permis de conduire allemand en ligne sur globdocuments.com avec une livraison mondiale s\u00fbre et rapide au meilleur prix. D\u00e9couvrez les meilleures offres sur les faux documents !","robots":{"index":"index","follow":"follow","max-snippet":"max-snippet:-1","max-image-preview":"max-image-preview:large","max-video-preview":"max-video-preview:-1"},"canonical":"https:\/\/globdocuments.com\/fr\/product\/german-drivers-license\/","og_locale":"fr_FR","og_type":"article","og_title":"German Drivers License Online | Glob Documents","og_description":"Buy German Drivers License online at globdocuments.com with safe and fast worldwide delivery at the best price. Check the best deals on fake documents!","og_url":"https:\/\/globdocuments.com\/fr\/product\/german-drivers-license\/","article_modified_time":"2026-01-07T06:45:06+00:00","og_image":[{"width":450,"height":450,"url":"https:\/\/globdocuments.com\/wp-content\/uploads\/2022\/11\/german-dl.png","type":"image\/png"}],"twitter_card":"summary_large_image","twitter_misc":{"Dur\u00e9e de lecture estim\u00e9e":"4 minutes"},"schema":{"@context":"https:\/\/schema.org","@graph":[{"@type":"WebPage","@id":"https:\/\/globdocuments.com\/el\/product\/german-drivers-license\/","url":"https:\/\/globdocuments.com\/el\/product\/german-drivers-license\/","name":"Permis de conduire allemand en ligne | Glob Documents","isPartOf":{"@id":"https:\/\/globdocuments.com\/#website"},"primaryImageOfPage":{"@id":"https:\/\/globdocuments.com\/el\/product\/german-drivers-license\/#primaryimage"},"image":{"@id":"https:\/\/globdocuments.com\/el\/product\/german-drivers-license\/#primaryimage"},"thumbnailUrl":"https:\/\/globdocuments.com\/wp-content\/uploads\/2022\/11\/german-dl.png","datePublished":"2022-11-03T07:17:57+00:00","dateModified":"2026-01-07T06:45:06+00:00","description":"Achetez un permis de conduire allemand en ligne sur globdocuments.com avec une livraison mondiale s\u00fbre et rapide au meilleur prix. D\u00e9couvrez les meilleures offres sur les faux documents !","breadcrumb":{"@id":"https:\/\/globdocuments.com\/el\/product\/german-drivers-license\/#breadcrumb"},"inLanguage":"fr-FR","potentialAction":[{"@type":"ReadAction","target":["https:\/\/globdocuments.com\/el\/product\/german-drivers-license\/"]}]},{"@type":"ImageObject","inLanguage":"fr-FR","@id":"https:\/\/globdocuments.com\/el\/product\/german-drivers-license\/#primaryimage","url":"https:\/\/globdocuments.com\/wp-content\/uploads\/2022\/11\/german-dl.png","contentUrl":"https:\/\/globdocuments.com\/wp-content\/uploads\/2022\/11\/german-dl.png","width":450,"height":450,"caption":"German Drivers License"},{"@type":"BreadcrumbList","@id":"https:\/\/globdocuments.com\/el\/product\/german-drivers-license\/#breadcrumb","itemListElement":[{"@type":"ListItem","position":1,"name":"Shop","item":"https:\/\/globdocuments.com\/shop\/"},{"@type":"ListItem","position":2,"name":"German Drivers License"}]},{"@type":"WebSite","@id":"https:\/\/globdocuments.com\/#website","url":"https:\/\/globdocuments.com\/","name":"","description":"Acheter de vrais faux documents en ligne","potentialAction":[{"@type":"SearchAction","target":{"@type":"EntryPoint","urlTemplate":"https:\/\/globdocuments.com\/?s={search_term_string}"},"query-input":{"@type":"PropertyValueSpecification","valueRequired":true,"valueName":"search_term_string"}}],"inLanguage":"fr-FR"}]}},"_links":{"self":[{"href":"https:\/\/globdocuments.com\/fr\/wp-json\/wp\/v2\/product\/432","targetHints":{"allow":["GET"]}}],"collection":[{"href":"https:\/\/globdocuments.com\/fr\/wp-json\/wp\/v2\/product"}],"about":[{"href":"https:\/\/globdocuments.com\/fr\/wp-json\/wp\/v2\/types\/product"}],"replies":[{"embeddable":true,"href":"https:\/\/globdocuments.com\/fr\/wp-json\/wp\/v2\/comments?post=432"}],"wp:featuredmedia":[{"embeddable":true,"href":"https:\/\/globdocuments.com\/fr\/wp-json\/wp\/v2\/media\/476"}],"wp:attachment":[{"href":"https:\/\/globdocuments.com\/fr\/wp-json\/wp\/v2\/media?parent=432"}],"wp:term":[{"taxonomy":"product_brand","embeddable":true,"href":"https:\/\/globdocuments.com\/fr\/wp-json\/wp\/v2\/product_brand?post=432"},{"taxonomy":"product_cat","embeddable":true,"href":"https:\/\/globdocuments.com\/fr\/wp-json\/wp\/v2\/product_cat?post=432"},{"taxonomy":"product_tag","embeddable":true,"href":"https:\/\/globdocuments.com\/fr\/wp-json\/wp\/v2\/product_tag?post=432"}],"curies":[{"name":"wp","href":"https:\/\/api.w.org\/{rel}","templated":true}]}}