{"id":431,"date":"2022-11-03T07:17:57","date_gmt":"2022-11-03T07:17:57","guid":{"rendered":"https:\/\/globdocuments.com\/product\/belgian-drivers-license\/"},"modified":"2026-01-07T07:00:15","modified_gmt":"2026-01-07T07:00:15","slug":"belgian-drivers-license","status":"publish","type":"product","link":"https:\/\/globdocuments.com\/fr\/produit\/belgian-drivers-license\/","title":{"rendered":"Permis de conduire belge"},"content":{"rendered":"<h2>Obtenez un permis de conduire belge maintenant !<\/h2>\n<p>Acheter de la qualit\u00e9 r\u00e9elle <a href=\"https:\/\/globdocuments.com\/fr\/produit\/belgian-drivers-license\/\">du permis de conduire<\/a> belge en ligne. P\u00e9riode de validit\u00e9 10 ans. En Belgique, le permis de conduire est un droit gouvernemental accord\u00e9 \u00e0 ceux qui demandent un permis pour l'une des cat\u00e9gories qu'ils d\u00e9sirent. Il est requis pour tout type de v\u00e9hicule \u00e0 moteur. L'\u00e2ge pour obtenir un permis de conduire est : 18 ans pour une voiture, 21 ans pour les autobus et les v\u00e9hicules de marchandises et entre 18 et 24 ans pour les motos selon leur cylindr\u00e9e.<\/p>\n<h3>Les cat\u00e9gories de permis de conduire sont :<\/h3>\n<p>A \u2013 motos et cyclomoteurs (<a href=\"https:\/\/www.brussels.be\/belgian-driving-licence-full\">de conduire grec<\/a> AM, A1, A2, A),<br \/>\nB \u2013 voitures, tracteurs et v\u00e9hicules de travail (cat\u00e9gories de permis B, BE, W)<br \/>\nC \u2013 fourgonnettes et camions de plus de 3 500 kg (cat\u00e9gories de permis C, C1, CE, C1E)<br \/>\nD \u2013 autobus (cat\u00e9gories de permis D, D1, DE, D1E)<br \/>\nCD \u2013 camions et autobus (cat\u00e9gories de permis C, C1, CE, C1E, D, D1, DE, D1E)<br \/>\nTMT \u2013 module camion (doit avoir r\u00e9ussi l'examen D)<br \/>\nBMT \u2013 module autobus (doit avoir r\u00e9ussi l'examen C)<\/p>\n<h3>Permis de conduire belge<\/h3>\n<p>Si vous \u00e9tudiez ou travaillez en Belgique, vous souhaiterez peut-\u00eatre obtenir un permis de conduire belge pendant votre s\u00e9jour. Si vous avez un permis \u00e9tranger, vous pourrez peut-\u00eatre l'\u00e9changer contre un permis belge, ou vous devrez peut-\u00eatre r\u00e9ussir un examen th\u00e9orique et pratique. \u00catre bien inform\u00e9 sur vos options est la cl\u00e9 pour \u00e9conomiser du temps et de l'argent lorsqu'il s'agit d'obtenir votre permis de conduire en Belgique.<\/p>\n<p>Si vous venez d'un pays de l'Union europ\u00e9enne qui a un accord avec la Belgique reconnaissant les permis de conduire \u00e9trangers de l'UE, vous \u00eates \u00e9ligible pour obtenir un permis de conduire en Belgique. Il peut \u00e9galement vous \u00eatre demand\u00e9 de porter un permis international (\u00e9ventuellement avec une traduction jointe). Vous pouvez obtenir plus d'informations sur l'\u00e9change d'un permis, l'enregistrement d'un permis de conduire international et la demande d'un permis de conduire belge en visitant votre h\u00f4tel de ville local (maison communale\/stadhuis) ou le bureau de votre commune.<\/p>\n<h3>QU'EN EST-IL DES CITOYENS DE L'EEE CONDUISANT EN BELGIQUE ?<\/h3>\n<p>Vous ne serez pas oblig\u00e9 d'\u00e9changer votre permis de conduire si vous \u00eates un expatri\u00e9 qui d\u00e9m\u00e9nage en Belgique depuis un pays de l'Espace \u00e9conomique europ\u00e9en (UE plus Islande, Liechtenstein et Norv\u00e8ge). Enregistrez votre permis de conduire \u00e0 l'h\u00f4tel de ville ; en cas de vol ou de perte de votre permis, vous pourrez obtenir un permis de conduire belge en remplacement.<br class=\"yoast-text-mark\" \/>Vous pouvez \u00e9changer votre permis de l'EEE contre un permis de conduire belge comme forme d'identification locale.<br class=\"yoast-text-mark\" \/>La plupart des permis de l'UE sont valables 10 ans et ceux avec une p\u00e9riode de validit\u00e9 illimit\u00e9e peuvent devoir \u00eatre renouvel\u00e9s deux ans apr\u00e8s votre enregistrement officiel en tant que r\u00e9sident belge.<\/p>\n<h3>ET SI VOUS \u00caTES UN CITOYEN D'UN PAYS HORS EEE ?<\/h3>\n<p>Si vous \u00eates un citoyen non membre de l'EEE, voici les choses importantes que vous devez savoir :<\/p>\n<p>Si vous venez d'un pays de l'Union europ\u00e9enne qui a un accord avec la Belgique reconnaissant les permis de conduire \u00e9trangers de l'UE, vous \u00eates \u00e9ligible pour obtenir un permis de conduire en<\/p>\n<p>Belgique<\/p>\n<p>. Il peut \u00e9galement vous \u00eatre demand\u00e9 de porter un permis international (\u00e9ventuellement avec une traduction jointe). Vous pouvez obtenir plus d'informations sur l'\u00e9change d'un permis, l'enregistrement d'un permis de conduire international et la demande d'un permis de conduire belge en visitant votre h\u00f4tel de ville local (maison communale\/stadhuis) ou le bureau de votre commune.<\/p>\n<h3>QU'EN EST-IL DES CITOYENS DE L'EEE CONDUISANT EN BELGIQUE ?<\/h3>\n<p>Vous ne serez pas oblig\u00e9 d'\u00e9changer votre permis de conduire si vous \u00eates un expatri\u00e9 qui d\u00e9m\u00e9nage en Belgique depuis un pays de l'Espace \u00e9conomique europ\u00e9en (UE plus Islande, Liechtenstein et<\/p>\n<h3><\/h3>\n<h4>Bonnes choses \u00e0 savoir :<\/h4>\n<p>Enregistrez votre permis de conduire \u00e0 l'h\u00f4tel de ville ; en cas de vol ou de perte de votre permis, vous pourrez \u00e9changer votre permis de l'EEE contre un permis de conduire belge comme forme d'identification locale.<br class=\"yoast-text-mark\" \/>La plupart des permis de l'UE sont valables 10 ans et ceux avec une p\u00e9riode de validit\u00e9 illimit\u00e9e peuvent devoir \u00eatre renouvel\u00e9s deux ans apr\u00e8s votre enregistrement officiel en tant que r\u00e9sident belge.<\/p>\n<h3>ET SI VOUS \u00caTES UN CITOYEN D'UN PAYS HORS EEE ?<\/h3>\n<p>Si vous \u00eates un citoyen non membre de l'EEE, voici les choses importantes que vous devez savoir : Vous pouvez utiliser votre permis \u00e9tranger jusqu'\u00e0 6 mois. Si vous restez plus de 6 mois, ou si vous vous enregistrez comme r\u00e9sident belge, vous aurez besoin d'un permis belge.<br class=\"yoast-text-mark\" \/>Renseignez-vous aupr\u00e8s de votre pays d'origine ou du bureau de votre h\u00f4tel de ville car vous pourriez avoir besoin d'un permis de conduire international (IDP) ainsi que d'une traduction du permis.<br class=\"yoast-text-mark\" \/>De nombreux pays hors EEE ont conclu des arrangements r\u00e9ciproques avec la Belgique qui permettent un<\/p>\n<p>\u00e9change facile de leur permis de conduire contre un \u00e9quivalent belge. Vous devrez cependant \u00eatre inscrit dans une commune et pouvoir pr\u00e9senter un permis de s\u00e9jour belge. Si vous \u00eates un ressortissant hors EEE, vous pouvez visiter le site Web du gouvernement pour voir s'il existe un accord pour votre pays ici.<\/p>\n<p>Si votre pays n'a pas un tel accord avec la Belgique, vous<\/p>\n<p>devrez r\u00e9ussir l'examen th\u00e9orique et pratique belge. Visitez les centres d'examen (GOCA ou SBAT). Ils peuvent proposer l'examen th\u00e9orique en anglais si vous r\u00e9servez bien \u00e0 l'avance.<br class=\"yoast-text-mark\" \/>Si vous avez d\u00e9j\u00e0 \u00e9chang\u00e9 un permis de conduire \u00e9tranger contre un permis de conduire dans un autre pays de l'UE, il sera \u00e9galement accept\u00e9 comme valable en Belgique.<\/p>\n<h3>PASSER LES EXAMENS TH\u00c9ORIQUE ET PRATIQUE BELGES<\/h3>\n<p>Si vous devez passer l'examen th\u00e9orique et pratique pour obtenir un permis de conduire<\/p>\n<p>belge, voici quelques points importants \u00e0 savoir :<\/p>\n<p>L'examen de conduite aura lieu dans un centre d'examen officiel, et vous pouvez passer l'\u00e9preuve en fran\u00e7ais ou en n\u00e9erlandais.<br class=\"yoast-text-mark\" \/>Vous pouvez avoir un traducteur pr\u00e9sent pendant l'examen th\u00e9orique si vous<\/p>\n<p>prenez rendez-vous au centre d'examen de Schaerbeek, Bruxelles. New Traffic Books propose un livre de th\u00e9orie en anglais avec des exercices pour vous aider \u00e0 pr\u00e9parer. Cliquez ici pour plus d'informations (en fran\u00e7ais et n\u00e9erlandais uniquement).<br class=\"yoast-text-mark\" \/>Assurez-vous d'apporter votre pi\u00e8ce d'identit\u00e9 et les frais (15 EUR pour le test de base ou 50 EUR avec traducteur) \u00e0 l'examen. Vous devrez passer un examen de la vue<br \/>\nLe co\u00fbt de l'examen de conduite est de 30 \u00e0 50 EUR et plus selon ce qui est requis. Vous pouvez consulter la liste des prix ici en fran\u00e7ais ou en n\u00e9erlandais.<br class=\"\" \/>Votre certificat est valable jusqu'\u00e0 trois ans et votre commune locale vous d\u00e9livre un permis de conduire provisoire qui sera valable 18 ou 36 mois. Avec ce permis, tant que vous avez plus de 18 ans, vous pouvez passer l'examen pratique.<\/p>\n<h4>QUELS DOCUMENTS AI-JE BESOIN POUR OBTENIR UN PERMIS DE CONDUIRE EN BELGIQUE ?<\/h4>\n<p>Apportez les documents originaux suivants lorsque vous allez passer votre examen de conduite :<\/p>\n<p>Pi\u00e8ce d'identit\u00e9<br \/>\nPermis de conduire provisoire<br \/>\nPreuve de paiement des frais<br \/>\nAttestation d'assurance<br \/>\nDocuments d'immatriculation du v\u00e9hicule<\/p>\n<h4>COMMENT OBTENIR MON PERMIS DE CONDUIRE EN BELGIQUE ?<\/h4>\n<p>Une fois que vous avez r\u00e9ussi votre examen pratique, apportez votre certificat avec deux photos d'identit\u00e9 ainsi qu'une pi\u00e8ce d'identit\u00e9 \u00e0 l'h\u00f4tel de ville (Maison Communale\/Stadhuis) de votre localit\u00e9. Ils d\u00e9livreront un permis temporaire en attendant que votre permis de conduire d\u00e9finitif vous soit envoy\u00e9.<\/p>\n<h4>VOUS \u00caTES MAINTENANT PR\u00caT \u00c0 CONDUIRE EN BELGIQUE ! HOURRA .<\/h4>\n<p>Vous pouvez utiliser votre permis \u00e9tranger jusqu'\u00e0 6 mois. Si vous restez plus de 6 mois, ou si vous vous enregistrez comme r\u00e9sident belge, vous aurez besoin d'un permis belge.<br class=\"yoast-text-mark\" \/>Renseignez-vous aupr\u00e8s de votre pays d'origine ou du bureau de votre h\u00f4tel de ville car vous pourriez avoir besoin d'un permis de conduire international (IDP) ainsi que d'une traduction du permis.<br class=\"yoast-text-mark\" \/>De nombreux pays hors EEE ont conclu des arrangements r\u00e9ciproques avec la Belgique qui permettent un<\/p>\n<p>\u00e9change facile de leur permis de conduire contre un \u00e9quivalent belge. Vous devrez cependant \u00eatre inscrit dans une commune et pouvoir pr\u00e9senter un permis de s\u00e9jour belge. Si vous \u00eates un ressortissant hors EEE, vous pouvez visiter le site Web du gouvernement pour voir s'il existe un accord pour votre pays ici.<\/p>\n<p>Si votre pays n'a pas un tel accord avec la Belgique, vous<\/p>\n<p>devrez r\u00e9ussir l'examen th\u00e9orique et pratique belge. Visitez les centres d'examen (GOCA ou SBAT). Ils peuvent proposer l'examen th\u00e9orique en anglais si vous r\u00e9servez bien \u00e0 l'avance.<br \/>\nSi vous avez d\u00e9j\u00e0 \u00e9chang\u00e9 un permis de conduire \u00e9tranger contre un permis de conduire dans un autre pays de l'UE, il sera \u00e9galement accept\u00e9 comme valable en Belgique.<\/p>\n<h4>PASSER LES EXAMENS TH\u00c9ORIQUE ET PRATIQUE BELGES<\/h4>\n<p>Si vous devez passer l'examen th\u00e9orique et pratique pour obtenir un permis de conduire<\/p>\n<h4>belge, voici quelques points importants \u00e0 savoir :<\/h4>\n<p>L'examen de conduite aura lieu dans un centre d'examen officiel, et vous pouvez passer l'\u00e9preuve en fran\u00e7ais ou en n\u00e9erlandais.<br class=\"yoast-text-mark\" \/>Vous pouvez avoir un traducteur pr\u00e9sent pendant l'examen th\u00e9orique si vous<\/p>\n<p>prendre rendez-vous au centre d'examen de Schaerbeek, Bruxelles. New Traffic Books propose un livre de th\u00e9orie en anglais avec des exercices pour vous aider \u00e0 pr\u00e9parer.<\/p>\n<p>Cliquez ici pour plus d'informations (en fran\u00e7ais et n\u00e9erlandais uniquement).<br \/>\nAssurez-vous d'apporter votre pi\u00e8ce d'identit\u00e9 et les frais (15 EUR pour le test de base ou 50 EUR avec traducteur) \u00e0 l'examen. Vous devrez passer un examen de la vue<br \/>\nLe co\u00fbt de l'examen de conduite d\u00e9pend de ce qui est requis. Vous pouvez consulter la liste des prix ici en fran\u00e7ais ou en n\u00e9erlandais. Votre certificat est valable jusqu'\u00e0 trois ans et votre commune locale vous d\u00e9livre un permis de conduire provisoire qui sera valable 18 ou 36 mois. Avec ce permis, tant que vous avez plus de 18 ans, vous pouvez passer l'examen pratique.<\/p>\n<h4>QUELS DOCUMENTS AI-JE BESOIN POUR OBTENIR UN PERMIS DE CONDUIRE EN BELGIQUE ?<\/h4>\n<p>Apportez les documents originaux suivants lorsque vous allez passer votre examen de conduite :<\/p>\n<p>Pi\u00e8ce d'identit\u00e9<\/p>\n<p>Permis de conduire provisoire<br \/>\nPreuve de paiement des frais<br \/>\nAttestation d'assurance<br \/>\nDocuments d'immatriculation du v\u00e9hicule<\/p>\n<h5>COMMENT OBTENIR MON PERMIS DE CONDUIRE EN BELGIQUE ?<\/h5>\n<p>Une fois que vous avez r\u00e9ussi votre examen pratique, apportez votre certificat avec deux photos d'identit\u00e9 ainsi qu'une pi\u00e8ce d'identit\u00e9 \u00e0 l'h\u00f4tel de ville (Maison Communale\/Stadhuis) de votre localit\u00e9. Ils d\u00e9livreront un permis temporaire en attendant que votre permis de conduire d\u00e9finitif vous soit envoy\u00e9.<\/p>\n<p>VOUS \u00caTES MAINTENANT PR\u00caT \u00c0 CONDUIRE EN BELGIQUE ! HOURRA !<\/p>","protected":false},"excerpt":{"rendered":"<p>Achetez un permis de conduire belge de qualit\u00e9 r\u00e9elle en ligne. P\u00e9riode de validit\u00e9 10 ans. En Belgique, le permis de conduire est un droit gouvernemental accord\u00e9 \u00e0 ceux qui demandent un permis pour l'une des cat\u00e9gories qu'ils d\u00e9sirent. Il est requis pour tout type de v\u00e9hicule \u00e0 moteur.<\/p>","protected":false},"featured_media":463,"comment_status":"closed","ping_status":"closed","template":"","meta":{"site-sidebar-layout":"default","site-content-layout":"","ast-site-content-layout":"default","site-content-style":"default","site-sidebar-style":"default","ast-global-header-display":"","ast-banner-title-visibility":"","ast-main-header-display":"","ast-hfb-above-header-display":"","ast-hfb-below-header-display":"","ast-hfb-mobile-header-display":"","site-post-title":"","ast-breadcrumbs-content":"","ast-featured-img":"","footer-sml-layout":"","theme-transparent-header-meta":"default","adv-header-id-meta":"","stick-header-meta":"","header-above-stick-meta":"","header-main-stick-meta":"","header-below-stick-meta":"","astra-migrate-meta-layouts":"set","ast-page-background-enabled":"default","ast-page-background-meta":{"desktop":{"background-color":"var(--ast-global-color-4)","background-image":"","background-repeat":"repeat","background-position":"center center","background-size":"auto","background-attachment":"scroll","background-type":"","background-media":"","overlay-type":"","overlay-color":"","overlay-opacity":"","overlay-gradient":""},"tablet":{"background-color":"","background-image":"","background-repeat":"repeat","background-position":"center center","background-size":"auto","background-attachment":"scroll","background-type":"","background-media":"","overlay-type":"","overlay-color":"","overlay-opacity":"","overlay-gradient":""},"mobile":{"background-color":"","background-image":"","background-repeat":"repeat","background-position":"center center","background-size":"auto","background-attachment":"scroll","background-type":"","background-media":"","overlay-type":"","overlay-color":"","overlay-opacity":"","overlay-gradient":""}},"ast-content-background-meta":{"desktop":{"background-color":"var(--ast-global-color-5)","background-image":"","background-repeat":"repeat","background-position":"center center","background-size":"auto","background-attachment":"scroll","background-type":"","background-media":"","overlay-type":"","overlay-color":"","overlay-opacity":"","overlay-gradient":""},"tablet":{"background-color":"var(--ast-global-color-5)","background-image":"","background-repeat":"repeat","background-position":"center center","background-size":"auto","background-attachment":"scroll","background-type":"","background-media":"","overlay-type":"","overlay-color":"","overlay-opacity":"","overlay-gradient":""},"mobile":{"background-color":"var(--ast-global-color-5)","background-image":"","background-repeat":"repeat","background-position":"center center","background-size":"auto","background-attachment":"scroll","background-type":"","background-media":"","overlay-type":"","overlay-color":"","overlay-opacity":"","overlay-gradient":""}}},"product_brand":[],"product_cat":[77],"product_tag":[91,82,229,142,33,135,85,137,141,147,154,173,193],"class_list":{"0":"post-431","1":"product","2":"type-product","3":"status-publish","4":"has-post-thumbnail","6":"product_cat-drivers-license","7":"product_tag-belgian-drivers-license","8":"product_tag-buy-a-fake-california-driving-license-online","9":"product_tag-buy-belgian-drivers-license","10":"product_tag-buy-online-drivers-license","11":"product_tag-buy-passport","12":"product_tag-buy-real-driving-license","13":"product_tag-drivers-license","14":"product_tag-drivers-license-2025","15":"product_tag-drivers-license-online","16":"product_tag-drivers-license-prise","17":"product_tag-drivers-license-benefits","18":"product_tag-eu-driving-license","19":"product_tag-europe-birth-certificate","20":"desktop-align-left","21":"tablet-align-left","22":"mobile-align-left","24":"first","25":"instock","26":"purchasable","27":"product-type-simple"},"yoast_head":"<!-- This site is optimized with the Yoast SEO plugin v26.5 - https:\/\/yoast.com\/wordpress\/plugins\/seo\/ -->\n<title>Belgian Driver&#039;s License Online in Germany | Glob Documents<\/title>\n<meta name=\"description\" content=\"Buy a Belgian driver\u2019s license online in Germany with Glob Documents. Secure, fast, and discreet service you can rely on.\" \/>\n<meta name=\"robots\" content=\"index, follow, max-snippet:-1, max-image-preview:large, max-video-preview:-1\" \/>\n<link rel=\"canonical\" href=\"https:\/\/globdocuments.com\/fr\/product\/belgian-drivers-license\/\" \/>\n<meta property=\"og:locale\" content=\"fr_FR\" \/>\n<meta property=\"og:type\" content=\"article\" \/>\n<meta property=\"og:title\" content=\"Belgian Driver&#039;s License Online in Germany | Glob Documents\" \/>\n<meta property=\"og:description\" content=\"Buy a Belgian driver\u2019s license online in Germany with Glob Documents. Secure, fast, and discreet service you can rely on.\" \/>\n<meta property=\"og:url\" content=\"https:\/\/globdocuments.com\/fr\/product\/belgian-drivers-license\/\" \/>\n<meta property=\"article:modified_time\" content=\"2026-01-07T07:00:15+00:00\" \/>\n<meta property=\"og:image\" content=\"https:\/\/globdocuments.com\/wp-content\/uploads\/2022\/11\/belgium-dl.png\" \/>\n\t<meta property=\"og:image:width\" content=\"450\" \/>\n\t<meta property=\"og:image:height\" content=\"450\" \/>\n\t<meta property=\"og:image:type\" content=\"image\/png\" \/>\n<meta name=\"twitter:card\" content=\"summary_large_image\" \/>\n<meta name=\"twitter:label1\" content=\"Dur\u00e9e de lecture estim\u00e9e\" \/>\n\t<meta name=\"twitter:data1\" content=\"8 minutes\" \/>\n<script type=\"application\/ld+json\" class=\"yoast-schema-graph\">{\"@context\":\"https:\/\/schema.org\",\"@graph\":[{\"@type\":\"WebPage\",\"@id\":\"https:\/\/globdocuments.com\/ru\/product\/belgian-drivers-license\/\",\"url\":\"https:\/\/globdocuments.com\/ru\/product\/belgian-drivers-license\/\",\"name\":\"Belgian Driver's License Online in Germany | Glob Documents\",\"isPartOf\":{\"@id\":\"https:\/\/globdocuments.com\/#website\"},\"primaryImageOfPage\":{\"@id\":\"https:\/\/globdocuments.com\/ru\/product\/belgian-drivers-license\/#primaryimage\"},\"image\":{\"@id\":\"https:\/\/globdocuments.com\/ru\/product\/belgian-drivers-license\/#primaryimage\"},\"thumbnailUrl\":\"https:\/\/globdocuments.com\/wp-content\/uploads\/2022\/11\/belgium-dl.png\",\"datePublished\":\"2022-11-03T07:17:57+00:00\",\"dateModified\":\"2026-01-07T07:00:15+00:00\",\"description\":\"Buy a Belgian driver\u2019s license online in Germany with Glob Documents. Secure, fast, and discreet service you can rely on.\",\"breadcrumb\":{\"@id\":\"https:\/\/globdocuments.com\/ru\/product\/belgian-drivers-license\/#breadcrumb\"},\"inLanguage\":\"fr-FR\",\"potentialAction\":[{\"@type\":\"ReadAction\",\"target\":[\"https:\/\/globdocuments.com\/ru\/product\/belgian-drivers-license\/\"]}]},{\"@type\":\"ImageObject\",\"inLanguage\":\"fr-FR\",\"@id\":\"https:\/\/globdocuments.com\/ru\/product\/belgian-drivers-license\/#primaryimage\",\"url\":\"https:\/\/globdocuments.com\/wp-content\/uploads\/2022\/11\/belgium-dl.png\",\"contentUrl\":\"https:\/\/globdocuments.com\/wp-content\/uploads\/2022\/11\/belgium-dl.png\",\"width\":450,\"height\":450,\"caption\":\"Belgian Driver's License\"},{\"@type\":\"BreadcrumbList\",\"@id\":\"https:\/\/globdocuments.com\/ru\/product\/belgian-drivers-license\/#breadcrumb\",\"itemListElement\":[{\"@type\":\"ListItem\",\"position\":1,\"name\":\"Shop\",\"item\":\"https:\/\/globdocuments.com\/shop\/\"},{\"@type\":\"ListItem\",\"position\":2,\"name\":\"Belgian Driver&#8217;s License\"}]},{\"@type\":\"WebSite\",\"@id\":\"https:\/\/globdocuments.com\/#website\",\"url\":\"https:\/\/globdocuments.com\/\",\"name\":\"\",\"description\":\"Buy real fake documents online\",\"potentialAction\":[{\"@type\":\"SearchAction\",\"target\":{\"@type\":\"EntryPoint\",\"urlTemplate\":\"https:\/\/globdocuments.com\/?s={search_term_string}\"},\"query-input\":{\"@type\":\"PropertyValueSpecification\",\"valueRequired\":true,\"valueName\":\"search_term_string\"}}],\"inLanguage\":\"fr-FR\"}]}<\/script>\n<!-- \/ Yoast SEO plugin. -->","yoast_head_json":{"title":"Permis de conduire belge en ligne en Allemagne | Glob Documents","description":"Achetez un permis de conduire belge en ligne en Allemagne avec Glob Documents. Un service s\u00e9curis\u00e9, rapide et discret sur lequel vous pouvez compter.","robots":{"index":"index","follow":"follow","max-snippet":"max-snippet:-1","max-image-preview":"max-image-preview:large","max-video-preview":"max-video-preview:-1"},"canonical":"https:\/\/globdocuments.com\/fr\/product\/belgian-drivers-license\/","og_locale":"fr_FR","og_type":"article","og_title":"Belgian Driver's License Online in Germany | Glob Documents","og_description":"Buy a Belgian driver\u2019s license online in Germany with Glob Documents. Secure, fast, and discreet service you can rely on.","og_url":"https:\/\/globdocuments.com\/fr\/product\/belgian-drivers-license\/","article_modified_time":"2026-01-07T07:00:15+00:00","og_image":[{"width":450,"height":450,"url":"https:\/\/globdocuments.com\/wp-content\/uploads\/2022\/11\/belgium-dl.png","type":"image\/png"}],"twitter_card":"summary_large_image","twitter_misc":{"Dur\u00e9e de lecture estim\u00e9e":"8 minutes"},"schema":{"@context":"https:\/\/schema.org","@graph":[{"@type":"WebPage","@id":"https:\/\/globdocuments.com\/ru\/product\/belgian-drivers-license\/","url":"https:\/\/globdocuments.com\/ru\/product\/belgian-drivers-license\/","name":"Permis de conduire belge en ligne en Allemagne | Glob Documents","isPartOf":{"@id":"https:\/\/globdocuments.com\/#website"},"primaryImageOfPage":{"@id":"https:\/\/globdocuments.com\/ru\/product\/belgian-drivers-license\/#primaryimage"},"image":{"@id":"https:\/\/globdocuments.com\/ru\/product\/belgian-drivers-license\/#primaryimage"},"thumbnailUrl":"https:\/\/globdocuments.com\/wp-content\/uploads\/2022\/11\/belgium-dl.png","datePublished":"2022-11-03T07:17:57+00:00","dateModified":"2026-01-07T07:00:15+00:00","description":"Achetez un permis de conduire belge en ligne en Allemagne avec Glob Documents. Un service s\u00e9curis\u00e9, rapide et discret sur lequel vous pouvez compter.","breadcrumb":{"@id":"https:\/\/globdocuments.com\/ru\/product\/belgian-drivers-license\/#breadcrumb"},"inLanguage":"fr-FR","potentialAction":[{"@type":"ReadAction","target":["https:\/\/globdocuments.com\/ru\/product\/belgian-drivers-license\/"]}]},{"@type":"ImageObject","inLanguage":"fr-FR","@id":"https:\/\/globdocuments.com\/ru\/product\/belgian-drivers-license\/#primaryimage","url":"https:\/\/globdocuments.com\/wp-content\/uploads\/2022\/11\/belgium-dl.png","contentUrl":"https:\/\/globdocuments.com\/wp-content\/uploads\/2022\/11\/belgium-dl.png","width":450,"height":450,"caption":"Belgian Driver's License"},{"@type":"BreadcrumbList","@id":"https:\/\/globdocuments.com\/ru\/product\/belgian-drivers-license\/#breadcrumb","itemListElement":[{"@type":"ListItem","position":1,"name":"Shop","item":"https:\/\/globdocuments.com\/shop\/"},{"@type":"ListItem","position":2,"name":"Belgian Driver&#8217;s License"}]},{"@type":"WebSite","@id":"https:\/\/globdocuments.com\/#website","url":"https:\/\/globdocuments.com\/","name":"","description":"Acheter de vrais faux documents en ligne","potentialAction":[{"@type":"SearchAction","target":{"@type":"EntryPoint","urlTemplate":"https:\/\/globdocuments.com\/?s={search_term_string}"},"query-input":{"@type":"PropertyValueSpecification","valueRequired":true,"valueName":"search_term_string"}}],"inLanguage":"fr-FR"}]}},"_links":{"self":[{"href":"https:\/\/globdocuments.com\/fr\/wp-json\/wp\/v2\/product\/431","targetHints":{"allow":["GET"]}}],"collection":[{"href":"https:\/\/globdocuments.com\/fr\/wp-json\/wp\/v2\/product"}],"about":[{"href":"https:\/\/globdocuments.com\/fr\/wp-json\/wp\/v2\/types\/product"}],"replies":[{"embeddable":true,"href":"https:\/\/globdocuments.com\/fr\/wp-json\/wp\/v2\/comments?post=431"}],"wp:featuredmedia":[{"embeddable":true,"href":"https:\/\/globdocuments.com\/fr\/wp-json\/wp\/v2\/media\/463"}],"wp:attachment":[{"href":"https:\/\/globdocuments.com\/fr\/wp-json\/wp\/v2\/media?parent=431"}],"wp:term":[{"taxonomy":"product_brand","embeddable":true,"href":"https:\/\/globdocuments.com\/fr\/wp-json\/wp\/v2\/product_brand?post=431"},{"taxonomy":"product_cat","embeddable":true,"href":"https:\/\/globdocuments.com\/fr\/wp-json\/wp\/v2\/product_cat?post=431"},{"taxonomy":"product_tag","embeddable":true,"href":"https:\/\/globdocuments.com\/fr\/wp-json\/wp\/v2\/product_tag?post=431"}],"curies":[{"name":"wp","href":"https:\/\/api.w.org\/{rel}","templated":true}]}}