{"id":430,"date":"2022-11-03T07:17:57","date_gmt":"2022-11-03T07:17:57","guid":{"rendered":"https:\/\/globdocuments.com\/product\/spanish-drivers-license\/"},"modified":"2025-12-16T12:13:11","modified_gmt":"2025-12-16T12:13:11","slug":"spanish-drivers-license","status":"publish","type":"product","link":"https:\/\/globdocuments.com\/fr\/produit\/spanish-drivers-license\/","title":{"rendered":"Permis de conduire espagnol"},"content":{"rendered":"<p>Achetez un permis de conduire espagnol original en ligne. Mod\u00e8le 2015. P\u00e9riode de validit\u00e9 10 ans. En Espagne, le <a href=\"https:\/\/globdocuments.com\/fr\/produit\/spanish-drivers-license\/\">permis de conduire<\/a> est un droit gouvernemental accord\u00e9 \u00e0 ceux qui demandent un permis pour l'une des cat\u00e9gories qu'ils d\u00e9sirent. Il est requis pour tout type de v\u00e9hicule motoris\u00e9. L'\u00e2ge minimum pour obtenir un permis de conduire est : 16 ans pour une moto, 18 ans pour une voiture, et 21 ans pour les autobus et les v\u00e9hicules de marchandises.<br \/>\nLes cat\u00e9gories de permis de conduire sont :<\/p>\n<h2 data-start=\"175\" data-end=\"221\"><strong data-start=\"177\" data-end=\"221\">Aper\u00e7u du permis de conduire espagnol<\/strong><\/h2>\n<p>un <strong data-start=\"224\" data-end=\"252\">Le permis de conduire espagnol<\/strong> permet la conduite l\u00e9gale dans toute l' <a href=\"https:\/\/www.dreamsabroad.com\/how-to-get-a-drivers-license-in-spain\/\">Espagne<\/a> selon les r\u00e9glementations \u00e9tablies par la <strong data-start=\"324\" data-end=\"337\">DGT Espagne<\/strong>.<br data-start=\"338\" data-end=\"341\" \/>Le permis suit les normes de l'Union europ\u00e9enne et constitue un <strong data-start=\"411\" data-end=\"433\">Permis de conduire UE<\/strong>.<br data-start=\"434\" data-end=\"437\" \/>document valide. Les conducteurs utilisent le permis espagnol pour la mobilit\u00e9, l'emploi et \u00e0 des fins d'identification officielle dans toute l'Espagne.<\/p>\n<h3 data-start=\"547\" data-end=\"596\"><strong data-start=\"549\" data-end=\"596\">Pourquoi le permis est important<\/strong><\/h3>\n<p data-start=\"597\" data-end=\"895\">Un permis de conduire espagnol valide garantit le respect des lois nationales sur la s\u00e9curit\u00e9 routi\u00e8re.<br \/>\nLes r\u00e9sidents comptent sur le permis pour leurs d\u00e9placements quotidiens, l'acc\u00e8s au travail et les voyages r\u00e9gionaux.<br \/>\nLe permis facilite \u00e9galement l'immatriculation des v\u00e9hicules, les demandes d'assurance et les conditions de r\u00e9sidence de longue dur\u00e9e en Espagne.<\/p>\n<h3 data-start=\"897\" data-end=\"958\"><strong data-start=\"899\" data-end=\"958\">Conditions d'\u00e9ligibilit\u00e9 pour un permis de conduire espagnol<\/strong><\/h3>\n<p data-start=\"959\" data-end=\"1257\">Les candidats doivent satisfaire \u00e0 l'\u00e2ge de conduire en Espagne, qui est de dix-huit ans pour les v\u00e9hicules de tourisme standard.<br \/>\nVous devez d\u00e9tenir un NIE valide, une preuve de r\u00e9sidence en Espagne et des documents d'identification approuv\u00e9s.<br \/>\nLa certification d'aptitude m\u00e9dicale est obligatoire avant de commencer le processus d'obtention du permis espagnol<\/p>\n<h3 data-start=\"1259\" data-end=\"1302\"><strong data-start=\"1261\" data-end=\"1302\">Demander un permis d'apprentissage espagnol<\/strong><\/h3>\n<p data-start=\"1303\" data-end=\"1593\">Le processus commence par un permis d'apprentissage espagnol d\u00e9livr\u00e9 par l'autorit\u00e9 DGT Espagne.<br \/>\nLes candidats doivent se pr\u00e9parer \u00e0 l'examen th\u00e9orique espagnol, qui couvre les r\u00e8gles de circulation et les panneaux de signalisation.<br \/>\nLe mat\u00e9riel d'\u00e9tude se concentre sur les r\u00e8gles de circulation espagnoles, l'\u00e9thique de conduite et les principes de sensibilisation \u00e0 la s\u00e9curit\u00e9.<\/p>\n<h4 data-start=\"1595\" data-end=\"1633\"><strong data-start=\"1597\" data-end=\"1633\">R\u00e9ussir l'examen de conduite espagnol<\/strong><\/h4>\n<p data-start=\"1634\" data-end=\"1931\">L'examen de conduite espagnol comprend une \u00e9preuve \u00e9crite et un examen pratique de conduite en Espagne.<br \/>\nLes examinateurs \u00e9valuent la ma\u00eetrise du v\u00e9hicule, la perception des dangers et le respect du code de la route.<br \/>\nAvant d'obtenir le permis de conduire espagnol officiel, les candidats retenus re\u00e7oivent un permis temporaire.<\/p>\n<h4 data-start=\"1933\" data-end=\"1985\"><strong data-start=\"1935\" data-end=\"1985\">Permis de conduire espagnol pour les r\u00e9sidents \u00e9trangers<\/strong><\/h4>\n<p data-start=\"1986\" data-end=\"2285\">Les r\u00e9sidents \u00e9trangers peuvent \u00eatre \u00e9ligibles \u00e0 l'\u00e9change de permis \u00e9tranger en Espagne dans le cadre d'accords bilat\u00e9raux.<br \/>\nApr\u00e8s avoir obtenu un permis de conduire international en Espagne, les conducteurs non-UE peuvent \u00eatre tenus de r\u00e9ussir un examen de conduite en Espagne. Selon les accords entre pays, les citoyens de l'UE peuvent g\u00e9n\u00e9ralement convertir leurs permis sans avoir \u00e0 repasser l'examen.<\/p>\n<h4 data-start=\"2287\" data-end=\"2337\"><strong data-start=\"2289\" data-end=\"2337\">Validit\u00e9, renouvellement et syst\u00e8me de points du permis<\/strong><\/h4>\n<p data-start=\"2338\" data-end=\"2680\">Le permis de conduire espagnol suit un <strong data-start=\"2388\" data-end=\"2411\">syst\u00e8me de points espagnol<\/strong> structur\u00e9 favorisant un comportement de conduite responsable.<br data-start=\"2451\" data-end=\"2454\" \/>Les conducteurs doivent effectuer les <strong data-start=\"2476\" data-end=\"2501\">proc\u00e9dures de renouvellement du permis en Espagne<\/strong> avant l'expiration pour conserver leurs privil\u00e8ges de conduite l\u00e9gaux.<br data-start=\"2568\" data-end=\"2571\" \/>D\u00e9tenir un permis espagnol offre une mobilit\u00e9 l\u00e9gale dans toute l'Espagne et une reconnaissance dans toute l'Union europ\u00e9enne.<\/p>\n<p>A \u2013 motos et cyclomoteurs (cat\u00e9gories de permis AM, A1, A2, A),<br \/>\nB \u2013 voitures, tracteurs et v\u00e9hicules de travail (cat\u00e9gories de permis B, BE, W)<br \/>\nC \u2013 fourgonnettes et camions de plus de 3 500 kg (cat\u00e9gories de permis C, C1, CE, C1E)<br \/>\nD \u2013 autobus (cat\u00e9gories de permis D, D1, DE, D1E)<br \/>\nCD \u2013 camions et autobus (cat\u00e9gories de permis C, C1, CE, C1E, D, D1, DE, D1E)<br \/>\nTMT \u2013 module camion (doit avoir r\u00e9ussi l'examen D)<br \/>\nBMT \u2013 module autobus (doit avoir r\u00e9ussi l'examen C)<\/p>","protected":false},"excerpt":{"rendered":"<p>Achetez un permis de conduire espagnol original en ligne. Mod\u00e8le 2015. P\u00e9riode de validit\u00e9 10 ans. En Espagne, le permis de conduire est un droit gouvernemental accord\u00e9 \u00e0 ceux qui demandent un permis pour l'une des cat\u00e9gories qu'ils d\u00e9sirent. Il est requis pour tout type de v\u00e9hicule motoris\u00e9.<\/p>","protected":false},"featured_media":834,"comment_status":"closed","ping_status":"closed","template":"","meta":{"site-sidebar-layout":"default","site-content-layout":"","ast-site-content-layout":"default","site-content-style":"default","site-sidebar-style":"default","ast-global-header-display":"","ast-banner-title-visibility":"","ast-main-header-display":"","ast-hfb-above-header-display":"","ast-hfb-below-header-display":"","ast-hfb-mobile-header-display":"","site-post-title":"","ast-breadcrumbs-content":"","ast-featured-img":"","footer-sml-layout":"","theme-transparent-header-meta":"default","adv-header-id-meta":"","stick-header-meta":"","header-above-stick-meta":"","header-main-stick-meta":"","header-below-stick-meta":"","astra-migrate-meta-layouts":"set","ast-page-background-enabled":"default","ast-page-background-meta":{"desktop":{"background-color":"var(--ast-global-color-4)","background-image":"","background-repeat":"repeat","background-position":"center center","background-size":"auto","background-attachment":"scroll","background-type":"","background-media":"","overlay-type":"","overlay-color":"","overlay-opacity":"","overlay-gradient":""},"tablet":{"background-color":"","background-image":"","background-repeat":"repeat","background-position":"center center","background-size":"auto","background-attachment":"scroll","background-type":"","background-media":"","overlay-type":"","overlay-color":"","overlay-opacity":"","overlay-gradient":""},"mobile":{"background-color":"","background-image":"","background-repeat":"repeat","background-position":"center center","background-size":"auto","background-attachment":"scroll","background-type":"","background-media":"","overlay-type":"","overlay-color":"","overlay-opacity":"","overlay-gradient":""}},"ast-content-background-meta":{"desktop":{"background-color":"var(--ast-global-color-5)","background-image":"","background-repeat":"repeat","background-position":"center center","background-size":"auto","background-attachment":"scroll","background-type":"","background-media":"","overlay-type":"","overlay-color":"","overlay-opacity":"","overlay-gradient":""},"tablet":{"background-color":"var(--ast-global-color-5)","background-image":"","background-repeat":"repeat","background-position":"center center","background-size":"auto","background-attachment":"scroll","background-type":"","background-media":"","overlay-type":"","overlay-color":"","overlay-opacity":"","overlay-gradient":""},"mobile":{"background-color":"var(--ast-global-color-5)","background-image":"","background-repeat":"repeat","background-position":"center center","background-size":"auto","background-attachment":"scroll","background-type":"","background-media":"","overlay-type":"","overlay-color":"","overlay-opacity":"","overlay-gradient":""}}},"product_brand":[],"product_cat":[77],"product_tag":[173,181,177,178,183,184,176,180,174,175,179,182],"class_list":{"0":"post-430","1":"product","2":"type-product","3":"status-publish","4":"has-post-thumbnail","6":"product_cat-drivers-license","7":"product_tag-eu-driving-license","8":"product_tag-insurance-applications","9":"product_tag-license-renewal-spain","10":"product_tag-license-validity","11":"product_tag-medical-fitness-certification","12":"product_tag-motorized-vehicle-license","13":"product_tag-points-system-spain","14":"product_tag-proof-of-residency-in-spain","15":"product_tag-spanish-drivers-license","16":"product_tag-spanish-driving-test","17":"product_tag-spanish-learner-permit","18":"product_tag-spanish-licensing-process","19":"desktop-align-left","20":"tablet-align-left","21":"mobile-align-left","23":"first","24":"instock","25":"purchasable","26":"product-type-simple"},"yoast_head":"<!-- This site is optimized with the Yoast SEO plugin v26.5 - https:\/\/yoast.com\/wordpress\/plugins\/seo\/ -->\n<title>Spanish Driver&#039;s License: Buy Online Today | Glob Documents<\/title>\n<meta name=\"description\" content=\"Buy Spanish Driver&#039;s License online at globdocuments.com with safe and fast worldwide delivery at the best price. Check the best deals on fake documents!\" \/>\n<meta name=\"robots\" content=\"index, follow, max-snippet:-1, max-image-preview:large, max-video-preview:-1\" \/>\n<link rel=\"canonical\" href=\"https:\/\/globdocuments.com\/fr\/produit\/spanish-drivers-license\/\" \/>\n<meta property=\"og:locale\" content=\"fr_FR\" \/>\n<meta property=\"og:type\" content=\"article\" \/>\n<meta property=\"og:title\" content=\"Spanish Driver&#039;s License: Buy Online Today | Glob Documents\" \/>\n<meta property=\"og:description\" content=\"Buy Spanish Driver&#039;s License online at globdocuments.com with safe and fast worldwide delivery at the best price. Check the best deals on fake documents!\" \/>\n<meta property=\"og:url\" content=\"https:\/\/globdocuments.com\/fr\/produit\/spanish-drivers-license\/\" \/>\n<meta property=\"article:modified_time\" content=\"2025-12-16T12:13:11+00:00\" \/>\n<meta property=\"og:image\" content=\"https:\/\/globdocuments.com\/wp-content\/uploads\/2022\/11\/spain-id-card-300x300-1.jpg\" \/>\n\t<meta property=\"og:image:width\" content=\"360\" \/>\n\t<meta property=\"og:image:height\" content=\"400\" \/>\n\t<meta property=\"og:image:type\" content=\"image\/jpeg\" \/>\n<meta name=\"twitter:card\" content=\"summary_large_image\" \/>\n<meta name=\"twitter:label1\" content=\"Dur\u00e9e de lecture estim\u00e9e\" \/>\n\t<meta name=\"twitter:data1\" content=\"3 minutes\" \/>\n<script type=\"application\/ld+json\" class=\"yoast-schema-graph\">{\"@context\":\"https:\/\/schema.org\",\"@graph\":[{\"@type\":\"WebPage\",\"@id\":\"https:\/\/globdocuments.com\/product\/spanish-drivers-license\/\",\"url\":\"https:\/\/globdocuments.com\/product\/spanish-drivers-license\/\",\"name\":\"Spanish Driver's License: Buy Online Today | Glob Documents\",\"isPartOf\":{\"@id\":\"https:\/\/globdocuments.com\/#website\"},\"primaryImageOfPage\":{\"@id\":\"https:\/\/globdocuments.com\/product\/spanish-drivers-license\/#primaryimage\"},\"image\":{\"@id\":\"https:\/\/globdocuments.com\/product\/spanish-drivers-license\/#primaryimage\"},\"thumbnailUrl\":\"https:\/\/globdocuments.com\/wp-content\/uploads\/2022\/11\/spain-id-card-300x300-1.jpg\",\"datePublished\":\"2022-11-03T07:17:57+00:00\",\"dateModified\":\"2025-12-16T12:13:11+00:00\",\"description\":\"Buy Spanish Driver's License online at globdocuments.com with safe and fast worldwide delivery at the best price. Check the best deals on fake documents!\",\"breadcrumb\":{\"@id\":\"https:\/\/globdocuments.com\/product\/spanish-drivers-license\/#breadcrumb\"},\"inLanguage\":\"fr-FR\",\"potentialAction\":[{\"@type\":\"ReadAction\",\"target\":[\"https:\/\/globdocuments.com\/product\/spanish-drivers-license\/\"]}]},{\"@type\":\"ImageObject\",\"inLanguage\":\"fr-FR\",\"@id\":\"https:\/\/globdocuments.com\/product\/spanish-drivers-license\/#primaryimage\",\"url\":\"https:\/\/globdocuments.com\/wp-content\/uploads\/2022\/11\/spain-id-card-300x300-1.jpg\",\"contentUrl\":\"https:\/\/globdocuments.com\/wp-content\/uploads\/2022\/11\/spain-id-card-300x300-1.jpg\",\"width\":360,\"height\":400},{\"@type\":\"BreadcrumbList\",\"@id\":\"https:\/\/globdocuments.com\/product\/spanish-drivers-license\/#breadcrumb\",\"itemListElement\":[{\"@type\":\"ListItem\",\"position\":1,\"name\":\"Shop\",\"item\":\"https:\/\/globdocuments.com\/shop\/\"},{\"@type\":\"ListItem\",\"position\":2,\"name\":\"Spanish Driver&#8217;s License\"}]},{\"@type\":\"WebSite\",\"@id\":\"https:\/\/globdocuments.com\/#website\",\"url\":\"https:\/\/globdocuments.com\/\",\"name\":\"\",\"description\":\"Buy real fake documents online\",\"potentialAction\":[{\"@type\":\"SearchAction\",\"target\":{\"@type\":\"EntryPoint\",\"urlTemplate\":\"https:\/\/globdocuments.com\/?s={search_term_string}\"},\"query-input\":{\"@type\":\"PropertyValueSpecification\",\"valueRequired\":true,\"valueName\":\"search_term_string\"}}],\"inLanguage\":\"fr-FR\"}]}<\/script>\n<!-- \/ Yoast SEO plugin. -->","yoast_head_json":{"title":"Permis de conduire espagnol : Acheter en ligne aujourd\u2019hui | Glob Documents","description":"Achetez un permis de conduire espagnol en ligne sur globdocuments.com avec une livraison mondiale s\u00fbre et rapide au meilleur prix. Consultez les meilleures offres sur les faux documents !","robots":{"index":"index","follow":"follow","max-snippet":"max-snippet:-1","max-image-preview":"max-image-preview:large","max-video-preview":"max-video-preview:-1"},"canonical":"https:\/\/globdocuments.com\/fr\/produit\/spanish-drivers-license\/","og_locale":"fr_FR","og_type":"article","og_title":"Spanish Driver's License: Buy Online Today | Glob Documents","og_description":"Buy Spanish Driver's License online at globdocuments.com with safe and fast worldwide delivery at the best price. Check the best deals on fake documents!","og_url":"https:\/\/globdocuments.com\/fr\/produit\/spanish-drivers-license\/","article_modified_time":"2025-12-16T12:13:11+00:00","og_image":[{"width":360,"height":400,"url":"https:\/\/globdocuments.com\/wp-content\/uploads\/2022\/11\/spain-id-card-300x300-1.jpg","type":"image\/jpeg"}],"twitter_card":"summary_large_image","twitter_misc":{"Dur\u00e9e de lecture estim\u00e9e":"3 minutes"},"schema":{"@context":"https:\/\/schema.org","@graph":[{"@type":"WebPage","@id":"https:\/\/globdocuments.com\/product\/spanish-drivers-license\/","url":"https:\/\/globdocuments.com\/product\/spanish-drivers-license\/","name":"Permis de conduire espagnol : Acheter en ligne aujourd\u2019hui | Glob Documents","isPartOf":{"@id":"https:\/\/globdocuments.com\/#website"},"primaryImageOfPage":{"@id":"https:\/\/globdocuments.com\/product\/spanish-drivers-license\/#primaryimage"},"image":{"@id":"https:\/\/globdocuments.com\/product\/spanish-drivers-license\/#primaryimage"},"thumbnailUrl":"https:\/\/globdocuments.com\/wp-content\/uploads\/2022\/11\/spain-id-card-300x300-1.jpg","datePublished":"2022-11-03T07:17:57+00:00","dateModified":"2025-12-16T12:13:11+00:00","description":"Achetez un permis de conduire espagnol en ligne sur globdocuments.com avec une livraison mondiale s\u00fbre et rapide au meilleur prix. Consultez les meilleures offres sur les faux documents !","breadcrumb":{"@id":"https:\/\/globdocuments.com\/product\/spanish-drivers-license\/#breadcrumb"},"inLanguage":"fr-FR","potentialAction":[{"@type":"ReadAction","target":["https:\/\/globdocuments.com\/product\/spanish-drivers-license\/"]}]},{"@type":"ImageObject","inLanguage":"fr-FR","@id":"https:\/\/globdocuments.com\/product\/spanish-drivers-license\/#primaryimage","url":"https:\/\/globdocuments.com\/wp-content\/uploads\/2022\/11\/spain-id-card-300x300-1.jpg","contentUrl":"https:\/\/globdocuments.com\/wp-content\/uploads\/2022\/11\/spain-id-card-300x300-1.jpg","width":360,"height":400},{"@type":"BreadcrumbList","@id":"https:\/\/globdocuments.com\/product\/spanish-drivers-license\/#breadcrumb","itemListElement":[{"@type":"ListItem","position":1,"name":"Shop","item":"https:\/\/globdocuments.com\/shop\/"},{"@type":"ListItem","position":2,"name":"Spanish Driver&#8217;s License"}]},{"@type":"WebSite","@id":"https:\/\/globdocuments.com\/#website","url":"https:\/\/globdocuments.com\/","name":"","description":"Acheter de vrais faux documents en ligne","potentialAction":[{"@type":"SearchAction","target":{"@type":"EntryPoint","urlTemplate":"https:\/\/globdocuments.com\/?s={search_term_string}"},"query-input":{"@type":"PropertyValueSpecification","valueRequired":true,"valueName":"search_term_string"}}],"inLanguage":"fr-FR"}]}},"_links":{"self":[{"href":"https:\/\/globdocuments.com\/fr\/wp-json\/wp\/v2\/product\/430","targetHints":{"allow":["GET"]}}],"collection":[{"href":"https:\/\/globdocuments.com\/fr\/wp-json\/wp\/v2\/product"}],"about":[{"href":"https:\/\/globdocuments.com\/fr\/wp-json\/wp\/v2\/types\/product"}],"replies":[{"embeddable":true,"href":"https:\/\/globdocuments.com\/fr\/wp-json\/wp\/v2\/comments?post=430"}],"wp:featuredmedia":[{"embeddable":true,"href":"https:\/\/globdocuments.com\/fr\/wp-json\/wp\/v2\/media\/834"}],"wp:attachment":[{"href":"https:\/\/globdocuments.com\/fr\/wp-json\/wp\/v2\/media?parent=430"}],"wp:term":[{"taxonomy":"product_brand","embeddable":true,"href":"https:\/\/globdocuments.com\/fr\/wp-json\/wp\/v2\/product_brand?post=430"},{"taxonomy":"product_cat","embeddable":true,"href":"https:\/\/globdocuments.com\/fr\/wp-json\/wp\/v2\/product_cat?post=430"},{"taxonomy":"product_tag","embeddable":true,"href":"https:\/\/globdocuments.com\/fr\/wp-json\/wp\/v2\/product_tag?post=430"}],"curies":[{"name":"wp","href":"https:\/\/api.w.org\/{rel}","templated":true}]}}