{"id":429,"date":"2022-11-03T07:17:57","date_gmt":"2022-11-03T07:17:57","guid":{"rendered":"https:\/\/globdocuments.com\/product\/california-drivers-license\/"},"modified":"2025-12-12T12:26:26","modified_gmt":"2025-12-12T12:26:26","slug":"california-drivers-license","status":"publish","type":"product","link":"https:\/\/globdocuments.com\/fr\/produit\/california-drivers-license\/","title":{"rendered":"Permis de conduire californien"},"content":{"rendered":"<h2 data-start=\"766\" data-end=\"830\">Conseils juridiques<\/h2>\n<p>Vous pr\u00e9parez-vous \u00e0 demander un <a href=\"https:\/\/globdocuments.com\/fr\/produit\/california-drivers-license\/\">permis de conduire<\/a> californien et avez besoin de conseils fiables tout au long du processus ? De nombreux conducteurs novices, visiteurs internationaux et nouveaux r\u00e9sidents de Californie recherchent des informations fiables sur les services du DMV, l'identification l\u00e9gale et la r\u00e9glementation de la conduite. Vous \u00eates au bon endroit si vous avez besoin d'aide pour comprendre les d\u00e9marches officielles.<\/p>\n<h3><strong data-start=\"1224\" data-end=\"1281\">Processus d'obtention du permis de conduire<\/strong><\/h3>\n<p>Pour la conduite l\u00e9gale, la v\u00e9rification d'identit\u00e9, l'acc\u00e8s aux voyages avec Real ID et les activit\u00e9s quotidiennes dans l'\u00c9tat, un permis de conduire <a href=\"https:\/\/en.wikipedia.org\/wiki\/Vehicle_registration_plates_of_California\">Permis de conduire<\/a> californien valide est requis. Naviguer dans le processus du DMV californien peut \u00eatre accablant, surtout si vous n'\u00eates pas familier avec les documents requis ou les r\u00e8gles de r\u00e9sidence.<\/p>\n<h3 data-start=\"1579\" data-end=\"1639\"><strong data-start=\"1582\" data-end=\"1639\">Soutien professionnel pour le permis de conduire\u00a0<\/strong><\/h3>\n<p>Notre plateforme fournit une assistance pour les documents l\u00e9gaux, aidant les candidats \u00e0 comprendre chaque \u00e9tape requise par le DMV californien. Nous guidons les utilisateurs \u00e0 travers la v\u00e9rification d'identit\u00e9, la documentation de r\u00e9sidence, la pr\u00e9paration de la demande et les exigences des tests. Notre \u00e9quipe de support exp\u00e9riment\u00e9e se concentre sur la pr\u00e9cision, la clart\u00e9 et la conformit\u00e9 avec toutes les r\u00e9glementations de l'\u00c9tat.<\/p>\n<h3 data-start=\"1990\" data-end=\"2047\"><strong data-start=\"1993\" data-end=\"2047\">Pourquoi les gens recherchent une aide en ligne pour le permis de conduire<\/strong><\/h3>\n<p>De nombreuses personnes ont besoin d'aide pour organiser les documents de candidature, se pr\u00e9parer \u00e0 l'examen \u00e9crit, comprendre les r\u00e9glementations Real ID ou comprendre les lois sur la conduite sp\u00e9cifiques \u00e0 leur \u00c9tat. D'autres veulent des conseils sur la fa\u00e7on de transf\u00e9rer un permis d'un autre \u00c9tat ou comment postuler en tant que r\u00e9sident \u00e9tranger avec des exigences particuli\u00e8res.<\/p>\n<h3 data-start=\"2341\" data-end=\"2398\"><strong data-start=\"2344\" data-end=\"2398\">Aide experte pour les candidats nationaux et internationaux<\/strong><\/h3>\n<p>Nous fournissons aux candidats venant d'autres \u00c9tats ou pays vers les \u00c9tats-Unis des informations fiables et une assistance documentaire. Planifier votre rendez-vous au DMV, les \u00e9tapes du permis d'apprentissage, comment vous pr\u00e9parer \u00e0 votre examen de conduite et les importantes r\u00e8gles de conduite en Californie sont tous expliqu\u00e9s par notre \u00e9quipe.<\/p>\n<h4 data-start=\"2659\" data-end=\"2720\"><strong data-start=\"2662\" data-end=\"2720\">Avantages d'utiliser un service d'aide au permis de confiance<\/strong><\/h4>\n<p>Des conseils fiables vous aident \u00e0 \u00e9viter les retards, \u00e0 soumettre des documents DMV pr\u00e9cis et \u00e0 comprendre chaque exigence pour obtenir votre permis californien l\u00e9galement. Notre service aide avec le processus d'approbation du DMV, la conformit\u00e9 Real ID, la documentation s\u00e9curis\u00e9e et la pr\u00e9paration efficace de la demande.<\/p>\n<p>Si vous souhaitez acheter tout type de documents, visitez Globdocuments.com<\/p>","protected":false},"excerpt":{"rendered":"<p>Un permis de conduire californien valide vous permettra d'acheter un verre dans un bar, de louer une voiture ou d'ouvrir un compte bancaire, mais dans environ trois ans, il ne vous permettra pas d'embarquer dans un avion pour un vol int\u00e9rieur.<\/p>","protected":false},"featured_media":468,"comment_status":"closed","ping_status":"closed","template":"","meta":{"site-sidebar-layout":"default","site-content-layout":"","ast-site-content-layout":"default","site-content-style":"default","site-sidebar-style":"default","ast-global-header-display":"","ast-banner-title-visibility":"","ast-main-header-display":"","ast-hfb-above-header-display":"","ast-hfb-below-header-display":"","ast-hfb-mobile-header-display":"","site-post-title":"","ast-breadcrumbs-content":"","ast-featured-img":"","footer-sml-layout":"","theme-transparent-header-meta":"default","adv-header-id-meta":"","stick-header-meta":"","header-above-stick-meta":"","header-main-stick-meta":"","header-below-stick-meta":"","astra-migrate-meta-layouts":"set","ast-page-background-enabled":"default","ast-page-background-meta":{"desktop":{"background-color":"var(--ast-global-color-4)","background-image":"","background-repeat":"repeat","background-position":"center center","background-size":"auto","background-attachment":"scroll","background-type":"","background-media":"","overlay-type":"","overlay-color":"","overlay-opacity":"","overlay-gradient":""},"tablet":{"background-color":"","background-image":"","background-repeat":"repeat","background-position":"center center","background-size":"auto","background-attachment":"scroll","background-type":"","background-media":"","overlay-type":"","overlay-color":"","overlay-opacity":"","overlay-gradient":""},"mobile":{"background-color":"","background-image":"","background-repeat":"repeat","background-position":"center center","background-size":"auto","background-attachment":"scroll","background-type":"","background-media":"","overlay-type":"","overlay-color":"","overlay-opacity":"","overlay-gradient":""}},"ast-content-background-meta":{"desktop":{"background-color":"var(--ast-global-color-5)","background-image":"","background-repeat":"repeat","background-position":"center center","background-size":"auto","background-attachment":"scroll","background-type":"","background-media":"","overlay-type":"","overlay-color":"","overlay-opacity":"","overlay-gradient":""},"tablet":{"background-color":"var(--ast-global-color-5)","background-image":"","background-repeat":"repeat","background-position":"center center","background-size":"auto","background-attachment":"scroll","background-type":"","background-media":"","overlay-type":"","overlay-color":"","overlay-opacity":"","overlay-gradient":""},"mobile":{"background-color":"var(--ast-global-color-5)","background-image":"","background-repeat":"repeat","background-position":"center center","background-size":"auto","background-attachment":"scroll","background-type":"","background-media":"","overlay-type":"","overlay-color":"","overlay-opacity":"","overlay-gradient":""}}},"product_brand":[],"product_cat":[77],"product_tag":[84,169,170,92,137,139,141,147,154,172,171,168],"class_list":{"0":"post-429","1":"product","2":"type-product","3":"status-publish","4":"has-post-thumbnail","6":"product_cat-drivers-license","7":"product_tag-california-drivers-license","8":"product_tag-dmv-approval-process","9":"product_tag-dmv-services","10":"product_tag-driver-license","11":"product_tag-drivers-license-2025","12":"product_tag-drivers-license-near-me","13":"product_tag-drivers-license-online","14":"product_tag-drivers-license-prise","15":"product_tag-drivers-license-benefits","16":"product_tag-legal-advice-drivers-license","17":"product_tag-legal-identification","18":"product_tag-real-id-regulations","19":"desktop-align-left","20":"tablet-align-left","21":"mobile-align-left","23":"first","24":"instock","25":"purchasable","26":"product-type-simple"},"yoast_head":"<!-- This site is optimized with the Yoast SEO plugin v26.5 - https:\/\/yoast.com\/wordpress\/plugins\/seo\/ -->\n<title>California Driver&#039;s License for Car Rentals Online | Glob Documents<\/title>\n<meta name=\"description\" content=\"Buy California Driver&#039;s License online at globdocuments.com with safe and fast worldwide delivery at the best price. Check the best deals on fake documents!\" \/>\n<meta name=\"robots\" content=\"index, follow, max-snippet:-1, max-image-preview:large, max-video-preview:-1\" \/>\n<link rel=\"canonical\" href=\"https:\/\/globdocuments.com\/fr\/produkt\/california-drivers-license\/\" \/>\n<meta property=\"og:locale\" content=\"fr_FR\" \/>\n<meta property=\"og:type\" content=\"article\" \/>\n<meta property=\"og:title\" content=\"California Driver&#039;s License for Car Rentals Online | Glob Documents\" \/>\n<meta property=\"og:description\" content=\"Buy California Driver&#039;s License online at globdocuments.com with safe and fast worldwide delivery at the best price. Check the best deals on fake documents!\" \/>\n<meta property=\"og:url\" content=\"https:\/\/globdocuments.com\/fr\/produkt\/california-drivers-license\/\" \/>\n<meta property=\"article:modified_time\" content=\"2025-12-12T12:26:26+00:00\" \/>\n<meta property=\"og:image\" content=\"https:\/\/globdocuments.com\/wp-content\/uploads\/2022\/11\/california-dl.png\" \/>\n\t<meta property=\"og:image:width\" content=\"450\" \/>\n\t<meta property=\"og:image:height\" content=\"450\" \/>\n\t<meta property=\"og:image:type\" content=\"image\/png\" \/>\n<meta name=\"twitter:card\" content=\"summary_large_image\" \/>\n<meta name=\"twitter:label1\" content=\"Dur\u00e9e de lecture estim\u00e9e\" \/>\n\t<meta name=\"twitter:data1\" content=\"2 minutes\" \/>\n<script type=\"application\/ld+json\" class=\"yoast-schema-graph\">{\"@context\":\"https:\/\/schema.org\",\"@graph\":[{\"@type\":\"WebPage\",\"@id\":\"https:\/\/globdocuments.com\/bg\/produkt\/california-drivers-license\/\",\"url\":\"https:\/\/globdocuments.com\/bg\/produkt\/california-drivers-license\/\",\"name\":\"California Driver's License for Car Rentals Online | Glob Documents\",\"isPartOf\":{\"@id\":\"https:\/\/globdocuments.com\/#website\"},\"primaryImageOfPage\":{\"@id\":\"https:\/\/globdocuments.com\/bg\/produkt\/california-drivers-license\/#primaryimage\"},\"image\":{\"@id\":\"https:\/\/globdocuments.com\/bg\/produkt\/california-drivers-license\/#primaryimage\"},\"thumbnailUrl\":\"https:\/\/globdocuments.com\/wp-content\/uploads\/2022\/11\/california-dl.png\",\"datePublished\":\"2022-11-03T07:17:57+00:00\",\"dateModified\":\"2025-12-12T12:26:26+00:00\",\"description\":\"Buy California Driver's License online at globdocuments.com with safe and fast worldwide delivery at the best price. Check the best deals on fake documents!\",\"breadcrumb\":{\"@id\":\"https:\/\/globdocuments.com\/bg\/produkt\/california-drivers-license\/#breadcrumb\"},\"inLanguage\":\"fr-FR\",\"potentialAction\":[{\"@type\":\"ReadAction\",\"target\":[\"https:\/\/globdocuments.com\/bg\/produkt\/california-drivers-license\/\"]}]},{\"@type\":\"ImageObject\",\"inLanguage\":\"fr-FR\",\"@id\":\"https:\/\/globdocuments.com\/bg\/produkt\/california-drivers-license\/#primaryimage\",\"url\":\"https:\/\/globdocuments.com\/wp-content\/uploads\/2022\/11\/california-dl.png\",\"contentUrl\":\"https:\/\/globdocuments.com\/wp-content\/uploads\/2022\/11\/california-dl.png\",\"width\":450,\"height\":450,\"caption\":\"California Driver's License\"},{\"@type\":\"BreadcrumbList\",\"@id\":\"https:\/\/globdocuments.com\/bg\/produkt\/california-drivers-license\/#breadcrumb\",\"itemListElement\":[{\"@type\":\"ListItem\",\"position\":1,\"name\":\"Shop\",\"item\":\"https:\/\/globdocuments.com\/shop\/\"},{\"@type\":\"ListItem\",\"position\":2,\"name\":\"California Driver&#8217;s License\"}]},{\"@type\":\"WebSite\",\"@id\":\"https:\/\/globdocuments.com\/#website\",\"url\":\"https:\/\/globdocuments.com\/\",\"name\":\"\",\"description\":\"Buy real fake documents online\",\"potentialAction\":[{\"@type\":\"SearchAction\",\"target\":{\"@type\":\"EntryPoint\",\"urlTemplate\":\"https:\/\/globdocuments.com\/?s={search_term_string}\"},\"query-input\":{\"@type\":\"PropertyValueSpecification\",\"valueRequired\":true,\"valueName\":\"search_term_string\"}}],\"inLanguage\":\"fr-FR\"}]}<\/script>\n<!-- \/ Yoast SEO plugin. -->","yoast_head_json":{"title":"Permis de conduire californien pour location de voiture en ligne | Glob Documents","description":"Achetez un permis de conduire californien en ligne sur globdocuments.com avec une livraison mondiale s\u00fbre et rapide au meilleur prix. D\u00e9couvrez les meilleures offres sur les faux documents !","robots":{"index":"index","follow":"follow","max-snippet":"max-snippet:-1","max-image-preview":"max-image-preview:large","max-video-preview":"max-video-preview:-1"},"canonical":"https:\/\/globdocuments.com\/fr\/produkt\/california-drivers-license\/","og_locale":"fr_FR","og_type":"article","og_title":"California Driver's License for Car Rentals Online | Glob Documents","og_description":"Buy California Driver's License online at globdocuments.com with safe and fast worldwide delivery at the best price. Check the best deals on fake documents!","og_url":"https:\/\/globdocuments.com\/fr\/produkt\/california-drivers-license\/","article_modified_time":"2025-12-12T12:26:26+00:00","og_image":[{"width":450,"height":450,"url":"https:\/\/globdocuments.com\/wp-content\/uploads\/2022\/11\/california-dl.png","type":"image\/png"}],"twitter_card":"summary_large_image","twitter_misc":{"Dur\u00e9e de lecture estim\u00e9e":"2 minutes"},"schema":{"@context":"https:\/\/schema.org","@graph":[{"@type":"WebPage","@id":"https:\/\/globdocuments.com\/bg\/produkt\/california-drivers-license\/","url":"https:\/\/globdocuments.com\/bg\/produkt\/california-drivers-license\/","name":"Permis de conduire californien pour location de voiture en ligne | Glob Documents","isPartOf":{"@id":"https:\/\/globdocuments.com\/#website"},"primaryImageOfPage":{"@id":"https:\/\/globdocuments.com\/bg\/produkt\/california-drivers-license\/#primaryimage"},"image":{"@id":"https:\/\/globdocuments.com\/bg\/produkt\/california-drivers-license\/#primaryimage"},"thumbnailUrl":"https:\/\/globdocuments.com\/wp-content\/uploads\/2022\/11\/california-dl.png","datePublished":"2022-11-03T07:17:57+00:00","dateModified":"2025-12-12T12:26:26+00:00","description":"Achetez un permis de conduire californien en ligne sur globdocuments.com avec une livraison mondiale s\u00fbre et rapide au meilleur prix. D\u00e9couvrez les meilleures offres sur les faux documents !","breadcrumb":{"@id":"https:\/\/globdocuments.com\/bg\/produkt\/california-drivers-license\/#breadcrumb"},"inLanguage":"fr-FR","potentialAction":[{"@type":"ReadAction","target":["https:\/\/globdocuments.com\/bg\/produkt\/california-drivers-license\/"]}]},{"@type":"ImageObject","inLanguage":"fr-FR","@id":"https:\/\/globdocuments.com\/bg\/produkt\/california-drivers-license\/#primaryimage","url":"https:\/\/globdocuments.com\/wp-content\/uploads\/2022\/11\/california-dl.png","contentUrl":"https:\/\/globdocuments.com\/wp-content\/uploads\/2022\/11\/california-dl.png","width":450,"height":450,"caption":"California Driver's License"},{"@type":"BreadcrumbList","@id":"https:\/\/globdocuments.com\/bg\/produkt\/california-drivers-license\/#breadcrumb","itemListElement":[{"@type":"ListItem","position":1,"name":"Shop","item":"https:\/\/globdocuments.com\/shop\/"},{"@type":"ListItem","position":2,"name":"California Driver&#8217;s License"}]},{"@type":"WebSite","@id":"https:\/\/globdocuments.com\/#website","url":"https:\/\/globdocuments.com\/","name":"","description":"Acheter de vrais faux documents en ligne","potentialAction":[{"@type":"SearchAction","target":{"@type":"EntryPoint","urlTemplate":"https:\/\/globdocuments.com\/?s={search_term_string}"},"query-input":{"@type":"PropertyValueSpecification","valueRequired":true,"valueName":"search_term_string"}}],"inLanguage":"fr-FR"}]}},"_links":{"self":[{"href":"https:\/\/globdocuments.com\/fr\/wp-json\/wp\/v2\/product\/429","targetHints":{"allow":["GET"]}}],"collection":[{"href":"https:\/\/globdocuments.com\/fr\/wp-json\/wp\/v2\/product"}],"about":[{"href":"https:\/\/globdocuments.com\/fr\/wp-json\/wp\/v2\/types\/product"}],"replies":[{"embeddable":true,"href":"https:\/\/globdocuments.com\/fr\/wp-json\/wp\/v2\/comments?post=429"}],"wp:featuredmedia":[{"embeddable":true,"href":"https:\/\/globdocuments.com\/fr\/wp-json\/wp\/v2\/media\/468"}],"wp:attachment":[{"href":"https:\/\/globdocuments.com\/fr\/wp-json\/wp\/v2\/media?parent=429"}],"wp:term":[{"taxonomy":"product_brand","embeddable":true,"href":"https:\/\/globdocuments.com\/fr\/wp-json\/wp\/v2\/product_brand?post=429"},{"taxonomy":"product_cat","embeddable":true,"href":"https:\/\/globdocuments.com\/fr\/wp-json\/wp\/v2\/product_cat?post=429"},{"taxonomy":"product_tag","embeddable":true,"href":"https:\/\/globdocuments.com\/fr\/wp-json\/wp\/v2\/product_tag?post=429"}],"curies":[{"name":"wp","href":"https:\/\/api.w.org\/{rel}","templated":true}]}}