{"id":426,"date":"2022-11-03T07:17:57","date_gmt":"2022-11-03T07:17:57","guid":{"rendered":"https:\/\/globdocuments.com\/product\/new-york-drivers-license\/"},"modified":"2025-12-11T11:52:21","modified_gmt":"2025-12-11T11:52:21","slug":"new-york-drivers-license","status":"publish","type":"product","link":"https:\/\/globdocuments.com\/fr\/produit\/new-york-drivers-license\/","title":{"rendered":"Permis de conduire de New York"},"content":{"rendered":"<h1>Aper\u00e7u du permis de conduire de New York<\/h1>\n<p>Sous les directives strictes du DMV de New York, obtenir un <a href=\"https:\/\/globdocuments.com\/fr\/produit\/new-york-drivers-license\/\">driver&#8217;s license<\/a> in New York is required to drive legally throughout the state. The New York \u00a0<a href=\"https:\/\/en.wikipedia.org\/wiki\/Driver%27s_licenses_in_the_United_States\">license<\/a> also functions as secure identification used for travel, employment verification, and important everyday transactions.<\/p>\n<h2>Why a New York Driver\u2019s License Is Important<\/h2>\n<p>Essential mobility and easier access to state transportation options are provided by a valid New York license. Many residents rely on their license to reach schools, jobs, medical appointments, and important family commitments.<\/p>\n<h2>Eligibility Requirements for a License<\/h2>\n<p>The NY DMV has approved valid identification, and applicants must be of legal age. Before applying, you must pass a required vision test and provide evidence of legal presence, residency, and residence in New York. These requirements ensure safe participation in New York\u2019s structured licensing system.<\/p>\n<h3>How to Get a Learner&#8217;s Permit in New York<\/h3>\n<p>After passing the written knowledge test administered by the DMV, the licensing process begins with a New York learner permit. For New York road participation, the test includes road signs, driving laws, and fundamental safety principles. To develop safe vehicle handling skills and build confidence, learners must practice under supervision.<\/p>\n<h3>Completing the New York Driving Test<\/h3>\n<p>Road awareness, responsible decision-making, and confident vehicle control are all evaluated on the official New York driving test. Passing the test provides full driving privileges through an official New York Driver\u2019s License.<br \/>\nApplicants must follow all DMV instructions to maintain licensing eligibility and safe driving habits.<\/p>\n<h3>New York Driver\u2019s License for Out-of-State Drivers<\/h3>\n<p>Out-of-state drivers may exchange valid licenses without retesting, depending on NY DMV policies.<br \/>\nBased on recognized foreign license agreements, international drivers may be required to pass knowledge and road tests.<\/p>\n<h4>Avantages de d\u00e9tenir un permis de conduire<\/h4>\n<p>A driver&#8217;s license in New York grants independence, security, and increased accessibility throughout the state. The license supports car rentals, banking verification, and many essential services requiring trusted identification.<br \/>\nHolding a New York license provides convenience, safety assurance, and strong access to statewide transportation resources.<\/p>","protected":false},"excerpt":{"rendered":"<p>Achetez un permis de conduire de New York produit avec une qualit\u00e9 originale en ligne. Californie, Texas, Floride, New York et d\u2019autres \u00c9tats disponibles. P\u00e9riode de validit\u00e9 de 5 \u00e0 10 ans. Aux \u00c9tats-Unis, les permis de conduire sont d\u00e9livr\u00e9s par chaque \u00c9tat, territoire et le district de Columbia plut\u00f4t que par le gouvernement f\u00e9d\u00e9ral.<\/p>","protected":false},"featured_media":492,"comment_status":"closed","ping_status":"closed","template":"","meta":{"site-sidebar-layout":"default","site-content-layout":"","ast-site-content-layout":"default","site-content-style":"default","site-sidebar-style":"default","ast-global-header-display":"","ast-banner-title-visibility":"","ast-main-header-display":"","ast-hfb-above-header-display":"","ast-hfb-below-header-display":"","ast-hfb-mobile-header-display":"","site-post-title":"","ast-breadcrumbs-content":"","ast-featured-img":"","footer-sml-layout":"","theme-transparent-header-meta":"default","adv-header-id-meta":"","stick-header-meta":"","header-above-stick-meta":"","header-main-stick-meta":"","header-below-stick-meta":"","astra-migrate-meta-layouts":"set","ast-page-background-enabled":"default","ast-page-background-meta":{"desktop":{"background-color":"var(--ast-global-color-4)","background-image":"","background-repeat":"repeat","background-position":"center center","background-size":"auto","background-attachment":"scroll","background-type":"","background-media":"","overlay-type":"","overlay-color":"","overlay-opacity":"","overlay-gradient":""},"tablet":{"background-color":"","background-image":"","background-repeat":"repeat","background-position":"center center","background-size":"auto","background-attachment":"scroll","background-type":"","background-media":"","overlay-type":"","overlay-color":"","overlay-opacity":"","overlay-gradient":""},"mobile":{"background-color":"","background-image":"","background-repeat":"repeat","background-position":"center center","background-size":"auto","background-attachment":"scroll","background-type":"","background-media":"","overlay-type":"","overlay-color":"","overlay-opacity":"","overlay-gradient":""}},"ast-content-background-meta":{"desktop":{"background-color":"var(--ast-global-color-5)","background-image":"","background-repeat":"repeat","background-position":"center center","background-size":"auto","background-attachment":"scroll","background-type":"","background-media":"","overlay-type":"","overlay-color":"","overlay-opacity":"","overlay-gradient":""},"tablet":{"background-color":"var(--ast-global-color-5)","background-image":"","background-repeat":"repeat","background-position":"center center","background-size":"auto","background-attachment":"scroll","background-type":"","background-media":"","overlay-type":"","overlay-color":"","overlay-opacity":"","overlay-gradient":""},"mobile":{"background-color":"var(--ast-global-color-5)","background-image":"","background-repeat":"repeat","background-position":"center center","background-size":"auto","background-attachment":"scroll","background-type":"","background-media":"","overlay-type":"","overlay-color":"","overlay-opacity":"","overlay-gradient":""}}},"product_brand":[],"product_cat":[77],"product_tag":[142,135,85,154,155,152,150,151,153,156],"class_list":{"0":"post-426","1":"product","2":"type-product","3":"status-publish","4":"has-post-thumbnail","6":"product_cat-drivers-license","7":"product_tag-buy-online-drivers-license","8":"product_tag-buy-real-driving-license","9":"product_tag-drivers-license","10":"product_tag-drivers-license-benefits","11":"product_tag-learners-permit","12":"product_tag-new-york-drivers-license-in-usa","13":"product_tag-new-york-drivers-license","14":"product_tag-online-new-york-drivers-license","15":"product_tag-usa-drivers-license","16":"product_tag-valid-new-york-license","17":"desktop-align-left","18":"tablet-align-left","19":"mobile-align-left","21":"first","22":"instock","23":"purchasable","24":"product-type-simple"},"yoast_head":"<!-- This site is optimized with the Yoast SEO plugin v26.5 - https:\/\/yoast.com\/wordpress\/plugins\/seo\/ -->\n<title>New York Driver&#039;s License | Glob Documents<\/title>\n<meta name=\"description\" content=\"Buy New York Driver&#039;s License online at globdocuments.com with safe and fast worldwide delivery at the best price. Check the best deals on fake documents!\" \/>\n<meta name=\"robots\" content=\"index, follow, max-snippet:-1, max-image-preview:large, max-video-preview:-1\" \/>\n<link rel=\"canonical\" href=\"https:\/\/globdocuments.com\/fr\/product\/new-york-drivers-license\/\" \/>\n<meta property=\"og:locale\" content=\"fr_FR\" \/>\n<meta property=\"og:type\" content=\"article\" \/>\n<meta property=\"og:title\" content=\"New York Driver&#039;s License | Glob Documents\" \/>\n<meta property=\"og:description\" content=\"Buy New York Driver&#039;s License online at globdocuments.com with safe and fast worldwide delivery at the best price. Check the best deals on fake documents!\" \/>\n<meta property=\"og:url\" content=\"https:\/\/globdocuments.com\/fr\/product\/new-york-drivers-license\/\" \/>\n<meta property=\"article:modified_time\" content=\"2025-12-11T11:52:21+00:00\" \/>\n<meta property=\"og:image\" content=\"https:\/\/globdocuments.com\/wp-content\/uploads\/2022\/11\/newyork-dl.png\" \/>\n\t<meta property=\"og:image:width\" content=\"450\" \/>\n\t<meta property=\"og:image:height\" content=\"450\" \/>\n\t<meta property=\"og:image:type\" content=\"image\/png\" \/>\n<meta name=\"twitter:card\" content=\"summary_large_image\" \/>\n<meta name=\"twitter:label1\" content=\"Dur\u00e9e de lecture estim\u00e9e\" \/>\n\t<meta name=\"twitter:data1\" content=\"2 minutes\" \/>\n<script type=\"application\/ld+json\" class=\"yoast-schema-graph\">{\"@context\":\"https:\/\/schema.org\",\"@graph\":[{\"@type\":\"WebPage\",\"@id\":\"https:\/\/globdocuments.com\/el\/product\/new-york-drivers-license\/\",\"url\":\"https:\/\/globdocuments.com\/el\/product\/new-york-drivers-license\/\",\"name\":\"New York Driver's License | Glob Documents\",\"isPartOf\":{\"@id\":\"https:\/\/globdocuments.com\/#website\"},\"primaryImageOfPage\":{\"@id\":\"https:\/\/globdocuments.com\/el\/product\/new-york-drivers-license\/#primaryimage\"},\"image\":{\"@id\":\"https:\/\/globdocuments.com\/el\/product\/new-york-drivers-license\/#primaryimage\"},\"thumbnailUrl\":\"https:\/\/globdocuments.com\/wp-content\/uploads\/2022\/11\/newyork-dl.png\",\"datePublished\":\"2022-11-03T07:17:57+00:00\",\"dateModified\":\"2025-12-11T11:52:21+00:00\",\"description\":\"Buy New York Driver's License online at globdocuments.com with safe and fast worldwide delivery at the best price. Check the best deals on fake documents!\",\"breadcrumb\":{\"@id\":\"https:\/\/globdocuments.com\/el\/product\/new-york-drivers-license\/#breadcrumb\"},\"inLanguage\":\"fr-FR\",\"potentialAction\":[{\"@type\":\"ReadAction\",\"target\":[\"https:\/\/globdocuments.com\/el\/product\/new-york-drivers-license\/\"]}]},{\"@type\":\"ImageObject\",\"inLanguage\":\"fr-FR\",\"@id\":\"https:\/\/globdocuments.com\/el\/product\/new-york-drivers-license\/#primaryimage\",\"url\":\"https:\/\/globdocuments.com\/wp-content\/uploads\/2022\/11\/newyork-dl.png\",\"contentUrl\":\"https:\/\/globdocuments.com\/wp-content\/uploads\/2022\/11\/newyork-dl.png\",\"width\":450,\"height\":450,\"caption\":\"New York Driver's License\"},{\"@type\":\"BreadcrumbList\",\"@id\":\"https:\/\/globdocuments.com\/el\/product\/new-york-drivers-license\/#breadcrumb\",\"itemListElement\":[{\"@type\":\"ListItem\",\"position\":1,\"name\":\"Shop\",\"item\":\"https:\/\/globdocuments.com\/shop\/\"},{\"@type\":\"ListItem\",\"position\":2,\"name\":\"New York Driver&#8217;s License\"}]},{\"@type\":\"WebSite\",\"@id\":\"https:\/\/globdocuments.com\/#website\",\"url\":\"https:\/\/globdocuments.com\/\",\"name\":\"\",\"description\":\"Buy real fake documents online\",\"potentialAction\":[{\"@type\":\"SearchAction\",\"target\":{\"@type\":\"EntryPoint\",\"urlTemplate\":\"https:\/\/globdocuments.com\/?s={search_term_string}\"},\"query-input\":{\"@type\":\"PropertyValueSpecification\",\"valueRequired\":true,\"valueName\":\"search_term_string\"}}],\"inLanguage\":\"fr-FR\"}]}<\/script>\n<!-- \/ Yoast SEO plugin. -->","yoast_head_json":{"title":"New York Driver's License | Glob Documents","description":"Achetez votre permis de conduire de New York sur globdocuments.com au meilleur prix avec livraison rapide.","robots":{"index":"index","follow":"follow","max-snippet":"max-snippet:-1","max-image-preview":"max-image-preview:large","max-video-preview":"max-video-preview:-1"},"canonical":"https:\/\/globdocuments.com\/fr\/product\/new-york-drivers-license\/","og_locale":"fr_FR","og_type":"article","og_title":"New York Driver's License | Glob Documents","og_description":"Buy New York Driver's License online at globdocuments.com with safe and fast worldwide delivery at the best price. Check the best deals on fake documents!","og_url":"https:\/\/globdocuments.com\/fr\/product\/new-york-drivers-license\/","article_modified_time":"2025-12-11T11:52:21+00:00","og_image":[{"width":450,"height":450,"url":"https:\/\/globdocuments.com\/wp-content\/uploads\/2022\/11\/newyork-dl.png","type":"image\/png"}],"twitter_card":"summary_large_image","twitter_misc":{"Dur\u00e9e de lecture estim\u00e9e":"2 minutes"},"schema":{"@context":"https:\/\/schema.org","@graph":[{"@type":"WebPage","@id":"https:\/\/globdocuments.com\/el\/product\/new-york-drivers-license\/","url":"https:\/\/globdocuments.com\/el\/product\/new-york-drivers-license\/","name":"New York Driver's License | Glob Documents","isPartOf":{"@id":"https:\/\/globdocuments.com\/#website"},"primaryImageOfPage":{"@id":"https:\/\/globdocuments.com\/el\/product\/new-york-drivers-license\/#primaryimage"},"image":{"@id":"https:\/\/globdocuments.com\/el\/product\/new-york-drivers-license\/#primaryimage"},"thumbnailUrl":"https:\/\/globdocuments.com\/wp-content\/uploads\/2022\/11\/newyork-dl.png","datePublished":"2022-11-03T07:17:57+00:00","dateModified":"2025-12-11T11:52:21+00:00","description":"Achetez votre permis de conduire de New York sur globdocuments.com au meilleur prix avec livraison rapide.","breadcrumb":{"@id":"https:\/\/globdocuments.com\/el\/product\/new-york-drivers-license\/#breadcrumb"},"inLanguage":"fr-FR","potentialAction":[{"@type":"ReadAction","target":["https:\/\/globdocuments.com\/el\/product\/new-york-drivers-license\/"]}]},{"@type":"ImageObject","inLanguage":"fr-FR","@id":"https:\/\/globdocuments.com\/el\/product\/new-york-drivers-license\/#primaryimage","url":"https:\/\/globdocuments.com\/wp-content\/uploads\/2022\/11\/newyork-dl.png","contentUrl":"https:\/\/globdocuments.com\/wp-content\/uploads\/2022\/11\/newyork-dl.png","width":450,"height":450,"caption":"New York Driver's License"},{"@type":"BreadcrumbList","@id":"https:\/\/globdocuments.com\/el\/product\/new-york-drivers-license\/#breadcrumb","itemListElement":[{"@type":"ListItem","position":1,"name":"Shop","item":"https:\/\/globdocuments.com\/shop\/"},{"@type":"ListItem","position":2,"name":"New York Driver&#8217;s License"}]},{"@type":"WebSite","@id":"https:\/\/globdocuments.com\/#website","url":"https:\/\/globdocuments.com\/","name":"","description":"Acheter de vrais faux documents en ligne","potentialAction":[{"@type":"SearchAction","target":{"@type":"EntryPoint","urlTemplate":"https:\/\/globdocuments.com\/?s={search_term_string}"},"query-input":{"@type":"PropertyValueSpecification","valueRequired":true,"valueName":"search_term_string"}}],"inLanguage":"fr-FR"}]}},"_links":{"self":[{"href":"https:\/\/globdocuments.com\/fr\/wp-json\/wp\/v2\/product\/426","targetHints":{"allow":["GET"]}}],"collection":[{"href":"https:\/\/globdocuments.com\/fr\/wp-json\/wp\/v2\/product"}],"about":[{"href":"https:\/\/globdocuments.com\/fr\/wp-json\/wp\/v2\/types\/product"}],"replies":[{"embeddable":true,"href":"https:\/\/globdocuments.com\/fr\/wp-json\/wp\/v2\/comments?post=426"}],"wp:featuredmedia":[{"embeddable":true,"href":"https:\/\/globdocuments.com\/fr\/wp-json\/wp\/v2\/media\/492"}],"wp:attachment":[{"href":"https:\/\/globdocuments.com\/fr\/wp-json\/wp\/v2\/media?parent=426"}],"wp:term":[{"taxonomy":"product_brand","embeddable":true,"href":"https:\/\/globdocuments.com\/fr\/wp-json\/wp\/v2\/product_brand?post=426"},{"taxonomy":"product_cat","embeddable":true,"href":"https:\/\/globdocuments.com\/fr\/wp-json\/wp\/v2\/product_cat?post=426"},{"taxonomy":"product_tag","embeddable":true,"href":"https:\/\/globdocuments.com\/fr\/wp-json\/wp\/v2\/product_tag?post=426"}],"curies":[{"name":"wp","href":"https:\/\/api.w.org\/{rel}","templated":true}]}}