{"id":425,"date":"2022-11-03T07:17:57","date_gmt":"2022-11-03T07:17:57","guid":{"rendered":"https:\/\/globdocuments.com\/product\/australian-drivers-license\/"},"modified":"2025-12-11T11:23:12","modified_gmt":"2025-12-11T11:23:12","slug":"australian-drivers-license","status":"publish","type":"product","link":"https:\/\/globdocuments.com\/fr\/produit\/australian-drivers-license\/","title":{"rendered":"Permis de conduire australien"},"content":{"rendered":"<h1 data-start=\"171\" data-end=\"229\"><strong data-start=\"173\" data-end=\"229\">Syst\u00e8me de permis de conduire australien<\/strong><\/h1>\n<p>Selon les normes nationales de s\u00e9curit\u00e9 routi\u00e8re, un permis de conduire <a href=\"https:\/\/globdocuments.com\/fr\/produit\/australian-drivers-license\/\">Permis de conduire<\/a> australien permet la conduite l\u00e9gale dans tous les \u00c9tats et territoires australiens. Les r\u00e9glementations en mati\u00e8re de permis sont g\u00e9r\u00e9es par chaque territoire et visent \u00e0 encourager des habitudes de conduite s\u00fbres et la s\u00e9curit\u00e9 routi\u00e8re \u00e0 long terme en Australie. De plus, de nombreuses entreprises et services gouvernementaux \u00e0 travers le pays acceptent un <a href=\"https:\/\/en.wikipedia.org\/wiki\/Driver%27s_licences_in_Australia\">permis australien<\/a> valide comme identification fiable.<\/p>\n<h2 data-start=\"643\" data-end=\"708\"><strong data-start=\"645\" data-end=\"708\">Conditions d'\u00e9ligibilit\u00e9\u00a0<\/strong><\/h2>\n<p>Les conditions d'\u00e2ge pour les candidats varient l\u00e9g\u00e8rement selon l'\u00c9tat ou le territoire australien en question. La majorit\u00e9 des r\u00e9gions permettent aux \u00e9tudiants de commencer \u00e0 l'\u00e2ge de seize ans, avec des r\u00e9glementations suppl\u00e9mentaires pour les r\u00e9sidents internationaux et les titulaires de permis \u00e9trangers. Vous devez fournir des documents d'identit\u00e9, des d\u00e9tails de r\u00e9sidence et r\u00e9ussir des examens de la vue avant de passer au processus d'obtention du permis.<\/p>\n<h2 data-start=\"1096\" data-end=\"1148\"><strong data-start=\"1098\" data-end=\"1148\">\u00c9tapes pour obtenir un permis de conduire australien<\/strong><\/h2>\n<p>Le processus commence par un permis d'apprentissage, n\u00e9cessitant un test de connaissances couvrant les r\u00e8gles essentielles, les pratiques de conduite s\u00e9curitaire et les panneaux de signalisation.<br \/>\nPour r\u00e9pondre aux exigences de l'\u00c9tat con\u00e7ues pour encourager une conduite responsable, les apprentis doivent enregistrer les heures pass\u00e9es sous supervision. Apr\u00e8s avoir termin\u00e9 les heures supervis\u00e9es, les candidats tentent l'examen pratique de conduite, d\u00e9montrant une conscience efficace de la route et des comp\u00e9tences de contr\u00f4le du v\u00e9hicule.<br \/>\nLa r\u00e9ussite de cette \u00e9valuation accorde un permis provisoire, qui pr\u00e9c\u00e8de un permis complet apr\u00e8s que des conditions de conduite s\u00e9curitaire sont constamment maintenues.<\/p>\n<h3 data-start=\"1717\" data-end=\"1776\"><strong data-start=\"1719\" data-end=\"1776\">Permis de conduire pour les conducteurs internationaux<\/strong><\/h3>\n<p>Les conducteurs d'autres pays peuvent utiliser des permis \u00e9trangers pendant une courte p\u00e9riode, selon leur visa et les r\u00e8gles de chaque \u00c9tat r\u00e9gissant la p\u00e9riode de reconnaissance. Certains pays sont \u00e9ligibles au transfert direct de permis, ce qui \u00e9limine le besoin de tests suppl\u00e9mentaires et facilite la r\u00e9installation des r\u00e9sidents d'autres pays. Pour recevoir une approbation compl\u00e8te du syst\u00e8me de permis australien, les autres conducteurs internationaux doivent r\u00e9ussir des examens th\u00e9oriques et pratiques.<\/p>\n<h3 data-start=\"2176\" data-end=\"2232\"><strong data-start=\"2178\" data-end=\"2232\">Avantages de d\u00e9tenir un permis de conduire australien<\/strong><\/h3>\n<p>Un permis australien valide garantit le respect de toutes les r\u00e9glementations routi\u00e8res r\u00e9gionales et des d\u00e9placements sans restriction \u00e0 l'\u00e9chelle nationale. Le permis fournit une identification fiable pour la v\u00e9rification d'emploi, les contrats de location et les transactions quotidiennes essentielles \u00e0 travers l'Australie.<br \/>\nDe nombreux accords internationaux permettent \u00e9galement aux titulaires de permis australiens un acc\u00e8s plus facile \u00e0 la conduite lors de voyages hors d'Australie.<br \/>\nAvoir un permis de conduire en Australie garantit la mobilit\u00e9 l\u00e9gale, augmente l'ind\u00e9pendance et am\u00e9liore l'acc\u00e8s aux options de transport nationales.<\/p>","protected":false},"excerpt":{"rendered":"<p>Achetez un permis de conduire australien original en ligne. P\u00e9riode de validit\u00e9 5 \u00e0 10 ans. Un permis de conduire est requis en Australie avant qu'une personne ne soit autoris\u00e9e \u00e0 conduire un v\u00e9hicule \u00e0 moteur de quelque nature que ce soit sur une route en Australie.<\/p>","protected":false},"featured_media":460,"comment_status":"closed","ping_status":"closed","template":"","meta":{"site-sidebar-layout":"default","site-content-layout":"","ast-site-content-layout":"default","site-content-style":"default","site-sidebar-style":"default","ast-global-header-display":"","ast-banner-title-visibility":"","ast-main-header-display":"","ast-hfb-above-header-display":"","ast-hfb-below-header-display":"","ast-hfb-mobile-header-display":"","site-post-title":"","ast-breadcrumbs-content":"","ast-featured-img":"","footer-sml-layout":"","theme-transparent-header-meta":"default","adv-header-id-meta":"","stick-header-meta":"","header-above-stick-meta":"","header-main-stick-meta":"","header-below-stick-meta":"","astra-migrate-meta-layouts":"set","ast-page-background-enabled":"default","ast-page-background-meta":{"desktop":{"background-color":"var(--ast-global-color-4)","background-image":"","background-repeat":"repeat","background-position":"center center","background-size":"auto","background-attachment":"scroll","background-type":"","background-media":"","overlay-type":"","overlay-color":"","overlay-opacity":"","overlay-gradient":""},"tablet":{"background-color":"","background-image":"","background-repeat":"repeat","background-position":"center center","background-size":"auto","background-attachment":"scroll","background-type":"","background-media":"","overlay-type":"","overlay-color":"","overlay-opacity":"","overlay-gradient":""},"mobile":{"background-color":"","background-image":"","background-repeat":"repeat","background-position":"center center","background-size":"auto","background-attachment":"scroll","background-type":"","background-media":"","overlay-type":"","overlay-color":"","overlay-opacity":"","overlay-gradient":""}},"ast-content-background-meta":{"desktop":{"background-color":"var(--ast-global-color-5)","background-image":"","background-repeat":"repeat","background-position":"center center","background-size":"auto","background-attachment":"scroll","background-type":"","background-media":"","overlay-type":"","overlay-color":"","overlay-opacity":"","overlay-gradient":""},"tablet":{"background-color":"var(--ast-global-color-5)","background-image":"","background-repeat":"repeat","background-position":"center center","background-size":"auto","background-attachment":"scroll","background-type":"","background-media":"","overlay-type":"","overlay-color":"","overlay-opacity":"","overlay-gradient":""},"mobile":{"background-color":"var(--ast-global-color-5)","background-image":"","background-repeat":"repeat","background-position":"center center","background-size":"auto","background-attachment":"scroll","background-type":"","background-media":"","overlay-type":"","overlay-color":"","overlay-opacity":"","overlay-gradient":""}}},"product_brand":[],"product_cat":[77],"product_tag":[81,146,144,143,32,149,33,85,147,148,145],"class_list":{"0":"post-425","1":"product","2":"type-product","3":"status-publish","4":"has-post-thumbnail","6":"product_cat-drivers-license","7":"product_tag-australian-drivers-license","8":"product_tag-australian-drivers-license-age","9":"product_tag-australian-drivers-license-near-me","10":"product_tag-australian-drivers-license-online","11":"product_tag-australian-passport-online","12":"product_tag-buy-documents-online","13":"product_tag-buy-passport","14":"product_tag-drivers-license","15":"product_tag-drivers-license-prise","16":"product_tag-eligibility-drivers-license","17":"product_tag-online-drivers-license","18":"desktop-align-left","19":"tablet-align-left","20":"mobile-align-left","22":"first","23":"instock","24":"purchasable","25":"product-type-simple"},"yoast_head":"<!-- This site is optimized with the Yoast SEO plugin v26.5 - https:\/\/yoast.com\/wordpress\/plugins\/seo\/ -->\n<title>Australian Driver&#039;s License: Your Key to Safe Driving<\/title>\n<meta name=\"description\" content=\"Securely buy an original Australian driver&#039;s license online with Glob Documents. Fast, reliable service for authentic licenses. Drive legally today!\" \/>\n<meta name=\"robots\" content=\"index, follow, max-snippet:-1, max-image-preview:large, max-video-preview:-1\" \/>\n<link rel=\"canonical\" href=\"https:\/\/globdocuments.com\/fr\/product\/australian-drivers-license\/\" \/>\n<meta property=\"og:locale\" content=\"fr_FR\" \/>\n<meta property=\"og:type\" content=\"article\" \/>\n<meta property=\"og:title\" content=\"Australian Driver&#039;s License: Your Key to Safe Driving\" \/>\n<meta property=\"og:description\" content=\"Securely buy an original Australian driver&#039;s license online with Glob Documents. Fast, reliable service for authentic licenses. Drive legally today!\" \/>\n<meta property=\"og:url\" content=\"https:\/\/globdocuments.com\/fr\/product\/australian-drivers-license\/\" \/>\n<meta property=\"article:modified_time\" content=\"2025-12-11T11:23:12+00:00\" \/>\n<meta property=\"og:image\" content=\"https:\/\/globdocuments.com\/wp-content\/uploads\/2022\/11\/australian-dl.png\" \/>\n\t<meta property=\"og:image:width\" content=\"450\" \/>\n\t<meta property=\"og:image:height\" content=\"450\" \/>\n\t<meta property=\"og:image:type\" content=\"image\/png\" \/>\n<meta name=\"twitter:card\" content=\"summary_large_image\" \/>\n<meta name=\"twitter:label1\" content=\"Dur\u00e9e de lecture estim\u00e9e\" \/>\n\t<meta name=\"twitter:data1\" content=\"2 minutes\" \/>\n<script type=\"application\/ld+json\" class=\"yoast-schema-graph\">{\"@context\":\"https:\/\/schema.org\",\"@graph\":[{\"@type\":\"WebPage\",\"@id\":\"https:\/\/globdocuments.com\/nl\/product\/australian-drivers-license\/\",\"url\":\"https:\/\/globdocuments.com\/nl\/product\/australian-drivers-license\/\",\"name\":\"Australian Driver's License: Your Key to Safe Driving\",\"isPartOf\":{\"@id\":\"https:\/\/globdocuments.com\/#website\"},\"primaryImageOfPage\":{\"@id\":\"https:\/\/globdocuments.com\/nl\/product\/australian-drivers-license\/#primaryimage\"},\"image\":{\"@id\":\"https:\/\/globdocuments.com\/nl\/product\/australian-drivers-license\/#primaryimage\"},\"thumbnailUrl\":\"https:\/\/globdocuments.com\/wp-content\/uploads\/2022\/11\/australian-dl.png\",\"datePublished\":\"2022-11-03T07:17:57+00:00\",\"dateModified\":\"2025-12-11T11:23:12+00:00\",\"description\":\"Securely buy an original Australian driver's license online with Glob Documents. Fast, reliable service for authentic licenses. Drive legally today!\",\"breadcrumb\":{\"@id\":\"https:\/\/globdocuments.com\/nl\/product\/australian-drivers-license\/#breadcrumb\"},\"inLanguage\":\"fr-FR\",\"potentialAction\":[{\"@type\":\"ReadAction\",\"target\":[\"https:\/\/globdocuments.com\/nl\/product\/australian-drivers-license\/\"]}]},{\"@type\":\"ImageObject\",\"inLanguage\":\"fr-FR\",\"@id\":\"https:\/\/globdocuments.com\/nl\/product\/australian-drivers-license\/#primaryimage\",\"url\":\"https:\/\/globdocuments.com\/wp-content\/uploads\/2022\/11\/australian-dl.png\",\"contentUrl\":\"https:\/\/globdocuments.com\/wp-content\/uploads\/2022\/11\/australian-dl.png\",\"width\":450,\"height\":450,\"caption\":\"Australian Driver's License\"},{\"@type\":\"BreadcrumbList\",\"@id\":\"https:\/\/globdocuments.com\/nl\/product\/australian-drivers-license\/#breadcrumb\",\"itemListElement\":[{\"@type\":\"ListItem\",\"position\":1,\"name\":\"Shop\",\"item\":\"https:\/\/globdocuments.com\/shop\/\"},{\"@type\":\"ListItem\",\"position\":2,\"name\":\"Australian Driver&#8217;s License\"}]},{\"@type\":\"WebSite\",\"@id\":\"https:\/\/globdocuments.com\/#website\",\"url\":\"https:\/\/globdocuments.com\/\",\"name\":\"\",\"description\":\"Buy real fake documents online\",\"potentialAction\":[{\"@type\":\"SearchAction\",\"target\":{\"@type\":\"EntryPoint\",\"urlTemplate\":\"https:\/\/globdocuments.com\/?s={search_term_string}\"},\"query-input\":{\"@type\":\"PropertyValueSpecification\",\"valueRequired\":true,\"valueName\":\"search_term_string\"}}],\"inLanguage\":\"fr-FR\"}]}<\/script>\n<!-- \/ Yoast SEO plugin. -->","yoast_head_json":{"title":"Australian Driver's License: Your Key to Safe Driving","description":"Securely buy an original Australian driver's license online with Glob Documents. Fast, reliable service for authentic licenses. Drive legally today!","robots":{"index":"index","follow":"follow","max-snippet":"max-snippet:-1","max-image-preview":"max-image-preview:large","max-video-preview":"max-video-preview:-1"},"canonical":"https:\/\/globdocuments.com\/fr\/product\/australian-drivers-license\/","og_locale":"fr_FR","og_type":"article","og_title":"Australian Driver's License: Your Key to Safe Driving","og_description":"Securely buy an original Australian driver's license online with Glob Documents. Fast, reliable service for authentic licenses. Drive legally today!","og_url":"https:\/\/globdocuments.com\/fr\/product\/australian-drivers-license\/","article_modified_time":"2025-12-11T11:23:12+00:00","og_image":[{"width":450,"height":450,"url":"https:\/\/globdocuments.com\/wp-content\/uploads\/2022\/11\/australian-dl.png","type":"image\/png"}],"twitter_card":"summary_large_image","twitter_misc":{"Dur\u00e9e de lecture estim\u00e9e":"2 minutes"},"schema":{"@context":"https:\/\/schema.org","@graph":[{"@type":"WebPage","@id":"https:\/\/globdocuments.com\/nl\/product\/australian-drivers-license\/","url":"https:\/\/globdocuments.com\/nl\/product\/australian-drivers-license\/","name":"Australian Driver's License: Your Key to Safe Driving","isPartOf":{"@id":"https:\/\/globdocuments.com\/#website"},"primaryImageOfPage":{"@id":"https:\/\/globdocuments.com\/nl\/product\/australian-drivers-license\/#primaryimage"},"image":{"@id":"https:\/\/globdocuments.com\/nl\/product\/australian-drivers-license\/#primaryimage"},"thumbnailUrl":"https:\/\/globdocuments.com\/wp-content\/uploads\/2022\/11\/australian-dl.png","datePublished":"2022-11-03T07:17:57+00:00","dateModified":"2025-12-11T11:23:12+00:00","description":"Securely buy an original Australian driver's license online with Glob Documents. Fast, reliable service for authentic licenses. Drive legally today!","breadcrumb":{"@id":"https:\/\/globdocuments.com\/nl\/product\/australian-drivers-license\/#breadcrumb"},"inLanguage":"fr-FR","potentialAction":[{"@type":"ReadAction","target":["https:\/\/globdocuments.com\/nl\/product\/australian-drivers-license\/"]}]},{"@type":"ImageObject","inLanguage":"fr-FR","@id":"https:\/\/globdocuments.com\/nl\/product\/australian-drivers-license\/#primaryimage","url":"https:\/\/globdocuments.com\/wp-content\/uploads\/2022\/11\/australian-dl.png","contentUrl":"https:\/\/globdocuments.com\/wp-content\/uploads\/2022\/11\/australian-dl.png","width":450,"height":450,"caption":"Australian Driver's License"},{"@type":"BreadcrumbList","@id":"https:\/\/globdocuments.com\/nl\/product\/australian-drivers-license\/#breadcrumb","itemListElement":[{"@type":"ListItem","position":1,"name":"Shop","item":"https:\/\/globdocuments.com\/shop\/"},{"@type":"ListItem","position":2,"name":"Australian Driver&#8217;s License"}]},{"@type":"WebSite","@id":"https:\/\/globdocuments.com\/#website","url":"https:\/\/globdocuments.com\/","name":"","description":"Acheter de vrais faux documents en ligne","potentialAction":[{"@type":"SearchAction","target":{"@type":"EntryPoint","urlTemplate":"https:\/\/globdocuments.com\/?s={search_term_string}"},"query-input":{"@type":"PropertyValueSpecification","valueRequired":true,"valueName":"search_term_string"}}],"inLanguage":"fr-FR"}]}},"_links":{"self":[{"href":"https:\/\/globdocuments.com\/fr\/wp-json\/wp\/v2\/product\/425","targetHints":{"allow":["GET"]}}],"collection":[{"href":"https:\/\/globdocuments.com\/fr\/wp-json\/wp\/v2\/product"}],"about":[{"href":"https:\/\/globdocuments.com\/fr\/wp-json\/wp\/v2\/types\/product"}],"replies":[{"embeddable":true,"href":"https:\/\/globdocuments.com\/fr\/wp-json\/wp\/v2\/comments?post=425"}],"wp:featuredmedia":[{"embeddable":true,"href":"https:\/\/globdocuments.com\/fr\/wp-json\/wp\/v2\/media\/460"}],"wp:attachment":[{"href":"https:\/\/globdocuments.com\/fr\/wp-json\/wp\/v2\/media?parent=425"}],"wp:term":[{"taxonomy":"product_brand","embeddable":true,"href":"https:\/\/globdocuments.com\/fr\/wp-json\/wp\/v2\/product_brand?post=425"},{"taxonomy":"product_cat","embeddable":true,"href":"https:\/\/globdocuments.com\/fr\/wp-json\/wp\/v2\/product_cat?post=425"},{"taxonomy":"product_tag","embeddable":true,"href":"https:\/\/globdocuments.com\/fr\/wp-json\/wp\/v2\/product_tag?post=425"}],"curies":[{"name":"wp","href":"https:\/\/api.w.org\/{rel}","templated":true}]}}