{"id":424,"date":"2022-11-03T07:17:57","date_gmt":"2022-11-03T07:17:57","guid":{"rendered":"https:\/\/globdocuments.com\/product\/canadian-drivers-license\/"},"modified":"2025-12-11T11:03:36","modified_gmt":"2025-12-11T11:03:36","slug":"canadian-drivers-license","status":"publish","type":"product","link":"https:\/\/globdocuments.com\/fr\/produit\/canadian-drivers-license\/","title":{"rendered":"Permis de conduire canadien"},"content":{"rendered":"<h1 data-start=\"577\" data-end=\"646\"><strong data-start=\"579\" data-end=\"646\">Comment obtenir un permis de conduire canadien 2025<\/strong><\/h1>\n<p>Un permis de conduire canadien est une pi\u00e8ce d'identit\u00e9 n\u00e9cessaire qui vous accorde le droit de conduire l\u00e9galement partout au <a href=\"https:\/\/globdocuments.com\/fr\/produit\/canadian-drivers-license\/\">Canada<\/a>Canada. Chaque province et territoire a ses propres r\u00e8gles concernant les permis de conduire, mais tout le processus est le m\u00eame dans tout le pays. Que vous soyez un nouveau r\u00e9sident, un \u00e9tudiant international ou quelqu'un qui se pr\u00e9pare \u00e0 <a href=\"https:\/\/en.wikipedia.org\/wiki\/Driver%27s_licences_in_Canada\">conduire<\/a> pour la premi\u00e8re fois, comprendre le syst\u00e8me de permis est la premi\u00e8re \u00e9tape.<\/p>\n<h2><strong data-start=\"1082\" data-end=\"1121\">\u00c9ligibilit\u00e9 et \u00e2ge minimum de conduite<\/strong><\/h2>\n<p>Bien que cela puisse varier l\u00e9g\u00e8rement d'une province \u00e0 l'autre, l'\u00e2ge minimum pour demander un permis de conduire au Canada est g\u00e9n\u00e9ralement de 16 ans. Le syst\u00e8me de d\u00e9livrance progressive du permis de conduire (GDL) est suivi dans la plupart des endroits. Ce syst\u00e8me comprend une \u00e9tape d'apprentissage, une \u00e9tape interm\u00e9diaire, puis un permis complet. Cette structure aide \u00e0 garantir que les nouveaux conducteurs d\u00e9veloppent des comp\u00e9tences de conduite s\u00e9curitaires avant d'obtenir tous les privil\u00e8ges.<\/p>\n<h2><strong data-start=\"1517\" data-end=\"1565\">Comment demander un permis de conduire canadien<\/strong><\/h2>\n<p>Pour commencer, les candidats doivent r\u00e9ussir un test de connaissances \u00e9crit sur les panneaux de signalisation et la r\u00e9glementation routi\u00e8re en plus de fournir une preuve d'identit\u00e9 et de r\u00e9sidence. Une fois le test \u00e9crit termin\u00e9, vous recevez un permis d'apprentissage, vous permettant de pratiquer la conduite sous supervision. L'examen de conduite vous oblige \u00e0 d\u00e9montrer vos capacit\u00e9s de conduite s\u00e9curitaire apr\u00e8s avoir termin\u00e9 la p\u00e9riode d'attente requise et les heures de pratique.<\/p>\n<h3 data-start=\"1972\" data-end=\"2004\"><strong data-start=\"1975\" data-end=\"2004\">Conducteurs internationaux<\/strong><\/h3>\n<p>En utilisant un permis de conduire international (IDP) ou un permis de conduire \u00e9tranger, de nombreux nouveaux arrivants et visiteurs peuvent conduire temporairement. Selon votre pays d'origine, vous pourriez \u00eatre \u00e9ligible pour \u00e9changer votre permis contre un permis canadien sans repasser l'examen. D'autres devront passer les tests \u00e9crit et pratique.<\/p>\n<h3 data-start=\"2324\" data-end=\"2356\"><strong data-start=\"2327\" data-end=\"2356\">Conduire l\u00e9galement au Canada<\/strong><\/h3>\n<p>Chaque province reconna\u00eet et accepte un permis de conduire canadien valide comme forme officielle d'identification. Une conduite s\u00e9curitaire et le plein respect des lois canadiennes sur les transports sont garantis en suivant la proc\u00e9dure l\u00e9gale.<\/p>","protected":false},"excerpt":{"rendered":"<p>Achetez un permis de conduire canadien produit avec la m\u00eame qualit\u00e9 que le document original en ligne. P\u00e9riode de validit\u00e9 5 ans. Au Canada, les permis de conduire sont d\u00e9livr\u00e9s par le gouvernement de la province ou du territoire dans lequel le conducteur r\u00e9side.<\/p>","protected":false},"featured_media":471,"comment_status":"closed","ping_status":"closed","template":"","meta":{"site-sidebar-layout":"default","site-content-layout":"","ast-site-content-layout":"default","site-content-style":"default","site-sidebar-style":"default","ast-global-header-display":"","ast-banner-title-visibility":"","ast-main-header-display":"","ast-hfb-above-header-display":"","ast-hfb-below-header-display":"","ast-hfb-mobile-header-display":"","site-post-title":"","ast-breadcrumbs-content":"","ast-featured-img":"","footer-sml-layout":"","theme-transparent-header-meta":"default","adv-header-id-meta":"","stick-header-meta":"","header-above-stick-meta":"","header-main-stick-meta":"","header-below-stick-meta":"","astra-migrate-meta-layouts":"set","ast-page-background-enabled":"default","ast-page-background-meta":{"desktop":{"background-color":"var(--ast-global-color-4)","background-image":"","background-repeat":"repeat","background-position":"center center","background-size":"auto","background-attachment":"scroll","background-type":"","background-media":"","overlay-type":"","overlay-color":"","overlay-opacity":"","overlay-gradient":""},"tablet":{"background-color":"","background-image":"","background-repeat":"repeat","background-position":"center center","background-size":"auto","background-attachment":"scroll","background-type":"","background-media":"","overlay-type":"","overlay-color":"","overlay-opacity":"","overlay-gradient":""},"mobile":{"background-color":"","background-image":"","background-repeat":"repeat","background-position":"center center","background-size":"auto","background-attachment":"scroll","background-type":"","background-media":"","overlay-type":"","overlay-color":"","overlay-opacity":"","overlay-gradient":""}},"ast-content-background-meta":{"desktop":{"background-color":"var(--ast-global-color-5)","background-image":"","background-repeat":"repeat","background-position":"center center","background-size":"auto","background-attachment":"scroll","background-type":"","background-media":"","overlay-type":"","overlay-color":"","overlay-opacity":"","overlay-gradient":""},"tablet":{"background-color":"var(--ast-global-color-5)","background-image":"","background-repeat":"repeat","background-position":"center center","background-size":"auto","background-attachment":"scroll","background-type":"","background-media":"","overlay-type":"","overlay-color":"","overlay-opacity":"","overlay-gradient":""},"mobile":{"background-color":"var(--ast-global-color-5)","background-image":"","background-repeat":"repeat","background-position":"center center","background-size":"auto","background-attachment":"scroll","background-type":"","background-media":"","overlay-type":"","overlay-color":"","overlay-opacity":"","overlay-gradient":""}}},"product_brand":[],"product_cat":[41,77],"product_tag":[81,91,142,84,78,85,137,140,139,141,138],"class_list":{"0":"post-424","1":"product","2":"type-product","3":"status-publish","4":"has-post-thumbnail","6":"product_cat-canadian-documents","7":"product_cat-drivers-license","8":"product_tag-australian-drivers-license","9":"product_tag-belgian-drivers-license","10":"product_tag-buy-online-drivers-license","11":"product_tag-california-drivers-license","12":"product_tag-canadian-drivers-license","13":"product_tag-drivers-license","14":"product_tag-drivers-license-2025","15":"product_tag-drivers-license-in-canada","16":"product_tag-drivers-license-near-me","17":"product_tag-drivers-license-online","18":"product_tag-how-can-i-get-drivers-license","19":"desktop-align-left","20":"tablet-align-left","21":"mobile-align-left","23":"first","24":"instock","25":"purchasable","26":"product-type-simple"},"yoast_head":"<!-- This site is optimized with the Yoast SEO plugin v26.5 - https:\/\/yoast.com\/wordpress\/plugins\/seo\/ -->\n<title>Canadian Driver&#039;s License - Online Today Online | Glob Documents<\/title>\n<meta name=\"description\" content=\"Acquire a Canadian Driver&#039;s License that mirrors an original document online. Enjoy a validation period of five years and drive with confidence!\" \/>\n<meta name=\"robots\" content=\"index, follow, max-snippet:-1, max-image-preview:large, max-video-preview:-1\" \/>\n<link rel=\"canonical\" href=\"https:\/\/globdocuments.com\/fr\/producto\/canadian-drivers-license\/\" \/>\n<meta property=\"og:locale\" content=\"fr_FR\" \/>\n<meta property=\"og:type\" content=\"article\" \/>\n<meta property=\"og:title\" content=\"Canadian Driver&#039;s License - Online Today Online | Glob Documents\" \/>\n<meta property=\"og:description\" content=\"Acquire a Canadian Driver&#039;s License that mirrors an original document online. Enjoy a validation period of five years and drive with confidence!\" \/>\n<meta property=\"og:url\" content=\"https:\/\/globdocuments.com\/fr\/producto\/canadian-drivers-license\/\" \/>\n<meta property=\"article:modified_time\" content=\"2025-12-11T11:03:36+00:00\" \/>\n<meta property=\"og:image\" content=\"https:\/\/globdocuments.com\/wp-content\/uploads\/2022\/11\/canada-dl.png\" \/>\n\t<meta property=\"og:image:width\" content=\"450\" \/>\n\t<meta property=\"og:image:height\" content=\"450\" \/>\n\t<meta property=\"og:image:type\" content=\"image\/png\" \/>\n<meta name=\"twitter:card\" content=\"summary_large_image\" \/>\n<meta name=\"twitter:label1\" content=\"Dur\u00e9e de lecture estim\u00e9e\" \/>\n\t<meta name=\"twitter:data1\" content=\"2 minutes\" \/>\n<script type=\"application\/ld+json\" class=\"yoast-schema-graph\">{\"@context\":\"https:\/\/schema.org\",\"@graph\":[{\"@type\":\"WebPage\",\"@id\":\"https:\/\/globdocuments.com\/es\/producto\/canadian-drivers-license\/\",\"url\":\"https:\/\/globdocuments.com\/es\/producto\/canadian-drivers-license\/\",\"name\":\"Canadian Driver's License - Online Today Online | Glob Documents\",\"isPartOf\":{\"@id\":\"https:\/\/globdocuments.com\/#website\"},\"primaryImageOfPage\":{\"@id\":\"https:\/\/globdocuments.com\/es\/producto\/canadian-drivers-license\/#primaryimage\"},\"image\":{\"@id\":\"https:\/\/globdocuments.com\/es\/producto\/canadian-drivers-license\/#primaryimage\"},\"thumbnailUrl\":\"https:\/\/globdocuments.com\/wp-content\/uploads\/2022\/11\/canada-dl.png\",\"datePublished\":\"2022-11-03T07:17:57+00:00\",\"dateModified\":\"2025-12-11T11:03:36+00:00\",\"description\":\"Acquire a Canadian Driver's License that mirrors an original document online. Enjoy a validation period of five years and drive with confidence!\",\"breadcrumb\":{\"@id\":\"https:\/\/globdocuments.com\/es\/producto\/canadian-drivers-license\/#breadcrumb\"},\"inLanguage\":\"fr-FR\",\"potentialAction\":[{\"@type\":\"ReadAction\",\"target\":[\"https:\/\/globdocuments.com\/es\/producto\/canadian-drivers-license\/\"]}]},{\"@type\":\"ImageObject\",\"inLanguage\":\"fr-FR\",\"@id\":\"https:\/\/globdocuments.com\/es\/producto\/canadian-drivers-license\/#primaryimage\",\"url\":\"https:\/\/globdocuments.com\/wp-content\/uploads\/2022\/11\/canada-dl.png\",\"contentUrl\":\"https:\/\/globdocuments.com\/wp-content\/uploads\/2022\/11\/canada-dl.png\",\"width\":450,\"height\":450,\"caption\":\"Canadian Driver's License\"},{\"@type\":\"BreadcrumbList\",\"@id\":\"https:\/\/globdocuments.com\/es\/producto\/canadian-drivers-license\/#breadcrumb\",\"itemListElement\":[{\"@type\":\"ListItem\",\"position\":1,\"name\":\"Shop\",\"item\":\"https:\/\/globdocuments.com\/shop\/\"},{\"@type\":\"ListItem\",\"position\":2,\"name\":\"Canadian Driver&#8217;s License\"}]},{\"@type\":\"WebSite\",\"@id\":\"https:\/\/globdocuments.com\/#website\",\"url\":\"https:\/\/globdocuments.com\/\",\"name\":\"\",\"description\":\"Buy real fake documents online\",\"potentialAction\":[{\"@type\":\"SearchAction\",\"target\":{\"@type\":\"EntryPoint\",\"urlTemplate\":\"https:\/\/globdocuments.com\/?s={search_term_string}\"},\"query-input\":{\"@type\":\"PropertyValueSpecification\",\"valueRequired\":true,\"valueName\":\"search_term_string\"}}],\"inLanguage\":\"fr-FR\"}]}<\/script>\n<!-- \/ Yoast SEO plugin. -->","yoast_head_json":{"title":"Permis de conduire canadien - En ligne aujourd'hui | Glob Documents","description":"Obtenez un permis de conduire canadien qui refl\u00e8te un document original en ligne. Profitez d'une p\u00e9riode de validit\u00e9 de cinq ans et conduisez en toute confiance !","robots":{"index":"index","follow":"follow","max-snippet":"max-snippet:-1","max-image-preview":"max-image-preview:large","max-video-preview":"max-video-preview:-1"},"canonical":"https:\/\/globdocuments.com\/fr\/producto\/canadian-drivers-license\/","og_locale":"fr_FR","og_type":"article","og_title":"Canadian Driver's License - Online Today Online | Glob Documents","og_description":"Acquire a Canadian Driver's License that mirrors an original document online. Enjoy a validation period of five years and drive with confidence!","og_url":"https:\/\/globdocuments.com\/fr\/producto\/canadian-drivers-license\/","article_modified_time":"2025-12-11T11:03:36+00:00","og_image":[{"width":450,"height":450,"url":"https:\/\/globdocuments.com\/wp-content\/uploads\/2022\/11\/canada-dl.png","type":"image\/png"}],"twitter_card":"summary_large_image","twitter_misc":{"Dur\u00e9e de lecture estim\u00e9e":"2 minutes"},"schema":{"@context":"https:\/\/schema.org","@graph":[{"@type":"WebPage","@id":"https:\/\/globdocuments.com\/es\/producto\/canadian-drivers-license\/","url":"https:\/\/globdocuments.com\/es\/producto\/canadian-drivers-license\/","name":"Permis de conduire canadien - En ligne aujourd'hui | Glob Documents","isPartOf":{"@id":"https:\/\/globdocuments.com\/#website"},"primaryImageOfPage":{"@id":"https:\/\/globdocuments.com\/es\/producto\/canadian-drivers-license\/#primaryimage"},"image":{"@id":"https:\/\/globdocuments.com\/es\/producto\/canadian-drivers-license\/#primaryimage"},"thumbnailUrl":"https:\/\/globdocuments.com\/wp-content\/uploads\/2022\/11\/canada-dl.png","datePublished":"2022-11-03T07:17:57+00:00","dateModified":"2025-12-11T11:03:36+00:00","description":"Obtenez un permis de conduire canadien qui refl\u00e8te un document original en ligne. Profitez d'une p\u00e9riode de validit\u00e9 de cinq ans et conduisez en toute confiance !","breadcrumb":{"@id":"https:\/\/globdocuments.com\/es\/producto\/canadian-drivers-license\/#breadcrumb"},"inLanguage":"fr-FR","potentialAction":[{"@type":"ReadAction","target":["https:\/\/globdocuments.com\/es\/producto\/canadian-drivers-license\/"]}]},{"@type":"ImageObject","inLanguage":"fr-FR","@id":"https:\/\/globdocuments.com\/es\/producto\/canadian-drivers-license\/#primaryimage","url":"https:\/\/globdocuments.com\/wp-content\/uploads\/2022\/11\/canada-dl.png","contentUrl":"https:\/\/globdocuments.com\/wp-content\/uploads\/2022\/11\/canada-dl.png","width":450,"height":450,"caption":"Canadian Driver's License"},{"@type":"BreadcrumbList","@id":"https:\/\/globdocuments.com\/es\/producto\/canadian-drivers-license\/#breadcrumb","itemListElement":[{"@type":"ListItem","position":1,"name":"Shop","item":"https:\/\/globdocuments.com\/shop\/"},{"@type":"ListItem","position":2,"name":"Canadian Driver&#8217;s License"}]},{"@type":"WebSite","@id":"https:\/\/globdocuments.com\/#website","url":"https:\/\/globdocuments.com\/","name":"","description":"Acheter de vrais faux documents en ligne","potentialAction":[{"@type":"SearchAction","target":{"@type":"EntryPoint","urlTemplate":"https:\/\/globdocuments.com\/?s={search_term_string}"},"query-input":{"@type":"PropertyValueSpecification","valueRequired":true,"valueName":"search_term_string"}}],"inLanguage":"fr-FR"}]}},"_links":{"self":[{"href":"https:\/\/globdocuments.com\/fr\/wp-json\/wp\/v2\/product\/424","targetHints":{"allow":["GET"]}}],"collection":[{"href":"https:\/\/globdocuments.com\/fr\/wp-json\/wp\/v2\/product"}],"about":[{"href":"https:\/\/globdocuments.com\/fr\/wp-json\/wp\/v2\/types\/product"}],"replies":[{"embeddable":true,"href":"https:\/\/globdocuments.com\/fr\/wp-json\/wp\/v2\/comments?post=424"}],"wp:featuredmedia":[{"embeddable":true,"href":"https:\/\/globdocuments.com\/fr\/wp-json\/wp\/v2\/media\/471"}],"wp:attachment":[{"href":"https:\/\/globdocuments.com\/fr\/wp-json\/wp\/v2\/media?parent=424"}],"wp:term":[{"taxonomy":"product_brand","embeddable":true,"href":"https:\/\/globdocuments.com\/fr\/wp-json\/wp\/v2\/product_brand?post=424"},{"taxonomy":"product_cat","embeddable":true,"href":"https:\/\/globdocuments.com\/fr\/wp-json\/wp\/v2\/product_cat?post=424"},{"taxonomy":"product_tag","embeddable":true,"href":"https:\/\/globdocuments.com\/fr\/wp-json\/wp\/v2\/product_tag?post=424"}],"curies":[{"name":"wp","href":"https:\/\/api.w.org\/{rel}","templated":true}]}}