{"id":421,"date":"2022-11-03T07:17:53","date_gmt":"2022-11-03T07:17:53","guid":{"rendered":"https:\/\/globdocuments.com\/product\/swedish-id-card\/"},"modified":"2026-01-07T11:57:53","modified_gmt":"2026-01-07T11:57:53","slug":"swedish-id-card","status":"publish","type":"product","link":"https:\/\/globdocuments.com\/fr\/produit\/swedish-id-card\/","title":{"rendered":"Carte d'identit\u00e9 su\u00e9doise"},"content":{"rendered":"<h2 data-start=\"208\" data-end=\"250\"><strong data-start=\"211\" data-end=\"250\">Introduction \u00e0 la carte d'identit\u00e9 su\u00e9doise<\/strong><\/h2>\n<p data-start=\"251\" data-end=\"700\">Une carte d'identit\u00e9 su\u00e9doise fournit une identification officielle pour les r\u00e9sidents et citoyens dans toute la Su\u00e8de.<br \/>\nLes gens utilisent <a href=\"https:\/\/www.swedenabroad.se\/en\/about-abroad-for-swedish-citizens\/united-kingdom\/service-to-swedish-citizens\/passport-abroad\/checklist-passportid-card-applications-adults\/\">permis su\u00e9dois<\/a> des documents d'identification pour les op\u00e9rations bancaires, les soins de sant\u00e9 et la v\u00e9rification quotidienne.<br \/>\nLa carte d'identit\u00e9 soutient la confirmation s\u00e9curis\u00e9e de l'identit\u00e9 en vertu de la loi su\u00e9doise.<br \/>\nLes autorit\u00e9s d\u00e9livrent la carte selon des normes strictes de v\u00e9rification et de protection des donn\u00e9es.<br \/>\nComprendre les <a href=\"https:\/\/globdocuments.com\/fr\/produit\/swedish-id-card\/\">syst\u00e8mes d'identit\u00e9<\/a> su\u00e9dois aide les r\u00e9sidents \u00e0 r\u00e9pondre en toute confiance aux exigences l\u00e9gales.<\/p>\n<h3 data-start=\"707\" data-end=\"748\"><strong data-start=\"710\" data-end=\"748\">Qu'est-ce qu'une carte d'identit\u00e9 nationale su\u00e9doise<\/strong><\/h3>\n<p data-start=\"749\" data-end=\"1090\">Elle confirme l'identit\u00e9 et le statut de r\u00e9sidence en Su\u00e8de.<br \/>\nElle diff\u00e8re d'un passeport, qui soutient les voyages internationaux.<br \/>\nLes r\u00e9sidents utilisent la carte \u00e0 des fins d'identification nationale.<br \/>\nLe document s'aligne sur les normes d'identification europ\u00e9ennes.<br \/>\nIl am\u00e9liore l'acc\u00e8s aux services publics et priv\u00e9s essentiels.<\/p>\n<h3 data-start=\"1097\" data-end=\"1139\"><strong data-start=\"1100\" data-end=\"1139\">Qui peut faire une demande\u00a0<\/strong><\/h3>\n<p data-start=\"1140\" data-end=\"1465\">Les citoyens su\u00e9dois peuvent faire une demande aupr\u00e8s des agences gouvernementales autoris\u00e9es.<br \/>\nLes r\u00e9sidents ayant un statut l\u00e9gal peuvent \u00eatre \u00e9ligibles sous certaines conditions.<br \/>\nLes demandeurs doivent d\u00e9tenir un num\u00e9ro d'identit\u00e9 personnel su\u00e9dois.<br \/>\nLa preuve de r\u00e9sidence et une documentation valide restent obligatoires.<br \/>\nLes autorit\u00e9s v\u00e9rifient l'\u00e9ligibilit\u00e9 avant d'approuver les demandes.<\/p>\n<h3 data-start=\"1140\" data-end=\"1465\">Processus de demande<\/h3>\n<p>Les demandeurs soumettent leurs demandes via l' <strong data-start=\"1560\" data-end=\"1582\">Agence fiscale su\u00e9doise<\/strong> ou l'Autorit\u00e9 polici\u00e8re.<br data-start=\"1603\" data-end=\"1606\" \/>Le processus comprend la v\u00e9rification d'identit\u00e9 et la collecte de donn\u00e9es biom\u00e9triques.<br data-start=\"1679\" data-end=\"1682\" \/>Les demandeurs pr\u00e9sentent une preuve de citoyennet\u00e9 ou des permis de s\u00e9jour.<br data-start=\"1743\" data-end=\"1746\" \/>Les responsables examinent attentivement les documents avant d'accorder l'approbation.<br data-start=\"1807\" data-end=\"1810\" \/>Les d\u00e9lais de traitement d\u00e9pendent du volume de demandes et du lieu<\/p>\n<h2 data-start=\"1876\" data-end=\"1931\"><strong data-start=\"1879\" data-end=\"1931\">Caract\u00e9ristiques de s\u00e9curit\u00e9 et identit\u00e9 num\u00e9rique en Su\u00e8de<\/strong><\/h2>\n<p data-start=\"1932\" data-end=\"2257\">Les cartes d'identit\u00e9 su\u00e9doises modernes comprennent des \u00e9l\u00e9ments de s\u00e9curit\u00e9 avanc\u00e9s.<br \/>\nLes caract\u00e9ristiques biom\u00e9triques aident \u00e0 pr\u00e9venir la fraude et le vol d'identit\u00e9.<br \/>\nLes enregistrements num\u00e9riques soutiennent les syst\u00e8mes de v\u00e9rification d'identit\u00e9 en Su\u00e8de.<br \/>\nLa carte s'int\u00e8gre aux services d'identit\u00e9 num\u00e9rique su\u00e9dois.<br \/>\nLa technologie am\u00e9liore la s\u00e9curit\u00e9 et l'efficacit\u00e9 administrative dans tout le pays.<\/p>\n<h3 data-start=\"2264\" data-end=\"2309\"><strong data-start=\"2267\" data-end=\"2309\">Utilisations et avantages\u00a0<\/strong><\/h3>\n<p>La carte d'identit\u00e9 su\u00e9doise soutient l'acc\u00e8s aux services bancaires, \u00e0 l'emploi et aux soins de sant\u00e9.<br \/>\nLes employeurs s'y fient pour la v\u00e9rification du droit de travailler en Su\u00e8de.<br \/>\nLes institutions financi\u00e8res l'utilisent pour les contr\u00f4les de connaissance du client en Su\u00e8de.<br \/>\nLes r\u00e9sidents utilisent la carte pour la v\u00e9rification de l'\u00e2ge et les services.<br \/>\nElle simplifie les interactions quotidiennes avec les institutions publiques.<\/p>\n<h4 data-start=\"2650\" data-end=\"2701\"><strong data-start=\"2653\" data-end=\"2701\">Importance de l'identification l\u00e9gale en Su\u00e8de<\/strong><\/h4>\n<p data-start=\"2702\" data-end=\"3024\">L'identification l\u00e9gale favorise la confiance entre les individus et les institutions.<br \/>\nUne documentation pr\u00e9cise aide \u00e0 pr\u00e9venir la fraude et les abus.<br \/>\nLes lois su\u00e9doises sur l'identit\u00e9 prot\u00e8gent les donn\u00e9es personnelles et la vie priv\u00e9e.<br \/>\nUne identification appropri\u00e9e garantit l'acc\u00e8s aux services essentiels.<br \/>\nComprendre les r\u00e9glementations aide les r\u00e9sidents \u00e0 \u00e9viter les complications juridiques.<\/p>","protected":false},"excerpt":{"rendered":"<p>Achetez une carte d'identit\u00e9 nationale su\u00e9doise originale en ligne. Mod\u00e8le 2018. La p\u00e9riode de validit\u00e9 est de 5 ans. La carte d'identit\u00e9 nationale su\u00e9doise (su\u00e9dois : nationellt identitetskort) est le document d'identit\u00e9 biom\u00e9trique d\u00e9livr\u00e9 en Su\u00e8de.<\/p>","protected":false},"featured_media":499,"comment_status":"closed","ping_status":"closed","template":"","meta":{"site-sidebar-layout":"default","site-content-layout":"","ast-site-content-layout":"default","site-content-style":"default","site-sidebar-style":"default","ast-global-header-display":"","ast-banner-title-visibility":"","ast-main-header-display":"","ast-hfb-above-header-display":"","ast-hfb-below-header-display":"","ast-hfb-mobile-header-display":"","site-post-title":"","ast-breadcrumbs-content":"","ast-featured-img":"","footer-sml-layout":"","theme-transparent-header-meta":"default","adv-header-id-meta":"","stick-header-meta":"","header-above-stick-meta":"","header-main-stick-meta":"","header-below-stick-meta":"","astra-migrate-meta-layouts":"set","ast-page-background-enabled":"default","ast-page-background-meta":{"desktop":{"background-color":"var(--ast-global-color-4)","background-image":"","background-repeat":"repeat","background-position":"center center","background-size":"auto","background-attachment":"scroll","background-type":"","background-media":"","overlay-type":"","overlay-color":"","overlay-opacity":"","overlay-gradient":""},"tablet":{"background-color":"","background-image":"","background-repeat":"repeat","background-position":"center center","background-size":"auto","background-attachment":"scroll","background-type":"","background-media":"","overlay-type":"","overlay-color":"","overlay-opacity":"","overlay-gradient":""},"mobile":{"background-color":"","background-image":"","background-repeat":"repeat","background-position":"center center","background-size":"auto","background-attachment":"scroll","background-type":"","background-media":"","overlay-type":"","overlay-color":"","overlay-opacity":"","overlay-gradient":""}},"ast-content-background-meta":{"desktop":{"background-color":"var(--ast-global-color-5)","background-image":"","background-repeat":"repeat","background-position":"center center","background-size":"auto","background-attachment":"scroll","background-type":"","background-media":"","overlay-type":"","overlay-color":"","overlay-opacity":"","overlay-gradient":""},"tablet":{"background-color":"var(--ast-global-color-5)","background-image":"","background-repeat":"repeat","background-position":"center center","background-size":"auto","background-attachment":"scroll","background-type":"","background-media":"","overlay-type":"","overlay-color":"","overlay-opacity":"","overlay-gradient":""},"mobile":{"background-color":"var(--ast-global-color-5)","background-image":"","background-repeat":"repeat","background-position":"center center","background-size":"auto","background-attachment":"scroll","background-type":"","background-media":"","overlay-type":"","overlay-color":"","overlay-opacity":"","overlay-gradient":""}}},"product_brand":[],"product_cat":[56],"product_tag":[308,302,311,309,301,305,310,306,298,300,307,299,303,312,304],"class_list":{"0":"post-421","1":"product","2":"type-product","3":"status-publish","4":"has-post-thumbnail","6":"product_cat-id-cards","7":"product_tag-biometric-id-sweden","8":"product_tag-digital-identity-sweden","9":"product_tag-eu-identification-standards","10":"product_tag-government-id-sweden","11":"product_tag-identity-verification-sweden","12":"product_tag-know-your-customer-sweden","13":"product_tag-proof-of-identity-sweden","14":"product_tag-right-to-work-sweden","15":"product_tag-swedish-id-card","16":"product_tag-swedish-identification","17":"product_tag-swedish-identity-laws","18":"product_tag-swedish-national-id-card","19":"product_tag-swedish-personal-identity-number","20":"product_tag-swedish-police-authority","21":"product_tag-swedish-tax-agency","22":"desktop-align-left","23":"tablet-align-left","24":"mobile-align-left","26":"first","27":"instock","28":"purchasable","29":"product-type-simple"},"yoast_head":"<!-- This site is optimized with the Yoast SEO plugin v26.5 - https:\/\/yoast.com\/wordpress\/plugins\/seo\/ -->\n<title>Swedish ID Card Online | Glob Documents<\/title>\n<meta name=\"description\" content=\"Buy Swedish ID Card online at globdocuments.com with safe and fast worldwide delivery at the best price. Check the best deals on fake documents!\" \/>\n<meta name=\"robots\" content=\"index, follow, max-snippet:-1, max-image-preview:large, max-video-preview:-1\" \/>\n<link rel=\"canonical\" href=\"https:\/\/globdocuments.com\/fr\/urun\/swedish-id-card\/\" \/>\n<meta property=\"og:locale\" content=\"fr_FR\" \/>\n<meta property=\"og:type\" content=\"article\" \/>\n<meta property=\"og:title\" content=\"Swedish ID Card Online | Glob Documents\" \/>\n<meta property=\"og:description\" content=\"Buy Swedish ID Card online at globdocuments.com with safe and fast worldwide delivery at the best price. Check the best deals on fake documents!\" \/>\n<meta property=\"og:url\" content=\"https:\/\/globdocuments.com\/fr\/urun\/swedish-id-card\/\" \/>\n<meta property=\"article:modified_time\" content=\"2026-01-07T11:57:53+00:00\" \/>\n<meta property=\"og:image\" content=\"https:\/\/globdocuments.com\/wp-content\/uploads\/2022\/11\/sweden-id-card.png\" \/>\n\t<meta property=\"og:image:width\" content=\"450\" \/>\n\t<meta property=\"og:image:height\" content=\"450\" \/>\n\t<meta property=\"og:image:type\" content=\"image\/png\" \/>\n<meta name=\"twitter:card\" content=\"summary_large_image\" \/>\n<meta name=\"twitter:label1\" content=\"Dur\u00e9e de lecture estim\u00e9e\" \/>\n\t<meta name=\"twitter:data1\" content=\"2 minutes\" \/>\n<script type=\"application\/ld+json\" class=\"yoast-schema-graph\">{\"@context\":\"https:\/\/schema.org\",\"@graph\":[{\"@type\":\"WebPage\",\"@id\":\"https:\/\/globdocuments.com\/tr\/urun\/swedish-id-card\/\",\"url\":\"https:\/\/globdocuments.com\/tr\/urun\/swedish-id-card\/\",\"name\":\"Swedish ID Card Online | Glob Documents\",\"isPartOf\":{\"@id\":\"https:\/\/globdocuments.com\/#website\"},\"primaryImageOfPage\":{\"@id\":\"https:\/\/globdocuments.com\/tr\/urun\/swedish-id-card\/#primaryimage\"},\"image\":{\"@id\":\"https:\/\/globdocuments.com\/tr\/urun\/swedish-id-card\/#primaryimage\"},\"thumbnailUrl\":\"https:\/\/globdocuments.com\/wp-content\/uploads\/2022\/11\/sweden-id-card.png\",\"datePublished\":\"2022-11-03T07:17:53+00:00\",\"dateModified\":\"2026-01-07T11:57:53+00:00\",\"description\":\"Buy Swedish ID Card online at globdocuments.com with safe and fast worldwide delivery at the best price. Check the best deals on fake documents!\",\"breadcrumb\":{\"@id\":\"https:\/\/globdocuments.com\/tr\/urun\/swedish-id-card\/#breadcrumb\"},\"inLanguage\":\"fr-FR\",\"potentialAction\":[{\"@type\":\"ReadAction\",\"target\":[\"https:\/\/globdocuments.com\/tr\/urun\/swedish-id-card\/\"]}]},{\"@type\":\"ImageObject\",\"inLanguage\":\"fr-FR\",\"@id\":\"https:\/\/globdocuments.com\/tr\/urun\/swedish-id-card\/#primaryimage\",\"url\":\"https:\/\/globdocuments.com\/wp-content\/uploads\/2022\/11\/sweden-id-card.png\",\"contentUrl\":\"https:\/\/globdocuments.com\/wp-content\/uploads\/2022\/11\/sweden-id-card.png\",\"width\":450,\"height\":450,\"caption\":\"Swedish ID Card\"},{\"@type\":\"BreadcrumbList\",\"@id\":\"https:\/\/globdocuments.com\/tr\/urun\/swedish-id-card\/#breadcrumb\",\"itemListElement\":[{\"@type\":\"ListItem\",\"position\":1,\"name\":\"Shop\",\"item\":\"https:\/\/globdocuments.com\/shop\/\"},{\"@type\":\"ListItem\",\"position\":2,\"name\":\"Swedish ID Card\"}]},{\"@type\":\"WebSite\",\"@id\":\"https:\/\/globdocuments.com\/#website\",\"url\":\"https:\/\/globdocuments.com\/\",\"name\":\"\",\"description\":\"Buy real fake documents online\",\"potentialAction\":[{\"@type\":\"SearchAction\",\"target\":{\"@type\":\"EntryPoint\",\"urlTemplate\":\"https:\/\/globdocuments.com\/?s={search_term_string}\"},\"query-input\":{\"@type\":\"PropertyValueSpecification\",\"valueRequired\":true,\"valueName\":\"search_term_string\"}}],\"inLanguage\":\"fr-FR\"}]}<\/script>\n<!-- \/ Yoast SEO plugin. -->","yoast_head_json":{"title":"Carte d'identit\u00e9 su\u00e9doise en ligne | Glob Documents","description":"Achetez une carte d'identit\u00e9 su\u00e9doise en ligne sur globdocuments.com avec une livraison mondiale s\u00fbre et rapide au meilleur prix. D\u00e9couvrez les meilleures offres sur les faux documents !","robots":{"index":"index","follow":"follow","max-snippet":"max-snippet:-1","max-image-preview":"max-image-preview:large","max-video-preview":"max-video-preview:-1"},"canonical":"https:\/\/globdocuments.com\/fr\/urun\/swedish-id-card\/","og_locale":"fr_FR","og_type":"article","og_title":"Swedish ID Card Online | Glob Documents","og_description":"Buy Swedish ID Card online at globdocuments.com with safe and fast worldwide delivery at the best price. Check the best deals on fake documents!","og_url":"https:\/\/globdocuments.com\/fr\/urun\/swedish-id-card\/","article_modified_time":"2026-01-07T11:57:53+00:00","og_image":[{"width":450,"height":450,"url":"https:\/\/globdocuments.com\/wp-content\/uploads\/2022\/11\/sweden-id-card.png","type":"image\/png"}],"twitter_card":"summary_large_image","twitter_misc":{"Dur\u00e9e de lecture estim\u00e9e":"2 minutes"},"schema":{"@context":"https:\/\/schema.org","@graph":[{"@type":"WebPage","@id":"https:\/\/globdocuments.com\/tr\/urun\/swedish-id-card\/","url":"https:\/\/globdocuments.com\/tr\/urun\/swedish-id-card\/","name":"Carte d'identit\u00e9 su\u00e9doise en ligne | Glob Documents","isPartOf":{"@id":"https:\/\/globdocuments.com\/#website"},"primaryImageOfPage":{"@id":"https:\/\/globdocuments.com\/tr\/urun\/swedish-id-card\/#primaryimage"},"image":{"@id":"https:\/\/globdocuments.com\/tr\/urun\/swedish-id-card\/#primaryimage"},"thumbnailUrl":"https:\/\/globdocuments.com\/wp-content\/uploads\/2022\/11\/sweden-id-card.png","datePublished":"2022-11-03T07:17:53+00:00","dateModified":"2026-01-07T11:57:53+00:00","description":"Achetez une carte d'identit\u00e9 su\u00e9doise en ligne sur globdocuments.com avec une livraison mondiale s\u00fbre et rapide au meilleur prix. D\u00e9couvrez les meilleures offres sur les faux documents !","breadcrumb":{"@id":"https:\/\/globdocuments.com\/tr\/urun\/swedish-id-card\/#breadcrumb"},"inLanguage":"fr-FR","potentialAction":[{"@type":"ReadAction","target":["https:\/\/globdocuments.com\/tr\/urun\/swedish-id-card\/"]}]},{"@type":"ImageObject","inLanguage":"fr-FR","@id":"https:\/\/globdocuments.com\/tr\/urun\/swedish-id-card\/#primaryimage","url":"https:\/\/globdocuments.com\/wp-content\/uploads\/2022\/11\/sweden-id-card.png","contentUrl":"https:\/\/globdocuments.com\/wp-content\/uploads\/2022\/11\/sweden-id-card.png","width":450,"height":450,"caption":"Swedish ID Card"},{"@type":"BreadcrumbList","@id":"https:\/\/globdocuments.com\/tr\/urun\/swedish-id-card\/#breadcrumb","itemListElement":[{"@type":"ListItem","position":1,"name":"Shop","item":"https:\/\/globdocuments.com\/shop\/"},{"@type":"ListItem","position":2,"name":"Swedish ID Card"}]},{"@type":"WebSite","@id":"https:\/\/globdocuments.com\/#website","url":"https:\/\/globdocuments.com\/","name":"","description":"Acheter de vrais faux documents en ligne","potentialAction":[{"@type":"SearchAction","target":{"@type":"EntryPoint","urlTemplate":"https:\/\/globdocuments.com\/?s={search_term_string}"},"query-input":{"@type":"PropertyValueSpecification","valueRequired":true,"valueName":"search_term_string"}}],"inLanguage":"fr-FR"}]}},"_links":{"self":[{"href":"https:\/\/globdocuments.com\/fr\/wp-json\/wp\/v2\/product\/421","targetHints":{"allow":["GET"]}}],"collection":[{"href":"https:\/\/globdocuments.com\/fr\/wp-json\/wp\/v2\/product"}],"about":[{"href":"https:\/\/globdocuments.com\/fr\/wp-json\/wp\/v2\/types\/product"}],"replies":[{"embeddable":true,"href":"https:\/\/globdocuments.com\/fr\/wp-json\/wp\/v2\/comments?post=421"}],"wp:featuredmedia":[{"embeddable":true,"href":"https:\/\/globdocuments.com\/fr\/wp-json\/wp\/v2\/media\/499"}],"wp:attachment":[{"href":"https:\/\/globdocuments.com\/fr\/wp-json\/wp\/v2\/media?parent=421"}],"wp:term":[{"taxonomy":"product_brand","embeddable":true,"href":"https:\/\/globdocuments.com\/fr\/wp-json\/wp\/v2\/product_brand?post=421"},{"taxonomy":"product_cat","embeddable":true,"href":"https:\/\/globdocuments.com\/fr\/wp-json\/wp\/v2\/product_cat?post=421"},{"taxonomy":"product_tag","embeddable":true,"href":"https:\/\/globdocuments.com\/fr\/wp-json\/wp\/v2\/product_tag?post=421"}],"curies":[{"name":"wp","href":"https:\/\/api.w.org\/{rel}","templated":true}]}}