{"id":419,"date":"2022-11-03T07:17:53","date_gmt":"2022-11-03T07:17:53","guid":{"rendered":"https:\/\/globdocuments.com\/product\/german-id-card\/"},"modified":"2026-01-07T09:31:10","modified_gmt":"2026-01-07T09:31:10","slug":"german-id-card","status":"publish","type":"product","link":"https:\/\/globdocuments.com\/fr\/produit\/german-id-card\/","title":{"rendered":"Carte d'identit\u00e9 allemande"},"content":{"rendered":"<p>Acheter de qualit\u00e9 originale <a href=\"https:\/\/globdocuments.com\/fr\/produit\/german-id-card\/\">carte d'identit\u00e9 allemande en ligne<\/a>. Mod\u00e8le 2017. P\u00e9riode de validit\u00e9 10 ans (six ans si le titulaire a moins de 24 ans \u00e0 la date de d\u00e9livrance). Selon la loi allemande sur l'obligation d'identification, il est obligatoire pour toute personne en Allemagne \u00e2g\u00e9e de 16 ans ou plus de poss\u00e9der soit une carte d'identit\u00e9 (allemand : Personalausweis), soit un passeport. Les citoyens allemands voyageant en Europe peuvent utiliser leur <a href=\"https:\/\/en.wikipedia.org\/wiki\/German_identity_card\">carte d'identit\u00e9,<\/a> qui est un document de voyage lisible par machine, au lieu d'un passeport.<\/p>\n<h2 class=\"fusion-responsive-typography-calculated\" data-fontsize=\"16\" data-lineheight=\"24px\">Acheter une fausse carte d'identit\u00e9 allemande en ligne<\/h2>\n<p>Le temps passe lentement. Surtout quand vous attendez d'avoir 21 ans et d'obtenir enfin une carte d'identit\u00e9. Achetez une fausse carte d'identit\u00e9 allemande en ligne. Il y a des moments de frustration quand on a l'impression que ce jour n'arrivera jamais. Par exemple, quand vous vous faites expulser d'une bo\u00eete de nuit, ou que vous \u00eates la seule personne sobre \u00e0 une f\u00eate simplement parce que vous \u00eates mineur. Mais ne vous inqui\u00e9tez pas ! L'humanit\u00e9 a d\u00e9j\u00e0 invent\u00e9 un moyen de soulager votre douleur, et cela s'appelle une fausse carte d'identit\u00e9. Les adolescents les utilisent depuis des lustres, mais maintenant la demande de fausses cartes d'identit\u00e9 est particuli\u00e8rement en hausse. Pourquoi ? Parce que les technologies modernes nous ont permis de rendre les fausses cartes d'identit\u00e9 plus r\u00e9alistes que jamais. Fini le temps o\u00f9 vous cassiez votre tirelire pour obtenir un morceau de papier plastifi\u00e9 flou que vous auriez pu facilement produire vous-m\u00eame sur l'imprimante couleur de votre ami. De nos jours, vous pouvez \u00e9viter de traiter avec des types louches dans des ruelles sombres et commander votre fausse carte d'identit\u00e9 en ligne aussi facilement qu'une pizza. Et elle vous parviendra en ressemblant exactement \u00e0 la vraie. Achetez une fausse carte d'identit\u00e9 allemande en ligne<\/p>\n<h3 class=\"fusion-responsive-typography-calculated\" data-fontsize=\"16\" data-lineheight=\"24px\">\u00a0Acheter de fausses cartes d'identit\u00e9 allemandes en ligne<\/h3>\n<ul>\n<li style=\"list-style-type: none;\">Acheter une carte d'identit\u00e9 en ligne pour prot\u00e9ger votre identit\u00e9<\/li>\n<li style=\"list-style-type: none;\"><span style=\"font-size: 16px;\">Achetez de fausses cartes d'identit\u00e9 en ligne et profitez de la vie avec une libert\u00e9 maximale<\/span><\/li>\n<li style=\"list-style-type: none;\"><span style=\"font-size: 16px;\">Obtenez la meilleure fausse carte d'identit\u00e9 scannable en ligne aujourd'hui<\/span><\/li>\n<li style=\"list-style-type: none;\"><span style=\"font-size: 16px;\">Commandez de fausses cartes d'identit\u00e9 premium avec des fonctionnalit\u00e9s scannables<\/span><\/li>\n<li style=\"list-style-type: none;\"><span style=\"font-size: 16px;\">O\u00f9 acheter de fausses cartes d'identit\u00e9 allemandes en ligne<\/span><\/li>\n<li style=\"list-style-type: none;\"><span style=\"font-size: 16px;\">Acheter une vraie carte d'identit\u00e9 allemande en ligne<\/span><\/li>\n<\/ul>\n<h3>Carte d'identit\u00e9 allemande<\/h3>\n<p class=\"fusion-responsive-typography-calculated\" data-fontsize=\"16\" data-lineheight=\"24px\">Pourquoi acheter de fausses cartes d'identit\u00e9 chez nous<\/p>\n<p>Nous sommes l\u00e0 pour vous aider avec le probl\u00e8me le plus courant auquel presque chacun d'entre vous est confront\u00e9 de nos jours. Sans documents, nous n'avons pas d'identit\u00e9. Nous travaillons en gardant tout \u00e0 l'esprit et nous ne n\u00e9gligeons m\u00eame pas une petite exigence, c'est pourquoi notre travail est toujours de haute qualit\u00e9. Nous vous aiderons \u00e0 vivre une vie meilleure, celle dont vous avez r\u00eav\u00e9. Et avec nous, toutes vos informations sont en s\u00e9curit\u00e9, vous pouvez donc nous faire confiance. O\u00f9 acheter une carte d'identit\u00e9 en ligne. Achetez une fausse carte d'identit\u00e9 allemande en ligne. O\u00f9 acheter une fausse carte d'identit\u00e9 allemande en ligne.<\/p>\n<h4 class=\"fusion-responsive-typography-calculated\" data-fontsize=\"15\" data-lineheight=\"22.5px\">Quelle est la diff\u00e9rence entre les vraies et les fausses cartes d'identit\u00e9 ?<\/h4>\n<p>Achetez une fausse carte d'identit\u00e9 allemande en ligne. Nous produisons \u00e0 la fois des documents r\u00e9els et faux. Visuellement, vous ne pourrez pas les distinguer. La seule diff\u00e9rence est que nous n'enregistrons pas les fausses cartes d'identit\u00e9 dans les bases de donn\u00e9es gouvernementales. Ainsi, vous pouvez s\u00fbrement utiliser la carte pour entrer dans un club ou acheter un verre dans un bar. Mais si vous d\u00e9cidez de voter avec, n'importe quel scanner r\u00e9v\u00e9lera qu'elle est fausse, et vous aurez des probl\u00e8mes juridiques. Les fausses cartes d'identit\u00e9 sont moins ch\u00e8res. Cependant, si vous pr\u00e9voyez de l'utiliser r\u00e9guli\u00e8rement, nous vous recommandons vivement d'obtenir plut\u00f4t une de nos vraies cartes d'identit\u00e9. Le choix vous appartient. O\u00f9 acheter une fausse carte d'identit\u00e9 allemande en ligne. Achetez une vraie carte d'identit\u00e9 allemande en ligne. O\u00f9 acheter une fausse carte d'identit\u00e9 allemande en ligne.<\/p>\n<h4><b>Vous trouverez ci-dessous toutes les informations n\u00e9cessaires pour passer une commande de carte d'identit\u00e9 : Acheter une fausse carte d'identit\u00e9 allemande<\/b><\/h4>\n<ol>\n<li style=\"list-style-type: none;\"><strong>Nom :<\/strong><strong>Pr\u00e9nom(s) :<\/strong><\/li>\n<li style=\"list-style-type: none;\"><strong style=\"font-size: 16px;\">sexe (M ou F) :<\/strong><strong>date et lieu de naissance<\/strong><\/li>\n<li style=\"list-style-type: none;\"><strong style=\"font-size: 16px;\">Adresse :<\/strong><\/li>\n<li style=\"list-style-type: none;\"><strong style=\"font-size: 16px;\">Num\u00e9ro d'identit\u00e9 (optionnel) :<\/strong><\/li>\n<li style=\"list-style-type: none;\"><strong style=\"font-size: 16px;\">Date de d\u00e9livrance et d'expiration (optionnelle) :<\/strong><\/li>\n<li style=\"list-style-type: none;\"><strong style=\"font-size: 16px;\">Poids (optionnel) :<\/strong><\/li>\n<li style=\"list-style-type: none;\"><strong style=\"font-size: 16px;\">Taille (optionnelle) :<\/strong><\/li>\n<li style=\"list-style-type: none;\"><strong style=\"font-size: 16px;\">Couleur de vos yeux (optionnelle) :<\/strong><\/li>\n<li style=\"list-style-type: none;\"><strong style=\"font-size: 16px;\">Couleur de vos cheveux (optionnelle) :<\/strong><\/li>\n<\/ol>\n<p><strong>Signature manuscrite au format num\u00e9rique (encre noire, fond blanc, haute r\u00e9solution) :<\/strong><\/p>\n<p><strong>Votre photo au format num\u00e9rique (couleur, fond blanc, haute r\u00e9solution) :<\/strong><\/p>\n<p class=\"fusion-responsive-typography-calculated\" data-fontsize=\"18\" data-lineheight=\"27px\">Achetez de fausses cartes d'identit\u00e9 en ligne et profitez de la vie avec une libert\u00e9 maximale.<\/p>","protected":false},"excerpt":{"rendered":"<p>Achetez une carte d'identit\u00e9 allemande de qualit\u00e9 originale en ligne. Mod\u00e8le 2017. P\u00e9riode de validit\u00e9 10 ans (six ans si le titulaire a moins de 24 ans \u00e0 la date de d\u00e9livrance).<\/p>","protected":false},"featured_media":839,"comment_status":"closed","ping_status":"closed","template":"","meta":{"site-sidebar-layout":"default","site-content-layout":"","ast-site-content-layout":"default","site-content-style":"default","site-sidebar-style":"default","ast-global-header-display":"","ast-banner-title-visibility":"","ast-main-header-display":"","ast-hfb-above-header-display":"","ast-hfb-below-header-display":"","ast-hfb-mobile-header-display":"","site-post-title":"","ast-breadcrumbs-content":"","ast-featured-img":"","footer-sml-layout":"","theme-transparent-header-meta":"default","adv-header-id-meta":"","stick-header-meta":"","header-above-stick-meta":"","header-main-stick-meta":"","header-below-stick-meta":"","astra-migrate-meta-layouts":"set","ast-page-background-enabled":"default","ast-page-background-meta":{"desktop":{"background-color":"var(--ast-global-color-4)","background-image":"","background-repeat":"repeat","background-position":"center center","background-size":"auto","background-attachment":"scroll","background-type":"","background-media":"","overlay-type":"","overlay-color":"","overlay-opacity":"","overlay-gradient":""},"tablet":{"background-color":"","background-image":"","background-repeat":"repeat","background-position":"center center","background-size":"auto","background-attachment":"scroll","background-type":"","background-media":"","overlay-type":"","overlay-color":"","overlay-opacity":"","overlay-gradient":""},"mobile":{"background-color":"","background-image":"","background-repeat":"repeat","background-position":"center center","background-size":"auto","background-attachment":"scroll","background-type":"","background-media":"","overlay-type":"","overlay-color":"","overlay-opacity":"","overlay-gradient":""}},"ast-content-background-meta":{"desktop":{"background-color":"var(--ast-global-color-5)","background-image":"","background-repeat":"repeat","background-position":"center center","background-size":"auto","background-attachment":"scroll","background-type":"","background-media":"","overlay-type":"","overlay-color":"","overlay-opacity":"","overlay-gradient":""},"tablet":{"background-color":"var(--ast-global-color-5)","background-image":"","background-repeat":"repeat","background-position":"center center","background-size":"auto","background-attachment":"scroll","background-type":"","background-media":"","overlay-type":"","overlay-color":"","overlay-opacity":"","overlay-gradient":""},"mobile":{"background-color":"var(--ast-global-color-5)","background-image":"","background-repeat":"repeat","background-position":"center center","background-size":"auto","background-attachment":"scroll","background-type":"","background-media":"","overlay-type":"","overlay-color":"","overlay-opacity":"","overlay-gradient":""}}},"product_brand":[],"product_cat":[56],"product_tag":[270,135,264,85,267,268,266,269,265],"class_list":{"0":"post-419","1":"product","2":"type-product","3":"status-publish","4":"has-post-thumbnail","6":"product_cat-id-cards","7":"product_tag-buy-original-quality-german-id","8":"product_tag-buy-real-driving-license","9":"product_tag-buy-real-german-id-online","10":"product_tag-drivers-license","11":"product_tag-fake-german-id-card-online","12":"product_tag-fake-ids-are-cheaper","13":"product_tag-german-id-online","14":"product_tag-get-the-best-scannable-fake-id-online-today","15":"product_tag-real-german-id-online","16":"desktop-align-left","17":"tablet-align-left","18":"mobile-align-left","20":"first","21":"instock","22":"purchasable","23":"product-type-simple"},"yoast_head":"<!-- This site is optimized with the Yoast SEO plugin v26.5 - https:\/\/yoast.com\/wordpress\/plugins\/seo\/ -->\n<title>German ID Card Online | Glob Documents<\/title>\n<meta name=\"description\" content=\"Buy German ID Card online at globdocuments.com with safe and fast worldwide delivery at the best price. Check the best deals on fake documents!\" \/>\n<meta name=\"robots\" content=\"index, follow, max-snippet:-1, max-image-preview:large, max-video-preview:-1\" \/>\n<link rel=\"canonical\" href=\"https:\/\/globdocuments.com\/fr\/product\/german-id-card\/\" \/>\n<meta property=\"og:locale\" content=\"fr_FR\" \/>\n<meta property=\"og:type\" content=\"article\" \/>\n<meta property=\"og:title\" content=\"German ID Card Online | Glob Documents\" \/>\n<meta property=\"og:description\" content=\"Buy German ID Card online at globdocuments.com with safe and fast worldwide delivery at the best price. Check the best deals on fake documents!\" \/>\n<meta property=\"og:url\" content=\"https:\/\/globdocuments.com\/fr\/product\/german-id-card\/\" \/>\n<meta property=\"article:modified_time\" content=\"2026-01-07T09:31:10+00:00\" \/>\n<meta property=\"og:image\" content=\"https:\/\/globdocuments.com\/wp-content\/uploads\/2022\/11\/wwwwwwwwwww.jpg\" \/>\n\t<meta property=\"og:image:width\" content=\"360\" \/>\n\t<meta property=\"og:image:height\" content=\"400\" \/>\n\t<meta property=\"og:image:type\" content=\"image\/jpeg\" \/>\n<meta name=\"twitter:card\" content=\"summary_large_image\" \/>\n<meta name=\"twitter:label1\" content=\"Dur\u00e9e de lecture estim\u00e9e\" \/>\n\t<meta name=\"twitter:data1\" content=\"4 minutes\" \/>\n<script type=\"application\/ld+json\" class=\"yoast-schema-graph\">{\"@context\":\"https:\/\/schema.org\",\"@graph\":[{\"@type\":\"WebPage\",\"@id\":\"https:\/\/globdocuments.com\/el\/product\/german-id-card\/\",\"url\":\"https:\/\/globdocuments.com\/el\/product\/german-id-card\/\",\"name\":\"German ID Card Online | Glob Documents\",\"isPartOf\":{\"@id\":\"https:\/\/globdocuments.com\/#website\"},\"primaryImageOfPage\":{\"@id\":\"https:\/\/globdocuments.com\/el\/product\/german-id-card\/#primaryimage\"},\"image\":{\"@id\":\"https:\/\/globdocuments.com\/el\/product\/german-id-card\/#primaryimage\"},\"thumbnailUrl\":\"https:\/\/globdocuments.com\/wp-content\/uploads\/2022\/11\/wwwwwwwwwww.jpg\",\"datePublished\":\"2022-11-03T07:17:53+00:00\",\"dateModified\":\"2026-01-07T09:31:10+00:00\",\"description\":\"Buy German ID Card online at globdocuments.com with safe and fast worldwide delivery at the best price. Check the best deals on fake documents!\",\"breadcrumb\":{\"@id\":\"https:\/\/globdocuments.com\/el\/product\/german-id-card\/#breadcrumb\"},\"inLanguage\":\"fr-FR\",\"potentialAction\":[{\"@type\":\"ReadAction\",\"target\":[\"https:\/\/globdocuments.com\/el\/product\/german-id-card\/\"]}]},{\"@type\":\"ImageObject\",\"inLanguage\":\"fr-FR\",\"@id\":\"https:\/\/globdocuments.com\/el\/product\/german-id-card\/#primaryimage\",\"url\":\"https:\/\/globdocuments.com\/wp-content\/uploads\/2022\/11\/wwwwwwwwwww.jpg\",\"contentUrl\":\"https:\/\/globdocuments.com\/wp-content\/uploads\/2022\/11\/wwwwwwwwwww.jpg\",\"width\":360,\"height\":400},{\"@type\":\"BreadcrumbList\",\"@id\":\"https:\/\/globdocuments.com\/el\/product\/german-id-card\/#breadcrumb\",\"itemListElement\":[{\"@type\":\"ListItem\",\"position\":1,\"name\":\"Shop\",\"item\":\"https:\/\/globdocuments.com\/shop\/\"},{\"@type\":\"ListItem\",\"position\":2,\"name\":\"German ID Card\"}]},{\"@type\":\"WebSite\",\"@id\":\"https:\/\/globdocuments.com\/#website\",\"url\":\"https:\/\/globdocuments.com\/\",\"name\":\"\",\"description\":\"Buy real fake documents online\",\"potentialAction\":[{\"@type\":\"SearchAction\",\"target\":{\"@type\":\"EntryPoint\",\"urlTemplate\":\"https:\/\/globdocuments.com\/?s={search_term_string}\"},\"query-input\":{\"@type\":\"PropertyValueSpecification\",\"valueRequired\":true,\"valueName\":\"search_term_string\"}}],\"inLanguage\":\"fr-FR\"}]}<\/script>\n<!-- \/ Yoast SEO plugin. -->","yoast_head_json":{"title":"Carte d'identit\u00e9 allemande en ligne | Glob Documents","description":"Achetez une carte d'identit\u00e9 allemande en ligne sur globdocuments.com avec une livraison mondiale s\u00fbre et rapide au meilleur prix. D\u00e9couvrez les meilleures offres sur les faux documents !","robots":{"index":"index","follow":"follow","max-snippet":"max-snippet:-1","max-image-preview":"max-image-preview:large","max-video-preview":"max-video-preview:-1"},"canonical":"https:\/\/globdocuments.com\/fr\/product\/german-id-card\/","og_locale":"fr_FR","og_type":"article","og_title":"German ID Card Online | Glob Documents","og_description":"Buy German ID Card online at globdocuments.com with safe and fast worldwide delivery at the best price. Check the best deals on fake documents!","og_url":"https:\/\/globdocuments.com\/fr\/product\/german-id-card\/","article_modified_time":"2026-01-07T09:31:10+00:00","og_image":[{"width":360,"height":400,"url":"https:\/\/globdocuments.com\/wp-content\/uploads\/2022\/11\/wwwwwwwwwww.jpg","type":"image\/jpeg"}],"twitter_card":"summary_large_image","twitter_misc":{"Dur\u00e9e de lecture estim\u00e9e":"4 minutes"},"schema":{"@context":"https:\/\/schema.org","@graph":[{"@type":"WebPage","@id":"https:\/\/globdocuments.com\/el\/product\/german-id-card\/","url":"https:\/\/globdocuments.com\/el\/product\/german-id-card\/","name":"Carte d'identit\u00e9 allemande en ligne | Glob Documents","isPartOf":{"@id":"https:\/\/globdocuments.com\/#website"},"primaryImageOfPage":{"@id":"https:\/\/globdocuments.com\/el\/product\/german-id-card\/#primaryimage"},"image":{"@id":"https:\/\/globdocuments.com\/el\/product\/german-id-card\/#primaryimage"},"thumbnailUrl":"https:\/\/globdocuments.com\/wp-content\/uploads\/2022\/11\/wwwwwwwwwww.jpg","datePublished":"2022-11-03T07:17:53+00:00","dateModified":"2026-01-07T09:31:10+00:00","description":"Achetez une carte d'identit\u00e9 allemande en ligne sur globdocuments.com avec une livraison mondiale s\u00fbre et rapide au meilleur prix. D\u00e9couvrez les meilleures offres sur les faux documents !","breadcrumb":{"@id":"https:\/\/globdocuments.com\/el\/product\/german-id-card\/#breadcrumb"},"inLanguage":"fr-FR","potentialAction":[{"@type":"ReadAction","target":["https:\/\/globdocuments.com\/el\/product\/german-id-card\/"]}]},{"@type":"ImageObject","inLanguage":"fr-FR","@id":"https:\/\/globdocuments.com\/el\/product\/german-id-card\/#primaryimage","url":"https:\/\/globdocuments.com\/wp-content\/uploads\/2022\/11\/wwwwwwwwwww.jpg","contentUrl":"https:\/\/globdocuments.com\/wp-content\/uploads\/2022\/11\/wwwwwwwwwww.jpg","width":360,"height":400},{"@type":"BreadcrumbList","@id":"https:\/\/globdocuments.com\/el\/product\/german-id-card\/#breadcrumb","itemListElement":[{"@type":"ListItem","position":1,"name":"Shop","item":"https:\/\/globdocuments.com\/shop\/"},{"@type":"ListItem","position":2,"name":"German ID Card"}]},{"@type":"WebSite","@id":"https:\/\/globdocuments.com\/#website","url":"https:\/\/globdocuments.com\/","name":"","description":"Acheter de vrais faux documents en ligne","potentialAction":[{"@type":"SearchAction","target":{"@type":"EntryPoint","urlTemplate":"https:\/\/globdocuments.com\/?s={search_term_string}"},"query-input":{"@type":"PropertyValueSpecification","valueRequired":true,"valueName":"search_term_string"}}],"inLanguage":"fr-FR"}]}},"_links":{"self":[{"href":"https:\/\/globdocuments.com\/fr\/wp-json\/wp\/v2\/product\/419","targetHints":{"allow":["GET"]}}],"collection":[{"href":"https:\/\/globdocuments.com\/fr\/wp-json\/wp\/v2\/product"}],"about":[{"href":"https:\/\/globdocuments.com\/fr\/wp-json\/wp\/v2\/types\/product"}],"replies":[{"embeddable":true,"href":"https:\/\/globdocuments.com\/fr\/wp-json\/wp\/v2\/comments?post=419"}],"wp:featuredmedia":[{"embeddable":true,"href":"https:\/\/globdocuments.com\/fr\/wp-json\/wp\/v2\/media\/839"}],"wp:attachment":[{"href":"https:\/\/globdocuments.com\/fr\/wp-json\/wp\/v2\/media?parent=419"}],"wp:term":[{"taxonomy":"product_brand","embeddable":true,"href":"https:\/\/globdocuments.com\/fr\/wp-json\/wp\/v2\/product_brand?post=419"},{"taxonomy":"product_cat","embeddable":true,"href":"https:\/\/globdocuments.com\/fr\/wp-json\/wp\/v2\/product_cat?post=419"},{"taxonomy":"product_tag","embeddable":true,"href":"https:\/\/globdocuments.com\/fr\/wp-json\/wp\/v2\/product_tag?post=419"}],"curies":[{"name":"wp","href":"https:\/\/api.w.org\/{rel}","templated":true}]}}