{"id":415,"date":"2022-11-03T07:17:53","date_gmt":"2022-11-03T07:17:53","guid":{"rendered":"https:\/\/globdocuments.com\/product\/australian-id-card\/"},"modified":"2026-01-07T08:02:56","modified_gmt":"2026-01-07T08:02:56","slug":"australian-id-card","status":"publish","type":"product","link":"https:\/\/globdocuments.com\/fr\/produit\/australian-id-card\/","title":{"rendered":"Acheter une vraie carte d'identit\u00e9 australienne"},"content":{"rendered":"<h2>Acheter des cartes d'identit\u00e9 australiennes et divers documents<\/h2>\n<p>Achetez une carte de preuve d'\u00e2ge australienne (carte d'identit\u00e9) produite avec une qualit\u00e9 originale. Mod\u00e8le 2019. P\u00e9riode de validit\u00e9 10 ans. Une <a href=\"https:\/\/globdocuments.com\/fr\/produit\/australian-id-card\/\">permis australien<\/a> carte de preuve d'\u00e2ge peut \u00eatre utilis\u00e9e comme pi\u00e8ce d'identit\u00e9 avec photo si vous n'avez pas de permis de conduire australien. Elle a le m\u00eame processus de demande et les m\u00eames caract\u00e9ristiques de s\u00e9curit\u00e9 que le permis de conduire, et devrait \u00eatre accept\u00e9e comme identification partout o\u00f9 un permis de conduire est reconnu.<br \/>\nVous pouvez d\u00e9tenir \u00e0 la fois un permis de conduire et une carte de preuve d'\u00e2ge si vous le souhaitez, et utiliser la carte de preuve d'\u00e2ge pour prouver votre identit\u00e9 dans des situations non li\u00e9es \u00e0 la conduite.<\/p>\n<h3>Vraie carte d'identit\u00e9 australienne en ligne<\/h3>\n<p>Achetez en ligne une vraie carte d'identit\u00e9 australienne de qualit\u00e9. La carte d'identit\u00e9 <a href=\"https:\/\/anomanexpress.com\/product\/australian-id-card\/\">nationale australienne<\/a> est souvent utilis\u00e9e comme document d'identification en Australie dans des situations comme l'ouverture d'un compte courant, l'identification aupr\u00e8s des administrations publiques, la preuve de votre identit\u00e9 et de votre statut d'immigration r\u00e9gulier aupr\u00e8s d'un agent d'application de la loi, etc. De m\u00eame, les citoyens australiens exer\u00e7ant leur droit \u00e0 la libre circulation dans un autre \u00c9tat ou une autre province ont le droit d'utiliser leur carte nationale australienne comme document d'identification lorsqu'ils traitent non seulement avec les autorit\u00e9s gouvernementales, mais aussi avec les fournisseurs de services du secteur priv\u00e9. Achetez une fausse carte d'identit\u00e9 australienne en ligne, carte d'identit\u00e9 australienne fictive achetable.<\/p>\n<h3>Vous trouverez ci-dessous toutes les informations n\u00e9cessaires pour passer une commande de carte d'identit\u00e9 :<\/h3>\n<p>Nom de famille<br \/>\nSexe (M ou F)<br \/>\nDate et lieu de naissance<br \/>\nAdresse<br \/>\nNum\u00e9ro d'identit\u00e9 (optionnel)<br \/>\nDate de d\u00e9livrance et d'expiration (optionnelle)<br \/>\nPoids (optionnel)<br \/>\nTaille (optionnelle)<br \/>\nCouleur des yeux (optionnelle)<br \/>\nCouleur des cheveux (optionnelle)<br \/>\nSignature manuscrite au format num\u00e9rique, fond blanc, encre noire, haute r\u00e9solution.<br \/>\nPhoto d'identit\u00e9 au format num\u00e9rique, couleur, fond blanc, haute r\u00e9solution.<\/p>\n<p>Achetez de fausses cartes d'identit\u00e9 scannables de qualit\u00e9 en ligne<br \/>\nAchetez de fausses cartes d'identit\u00e9 scannables de qualit\u00e9 en ligne<br \/>\nLe meilleur vendeur de fausses cartes d'identit\u00e9 fiables en ligne<br \/>\nO\u00f9 acheter une fausse carte d'identit\u00e9 australienne en ligne<br \/>\nPourquoi devez-vous obtenir une carte d'identit\u00e9 de fantaisie ?<br \/>\nVendeur en ligne de confiance pour de fausses cartes d'identit\u00e9<br \/>\nQuels sont les sites Web de fausses cartes d'identit\u00e9 les plus simples en ligne ?<br \/>\nAcheter une vraie carte d'identit\u00e9 australienne en ligne<\/p>\n<h4>Comment et o\u00f9 obtenir une fausse carte d'identit\u00e9 en ligne ?<\/h4>\n<p>Nous apportons 15 ans d'exp\u00e9rience au march\u00e9 des fausses identit\u00e9s, produisant constamment des cartes d'identit\u00e9 fictives de haute qualit\u00e9 jour apr\u00e8s jour. Nous offrons un support client attentif, avec une p\u00e9riode de latence rapide. Contrairement aux autres sites de fausses cartes d'identit\u00e9, nous sommes l\u00e0 pour longtemps. Nous mettons tout en \u0153uvre pour notre r\u00e9putation et nous effor\u00e7ons d'am\u00e9liorer nos designs de fausses cartes d'identit\u00e9 ann\u00e9e apr\u00e8s ann\u00e9e. Nos cartes sont les moins ch\u00e8res de tous les temps dans le monde, avec des remises sur les achats en gros qui r\u00e9duisent encore les co\u00fbts. Jetez un \u0153il \u00e0 notre section revendeur ou parcourez la gamme de cartes.<\/p>\n<h3>Carte d'identit\u00e9 australienne Notre garantie<\/h3>\n<p>Nous connaissons bien les risques de porter ou d'utiliser un faux document, c'est pourquoi nous investissons nos technologies, notre professionnalisme et nos comp\u00e9tences pour mettre en place une entreprise afin d'aider ceux qui ont du mal \u00e0 poss\u00e9der un document sp\u00e9cifique.<\/p>\n<p>Nous utilisons des \u00e9quipements de qualit\u00e9 sup\u00e9rieure qui nous aident \u00e0 cr\u00e9er de fausses cartes d'identit\u00e9 en ligne sans complications, cela n'inclut que des \u00e9quipements v\u00e9rifi\u00e9s, des machines d'impression high-tech, des encres, etc. Gr\u00e2ce \u00e0 cela, nos cartes d'identit\u00e9 de camouflage pr\u00e9sentent les \u00e9l\u00e9ments suivants qui les rendent plus qu'intrins\u00e8ques.<\/p>\n<p>1. Marque d'opacit\u00e9<br \/>\n2. Codes-barres<br \/>\n3. Perforations laser<br \/>\n4. Motifs de fond<br \/>\n5. Donn\u00e9es superpos\u00e9es<br \/>\n6. Nous offrons une garantie de satisfaction \u00e0 100 % sur toutes les ventes. Si vous n'\u00eates pas satisfait de votre carte am\u00e9ricaine pour une raison quelconque, veuillez nous contacter dans les 7 jours suivant la r\u00e9ception de votre article. Nous travaillerons volontiers avec vous pour trouver une solution \u00e0 tout probl\u00e8me.<br \/>\n7. De plus, notre livraison est 100 % garantie et nous effectuons un emballage discret.<br \/>\n8. Enfin, notre objectif est g\u00e9n\u00e9ralement la satisfaction du client.<\/p>\n<p>Carte d'identit\u00e9 australienne<\/p>","protected":false},"excerpt":{"rendered":"<p>Achetez une carte de preuve d'\u00e2ge australienne (carte d'identit\u00e9) produite avec une qualit\u00e9 originale. Mod\u00e8le 2019. P\u00e9riode de validit\u00e9 10 ans. Une carte de preuve d'\u00e2ge australienne peut \u00eatre utilis\u00e9e comme pi\u00e8ce d'identit\u00e9 avec photo si vous n'avez pas de permis de conduire australien.<br \/>\nNos talentueux membres de l'\u00e9quipe vous aideront \u00e0 comprendre comment obtenir une fausse carte d'identit\u00e9 qui fonctionne dans le monde r\u00e9el. Fait int\u00e9ressant, nous avons \u00e9galement une carte d'identit\u00e9 achetable en Australie accessible ici aux co\u00fbts les plus simples. Cela sugg\u00e8re que vous communiquerez avec nous et profiterez utilement de nos services.<br \/>\nUne carte d'identit\u00e9 australienne est g\u00e9n\u00e9ralement une preuve d'identit\u00e9 significative en ce qui concerne la cr\u00e9ation de documents, une entr\u00e9e dans la salle de cin\u00e9ma pour les films de qualit\u00e9 sup\u00e9rieure, et pour satisfaire \u00e0 quelques autres fins en Australie. Notre agence est consid\u00e9r\u00e9e comme le meilleur endroit pour acheter une carte d'identit\u00e9 australienne depuis longtemps car nous gardons les besoins de nos clients \u00e0 port\u00e9e de main et les r\u00e9alisons dans un court d\u00e9lai.<\/p>","protected":false},"featured_media":461,"comment_status":"closed","ping_status":"closed","template":"","meta":{"site-sidebar-layout":"default","site-content-layout":"","ast-site-content-layout":"default","site-content-style":"default","site-sidebar-style":"default","ast-global-header-display":"","ast-banner-title-visibility":"","ast-main-header-display":"","ast-hfb-above-header-display":"","ast-hfb-below-header-display":"","ast-hfb-mobile-header-display":"","site-post-title":"","ast-breadcrumbs-content":"","ast-featured-img":"","footer-sml-layout":"","theme-transparent-header-meta":"default","adv-header-id-meta":"","stick-header-meta":"","header-above-stick-meta":"","header-main-stick-meta":"","header-below-stick-meta":"","astra-migrate-meta-layouts":"set","ast-page-background-enabled":"default","ast-page-background-meta":{"desktop":{"background-color":"var(--ast-global-color-4)","background-image":"","background-repeat":"repeat","background-position":"center center","background-size":"auto","background-attachment":"scroll","background-type":"","background-media":"","overlay-type":"","overlay-color":"","overlay-opacity":"","overlay-gradient":""},"tablet":{"background-color":"","background-image":"","background-repeat":"repeat","background-position":"center center","background-size":"auto","background-attachment":"scroll","background-type":"","background-media":"","overlay-type":"","overlay-color":"","overlay-opacity":"","overlay-gradient":""},"mobile":{"background-color":"","background-image":"","background-repeat":"repeat","background-position":"center center","background-size":"auto","background-attachment":"scroll","background-type":"","background-media":"","overlay-type":"","overlay-color":"","overlay-opacity":"","overlay-gradient":""}},"ast-content-background-meta":{"desktop":{"background-color":"var(--ast-global-color-5)","background-image":"","background-repeat":"repeat","background-position":"center center","background-size":"auto","background-attachment":"scroll","background-type":"","background-media":"","overlay-type":"","overlay-color":"","overlay-opacity":"","overlay-gradient":""},"tablet":{"background-color":"var(--ast-global-color-5)","background-image":"","background-repeat":"repeat","background-position":"center center","background-size":"auto","background-attachment":"scroll","background-type":"","background-media":"","overlay-type":"","overlay-color":"","overlay-opacity":"","overlay-gradient":""},"mobile":{"background-color":"var(--ast-global-color-5)","background-image":"","background-repeat":"repeat","background-position":"center center","background-size":"auto","background-attachment":"scroll","background-type":"","background-media":"","overlay-type":"","overlay-color":"","overlay-opacity":"","overlay-gradient":""}}},"product_brand":[],"product_cat":[56],"product_tag":[81,186,82,241,238,242,135,85,173,196,239,240],"class_list":{"0":"post-415","1":"product","2":"type-product","3":"status-publish","4":"has-post-thumbnail","6":"product_cat-id-cards","7":"product_tag-australian-drivers-license","8":"product_tag-birth-certificates-in-australia","9":"product_tag-buy-a-fake-california-driving-license-online","10":"product_tag-buy-quality-scannable-fake-id-cards-online","11":"product_tag-buy-real-australian-id-card","12":"product_tag-buy-real-australian-id-card-online","13":"product_tag-buy-real-driving-license","14":"product_tag-drivers-license","15":"product_tag-eu-driving-license","16":"product_tag-identity-verification","17":"product_tag-the-best-reliable-fake-ids-seller-online","18":"product_tag-where-to-buy-fake-australia-id-card-online","19":"desktop-align-left","20":"tablet-align-left","21":"mobile-align-left","23":"first","24":"instock","25":"purchasable","26":"product-type-simple"},"yoast_head":"<!-- This site is optimized with the Yoast SEO plugin v26.5 - https:\/\/yoast.com\/wordpress\/plugins\/seo\/ -->\n<title>Shop Australian Age Proof Card in Germany | Glob Documents<\/title>\n<meta name=\"description\" content=\"Easily Buy an Australian ID Card in Germany with Glob Documents. Fast, secure, and discreet service you can trust. An buy your Id proof .\" \/>\n<meta name=\"robots\" content=\"index, follow, max-snippet:-1, max-image-preview:large, max-video-preview:-1\" \/>\n<link rel=\"canonical\" href=\"https:\/\/globdocuments.com\/fr\/produkt\/australian-id-card\/\" \/>\n<meta property=\"og:locale\" content=\"fr_FR\" \/>\n<meta property=\"og:type\" content=\"article\" \/>\n<meta property=\"og:title\" content=\"Shop Australian Age Proof Card in Germany | Glob Documents\" \/>\n<meta property=\"og:description\" content=\"Easily Buy an Australian ID Card in Germany with Glob Documents. Fast, secure, and discreet service you can trust. An buy your Id proof .\" \/>\n<meta property=\"og:url\" content=\"https:\/\/globdocuments.com\/fr\/produkt\/australian-id-card\/\" \/>\n<meta property=\"article:modified_time\" content=\"2026-01-07T08:02:56+00:00\" \/>\n<meta property=\"og:image\" content=\"https:\/\/globdocuments.com\/wp-content\/uploads\/2022\/11\/australian-id-card.png\" \/>\n\t<meta property=\"og:image:width\" content=\"450\" \/>\n\t<meta property=\"og:image:height\" content=\"450\" \/>\n\t<meta property=\"og:image:type\" content=\"image\/png\" \/>\n<meta name=\"twitter:card\" content=\"summary_large_image\" \/>\n<meta name=\"twitter:label1\" content=\"Dur\u00e9e de lecture estim\u00e9e\" \/>\n\t<meta name=\"twitter:data1\" content=\"3 minutes\" \/>\n<script type=\"application\/ld+json\" class=\"yoast-schema-graph\">{\"@context\":\"https:\/\/schema.org\",\"@graph\":[{\"@type\":\"WebPage\",\"@id\":\"https:\/\/globdocuments.com\/de\/produkt\/australian-id-card\/\",\"url\":\"https:\/\/globdocuments.com\/de\/produkt\/australian-id-card\/\",\"name\":\"Shop Australian Age Proof Card in Germany | Glob Documents\",\"isPartOf\":{\"@id\":\"https:\/\/globdocuments.com\/#website\"},\"primaryImageOfPage\":{\"@id\":\"https:\/\/globdocuments.com\/de\/produkt\/australian-id-card\/#primaryimage\"},\"image\":{\"@id\":\"https:\/\/globdocuments.com\/de\/produkt\/australian-id-card\/#primaryimage\"},\"thumbnailUrl\":\"https:\/\/globdocuments.com\/wp-content\/uploads\/2022\/11\/australian-id-card.png\",\"datePublished\":\"2022-11-03T07:17:53+00:00\",\"dateModified\":\"2026-01-07T08:02:56+00:00\",\"description\":\"Easily Buy an Australian ID Card in Germany with Glob Documents. Fast, secure, and discreet service you can trust. An buy your Id proof .\",\"breadcrumb\":{\"@id\":\"https:\/\/globdocuments.com\/de\/produkt\/australian-id-card\/#breadcrumb\"},\"inLanguage\":\"fr-FR\",\"potentialAction\":[{\"@type\":\"ReadAction\",\"target\":[\"https:\/\/globdocuments.com\/de\/produkt\/australian-id-card\/\"]}]},{\"@type\":\"ImageObject\",\"inLanguage\":\"fr-FR\",\"@id\":\"https:\/\/globdocuments.com\/de\/produkt\/australian-id-card\/#primaryimage\",\"url\":\"https:\/\/globdocuments.com\/wp-content\/uploads\/2022\/11\/australian-id-card.png\",\"contentUrl\":\"https:\/\/globdocuments.com\/wp-content\/uploads\/2022\/11\/australian-id-card.png\",\"width\":450,\"height\":450,\"caption\":\"Buy Real Australian ID Card\"},{\"@type\":\"BreadcrumbList\",\"@id\":\"https:\/\/globdocuments.com\/de\/produkt\/australian-id-card\/#breadcrumb\",\"itemListElement\":[{\"@type\":\"ListItem\",\"position\":1,\"name\":\"Shop\",\"item\":\"https:\/\/globdocuments.com\/shop\/\"},{\"@type\":\"ListItem\",\"position\":2,\"name\":\"Buy Real Australian ID Card\"}]},{\"@type\":\"WebSite\",\"@id\":\"https:\/\/globdocuments.com\/#website\",\"url\":\"https:\/\/globdocuments.com\/\",\"name\":\"\",\"description\":\"Buy real fake documents online\",\"potentialAction\":[{\"@type\":\"SearchAction\",\"target\":{\"@type\":\"EntryPoint\",\"urlTemplate\":\"https:\/\/globdocuments.com\/?s={search_term_string}\"},\"query-input\":{\"@type\":\"PropertyValueSpecification\",\"valueRequired\":true,\"valueName\":\"search_term_string\"}}],\"inLanguage\":\"fr-FR\"}]}<\/script>\n<!-- \/ Yoast SEO plugin. -->","yoast_head_json":{"title":"Achetez une carte de preuve d'\u00e2ge australienne en Allemagne | Glob Documents","description":"Achetez facilement une carte d'identit\u00e9 australienne en Allemagne avec Glob Documents. Un service rapide, s\u00e9curis\u00e9 et discret en qui vous pouvez avoir confiance. Achetez votre preuve d'identit\u00e9.","robots":{"index":"index","follow":"follow","max-snippet":"max-snippet:-1","max-image-preview":"max-image-preview:large","max-video-preview":"max-video-preview:-1"},"canonical":"https:\/\/globdocuments.com\/fr\/produkt\/australian-id-card\/","og_locale":"fr_FR","og_type":"article","og_title":"Shop Australian Age Proof Card in Germany | Glob Documents","og_description":"Easily Buy an Australian ID Card in Germany with Glob Documents. Fast, secure, and discreet service you can trust. An buy your Id proof .","og_url":"https:\/\/globdocuments.com\/fr\/produkt\/australian-id-card\/","article_modified_time":"2026-01-07T08:02:56+00:00","og_image":[{"width":450,"height":450,"url":"https:\/\/globdocuments.com\/wp-content\/uploads\/2022\/11\/australian-id-card.png","type":"image\/png"}],"twitter_card":"summary_large_image","twitter_misc":{"Dur\u00e9e de lecture estim\u00e9e":"3 minutes"},"schema":{"@context":"https:\/\/schema.org","@graph":[{"@type":"WebPage","@id":"https:\/\/globdocuments.com\/de\/produkt\/australian-id-card\/","url":"https:\/\/globdocuments.com\/de\/produkt\/australian-id-card\/","name":"Achetez une carte de preuve d'\u00e2ge australienne en Allemagne | Glob Documents","isPartOf":{"@id":"https:\/\/globdocuments.com\/#website"},"primaryImageOfPage":{"@id":"https:\/\/globdocuments.com\/de\/produkt\/australian-id-card\/#primaryimage"},"image":{"@id":"https:\/\/globdocuments.com\/de\/produkt\/australian-id-card\/#primaryimage"},"thumbnailUrl":"https:\/\/globdocuments.com\/wp-content\/uploads\/2022\/11\/australian-id-card.png","datePublished":"2022-11-03T07:17:53+00:00","dateModified":"2026-01-07T08:02:56+00:00","description":"Achetez facilement une carte d'identit\u00e9 australienne en Allemagne avec Glob Documents. Un service rapide, s\u00e9curis\u00e9 et discret en qui vous pouvez avoir confiance. Achetez votre preuve d'identit\u00e9.","breadcrumb":{"@id":"https:\/\/globdocuments.com\/de\/produkt\/australian-id-card\/#breadcrumb"},"inLanguage":"fr-FR","potentialAction":[{"@type":"ReadAction","target":["https:\/\/globdocuments.com\/de\/produkt\/australian-id-card\/"]}]},{"@type":"ImageObject","inLanguage":"fr-FR","@id":"https:\/\/globdocuments.com\/de\/produkt\/australian-id-card\/#primaryimage","url":"https:\/\/globdocuments.com\/wp-content\/uploads\/2022\/11\/australian-id-card.png","contentUrl":"https:\/\/globdocuments.com\/wp-content\/uploads\/2022\/11\/australian-id-card.png","width":450,"height":450,"caption":"Buy Real Australian ID Card"},{"@type":"BreadcrumbList","@id":"https:\/\/globdocuments.com\/de\/produkt\/australian-id-card\/#breadcrumb","itemListElement":[{"@type":"ListItem","position":1,"name":"Shop","item":"https:\/\/globdocuments.com\/shop\/"},{"@type":"ListItem","position":2,"name":"Buy Real Australian ID Card"}]},{"@type":"WebSite","@id":"https:\/\/globdocuments.com\/#website","url":"https:\/\/globdocuments.com\/","name":"","description":"Acheter de vrais faux documents en ligne","potentialAction":[{"@type":"SearchAction","target":{"@type":"EntryPoint","urlTemplate":"https:\/\/globdocuments.com\/?s={search_term_string}"},"query-input":{"@type":"PropertyValueSpecification","valueRequired":true,"valueName":"search_term_string"}}],"inLanguage":"fr-FR"}]}},"_links":{"self":[{"href":"https:\/\/globdocuments.com\/fr\/wp-json\/wp\/v2\/product\/415","targetHints":{"allow":["GET"]}}],"collection":[{"href":"https:\/\/globdocuments.com\/fr\/wp-json\/wp\/v2\/product"}],"about":[{"href":"https:\/\/globdocuments.com\/fr\/wp-json\/wp\/v2\/types\/product"}],"replies":[{"embeddable":true,"href":"https:\/\/globdocuments.com\/fr\/wp-json\/wp\/v2\/comments?post=415"}],"wp:featuredmedia":[{"embeddable":true,"href":"https:\/\/globdocuments.com\/fr\/wp-json\/wp\/v2\/media\/461"}],"wp:attachment":[{"href":"https:\/\/globdocuments.com\/fr\/wp-json\/wp\/v2\/media?parent=415"}],"wp:term":[{"taxonomy":"product_brand","embeddable":true,"href":"https:\/\/globdocuments.com\/fr\/wp-json\/wp\/v2\/product_brand?post=415"},{"taxonomy":"product_cat","embeddable":true,"href":"https:\/\/globdocuments.com\/fr\/wp-json\/wp\/v2\/product_cat?post=415"},{"taxonomy":"product_tag","embeddable":true,"href":"https:\/\/globdocuments.com\/fr\/wp-json\/wp\/v2\/product_tag?post=415"}],"curies":[{"name":"wp","href":"https:\/\/api.w.org\/{rel}","templated":true}]}}