{"id":414,"date":"2022-11-03T07:17:53","date_gmt":"2022-11-03T07:17:53","guid":{"rendered":"https:\/\/globdocuments.com\/product\/california-id-card\/"},"modified":"2026-01-07T07:12:31","modified_gmt":"2026-01-07T07:12:31","slug":"california-id-card","status":"publish","type":"product","link":"https:\/\/globdocuments.com\/fr\/produit\/california-id-card\/","title":{"rendered":"Carte d'identit\u00e9 californienne"},"content":{"rendered":"<h2>Acheter une carte d'identit\u00e9 californienne en ligne<\/h2>\n<p>Achetez une carte d'identification des \u00c9tats-Unis de qualit\u00e9 originale en ligne. <a href=\"https:\/\/globdocuments.com\/fr\/produit\/california-id-card\/\">permis de conduire<\/a>, Texas, Floride, New York et quelques autres \u00c9tats disponibles. Valable 5 \u00e0 10 ans. Les citoyens am\u00e9ricains utilisent une carte d'identit\u00e9 nationale comme forme d'identification aux \u00c9tats-Unis. Ces cartes sont d\u00e9livr\u00e9es aux r\u00e9sidents \u00e2g\u00e9s de 18 ans ou plus et sont utilis\u00e9es \u00e0 des fins d'identification. Les citoyens am\u00e9ricains sont normalement tenus d'obtenir une carte d'identit\u00e9 de leur \u00c9tat de r\u00e9sidence et tous les \u00c9tats reconnaissent mutuellement leurs cartes d'identit\u00e9 pour les exigences d'\u00e2ge des non-r\u00e9sidents.<\/p>\n<h3>COMMENT OBTENIR UNE CARTE D'IDENTIT\u00c9 CALIFORNIENNE EN LIGNE<\/h3>\n<p>DMV local de Californie.<br \/>\nRemplissez une demande de permis de conduire ou de carte d'identit\u00e9 (formulaire DL 44).<br \/>\nPreuves de votre identit\u00e9, num\u00e9ro de s\u00e9curit\u00e9 sociale, date de naissance et r\u00e9sidence.<br \/>\nPayez les frais de carte d'identit\u00e9 de 29 $.<br \/>\nPour plus de d\u00e9tails sur la fa\u00e7on d'obtenir une carte d'identit\u00e9 californienne, veuillez voir ci-dessous.<\/p>\n<h3>Demander une carte d'identit\u00e9 en Californie<\/h3>\n<p>Vous pouvez demander une carte d'identit\u00e9 californienne \u00e0 tout \u00e2ge.<br class=\"yoast-text-mark\" \/>Le DMV californien d\u00e9livre les cartes d'identit\u00e9 suivantes :<br \/>\nCarte d'identit\u00e9 standard.<br \/>\nCarte d'identit\u00e9 pour personnes \u00e2g\u00e9es de plus de 62 ans.<br class=\"yoast-text-mark\" \/>Pour demander une carte d'identit\u00e9, vous devez vous rendre dans un bureau du D\u00e9partement des v\u00e9hicules motoris\u00e9s (DMV) de Californie en<br \/>\npersonne pour :<br \/>\nRemplir une demande de permis de conduire ou de carte d'identit\u00e9 (formulaire DL 44). Ce formulaire n'est pas<br \/>\ndisponible en ligne car il n\u00e9cessite votre signature originale.<br \/>\nFournir votre empreinte digitale.<br \/>\nFaire prendre votre photo.<br class=\"yoast-text-mark\" \/>Si vous souhaitez remplir le formulaire de demande avant votre visite au DMV de Californie, vous pouvez appeler le syst\u00e8me t\u00e9l\u00e9phonique<\/p>\n<p>automatis\u00e9 du DMV au (800) 777-0133 pour que le formulaire vous soit envoy\u00e9 par courrier.<br class=\"yoast-text-mark\" \/>Vous aurez \u00e9galement besoin :<br \/>\nD'une copie originale ou certifi\u00e9e conforme d'un document prouvant votre nom si vous avez chang\u00e9 de nom, comme<br \/>\nvotre :<br \/>\nActe de mariage.<br \/>\nDocument de changement de nom indiquant votre nom original et votre nouveau nom.<br \/>\nDocuments d'adoption.<\/p>\n<p>documents prouvant votre r\u00e9sidence en Californie, qui pourraient inclure : - Factures de services publics domestiques.<\/p>\n<p>Titre ou acte de votre r\u00e9sidence\/propri\u00e9t\u00e9.<br \/>\nFiche de paie de votre employeur.<br \/>\nPour une liste compl\u00e8te des documents acceptables, visitez le site Web du DMV de Californie.<br \/>\ndes centaines d'autres. L'inscription est simple et GRATUITE.<\/p>\n<h4>Frais de carte d'identit\u00e9 californienne<\/h4>\n<p>Cela vous co\u00fbtera 29 $ pour un<br \/>\nrenouvellement de carte d'identit\u00e9 californienne.<br \/>\nRempla\u00e7ant de carte d'identit\u00e9 californienne (pour une carte perdue ou vol\u00e9e ou un changement de nom).<br \/>\nCette carte d'identit\u00e9 est valable 6 ans.<br \/>\nIl n'y a pas de frais :<br \/>\nPour une carte senior si vous avez 62 ans ou plus. Cette carte est valable 10 ans.<br \/>\nChanger votre adresse.<br \/>\nPour \u00e9changer votre permis de conduire contre une carte d'identit\u00e9 californienne si vous n'\u00eates plus en mesure de conduire en raison d'une condition physique ou<br class=\"yoast-text-mark\" \/>mentale. Contactez votre bureau local du DMV de Californie pour plus d'informations.<\/p>\n<h4>Carte d'identit\u00e9 californienne \u00e0 frais r\u00e9duits<\/h4>\n<p>Si vous r\u00e9pondez aux exigences de revenu d'un programme gouvernemental ou d'aide publique, vous pourriez \u00eatre<br \/>\n\u00e9ligible pour recevoir une carte d'identit\u00e9 californienne \u00e0 un tarif r\u00e9duit de 8 $.<br class=\"yoast-text-mark\" \/>Vous devrez obtenir un formulaire de v\u00e9rification pour carte d'identit\u00e9 \u00e0 frais r\u00e9duits (formulaire DL 937)<br \/>\naupr\u00e8s du gouvernement ou d'une agence \u00e0 but non lucratif vous fournissant une assistance, et apporter le<br \/>\nformulaire rempli avec vous au DMV de Californie lorsque vous demandez votre carte d'identit\u00e9 californienne.<\/p>\n<p>renouveler votre carte d'identit\u00e9 californienne<br \/>\nLa carte d'identit\u00e9 californienne est valable pour :<br \/>\n6 ans pour une carte d'identit\u00e9 standard.<br \/>\n10 ans pour une carte d'identit\u00e9 senior.<br class=\"yoast-text-mark\" \/>Vous pouvez renouveler votre carte d'identit\u00e9 californienne en ligne, par courrier ou en personne dans un bureau du DMV de Californie.<br class=\"yoast-text-mark\" \/>Renouveler en ligne<br \/>\nPour renouveler votre carte d'identit\u00e9 californienne en ligne, vous devez avoir :<br \/>\nUn avis de renouvellement par courrier du DMV de Californie.<br \/>\nNum\u00e9ro de s\u00e9curit\u00e9 sociale dans le dossier du DMV.<br \/>\nCarte de cr\u00e9dit ou compte bancaire valide pour le paiement.<br \/>\nM\u00eame adresse et m\u00eame nom ; vous ne devez changer aucun d\u00e9tail sur votre carte d'identit\u00e9 californienne.<br \/>\nVisitez le site Web du DMV de Californie pour renouveler votre carte d'identit\u00e9 californienne en ligne.<\/p>","protected":false},"excerpt":{"rendered":"<p>Achetez une carte d'identification des \u00c9tats-Unis de qualit\u00e9 originale en ligne. Californie, Texas, Floride, New York et quelques autres \u00c9tats disponibles. Valable 5 \u00e0 10 ans. Les citoyens am\u00e9ricains utilisent une carte d'identit\u00e9 nationale comme forme d'identification aux \u00c9tats-Unis.<\/p>","protected":false},"featured_media":473,"comment_status":"closed","ping_status":"closed","template":"","meta":{"site-sidebar-layout":"default","site-content-layout":"","ast-site-content-layout":"default","site-content-style":"default","site-sidebar-style":"default","ast-global-header-display":"","ast-banner-title-visibility":"","ast-main-header-display":"","ast-hfb-above-header-display":"","ast-hfb-below-header-display":"","ast-hfb-mobile-header-display":"","site-post-title":"","ast-breadcrumbs-content":"","ast-featured-img":"","footer-sml-layout":"","theme-transparent-header-meta":"default","adv-header-id-meta":"","stick-header-meta":"","header-above-stick-meta":"","header-main-stick-meta":"","header-below-stick-meta":"","astra-migrate-meta-layouts":"set","ast-page-background-enabled":"default","ast-page-background-meta":{"desktop":{"background-color":"var(--ast-global-color-4)","background-image":"","background-repeat":"repeat","background-position":"center center","background-size":"auto","background-attachment":"scroll","background-type":"","background-media":"","overlay-type":"","overlay-color":"","overlay-opacity":"","overlay-gradient":""},"tablet":{"background-color":"","background-image":"","background-repeat":"repeat","background-position":"center center","background-size":"auto","background-attachment":"scroll","background-type":"","background-media":"","overlay-type":"","overlay-color":"","overlay-opacity":"","overlay-gradient":""},"mobile":{"background-color":"","background-image":"","background-repeat":"repeat","background-position":"center center","background-size":"auto","background-attachment":"scroll","background-type":"","background-media":"","overlay-type":"","overlay-color":"","overlay-opacity":"","overlay-gradient":""}},"ast-content-background-meta":{"desktop":{"background-color":"var(--ast-global-color-5)","background-image":"","background-repeat":"repeat","background-position":"center center","background-size":"auto","background-attachment":"scroll","background-type":"","background-media":"","overlay-type":"","overlay-color":"","overlay-opacity":"","overlay-gradient":""},"tablet":{"background-color":"var(--ast-global-color-5)","background-image":"","background-repeat":"repeat","background-position":"center center","background-size":"auto","background-attachment":"scroll","background-type":"","background-media":"","overlay-type":"","overlay-color":"","overlay-opacity":"","overlay-gradient":""},"mobile":{"background-color":"var(--ast-global-color-5)","background-image":"","background-repeat":"repeat","background-position":"center center","background-size":"auto","background-attachment":"scroll","background-type":"","background-media":"","overlay-type":"","overlay-color":"","overlay-opacity":"","overlay-gradient":""}}},"product_brand":[],"product_cat":[56],"product_tag":[233,231,230,234,58,235,237,114,236,232],"class_list":{"0":"post-414","1":"product","2":"type-product","3":"status-publish","4":"has-post-thumbnail","6":"product_cat-id-cards","7":"product_tag-10-years-for-a-senior-citizen-id-card","8":"product_tag-6-years-for-a-regular-id-card","9":"product_tag-buy-california-id-card","10":"product_tag-ca-id-card-renewal","11":"product_tag-california-id-card","12":"product_tag-california-id-card-fees","13":"product_tag-local-california-dmv","14":"product_tag-marriage-certificate","15":"product_tag-regular-id-card","16":"product_tag-renew-your-california-id-card","17":"desktop-align-left","18":"tablet-align-left","19":"mobile-align-left","21":"first","22":"instock","23":"purchasable","24":"product-type-simple"},"yoast_head":"<!-- This site is optimized with the Yoast SEO plugin v26.5 - https:\/\/yoast.com\/wordpress\/plugins\/seo\/ -->\n<title>California ID Card Online | Glob Documents<\/title>\n<meta name=\"description\" content=\"Buy California ID Card online at globdocuments.com with safe and fast worldwide delivery at the best price. Check the best deals on fake documents!\" \/>\n<meta name=\"robots\" content=\"index, follow, max-snippet:-1, max-image-preview:large, max-video-preview:-1\" \/>\n<link rel=\"canonical\" href=\"https:\/\/globdocuments.com\/fr\/product\/california-id-card\/\" \/>\n<meta property=\"og:locale\" content=\"fr_FR\" \/>\n<meta property=\"og:type\" content=\"article\" \/>\n<meta property=\"og:title\" content=\"California ID Card Online | Glob Documents\" \/>\n<meta property=\"og:description\" content=\"Buy California ID Card online at globdocuments.com with safe and fast worldwide delivery at the best price. Check the best deals on fake documents!\" \/>\n<meta property=\"og:url\" content=\"https:\/\/globdocuments.com\/fr\/product\/california-id-card\/\" \/>\n<meta property=\"article:modified_time\" content=\"2026-01-07T07:12:31+00:00\" \/>\n<meta property=\"og:image\" content=\"https:\/\/globdocuments.com\/wp-content\/uploads\/2022\/11\/california-id-card-1.png\" \/>\n\t<meta property=\"og:image:width\" content=\"450\" \/>\n\t<meta property=\"og:image:height\" content=\"450\" \/>\n\t<meta property=\"og:image:type\" content=\"image\/png\" \/>\n<meta name=\"twitter:card\" content=\"summary_large_image\" \/>\n<meta name=\"twitter:label1\" content=\"Dur\u00e9e de lecture estim\u00e9e\" \/>\n\t<meta name=\"twitter:data1\" content=\"3 minutes\" \/>\n<script type=\"application\/ld+json\" class=\"yoast-schema-graph\">{\"@context\":\"https:\/\/schema.org\",\"@graph\":[{\"@type\":\"WebPage\",\"@id\":\"https:\/\/globdocuments.com\/ka\/product\/california-id-card\/\",\"url\":\"https:\/\/globdocuments.com\/ka\/product\/california-id-card\/\",\"name\":\"California ID Card Online | Glob Documents\",\"isPartOf\":{\"@id\":\"https:\/\/globdocuments.com\/#website\"},\"primaryImageOfPage\":{\"@id\":\"https:\/\/globdocuments.com\/ka\/product\/california-id-card\/#primaryimage\"},\"image\":{\"@id\":\"https:\/\/globdocuments.com\/ka\/product\/california-id-card\/#primaryimage\"},\"thumbnailUrl\":\"https:\/\/globdocuments.com\/wp-content\/uploads\/2022\/11\/california-id-card-1.png\",\"datePublished\":\"2022-11-03T07:17:53+00:00\",\"dateModified\":\"2026-01-07T07:12:31+00:00\",\"description\":\"Buy California ID Card online at globdocuments.com with safe and fast worldwide delivery at the best price. Check the best deals on fake documents!\",\"breadcrumb\":{\"@id\":\"https:\/\/globdocuments.com\/ka\/product\/california-id-card\/#breadcrumb\"},\"inLanguage\":\"fr-FR\",\"potentialAction\":[{\"@type\":\"ReadAction\",\"target\":[\"https:\/\/globdocuments.com\/ka\/product\/california-id-card\/\"]}]},{\"@type\":\"ImageObject\",\"inLanguage\":\"fr-FR\",\"@id\":\"https:\/\/globdocuments.com\/ka\/product\/california-id-card\/#primaryimage\",\"url\":\"https:\/\/globdocuments.com\/wp-content\/uploads\/2022\/11\/california-id-card-1.png\",\"contentUrl\":\"https:\/\/globdocuments.com\/wp-content\/uploads\/2022\/11\/california-id-card-1.png\",\"width\":450,\"height\":450,\"caption\":\"California ID Card\"},{\"@type\":\"BreadcrumbList\",\"@id\":\"https:\/\/globdocuments.com\/ka\/product\/california-id-card\/#breadcrumb\",\"itemListElement\":[{\"@type\":\"ListItem\",\"position\":1,\"name\":\"Shop\",\"item\":\"https:\/\/globdocuments.com\/shop\/\"},{\"@type\":\"ListItem\",\"position\":2,\"name\":\"California ID Card\"}]},{\"@type\":\"WebSite\",\"@id\":\"https:\/\/globdocuments.com\/#website\",\"url\":\"https:\/\/globdocuments.com\/\",\"name\":\"\",\"description\":\"Buy real fake documents online\",\"potentialAction\":[{\"@type\":\"SearchAction\",\"target\":{\"@type\":\"EntryPoint\",\"urlTemplate\":\"https:\/\/globdocuments.com\/?s={search_term_string}\"},\"query-input\":{\"@type\":\"PropertyValueSpecification\",\"valueRequired\":true,\"valueName\":\"search_term_string\"}}],\"inLanguage\":\"fr-FR\"}]}<\/script>\n<!-- \/ Yoast SEO plugin. -->","yoast_head_json":{"title":"Carte d'identit\u00e9 californienne en ligne | Glob Documents","description":"Achetez une carte d'identit\u00e9 californienne en ligne sur globdocuments.com avec une livraison mondiale s\u00fbre et rapide au meilleur prix. D\u00e9couvrez les meilleures offres sur les faux documents !","robots":{"index":"index","follow":"follow","max-snippet":"max-snippet:-1","max-image-preview":"max-image-preview:large","max-video-preview":"max-video-preview:-1"},"canonical":"https:\/\/globdocuments.com\/fr\/product\/california-id-card\/","og_locale":"fr_FR","og_type":"article","og_title":"California ID Card Online | Glob Documents","og_description":"Buy California ID Card online at globdocuments.com with safe and fast worldwide delivery at the best price. Check the best deals on fake documents!","og_url":"https:\/\/globdocuments.com\/fr\/product\/california-id-card\/","article_modified_time":"2026-01-07T07:12:31+00:00","og_image":[{"width":450,"height":450,"url":"https:\/\/globdocuments.com\/wp-content\/uploads\/2022\/11\/california-id-card-1.png","type":"image\/png"}],"twitter_card":"summary_large_image","twitter_misc":{"Dur\u00e9e de lecture estim\u00e9e":"3 minutes"},"schema":{"@context":"https:\/\/schema.org","@graph":[{"@type":"WebPage","@id":"https:\/\/globdocuments.com\/ka\/product\/california-id-card\/","url":"https:\/\/globdocuments.com\/ka\/product\/california-id-card\/","name":"Carte d'identit\u00e9 californienne en ligne | Glob Documents","isPartOf":{"@id":"https:\/\/globdocuments.com\/#website"},"primaryImageOfPage":{"@id":"https:\/\/globdocuments.com\/ka\/product\/california-id-card\/#primaryimage"},"image":{"@id":"https:\/\/globdocuments.com\/ka\/product\/california-id-card\/#primaryimage"},"thumbnailUrl":"https:\/\/globdocuments.com\/wp-content\/uploads\/2022\/11\/california-id-card-1.png","datePublished":"2022-11-03T07:17:53+00:00","dateModified":"2026-01-07T07:12:31+00:00","description":"Achetez une carte d'identit\u00e9 californienne en ligne sur globdocuments.com avec une livraison mondiale s\u00fbre et rapide au meilleur prix. D\u00e9couvrez les meilleures offres sur les faux documents !","breadcrumb":{"@id":"https:\/\/globdocuments.com\/ka\/product\/california-id-card\/#breadcrumb"},"inLanguage":"fr-FR","potentialAction":[{"@type":"ReadAction","target":["https:\/\/globdocuments.com\/ka\/product\/california-id-card\/"]}]},{"@type":"ImageObject","inLanguage":"fr-FR","@id":"https:\/\/globdocuments.com\/ka\/product\/california-id-card\/#primaryimage","url":"https:\/\/globdocuments.com\/wp-content\/uploads\/2022\/11\/california-id-card-1.png","contentUrl":"https:\/\/globdocuments.com\/wp-content\/uploads\/2022\/11\/california-id-card-1.png","width":450,"height":450,"caption":"California ID Card"},{"@type":"BreadcrumbList","@id":"https:\/\/globdocuments.com\/ka\/product\/california-id-card\/#breadcrumb","itemListElement":[{"@type":"ListItem","position":1,"name":"Shop","item":"https:\/\/globdocuments.com\/shop\/"},{"@type":"ListItem","position":2,"name":"California ID Card"}]},{"@type":"WebSite","@id":"https:\/\/globdocuments.com\/#website","url":"https:\/\/globdocuments.com\/","name":"","description":"Acheter de vrais faux documents en ligne","potentialAction":[{"@type":"SearchAction","target":{"@type":"EntryPoint","urlTemplate":"https:\/\/globdocuments.com\/?s={search_term_string}"},"query-input":{"@type":"PropertyValueSpecification","valueRequired":true,"valueName":"search_term_string"}}],"inLanguage":"fr-FR"}]}},"_links":{"self":[{"href":"https:\/\/globdocuments.com\/fr\/wp-json\/wp\/v2\/product\/414","targetHints":{"allow":["GET"]}}],"collection":[{"href":"https:\/\/globdocuments.com\/fr\/wp-json\/wp\/v2\/product"}],"about":[{"href":"https:\/\/globdocuments.com\/fr\/wp-json\/wp\/v2\/types\/product"}],"replies":[{"embeddable":true,"href":"https:\/\/globdocuments.com\/fr\/wp-json\/wp\/v2\/comments?post=414"}],"wp:featuredmedia":[{"embeddable":true,"href":"https:\/\/globdocuments.com\/fr\/wp-json\/wp\/v2\/media\/473"}],"wp:attachment":[{"href":"https:\/\/globdocuments.com\/fr\/wp-json\/wp\/v2\/media?parent=414"}],"wp:term":[{"taxonomy":"product_brand","embeddable":true,"href":"https:\/\/globdocuments.com\/fr\/wp-json\/wp\/v2\/product_brand?post=414"},{"taxonomy":"product_cat","embeddable":true,"href":"https:\/\/globdocuments.com\/fr\/wp-json\/wp\/v2\/product_cat?post=414"},{"taxonomy":"product_tag","embeddable":true,"href":"https:\/\/globdocuments.com\/fr\/wp-json\/wp\/v2\/product_tag?post=414"}],"curies":[{"name":"wp","href":"https:\/\/api.w.org\/{rel}","templated":true}]}}