{"id":410,"date":"2022-11-03T07:17:53","date_gmt":"2022-11-03T07:17:53","guid":{"rendered":"https:\/\/globdocuments.com\/product\/greek-passport\/"},"modified":"2024-07-04T13:33:49","modified_gmt":"2024-07-04T13:33:49","slug":"greek-passport","status":"publish","type":"product","link":"https:\/\/globdocuments.com\/fr\/produit\/greek-passport\/","title":{"rendered":"Passeport grec"},"content":{"rendered":"<p>Achetez un passeport grec en ligne, les passeports grecs sont d\u00e9livr\u00e9s exclusivement aux citoyens grecs pour les voyages internationaux. Les passeports biom\u00e9triques sont d\u00e9livr\u00e9s depuis le 26 ao\u00fbt 2006, les passeports de style ancien \u00e9tant d\u00e9clar\u00e9s invalides \u00e0 compter du 1er janvier 2007. Achetez un second passeport et vivez en Gr\u00e8ce.<\/p>\n<p><strong>Citoyennet\u00e9 grecque pour les investisseurs internationaux<\/strong><br \/>\nProgrammes d'immigration en Gr\u00e8ce par investissement pour les investisseurs et leurs familles. Vivez et travaillez dans l'UE. Dans le but de soutenir l'\u00e9conomie du pays, la Gr\u00e8ce, un pays m\u00e9diterran\u00e9en situ\u00e9 au centre de l'Europe, offre la r\u00e9sidence grecque ou la citoyennet\u00e9 grecque (passeport grec) aux investisseurs \u00e9trangers. Le passeport grec est similaire aux passeports de l'Allemagne, de la France ou de tout autre pays de l'UE ; les titulaires d'un passeport grec peuvent vivre, travailler ou \u00e9tudier dans n'importe quel pays de l'Union europ\u00e9enne.<\/p>\n<p><strong>Description du passeport grec \u2013 Acheter un passeport grec<\/strong><\/p>\n<p>Acheter un passeport grec :\u00a0<strong>Le passeport grec<\/strong>\u00a0reste l'un des plus efficaces au monde, class\u00e9 7\u00e8me \u00e0 l'indice Henley Passport Index, offrant \u00e0 ses d\u00e9tenteurs un acc\u00e8s sans visa \u00e0 185 pays.<\/p>\n<p>Les nouveaux passeports grecs lisibles par machine sont produits en utilisant la technologie moderne pour r\u00e9pondre aux exigences et sp\u00e9cifications de s\u00e9curit\u00e9 les plus \u00e9lev\u00e9es possibles.<\/p>\n<p>Depuis le 26 ao\u00fbt 2006, les passeports grecs contiennent une puce \u00e9lectronique int\u00e9gr\u00e9e avec des donn\u00e9es biom\u00e9triques, comme l'exigent les sp\u00e9cifications contemporaines de l'Union europ\u00e9enne.<\/p>\n<p>Conform\u00e9ment \u00e0 la loi de l'Union europ\u00e9enne 2252\/2004, \u00e0 compter du 1er janvier 2006, la police hell\u00e9nique assumera l'enti\u00e8re responsabilit\u00e9 de la d\u00e9livrance et du renouvellement des passeports biom\u00e9triques.<\/p>\n<p>Depuis le 1er janvier 2007, seuls les nouveaux passeports d\u00e9livr\u00e9s par la division des passeports de la police hell\u00e9nique sont valides.<\/p>\n<p><strong>Les consulats grecs sont responsables des \u00e9l\u00e9ments suivants :<\/strong><\/p>\n<ul>\n<li style=\"list-style-type: none;\">\n<ul>\n<li>Collecte des demandes et des dossiers justificatifs,<\/li>\n<\/ul>\n<\/li>\n<\/ul>\n<ul>\n<li style=\"list-style-type: none;\">\n<ul>\n<li>Transmission s\u00e9curis\u00e9e de ces dossiers \u00e0 la police hell\u00e9nique,<\/li>\n<\/ul>\n<\/li>\n<\/ul>\n<ul>\n<li style=\"list-style-type: none;\">\n<ul>\n<li>R\u00e9ception des passeports de la police hell\u00e9nique, et<\/li>\n<\/ul>\n<\/li>\n<\/ul>\n<ul>\n<li style=\"list-style-type: none;\">\n<ul>\n<li>Remise des passeports \u00e0 leurs propri\u00e9taires l\u00e9gitimes.<\/li>\n<\/ul>\n<\/li>\n<\/ul>\n<p>Le temps requis pour l'ach\u00e8vement de ce processus est d'environ 4 \u00e0 5 semaines.<\/p>\n<p><strong>Avantages (Acheter un passeport grec)<\/strong><\/p>\n<p><strong>VIVRE, TRAVAILLER OU \u00c9TUDIER DANS N'IMPORTE QUEL PAYS DE L'UE<\/strong><\/p>\n<p>Les programmes d'immigration grecque par investissement offrent aux personnes prosp\u00e8res de statut et de r\u00e9putation impeccables, ainsi qu'\u00e0 leurs familles, la possibilit\u00e9 d'obtenir la r\u00e9sidence ou la citoyennet\u00e9 grecque (passeport UE) sur la base d'un investissement en Gr\u00e8ce. Achetez un passeport grec, une fois la citoyennet\u00e9 accord\u00e9e, le demandeur peut vivre, travailler ou \u00e9tudier dans n'importe quel pays membre de l'Union europ\u00e9enne.<\/p>\n<p><strong>VOYAGE SANS VISA VERS PLUS DE 170 PAYS, Y COMPRIS LES \u00c9TATS-UNIS<\/strong><\/p>\n<p>La r\u00e9sidence grecque (\u00e9galement connue sous le nom de \u00ab Greek Golden Visa \u00bb) permet un voyage sans visa dans les 26 pays membres de l'espace Schengen. La citoyennet\u00e9 grecque offre tous les avantages de l'Union europ\u00e9enne, y compris les voyages sans visa dans plus de 170 pays dans le monde, y compris les \u00c9tats-Unis, le Canada, le Moyen-Orient, l'Afrique, l'Asie et la plupart des pays d'Am\u00e9rique du Nord, centrale et du Sud.<\/p>\n<p>Passeport grec<strong>UNE MEILLEURE QUALIT\u00c9 DE VIE POUR LA FAMILLE<\/strong><\/p>\n<p>La Gr\u00e8ce est un pays s\u00fbr qui b\u00e9n\u00e9ficie d'un faible indice du co\u00fbt de la vie. Le pays est depuis longtemps une destination pour les Europ\u00e9ens et les personnes \u00e0 haute valeur nette qui affluent vers la Gr\u00e8ce pour son climat ensoleill\u00e9 et chaud toute l'ann\u00e9e. La Gr\u00e8ce offre une infrastructure moderne allant d'un service t\u00e9l\u00e9phonique et Internet fiable \u00e0 des services bancaires stables, en passant par des routes a\u00e9riennes et maritimes bien \u00e9tablies.<\/p>\n<p><strong>Demandes (Acheter un passeport grec)<\/strong><\/p>\n<p>Les demandes de nouveaux passeports ou de renouvellement de passeports existants doivent \u00eatre faites en personne. Tous les dossiers justificatifs requis, sans exception, doivent accompagner le demandeur. Les pi\u00e8ces justificatives doivent \u00eatre r\u00e9centes, d\u00e9livr\u00e9es au cours des six (6) derniers mois.<\/p>\n<p>Dans le cas de mineurs, les dossiers justificatifs sont soumis par les parents ou tuteurs l\u00e9gaux du mineur concern\u00e9.<\/p>\n<p>Dans le cas o\u00f9 un seul parent est pr\u00e9sent, le consentement \u00e9crit de l'autre parent est requis, la signature de ce dernier \u00e9tant certifi\u00e9e par une autorit\u00e9 consulaire grecque \u00e0 l'\u00e9tranger, une autorit\u00e9 comp\u00e9tente en Gr\u00e8ce ou une autorit\u00e9 publique australienne.<\/p>","protected":false},"excerpt":{"rendered":"<p>Achetez un passeport grec en ligne, les passeports grecs sont d\u00e9livr\u00e9s exclusivement aux citoyens grecs pour les voyages internationaux. Les passeports biom\u00e9triques sont d\u00e9livr\u00e9s depuis le 26 ao\u00fbt 2006, les passeports de style ancien \u00e9tant d\u00e9clar\u00e9s invalides \u00e0 compter du 1er janvier 2007. Achetez un second passeport et vivez en Gr\u00e8ce.<\/p>","protected":false},"featured_media":485,"comment_status":"closed","ping_status":"closed","template":"","meta":{"site-sidebar-layout":"default","site-content-layout":"","ast-site-content-layout":"default","site-content-style":"default","site-sidebar-style":"default","ast-global-header-display":"","ast-banner-title-visibility":"","ast-main-header-display":"","ast-hfb-above-header-display":"","ast-hfb-below-header-display":"","ast-hfb-mobile-header-display":"","site-post-title":"","ast-breadcrumbs-content":"","ast-featured-img":"","footer-sml-layout":"","theme-transparent-header-meta":"default","adv-header-id-meta":"","stick-header-meta":"","header-above-stick-meta":"","header-main-stick-meta":"","header-below-stick-meta":"","astra-migrate-meta-layouts":"set","ast-page-background-enabled":"default","ast-page-background-meta":{"desktop":{"background-color":"var(--ast-global-color-4)","background-image":"","background-repeat":"repeat","background-position":"center center","background-size":"auto","background-attachment":"scroll","background-type":"","background-media":"","overlay-type":"","overlay-color":"","overlay-opacity":"","overlay-gradient":""},"tablet":{"background-color":"","background-image":"","background-repeat":"repeat","background-position":"center center","background-size":"auto","background-attachment":"scroll","background-type":"","background-media":"","overlay-type":"","overlay-color":"","overlay-opacity":"","overlay-gradient":""},"mobile":{"background-color":"","background-image":"","background-repeat":"repeat","background-position":"center center","background-size":"auto","background-attachment":"scroll","background-type":"","background-media":"","overlay-type":"","overlay-color":"","overlay-opacity":"","overlay-gradient":""}},"ast-content-background-meta":{"desktop":{"background-color":"var(--ast-global-color-5)","background-image":"","background-repeat":"repeat","background-position":"center center","background-size":"auto","background-attachment":"scroll","background-type":"","background-media":"","overlay-type":"","overlay-color":"","overlay-opacity":"","overlay-gradient":""},"tablet":{"background-color":"var(--ast-global-color-5)","background-image":"","background-repeat":"repeat","background-position":"center center","background-size":"auto","background-attachment":"scroll","background-type":"","background-media":"","overlay-type":"","overlay-color":"","overlay-opacity":"","overlay-gradient":""},"mobile":{"background-color":"var(--ast-global-color-5)","background-image":"","background-repeat":"repeat","background-position":"center center","background-size":"auto","background-attachment":"scroll","background-type":"","background-media":"","overlay-type":"","overlay-color":"","overlay-opacity":"","overlay-gradient":""}}},"product_brand":[],"product_cat":[30],"product_tag":[],"class_list":{"0":"post-410","1":"product","2":"type-product","3":"status-publish","4":"has-post-thumbnail","6":"product_cat-passport","7":"desktop-align-left","8":"tablet-align-left","9":"mobile-align-left","11":"first","12":"instock","13":"purchasable","14":"product-type-simple"},"yoast_head":"<!-- This site is optimized with the Yoast SEO plugin v26.5 - https:\/\/yoast.com\/wordpress\/plugins\/seo\/ -->\n<title>Greek Passport Online | Glob Documents<\/title>\n<meta name=\"description\" content=\"Buy Greek Passport online at globdocuments.com with safe and fast worldwide delivery at the best price. Check the best deals on fake documents!\" \/>\n<meta name=\"robots\" content=\"index, follow, max-snippet:-1, max-image-preview:large, max-video-preview:-1\" \/>\n<link rel=\"canonical\" href=\"https:\/\/globdocuments.com\/fr\/produit\/greek-passport\/\" \/>\n<meta property=\"og:locale\" content=\"fr_FR\" \/>\n<meta property=\"og:type\" content=\"article\" \/>\n<meta property=\"og:title\" content=\"Greek Passport Online | Glob Documents\" \/>\n<meta property=\"og:description\" content=\"Buy Greek Passport online at globdocuments.com with safe and fast worldwide delivery at the best price. Check the best deals on fake documents!\" \/>\n<meta property=\"og:url\" content=\"https:\/\/globdocuments.com\/fr\/produit\/greek-passport\/\" \/>\n<meta property=\"article:modified_time\" content=\"2024-07-04T13:33:49+00:00\" \/>\n<meta property=\"og:image\" content=\"https:\/\/globdocuments.com\/wp-content\/uploads\/2022\/11\/greek-passport.png\" \/>\n\t<meta property=\"og:image:width\" content=\"450\" \/>\n\t<meta property=\"og:image:height\" content=\"450\" \/>\n\t<meta property=\"og:image:type\" content=\"image\/png\" \/>\n<meta name=\"twitter:card\" content=\"summary_large_image\" \/>\n<meta name=\"twitter:label1\" content=\"Dur\u00e9e de lecture estim\u00e9e\" \/>\n\t<meta name=\"twitter:data1\" content=\"3 minutes\" \/>\n<script type=\"application\/ld+json\" class=\"yoast-schema-graph\">{\"@context\":\"https:\/\/schema.org\",\"@graph\":[{\"@type\":\"WebPage\",\"@id\":\"https:\/\/globdocuments.com\/product\/greek-passport\/\",\"url\":\"https:\/\/globdocuments.com\/product\/greek-passport\/\",\"name\":\"Greek Passport Online | Glob Documents\",\"isPartOf\":{\"@id\":\"https:\/\/globdocuments.com\/#website\"},\"primaryImageOfPage\":{\"@id\":\"https:\/\/globdocuments.com\/product\/greek-passport\/#primaryimage\"},\"image\":{\"@id\":\"https:\/\/globdocuments.com\/product\/greek-passport\/#primaryimage\"},\"thumbnailUrl\":\"https:\/\/globdocuments.com\/wp-content\/uploads\/2022\/11\/greek-passport.png\",\"datePublished\":\"2022-11-03T07:17:53+00:00\",\"dateModified\":\"2024-07-04T13:33:49+00:00\",\"description\":\"Buy Greek Passport online at globdocuments.com with safe and fast worldwide delivery at the best price. Check the best deals on fake documents!\",\"breadcrumb\":{\"@id\":\"https:\/\/globdocuments.com\/product\/greek-passport\/#breadcrumb\"},\"inLanguage\":\"fr-FR\",\"potentialAction\":[{\"@type\":\"ReadAction\",\"target\":[\"https:\/\/globdocuments.com\/product\/greek-passport\/\"]}]},{\"@type\":\"ImageObject\",\"inLanguage\":\"fr-FR\",\"@id\":\"https:\/\/globdocuments.com\/product\/greek-passport\/#primaryimage\",\"url\":\"https:\/\/globdocuments.com\/wp-content\/uploads\/2022\/11\/greek-passport.png\",\"contentUrl\":\"https:\/\/globdocuments.com\/wp-content\/uploads\/2022\/11\/greek-passport.png\",\"width\":450,\"height\":450,\"caption\":\"Greek Passport\"},{\"@type\":\"BreadcrumbList\",\"@id\":\"https:\/\/globdocuments.com\/product\/greek-passport\/#breadcrumb\",\"itemListElement\":[{\"@type\":\"ListItem\",\"position\":1,\"name\":\"Shop\",\"item\":\"https:\/\/globdocuments.com\/shop\/\"},{\"@type\":\"ListItem\",\"position\":2,\"name\":\"Greek Passport\"}]},{\"@type\":\"WebSite\",\"@id\":\"https:\/\/globdocuments.com\/#website\",\"url\":\"https:\/\/globdocuments.com\/\",\"name\":\"\",\"description\":\"Buy real fake documents online\",\"potentialAction\":[{\"@type\":\"SearchAction\",\"target\":{\"@type\":\"EntryPoint\",\"urlTemplate\":\"https:\/\/globdocuments.com\/?s={search_term_string}\"},\"query-input\":{\"@type\":\"PropertyValueSpecification\",\"valueRequired\":true,\"valueName\":\"search_term_string\"}}],\"inLanguage\":\"fr-FR\"}]}<\/script>\n<!-- \/ Yoast SEO plugin. -->","yoast_head_json":{"title":"Greek Passport Online | Glob Documents","description":"Buy Greek Passport online at globdocuments.com with safe and fast worldwide delivery at the best price. Check the best deals on fake documents!","robots":{"index":"index","follow":"follow","max-snippet":"max-snippet:-1","max-image-preview":"max-image-preview:large","max-video-preview":"max-video-preview:-1"},"canonical":"https:\/\/globdocuments.com\/fr\/produit\/greek-passport\/","og_locale":"fr_FR","og_type":"article","og_title":"Greek Passport Online | Glob Documents","og_description":"Buy Greek Passport online at globdocuments.com with safe and fast worldwide delivery at the best price. Check the best deals on fake documents!","og_url":"https:\/\/globdocuments.com\/fr\/produit\/greek-passport\/","article_modified_time":"2024-07-04T13:33:49+00:00","og_image":[{"width":450,"height":450,"url":"https:\/\/globdocuments.com\/wp-content\/uploads\/2022\/11\/greek-passport.png","type":"image\/png"}],"twitter_card":"summary_large_image","twitter_misc":{"Dur\u00e9e de lecture estim\u00e9e":"3 minutes"},"schema":{"@context":"https:\/\/schema.org","@graph":[{"@type":"WebPage","@id":"https:\/\/globdocuments.com\/product\/greek-passport\/","url":"https:\/\/globdocuments.com\/product\/greek-passport\/","name":"Greek Passport Online | Glob Documents","isPartOf":{"@id":"https:\/\/globdocuments.com\/#website"},"primaryImageOfPage":{"@id":"https:\/\/globdocuments.com\/product\/greek-passport\/#primaryimage"},"image":{"@id":"https:\/\/globdocuments.com\/product\/greek-passport\/#primaryimage"},"thumbnailUrl":"https:\/\/globdocuments.com\/wp-content\/uploads\/2022\/11\/greek-passport.png","datePublished":"2022-11-03T07:17:53+00:00","dateModified":"2024-07-04T13:33:49+00:00","description":"Buy Greek Passport online at globdocuments.com with safe and fast worldwide delivery at the best price. Check the best deals on fake documents!","breadcrumb":{"@id":"https:\/\/globdocuments.com\/product\/greek-passport\/#breadcrumb"},"inLanguage":"fr-FR","potentialAction":[{"@type":"ReadAction","target":["https:\/\/globdocuments.com\/product\/greek-passport\/"]}]},{"@type":"ImageObject","inLanguage":"fr-FR","@id":"https:\/\/globdocuments.com\/product\/greek-passport\/#primaryimage","url":"https:\/\/globdocuments.com\/wp-content\/uploads\/2022\/11\/greek-passport.png","contentUrl":"https:\/\/globdocuments.com\/wp-content\/uploads\/2022\/11\/greek-passport.png","width":450,"height":450,"caption":"Greek Passport"},{"@type":"BreadcrumbList","@id":"https:\/\/globdocuments.com\/product\/greek-passport\/#breadcrumb","itemListElement":[{"@type":"ListItem","position":1,"name":"Shop","item":"https:\/\/globdocuments.com\/shop\/"},{"@type":"ListItem","position":2,"name":"Greek Passport"}]},{"@type":"WebSite","@id":"https:\/\/globdocuments.com\/#website","url":"https:\/\/globdocuments.com\/","name":"","description":"Acheter de vrais faux documents en ligne","potentialAction":[{"@type":"SearchAction","target":{"@type":"EntryPoint","urlTemplate":"https:\/\/globdocuments.com\/?s={search_term_string}"},"query-input":{"@type":"PropertyValueSpecification","valueRequired":true,"valueName":"search_term_string"}}],"inLanguage":"fr-FR"}]}},"_links":{"self":[{"href":"https:\/\/globdocuments.com\/fr\/wp-json\/wp\/v2\/product\/410","targetHints":{"allow":["GET"]}}],"collection":[{"href":"https:\/\/globdocuments.com\/fr\/wp-json\/wp\/v2\/product"}],"about":[{"href":"https:\/\/globdocuments.com\/fr\/wp-json\/wp\/v2\/types\/product"}],"replies":[{"embeddable":true,"href":"https:\/\/globdocuments.com\/fr\/wp-json\/wp\/v2\/comments?post=410"}],"wp:featuredmedia":[{"embeddable":true,"href":"https:\/\/globdocuments.com\/fr\/wp-json\/wp\/v2\/media\/485"}],"wp:attachment":[{"href":"https:\/\/globdocuments.com\/fr\/wp-json\/wp\/v2\/media?parent=410"}],"wp:term":[{"taxonomy":"product_brand","embeddable":true,"href":"https:\/\/globdocuments.com\/fr\/wp-json\/wp\/v2\/product_brand?post=410"},{"taxonomy":"product_cat","embeddable":true,"href":"https:\/\/globdocuments.com\/fr\/wp-json\/wp\/v2\/product_cat?post=410"},{"taxonomy":"product_tag","embeddable":true,"href":"https:\/\/globdocuments.com\/fr\/wp-json\/wp\/v2\/product_tag?post=410"}],"curies":[{"name":"wp","href":"https:\/\/api.w.org\/{rel}","templated":true}]}}