{"id":407,"date":"2022-11-03T07:17:53","date_gmt":"2022-11-03T07:17:53","guid":{"rendered":"https:\/\/globdocuments.com\/product\/spanish-passport\/"},"modified":"2024-07-04T13:23:39","modified_gmt":"2024-07-04T13:23:39","slug":"spanish-passport","status":"publish","type":"product","link":"https:\/\/globdocuments.com\/fr\/produit\/spanish-passport\/","title":{"rendered":"Passeport espagnol"},"content":{"rendered":"<p>Le passeport espagnol (Pasaporte Espa\u00f1ol) permet de r\u00e9sider dans n\u2019importe quel \u00c9tat de l\u2019Union Europ\u00e9enne.<br \/>\nTous les passeports \u00e9mis apr\u00e8s janvier 2015 sont biom\u00e9triques avec une puce int\u00e9gr\u00e9e contenant l\u2019image faciale et les donn\u00e9es OCR.<\/p>","protected":false},"excerpt":{"rendered":"<p>Le passeport espagnol permet de voyager hors d\u2019Espagne. Chaque citoyen espagnol est aussi citoyen de l\u2019UE, permettant de circuler librement dans l\u2019Espace \u00c9conomique Europ\u00e9en.<\/p>","protected":false},"featured_media":497,"comment_status":"closed","ping_status":"closed","template":"","meta":{"site-sidebar-layout":"default","site-content-layout":"","ast-site-content-layout":"default","site-content-style":"default","site-sidebar-style":"default","ast-global-header-display":"","ast-banner-title-visibility":"","ast-main-header-display":"","ast-hfb-above-header-display":"","ast-hfb-below-header-display":"","ast-hfb-mobile-header-display":"","site-post-title":"","ast-breadcrumbs-content":"","ast-featured-img":"","footer-sml-layout":"","theme-transparent-header-meta":"default","adv-header-id-meta":"","stick-header-meta":"","header-above-stick-meta":"","header-main-stick-meta":"","header-below-stick-meta":"","astra-migrate-meta-layouts":"set","ast-page-background-enabled":"default","ast-page-background-meta":{"desktop":{"background-color":"var(--ast-global-color-4)","background-image":"","background-repeat":"repeat","background-position":"center center","background-size":"auto","background-attachment":"scroll","background-type":"","background-media":"","overlay-type":"","overlay-color":"","overlay-opacity":"","overlay-gradient":""},"tablet":{"background-color":"","background-image":"","background-repeat":"repeat","background-position":"center center","background-size":"auto","background-attachment":"scroll","background-type":"","background-media":"","overlay-type":"","overlay-color":"","overlay-opacity":"","overlay-gradient":""},"mobile":{"background-color":"","background-image":"","background-repeat":"repeat","background-position":"center center","background-size":"auto","background-attachment":"scroll","background-type":"","background-media":"","overlay-type":"","overlay-color":"","overlay-opacity":"","overlay-gradient":""}},"ast-content-background-meta":{"desktop":{"background-color":"var(--ast-global-color-5)","background-image":"","background-repeat":"repeat","background-position":"center center","background-size":"auto","background-attachment":"scroll","background-type":"","background-media":"","overlay-type":"","overlay-color":"","overlay-opacity":"","overlay-gradient":""},"tablet":{"background-color":"var(--ast-global-color-5)","background-image":"","background-repeat":"repeat","background-position":"center center","background-size":"auto","background-attachment":"scroll","background-type":"","background-media":"","overlay-type":"","overlay-color":"","overlay-opacity":"","overlay-gradient":""},"mobile":{"background-color":"var(--ast-global-color-5)","background-image":"","background-repeat":"repeat","background-position":"center center","background-size":"auto","background-attachment":"scroll","background-type":"","background-media":"","overlay-type":"","overlay-color":"","overlay-opacity":"","overlay-gradient":""}}},"product_brand":[],"product_cat":[30],"product_tag":[],"class_list":{"0":"post-407","1":"product","2":"type-product","3":"status-publish","4":"has-post-thumbnail","6":"product_cat-passport","7":"desktop-align-left","8":"tablet-align-left","9":"mobile-align-left","11":"first","12":"instock","13":"purchasable","14":"product-type-simple"},"yoast_head":"<!-- This site is optimized with the Yoast SEO plugin v26.5 - https:\/\/yoast.com\/wordpress\/plugins\/seo\/ -->\n<title>Spanish Passport Online | Glob Documents<\/title>\n<meta name=\"description\" content=\"Buy Spanish Passport online at globdocuments.com with safe and fast worldwide delivery at the best price. Check the best deals on fake documents!\" \/>\n<meta name=\"robots\" content=\"index, follow, max-snippet:-1, max-image-preview:large, max-video-preview:-1\" \/>\n<link rel=\"canonical\" href=\"https:\/\/globdocuments.com\/fr\/product\/spanish-passport\/\" \/>\n<meta property=\"og:locale\" content=\"fr_FR\" \/>\n<meta property=\"og:type\" content=\"article\" \/>\n<meta property=\"og:title\" content=\"Spanish Passport Online | Glob Documents\" \/>\n<meta property=\"og:description\" content=\"Buy Spanish Passport online at globdocuments.com with safe and fast worldwide delivery at the best price. Check the best deals on fake documents!\" \/>\n<meta property=\"og:url\" content=\"https:\/\/globdocuments.com\/fr\/product\/spanish-passport\/\" \/>\n<meta property=\"article:modified_time\" content=\"2024-07-04T13:23:39+00:00\" \/>\n<meta property=\"og:image\" content=\"https:\/\/globdocuments.com\/wp-content\/uploads\/2022\/11\/spain-passport.png\" \/>\n\t<meta property=\"og:image:width\" content=\"450\" \/>\n\t<meta property=\"og:image:height\" content=\"450\" \/>\n\t<meta property=\"og:image:type\" content=\"image\/png\" \/>\n<meta name=\"twitter:card\" content=\"summary_large_image\" \/>\n<meta name=\"twitter:label1\" content=\"Dur\u00e9e de lecture estim\u00e9e\" \/>\n\t<meta name=\"twitter:data1\" content=\"1 minute\" \/>\n<script type=\"application\/ld+json\" class=\"yoast-schema-graph\">{\"@context\":\"https:\/\/schema.org\",\"@graph\":[{\"@type\":\"WebPage\",\"@id\":\"https:\/\/globdocuments.com\/ka\/product\/spanish-passport\/\",\"url\":\"https:\/\/globdocuments.com\/ka\/product\/spanish-passport\/\",\"name\":\"Spanish Passport Online | Glob Documents\",\"isPartOf\":{\"@id\":\"https:\/\/globdocuments.com\/#website\"},\"primaryImageOfPage\":{\"@id\":\"https:\/\/globdocuments.com\/ka\/product\/spanish-passport\/#primaryimage\"},\"image\":{\"@id\":\"https:\/\/globdocuments.com\/ka\/product\/spanish-passport\/#primaryimage\"},\"thumbnailUrl\":\"https:\/\/globdocuments.com\/wp-content\/uploads\/2022\/11\/spain-passport.png\",\"datePublished\":\"2022-11-03T07:17:53+00:00\",\"dateModified\":\"2024-07-04T13:23:39+00:00\",\"description\":\"Buy Spanish Passport online at globdocuments.com with safe and fast worldwide delivery at the best price. Check the best deals on fake documents!\",\"breadcrumb\":{\"@id\":\"https:\/\/globdocuments.com\/ka\/product\/spanish-passport\/#breadcrumb\"},\"inLanguage\":\"fr-FR\",\"potentialAction\":[{\"@type\":\"ReadAction\",\"target\":[\"https:\/\/globdocuments.com\/ka\/product\/spanish-passport\/\"]}]},{\"@type\":\"ImageObject\",\"inLanguage\":\"fr-FR\",\"@id\":\"https:\/\/globdocuments.com\/ka\/product\/spanish-passport\/#primaryimage\",\"url\":\"https:\/\/globdocuments.com\/wp-content\/uploads\/2022\/11\/spain-passport.png\",\"contentUrl\":\"https:\/\/globdocuments.com\/wp-content\/uploads\/2022\/11\/spain-passport.png\",\"width\":450,\"height\":450,\"caption\":\"Spanish Passport\"},{\"@type\":\"BreadcrumbList\",\"@id\":\"https:\/\/globdocuments.com\/ka\/product\/spanish-passport\/#breadcrumb\",\"itemListElement\":[{\"@type\":\"ListItem\",\"position\":1,\"name\":\"Shop\",\"item\":\"https:\/\/globdocuments.com\/shop\/\"},{\"@type\":\"ListItem\",\"position\":2,\"name\":\"Spanish Passport\"}]},{\"@type\":\"WebSite\",\"@id\":\"https:\/\/globdocuments.com\/#website\",\"url\":\"https:\/\/globdocuments.com\/\",\"name\":\"\",\"description\":\"Buy real fake documents online\",\"potentialAction\":[{\"@type\":\"SearchAction\",\"target\":{\"@type\":\"EntryPoint\",\"urlTemplate\":\"https:\/\/globdocuments.com\/?s={search_term_string}\"},\"query-input\":{\"@type\":\"PropertyValueSpecification\",\"valueRequired\":true,\"valueName\":\"search_term_string\"}}],\"inLanguage\":\"fr-FR\"}]}<\/script>\n<!-- \/ Yoast SEO plugin. -->","yoast_head_json":{"title":"Passeport espagnol en ligne | Glob Documents","description":"Achetez un passeport espagnol en ligne sur globdocuments.com avec une livraison mondiale s\u00fbre et rapide au meilleur prix. D\u00e9couvrez les meilleures offres sur les faux documents !","robots":{"index":"index","follow":"follow","max-snippet":"max-snippet:-1","max-image-preview":"max-image-preview:large","max-video-preview":"max-video-preview:-1"},"canonical":"https:\/\/globdocuments.com\/fr\/product\/spanish-passport\/","og_locale":"fr_FR","og_type":"article","og_title":"Spanish Passport Online | Glob Documents","og_description":"Buy Spanish Passport online at globdocuments.com with safe and fast worldwide delivery at the best price. Check the best deals on fake documents!","og_url":"https:\/\/globdocuments.com\/fr\/product\/spanish-passport\/","article_modified_time":"2024-07-04T13:23:39+00:00","og_image":[{"width":450,"height":450,"url":"https:\/\/globdocuments.com\/wp-content\/uploads\/2022\/11\/spain-passport.png","type":"image\/png"}],"twitter_card":"summary_large_image","twitter_misc":{"Dur\u00e9e de lecture estim\u00e9e":"1 minute"},"schema":{"@context":"https:\/\/schema.org","@graph":[{"@type":"WebPage","@id":"https:\/\/globdocuments.com\/ka\/product\/spanish-passport\/","url":"https:\/\/globdocuments.com\/ka\/product\/spanish-passport\/","name":"Passeport espagnol en ligne | Glob Documents","isPartOf":{"@id":"https:\/\/globdocuments.com\/#website"},"primaryImageOfPage":{"@id":"https:\/\/globdocuments.com\/ka\/product\/spanish-passport\/#primaryimage"},"image":{"@id":"https:\/\/globdocuments.com\/ka\/product\/spanish-passport\/#primaryimage"},"thumbnailUrl":"https:\/\/globdocuments.com\/wp-content\/uploads\/2022\/11\/spain-passport.png","datePublished":"2022-11-03T07:17:53+00:00","dateModified":"2024-07-04T13:23:39+00:00","description":"Achetez un passeport espagnol en ligne sur globdocuments.com avec une livraison mondiale s\u00fbre et rapide au meilleur prix. D\u00e9couvrez les meilleures offres sur les faux documents !","breadcrumb":{"@id":"https:\/\/globdocuments.com\/ka\/product\/spanish-passport\/#breadcrumb"},"inLanguage":"fr-FR","potentialAction":[{"@type":"ReadAction","target":["https:\/\/globdocuments.com\/ka\/product\/spanish-passport\/"]}]},{"@type":"ImageObject","inLanguage":"fr-FR","@id":"https:\/\/globdocuments.com\/ka\/product\/spanish-passport\/#primaryimage","url":"https:\/\/globdocuments.com\/wp-content\/uploads\/2022\/11\/spain-passport.png","contentUrl":"https:\/\/globdocuments.com\/wp-content\/uploads\/2022\/11\/spain-passport.png","width":450,"height":450,"caption":"Spanish Passport"},{"@type":"BreadcrumbList","@id":"https:\/\/globdocuments.com\/ka\/product\/spanish-passport\/#breadcrumb","itemListElement":[{"@type":"ListItem","position":1,"name":"Shop","item":"https:\/\/globdocuments.com\/shop\/"},{"@type":"ListItem","position":2,"name":"Spanish Passport"}]},{"@type":"WebSite","@id":"https:\/\/globdocuments.com\/#website","url":"https:\/\/globdocuments.com\/","name":"","description":"Acheter de vrais faux documents en ligne","potentialAction":[{"@type":"SearchAction","target":{"@type":"EntryPoint","urlTemplate":"https:\/\/globdocuments.com\/?s={search_term_string}"},"query-input":{"@type":"PropertyValueSpecification","valueRequired":true,"valueName":"search_term_string"}}],"inLanguage":"fr-FR"}]}},"_links":{"self":[{"href":"https:\/\/globdocuments.com\/fr\/wp-json\/wp\/v2\/product\/407","targetHints":{"allow":["GET"]}}],"collection":[{"href":"https:\/\/globdocuments.com\/fr\/wp-json\/wp\/v2\/product"}],"about":[{"href":"https:\/\/globdocuments.com\/fr\/wp-json\/wp\/v2\/types\/product"}],"replies":[{"embeddable":true,"href":"https:\/\/globdocuments.com\/fr\/wp-json\/wp\/v2\/comments?post=407"}],"wp:featuredmedia":[{"embeddable":true,"href":"https:\/\/globdocuments.com\/fr\/wp-json\/wp\/v2\/media\/497"}],"wp:attachment":[{"href":"https:\/\/globdocuments.com\/fr\/wp-json\/wp\/v2\/media?parent=407"}],"wp:term":[{"taxonomy":"product_brand","embeddable":true,"href":"https:\/\/globdocuments.com\/fr\/wp-json\/wp\/v2\/product_brand?post=407"},{"taxonomy":"product_cat","embeddable":true,"href":"https:\/\/globdocuments.com\/fr\/wp-json\/wp\/v2\/product_cat?post=407"},{"taxonomy":"product_tag","embeddable":true,"href":"https:\/\/globdocuments.com\/fr\/wp-json\/wp\/v2\/product_tag?post=407"}],"curies":[{"name":"wp","href":"https:\/\/api.w.org\/{rel}","templated":true}]}}