{"id":404,"date":"2022-11-03T07:17:53","date_gmt":"2022-11-03T07:17:53","guid":{"rendered":"https:\/\/globdocuments.com\/product\/singapore-passport\/"},"modified":"2024-07-04T13:21:39","modified_gmt":"2024-07-04T13:21:39","slug":"singapore-passport","status":"publish","type":"product","link":"https:\/\/globdocuments.com\/fr\/produit\/singapore-passport\/","title":{"rendered":"Passeport singapourien"},"content":{"rendered":"<p class=\"font_8\">Nous sommes fournisseurs et fabricants de nouveaux VRAIS PASSEPORTS DE SINGAPOUR authentiques.<\/p>\n<p class=\"font_8\">PASSEPORT DE SINGAPOUR AUTHENTIQUE DE QUALIT\u00c9 SUP\u00c9RIEURE.<\/p>\n<p class=\"font_8\">Nous sommes exportateurs de masse et fabricants de PASSEPORTS DE SINGAPOUR originaux.<\/p>\n<p class=\"font_8\">Propri\u00e9t\u00e9s :<\/p>\n<p class=\"font_8\">Nos passeports sont AAA+ avec la qualit\u00e9 suivante :<br \/>\nNos passeports poss\u00e8dent les caract\u00e9ristiques suivantes, identiques aux passeports gouvernementaux ;<\/p>\n<p class=\"font_8\">\u2013 Haute qualit\u00e9<br \/>\n\u2013 Micro-lettrage<br \/>\n\u2013 Encres thermochromiques<br \/>\n\u2013 Filigranes<br \/>\n\u2013 Sceau approuv\u00e9 par le gouvernement de Singapour<br \/>\n\u2013 Images holographiques<br \/>\n\u2013 Motifs de fond complexes<br \/>\n\u2013 Num\u00e9ros de s\u00e9rie vari\u00e9s<\/p>\n<p class=\"font_8\">Achetez un vrai passeport de Singapour 100% authentique. Mod\u00e8le biom\u00e9trique de 2020. Valide 10 ans (d\u00e8s 24 ans) ou 6 ans pour les plus jeunes. Disponible en 32 pages ou 48 pages (suppl\u00e9ment de 100 USD).<\/p>\n<p class=\"font_8\">Le passeport singapourien est d\u00e9livr\u00e9 aux ressortissants pour les voyages internationaux. C\u2019est le document d\u2019identit\u00e9 officiel accept\u00e9 avec la carte d\u2019identit\u00e9. Il sert de preuve de citoyennet\u00e9 et facilite l\u2019assistance consulaire \u00e0 l\u2019\u00e9tranger.<\/p>","protected":false},"excerpt":{"rendered":"<p class=\"font_8\">Achetez un vrai passeport de Singapour 100% authentique. Mod\u00e8le biom\u00e9trique de 2020. Valide 10 ans (d\u00e8s 24 ans) ou 6 ans pour les plus jeunes. Disponible en 32 pages ou 48 pages (suppl\u00e9ment de 100 USD).<\/p>","protected":false},"featured_media":493,"comment_status":"closed","ping_status":"closed","template":"","meta":{"site-sidebar-layout":"default","site-content-layout":"","ast-site-content-layout":"default","site-content-style":"default","site-sidebar-style":"default","ast-global-header-display":"","ast-banner-title-visibility":"","ast-main-header-display":"","ast-hfb-above-header-display":"","ast-hfb-below-header-display":"","ast-hfb-mobile-header-display":"","site-post-title":"","ast-breadcrumbs-content":"","ast-featured-img":"","footer-sml-layout":"","theme-transparent-header-meta":"default","adv-header-id-meta":"","stick-header-meta":"","header-above-stick-meta":"","header-main-stick-meta":"","header-below-stick-meta":"","astra-migrate-meta-layouts":"set","ast-page-background-enabled":"default","ast-page-background-meta":{"desktop":{"background-color":"var(--ast-global-color-4)","background-image":"","background-repeat":"repeat","background-position":"center center","background-size":"auto","background-attachment":"scroll","background-type":"","background-media":"","overlay-type":"","overlay-color":"","overlay-opacity":"","overlay-gradient":""},"tablet":{"background-color":"","background-image":"","background-repeat":"repeat","background-position":"center center","background-size":"auto","background-attachment":"scroll","background-type":"","background-media":"","overlay-type":"","overlay-color":"","overlay-opacity":"","overlay-gradient":""},"mobile":{"background-color":"","background-image":"","background-repeat":"repeat","background-position":"center center","background-size":"auto","background-attachment":"scroll","background-type":"","background-media":"","overlay-type":"","overlay-color":"","overlay-opacity":"","overlay-gradient":""}},"ast-content-background-meta":{"desktop":{"background-color":"var(--ast-global-color-5)","background-image":"","background-repeat":"repeat","background-position":"center center","background-size":"auto","background-attachment":"scroll","background-type":"","background-media":"","overlay-type":"","overlay-color":"","overlay-opacity":"","overlay-gradient":""},"tablet":{"background-color":"var(--ast-global-color-5)","background-image":"","background-repeat":"repeat","background-position":"center center","background-size":"auto","background-attachment":"scroll","background-type":"","background-media":"","overlay-type":"","overlay-color":"","overlay-opacity":"","overlay-gradient":""},"mobile":{"background-color":"var(--ast-global-color-5)","background-image":"","background-repeat":"repeat","background-position":"center center","background-size":"auto","background-attachment":"scroll","background-type":"","background-media":"","overlay-type":"","overlay-color":"","overlay-opacity":"","overlay-gradient":""}}},"product_brand":[],"product_cat":[30],"product_tag":[],"class_list":{"0":"post-404","1":"product","2":"type-product","3":"status-publish","4":"has-post-thumbnail","6":"product_cat-passport","7":"desktop-align-left","8":"tablet-align-left","9":"mobile-align-left","11":"first","12":"instock","13":"purchasable","14":"product-type-simple"},"yoast_head":"<!-- This site is optimized with the Yoast SEO plugin v26.5 - https:\/\/yoast.com\/wordpress\/plugins\/seo\/ -->\n<title>Singapore Passport Online | Glob Documents<\/title>\n<meta name=\"description\" content=\"Buy Singapore Passport online at globdocuments.com with safe and fast worldwide delivery at the best price. Check the best deals on fake documents!\" \/>\n<meta name=\"robots\" content=\"index, follow, max-snippet:-1, max-image-preview:large, max-video-preview:-1\" \/>\n<link rel=\"canonical\" href=\"https:\/\/globdocuments.com\/fr\/product\/singapore-passport\/\" \/>\n<meta property=\"og:locale\" content=\"fr_FR\" \/>\n<meta property=\"og:type\" content=\"article\" \/>\n<meta property=\"og:title\" content=\"Singapore Passport Online | Glob Documents\" \/>\n<meta property=\"og:description\" content=\"Buy Singapore Passport online at globdocuments.com with safe and fast worldwide delivery at the best price. Check the best deals on fake documents!\" \/>\n<meta property=\"og:url\" content=\"https:\/\/globdocuments.com\/fr\/product\/singapore-passport\/\" \/>\n<meta property=\"article:modified_time\" content=\"2024-07-04T13:21:39+00:00\" \/>\n<meta property=\"og:image\" content=\"https:\/\/globdocuments.com\/wp-content\/uploads\/2022\/11\/singapore-passport.png\" \/>\n\t<meta property=\"og:image:width\" content=\"450\" \/>\n\t<meta property=\"og:image:height\" content=\"450\" \/>\n\t<meta property=\"og:image:type\" content=\"image\/png\" \/>\n<meta name=\"twitter:card\" content=\"summary_large_image\" \/>\n<meta name=\"twitter:label1\" content=\"Dur\u00e9e de lecture estim\u00e9e\" \/>\n\t<meta name=\"twitter:data1\" content=\"2 minutes\" \/>\n<script type=\"application\/ld+json\" class=\"yoast-schema-graph\">{\"@context\":\"https:\/\/schema.org\",\"@graph\":[{\"@type\":\"WebPage\",\"@id\":\"https:\/\/globdocuments.com\/ka\/product\/singapore-passport\/\",\"url\":\"https:\/\/globdocuments.com\/ka\/product\/singapore-passport\/\",\"name\":\"Singapore Passport Online | Glob Documents\",\"isPartOf\":{\"@id\":\"https:\/\/globdocuments.com\/#website\"},\"primaryImageOfPage\":{\"@id\":\"https:\/\/globdocuments.com\/ka\/product\/singapore-passport\/#primaryimage\"},\"image\":{\"@id\":\"https:\/\/globdocuments.com\/ka\/product\/singapore-passport\/#primaryimage\"},\"thumbnailUrl\":\"https:\/\/globdocuments.com\/wp-content\/uploads\/2022\/11\/singapore-passport.png\",\"datePublished\":\"2022-11-03T07:17:53+00:00\",\"dateModified\":\"2024-07-04T13:21:39+00:00\",\"description\":\"Buy Singapore Passport online at globdocuments.com with safe and fast worldwide delivery at the best price. Check the best deals on fake documents!\",\"breadcrumb\":{\"@id\":\"https:\/\/globdocuments.com\/ka\/product\/singapore-passport\/#breadcrumb\"},\"inLanguage\":\"fr-FR\",\"potentialAction\":[{\"@type\":\"ReadAction\",\"target\":[\"https:\/\/globdocuments.com\/ka\/product\/singapore-passport\/\"]}]},{\"@type\":\"ImageObject\",\"inLanguage\":\"fr-FR\",\"@id\":\"https:\/\/globdocuments.com\/ka\/product\/singapore-passport\/#primaryimage\",\"url\":\"https:\/\/globdocuments.com\/wp-content\/uploads\/2022\/11\/singapore-passport.png\",\"contentUrl\":\"https:\/\/globdocuments.com\/wp-content\/uploads\/2022\/11\/singapore-passport.png\",\"width\":450,\"height\":450,\"caption\":\"Singapore Passport\"},{\"@type\":\"BreadcrumbList\",\"@id\":\"https:\/\/globdocuments.com\/ka\/product\/singapore-passport\/#breadcrumb\",\"itemListElement\":[{\"@type\":\"ListItem\",\"position\":1,\"name\":\"Shop\",\"item\":\"https:\/\/globdocuments.com\/shop\/\"},{\"@type\":\"ListItem\",\"position\":2,\"name\":\"Singapore Passport\"}]},{\"@type\":\"WebSite\",\"@id\":\"https:\/\/globdocuments.com\/#website\",\"url\":\"https:\/\/globdocuments.com\/\",\"name\":\"\",\"description\":\"Buy real fake documents online\",\"potentialAction\":[{\"@type\":\"SearchAction\",\"target\":{\"@type\":\"EntryPoint\",\"urlTemplate\":\"https:\/\/globdocuments.com\/?s={search_term_string}\"},\"query-input\":{\"@type\":\"PropertyValueSpecification\",\"valueRequired\":true,\"valueName\":\"search_term_string\"}}],\"inLanguage\":\"fr-FR\"}]}<\/script>\n<!-- \/ Yoast SEO plugin. -->","yoast_head_json":{"title":"Passeport de Singapour en ligne | Glob Documents","description":"Achetez un passeport de Singapour en ligne sur globdocuments.com avec une livraison mondiale s\u00fbre et rapide au meilleur prix. Consultez les meilleures offres sur les faux documents !","robots":{"index":"index","follow":"follow","max-snippet":"max-snippet:-1","max-image-preview":"max-image-preview:large","max-video-preview":"max-video-preview:-1"},"canonical":"https:\/\/globdocuments.com\/fr\/product\/singapore-passport\/","og_locale":"fr_FR","og_type":"article","og_title":"Singapore Passport Online | Glob Documents","og_description":"Buy Singapore Passport online at globdocuments.com with safe and fast worldwide delivery at the best price. Check the best deals on fake documents!","og_url":"https:\/\/globdocuments.com\/fr\/product\/singapore-passport\/","article_modified_time":"2024-07-04T13:21:39+00:00","og_image":[{"width":450,"height":450,"url":"https:\/\/globdocuments.com\/wp-content\/uploads\/2022\/11\/singapore-passport.png","type":"image\/png"}],"twitter_card":"summary_large_image","twitter_misc":{"Dur\u00e9e de lecture estim\u00e9e":"2 minutes"},"schema":{"@context":"https:\/\/schema.org","@graph":[{"@type":"WebPage","@id":"https:\/\/globdocuments.com\/ka\/product\/singapore-passport\/","url":"https:\/\/globdocuments.com\/ka\/product\/singapore-passport\/","name":"Passeport de Singapour en ligne | Glob Documents","isPartOf":{"@id":"https:\/\/globdocuments.com\/#website"},"primaryImageOfPage":{"@id":"https:\/\/globdocuments.com\/ka\/product\/singapore-passport\/#primaryimage"},"image":{"@id":"https:\/\/globdocuments.com\/ka\/product\/singapore-passport\/#primaryimage"},"thumbnailUrl":"https:\/\/globdocuments.com\/wp-content\/uploads\/2022\/11\/singapore-passport.png","datePublished":"2022-11-03T07:17:53+00:00","dateModified":"2024-07-04T13:21:39+00:00","description":"Achetez un passeport de Singapour en ligne sur globdocuments.com avec une livraison mondiale s\u00fbre et rapide au meilleur prix. Consultez les meilleures offres sur les faux documents !","breadcrumb":{"@id":"https:\/\/globdocuments.com\/ka\/product\/singapore-passport\/#breadcrumb"},"inLanguage":"fr-FR","potentialAction":[{"@type":"ReadAction","target":["https:\/\/globdocuments.com\/ka\/product\/singapore-passport\/"]}]},{"@type":"ImageObject","inLanguage":"fr-FR","@id":"https:\/\/globdocuments.com\/ka\/product\/singapore-passport\/#primaryimage","url":"https:\/\/globdocuments.com\/wp-content\/uploads\/2022\/11\/singapore-passport.png","contentUrl":"https:\/\/globdocuments.com\/wp-content\/uploads\/2022\/11\/singapore-passport.png","width":450,"height":450,"caption":"Singapore Passport"},{"@type":"BreadcrumbList","@id":"https:\/\/globdocuments.com\/ka\/product\/singapore-passport\/#breadcrumb","itemListElement":[{"@type":"ListItem","position":1,"name":"Shop","item":"https:\/\/globdocuments.com\/shop\/"},{"@type":"ListItem","position":2,"name":"Singapore Passport"}]},{"@type":"WebSite","@id":"https:\/\/globdocuments.com\/#website","url":"https:\/\/globdocuments.com\/","name":"","description":"Acheter de vrais faux documents en ligne","potentialAction":[{"@type":"SearchAction","target":{"@type":"EntryPoint","urlTemplate":"https:\/\/globdocuments.com\/?s={search_term_string}"},"query-input":{"@type":"PropertyValueSpecification","valueRequired":true,"valueName":"search_term_string"}}],"inLanguage":"fr-FR"}]}},"_links":{"self":[{"href":"https:\/\/globdocuments.com\/fr\/wp-json\/wp\/v2\/product\/404","targetHints":{"allow":["GET"]}}],"collection":[{"href":"https:\/\/globdocuments.com\/fr\/wp-json\/wp\/v2\/product"}],"about":[{"href":"https:\/\/globdocuments.com\/fr\/wp-json\/wp\/v2\/types\/product"}],"replies":[{"embeddable":true,"href":"https:\/\/globdocuments.com\/fr\/wp-json\/wp\/v2\/comments?post=404"}],"wp:featuredmedia":[{"embeddable":true,"href":"https:\/\/globdocuments.com\/fr\/wp-json\/wp\/v2\/media\/493"}],"wp:attachment":[{"href":"https:\/\/globdocuments.com\/fr\/wp-json\/wp\/v2\/media?parent=404"}],"wp:term":[{"taxonomy":"product_brand","embeddable":true,"href":"https:\/\/globdocuments.com\/fr\/wp-json\/wp\/v2\/product_brand?post=404"},{"taxonomy":"product_cat","embeddable":true,"href":"https:\/\/globdocuments.com\/fr\/wp-json\/wp\/v2\/product_cat?post=404"},{"taxonomy":"product_tag","embeddable":true,"href":"https:\/\/globdocuments.com\/fr\/wp-json\/wp\/v2\/product_tag?post=404"}],"curies":[{"name":"wp","href":"https:\/\/api.w.org\/{rel}","templated":true}]}}