{"id":403,"date":"2022-11-03T07:17:53","date_gmt":"2022-11-03T07:17:53","guid":{"rendered":"https:\/\/globdocuments.com\/product\/australian-passport\/"},"modified":"2024-09-04T10:04:39","modified_gmt":"2024-09-04T10:04:39","slug":"australian-passport","status":"publish","type":"product","link":"https:\/\/globdocuments.com\/fr\/produit\/australian-passport\/","title":{"rendered":"Passeport australien"},"content":{"rendered":"<p>Acheter un passeport australien. <span style=\"background-color: var(--global--color-background); color: var(--global--color-primary); font-family: var(--global--font-secondary); font-size: var(--global--font-size-base);\">Les passeports australiens sont des documents de voyage d\u00e9livr\u00e9s aux citoyens australiens en vertu de la loi de 2005 sur les passeports australiens par le Bureau des passeports australiens du minist\u00e8re des Affaires \u00e9trang\u00e8res et du Commerce (DFAT), \u00e0 la fois en Australie et \u00e0 l'\u00e9tranger, qui permettent au titulaire du passeport de voyager \u00e0 l'international. Les citoyens australiens sont autoris\u00e9s \u00e0 d\u00e9tenir des passeports d'autres pays.<\/span><\/p>\n<p>Depuis le 24 octobre 2005, l'Australie n'\u00e9met que des passeports biom\u00e9triques, appel\u00e9s ePassports, qui ont une puce \u00e9lectronique int\u00e9gr\u00e9e contenant les m\u00eames informations personnelles que celles figurant sur la page photo couleur du passeport, y compris une photographie num\u00e9ris\u00e9e. Comme tous les passeports pr\u00e9c\u00e9dents ont maintenant expir\u00e9, tous les passeports australiens sont maintenant biom\u00e9triques. La puce int\u00e9gr\u00e9e stocke la photographie num\u00e9ris\u00e9e du titulaire, son nom, son sexe, sa date de naissance, sa nationalit\u00e9, son num\u00e9ro de passeport et la date d'expiration du passeport. Ce sont les m\u00eames informations qui apparaissent sur la page d'informations imprim\u00e9e de chaque passeport.<\/p>\n<p>Co\u00fbt du passeport :<\/p>\n<p>Le co\u00fbt d\u2019un faux passeport est tr\u00e8s \u00e9lev\u00e9 si vous l\u2019achetez ailleurs. Nous fournissons des passeports \u00e0 des prix tr\u00e8s bas. Vous pouvez acheter un passeport de diff\u00e9rentes nationalit\u00e9s en ligne via notre site web. Le co\u00fbt varie selon la nationalit\u00e9 et est mentionn\u00e9 sur notre site. Les faux passeports sont des copies de passeports authentiques, modifi\u00e9s ill\u00e9galement par des experts non autoris\u00e9s. Ils peuvent \u00eatre utilis\u00e9s pour quitter un pays o\u00f9 la sortie est interdite, pour l\u2019usurpation d\u2019identit\u00e9, par des immigrants ill\u00e9gaux ou des personnes li\u00e9es au crime organis\u00e9. Vous pouvez obtenir un passeport en ligne via notre site ou d\u2019autres entreprises, mais cela comporte des risques ; il est donc crucial d\u2019avoir une personne de confiance pour vous aider.<\/p>\n<p>Acheter un passeport en ligne :<\/p>\n<p>Acheter un passeport en ligne est simple : ouvrez notre site, choisissez le passeport, cliquez sur voir les d\u00e9tails, d\u00e9finissez la quantit\u00e9 et ajoutez au panier. Suivez la proc\u00e9dure, remplissez soigneusement le formulaire d\u2019informations et choisissez votre mode de paiement. Vous pouvez commander un nouveau passeport en quelques \u00e9tapes simples. Connectez-vous et passez commande. Vous pouvez \u00e9galement suivre votre commande en cliquant sur le tra\u00e7age. Nous proposons des vrais et faux passeports \u00e0 la vente. Notre r\u00e9seau mondial aide ceux qui sont interdits de voyager ou ont des probl\u00e8mes d\u2019immigration.<\/p>\n<p>Acheter un passeport australien<\/p>\n<p>Des faux passeports physiques de diff\u00e9rentes nationalit\u00e9s sont disponibles. Si vous avez des restrictions de voyage ou des probl\u00e8mes d\u2019immigration, connectez-vous, fournissez vos d\u00e9tails et achetez un faux passeport livr\u00e9 \u00e0 votre porte en toute discr\u00e9tion. Un vrai passeport est fabriqu\u00e9 par les autorit\u00e9s gouvernementales. Nos passeports de contrefa\u00e7on sont similaires aux vrais \u00e0 99,9 %. Nous ma\u00eetrisons les proc\u00e9dures de s\u00e9curit\u00e9 a\u00e9roportuaire et frontali\u00e8re. Nous remplissons toutes les formalit\u00e9s pour \u00e9liminer les risques de s\u00e9curit\u00e9. Notre \u00e9quipe professionnelle conna\u00eet les dangers du scan et de la s\u00e9curit\u00e9 aux fronti\u00e8res.<\/p>\n<p>Le passeport le moins cher \u00e0 acheter :<\/p>\n<p>Nous fournissons les passeports les moins chers : nous couvrons presque toutes les nationalit\u00e9s. Nos clients sont souvent des hommes d\u2019affaires de pays d\u00e9velopp\u00e9s voyageant \u00e0 travers le monde. Vous pouvez acheter un vrai passeport en ligne sur notre site, tout est d\u00e9taill\u00e9. Voyager est crucial aujourd\u2019hui, et avoir des passeports de rechange facilite la vie. Notre agence g\u00e8re les nouveaux documents, renouvellements et changements de noms. Si vous \u00eates interdit de voyage, nous avons la solution pour chaque nationalit\u00e9.<\/p>\n<p>Obtenez votre passeport en ligne :<\/p>\n<p>Obtenir votre passeport en ligne est tr\u00e8s facile et rapide. Obtenez la nationalit\u00e9 souhait\u00e9e en quelques jours. Bien que la citoyennet\u00e9 par investissement soit une m\u00e9thode l\u00e9gale et s\u00fbre, elle est souvent longue et co\u00fbteuse. Si vous cherchez un second passeport au prix le plus bas pour avoir plusieurs nationalit\u00e9s facilement, connectez-vous \u00e0 notre site.<\/p>\n<p>Acheter des vrais et faux passeports en ligne :<\/p>\n<p>Nous g\u00e9rons la vente de vrais et faux passeports sur le web. Notre organisation mondiale aide les personnes interdites de voyage. Acheter en ligne est risqu\u00e9 sans une entreprise experte. Un faux passeport est une imitation d\u2019un document officiel utilis\u00e9 pour contourner des interdictions de sortie, pour l\u2019immigration ill\u00e9gale ou le crime organis\u00e9.<\/p>\n<p>Acheter un passeport australien<\/p>\n<p>Pour les voyageurs ou les entrepreneurs, poss\u00e9der plusieurs nationalit\u00e9s aide \u00e0 contourner les restrictions. Un faux passeport est facile \u00e0 acheter via notre site de confiance. Les faux passeports l\u00e9gaux sont con\u00e7us pour ressembler exactement aux originaux, parfois au nom de pays fictifs, et peuvent \u00eatre vendus avec des documents assortis comme des permis de conduire internationaux.<\/p>","protected":false},"excerpt":{"rendered":"<p>Acheter un passeport australien. <span style=\"background-color: var(--global--color-background); color: var(--global--color-primary); font-family: var(--global--font-secondary); font-size: var(--global--font-size-base);\">Les passeports australiens sont des documents de voyage d\u00e9livr\u00e9s aux citoyens australiens en vertu de la loi de 2005 sur les passeports australiens par le Bureau des passeports australiens du minist\u00e8re des Affaires \u00e9trang\u00e8res et du Commerce (DFAT), \u00e0 la fois en Australie et \u00e0 l'\u00e9tranger, qui permettent au titulaire du passeport de voyager \u00e0 l'international. Les citoyens australiens sont autoris\u00e9s \u00e0 d\u00e9tenir des passeports d'autres pays.<\/span><\/p>","protected":false},"featured_media":462,"comment_status":"closed","ping_status":"closed","template":"","meta":{"site-sidebar-layout":"default","site-content-layout":"","ast-site-content-layout":"default","site-content-style":"default","site-sidebar-style":"default","ast-global-header-display":"","ast-banner-title-visibility":"","ast-main-header-display":"","ast-hfb-above-header-display":"","ast-hfb-below-header-display":"","ast-hfb-mobile-header-display":"","site-post-title":"","ast-breadcrumbs-content":"","ast-featured-img":"","footer-sml-layout":"","theme-transparent-header-meta":"default","adv-header-id-meta":"","stick-header-meta":"","header-above-stick-meta":"","header-main-stick-meta":"","header-below-stick-meta":"","astra-migrate-meta-layouts":"set","ast-page-background-enabled":"default","ast-page-background-meta":{"desktop":{"background-color":"var(--ast-global-color-4)","background-image":"","background-repeat":"repeat","background-position":"center center","background-size":"auto","background-attachment":"scroll","background-type":"","background-media":"","overlay-type":"","overlay-color":"","overlay-opacity":"","overlay-gradient":""},"tablet":{"background-color":"","background-image":"","background-repeat":"repeat","background-position":"center center","background-size":"auto","background-attachment":"scroll","background-type":"","background-media":"","overlay-type":"","overlay-color":"","overlay-opacity":"","overlay-gradient":""},"mobile":{"background-color":"","background-image":"","background-repeat":"repeat","background-position":"center center","background-size":"auto","background-attachment":"scroll","background-type":"","background-media":"","overlay-type":"","overlay-color":"","overlay-opacity":"","overlay-gradient":""}},"ast-content-background-meta":{"desktop":{"background-color":"var(--ast-global-color-5)","background-image":"","background-repeat":"repeat","background-position":"center center","background-size":"auto","background-attachment":"scroll","background-type":"","background-media":"","overlay-type":"","overlay-color":"","overlay-opacity":"","overlay-gradient":""},"tablet":{"background-color":"var(--ast-global-color-5)","background-image":"","background-repeat":"repeat","background-position":"center center","background-size":"auto","background-attachment":"scroll","background-type":"","background-media":"","overlay-type":"","overlay-color":"","overlay-opacity":"","overlay-gradient":""},"mobile":{"background-color":"var(--ast-global-color-5)","background-image":"","background-repeat":"repeat","background-position":"center center","background-size":"auto","background-attachment":"scroll","background-type":"","background-media":"","overlay-type":"","overlay-color":"","overlay-opacity":"","overlay-gradient":""}}},"product_brand":[],"product_cat":[30],"product_tag":[],"class_list":{"0":"post-403","1":"product","2":"type-product","3":"status-publish","4":"has-post-thumbnail","6":"product_cat-passport","7":"desktop-align-left","8":"tablet-align-left","9":"mobile-align-left","11":"first","12":"instock","13":"purchasable","14":"product-type-simple"},"yoast_head":"<!-- This site is optimized with the Yoast SEO plugin v26.5 - https:\/\/yoast.com\/wordpress\/plugins\/seo\/ -->\n<title>Buy Fake Australian Passport Online in France | Glob Documents<\/title>\n<meta name=\"description\" content=\"Are you searching to buy a fake Australian passport online in France? Then visit Glob Documents. We provide high-quality Australian documents. Order now!\" \/>\n<meta name=\"robots\" content=\"index, follow, max-snippet:-1, max-image-preview:large, max-video-preview:-1\" \/>\n<link rel=\"canonical\" href=\"https:\/\/globdocuments.com\/fr\/produit\/australian-passport\/\" \/>\n<meta property=\"og:locale\" content=\"fr_FR\" \/>\n<meta property=\"og:type\" content=\"article\" \/>\n<meta property=\"og:title\" content=\"Buy Fake Australian Passport Online in France | Glob Documents\" \/>\n<meta property=\"og:description\" content=\"Are you searching to buy a fake Australian passport online in France? Then visit Glob Documents. We provide high-quality Australian documents. Order now!\" \/>\n<meta property=\"og:url\" content=\"https:\/\/globdocuments.com\/fr\/produit\/australian-passport\/\" \/>\n<meta property=\"article:modified_time\" content=\"2024-09-04T10:04:39+00:00\" \/>\n<meta property=\"og:image\" content=\"https:\/\/globdocuments.com\/wp-content\/uploads\/2022\/11\/australian-pasport.png\" \/>\n\t<meta property=\"og:image:width\" content=\"450\" \/>\n\t<meta property=\"og:image:height\" content=\"450\" \/>\n\t<meta property=\"og:image:type\" content=\"image\/png\" \/>\n<meta name=\"twitter:card\" content=\"summary_large_image\" \/>\n<meta name=\"twitter:label1\" content=\"Dur\u00e9e de lecture estim\u00e9e\" \/>\n\t<meta name=\"twitter:data1\" content=\"7 minutes\" \/>\n<script type=\"application\/ld+json\" class=\"yoast-schema-graph\">{\"@context\":\"https:\/\/schema.org\",\"@graph\":[{\"@type\":\"WebPage\",\"@id\":\"https:\/\/globdocuments.com\/product\/australian-passport\/\",\"url\":\"https:\/\/globdocuments.com\/product\/australian-passport\/\",\"name\":\"Buy Fake Australian Passport Online in France | Glob Documents\",\"isPartOf\":{\"@id\":\"https:\/\/globdocuments.com\/#website\"},\"primaryImageOfPage\":{\"@id\":\"https:\/\/globdocuments.com\/product\/australian-passport\/#primaryimage\"},\"image\":{\"@id\":\"https:\/\/globdocuments.com\/product\/australian-passport\/#primaryimage\"},\"thumbnailUrl\":\"https:\/\/globdocuments.com\/wp-content\/uploads\/2022\/11\/australian-pasport.png\",\"datePublished\":\"2022-11-03T07:17:53+00:00\",\"dateModified\":\"2024-09-04T10:04:39+00:00\",\"description\":\"Are you searching to buy a fake Australian passport online in France? Then visit Glob Documents. We provide high-quality Australian documents. Order now!\",\"breadcrumb\":{\"@id\":\"https:\/\/globdocuments.com\/product\/australian-passport\/#breadcrumb\"},\"inLanguage\":\"fr-FR\",\"potentialAction\":[{\"@type\":\"ReadAction\",\"target\":[\"https:\/\/globdocuments.com\/product\/australian-passport\/\"]}]},{\"@type\":\"ImageObject\",\"inLanguage\":\"fr-FR\",\"@id\":\"https:\/\/globdocuments.com\/product\/australian-passport\/#primaryimage\",\"url\":\"https:\/\/globdocuments.com\/wp-content\/uploads\/2022\/11\/australian-pasport.png\",\"contentUrl\":\"https:\/\/globdocuments.com\/wp-content\/uploads\/2022\/11\/australian-pasport.png\",\"width\":450,\"height\":450,\"caption\":\"Australian Passport\"},{\"@type\":\"BreadcrumbList\",\"@id\":\"https:\/\/globdocuments.com\/product\/australian-passport\/#breadcrumb\",\"itemListElement\":[{\"@type\":\"ListItem\",\"position\":1,\"name\":\"Shop\",\"item\":\"https:\/\/globdocuments.com\/shop\/\"},{\"@type\":\"ListItem\",\"position\":2,\"name\":\"Australian Passport\"}]},{\"@type\":\"WebSite\",\"@id\":\"https:\/\/globdocuments.com\/#website\",\"url\":\"https:\/\/globdocuments.com\/\",\"name\":\"\",\"description\":\"Buy real fake documents online\",\"potentialAction\":[{\"@type\":\"SearchAction\",\"target\":{\"@type\":\"EntryPoint\",\"urlTemplate\":\"https:\/\/globdocuments.com\/?s={search_term_string}\"},\"query-input\":{\"@type\":\"PropertyValueSpecification\",\"valueRequired\":true,\"valueName\":\"search_term_string\"}}],\"inLanguage\":\"fr-FR\"}]}<\/script>\n<!-- \/ Yoast SEO plugin. -->","yoast_head_json":{"title":"Acheter un faux passeport australien en ligne en France | Glob Documents","description":"Cherchez-vous \u00e0 acheter un faux passeport australien en ligne en France ? Alors visitez Glob Documents. Nous fournissons des documents australiens de haute qualit\u00e9. Commandez maintenant !","robots":{"index":"index","follow":"follow","max-snippet":"max-snippet:-1","max-image-preview":"max-image-preview:large","max-video-preview":"max-video-preview:-1"},"canonical":"https:\/\/globdocuments.com\/fr\/produit\/australian-passport\/","og_locale":"fr_FR","og_type":"article","og_title":"Buy Fake Australian Passport Online in France | Glob Documents","og_description":"Are you searching to buy a fake Australian passport online in France? Then visit Glob Documents. We provide high-quality Australian documents. Order now!","og_url":"https:\/\/globdocuments.com\/fr\/produit\/australian-passport\/","article_modified_time":"2024-09-04T10:04:39+00:00","og_image":[{"width":450,"height":450,"url":"https:\/\/globdocuments.com\/wp-content\/uploads\/2022\/11\/australian-pasport.png","type":"image\/png"}],"twitter_card":"summary_large_image","twitter_misc":{"Dur\u00e9e de lecture estim\u00e9e":"7 minutes"},"schema":{"@context":"https:\/\/schema.org","@graph":[{"@type":"WebPage","@id":"https:\/\/globdocuments.com\/product\/australian-passport\/","url":"https:\/\/globdocuments.com\/product\/australian-passport\/","name":"Acheter un faux passeport australien en ligne en France | Glob Documents","isPartOf":{"@id":"https:\/\/globdocuments.com\/#website"},"primaryImageOfPage":{"@id":"https:\/\/globdocuments.com\/product\/australian-passport\/#primaryimage"},"image":{"@id":"https:\/\/globdocuments.com\/product\/australian-passport\/#primaryimage"},"thumbnailUrl":"https:\/\/globdocuments.com\/wp-content\/uploads\/2022\/11\/australian-pasport.png","datePublished":"2022-11-03T07:17:53+00:00","dateModified":"2024-09-04T10:04:39+00:00","description":"Cherchez-vous \u00e0 acheter un faux passeport australien en ligne en France ? Alors visitez Glob Documents. Nous fournissons des documents australiens de haute qualit\u00e9. Commandez maintenant !","breadcrumb":{"@id":"https:\/\/globdocuments.com\/product\/australian-passport\/#breadcrumb"},"inLanguage":"fr-FR","potentialAction":[{"@type":"ReadAction","target":["https:\/\/globdocuments.com\/product\/australian-passport\/"]}]},{"@type":"ImageObject","inLanguage":"fr-FR","@id":"https:\/\/globdocuments.com\/product\/australian-passport\/#primaryimage","url":"https:\/\/globdocuments.com\/wp-content\/uploads\/2022\/11\/australian-pasport.png","contentUrl":"https:\/\/globdocuments.com\/wp-content\/uploads\/2022\/11\/australian-pasport.png","width":450,"height":450,"caption":"Australian Passport"},{"@type":"BreadcrumbList","@id":"https:\/\/globdocuments.com\/product\/australian-passport\/#breadcrumb","itemListElement":[{"@type":"ListItem","position":1,"name":"Shop","item":"https:\/\/globdocuments.com\/shop\/"},{"@type":"ListItem","position":2,"name":"Australian Passport"}]},{"@type":"WebSite","@id":"https:\/\/globdocuments.com\/#website","url":"https:\/\/globdocuments.com\/","name":"","description":"Acheter de vrais faux documents en ligne","potentialAction":[{"@type":"SearchAction","target":{"@type":"EntryPoint","urlTemplate":"https:\/\/globdocuments.com\/?s={search_term_string}"},"query-input":{"@type":"PropertyValueSpecification","valueRequired":true,"valueName":"search_term_string"}}],"inLanguage":"fr-FR"}]}},"_links":{"self":[{"href":"https:\/\/globdocuments.com\/fr\/wp-json\/wp\/v2\/product\/403","targetHints":{"allow":["GET"]}}],"collection":[{"href":"https:\/\/globdocuments.com\/fr\/wp-json\/wp\/v2\/product"}],"about":[{"href":"https:\/\/globdocuments.com\/fr\/wp-json\/wp\/v2\/types\/product"}],"replies":[{"embeddable":true,"href":"https:\/\/globdocuments.com\/fr\/wp-json\/wp\/v2\/comments?post=403"}],"wp:featuredmedia":[{"embeddable":true,"href":"https:\/\/globdocuments.com\/fr\/wp-json\/wp\/v2\/media\/462"}],"wp:attachment":[{"href":"https:\/\/globdocuments.com\/fr\/wp-json\/wp\/v2\/media?parent=403"}],"wp:term":[{"taxonomy":"product_brand","embeddable":true,"href":"https:\/\/globdocuments.com\/fr\/wp-json\/wp\/v2\/product_brand?post=403"},{"taxonomy":"product_cat","embeddable":true,"href":"https:\/\/globdocuments.com\/fr\/wp-json\/wp\/v2\/product_cat?post=403"},{"taxonomy":"product_tag","embeddable":true,"href":"https:\/\/globdocuments.com\/fr\/wp-json\/wp\/v2\/product_tag?post=403"}],"curies":[{"name":"wp","href":"https:\/\/api.w.org\/{rel}","templated":true}]}}