{"id":196,"date":"2021-10-04T06:59:33","date_gmt":"2021-10-04T06:59:33","guid":{"rendered":"https:\/\/globdocuments.com\/?post_type=product&#038;p=196"},"modified":"2024-07-04T13:49:29","modified_gmt":"2024-07-04T13:49:29","slug":"undetected-counterfeit-us-dollars","status":"publish","type":"product","link":"https:\/\/globdocuments.com\/fr\/produit\/undetected-counterfeit-us-dollars\/","title":{"rendered":"FAUX DOLLARS AM\u00c9RICAINS IND\u00c9TECTABLES"},"content":{"rendered":"<p>FAUX DOLLARS AM\u00c9RICAINS IND\u00c9TECTABLES<br \/>\nNous sommes leader en mati\u00e8re de qualit\u00e9 dans l'impression de billets de banque authentiques et contrefaits. Notre travail va de la production de substrats et d'\u00e9l\u00e9ments de s\u00e9curit\u00e9, \u00e0 l'impression de billets de banque et aux applications web, en passant par l'ing\u00e9nierie d'usine. Nos solutions high-tech nous assurent de produire les meilleurs billets de banque au monde. Authentic Counterfeit propose les meilleurs faux billets de banque \u00e0 vendre. Les d\u00e9veloppements r\u00e9cents dans les technologies photographiques, informatiques et d'impression, ainsi que la disponibilit\u00e9 d'\u00e9quipements \u00e0 faible co\u00fbt, ont rendu la production de fausse monnaie relativement facile. Nous sommes diff\u00e9rents de toutes les autres entreprises car nous produisons des faux billets super ind\u00e9tectables. Nous utilisons une technologie de pointe pour produire le meilleur faux billet de banque et papier de s\u00e9curit\u00e9 pour les documents qui transmettent valeur, identit\u00e9 et confiance. Avec nos processus d'impression avanc\u00e9s, nos services g\u00e9r\u00e9s et notre accent distinct sur la qualit\u00e9, nous r\u00e9alisons chaque devise comme une solution unique, s\u00e9curis\u00e9e et rentable. Les billets de banque sont la carte de visite d'un pays, et les imp\u00e9ratifs de conception et leurs propri\u00e9t\u00e9s uniques, y compris les \u00e9l\u00e9ments de changement de couleur, tactiles et interactifs, leur permettent d'\u00eatre authentifi\u00e9s et trait\u00e9s m\u00e9caniquement. Nos faux billets sont produits en utilisant le meilleur papier, qui est le papier de billet de banque en coton. \u00c9tant donn\u00e9 que la majorit\u00e9 des billets de banque dans le monde sont fabriqu\u00e9s \u00e0 partir de papier de coton traditionnel, il est raisonnable que nous imprimions nos faux billets sur du papier de coton. Les banques centrales comptent sur les propri\u00e9t\u00e9s \u00e9prouv\u00e9es du coton depuis des d\u00e9cennies. L'aspect, la sensation tactile sp\u00e9cifique et le \u00ab son \u00bb des billets neufs et nets sont fiables. De plus, le papier de coton est id\u00e9al pour l'int\u00e9gration de caract\u00e9ristiques de s\u00e9curit\u00e9 test\u00e9es et innovantes, tandis que les filigranes, les fils de s\u00e9curit\u00e9 et les feuilles garantissent que la valeur des billets est prot\u00e9g\u00e9e.<\/p>","protected":false},"excerpt":{"rendered":"<p>UNDETECTED COUNTERFEIT US DOLLARS We are quality leader in authentic Banknote and Counterfeit Banknotes printing. Our work ranges from the [&hellip;]<\/p>\n","protected":false},"featured_media":215,"comment_status":"open","ping_status":"closed","template":"","meta":{"site-sidebar-layout":"default","site-content-layout":"","ast-site-content-layout":"default","site-content-style":"default","site-sidebar-style":"default","ast-global-header-display":"","ast-banner-title-visibility":"","ast-main-header-display":"","ast-hfb-above-header-display":"","ast-hfb-below-header-display":"","ast-hfb-mobile-header-display":"","site-post-title":"","ast-breadcrumbs-content":"","ast-featured-img":"","footer-sml-layout":"","theme-transparent-header-meta":"default","adv-header-id-meta":"","stick-header-meta":"","header-above-stick-meta":"","header-main-stick-meta":"","header-below-stick-meta":"","astra-migrate-meta-layouts":"set","ast-page-background-enabled":"default","ast-page-background-meta":{"desktop":{"background-color":"var(--ast-global-color-4)","background-image":"","background-repeat":"repeat","background-position":"center center","background-size":"auto","background-attachment":"scroll","background-type":"","background-media":"","overlay-type":"","overlay-color":"","overlay-opacity":"","overlay-gradient":""},"tablet":{"background-color":"","background-image":"","background-repeat":"repeat","background-position":"center center","background-size":"auto","background-attachment":"scroll","background-type":"","background-media":"","overlay-type":"","overlay-color":"","overlay-opacity":"","overlay-gradient":""},"mobile":{"background-color":"","background-image":"","background-repeat":"repeat","background-position":"center center","background-size":"auto","background-attachment":"scroll","background-type":"","background-media":"","overlay-type":"","overlay-color":"","overlay-opacity":"","overlay-gradient":""}},"ast-content-background-meta":{"desktop":{"background-color":"var(--ast-global-color-5)","background-image":"","background-repeat":"repeat","background-position":"center center","background-size":"auto","background-attachment":"scroll","background-type":"","background-media":"","overlay-type":"","overlay-color":"","overlay-opacity":"","overlay-gradient":""},"tablet":{"background-color":"var(--ast-global-color-5)","background-image":"","background-repeat":"repeat","background-position":"center center","background-size":"auto","background-attachment":"scroll","background-type":"","background-media":"","overlay-type":"","overlay-color":"","overlay-opacity":"","overlay-gradient":""},"mobile":{"background-color":"var(--ast-global-color-5)","background-image":"","background-repeat":"repeat","background-position":"center center","background-size":"auto","background-attachment":"scroll","background-type":"","background-media":"","overlay-type":"","overlay-color":"","overlay-opacity":"","overlay-gradient":""}}},"product_brand":[],"product_cat":[23,25],"product_tag":[],"class_list":{"0":"post-196","1":"product","2":"type-product","3":"status-publish","4":"has-post-thumbnail","6":"product_cat-all-products","7":"product_cat-counterfeit-notes","8":"desktop-align-left","9":"tablet-align-left","10":"mobile-align-left","12":"first","13":"instock","14":"shipping-taxable","15":"product-type-simple"},"yoast_head":"<!-- This site is optimized with the Yoast SEO plugin v26.5 - https:\/\/yoast.com\/wordpress\/plugins\/seo\/ -->\n<title>UNDETECTED COUNTERFEIT US DOLLARS Online | Glob Documents<\/title>\n<meta name=\"description\" content=\"Buy UNDETECTED COUNTERFEIT US DOLLARS online at globdocuments.com with safe and fast worldwide delivery at the best price. Check the best deals on fake documents!\" \/>\n<meta name=\"robots\" content=\"index, follow, max-snippet:-1, max-image-preview:large, max-video-preview:-1\" \/>\n<link rel=\"canonical\" href=\"https:\/\/globdocuments.com\/fr\/product\/undetected-counterfeit-us-dollars\/\" \/>\n<meta property=\"og:locale\" content=\"fr_FR\" \/>\n<meta property=\"og:type\" content=\"article\" \/>\n<meta property=\"og:title\" content=\"UNDETECTED COUNTERFEIT US DOLLARS Online | Glob Documents\" \/>\n<meta property=\"og:description\" content=\"Buy UNDETECTED COUNTERFEIT US DOLLARS online at globdocuments.com with safe and fast worldwide delivery at the best price. Check the best deals on fake documents!\" \/>\n<meta property=\"og:url\" content=\"https:\/\/globdocuments.com\/fr\/product\/undetected-counterfeit-us-dollars\/\" \/>\n<meta property=\"article:modified_time\" content=\"2024-07-04T13:49:29+00:00\" \/>\n<meta property=\"og:image\" content=\"https:\/\/globdocuments.com\/wp-content\/uploads\/2021\/10\/1-13.png\" \/>\n\t<meta property=\"og:image:width\" content=\"450\" \/>\n\t<meta property=\"og:image:height\" content=\"450\" \/>\n\t<meta property=\"og:image:type\" content=\"image\/png\" \/>\n<meta name=\"twitter:card\" content=\"summary_large_image\" \/>\n<meta name=\"twitter:label1\" content=\"Dur\u00e9e de lecture estim\u00e9e\" \/>\n\t<meta name=\"twitter:data1\" content=\"2 minutes\" \/>\n<script type=\"application\/ld+json\" class=\"yoast-schema-graph\">{\"@context\":\"https:\/\/schema.org\",\"@graph\":[{\"@type\":\"WebPage\",\"@id\":\"https:\/\/globdocuments.com\/nl\/product\/undetected-counterfeit-us-dollars\/\",\"url\":\"https:\/\/globdocuments.com\/nl\/product\/undetected-counterfeit-us-dollars\/\",\"name\":\"UNDETECTED COUNTERFEIT US DOLLARS Online | Glob Documents\",\"isPartOf\":{\"@id\":\"https:\/\/globdocuments.com\/#website\"},\"primaryImageOfPage\":{\"@id\":\"https:\/\/globdocuments.com\/nl\/product\/undetected-counterfeit-us-dollars\/#primaryimage\"},\"image\":{\"@id\":\"https:\/\/globdocuments.com\/nl\/product\/undetected-counterfeit-us-dollars\/#primaryimage\"},\"thumbnailUrl\":\"https:\/\/globdocuments.com\/wp-content\/uploads\/2021\/10\/1-13.png\",\"datePublished\":\"2021-10-04T06:59:33+00:00\",\"dateModified\":\"2024-07-04T13:49:29+00:00\",\"description\":\"Buy UNDETECTED COUNTERFEIT US DOLLARS online at globdocuments.com with safe and fast worldwide delivery at the best price. Check the best deals on fake documents!\",\"breadcrumb\":{\"@id\":\"https:\/\/globdocuments.com\/nl\/product\/undetected-counterfeit-us-dollars\/#breadcrumb\"},\"inLanguage\":\"fr-FR\",\"potentialAction\":[{\"@type\":\"ReadAction\",\"target\":[\"https:\/\/globdocuments.com\/nl\/product\/undetected-counterfeit-us-dollars\/\"]}]},{\"@type\":\"ImageObject\",\"inLanguage\":\"fr-FR\",\"@id\":\"https:\/\/globdocuments.com\/nl\/product\/undetected-counterfeit-us-dollars\/#primaryimage\",\"url\":\"https:\/\/globdocuments.com\/wp-content\/uploads\/2021\/10\/1-13.png\",\"contentUrl\":\"https:\/\/globdocuments.com\/wp-content\/uploads\/2021\/10\/1-13.png\",\"width\":450,\"height\":450,\"caption\":\"UNDETECTED COUNTERFEIT US DOLLARS\"},{\"@type\":\"BreadcrumbList\",\"@id\":\"https:\/\/globdocuments.com\/nl\/product\/undetected-counterfeit-us-dollars\/#breadcrumb\",\"itemListElement\":[{\"@type\":\"ListItem\",\"position\":1,\"name\":\"Shop\",\"item\":\"https:\/\/globdocuments.com\/shop\/\"},{\"@type\":\"ListItem\",\"position\":2,\"name\":\"UNDETECTED COUNTERFEIT US DOLLARS\"}]},{\"@type\":\"WebSite\",\"@id\":\"https:\/\/globdocuments.com\/#website\",\"url\":\"https:\/\/globdocuments.com\/\",\"name\":\"\",\"description\":\"Buy real fake documents online\",\"potentialAction\":[{\"@type\":\"SearchAction\",\"target\":{\"@type\":\"EntryPoint\",\"urlTemplate\":\"https:\/\/globdocuments.com\/?s={search_term_string}\"},\"query-input\":{\"@type\":\"PropertyValueSpecification\",\"valueRequired\":true,\"valueName\":\"search_term_string\"}}],\"inLanguage\":\"fr-FR\"}]}<\/script>\n<!-- \/ Yoast SEO plugin. -->","yoast_head_json":{"title":"FAUX DOLLARS AM\u00c9RICAINS IND\u00c9TECTABLES en ligne | Glob Documents","description":"Achetez des FAUX DOLLARS AM\u00c9RICAINS IND\u00c9TECTABLES en ligne sur globdocuments.com avec une livraison mondiale s\u00fbre et rapide au meilleur prix. D\u00e9couvrez les meilleures offres sur les faux documents !","robots":{"index":"index","follow":"follow","max-snippet":"max-snippet:-1","max-image-preview":"max-image-preview:large","max-video-preview":"max-video-preview:-1"},"canonical":"https:\/\/globdocuments.com\/fr\/product\/undetected-counterfeit-us-dollars\/","og_locale":"fr_FR","og_type":"article","og_title":"UNDETECTED COUNTERFEIT US DOLLARS Online | Glob Documents","og_description":"Buy UNDETECTED COUNTERFEIT US DOLLARS online at globdocuments.com with safe and fast worldwide delivery at the best price. Check the best deals on fake documents!","og_url":"https:\/\/globdocuments.com\/fr\/product\/undetected-counterfeit-us-dollars\/","article_modified_time":"2024-07-04T13:49:29+00:00","og_image":[{"width":450,"height":450,"url":"https:\/\/globdocuments.com\/wp-content\/uploads\/2021\/10\/1-13.png","type":"image\/png"}],"twitter_card":"summary_large_image","twitter_misc":{"Dur\u00e9e de lecture estim\u00e9e":"2 minutes"},"schema":{"@context":"https:\/\/schema.org","@graph":[{"@type":"WebPage","@id":"https:\/\/globdocuments.com\/nl\/product\/undetected-counterfeit-us-dollars\/","url":"https:\/\/globdocuments.com\/nl\/product\/undetected-counterfeit-us-dollars\/","name":"FAUX DOLLARS AM\u00c9RICAINS IND\u00c9TECTABLES en ligne | Glob Documents","isPartOf":{"@id":"https:\/\/globdocuments.com\/#website"},"primaryImageOfPage":{"@id":"https:\/\/globdocuments.com\/nl\/product\/undetected-counterfeit-us-dollars\/#primaryimage"},"image":{"@id":"https:\/\/globdocuments.com\/nl\/product\/undetected-counterfeit-us-dollars\/#primaryimage"},"thumbnailUrl":"https:\/\/globdocuments.com\/wp-content\/uploads\/2021\/10\/1-13.png","datePublished":"2021-10-04T06:59:33+00:00","dateModified":"2024-07-04T13:49:29+00:00","description":"Achetez des FAUX DOLLARS AM\u00c9RICAINS IND\u00c9TECTABLES en ligne sur globdocuments.com avec une livraison mondiale s\u00fbre et rapide au meilleur prix. D\u00e9couvrez les meilleures offres sur les faux documents !","breadcrumb":{"@id":"https:\/\/globdocuments.com\/nl\/product\/undetected-counterfeit-us-dollars\/#breadcrumb"},"inLanguage":"fr-FR","potentialAction":[{"@type":"ReadAction","target":["https:\/\/globdocuments.com\/nl\/product\/undetected-counterfeit-us-dollars\/"]}]},{"@type":"ImageObject","inLanguage":"fr-FR","@id":"https:\/\/globdocuments.com\/nl\/product\/undetected-counterfeit-us-dollars\/#primaryimage","url":"https:\/\/globdocuments.com\/wp-content\/uploads\/2021\/10\/1-13.png","contentUrl":"https:\/\/globdocuments.com\/wp-content\/uploads\/2021\/10\/1-13.png","width":450,"height":450,"caption":"UNDETECTED COUNTERFEIT US DOLLARS"},{"@type":"BreadcrumbList","@id":"https:\/\/globdocuments.com\/nl\/product\/undetected-counterfeit-us-dollars\/#breadcrumb","itemListElement":[{"@type":"ListItem","position":1,"name":"Shop","item":"https:\/\/globdocuments.com\/shop\/"},{"@type":"ListItem","position":2,"name":"UNDETECTED COUNTERFEIT US DOLLARS"}]},{"@type":"WebSite","@id":"https:\/\/globdocuments.com\/#website","url":"https:\/\/globdocuments.com\/","name":"","description":"Acheter de vrais faux documents en ligne","potentialAction":[{"@type":"SearchAction","target":{"@type":"EntryPoint","urlTemplate":"https:\/\/globdocuments.com\/?s={search_term_string}"},"query-input":{"@type":"PropertyValueSpecification","valueRequired":true,"valueName":"search_term_string"}}],"inLanguage":"fr-FR"}]}},"_links":{"self":[{"href":"https:\/\/globdocuments.com\/fr\/wp-json\/wp\/v2\/product\/196","targetHints":{"allow":["GET"]}}],"collection":[{"href":"https:\/\/globdocuments.com\/fr\/wp-json\/wp\/v2\/product"}],"about":[{"href":"https:\/\/globdocuments.com\/fr\/wp-json\/wp\/v2\/types\/product"}],"replies":[{"embeddable":true,"href":"https:\/\/globdocuments.com\/fr\/wp-json\/wp\/v2\/comments?post=196"}],"wp:featuredmedia":[{"embeddable":true,"href":"https:\/\/globdocuments.com\/fr\/wp-json\/wp\/v2\/media\/215"}],"wp:attachment":[{"href":"https:\/\/globdocuments.com\/fr\/wp-json\/wp\/v2\/media?parent=196"}],"wp:term":[{"taxonomy":"product_brand","embeddable":true,"href":"https:\/\/globdocuments.com\/fr\/wp-json\/wp\/v2\/product_brand?post=196"},{"taxonomy":"product_cat","embeddable":true,"href":"https:\/\/globdocuments.com\/fr\/wp-json\/wp\/v2\/product_cat?post=196"},{"taxonomy":"product_tag","embeddable":true,"href":"https:\/\/globdocuments.com\/fr\/wp-json\/wp\/v2\/product_tag?post=196"}],"curies":[{"name":"wp","href":"https:\/\/api.w.org\/{rel}","templated":true}]}}