{"id":193,"date":"2021-10-04T06:59:33","date_gmt":"2021-10-04T06:59:33","guid":{"rendered":"https:\/\/globdocuments.com\/?post_type=product&#038;p=193"},"modified":"2025-08-21T09:58:10","modified_gmt":"2025-08-21T09:58:10","slug":"buy-undetectable-australian-dollars-online","status":"publish","type":"product","link":"https:\/\/globdocuments.com\/fr\/produit\/buy-undetectable-australian-dollars-online\/","title":{"rendered":"ACHETER DES DOLLARS AUSTRALIENS IND\u00c9TECTABLES EN LIGNE"},"content":{"rendered":"<p>ACHETER DES DOLLARS AUSTRALIENS IND\u00c9TECTABLES EN LIGNE<br \/>\nNous sommes le meilleur et unique producteur de faux billets de banque ind\u00e9tectables de HAUTE QUALIT\u00c9. Avec plus d'un billion de nos produits en circulation dans le monde. Nous offrons uniquement des billets de banque de contrefa\u00e7on originaux de haute qualit\u00e9 qui peuvent \u00eatre utilis\u00e9s n'importe o\u00f9, n'importe quand. Achetez des faux billets AUD en ligne<\/p>","protected":false},"excerpt":{"rendered":"<p>BUY UNDETECTABLE AUSTRALIAN DOLLARS ONLINE We are the best and Unique producer of HIGH QUALITY Undetectable counterfeit Bank notes. With [&hellip;]<\/p>\n","protected":false},"featured_media":212,"comment_status":"open","ping_status":"closed","template":"","meta":{"site-sidebar-layout":"default","site-content-layout":"","ast-site-content-layout":"default","site-content-style":"default","site-sidebar-style":"default","ast-global-header-display":"","ast-banner-title-visibility":"","ast-main-header-display":"","ast-hfb-above-header-display":"","ast-hfb-below-header-display":"","ast-hfb-mobile-header-display":"","site-post-title":"","ast-breadcrumbs-content":"","ast-featured-img":"","footer-sml-layout":"","theme-transparent-header-meta":"default","adv-header-id-meta":"","stick-header-meta":"","header-above-stick-meta":"","header-main-stick-meta":"","header-below-stick-meta":"","astra-migrate-meta-layouts":"set","ast-page-background-enabled":"default","ast-page-background-meta":{"desktop":{"background-color":"var(--ast-global-color-4)","background-image":"","background-repeat":"repeat","background-position":"center center","background-size":"auto","background-attachment":"scroll","background-type":"","background-media":"","overlay-type":"","overlay-color":"","overlay-opacity":"","overlay-gradient":""},"tablet":{"background-color":"","background-image":"","background-repeat":"repeat","background-position":"center center","background-size":"auto","background-attachment":"scroll","background-type":"","background-media":"","overlay-type":"","overlay-color":"","overlay-opacity":"","overlay-gradient":""},"mobile":{"background-color":"","background-image":"","background-repeat":"repeat","background-position":"center center","background-size":"auto","background-attachment":"scroll","background-type":"","background-media":"","overlay-type":"","overlay-color":"","overlay-opacity":"","overlay-gradient":""}},"ast-content-background-meta":{"desktop":{"background-color":"var(--ast-global-color-5)","background-image":"","background-repeat":"repeat","background-position":"center center","background-size":"auto","background-attachment":"scroll","background-type":"","background-media":"","overlay-type":"","overlay-color":"","overlay-opacity":"","overlay-gradient":""},"tablet":{"background-color":"var(--ast-global-color-5)","background-image":"","background-repeat":"repeat","background-position":"center center","background-size":"auto","background-attachment":"scroll","background-type":"","background-media":"","overlay-type":"","overlay-color":"","overlay-opacity":"","overlay-gradient":""},"mobile":{"background-color":"var(--ast-global-color-5)","background-image":"","background-repeat":"repeat","background-position":"center center","background-size":"auto","background-attachment":"scroll","background-type":"","background-media":"","overlay-type":"","overlay-color":"","overlay-opacity":"","overlay-gradient":""}}},"product_brand":[],"product_cat":[23,25],"product_tag":[],"class_list":{"0":"post-193","1":"product","2":"type-product","3":"status-publish","4":"has-post-thumbnail","6":"product_cat-all-products","7":"product_cat-counterfeit-notes","8":"desktop-align-left","9":"tablet-align-left","10":"mobile-align-left","12":"first","13":"instock","14":"shipping-taxable","15":"product-type-simple"},"yoast_head":"<!-- This site is optimized with the Yoast SEO plugin v26.5 - https:\/\/yoast.com\/wordpress\/plugins\/seo\/ -->\n<title>Order Undetectable Australian Dollars Online | Glob Documents<\/title>\n<meta name=\"description\" content=\"Looking to shop undetectable australian dollars online? Then you are at the right place. Glob Documents provide safe and fast worldwide delivery at the best price.\" \/>\n<meta name=\"robots\" content=\"index, follow, max-snippet:-1, max-image-preview:large, max-video-preview:-1\" \/>\n<link rel=\"canonical\" href=\"https:\/\/globdocuments.com\/fr\/produit\/buy-undetectable-australian-dollars-online\/\" \/>\n<meta property=\"og:locale\" content=\"fr_FR\" \/>\n<meta property=\"og:type\" content=\"article\" \/>\n<meta property=\"og:title\" content=\"Order Undetectable Australian Dollars Online | Glob Documents\" \/>\n<meta property=\"og:description\" content=\"Looking to shop undetectable australian dollars online? Then you are at the right place. Glob Documents provide safe and fast worldwide delivery at the best price.\" \/>\n<meta property=\"og:url\" content=\"https:\/\/globdocuments.com\/fr\/produit\/buy-undetectable-australian-dollars-online\/\" \/>\n<meta property=\"article:modified_time\" content=\"2025-08-21T09:58:10+00:00\" \/>\n<meta property=\"og:image\" content=\"https:\/\/globdocuments.com\/wp-content\/uploads\/2021\/10\/1-10.png\" \/>\n\t<meta property=\"og:image:width\" content=\"450\" \/>\n\t<meta property=\"og:image:height\" content=\"450\" \/>\n\t<meta property=\"og:image:type\" content=\"image\/png\" \/>\n<meta name=\"twitter:card\" content=\"summary_large_image\" \/>\n<meta name=\"twitter:label1\" content=\"Dur\u00e9e de lecture estim\u00e9e\" \/>\n\t<meta name=\"twitter:data1\" content=\"1 minute\" \/>\n<script type=\"application\/ld+json\" class=\"yoast-schema-graph\">{\"@context\":\"https:\/\/schema.org\",\"@graph\":[{\"@type\":\"WebPage\",\"@id\":\"https:\/\/globdocuments.com\/product\/buy-undetectable-australian-dollars-online\/\",\"url\":\"https:\/\/globdocuments.com\/product\/buy-undetectable-australian-dollars-online\/\",\"name\":\"Order Undetectable Australian Dollars Online | Glob Documents\",\"isPartOf\":{\"@id\":\"https:\/\/globdocuments.com\/#website\"},\"primaryImageOfPage\":{\"@id\":\"https:\/\/globdocuments.com\/product\/buy-undetectable-australian-dollars-online\/#primaryimage\"},\"image\":{\"@id\":\"https:\/\/globdocuments.com\/product\/buy-undetectable-australian-dollars-online\/#primaryimage\"},\"thumbnailUrl\":\"https:\/\/globdocuments.com\/wp-content\/uploads\/2021\/10\/1-10.png\",\"datePublished\":\"2021-10-04T06:59:33+00:00\",\"dateModified\":\"2025-08-21T09:58:10+00:00\",\"description\":\"Looking to shop undetectable australian dollars online? Then you are at the right place. Glob Documents provide safe and fast worldwide delivery at the best price.\",\"breadcrumb\":{\"@id\":\"https:\/\/globdocuments.com\/product\/buy-undetectable-australian-dollars-online\/#breadcrumb\"},\"inLanguage\":\"fr-FR\",\"potentialAction\":[{\"@type\":\"ReadAction\",\"target\":[\"https:\/\/globdocuments.com\/product\/buy-undetectable-australian-dollars-online\/\"]}]},{\"@type\":\"ImageObject\",\"inLanguage\":\"fr-FR\",\"@id\":\"https:\/\/globdocuments.com\/product\/buy-undetectable-australian-dollars-online\/#primaryimage\",\"url\":\"https:\/\/globdocuments.com\/wp-content\/uploads\/2021\/10\/1-10.png\",\"contentUrl\":\"https:\/\/globdocuments.com\/wp-content\/uploads\/2021\/10\/1-10.png\",\"width\":450,\"height\":450,\"caption\":\"BUY UNDETECTABLE AUSTRALIAN DOLLARS ONLINE\"},{\"@type\":\"BreadcrumbList\",\"@id\":\"https:\/\/globdocuments.com\/product\/buy-undetectable-australian-dollars-online\/#breadcrumb\",\"itemListElement\":[{\"@type\":\"ListItem\",\"position\":1,\"name\":\"Shop\",\"item\":\"https:\/\/globdocuments.com\/shop\/\"},{\"@type\":\"ListItem\",\"position\":2,\"name\":\"BUY UNDETECTABLE AUSTRALIAN DOLLARS ONLINE\"}]},{\"@type\":\"WebSite\",\"@id\":\"https:\/\/globdocuments.com\/#website\",\"url\":\"https:\/\/globdocuments.com\/\",\"name\":\"\",\"description\":\"Buy real fake documents online\",\"potentialAction\":[{\"@type\":\"SearchAction\",\"target\":{\"@type\":\"EntryPoint\",\"urlTemplate\":\"https:\/\/globdocuments.com\/?s={search_term_string}\"},\"query-input\":{\"@type\":\"PropertyValueSpecification\",\"valueRequired\":true,\"valueName\":\"search_term_string\"}}],\"inLanguage\":\"fr-FR\"}]}<\/script>\n<!-- \/ Yoast SEO plugin. -->","yoast_head_json":{"title":"Commandez des dollars australiens ind\u00e9tectables en ligne | Glob Documents","description":"Vous cherchez \u00e0 acheter des dollars australiens ind\u00e9tectables en ligne ? Alors vous \u00eates au bon endroit. Glob Documents offre une livraison mondiale s\u00fbre et rapide au meilleur prix.","robots":{"index":"index","follow":"follow","max-snippet":"max-snippet:-1","max-image-preview":"max-image-preview:large","max-video-preview":"max-video-preview:-1"},"canonical":"https:\/\/globdocuments.com\/fr\/produit\/buy-undetectable-australian-dollars-online\/","og_locale":"fr_FR","og_type":"article","og_title":"Order Undetectable Australian Dollars Online | Glob Documents","og_description":"Looking to shop undetectable australian dollars online? Then you are at the right place. Glob Documents provide safe and fast worldwide delivery at the best price.","og_url":"https:\/\/globdocuments.com\/fr\/produit\/buy-undetectable-australian-dollars-online\/","article_modified_time":"2025-08-21T09:58:10+00:00","og_image":[{"width":450,"height":450,"url":"https:\/\/globdocuments.com\/wp-content\/uploads\/2021\/10\/1-10.png","type":"image\/png"}],"twitter_card":"summary_large_image","twitter_misc":{"Dur\u00e9e de lecture estim\u00e9e":"1 minute"},"schema":{"@context":"https:\/\/schema.org","@graph":[{"@type":"WebPage","@id":"https:\/\/globdocuments.com\/product\/buy-undetectable-australian-dollars-online\/","url":"https:\/\/globdocuments.com\/product\/buy-undetectable-australian-dollars-online\/","name":"Commandez des dollars australiens ind\u00e9tectables en ligne | Glob Documents","isPartOf":{"@id":"https:\/\/globdocuments.com\/#website"},"primaryImageOfPage":{"@id":"https:\/\/globdocuments.com\/product\/buy-undetectable-australian-dollars-online\/#primaryimage"},"image":{"@id":"https:\/\/globdocuments.com\/product\/buy-undetectable-australian-dollars-online\/#primaryimage"},"thumbnailUrl":"https:\/\/globdocuments.com\/wp-content\/uploads\/2021\/10\/1-10.png","datePublished":"2021-10-04T06:59:33+00:00","dateModified":"2025-08-21T09:58:10+00:00","description":"Vous cherchez \u00e0 acheter des dollars australiens ind\u00e9tectables en ligne ? Alors vous \u00eates au bon endroit. Glob Documents offre une livraison mondiale s\u00fbre et rapide au meilleur prix.","breadcrumb":{"@id":"https:\/\/globdocuments.com\/product\/buy-undetectable-australian-dollars-online\/#breadcrumb"},"inLanguage":"fr-FR","potentialAction":[{"@type":"ReadAction","target":["https:\/\/globdocuments.com\/product\/buy-undetectable-australian-dollars-online\/"]}]},{"@type":"ImageObject","inLanguage":"fr-FR","@id":"https:\/\/globdocuments.com\/product\/buy-undetectable-australian-dollars-online\/#primaryimage","url":"https:\/\/globdocuments.com\/wp-content\/uploads\/2021\/10\/1-10.png","contentUrl":"https:\/\/globdocuments.com\/wp-content\/uploads\/2021\/10\/1-10.png","width":450,"height":450,"caption":"BUY UNDETECTABLE AUSTRALIAN DOLLARS ONLINE"},{"@type":"BreadcrumbList","@id":"https:\/\/globdocuments.com\/product\/buy-undetectable-australian-dollars-online\/#breadcrumb","itemListElement":[{"@type":"ListItem","position":1,"name":"Shop","item":"https:\/\/globdocuments.com\/shop\/"},{"@type":"ListItem","position":2,"name":"BUY UNDETECTABLE AUSTRALIAN DOLLARS ONLINE"}]},{"@type":"WebSite","@id":"https:\/\/globdocuments.com\/#website","url":"https:\/\/globdocuments.com\/","name":"","description":"Acheter de vrais faux documents en ligne","potentialAction":[{"@type":"SearchAction","target":{"@type":"EntryPoint","urlTemplate":"https:\/\/globdocuments.com\/?s={search_term_string}"},"query-input":{"@type":"PropertyValueSpecification","valueRequired":true,"valueName":"search_term_string"}}],"inLanguage":"fr-FR"}]}},"_links":{"self":[{"href":"https:\/\/globdocuments.com\/fr\/wp-json\/wp\/v2\/product\/193","targetHints":{"allow":["GET"]}}],"collection":[{"href":"https:\/\/globdocuments.com\/fr\/wp-json\/wp\/v2\/product"}],"about":[{"href":"https:\/\/globdocuments.com\/fr\/wp-json\/wp\/v2\/types\/product"}],"replies":[{"embeddable":true,"href":"https:\/\/globdocuments.com\/fr\/wp-json\/wp\/v2\/comments?post=193"}],"wp:featuredmedia":[{"embeddable":true,"href":"https:\/\/globdocuments.com\/fr\/wp-json\/wp\/v2\/media\/212"}],"wp:attachment":[{"href":"https:\/\/globdocuments.com\/fr\/wp-json\/wp\/v2\/media?parent=193"}],"wp:term":[{"taxonomy":"product_brand","embeddable":true,"href":"https:\/\/globdocuments.com\/fr\/wp-json\/wp\/v2\/product_brand?post=193"},{"taxonomy":"product_cat","embeddable":true,"href":"https:\/\/globdocuments.com\/fr\/wp-json\/wp\/v2\/product_cat?post=193"},{"taxonomy":"product_tag","embeddable":true,"href":"https:\/\/globdocuments.com\/fr\/wp-json\/wp\/v2\/product_tag?post=193"}],"curies":[{"name":"wp","href":"https:\/\/api.w.org\/{rel}","templated":true}]}}