{"id":191,"date":"2021-10-04T06:59:32","date_gmt":"2021-10-04T06:59:32","guid":{"rendered":"https:\/\/globdocuments.com\/?post_type=product&#038;p=191"},"modified":"2025-09-02T11:57:08","modified_gmt":"2025-09-02T11:57:08","slug":"buy-fake-gbp-bills","status":"publish","type":"product","link":"https:\/\/globdocuments.com\/fr\/produit\/buy-fake-gbp-bills\/","title":{"rendered":"ACHETER DE FAUSSES LIVRES STERLING"},"content":{"rendered":"<p>R\u00e9alisez vos r\u00eaves avec de fausses livres sterling<br \/>\nLe Royaume de Grande-Bretagne abrite un grand nombre d'expatri\u00e9s, certains n'arrivent que pour une courte p\u00e9riode, tandis que d'autres choisissent d'en faire leur r\u00e9sidence permanente. Les emplois les mieux r\u00e9mun\u00e9r\u00e9s sont disponibles dans la capitale, Londres, o\u00f9 il est assez cher de subvenir \u00e0 ses besoins quotidiens. Si vous travaillez avec un budget serr\u00e9, vous pouvez vous installer dans une petite ville, mais cela signifierait sacrifier une partie de vos revenus. Pourquoi vivre une vie avec un prix plus modeste quand vous pouvez facilement investir dans de la fausse monnaie britannique ?<br \/>\nLe co\u00fbt moyen pour une personne seule pour survivre un mois se situe autour de 700 GBP, ce qui peut augmenter consid\u00e9rablement si vous avez une famille \u00e0 \u00e9lever. Chez Counterfeit Doc, nous comprenons que votre pouvoir d'achat s'affaiblit avec l'augmentation des d\u00e9penses li\u00e9es au logement et aux soins de sant\u00e9. Gr\u00e2ce \u00e0 des ann\u00e9es de pratique et \u00e0 une approche m\u00e9ticuleuse, nous avons mis au point une formule pour contrefaire la monnaie britannique qui peut passer tous les tests de d\u00e9tection. Nous avons des professionnels des secteurs de l'informatique, du design et de la banque qui nous aident \u00e0 rester au courant des derni\u00e8res am\u00e9liorations en mati\u00e8re de s\u00e9curit\u00e9 afin que nos clients pr\u00e9cieux obtiennent le meilleur.<\/p>\n<p>Comment utiliser de la fausse monnaie britannique et est-ce s\u00fbr ?<br \/>\nL'argent vous donne un acc\u00e8s facile \u00e0 certaines des meilleures installations du Royaume-Uni. Cependant, si vous utilisez de fausses livres sterling, assurez-vous de les utiliser avec prudence. Bien qu'il soit impossible de les distinguer \u00e0 l'\u0153il nu, nous ne voulons pas que nos clients tombent dans le pi\u00e8ge. Parmi les pr\u00e9cautions \u00e0 prendre, citons :<\/p>\n<p>Si jamais vous devez payer une amende pour infraction au code de la route ou quoi que ce soit d'autre, veuillez ne pas utiliser de faux billets.<br \/>\nN'entrez pas dans une banque et ne d\u00e9posez pas de fausse monnaie dans un distributeur automatique. Ils disposent d'outils de d\u00e9tection avanc\u00e9s et vous serez imm\u00e9diatement attrap\u00e9.<br \/>\n\u00c9vitez les transactions importantes<br \/>\nLorsque vous payez en esp\u00e8ces dans les magasins, restaurants ou stations-service, m\u00e9langez-les avec de l'argent r\u00e9el pour \u00e9viter les soup\u00e7ons.<\/p>\n<p>De notre c\u00f4t\u00e9, nous faisons tout le travail n\u00e9cessaire pour garantir que les \u00e9l\u00e9ments de s\u00e9curit\u00e9 requis tels que les bandes holographiques, la micro-impression, le fil de s\u00e9curit\u00e9, les filigranes, les num\u00e9ros de s\u00e9rie et l'impression en taille-douce sont pris en charge. Lorsque vous achetez de fausses livres sterling chez nous, il est \u00e9galement de votre responsabilit\u00e9 d'en faire un usage appropri\u00e9. Nous savons que vous \u00eates assez intelligent pour le faire sans \u00e9veiller les soup\u00e7ons.<\/p>\n<p>Achetez de fausses livres sterling uniquement aupr\u00e8s d'un producteur de billets fiable<br \/>\nCounterfeit Doc est une \u00e9quipe de personnel comp\u00e9tent, chacun de nos membres apportant ses connaissances extraordinaires dans le processus de fabrication. Nous utilisons des \u00e9quipements tr\u00e8s efficaces et des techniques de pointe pour fournir un service de premier ordre. Avec nous, vous pouvez acheter de fausses livres sterling \u00e0 des prix qu'aucun autre producteur ne peut \u00e9galer. Votre vie priv\u00e9e et votre s\u00e9curit\u00e9 sont d'une importance primordiale pour nous, car nous nous assurons toujours de prot\u00e9ger vos informations personnelles. Vous pouvez nous payer en utilisant des options de paiement s\u00e9curis\u00e9es telles que MoneyGram, Western Union ou Bitcoin.<br \/>\nN'h\u00e9sitez pas \u00e0 parler \u00e0 notre \u00e9quipe si vous avez des doutes !<\/p>","protected":false},"excerpt":{"rendered":"<p>Make Your Dreams Come True With Counterfeit Pound Sterling The Kingdom of Great Britain is home to a large number [&hellip;]<\/p>\n","protected":false},"featured_media":210,"comment_status":"open","ping_status":"closed","template":"","meta":{"site-sidebar-layout":"default","site-content-layout":"","ast-site-content-layout":"default","site-content-style":"default","site-sidebar-style":"default","ast-global-header-display":"","ast-banner-title-visibility":"","ast-main-header-display":"","ast-hfb-above-header-display":"","ast-hfb-below-header-display":"","ast-hfb-mobile-header-display":"","site-post-title":"","ast-breadcrumbs-content":"","ast-featured-img":"","footer-sml-layout":"","theme-transparent-header-meta":"default","adv-header-id-meta":"","stick-header-meta":"","header-above-stick-meta":"","header-main-stick-meta":"","header-below-stick-meta":"","astra-migrate-meta-layouts":"set","ast-page-background-enabled":"default","ast-page-background-meta":{"desktop":{"background-color":"var(--ast-global-color-4)","background-image":"","background-repeat":"repeat","background-position":"center center","background-size":"auto","background-attachment":"scroll","background-type":"","background-media":"","overlay-type":"","overlay-color":"","overlay-opacity":"","overlay-gradient":""},"tablet":{"background-color":"","background-image":"","background-repeat":"repeat","background-position":"center center","background-size":"auto","background-attachment":"scroll","background-type":"","background-media":"","overlay-type":"","overlay-color":"","overlay-opacity":"","overlay-gradient":""},"mobile":{"background-color":"","background-image":"","background-repeat":"repeat","background-position":"center center","background-size":"auto","background-attachment":"scroll","background-type":"","background-media":"","overlay-type":"","overlay-color":"","overlay-opacity":"","overlay-gradient":""}},"ast-content-background-meta":{"desktop":{"background-color":"var(--ast-global-color-5)","background-image":"","background-repeat":"repeat","background-position":"center center","background-size":"auto","background-attachment":"scroll","background-type":"","background-media":"","overlay-type":"","overlay-color":"","overlay-opacity":"","overlay-gradient":""},"tablet":{"background-color":"var(--ast-global-color-5)","background-image":"","background-repeat":"repeat","background-position":"center center","background-size":"auto","background-attachment":"scroll","background-type":"","background-media":"","overlay-type":"","overlay-color":"","overlay-opacity":"","overlay-gradient":""},"mobile":{"background-color":"var(--ast-global-color-5)","background-image":"","background-repeat":"repeat","background-position":"center center","background-size":"auto","background-attachment":"scroll","background-type":"","background-media":"","overlay-type":"","overlay-color":"","overlay-opacity":"","overlay-gradient":""}}},"product_brand":[],"product_cat":[23,25],"product_tag":[],"class_list":{"0":"post-191","1":"product","2":"type-product","3":"status-publish","4":"has-post-thumbnail","6":"product_cat-all-products","7":"product_cat-counterfeit-notes","8":"desktop-align-left","9":"tablet-align-left","10":"mobile-align-left","12":"first","13":"instock","14":"shipping-taxable","15":"product-type-simple"},"yoast_head":"<!-- This site is optimized with the Yoast SEO plugin v26.5 - https:\/\/yoast.com\/wordpress\/plugins\/seo\/ -->\n<title>Order GBP Online in Germany | Glob Documents<\/title>\n<meta name=\"description\" content=\"Easily buy GBP online in Germany with Glob Documents. Secure, fast, and reliable service for ordering British pounds at your convenience.\" \/>\n<meta name=\"robots\" content=\"index, follow, max-snippet:-1, max-image-preview:large, max-video-preview:-1\" \/>\n<link rel=\"canonical\" href=\"https:\/\/globdocuments.com\/fr\/produkt\/buy-fake-gbp-bills\/\" \/>\n<meta property=\"og:locale\" content=\"fr_FR\" \/>\n<meta property=\"og:type\" content=\"article\" \/>\n<meta property=\"og:title\" content=\"Order GBP Online in Germany | Glob Documents\" \/>\n<meta property=\"og:description\" content=\"Easily buy GBP online in Germany with Glob Documents. Secure, fast, and reliable service for ordering British pounds at your convenience.\" \/>\n<meta property=\"og:url\" content=\"https:\/\/globdocuments.com\/fr\/produkt\/buy-fake-gbp-bills\/\" \/>\n<meta property=\"article:modified_time\" content=\"2025-09-02T11:57:08+00:00\" \/>\n<meta property=\"og:image\" content=\"https:\/\/globdocuments.com\/wp-content\/uploads\/2021\/10\/2-1.png\" \/>\n\t<meta property=\"og:image:width\" content=\"450\" \/>\n\t<meta property=\"og:image:height\" content=\"450\" \/>\n\t<meta property=\"og:image:type\" content=\"image\/png\" \/>\n<meta name=\"twitter:card\" content=\"summary_large_image\" \/>\n<meta name=\"twitter:label1\" content=\"Dur\u00e9e de lecture estim\u00e9e\" \/>\n\t<meta name=\"twitter:data1\" content=\"3 minutes\" \/>\n<script type=\"application\/ld+json\" class=\"yoast-schema-graph\">{\"@context\":\"https:\/\/schema.org\",\"@graph\":[{\"@type\":\"WebPage\",\"@id\":\"https:\/\/globdocuments.com\/bg\/produkt\/buy-fake-gbp-bills\/\",\"url\":\"https:\/\/globdocuments.com\/bg\/produkt\/buy-fake-gbp-bills\/\",\"name\":\"Order GBP Online in Germany | Glob Documents\",\"isPartOf\":{\"@id\":\"https:\/\/globdocuments.com\/#website\"},\"primaryImageOfPage\":{\"@id\":\"https:\/\/globdocuments.com\/bg\/produkt\/buy-fake-gbp-bills\/#primaryimage\"},\"image\":{\"@id\":\"https:\/\/globdocuments.com\/bg\/produkt\/buy-fake-gbp-bills\/#primaryimage\"},\"thumbnailUrl\":\"https:\/\/globdocuments.com\/wp-content\/uploads\/2021\/10\/2-1.png\",\"datePublished\":\"2021-10-04T06:59:32+00:00\",\"dateModified\":\"2025-09-02T11:57:08+00:00\",\"description\":\"Easily buy GBP online in Germany with Glob Documents. Secure, fast, and reliable service for ordering British pounds at your convenience.\",\"breadcrumb\":{\"@id\":\"https:\/\/globdocuments.com\/bg\/produkt\/buy-fake-gbp-bills\/#breadcrumb\"},\"inLanguage\":\"fr-FR\",\"potentialAction\":[{\"@type\":\"ReadAction\",\"target\":[\"https:\/\/globdocuments.com\/bg\/produkt\/buy-fake-gbp-bills\/\"]}]},{\"@type\":\"ImageObject\",\"inLanguage\":\"fr-FR\",\"@id\":\"https:\/\/globdocuments.com\/bg\/produkt\/buy-fake-gbp-bills\/#primaryimage\",\"url\":\"https:\/\/globdocuments.com\/wp-content\/uploads\/2021\/10\/2-1.png\",\"contentUrl\":\"https:\/\/globdocuments.com\/wp-content\/uploads\/2021\/10\/2-1.png\",\"width\":450,\"height\":450,\"caption\":\"BUY FAKE GBP BILLS\"},{\"@type\":\"BreadcrumbList\",\"@id\":\"https:\/\/globdocuments.com\/bg\/produkt\/buy-fake-gbp-bills\/#breadcrumb\",\"itemListElement\":[{\"@type\":\"ListItem\",\"position\":1,\"name\":\"Shop\",\"item\":\"https:\/\/globdocuments.com\/shop\/\"},{\"@type\":\"ListItem\",\"position\":2,\"name\":\"BUY FAKE GBP BILLS\"}]},{\"@type\":\"WebSite\",\"@id\":\"https:\/\/globdocuments.com\/#website\",\"url\":\"https:\/\/globdocuments.com\/\",\"name\":\"\",\"description\":\"Buy real fake documents online\",\"potentialAction\":[{\"@type\":\"SearchAction\",\"target\":{\"@type\":\"EntryPoint\",\"urlTemplate\":\"https:\/\/globdocuments.com\/?s={search_term_string}\"},\"query-input\":{\"@type\":\"PropertyValueSpecification\",\"valueRequired\":true,\"valueName\":\"search_term_string\"}}],\"inLanguage\":\"fr-FR\"}]}<\/script>\n<!-- \/ Yoast SEO plugin. -->","yoast_head_json":{"title":"Order GBP Online in Germany | Glob Documents","description":"Easily buy GBP online in Germany with Glob Documents. Secure, fast, and reliable service for ordering British pounds at your convenience.","robots":{"index":"index","follow":"follow","max-snippet":"max-snippet:-1","max-image-preview":"max-image-preview:large","max-video-preview":"max-video-preview:-1"},"canonical":"https:\/\/globdocuments.com\/fr\/produkt\/buy-fake-gbp-bills\/","og_locale":"fr_FR","og_type":"article","og_title":"Order GBP Online in Germany | Glob Documents","og_description":"Easily buy GBP online in Germany with Glob Documents. Secure, fast, and reliable service for ordering British pounds at your convenience.","og_url":"https:\/\/globdocuments.com\/fr\/produkt\/buy-fake-gbp-bills\/","article_modified_time":"2025-09-02T11:57:08+00:00","og_image":[{"width":450,"height":450,"url":"https:\/\/globdocuments.com\/wp-content\/uploads\/2021\/10\/2-1.png","type":"image\/png"}],"twitter_card":"summary_large_image","twitter_misc":{"Dur\u00e9e de lecture estim\u00e9e":"3 minutes"},"schema":{"@context":"https:\/\/schema.org","@graph":[{"@type":"WebPage","@id":"https:\/\/globdocuments.com\/bg\/produkt\/buy-fake-gbp-bills\/","url":"https:\/\/globdocuments.com\/bg\/produkt\/buy-fake-gbp-bills\/","name":"Order GBP Online in Germany | Glob Documents","isPartOf":{"@id":"https:\/\/globdocuments.com\/#website"},"primaryImageOfPage":{"@id":"https:\/\/globdocuments.com\/bg\/produkt\/buy-fake-gbp-bills\/#primaryimage"},"image":{"@id":"https:\/\/globdocuments.com\/bg\/produkt\/buy-fake-gbp-bills\/#primaryimage"},"thumbnailUrl":"https:\/\/globdocuments.com\/wp-content\/uploads\/2021\/10\/2-1.png","datePublished":"2021-10-04T06:59:32+00:00","dateModified":"2025-09-02T11:57:08+00:00","description":"Easily buy GBP online in Germany with Glob Documents. Secure, fast, and reliable service for ordering British pounds at your convenience.","breadcrumb":{"@id":"https:\/\/globdocuments.com\/bg\/produkt\/buy-fake-gbp-bills\/#breadcrumb"},"inLanguage":"fr-FR","potentialAction":[{"@type":"ReadAction","target":["https:\/\/globdocuments.com\/bg\/produkt\/buy-fake-gbp-bills\/"]}]},{"@type":"ImageObject","inLanguage":"fr-FR","@id":"https:\/\/globdocuments.com\/bg\/produkt\/buy-fake-gbp-bills\/#primaryimage","url":"https:\/\/globdocuments.com\/wp-content\/uploads\/2021\/10\/2-1.png","contentUrl":"https:\/\/globdocuments.com\/wp-content\/uploads\/2021\/10\/2-1.png","width":450,"height":450,"caption":"BUY FAKE GBP BILLS"},{"@type":"BreadcrumbList","@id":"https:\/\/globdocuments.com\/bg\/produkt\/buy-fake-gbp-bills\/#breadcrumb","itemListElement":[{"@type":"ListItem","position":1,"name":"Shop","item":"https:\/\/globdocuments.com\/shop\/"},{"@type":"ListItem","position":2,"name":"BUY FAKE GBP BILLS"}]},{"@type":"WebSite","@id":"https:\/\/globdocuments.com\/#website","url":"https:\/\/globdocuments.com\/","name":"","description":"Acheter de vrais faux documents en ligne","potentialAction":[{"@type":"SearchAction","target":{"@type":"EntryPoint","urlTemplate":"https:\/\/globdocuments.com\/?s={search_term_string}"},"query-input":{"@type":"PropertyValueSpecification","valueRequired":true,"valueName":"search_term_string"}}],"inLanguage":"fr-FR"}]}},"_links":{"self":[{"href":"https:\/\/globdocuments.com\/fr\/wp-json\/wp\/v2\/product\/191","targetHints":{"allow":["GET"]}}],"collection":[{"href":"https:\/\/globdocuments.com\/fr\/wp-json\/wp\/v2\/product"}],"about":[{"href":"https:\/\/globdocuments.com\/fr\/wp-json\/wp\/v2\/types\/product"}],"replies":[{"embeddable":true,"href":"https:\/\/globdocuments.com\/fr\/wp-json\/wp\/v2\/comments?post=191"}],"wp:featuredmedia":[{"embeddable":true,"href":"https:\/\/globdocuments.com\/fr\/wp-json\/wp\/v2\/media\/210"}],"wp:attachment":[{"href":"https:\/\/globdocuments.com\/fr\/wp-json\/wp\/v2\/media?parent=191"}],"wp:term":[{"taxonomy":"product_brand","embeddable":true,"href":"https:\/\/globdocuments.com\/fr\/wp-json\/wp\/v2\/product_brand?post=191"},{"taxonomy":"product_cat","embeddable":true,"href":"https:\/\/globdocuments.com\/fr\/wp-json\/wp\/v2\/product_cat?post=191"},{"taxonomy":"product_tag","embeddable":true,"href":"https:\/\/globdocuments.com\/fr\/wp-json\/wp\/v2\/product_tag?post=191"}],"curies":[{"name":"wp","href":"https:\/\/api.w.org\/{rel}","templated":true}]}}