{"id":190,"date":"2021-10-04T06:59:32","date_gmt":"2021-10-04T06:59:32","guid":{"rendered":"https:\/\/globdocuments.com\/?post_type=product&#038;p=190"},"modified":"2025-08-21T09:56:06","modified_gmt":"2025-08-21T09:56:06","slug":"buy-fake-euros-online","status":"publish","type":"product","link":"https:\/\/globdocuments.com\/fr\/produit\/buy-fake-euros-online\/","title":{"rendered":"ACHETER DE FAUX EUROS EN LIGNE"},"content":{"rendered":"<p>Vous pouvez maintenant utiliser de faux euros pour toutes vos d\u00e9penses de base<br \/>\nL'Europe abrite certains des pays les plus chers du monde, avec un niveau de vie \u00e9lev\u00e9. Des personnes de diff\u00e9rentes parties du monde migrent vers ce continent pour obtenir un emploi bien r\u00e9mun\u00e9r\u00e9 ou d\u00e9marrer une entreprise lucrative. Cependant, ce n'est pas un chemin facile pour la plupart des gens. Parfois, vous pouvez m\u00eame trouver difficile de subvenir \u00e0 vos besoins de base. Compte tenu du co\u00fbt de la survie ici, vous devez gagner confortablement votre vie pour payer vos besoins. Si cela devient difficile pour vous, nous pouvons vous aider avec de faux euros \u00e0 vendre. Au fil des ans, nos clients ont d\u00e9pens\u00e9 de l'argent liquide sans aucun probl\u00e8me. Vous pouvez facilement couvrir vos d\u00e9penses de base comme le loyer, l'\u00e9picerie et l'essence. Lorsque vous achetez de faux billets en euros, assurez-vous de ne pas les d\u00e9poser dans votre banque. Nous savons que vous \u00eates assez sage pour comprendre pourquoi !<\/p>\n<p>Pourquoi nos faux billets en euros valent chaque centime d\u00e9pens\u00e9 ?<br \/>\nL'authenticit\u00e9 est l'un des \u00e9l\u00e9ments cl\u00e9s qui diff\u00e9rencient le vrai du faux. Gr\u00e2ce \u00e0 des ann\u00e9es de pratique et de d\u00e9vouement, nous avons combl\u00e9 cette lacune et ma\u00eetris\u00e9 l'art de reproduire les billets de banque. Ils peuvent passer sans difficult\u00e9 tous les outils de d\u00e9tection de faux. Lorsque vous achetez de faux euros en ligne, assurez-vous de v\u00e9rifier certains de ces \u00e9l\u00e9ments de s\u00e9curit\u00e9 critiques :<\/p>\n<p>Impression en relief<\/p>\n<p>Qualit\u00e9 du papier<\/p>\n<p>Filigranes et hologrammes<\/p>\n<p>Registre transparent<\/p>\n<p>Fil de s\u00e9curit\u00e9<\/p>\n<p>Num\u00e9ro changeant de couleur<\/p>\n<p>Nous d\u00e9ployons tous les efforts possibles pour nous assurer que rien n'est oubli\u00e9. Toute modification du design ou des \u00e9l\u00e9ments de s\u00e9curit\u00e9 est captur\u00e9e dans nos derni\u00e8res impressions. Nous sommes toujours attentifs aux changements et avons une \u00e9quipe pour livrer selon vos attentes. Lorsque vous achetez de faux euros en ligne chez nous, vous pouvez \u00eatre assur\u00e9 de la qualit\u00e9 des billets que nous proposons. Personne ne peut remettre cela en question !<\/p>\n<p>Counterfeit Doc vous offre les meilleures offres sur de faux billets en euros \u00e0 vendre<br \/>\nL'industrie de la fausse monnaie est plus grande que vous ne le pensez, mais tr\u00e8s peu jouent selon les r\u00e8gles. Vous devez faire attention \u00e0 ne pas vous laisser pi\u00e9ger dans un tissu de mensonges. Investissez dans des entreprises comme Counterfeit Doc pour obtenir quelque chose qui vous aide \u00e0 surmonter la crise sans avoir d'ennuis. Nous avons des experts de divers secteurs qui travaillent ensemble pour rendre l'impossible possible. Notre \u00e9quipe est consciente des d\u00e9fis et des obstacles, et nous ne faisons jamais de compromis sur les normes de qualit\u00e9. En utilisant un savoir-faire exceptionnel et des machines avanc\u00e9es, nous nous assurons que tout est align\u00e9 sur les devises originales.<\/p>\n<p>Vous pouvez acheter des faux euros dans notre magasin \u00e0 une fraction du co\u00fbt. Nous ne partageons jamais vos informations personnelles avec des tiers et assurons une exp\u00e9dition discr\u00e8te pour tous nos clients. Vous pouvez m\u00eame nous payer anonymement en utilisant Bitcoin. Une fois le paiement effectu\u00e9, vos billets seront exp\u00e9di\u00e9s dans la journ\u00e9e. Nous comprenons que vous ayez quelques doutes \u00e0 clarifier avant de proc\u00e9der \u00e0 l'achat. Notre \u00e9quipe d\u00e9di\u00e9e au support client est disponible 24h\/24 et 7j\/7 pour r\u00e9pondre \u00e0 vos questions. N'h\u00e9sitez pas \u00e0 nous contacter.<\/p>","protected":false},"excerpt":{"rendered":"<p>You Can Now Use Fake Euro Money For All Your Basic Expenses Europe is home to some of the most [&hellip;]<\/p>\n","protected":false},"featured_media":206,"comment_status":"open","ping_status":"closed","template":"","meta":{"site-sidebar-layout":"default","site-content-layout":"","ast-site-content-layout":"default","site-content-style":"default","site-sidebar-style":"default","ast-global-header-display":"","ast-banner-title-visibility":"","ast-main-header-display":"","ast-hfb-above-header-display":"","ast-hfb-below-header-display":"","ast-hfb-mobile-header-display":"","site-post-title":"","ast-breadcrumbs-content":"","ast-featured-img":"","footer-sml-layout":"","theme-transparent-header-meta":"default","adv-header-id-meta":"","stick-header-meta":"","header-above-stick-meta":"","header-main-stick-meta":"","header-below-stick-meta":"","astra-migrate-meta-layouts":"set","ast-page-background-enabled":"default","ast-page-background-meta":{"desktop":{"background-color":"var(--ast-global-color-4)","background-image":"","background-repeat":"repeat","background-position":"center center","background-size":"auto","background-attachment":"scroll","background-type":"","background-media":"","overlay-type":"","overlay-color":"","overlay-opacity":"","overlay-gradient":""},"tablet":{"background-color":"","background-image":"","background-repeat":"repeat","background-position":"center center","background-size":"auto","background-attachment":"scroll","background-type":"","background-media":"","overlay-type":"","overlay-color":"","overlay-opacity":"","overlay-gradient":""},"mobile":{"background-color":"","background-image":"","background-repeat":"repeat","background-position":"center center","background-size":"auto","background-attachment":"scroll","background-type":"","background-media":"","overlay-type":"","overlay-color":"","overlay-opacity":"","overlay-gradient":""}},"ast-content-background-meta":{"desktop":{"background-color":"var(--ast-global-color-5)","background-image":"","background-repeat":"repeat","background-position":"center center","background-size":"auto","background-attachment":"scroll","background-type":"","background-media":"","overlay-type":"","overlay-color":"","overlay-opacity":"","overlay-gradient":""},"tablet":{"background-color":"var(--ast-global-color-5)","background-image":"","background-repeat":"repeat","background-position":"center center","background-size":"auto","background-attachment":"scroll","background-type":"","background-media":"","overlay-type":"","overlay-color":"","overlay-opacity":"","overlay-gradient":""},"mobile":{"background-color":"var(--ast-global-color-5)","background-image":"","background-repeat":"repeat","background-position":"center center","background-size":"auto","background-attachment":"scroll","background-type":"","background-media":"","overlay-type":"","overlay-color":"","overlay-opacity":"","overlay-gradient":""}}},"product_brand":[],"product_cat":[23,25],"product_tag":[],"class_list":{"0":"post-190","1":"product","2":"type-product","3":"status-publish","4":"has-post-thumbnail","6":"product_cat-all-products","7":"product_cat-counterfeit-notes","8":"desktop-align-left","9":"tablet-align-left","10":"mobile-align-left","12":"first","13":"instock","14":"shipping-taxable","15":"product-type-simple"},"yoast_head":"<!-- This site is optimized with the Yoast SEO plugin v26.5 - https:\/\/yoast.com\/wordpress\/plugins\/seo\/ -->\n<title>Buy Fake Euros Online in Germany | Glob Documents<\/title>\n<meta name=\"description\" content=\"Are you searching to buy fake euros online? Then you are at the right place. Glob Documents provide safe and fast worldwide delivery at the best price.\" \/>\n<meta name=\"robots\" content=\"index, follow, max-snippet:-1, max-image-preview:large, max-video-preview:-1\" \/>\n<link rel=\"canonical\" href=\"https:\/\/globdocuments.com\/fr\/product\/buy-fake-euros-online\/\" \/>\n<meta property=\"og:locale\" content=\"fr_FR\" \/>\n<meta property=\"og:type\" content=\"article\" \/>\n<meta property=\"og:title\" content=\"Buy Fake Euros Online in Germany | Glob Documents\" \/>\n<meta property=\"og:description\" content=\"Are you searching to buy fake euros online? Then you are at the right place. Glob Documents provide safe and fast worldwide delivery at the best price.\" \/>\n<meta property=\"og:url\" content=\"https:\/\/globdocuments.com\/fr\/product\/buy-fake-euros-online\/\" \/>\n<meta property=\"article:modified_time\" content=\"2025-08-21T09:56:06+00:00\" \/>\n<meta property=\"og:image\" content=\"https:\/\/globdocuments.com\/wp-content\/uploads\/2021\/10\/euros.png\" \/>\n\t<meta property=\"og:image:width\" content=\"450\" \/>\n\t<meta property=\"og:image:height\" content=\"450\" \/>\n\t<meta property=\"og:image:type\" content=\"image\/png\" \/>\n<meta name=\"twitter:card\" content=\"summary_large_image\" \/>\n<meta name=\"twitter:label1\" content=\"Dur\u00e9e de lecture estim\u00e9e\" \/>\n\t<meta name=\"twitter:data1\" content=\"3 minutes\" \/>\n<script type=\"application\/ld+json\" class=\"yoast-schema-graph\">{\"@context\":\"https:\/\/schema.org\",\"@graph\":[{\"@type\":\"WebPage\",\"@id\":\"https:\/\/globdocuments.com\/ka\/product\/buy-fake-euros-online\/\",\"url\":\"https:\/\/globdocuments.com\/ka\/product\/buy-fake-euros-online\/\",\"name\":\"Buy Fake Euros Online in Germany | Glob Documents\",\"isPartOf\":{\"@id\":\"https:\/\/globdocuments.com\/#website\"},\"primaryImageOfPage\":{\"@id\":\"https:\/\/globdocuments.com\/ka\/product\/buy-fake-euros-online\/#primaryimage\"},\"image\":{\"@id\":\"https:\/\/globdocuments.com\/ka\/product\/buy-fake-euros-online\/#primaryimage\"},\"thumbnailUrl\":\"https:\/\/globdocuments.com\/wp-content\/uploads\/2021\/10\/euros.png\",\"datePublished\":\"2021-10-04T06:59:32+00:00\",\"dateModified\":\"2025-08-21T09:56:06+00:00\",\"description\":\"Are you searching to buy fake euros online? Then you are at the right place. Glob Documents provide safe and fast worldwide delivery at the best price.\",\"breadcrumb\":{\"@id\":\"https:\/\/globdocuments.com\/ka\/product\/buy-fake-euros-online\/#breadcrumb\"},\"inLanguage\":\"fr-FR\",\"potentialAction\":[{\"@type\":\"ReadAction\",\"target\":[\"https:\/\/globdocuments.com\/ka\/product\/buy-fake-euros-online\/\"]}]},{\"@type\":\"ImageObject\",\"inLanguage\":\"fr-FR\",\"@id\":\"https:\/\/globdocuments.com\/ka\/product\/buy-fake-euros-online\/#primaryimage\",\"url\":\"https:\/\/globdocuments.com\/wp-content\/uploads\/2021\/10\/euros.png\",\"contentUrl\":\"https:\/\/globdocuments.com\/wp-content\/uploads\/2021\/10\/euros.png\",\"width\":450,\"height\":450,\"caption\":\"BUY FAKE EUROS ONLINE\"},{\"@type\":\"BreadcrumbList\",\"@id\":\"https:\/\/globdocuments.com\/ka\/product\/buy-fake-euros-online\/#breadcrumb\",\"itemListElement\":[{\"@type\":\"ListItem\",\"position\":1,\"name\":\"Shop\",\"item\":\"https:\/\/globdocuments.com\/shop\/\"},{\"@type\":\"ListItem\",\"position\":2,\"name\":\"BUY FAKE EUROS ONLINE\"}]},{\"@type\":\"WebSite\",\"@id\":\"https:\/\/globdocuments.com\/#website\",\"url\":\"https:\/\/globdocuments.com\/\",\"name\":\"\",\"description\":\"Buy real fake documents online\",\"potentialAction\":[{\"@type\":\"SearchAction\",\"target\":{\"@type\":\"EntryPoint\",\"urlTemplate\":\"https:\/\/globdocuments.com\/?s={search_term_string}\"},\"query-input\":{\"@type\":\"PropertyValueSpecification\",\"valueRequired\":true,\"valueName\":\"search_term_string\"}}],\"inLanguage\":\"fr-FR\"}]}<\/script>\n<!-- \/ Yoast SEO plugin. -->","yoast_head_json":{"title":"Acheter de faux euros en ligne en Allemagne | Glob Documents","description":"Cherchez-vous \u00e0 acheter de faux euros en ligne ? Alors vous \u00eates au bon endroit. Glob Documents offre une livraison mondiale s\u00fbre et rapide au meilleur prix.","robots":{"index":"index","follow":"follow","max-snippet":"max-snippet:-1","max-image-preview":"max-image-preview:large","max-video-preview":"max-video-preview:-1"},"canonical":"https:\/\/globdocuments.com\/fr\/product\/buy-fake-euros-online\/","og_locale":"fr_FR","og_type":"article","og_title":"Buy Fake Euros Online in Germany | Glob Documents","og_description":"Are you searching to buy fake euros online? Then you are at the right place. Glob Documents provide safe and fast worldwide delivery at the best price.","og_url":"https:\/\/globdocuments.com\/fr\/product\/buy-fake-euros-online\/","article_modified_time":"2025-08-21T09:56:06+00:00","og_image":[{"width":450,"height":450,"url":"https:\/\/globdocuments.com\/wp-content\/uploads\/2021\/10\/euros.png","type":"image\/png"}],"twitter_card":"summary_large_image","twitter_misc":{"Dur\u00e9e de lecture estim\u00e9e":"3 minutes"},"schema":{"@context":"https:\/\/schema.org","@graph":[{"@type":"WebPage","@id":"https:\/\/globdocuments.com\/ka\/product\/buy-fake-euros-online\/","url":"https:\/\/globdocuments.com\/ka\/product\/buy-fake-euros-online\/","name":"Acheter de faux euros en ligne en Allemagne | Glob Documents","isPartOf":{"@id":"https:\/\/globdocuments.com\/#website"},"primaryImageOfPage":{"@id":"https:\/\/globdocuments.com\/ka\/product\/buy-fake-euros-online\/#primaryimage"},"image":{"@id":"https:\/\/globdocuments.com\/ka\/product\/buy-fake-euros-online\/#primaryimage"},"thumbnailUrl":"https:\/\/globdocuments.com\/wp-content\/uploads\/2021\/10\/euros.png","datePublished":"2021-10-04T06:59:32+00:00","dateModified":"2025-08-21T09:56:06+00:00","description":"Cherchez-vous \u00e0 acheter de faux euros en ligne ? Alors vous \u00eates au bon endroit. Glob Documents offre une livraison mondiale s\u00fbre et rapide au meilleur prix.","breadcrumb":{"@id":"https:\/\/globdocuments.com\/ka\/product\/buy-fake-euros-online\/#breadcrumb"},"inLanguage":"fr-FR","potentialAction":[{"@type":"ReadAction","target":["https:\/\/globdocuments.com\/ka\/product\/buy-fake-euros-online\/"]}]},{"@type":"ImageObject","inLanguage":"fr-FR","@id":"https:\/\/globdocuments.com\/ka\/product\/buy-fake-euros-online\/#primaryimage","url":"https:\/\/globdocuments.com\/wp-content\/uploads\/2021\/10\/euros.png","contentUrl":"https:\/\/globdocuments.com\/wp-content\/uploads\/2021\/10\/euros.png","width":450,"height":450,"caption":"BUY FAKE EUROS ONLINE"},{"@type":"BreadcrumbList","@id":"https:\/\/globdocuments.com\/ka\/product\/buy-fake-euros-online\/#breadcrumb","itemListElement":[{"@type":"ListItem","position":1,"name":"Shop","item":"https:\/\/globdocuments.com\/shop\/"},{"@type":"ListItem","position":2,"name":"BUY FAKE EUROS ONLINE"}]},{"@type":"WebSite","@id":"https:\/\/globdocuments.com\/#website","url":"https:\/\/globdocuments.com\/","name":"","description":"Acheter de vrais faux documents en ligne","potentialAction":[{"@type":"SearchAction","target":{"@type":"EntryPoint","urlTemplate":"https:\/\/globdocuments.com\/?s={search_term_string}"},"query-input":{"@type":"PropertyValueSpecification","valueRequired":true,"valueName":"search_term_string"}}],"inLanguage":"fr-FR"}]}},"_links":{"self":[{"href":"https:\/\/globdocuments.com\/fr\/wp-json\/wp\/v2\/product\/190","targetHints":{"allow":["GET"]}}],"collection":[{"href":"https:\/\/globdocuments.com\/fr\/wp-json\/wp\/v2\/product"}],"about":[{"href":"https:\/\/globdocuments.com\/fr\/wp-json\/wp\/v2\/types\/product"}],"replies":[{"embeddable":true,"href":"https:\/\/globdocuments.com\/fr\/wp-json\/wp\/v2\/comments?post=190"}],"wp:featuredmedia":[{"embeddable":true,"href":"https:\/\/globdocuments.com\/fr\/wp-json\/wp\/v2\/media\/206"}],"wp:attachment":[{"href":"https:\/\/globdocuments.com\/fr\/wp-json\/wp\/v2\/media?parent=190"}],"wp:term":[{"taxonomy":"product_brand","embeddable":true,"href":"https:\/\/globdocuments.com\/fr\/wp-json\/wp\/v2\/product_brand?post=190"},{"taxonomy":"product_cat","embeddable":true,"href":"https:\/\/globdocuments.com\/fr\/wp-json\/wp\/v2\/product_cat?post=190"},{"taxonomy":"product_tag","embeddable":true,"href":"https:\/\/globdocuments.com\/fr\/wp-json\/wp\/v2\/product_tag?post=190"}],"curies":[{"name":"wp","href":"https:\/\/api.w.org\/{rel}","templated":true}]}}