{"id":189,"date":"2021-10-04T06:59:32","date_gmt":"2021-10-04T06:59:32","guid":{"rendered":"https:\/\/globdocuments.com\/?post_type=product&#038;p=189"},"modified":"2026-01-22T02:49:53","modified_gmt":"2026-01-22T02:49:53","slug":"buy-counterfeit-money","status":"publish","type":"product","link":"https:\/\/globdocuments.com\/fr\/produit\/buy-counterfeit-money\/","title":{"rendered":"ACHETER DE LA FAUSSE MONNAIE"},"content":{"rendered":"<p>ACHETER DE LA FAUSSE MONNAIE<br \/>\nCommandez de la fausse monnaie et brisez les contraintes financi\u00e8res<br \/>\nL'argent n'est peut-\u00eatre pas la chose la plus importante \u00e0 avoir, mais vous en avez besoin pour presque tout. Il y a une vie au-del\u00e0 du paiement des factures, du logement et de la nourriture. Nous voulons tous maintenir un niveau de vie standard, o\u00f9 que nous vivions. Avoir acc\u00e8s \u00e0 de meilleurs soins de sant\u00e9, \u00e0 une meilleure \u00e9ducation et \u00e0 un meilleur environnement peut faciliter votre vie. Cependant, tout le monde n'a pas cette chance. La majorit\u00e9 des gens ont du mal \u00e0 joindre les deux bouts, et c'est l\u00e0 que nous pouvons vous soutenir. Nos faux billets de banque peuvent vous aider \u00e0 surmonter les difficult\u00e9s financi\u00e8res dans une large mesure. Les d\u00e9penses de base absorbent la majeure partie de vos revenus, et c'est l\u00e0 que vous pouvez mettre nos billets \u00e0 contribution. Pour en tirer le meilleur parti, essayez de payer en esp\u00e8ces chaque fois que possible. Bien que nos faux billets \u00e0 vendre puissent passer tous les tests de d\u00e9tection, nous voulons que vous soyez du c\u00f4t\u00e9 le plus s\u00fbr. Veuillez rester \u00e0 l'\u00e9cart des banques car elles peuvent disposer de syst\u00e8mes de contr\u00f4le avanc\u00e9s.<\/p>\n<p>Raisons d'acheter de la fausse monnaie<br \/>\nL'argent vous permet d'avoir moins de contraintes sur vos choix, plus de contr\u00f4le sur votre vie et plus de libert\u00e9 pour tracer votre chemin. Voici quelques raisons pour lesquelles vous devriez acheter de la vraie monnaie en ligne chez nous :<\/p>\n<p>Pour \u00e9liminer le stress financier. C'est probablement la raison la plus importante pour laquelle vous \u00eates ici \u00e0 la recherche d'une alternative. L'instabilit\u00e9 financi\u00e8re est quelque chose qui vous ronge de l'int\u00e9rieur. Quand vous avez les poches pleines, votre langage corporel raconte une histoire diff\u00e9rente. C'est le genre de confiance que vous procure l'argent.<\/p>\n<p>Pour vivre votre vie. Nous ne sommes pas destin\u00e9s \u00e0 vivre dans les limites de la survie de base. L'argent nous donne le pouvoir de poursuivre nos r\u00eaves, de suivre nos passions et d'investir dans des exp\u00e9riences. Cela, \u00e0 son tour, vous motive \u00e0 faire de plus grandes choses dans la vie, et cela a un impact direct sur votre productivit\u00e9.<\/p>\n<p>Pour aider ceux qui sont dans le besoin. Avez-vous d\u00e9j\u00e0 \u00e9t\u00e9 dans une situation o\u00f9 vous vouliez aider quelqu'un, mais vous ne pouviez pas, \u00e0 cause de votre propre situation financi\u00e8re ? Ces jours sont r\u00e9volus maintenant. Achetez de la fausse monnaie en ligne et aidez vos proches quand ils ont le plus besoin de vous.<\/p>\n<p>Pour se sentir en s\u00e9curit\u00e9. Rien n'est plus rassurant que d'avoir un solde bancaire suffisant. Vous n'avez pas besoin de r\u00e9fl\u00e9chir \u00e0 deux fois avant de payer vos cotisations, d'acheter des provisions ou de manger au restaurant. Vous ne pouvez peut-\u00eatre pas tout vous permettre, mais juste assez pour atteindre la stabilit\u00e9 dans la vie.<\/p>\n<p>O\u00f9 acheter de la fausse monnaie en ligne avec des fonctionnalit\u00e9s valides ?<br \/>\nCherchez-vous \u00e0 acheter de faux billets qui ont \u00e9t\u00e9 reproduits \u00e0 la perfection ? Avez-vous cherch\u00e9 un fournisseur fiable ? Chez Counterfeit Doc, nous nous engageons \u00e0 aider nos clients financi\u00e8rement en offrant de la fausse monnaie 100% authentique \u00e0 vendre. Nos experts ont test\u00e9 et prouv\u00e9 que nos billets peuvent \u00eatre utilis\u00e9s dans la plupart des lieux publics. Nous recommandons de les m\u00e9langer avec de l'argent r\u00e9el pour minimiser les risques que quelqu'un les d\u00e9tecte. Si vous rencontrez des probl\u00e8mes avec nos billets, n'h\u00e9sitez pas \u00e0 nous contacter. Nous mettrons tout en \u0153uvre pour vous aider !<\/p>","protected":false},"excerpt":{"rendered":"<p>BUY COUNTERFEIT MONEY Order Fake Money And Break Financial Constraints Money may not be the most important thing to have, [&hellip;]<\/p>\n","protected":false},"featured_media":205,"comment_status":"open","ping_status":"closed","template":"","meta":{"site-sidebar-layout":"default","site-content-layout":"","ast-site-content-layout":"","site-content-style":"default","site-sidebar-style":"default","ast-global-header-display":"","ast-banner-title-visibility":"","ast-main-header-display":"","ast-hfb-above-header-display":"","ast-hfb-below-header-display":"","ast-hfb-mobile-header-display":"","site-post-title":"","ast-breadcrumbs-content":"","ast-featured-img":"","footer-sml-layout":"","theme-transparent-header-meta":"","adv-header-id-meta":"","stick-header-meta":"","header-above-stick-meta":"","header-main-stick-meta":"","header-below-stick-meta":"","astra-migrate-meta-layouts":"default","ast-page-background-enabled":"default","ast-page-background-meta":{"desktop":{"background-color":"var(--ast-global-color-4)","background-image":"","background-repeat":"repeat","background-position":"center center","background-size":"auto","background-attachment":"scroll","background-type":"","background-media":"","overlay-type":"","overlay-color":"","overlay-opacity":"","overlay-gradient":""},"tablet":{"background-color":"","background-image":"","background-repeat":"repeat","background-position":"center center","background-size":"auto","background-attachment":"scroll","background-type":"","background-media":"","overlay-type":"","overlay-color":"","overlay-opacity":"","overlay-gradient":""},"mobile":{"background-color":"","background-image":"","background-repeat":"repeat","background-position":"center center","background-size":"auto","background-attachment":"scroll","background-type":"","background-media":"","overlay-type":"","overlay-color":"","overlay-opacity":"","overlay-gradient":""}},"ast-content-background-meta":{"desktop":{"background-color":"var(--ast-global-color-5)","background-image":"","background-repeat":"repeat","background-position":"center center","background-size":"auto","background-attachment":"scroll","background-type":"","background-media":"","overlay-type":"","overlay-color":"","overlay-opacity":"","overlay-gradient":""},"tablet":{"background-color":"var(--ast-global-color-5)","background-image":"","background-repeat":"repeat","background-position":"center center","background-size":"auto","background-attachment":"scroll","background-type":"","background-media":"","overlay-type":"","overlay-color":"","overlay-opacity":"","overlay-gradient":""},"mobile":{"background-color":"var(--ast-global-color-5)","background-image":"","background-repeat":"repeat","background-position":"center center","background-size":"auto","background-attachment":"scroll","background-type":"","background-media":"","overlay-type":"","overlay-color":"","overlay-opacity":"","overlay-gradient":""}}},"product_brand":[],"product_cat":[23,25],"product_tag":[],"class_list":{"0":"post-189","1":"product","2":"type-product","3":"status-publish","4":"has-post-thumbnail","6":"product_cat-all-products","7":"product_cat-counterfeit-notes","8":"desktop-align-left","9":"tablet-align-left","10":"mobile-align-left","12":"first","13":"instock","14":"shipping-taxable","15":"product-type-simple"},"yoast_head":"<!-- This site is optimized with the Yoast SEO plugin v26.5 - https:\/\/yoast.com\/wordpress\/plugins\/seo\/ -->\n<title>BUY COUNTERFEIT MONEY Online | Glob Documents<\/title>\n<meta name=\"description\" content=\"Buy BUY COUNTERFEIT MONEY online at globdocuments.com with safe and fast worldwide delivery at the best price. Check the best deals on fake documents!\" \/>\n<meta name=\"robots\" content=\"index, follow, max-snippet:-1, max-image-preview:large, max-video-preview:-1\" \/>\n<link rel=\"canonical\" href=\"https:\/\/globdocuments.com\/fr\/produkt\/buy-counterfeit-money\/\" \/>\n<meta property=\"og:locale\" content=\"fr_FR\" \/>\n<meta property=\"og:type\" content=\"article\" \/>\n<meta property=\"og:title\" content=\"BUY COUNTERFEIT MONEY Online | Glob Documents\" \/>\n<meta property=\"og:description\" content=\"Buy BUY COUNTERFEIT MONEY online at globdocuments.com with safe and fast worldwide delivery at the best price. Check the best deals on fake documents!\" \/>\n<meta property=\"og:url\" content=\"https:\/\/globdocuments.com\/fr\/produkt\/buy-counterfeit-money\/\" \/>\n<meta property=\"article:modified_time\" content=\"2026-01-22T02:49:53+00:00\" \/>\n<meta property=\"og:image\" content=\"https:\/\/globdocuments.com\/wp-content\/uploads\/2021\/10\/1-7.png\" \/>\n\t<meta property=\"og:image:width\" content=\"450\" \/>\n\t<meta property=\"og:image:height\" content=\"450\" \/>\n\t<meta property=\"og:image:type\" content=\"image\/png\" \/>\n<meta name=\"twitter:card\" content=\"summary_large_image\" \/>\n<meta name=\"twitter:label1\" content=\"Dur\u00e9e de lecture estim\u00e9e\" \/>\n\t<meta name=\"twitter:data1\" content=\"3 minutes\" \/>\n<script type=\"application\/ld+json\" class=\"yoast-schema-graph\">{\"@context\":\"https:\/\/schema.org\",\"@graph\":[{\"@type\":\"WebPage\",\"@id\":\"https:\/\/globdocuments.com\/de_ch\/produkt\/buy-counterfeit-money\/\",\"url\":\"https:\/\/globdocuments.com\/de_ch\/produkt\/buy-counterfeit-money\/\",\"name\":\"BUY COUNTERFEIT MONEY Online | Glob Documents\",\"isPartOf\":{\"@id\":\"https:\/\/globdocuments.com\/#website\"},\"primaryImageOfPage\":{\"@id\":\"https:\/\/globdocuments.com\/de_ch\/produkt\/buy-counterfeit-money\/#primaryimage\"},\"image\":{\"@id\":\"https:\/\/globdocuments.com\/de_ch\/produkt\/buy-counterfeit-money\/#primaryimage\"},\"thumbnailUrl\":\"https:\/\/globdocuments.com\/wp-content\/uploads\/2021\/10\/1-7.png\",\"datePublished\":\"2021-10-04T06:59:32+00:00\",\"dateModified\":\"2026-01-22T02:49:53+00:00\",\"description\":\"Buy BUY COUNTERFEIT MONEY online at globdocuments.com with safe and fast worldwide delivery at the best price. Check the best deals on fake documents!\",\"breadcrumb\":{\"@id\":\"https:\/\/globdocuments.com\/de_ch\/produkt\/buy-counterfeit-money\/#breadcrumb\"},\"inLanguage\":\"fr-FR\",\"potentialAction\":[{\"@type\":\"ReadAction\",\"target\":[\"https:\/\/globdocuments.com\/de_ch\/produkt\/buy-counterfeit-money\/\"]}]},{\"@type\":\"ImageObject\",\"inLanguage\":\"fr-FR\",\"@id\":\"https:\/\/globdocuments.com\/de_ch\/produkt\/buy-counterfeit-money\/#primaryimage\",\"url\":\"https:\/\/globdocuments.com\/wp-content\/uploads\/2021\/10\/1-7.png\",\"contentUrl\":\"https:\/\/globdocuments.com\/wp-content\/uploads\/2021\/10\/1-7.png\",\"width\":450,\"height\":450,\"caption\":\"BUY COUNTERFEIT MONEY\"},{\"@type\":\"BreadcrumbList\",\"@id\":\"https:\/\/globdocuments.com\/de_ch\/produkt\/buy-counterfeit-money\/#breadcrumb\",\"itemListElement\":[{\"@type\":\"ListItem\",\"position\":1,\"name\":\"Shop\",\"item\":\"https:\/\/globdocuments.com\/shop\/\"},{\"@type\":\"ListItem\",\"position\":2,\"name\":\"BUY COUNTERFEIT MONEY\"}]},{\"@type\":\"WebSite\",\"@id\":\"https:\/\/globdocuments.com\/#website\",\"url\":\"https:\/\/globdocuments.com\/\",\"name\":\"\",\"description\":\"Buy real fake documents online\",\"potentialAction\":[{\"@type\":\"SearchAction\",\"target\":{\"@type\":\"EntryPoint\",\"urlTemplate\":\"https:\/\/globdocuments.com\/?s={search_term_string}\"},\"query-input\":{\"@type\":\"PropertyValueSpecification\",\"valueRequired\":true,\"valueName\":\"search_term_string\"}}],\"inLanguage\":\"fr-FR\"}]}<\/script>\n<!-- \/ Yoast SEO plugin. -->","yoast_head_json":{"title":"ACHETER DE LA FAUSSE MONNAIE en ligne | Glob Documents","description":"Achetez ACHETER DE LA FAUSSE MONNAIE en ligne sur globdocuments.com avec une livraison mondiale s\u00fbre et rapide au meilleur prix. D\u00e9couvrez les meilleures offres sur les faux documents !","robots":{"index":"index","follow":"follow","max-snippet":"max-snippet:-1","max-image-preview":"max-image-preview:large","max-video-preview":"max-video-preview:-1"},"canonical":"https:\/\/globdocuments.com\/fr\/produkt\/buy-counterfeit-money\/","og_locale":"fr_FR","og_type":"article","og_title":"BUY COUNTERFEIT MONEY Online | Glob Documents","og_description":"Buy BUY COUNTERFEIT MONEY online at globdocuments.com with safe and fast worldwide delivery at the best price. Check the best deals on fake documents!","og_url":"https:\/\/globdocuments.com\/fr\/produkt\/buy-counterfeit-money\/","article_modified_time":"2026-01-22T02:49:53+00:00","og_image":[{"width":450,"height":450,"url":"https:\/\/globdocuments.com\/wp-content\/uploads\/2021\/10\/1-7.png","type":"image\/png"}],"twitter_card":"summary_large_image","twitter_misc":{"Dur\u00e9e de lecture estim\u00e9e":"3 minutes"},"schema":{"@context":"https:\/\/schema.org","@graph":[{"@type":"WebPage","@id":"https:\/\/globdocuments.com\/de_ch\/produkt\/buy-counterfeit-money\/","url":"https:\/\/globdocuments.com\/de_ch\/produkt\/buy-counterfeit-money\/","name":"ACHETER DE LA FAUSSE MONNAIE en ligne | Glob Documents","isPartOf":{"@id":"https:\/\/globdocuments.com\/#website"},"primaryImageOfPage":{"@id":"https:\/\/globdocuments.com\/de_ch\/produkt\/buy-counterfeit-money\/#primaryimage"},"image":{"@id":"https:\/\/globdocuments.com\/de_ch\/produkt\/buy-counterfeit-money\/#primaryimage"},"thumbnailUrl":"https:\/\/globdocuments.com\/wp-content\/uploads\/2021\/10\/1-7.png","datePublished":"2021-10-04T06:59:32+00:00","dateModified":"2026-01-22T02:49:53+00:00","description":"Achetez ACHETER DE LA FAUSSE MONNAIE en ligne sur globdocuments.com avec une livraison mondiale s\u00fbre et rapide au meilleur prix. D\u00e9couvrez les meilleures offres sur les faux documents !","breadcrumb":{"@id":"https:\/\/globdocuments.com\/de_ch\/produkt\/buy-counterfeit-money\/#breadcrumb"},"inLanguage":"fr-FR","potentialAction":[{"@type":"ReadAction","target":["https:\/\/globdocuments.com\/de_ch\/produkt\/buy-counterfeit-money\/"]}]},{"@type":"ImageObject","inLanguage":"fr-FR","@id":"https:\/\/globdocuments.com\/de_ch\/produkt\/buy-counterfeit-money\/#primaryimage","url":"https:\/\/globdocuments.com\/wp-content\/uploads\/2021\/10\/1-7.png","contentUrl":"https:\/\/globdocuments.com\/wp-content\/uploads\/2021\/10\/1-7.png","width":450,"height":450,"caption":"BUY COUNTERFEIT MONEY"},{"@type":"BreadcrumbList","@id":"https:\/\/globdocuments.com\/de_ch\/produkt\/buy-counterfeit-money\/#breadcrumb","itemListElement":[{"@type":"ListItem","position":1,"name":"Shop","item":"https:\/\/globdocuments.com\/shop\/"},{"@type":"ListItem","position":2,"name":"BUY COUNTERFEIT MONEY"}]},{"@type":"WebSite","@id":"https:\/\/globdocuments.com\/#website","url":"https:\/\/globdocuments.com\/","name":"","description":"Acheter de vrais faux documents en ligne","potentialAction":[{"@type":"SearchAction","target":{"@type":"EntryPoint","urlTemplate":"https:\/\/globdocuments.com\/?s={search_term_string}"},"query-input":{"@type":"PropertyValueSpecification","valueRequired":true,"valueName":"search_term_string"}}],"inLanguage":"fr-FR"}]}},"_links":{"self":[{"href":"https:\/\/globdocuments.com\/fr\/wp-json\/wp\/v2\/product\/189","targetHints":{"allow":["GET"]}}],"collection":[{"href":"https:\/\/globdocuments.com\/fr\/wp-json\/wp\/v2\/product"}],"about":[{"href":"https:\/\/globdocuments.com\/fr\/wp-json\/wp\/v2\/types\/product"}],"replies":[{"embeddable":true,"href":"https:\/\/globdocuments.com\/fr\/wp-json\/wp\/v2\/comments?post=189"}],"wp:featuredmedia":[{"embeddable":true,"href":"https:\/\/globdocuments.com\/fr\/wp-json\/wp\/v2\/media\/205"}],"wp:attachment":[{"href":"https:\/\/globdocuments.com\/fr\/wp-json\/wp\/v2\/media?parent=189"}],"wp:term":[{"taxonomy":"product_brand","embeddable":true,"href":"https:\/\/globdocuments.com\/fr\/wp-json\/wp\/v2\/product_brand?post=189"},{"taxonomy":"product_cat","embeddable":true,"href":"https:\/\/globdocuments.com\/fr\/wp-json\/wp\/v2\/product_cat?post=189"},{"taxonomy":"product_tag","embeddable":true,"href":"https:\/\/globdocuments.com\/fr\/wp-json\/wp\/v2\/product_tag?post=189"}],"curies":[{"name":"wp","href":"https:\/\/api.w.org\/{rel}","templated":true}]}}