{"id":188,"date":"2021-10-04T06:59:32","date_gmt":"2021-10-04T06:59:32","guid":{"rendered":"https:\/\/globdocuments.com\/?post_type=product&#038;p=188"},"modified":"2025-09-02T11:56:29","modified_gmt":"2025-09-02T11:56:29","slug":"buy-canadian-dollars-online","status":"publish","type":"product","link":"https:\/\/globdocuments.com\/fr\/produit\/buy-canadian-dollars-online\/","title":{"rendered":"ACHETER DES DOLLARS CANADIENS EN LIGNE"},"content":{"rendered":"<p>ACHETER DES DOLLARS CANADIENS EN LIGNE<br \/>\nAchetez de fausses devises canadiennes pour pouvoir vous permettre tout ce que vous voulez<br \/>\nVivre dans un pays comme le Canada est le r\u00eave de tout le monde. Une \u00e9conomie saine, un environnement politique et commercial stable, une nature \u00e0 couper le souffle et bien d'autres avantages rendent cette destination extr\u00eamement attractive pour les immigrants. Malgr\u00e9 tous les avantages qu'elle offre, la Grande Nord Blanc est l'un des endroits les plus chers o\u00f9 vivre. Il pourrait y avoir quelques surprises si vous d\u00e9cidiez de repartir \u00e0 z\u00e9ro l\u00e0-bas. Les prix de la nourriture, des services publics et du logement pourraient vous prendre au d\u00e9pourvu. C'est exactement pourquoi vous devriez vous occuper de votre situation financi\u00e8re et commander de la fausse monnaie canadienne bien \u00e0 l'avance. D\u00e9m\u00e9nagez dans un nouveau pays sans vous soucier de la faillite. Avec nous, vous n'aurez pas besoin de penser \u00e0 joindre les deux bouts. Vous pouvez profiter de tout, des h\u00f4tels de luxe aux v\u00eatements chics et aux voitures de luxe.<\/p>\n<p>Counterfeit Doc r\u00e9alisera votre r\u00eave. Nous vendons de la fausse monnaie canadienne ind\u00e9tectable de qualit\u00e9 sup\u00e9rieure \u00e0 un prix avantageux. Nous vous aiderons \u00e0 vous remettre sur les rails et \u00e0 oublier la budg\u00e9tisation. Vous pourrez maintenant d\u00e9penser de l'argent librement sans penser aux cons\u00e9quences tout en profitant de votre vie dans ce magnifique pays.<\/p>\n<p>De faux billets canadiens qui font la diff\u00e9rence<br \/>\nNos faux billets ressemblent exactement aux vrais et comportent tous les m\u00eames \u00e9l\u00e9ments de s\u00e9curit\u00e9 sp\u00e9ciaux, y compris les rubans 3D, les filigranes, les fils de s\u00e9curit\u00e9 et les motifs \u00e0 lignes fines. De plus, nous utilisons des technologies d'impression et de gravure de premier ordre pour garantir que nos clients tirent le meilleur parti de leurs achats dans notre magasin. La seule diff\u00e9rence entre les vrais billets australiens et nos fausses devises est que ces derni\u00e8res ne sont pas \u00e9mises par la Banque Nationale, ce qui les rend non l\u00e9gitimes. \u00c0 vrai dire, tout argent n'est que du papier. Cependant, seul le gouvernement a le droit de d\u00e9cider s'il est l\u00e9gal ou non.<\/p>\n<p>Ici chez Counterfeit Doc, nous employons des sp\u00e9cialistes de classe mondiale qui utilisent toutes leurs connaissances et leur exp\u00e9rience pour produire de faux dollars canadiens d'une qualit\u00e9 supr\u00eame. Nos \u00e9quipements de pointe et innovants nous permettent de cr\u00e9er des produits de qualit\u00e9 sup\u00e9rieure conformes aux normes de qualit\u00e9 internationales. C'est pourquoi, lorsque vous magasinez chez Counterfeit Doc, vous pouvez \u00eatre absolument s\u00fbr que nos faux dollars canadiens \u00e0 vendre vous permettront de payer avec eux n'importe o\u00f9 sans craindre d'\u00eatre attrap\u00e9 par la police.<\/p>\n<p>Achetez de faux dollars canadiens dans notre magasin pour devenir financi\u00e8rement ind\u00e9pendant<br \/>\nLa monnaie que nous proposons est totalement s\u00fbre \u00e0 utiliser pour les raisons suivantes :<\/p>\n<p>Ils sont cr\u00e9\u00e9s \u00e0 partir du m\u00eame papier que la vraie monnaie (75 % coton et 25 % lin)<\/p>\n<p>Les sceaux et polices appropri\u00e9s des num\u00e9ros de s\u00e9rie sont utilis\u00e9s<\/p>\n<p>Des hologrammes, des fils m\u00e9talliques et des filigranes sont appliqu\u00e9s<\/p>\n<p>Ils passent tous les tests de s\u00e9curit\u00e9, y compris la lumi\u00e8re UV et les tests au stylo.<\/p>\n<p>Notre site Web a \u00e9t\u00e9 sp\u00e9cialement con\u00e7u pour vous offrir l'exp\u00e9rience de shopping la plus agr\u00e9able. Vous pouvez facilement choisir la devise dont vous avez besoin, le montant requis et passer votre commande en quelques \u00e9tapes simples. Il est facile et s\u00fbr d'acheter des dollars canadiens contrefaits chez nous. Nous offrons une livraison rapide, s\u00fbre et discr\u00e8te de nos faux dollars canadiens \u00e0 vendre directement \u00e0 votre porte. Notre entreprise garantit l'anonymat complet \u00e0 tous les clients pour leur tranquillit\u00e9 d'esprit. Nous prenons la s\u00e9curit\u00e9 tr\u00e8s au s\u00e9rieux, c'est pourquoi vous pouvez \u00eatre tranquille en sachant que votre confidentialit\u00e9 ne sera compromise d'aucune mani\u00e8re.<\/p>\n<p>Achetez de faux billets canadiens d'une qualit\u00e9 exceptionnelle et profitez de la meilleure version de votre vie.<\/p>","protected":false},"excerpt":{"rendered":"<p>BUY CANADIAN DOLLARS ONLINE Buy Fake Canadian Currencies To Be Able To Afford Anything You Want Living in a country [&hellip;]<\/p>\n","protected":false},"featured_media":204,"comment_status":"open","ping_status":"closed","template":"","meta":{"site-sidebar-layout":"default","site-content-layout":"","ast-site-content-layout":"default","site-content-style":"default","site-sidebar-style":"default","ast-global-header-display":"","ast-banner-title-visibility":"","ast-main-header-display":"","ast-hfb-above-header-display":"","ast-hfb-below-header-display":"","ast-hfb-mobile-header-display":"","site-post-title":"","ast-breadcrumbs-content":"","ast-featured-img":"","footer-sml-layout":"","theme-transparent-header-meta":"default","adv-header-id-meta":"","stick-header-meta":"","header-above-stick-meta":"","header-main-stick-meta":"","header-below-stick-meta":"","astra-migrate-meta-layouts":"set","ast-page-background-enabled":"default","ast-page-background-meta":{"desktop":{"background-color":"var(--ast-global-color-4)","background-image":"","background-repeat":"repeat","background-position":"center center","background-size":"auto","background-attachment":"scroll","background-type":"","background-media":"","overlay-type":"","overlay-color":"","overlay-opacity":"","overlay-gradient":""},"tablet":{"background-color":"","background-image":"","background-repeat":"repeat","background-position":"center center","background-size":"auto","background-attachment":"scroll","background-type":"","background-media":"","overlay-type":"","overlay-color":"","overlay-opacity":"","overlay-gradient":""},"mobile":{"background-color":"","background-image":"","background-repeat":"repeat","background-position":"center center","background-size":"auto","background-attachment":"scroll","background-type":"","background-media":"","overlay-type":"","overlay-color":"","overlay-opacity":"","overlay-gradient":""}},"ast-content-background-meta":{"desktop":{"background-color":"var(--ast-global-color-5)","background-image":"","background-repeat":"repeat","background-position":"center center","background-size":"auto","background-attachment":"scroll","background-type":"","background-media":"","overlay-type":"","overlay-color":"","overlay-opacity":"","overlay-gradient":""},"tablet":{"background-color":"var(--ast-global-color-5)","background-image":"","background-repeat":"repeat","background-position":"center center","background-size":"auto","background-attachment":"scroll","background-type":"","background-media":"","overlay-type":"","overlay-color":"","overlay-opacity":"","overlay-gradient":""},"mobile":{"background-color":"var(--ast-global-color-5)","background-image":"","background-repeat":"repeat","background-position":"center center","background-size":"auto","background-attachment":"scroll","background-type":"","background-media":"","overlay-type":"","overlay-color":"","overlay-opacity":"","overlay-gradient":""}}},"product_brand":[],"product_cat":[23,25],"product_tag":[],"class_list":{"0":"post-188","1":"product","2":"type-product","3":"status-publish","4":"has-post-thumbnail","6":"product_cat-all-products","7":"product_cat-counterfeit-notes","8":"desktop-align-left","9":"tablet-align-left","10":"mobile-align-left","12":"first","13":"instock","14":"shipping-taxable","15":"product-type-simple"},"yoast_head":"<!-- This site is optimized with the Yoast SEO plugin v26.5 - https:\/\/yoast.com\/wordpress\/plugins\/seo\/ -->\n<title>Shop canadian dollars online in Germany | Glob Documents<\/title>\n<meta name=\"description\" content=\"Buy canadian dollars online in Germany at Glob Documents with safe and fast worldwide delivery at the best price. Check the best deals on fake documents!\" \/>\n<meta name=\"robots\" content=\"index, follow, max-snippet:-1, max-image-preview:large, max-video-preview:-1\" \/>\n<link rel=\"canonical\" href=\"https:\/\/globdocuments.com\/fr\/producto\/buy-canadian-dollars-online\/\" \/>\n<meta property=\"og:locale\" content=\"fr_FR\" \/>\n<meta property=\"og:type\" content=\"article\" \/>\n<meta property=\"og:title\" content=\"Shop canadian dollars online in Germany | Glob Documents\" \/>\n<meta property=\"og:description\" content=\"Buy canadian dollars online in Germany at Glob Documents with safe and fast worldwide delivery at the best price. Check the best deals on fake documents!\" \/>\n<meta property=\"og:url\" content=\"https:\/\/globdocuments.com\/fr\/producto\/buy-canadian-dollars-online\/\" \/>\n<meta property=\"article:modified_time\" content=\"2025-09-02T11:56:29+00:00\" \/>\n<meta property=\"og:image\" content=\"https:\/\/globdocuments.com\/wp-content\/uploads\/2021\/10\/2.png\" \/>\n\t<meta property=\"og:image:width\" content=\"450\" \/>\n\t<meta property=\"og:image:height\" content=\"450\" \/>\n\t<meta property=\"og:image:type\" content=\"image\/png\" \/>\n<meta name=\"twitter:card\" content=\"summary_large_image\" \/>\n<meta name=\"twitter:label1\" content=\"Dur\u00e9e de lecture estim\u00e9e\" \/>\n\t<meta name=\"twitter:data1\" content=\"3 minutes\" \/>\n<script type=\"application\/ld+json\" class=\"yoast-schema-graph\">{\"@context\":\"https:\/\/schema.org\",\"@graph\":[{\"@type\":\"WebPage\",\"@id\":\"https:\/\/globdocuments.com\/es\/producto\/buy-canadian-dollars-online\/\",\"url\":\"https:\/\/globdocuments.com\/es\/producto\/buy-canadian-dollars-online\/\",\"name\":\"Shop canadian dollars online in Germany | Glob Documents\",\"isPartOf\":{\"@id\":\"https:\/\/globdocuments.com\/#website\"},\"primaryImageOfPage\":{\"@id\":\"https:\/\/globdocuments.com\/es\/producto\/buy-canadian-dollars-online\/#primaryimage\"},\"image\":{\"@id\":\"https:\/\/globdocuments.com\/es\/producto\/buy-canadian-dollars-online\/#primaryimage\"},\"thumbnailUrl\":\"https:\/\/globdocuments.com\/wp-content\/uploads\/2021\/10\/2.png\",\"datePublished\":\"2021-10-04T06:59:32+00:00\",\"dateModified\":\"2025-09-02T11:56:29+00:00\",\"description\":\"Buy canadian dollars online in Germany at Glob Documents with safe and fast worldwide delivery at the best price. Check the best deals on fake documents!\",\"breadcrumb\":{\"@id\":\"https:\/\/globdocuments.com\/es\/producto\/buy-canadian-dollars-online\/#breadcrumb\"},\"inLanguage\":\"fr-FR\",\"potentialAction\":[{\"@type\":\"ReadAction\",\"target\":[\"https:\/\/globdocuments.com\/es\/producto\/buy-canadian-dollars-online\/\"]}]},{\"@type\":\"ImageObject\",\"inLanguage\":\"fr-FR\",\"@id\":\"https:\/\/globdocuments.com\/es\/producto\/buy-canadian-dollars-online\/#primaryimage\",\"url\":\"https:\/\/globdocuments.com\/wp-content\/uploads\/2021\/10\/2.png\",\"contentUrl\":\"https:\/\/globdocuments.com\/wp-content\/uploads\/2021\/10\/2.png\",\"width\":450,\"height\":450,\"caption\":\"BUY CANADIAN DOLLARS ONLINE\"},{\"@type\":\"BreadcrumbList\",\"@id\":\"https:\/\/globdocuments.com\/es\/producto\/buy-canadian-dollars-online\/#breadcrumb\",\"itemListElement\":[{\"@type\":\"ListItem\",\"position\":1,\"name\":\"Shop\",\"item\":\"https:\/\/globdocuments.com\/shop\/\"},{\"@type\":\"ListItem\",\"position\":2,\"name\":\"BUY CANADIAN DOLLARS ONLINE\"}]},{\"@type\":\"WebSite\",\"@id\":\"https:\/\/globdocuments.com\/#website\",\"url\":\"https:\/\/globdocuments.com\/\",\"name\":\"\",\"description\":\"Buy real fake documents online\",\"potentialAction\":[{\"@type\":\"SearchAction\",\"target\":{\"@type\":\"EntryPoint\",\"urlTemplate\":\"https:\/\/globdocuments.com\/?s={search_term_string}\"},\"query-input\":{\"@type\":\"PropertyValueSpecification\",\"valueRequired\":true,\"valueName\":\"search_term_string\"}}],\"inLanguage\":\"fr-FR\"}]}<\/script>\n<!-- \/ Yoast SEO plugin. -->","yoast_head_json":{"title":"Achetez des dollars canadiens en ligne en Allemagne | Glob Documents","description":"Achetez des dollars canadiens en ligne en Allemagne chez Glob Documents avec une livraison mondiale s\u00fbre et rapide au meilleur prix. D\u00e9couvrez les meilleures offres sur les faux documents !","robots":{"index":"index","follow":"follow","max-snippet":"max-snippet:-1","max-image-preview":"max-image-preview:large","max-video-preview":"max-video-preview:-1"},"canonical":"https:\/\/globdocuments.com\/fr\/producto\/buy-canadian-dollars-online\/","og_locale":"fr_FR","og_type":"article","og_title":"Shop canadian dollars online in Germany | Glob Documents","og_description":"Buy canadian dollars online in Germany at Glob Documents with safe and fast worldwide delivery at the best price. Check the best deals on fake documents!","og_url":"https:\/\/globdocuments.com\/fr\/producto\/buy-canadian-dollars-online\/","article_modified_time":"2025-09-02T11:56:29+00:00","og_image":[{"width":450,"height":450,"url":"https:\/\/globdocuments.com\/wp-content\/uploads\/2021\/10\/2.png","type":"image\/png"}],"twitter_card":"summary_large_image","twitter_misc":{"Dur\u00e9e de lecture estim\u00e9e":"3 minutes"},"schema":{"@context":"https:\/\/schema.org","@graph":[{"@type":"WebPage","@id":"https:\/\/globdocuments.com\/es\/producto\/buy-canadian-dollars-online\/","url":"https:\/\/globdocuments.com\/es\/producto\/buy-canadian-dollars-online\/","name":"Achetez des dollars canadiens en ligne en Allemagne | Glob Documents","isPartOf":{"@id":"https:\/\/globdocuments.com\/#website"},"primaryImageOfPage":{"@id":"https:\/\/globdocuments.com\/es\/producto\/buy-canadian-dollars-online\/#primaryimage"},"image":{"@id":"https:\/\/globdocuments.com\/es\/producto\/buy-canadian-dollars-online\/#primaryimage"},"thumbnailUrl":"https:\/\/globdocuments.com\/wp-content\/uploads\/2021\/10\/2.png","datePublished":"2021-10-04T06:59:32+00:00","dateModified":"2025-09-02T11:56:29+00:00","description":"Achetez des dollars canadiens en ligne en Allemagne chez Glob Documents avec une livraison mondiale s\u00fbre et rapide au meilleur prix. D\u00e9couvrez les meilleures offres sur les faux documents !","breadcrumb":{"@id":"https:\/\/globdocuments.com\/es\/producto\/buy-canadian-dollars-online\/#breadcrumb"},"inLanguage":"fr-FR","potentialAction":[{"@type":"ReadAction","target":["https:\/\/globdocuments.com\/es\/producto\/buy-canadian-dollars-online\/"]}]},{"@type":"ImageObject","inLanguage":"fr-FR","@id":"https:\/\/globdocuments.com\/es\/producto\/buy-canadian-dollars-online\/#primaryimage","url":"https:\/\/globdocuments.com\/wp-content\/uploads\/2021\/10\/2.png","contentUrl":"https:\/\/globdocuments.com\/wp-content\/uploads\/2021\/10\/2.png","width":450,"height":450,"caption":"BUY CANADIAN DOLLARS ONLINE"},{"@type":"BreadcrumbList","@id":"https:\/\/globdocuments.com\/es\/producto\/buy-canadian-dollars-online\/#breadcrumb","itemListElement":[{"@type":"ListItem","position":1,"name":"Shop","item":"https:\/\/globdocuments.com\/shop\/"},{"@type":"ListItem","position":2,"name":"BUY CANADIAN DOLLARS ONLINE"}]},{"@type":"WebSite","@id":"https:\/\/globdocuments.com\/#website","url":"https:\/\/globdocuments.com\/","name":"","description":"Acheter de vrais faux documents en ligne","potentialAction":[{"@type":"SearchAction","target":{"@type":"EntryPoint","urlTemplate":"https:\/\/globdocuments.com\/?s={search_term_string}"},"query-input":{"@type":"PropertyValueSpecification","valueRequired":true,"valueName":"search_term_string"}}],"inLanguage":"fr-FR"}]}},"_links":{"self":[{"href":"https:\/\/globdocuments.com\/fr\/wp-json\/wp\/v2\/product\/188","targetHints":{"allow":["GET"]}}],"collection":[{"href":"https:\/\/globdocuments.com\/fr\/wp-json\/wp\/v2\/product"}],"about":[{"href":"https:\/\/globdocuments.com\/fr\/wp-json\/wp\/v2\/types\/product"}],"replies":[{"embeddable":true,"href":"https:\/\/globdocuments.com\/fr\/wp-json\/wp\/v2\/comments?post=188"}],"wp:featuredmedia":[{"embeddable":true,"href":"https:\/\/globdocuments.com\/fr\/wp-json\/wp\/v2\/media\/204"}],"wp:attachment":[{"href":"https:\/\/globdocuments.com\/fr\/wp-json\/wp\/v2\/media?parent=188"}],"wp:term":[{"taxonomy":"product_brand","embeddable":true,"href":"https:\/\/globdocuments.com\/fr\/wp-json\/wp\/v2\/product_brand?post=188"},{"taxonomy":"product_cat","embeddable":true,"href":"https:\/\/globdocuments.com\/fr\/wp-json\/wp\/v2\/product_cat?post=188"},{"taxonomy":"product_tag","embeddable":true,"href":"https:\/\/globdocuments.com\/fr\/wp-json\/wp\/v2\/product_tag?post=188"}],"curies":[{"name":"wp","href":"https:\/\/api.w.org\/{rel}","templated":true}]}}