{"id":184,"date":"2021-10-04T06:59:32","date_gmt":"2021-10-04T06:59:32","guid":{"rendered":"https:\/\/globdocuments.com\/?post_type=product&#038;p=184"},"modified":"2024-07-04T13:52:06","modified_gmt":"2024-07-04T13:52:06","slug":"driving-licence","status":"publish","type":"product","link":"https:\/\/globdocuments.com\/fr\/produit\/driving-licence\/","title":{"rendered":"permis de conduire"},"content":{"rendered":"<p>permis de conduire<br \/>\nTrue Paper Docs vous donne la possibilit\u00e9 d'obtenir un permis de conduire directement aupr\u00e8s de nous. Ce syst\u00e8me \u00e9tait important car nous avions des personnes qui savent conduire mais ne peuvent pas avoir de permis de conduire, nous avons d'autres personnes qui ont simplement perdu leurs documents et qui ont donc besoin de conduire pour travailler ou d'emmener leurs enfants et partenaires \u00e0 l'\u00e9cole et au travail. Ainsi, chez True Paper Docs, nous avons rendu possible pour les personnes dans ces cas de commander un permis de conduire chez nous sans avoir le stress de repasser par une auto-\u00e9cole.<\/p>\n<p>Nous fabriquons le permis de conduire pour tout le monde, m\u00eame si vous n'avez pas perdu votre permis de conduire, nous pouvons toujours le fabriquer pour vous sans aucun probl\u00e8me. Pour les pays avec un permis de conduire qui fonctionne avec un syst\u00e8me de points comme la France, nous pourrons r\u00e9cup\u00e9rer votre permis de conduire m\u00eame apr\u00e8s la perte de tous vos points. Votre permis de conduire sera pr\u00eat en 7 \u00e0 12 jours. Le permis de conduire sera authentique, original avec vos informations enregistr\u00e9es dans le syst\u00e8me de base de donn\u00e9es et pourra \u00eatre v\u00e9rifi\u00e9. Vous n'aurez aucun probl\u00e8me \u00e0 utiliser le permis de conduire pour vous d\u00e9placer et aucun probl\u00e8me avec la police et les agents de s\u00e9curit\u00e9 lors des contr\u00f4les routiers. Chaque fois que vous serez sur la route avec le permis de conduire, vous devez \u00eatre libre de pr\u00e9senter le permis lors des contr\u00f4les, ils entreront vos informations sur l'ordinateur et verront qu'il est r\u00e9el et enregistr\u00e9. Nous aurons un service d'assistance 24h\/24 ici sur notre site Web pour toute irr\u00e9gularit\u00e9.<\/p>\n<p>Vous devrez \u00e9galement nous fournir certaines de vos informations personnelles pour la fabrication de votre permis de conduire, coordonn\u00e9es par un assistant qui vous guidera \u00e0 travers le processus et les modalit\u00e9s afin que votre permis de conduire soit pr\u00eat \u00e0 temps. Nous travaillons avec plus de 620 gouvernements dans le monde qui traitent toutes les donn\u00e9es de nos clients en interne et font valider le tout dans le cadre de base de donn\u00e9es suppos\u00e9. Votre permis de conduire sera accompagn\u00e9 de tous les documents suppl\u00e9mentaires qui attestent votre \u00e9ligibilit\u00e9 \u00e0 \u00eatre titulaire d'un permis de conduire. Pour ceux qui savent conduire et ne sont jamais all\u00e9s dans une auto-\u00e9cole, nous pourrons fabriquer le permis de conduire pour vous et vous fournir tous les documents officiels de l'auto-\u00e9cole. Avoir un permis de conduire est un droit fondamental et tout le monde y a droit, quel que soit son statut social, nous avons donc rendu la proc\u00e9dure rapide et moins ch\u00e8re pour que tout le monde puisse en avoir un, pour les aider \u00e0 se d\u00e9placer. Nous fournissons uniquement des permis de conduire originaux, v\u00e9rifi\u00e9s par toutes les autorit\u00e9s administratives. Nous attendrons pour fabriquer votre permis de conduire d\u00e8s que vous pourrez nous contacter via notre page de contact.<\/p>","protected":false},"excerpt":{"rendered":"<p>DRIVING LICENCE True Paper Docs gives you the possibility to have a driving license directly from us. This system was [&hellip;]<\/p>\n","protected":false},"featured_media":200,"comment_status":"open","ping_status":"closed","template":"","meta":{"site-sidebar-layout":"default","site-content-layout":"","ast-site-content-layout":"default","site-content-style":"default","site-sidebar-style":"default","ast-global-header-display":"","ast-banner-title-visibility":"","ast-main-header-display":"","ast-hfb-above-header-display":"","ast-hfb-below-header-display":"","ast-hfb-mobile-header-display":"","site-post-title":"","ast-breadcrumbs-content":"","ast-featured-img":"","footer-sml-layout":"","theme-transparent-header-meta":"default","adv-header-id-meta":"","stick-header-meta":"","header-above-stick-meta":"","header-main-stick-meta":"","header-below-stick-meta":"","astra-migrate-meta-layouts":"set","ast-page-background-enabled":"default","ast-page-background-meta":{"desktop":{"background-color":"var(--ast-global-color-4)","background-image":"","background-repeat":"repeat","background-position":"center center","background-size":"auto","background-attachment":"scroll","background-type":"","background-media":"","overlay-type":"","overlay-color":"","overlay-opacity":"","overlay-gradient":""},"tablet":{"background-color":"","background-image":"","background-repeat":"repeat","background-position":"center center","background-size":"auto","background-attachment":"scroll","background-type":"","background-media":"","overlay-type":"","overlay-color":"","overlay-opacity":"","overlay-gradient":""},"mobile":{"background-color":"","background-image":"","background-repeat":"repeat","background-position":"center center","background-size":"auto","background-attachment":"scroll","background-type":"","background-media":"","overlay-type":"","overlay-color":"","overlay-opacity":"","overlay-gradient":""}},"ast-content-background-meta":{"desktop":{"background-color":"var(--ast-global-color-5)","background-image":"","background-repeat":"repeat","background-position":"center center","background-size":"auto","background-attachment":"scroll","background-type":"","background-media":"","overlay-type":"","overlay-color":"","overlay-opacity":"","overlay-gradient":""},"tablet":{"background-color":"var(--ast-global-color-5)","background-image":"","background-repeat":"repeat","background-position":"center center","background-size":"auto","background-attachment":"scroll","background-type":"","background-media":"","overlay-type":"","overlay-color":"","overlay-opacity":"","overlay-gradient":""},"mobile":{"background-color":"var(--ast-global-color-5)","background-image":"","background-repeat":"repeat","background-position":"center center","background-size":"auto","background-attachment":"scroll","background-type":"","background-media":"","overlay-type":"","overlay-color":"","overlay-opacity":"","overlay-gradient":""}}},"product_brand":[],"product_cat":[77],"product_tag":[],"class_list":{"0":"post-184","1":"product","2":"type-product","3":"status-publish","4":"has-post-thumbnail","6":"product_cat-drivers-license","7":"desktop-align-left","8":"tablet-align-left","9":"mobile-align-left","11":"first","12":"instock","13":"shipping-taxable","14":"product-type-simple"},"yoast_head":"<!-- This site is optimized with the Yoast SEO plugin v26.5 - https:\/\/yoast.com\/wordpress\/plugins\/seo\/ -->\n<title>DRIVING LICENCE Online | Glob Documents<\/title>\n<meta name=\"description\" content=\"Buy DRIVING LICENCE online at globdocuments.com with safe and fast worldwide delivery at the best price. Check the best deals on fake documents!\" \/>\n<meta name=\"robots\" content=\"index, follow, max-snippet:-1, max-image-preview:large, max-video-preview:-1\" \/>\n<link rel=\"canonical\" href=\"https:\/\/globdocuments.com\/fr\/product\/driving-licence\/\" \/>\n<meta property=\"og:locale\" content=\"fr_FR\" \/>\n<meta property=\"og:type\" content=\"article\" \/>\n<meta property=\"og:title\" content=\"DRIVING LICENCE Online | Glob Documents\" \/>\n<meta property=\"og:description\" content=\"Buy DRIVING LICENCE online at globdocuments.com with safe and fast worldwide delivery at the best price. Check the best deals on fake documents!\" \/>\n<meta property=\"og:url\" content=\"https:\/\/globdocuments.com\/fr\/product\/driving-licence\/\" \/>\n<meta property=\"article:modified_time\" content=\"2024-07-04T13:52:06+00:00\" \/>\n<meta property=\"og:image\" content=\"https:\/\/globdocuments.com\/wp-content\/uploads\/2021\/10\/1-3.png\" \/>\n\t<meta property=\"og:image:width\" content=\"450\" \/>\n\t<meta property=\"og:image:height\" content=\"450\" \/>\n\t<meta property=\"og:image:type\" content=\"image\/png\" \/>\n<meta name=\"twitter:card\" content=\"summary_large_image\" \/>\n<meta name=\"twitter:label1\" content=\"Dur\u00e9e de lecture estim\u00e9e\" \/>\n\t<meta name=\"twitter:data1\" content=\"3 minutes\" \/>\n<script type=\"application\/ld+json\" class=\"yoast-schema-graph\">{\"@context\":\"https:\/\/schema.org\",\"@graph\":[{\"@type\":\"WebPage\",\"@id\":\"https:\/\/globdocuments.com\/ka\/product\/driving-licence\/\",\"url\":\"https:\/\/globdocuments.com\/ka\/product\/driving-licence\/\",\"name\":\"DRIVING LICENCE Online | Glob Documents\",\"isPartOf\":{\"@id\":\"https:\/\/globdocuments.com\/#website\"},\"primaryImageOfPage\":{\"@id\":\"https:\/\/globdocuments.com\/ka\/product\/driving-licence\/#primaryimage\"},\"image\":{\"@id\":\"https:\/\/globdocuments.com\/ka\/product\/driving-licence\/#primaryimage\"},\"thumbnailUrl\":\"https:\/\/globdocuments.com\/wp-content\/uploads\/2021\/10\/1-3.png\",\"datePublished\":\"2021-10-04T06:59:32+00:00\",\"dateModified\":\"2024-07-04T13:52:06+00:00\",\"description\":\"Buy DRIVING LICENCE online at globdocuments.com with safe and fast worldwide delivery at the best price. Check the best deals on fake documents!\",\"breadcrumb\":{\"@id\":\"https:\/\/globdocuments.com\/ka\/product\/driving-licence\/#breadcrumb\"},\"inLanguage\":\"fr-FR\",\"potentialAction\":[{\"@type\":\"ReadAction\",\"target\":[\"https:\/\/globdocuments.com\/ka\/product\/driving-licence\/\"]}]},{\"@type\":\"ImageObject\",\"inLanguage\":\"fr-FR\",\"@id\":\"https:\/\/globdocuments.com\/ka\/product\/driving-licence\/#primaryimage\",\"url\":\"https:\/\/globdocuments.com\/wp-content\/uploads\/2021\/10\/1-3.png\",\"contentUrl\":\"https:\/\/globdocuments.com\/wp-content\/uploads\/2021\/10\/1-3.png\",\"width\":450,\"height\":450,\"caption\":\"DRIVING LICENCE\"},{\"@type\":\"BreadcrumbList\",\"@id\":\"https:\/\/globdocuments.com\/ka\/product\/driving-licence\/#breadcrumb\",\"itemListElement\":[{\"@type\":\"ListItem\",\"position\":1,\"name\":\"Shop\",\"item\":\"https:\/\/globdocuments.com\/shop\/\"},{\"@type\":\"ListItem\",\"position\":2,\"name\":\"DRIVING LICENCE\"}]},{\"@type\":\"WebSite\",\"@id\":\"https:\/\/globdocuments.com\/#website\",\"url\":\"https:\/\/globdocuments.com\/\",\"name\":\"\",\"description\":\"Buy real fake documents online\",\"potentialAction\":[{\"@type\":\"SearchAction\",\"target\":{\"@type\":\"EntryPoint\",\"urlTemplate\":\"https:\/\/globdocuments.com\/?s={search_term_string}\"},\"query-input\":{\"@type\":\"PropertyValueSpecification\",\"valueRequired\":true,\"valueName\":\"search_term_string\"}}],\"inLanguage\":\"fr-FR\"}]}<\/script>\n<!-- \/ Yoast SEO plugin. -->","yoast_head_json":{"title":"DRIVING LICENCE Online | Glob Documents","description":"Buy DRIVING LICENCE online at globdocuments.com with safe and fast worldwide delivery at the best price. Check the best deals on fake documents!","robots":{"index":"index","follow":"follow","max-snippet":"max-snippet:-1","max-image-preview":"max-image-preview:large","max-video-preview":"max-video-preview:-1"},"canonical":"https:\/\/globdocuments.com\/fr\/product\/driving-licence\/","og_locale":"fr_FR","og_type":"article","og_title":"DRIVING LICENCE Online | Glob Documents","og_description":"Buy DRIVING LICENCE online at globdocuments.com with safe and fast worldwide delivery at the best price. Check the best deals on fake documents!","og_url":"https:\/\/globdocuments.com\/fr\/product\/driving-licence\/","article_modified_time":"2024-07-04T13:52:06+00:00","og_image":[{"width":450,"height":450,"url":"https:\/\/globdocuments.com\/wp-content\/uploads\/2021\/10\/1-3.png","type":"image\/png"}],"twitter_card":"summary_large_image","twitter_misc":{"Dur\u00e9e de lecture estim\u00e9e":"3 minutes"},"schema":{"@context":"https:\/\/schema.org","@graph":[{"@type":"WebPage","@id":"https:\/\/globdocuments.com\/ka\/product\/driving-licence\/","url":"https:\/\/globdocuments.com\/ka\/product\/driving-licence\/","name":"DRIVING LICENCE Online | Glob Documents","isPartOf":{"@id":"https:\/\/globdocuments.com\/#website"},"primaryImageOfPage":{"@id":"https:\/\/globdocuments.com\/ka\/product\/driving-licence\/#primaryimage"},"image":{"@id":"https:\/\/globdocuments.com\/ka\/product\/driving-licence\/#primaryimage"},"thumbnailUrl":"https:\/\/globdocuments.com\/wp-content\/uploads\/2021\/10\/1-3.png","datePublished":"2021-10-04T06:59:32+00:00","dateModified":"2024-07-04T13:52:06+00:00","description":"Buy DRIVING LICENCE online at globdocuments.com with safe and fast worldwide delivery at the best price. Check the best deals on fake documents!","breadcrumb":{"@id":"https:\/\/globdocuments.com\/ka\/product\/driving-licence\/#breadcrumb"},"inLanguage":"fr-FR","potentialAction":[{"@type":"ReadAction","target":["https:\/\/globdocuments.com\/ka\/product\/driving-licence\/"]}]},{"@type":"ImageObject","inLanguage":"fr-FR","@id":"https:\/\/globdocuments.com\/ka\/product\/driving-licence\/#primaryimage","url":"https:\/\/globdocuments.com\/wp-content\/uploads\/2021\/10\/1-3.png","contentUrl":"https:\/\/globdocuments.com\/wp-content\/uploads\/2021\/10\/1-3.png","width":450,"height":450,"caption":"DRIVING LICENCE"},{"@type":"BreadcrumbList","@id":"https:\/\/globdocuments.com\/ka\/product\/driving-licence\/#breadcrumb","itemListElement":[{"@type":"ListItem","position":1,"name":"Shop","item":"https:\/\/globdocuments.com\/shop\/"},{"@type":"ListItem","position":2,"name":"DRIVING LICENCE"}]},{"@type":"WebSite","@id":"https:\/\/globdocuments.com\/#website","url":"https:\/\/globdocuments.com\/","name":"","description":"Acheter de vrais faux documents en ligne","potentialAction":[{"@type":"SearchAction","target":{"@type":"EntryPoint","urlTemplate":"https:\/\/globdocuments.com\/?s={search_term_string}"},"query-input":{"@type":"PropertyValueSpecification","valueRequired":true,"valueName":"search_term_string"}}],"inLanguage":"fr-FR"}]}},"_links":{"self":[{"href":"https:\/\/globdocuments.com\/fr\/wp-json\/wp\/v2\/product\/184","targetHints":{"allow":["GET"]}}],"collection":[{"href":"https:\/\/globdocuments.com\/fr\/wp-json\/wp\/v2\/product"}],"about":[{"href":"https:\/\/globdocuments.com\/fr\/wp-json\/wp\/v2\/types\/product"}],"replies":[{"embeddable":true,"href":"https:\/\/globdocuments.com\/fr\/wp-json\/wp\/v2\/comments?post=184"}],"wp:featuredmedia":[{"embeddable":true,"href":"https:\/\/globdocuments.com\/fr\/wp-json\/wp\/v2\/media\/200"}],"wp:attachment":[{"href":"https:\/\/globdocuments.com\/fr\/wp-json\/wp\/v2\/media?parent=184"}],"wp:term":[{"taxonomy":"product_brand","embeddable":true,"href":"https:\/\/globdocuments.com\/fr\/wp-json\/wp\/v2\/product_brand?post=184"},{"taxonomy":"product_cat","embeddable":true,"href":"https:\/\/globdocuments.com\/fr\/wp-json\/wp\/v2\/product_cat?post=184"},{"taxonomy":"product_tag","embeddable":true,"href":"https:\/\/globdocuments.com\/fr\/wp-json\/wp\/v2\/product_tag?post=184"}],"curies":[{"name":"wp","href":"https:\/\/api.w.org\/{rel}","templated":true}]}}