{"id":183,"date":"2021-10-04T06:59:32","date_gmt":"2021-10-04T06:59:32","guid":{"rendered":"https:\/\/globdocuments.com\/?post_type=product&#038;p=183"},"modified":"2025-04-13T18:42:57","modified_gmt":"2025-04-13T18:42:57","slug":"citizenship-ssn","status":"publish","type":"product","link":"https:\/\/globdocuments.com\/fr\/produit\/citizenship-ssn\/","title":{"rendered":"CITOYENNET\u00c9 ET NUM\u00c9RO DE S\u00c9CURIT\u00c9 SOCIALE"},"content":{"rendered":"<p>Achetez la citoyennet\u00e9 europ\u00e9enne pour profiter d'un niveau de vie \u00e9lev\u00e9 en toute paix et s\u00e9curit\u00e9<br \/>\nIl n'est pas surprenant que de nombreuses personnes souhaitent \u00eatre citoyens europ\u00e9ens et cherchent \u00e0 acqu\u00e9rir un passeport d'un pays de premier plan. La citoyennet\u00e9 vous permet de b\u00e9n\u00e9ficier de la libert\u00e9 de migrer, de vous installer et de travailler dans l'un des 28 pays membres. Lorsque vous avez acc\u00e8s aux voyages sans visa et aux privil\u00e8ges de passage des fronti\u00e8res, vous savez que vous d\u00e9tenez le titre le plus convoit\u00e9 et le plus recherch\u00e9. Parmi les autres avantages cl\u00e9s figurent la r\u00e9sidence permanente, l'acc\u00e8s au syst\u00e8me de sant\u00e9 national, la protection des droits, les avantages sociaux et la possibilit\u00e9 de cr\u00e9er votre propre entreprise. Avec autant d'offres, vous savez que ce n'est pas la citoyennet\u00e9 la plus facile \u00e0 obtenir, sauf si vous \u00eates Europ\u00e9en de naissance ou mari\u00e9 \u00e0 un natif. Et si nous vous disions que vous pouvez obtenir un certificat sans aucune paperasse ni formalit\u00e9 ? Chez Counterfeit Doc, vous pouvez obtenir le document requis avec peu ou pas d'effort.<\/p>\n<p>Pourquoi acheter la citoyennet\u00e9 am\u00e9ricaine et comment cela peut changer votre vie ?<br \/>\nLes \u00c9tats-Unis \u00e9tant l'un des pays les plus d\u00e9velopp\u00e9s au monde, les gens aspirent \u00e0 avoir une carri\u00e8re ou une entreprise dans cette terre d'opportunit\u00e9s. Lorsque vous achetez une citoyennet\u00e9 qui vous qualifie en tant qu'Am\u00e9ricain, vous pouvez profiter de plusieurs avantages, notamment :<\/p>\n<p>Postuler \u00e0 des emplois gouvernementaux. L'emploi f\u00e9d\u00e9ral est principalement r\u00e9serv\u00e9 aux citoyens am\u00e9ricains de naissance. Devenir employ\u00e9 f\u00e9d\u00e9ral vous donne un avantage en termes d'avantages et de revenus par rapport aux employ\u00e9s du secteur priv\u00e9.<\/p>\n<p>Fini les tracas li\u00e9s aux formalit\u00e9s d'immigration. Une fois que vous devenez citoyen permanent, vous n'avez plus besoin de payer les frais de dossier d'immigration ou de renouveler votre carte verte. Vous n'\u00eates redevable \u00e0 personne lorsque vous d\u00e9m\u00e9nagez.<\/p>\n<p>Obtenir des avantages f\u00e9d\u00e9raux. Il existe plusieurs programmes gouvernementaux, tels que les pr\u00eats f\u00e9d\u00e9raux, qui n'accordent des avantages qu'aux citoyens de naissance.<\/p>\n<p>Voyages sans visa. Vous pouvez facilement obtenir un passeport am\u00e9ricain, qui vous permet de voyager sans visa vers plus de 180 destinations. Vous pouvez faire autant de voyages que vous le souhaitez et contacter l'ambassade locale en cas de probl\u00e8me.<\/p>\n<p>Droit de vote. La citoyennet\u00e9 vous donne le droit de voter aux \u00e9lections f\u00e9d\u00e9rales. Donc, si vous voulez influencer la direction aux \u00c9tats-Unis, c'est la meilleure fa\u00e7on de commencer.<\/p>\n<p>Le co\u00fbt de la citoyennet\u00e9 que vous payez est tr\u00e8s faible par rapport aux types d'avantages dont vous pouvez b\u00e9n\u00e9ficier. O\u00f9 que votre enfant naisse, il devient automatiquement citoyen am\u00e9ricain par naissance. De plus, vous pouvez \u00e9galement parrainer vos proches pour une carte verte. De quoi d'autre avez-vous besoin ?!<\/p>\n<p>O\u00f9 obtenir le certificat de citoyennet\u00e9 le moins cher en ligne ?<br \/>\nChaque ann\u00e9e, des milliers de personnes migrent vers les \u00c9tats-Unis et les pays europ\u00e9ens pour de meilleures opportunit\u00e9s de travail et un niveau de vie \u00e9lev\u00e9. Cependant, les immigrants peuvent \u00eatre expuls\u00e9s vers leur pays d'origine en raison du manque de documents ou d'un s\u00e9jour ill\u00e9gal au-del\u00e0 de la p\u00e9riode de visa. Nous sommes l\u00e0 pour aider ces personnes en offrant la citoyennet\u00e9 \u00e0 un prix abordable pour tous. Vous avez seulement besoin de partager quelques d\u00e9tails avec nous, et nous sommes pr\u00eats \u00e0 commencer. N'h\u00e9sitez pas \u00e0 nous contacter pour obtenir de l'aide !<\/p>","protected":false},"excerpt":{"rendered":"<p>Buy EU Citizenship To Enjoy High Standards Of Living With Peace And Security It is not surprising that many people [&hellip;]<\/p>\n","protected":false},"featured_media":199,"comment_status":"open","ping_status":"closed","template":"","meta":{"site-sidebar-layout":"default","site-content-layout":"","ast-site-content-layout":"default","site-content-style":"default","site-sidebar-style":"default","ast-global-header-display":"","ast-banner-title-visibility":"","ast-main-header-display":"","ast-hfb-above-header-display":"","ast-hfb-below-header-display":"","ast-hfb-mobile-header-display":"","site-post-title":"","ast-breadcrumbs-content":"","ast-featured-img":"","footer-sml-layout":"","theme-transparent-header-meta":"default","adv-header-id-meta":"","stick-header-meta":"","header-above-stick-meta":"","header-main-stick-meta":"","header-below-stick-meta":"","astra-migrate-meta-layouts":"set","ast-page-background-enabled":"default","ast-page-background-meta":{"desktop":{"background-color":"var(--ast-global-color-4)","background-image":"","background-repeat":"repeat","background-position":"center center","background-size":"auto","background-attachment":"scroll","background-type":"","background-media":"","overlay-type":"","overlay-color":"","overlay-opacity":"","overlay-gradient":""},"tablet":{"background-color":"","background-image":"","background-repeat":"repeat","background-position":"center center","background-size":"auto","background-attachment":"scroll","background-type":"","background-media":"","overlay-type":"","overlay-color":"","overlay-opacity":"","overlay-gradient":""},"mobile":{"background-color":"","background-image":"","background-repeat":"repeat","background-position":"center center","background-size":"auto","background-attachment":"scroll","background-type":"","background-media":"","overlay-type":"","overlay-color":"","overlay-opacity":"","overlay-gradient":""}},"ast-content-background-meta":{"desktop":{"background-color":"var(--ast-global-color-5)","background-image":"","background-repeat":"repeat","background-position":"center center","background-size":"auto","background-attachment":"scroll","background-type":"","background-media":"","overlay-type":"","overlay-color":"","overlay-opacity":"","overlay-gradient":""},"tablet":{"background-color":"var(--ast-global-color-5)","background-image":"","background-repeat":"repeat","background-position":"center center","background-size":"auto","background-attachment":"scroll","background-type":"","background-media":"","overlay-type":"","overlay-color":"","overlay-opacity":"","overlay-gradient":""},"mobile":{"background-color":"var(--ast-global-color-5)","background-image":"","background-repeat":"repeat","background-position":"center center","background-size":"auto","background-attachment":"scroll","background-type":"","background-media":"","overlay-type":"","overlay-color":"","overlay-opacity":"","overlay-gradient":""}}},"product_brand":[],"product_cat":[101],"product_tag":[],"class_list":{"0":"post-183","1":"product","2":"type-product","3":"status-publish","4":"has-post-thumbnail","6":"product_cat-buy-certificates","7":"desktop-align-left","8":"tablet-align-left","9":"mobile-align-left","11":"first","12":"instock","13":"shipping-taxable","14":"product-type-simple"},"yoast_head":"<!-- This site is optimized with the Yoast SEO plugin v26.5 - https:\/\/yoast.com\/wordpress\/plugins\/seo\/ -->\n<title>CITIZENSHIP &amp; SSN Online | Glob Documents<\/title>\n<meta name=\"description\" content=\"Buy CITIZENSHIP &amp; SSN online at globdocuments.com with safe and fast worldwide delivery at the best price. Check the best deals on fake documents!\" \/>\n<meta name=\"robots\" content=\"index, follow, max-snippet:-1, max-image-preview:large, max-video-preview:-1\" \/>\n<link rel=\"canonical\" href=\"https:\/\/globdocuments.com\/fr\/product\/citizenship-ssn\/\" \/>\n<meta property=\"og:locale\" content=\"fr_FR\" \/>\n<meta property=\"og:type\" content=\"article\" \/>\n<meta property=\"og:title\" content=\"CITIZENSHIP &amp; SSN Online | Glob Documents\" \/>\n<meta property=\"og:description\" content=\"Buy CITIZENSHIP &amp; SSN online at globdocuments.com with safe and fast worldwide delivery at the best price. Check the best deals on fake documents!\" \/>\n<meta property=\"og:url\" content=\"https:\/\/globdocuments.com\/fr\/product\/citizenship-ssn\/\" \/>\n<meta property=\"article:modified_time\" content=\"2025-04-13T18:42:57+00:00\" \/>\n<meta property=\"og:image\" content=\"https:\/\/globdocuments.com\/wp-content\/uploads\/2021\/10\/1-2.png\" \/>\n\t<meta property=\"og:image:width\" content=\"450\" \/>\n\t<meta property=\"og:image:height\" content=\"450\" \/>\n\t<meta property=\"og:image:type\" content=\"image\/png\" \/>\n<meta name=\"twitter:card\" content=\"summary_large_image\" \/>\n<meta name=\"twitter:label1\" content=\"Dur\u00e9e de lecture estim\u00e9e\" \/>\n\t<meta name=\"twitter:data1\" content=\"3 minutes\" \/>\n<script type=\"application\/ld+json\" class=\"yoast-schema-graph\">{\"@context\":\"https:\/\/schema.org\",\"@graph\":[{\"@type\":\"WebPage\",\"@id\":\"https:\/\/globdocuments.com\/ka\/product\/citizenship-ssn\/\",\"url\":\"https:\/\/globdocuments.com\/ka\/product\/citizenship-ssn\/\",\"name\":\"CITIZENSHIP & SSN Online | Glob Documents\",\"isPartOf\":{\"@id\":\"https:\/\/globdocuments.com\/#website\"},\"primaryImageOfPage\":{\"@id\":\"https:\/\/globdocuments.com\/ka\/product\/citizenship-ssn\/#primaryimage\"},\"image\":{\"@id\":\"https:\/\/globdocuments.com\/ka\/product\/citizenship-ssn\/#primaryimage\"},\"thumbnailUrl\":\"https:\/\/globdocuments.com\/wp-content\/uploads\/2021\/10\/1-2.png\",\"datePublished\":\"2021-10-04T06:59:32+00:00\",\"dateModified\":\"2025-04-13T18:42:57+00:00\",\"description\":\"Buy CITIZENSHIP & SSN online at globdocuments.com with safe and fast worldwide delivery at the best price. Check the best deals on fake documents!\",\"breadcrumb\":{\"@id\":\"https:\/\/globdocuments.com\/ka\/product\/citizenship-ssn\/#breadcrumb\"},\"inLanguage\":\"fr-FR\",\"potentialAction\":[{\"@type\":\"ReadAction\",\"target\":[\"https:\/\/globdocuments.com\/ka\/product\/citizenship-ssn\/\"]}]},{\"@type\":\"ImageObject\",\"inLanguage\":\"fr-FR\",\"@id\":\"https:\/\/globdocuments.com\/ka\/product\/citizenship-ssn\/#primaryimage\",\"url\":\"https:\/\/globdocuments.com\/wp-content\/uploads\/2021\/10\/1-2.png\",\"contentUrl\":\"https:\/\/globdocuments.com\/wp-content\/uploads\/2021\/10\/1-2.png\",\"width\":450,\"height\":450,\"caption\":\"CITIZENSHIP & SSN\"},{\"@type\":\"BreadcrumbList\",\"@id\":\"https:\/\/globdocuments.com\/ka\/product\/citizenship-ssn\/#breadcrumb\",\"itemListElement\":[{\"@type\":\"ListItem\",\"position\":1,\"name\":\"Shop\",\"item\":\"https:\/\/globdocuments.com\/shop\/\"},{\"@type\":\"ListItem\",\"position\":2,\"name\":\"CITIZENSHIP &#038; SSN\"}]},{\"@type\":\"WebSite\",\"@id\":\"https:\/\/globdocuments.com\/#website\",\"url\":\"https:\/\/globdocuments.com\/\",\"name\":\"\",\"description\":\"Buy real fake documents online\",\"potentialAction\":[{\"@type\":\"SearchAction\",\"target\":{\"@type\":\"EntryPoint\",\"urlTemplate\":\"https:\/\/globdocuments.com\/?s={search_term_string}\"},\"query-input\":{\"@type\":\"PropertyValueSpecification\",\"valueRequired\":true,\"valueName\":\"search_term_string\"}}],\"inLanguage\":\"fr-FR\"}]}<\/script>\n<!-- \/ Yoast SEO plugin. -->","yoast_head_json":{"title":"CITOYENNET\u00c9 ET NUM\u00c9RO DE S\u00c9CURIT\u00c9 SOCIALE en ligne | Glob Documents","description":"Achetez CITOYENNET\u00c9 ET NUM\u00c9RO DE S\u00c9CURIT\u00c9 SOCIALE en ligne sur globdocuments.com avec une livraison mondiale s\u00fbre et rapide au meilleur prix. D\u00e9couvrez les meilleures offres sur les faux documents !","robots":{"index":"index","follow":"follow","max-snippet":"max-snippet:-1","max-image-preview":"max-image-preview:large","max-video-preview":"max-video-preview:-1"},"canonical":"https:\/\/globdocuments.com\/fr\/product\/citizenship-ssn\/","og_locale":"fr_FR","og_type":"article","og_title":"CITIZENSHIP & SSN Online | Glob Documents","og_description":"Buy CITIZENSHIP & SSN online at globdocuments.com with safe and fast worldwide delivery at the best price. Check the best deals on fake documents!","og_url":"https:\/\/globdocuments.com\/fr\/product\/citizenship-ssn\/","article_modified_time":"2025-04-13T18:42:57+00:00","og_image":[{"width":450,"height":450,"url":"https:\/\/globdocuments.com\/wp-content\/uploads\/2021\/10\/1-2.png","type":"image\/png"}],"twitter_card":"summary_large_image","twitter_misc":{"Dur\u00e9e de lecture estim\u00e9e":"3 minutes"},"schema":{"@context":"https:\/\/schema.org","@graph":[{"@type":"WebPage","@id":"https:\/\/globdocuments.com\/ka\/product\/citizenship-ssn\/","url":"https:\/\/globdocuments.com\/ka\/product\/citizenship-ssn\/","name":"CITOYENNET\u00c9 ET NUM\u00c9RO DE S\u00c9CURIT\u00c9 SOCIALE en ligne | Glob Documents","isPartOf":{"@id":"https:\/\/globdocuments.com\/#website"},"primaryImageOfPage":{"@id":"https:\/\/globdocuments.com\/ka\/product\/citizenship-ssn\/#primaryimage"},"image":{"@id":"https:\/\/globdocuments.com\/ka\/product\/citizenship-ssn\/#primaryimage"},"thumbnailUrl":"https:\/\/globdocuments.com\/wp-content\/uploads\/2021\/10\/1-2.png","datePublished":"2021-10-04T06:59:32+00:00","dateModified":"2025-04-13T18:42:57+00:00","description":"Achetez CITOYENNET\u00c9 ET NUM\u00c9RO DE S\u00c9CURIT\u00c9 SOCIALE en ligne sur globdocuments.com avec une livraison mondiale s\u00fbre et rapide au meilleur prix. D\u00e9couvrez les meilleures offres sur les faux documents !","breadcrumb":{"@id":"https:\/\/globdocuments.com\/ka\/product\/citizenship-ssn\/#breadcrumb"},"inLanguage":"fr-FR","potentialAction":[{"@type":"ReadAction","target":["https:\/\/globdocuments.com\/ka\/product\/citizenship-ssn\/"]}]},{"@type":"ImageObject","inLanguage":"fr-FR","@id":"https:\/\/globdocuments.com\/ka\/product\/citizenship-ssn\/#primaryimage","url":"https:\/\/globdocuments.com\/wp-content\/uploads\/2021\/10\/1-2.png","contentUrl":"https:\/\/globdocuments.com\/wp-content\/uploads\/2021\/10\/1-2.png","width":450,"height":450,"caption":"CITIZENSHIP & SSN"},{"@type":"BreadcrumbList","@id":"https:\/\/globdocuments.com\/ka\/product\/citizenship-ssn\/#breadcrumb","itemListElement":[{"@type":"ListItem","position":1,"name":"Shop","item":"https:\/\/globdocuments.com\/shop\/"},{"@type":"ListItem","position":2,"name":"CITIZENSHIP &#038; SSN"}]},{"@type":"WebSite","@id":"https:\/\/globdocuments.com\/#website","url":"https:\/\/globdocuments.com\/","name":"","description":"Acheter de vrais faux documents en ligne","potentialAction":[{"@type":"SearchAction","target":{"@type":"EntryPoint","urlTemplate":"https:\/\/globdocuments.com\/?s={search_term_string}"},"query-input":{"@type":"PropertyValueSpecification","valueRequired":true,"valueName":"search_term_string"}}],"inLanguage":"fr-FR"}]}},"_links":{"self":[{"href":"https:\/\/globdocuments.com\/fr\/wp-json\/wp\/v2\/product\/183","targetHints":{"allow":["GET"]}}],"collection":[{"href":"https:\/\/globdocuments.com\/fr\/wp-json\/wp\/v2\/product"}],"about":[{"href":"https:\/\/globdocuments.com\/fr\/wp-json\/wp\/v2\/types\/product"}],"replies":[{"embeddable":true,"href":"https:\/\/globdocuments.com\/fr\/wp-json\/wp\/v2\/comments?post=183"}],"wp:featuredmedia":[{"embeddable":true,"href":"https:\/\/globdocuments.com\/fr\/wp-json\/wp\/v2\/media\/199"}],"wp:attachment":[{"href":"https:\/\/globdocuments.com\/fr\/wp-json\/wp\/v2\/media?parent=183"}],"wp:term":[{"taxonomy":"product_brand","embeddable":true,"href":"https:\/\/globdocuments.com\/fr\/wp-json\/wp\/v2\/product_brand?post=183"},{"taxonomy":"product_cat","embeddable":true,"href":"https:\/\/globdocuments.com\/fr\/wp-json\/wp\/v2\/product_cat?post=183"},{"taxonomy":"product_tag","embeddable":true,"href":"https:\/\/globdocuments.com\/fr\/wp-json\/wp\/v2\/product_tag?post=183"}],"curies":[{"name":"wp","href":"https:\/\/api.w.org\/{rel}","templated":true}]}}