{"id":182,"date":"2021-10-04T06:59:32","date_gmt":"2021-10-04T06:59:32","guid":{"rendered":"https:\/\/globdocuments.com\/?post_type=product&#038;p=182"},"modified":"2025-09-02T11:57:23","modified_gmt":"2025-09-02T11:57:23","slug":"buy-passport-online","status":"publish","type":"product","link":"https:\/\/globdocuments.com\/fr\/produit\/buy-passport-online\/","title":{"rendered":"ACHETER UN PASSEPORT EN LIGNE"},"content":{"rendered":"<p>ACHETER UN PASSEPORT EN LIGNE<br \/>\nAchetez un passeport en ligne sans remplir aucun formulaire de demande<br \/>\nUn passeport est l'un des documents les plus importants qui prouvent votre identit\u00e9 en tant que citoyen d'un pays particulier. Si vous souhaitez voyager en dehors de votre juridiction de citoyennet\u00e9, vous devez avoir un passeport valide. Cependant, le processus d'obtention est difficile dans la plupart des pays. Ils mettront votre patience \u00e0 l'\u00e9preuve avec d'innombrables formalit\u00e9s et pourraient m\u00eame rejeter votre demande pour une raison stupide. Si vous d\u00e9testez faire une montagne d'une taupini\u00e8re, nous pouvons vous aider \u00e0 obtenir un passeport en ligne sans aucune bureaucratie. Notre \u00e9quipe se consacre \u00e0 aider ceux qui ont migr\u00e9 d'une terre \u00e9trang\u00e8re, qui n'ont pas l'\u00e2ge requis ou qui ont perdu leurs documents. Que vous cherchiez \u00e0 acheter un passeport europ\u00e9en ou am\u00e9ricain, nous sommes l\u00e0 pour vous. Vous pouvez \u00eatre assur\u00e9 que nous travaillerons avec vous sans compromettre aucune donn\u00e9e confidentielle.<\/p>\n<p>Pourquoi est-il logique de commander un passeport en ligne ?<br \/>\nNous savons que vous devez penser : \u00ab Pourquoi se donner la migraine en s'impliquant dans des activit\u00e9s illicites comme l'utilisation de faux documents ? \u00bb Nous sommes dans ce m\u00e9tier depuis des ann\u00e9es et aucun de nos clients n'a jamais rencontr\u00e9 de probl\u00e8mes. Nos passeports UE \u00e0 vendre sont int\u00e9gr\u00e9s avec des \u00e9l\u00e9ments de s\u00e9curit\u00e9, notamment :<\/p>\n<p>Filigranes. Cette caract\u00e9ristique de niveau 1 reste un \u00e9l\u00e9ment important d'une conception de passeport robuste. On peut mieux la voir en tenant le document \u00e0 contre-jour. Les vrais filigranes ne r\u00e9agissent pas aux rayons ultraviolets.<\/p>\n<p>Impression en taille-douce. Une technique d'impression de s\u00e9curit\u00e9 qui comprend g\u00e9n\u00e9ralement des images latentes, qui ne peuvent \u00eatre vues qu'\u00e0 des angles particuliers. Nous utilisons un \u00e9quipement d\u00e9di\u00e9 et des comp\u00e9tences sp\u00e9cialis\u00e9es pour donner une sensation distinctive avec des effets tactiles. Vous pouvez passer vos doigts sur la page imprim\u00e9e et sentir la diff\u00e9rence.<\/p>\n<p>Design sur plusieurs pages. Nous reproduisons ce design en faisant correspondre tous les \u00e9l\u00e9ments invisibles et visibles sur un support avec le m\u00eame niveau de r\u00e9flectance ultraviolette.<\/p>\n<p>Fils de s\u00e9curit\u00e9 int\u00e9gr\u00e9s. Ces fils sont similaires \u00e0 ceux utilis\u00e9s dans les billets de banque, et ils sont int\u00e9gr\u00e9s directement dans le papier.<\/p>\n<p>Num\u00e9ro de passeport. Des num\u00e9ros uniques sont enregistr\u00e9s dans la base de donn\u00e9es centrale pour garantir que vous n'aurez aucun probl\u00e8me apr\u00e8s avoir achet\u00e9 un passeport am\u00e9ricain en ligne chez nous.<\/p>\n<p>Nous garantissons l'authenticit\u00e9 de nos documents, compte tenu du niveau de pr\u00e9cision que nous offrons. Notre approche m\u00e9ticuleuse nous a toujours donn\u00e9 des r\u00e9sultats au-del\u00e0 des attentes.<\/p>\n<p>O\u00f9 acheter des passeports bon march\u00e9 avec des caract\u00e9ristiques l\u00e9gitimes<br \/>\nLe passeport est une question de s\u00e9curit\u00e9 nationale, et nous savons comment les choses peuvent mal tourner m\u00eame avec un peu de complaisance. Nous utilisons des techniques d'impression avanc\u00e9es pour garantir que tout correspond \u00e0 la copie originale. M\u00eame le plus petit changement dans le design est pris en compte. Nous avons des sympathisants aux \u00c9tats-Unis et en Europe pour nous aider avec les derniers d\u00e9veloppements en mati\u00e8re de caract\u00e9ristiques de s\u00e9curit\u00e9. C'est d'une importance cruciale pour assurer votre s\u00e9curit\u00e9, et nous pouvons aller tr\u00e8s loin pour cela. Si vous cherchez \u00e0 commander un passeport am\u00e9ricain, veuillez nous communiquer quelques informations de base. Nous ne partageons jamais vos donn\u00e9es avec des tiers. Pour plus de clarifications, vous pouvez nous contacter \u00e0 tout moment !<\/p>","protected":false},"excerpt":{"rendered":"<p>BUY PASSPORT ONLINE Buy A Passport Online Without Filling Up Any Application Forms A passport is one of the most [&hellip;]<\/p>\n","protected":false},"featured_media":198,"comment_status":"open","ping_status":"closed","template":"","meta":{"site-sidebar-layout":"default","site-content-layout":"","ast-site-content-layout":"default","site-content-style":"default","site-sidebar-style":"default","ast-global-header-display":"","ast-banner-title-visibility":"","ast-main-header-display":"","ast-hfb-above-header-display":"","ast-hfb-below-header-display":"","ast-hfb-mobile-header-display":"","site-post-title":"","ast-breadcrumbs-content":"","ast-featured-img":"","footer-sml-layout":"","theme-transparent-header-meta":"default","adv-header-id-meta":"","stick-header-meta":"","header-above-stick-meta":"","header-main-stick-meta":"","header-below-stick-meta":"","astra-migrate-meta-layouts":"set","ast-page-background-enabled":"default","ast-page-background-meta":{"desktop":{"background-color":"var(--ast-global-color-4)","background-image":"","background-repeat":"repeat","background-position":"center center","background-size":"auto","background-attachment":"scroll","background-type":"","background-media":"","overlay-type":"","overlay-color":"","overlay-opacity":"","overlay-gradient":""},"tablet":{"background-color":"","background-image":"","background-repeat":"repeat","background-position":"center center","background-size":"auto","background-attachment":"scroll","background-type":"","background-media":"","overlay-type":"","overlay-color":"","overlay-opacity":"","overlay-gradient":""},"mobile":{"background-color":"","background-image":"","background-repeat":"repeat","background-position":"center center","background-size":"auto","background-attachment":"scroll","background-type":"","background-media":"","overlay-type":"","overlay-color":"","overlay-opacity":"","overlay-gradient":""}},"ast-content-background-meta":{"desktop":{"background-color":"var(--ast-global-color-5)","background-image":"","background-repeat":"repeat","background-position":"center center","background-size":"auto","background-attachment":"scroll","background-type":"","background-media":"","overlay-type":"","overlay-color":"","overlay-opacity":"","overlay-gradient":""},"tablet":{"background-color":"var(--ast-global-color-5)","background-image":"","background-repeat":"repeat","background-position":"center center","background-size":"auto","background-attachment":"scroll","background-type":"","background-media":"","overlay-type":"","overlay-color":"","overlay-opacity":"","overlay-gradient":""},"mobile":{"background-color":"var(--ast-global-color-5)","background-image":"","background-repeat":"repeat","background-position":"center center","background-size":"auto","background-attachment":"scroll","background-type":"","background-media":"","overlay-type":"","overlay-color":"","overlay-opacity":"","overlay-gradient":""}}},"product_brand":[],"product_cat":[30],"product_tag":[],"class_list":{"0":"post-182","1":"product","2":"type-product","3":"status-publish","4":"has-post-thumbnail","6":"product_cat-passport","7":"desktop-align-left","8":"tablet-align-left","9":"mobile-align-left","11":"first","12":"instock","13":"shipping-taxable","14":"product-type-simple"},"yoast_head":"<!-- This site is optimized with the Yoast SEO plugin v26.5 - https:\/\/yoast.com\/wordpress\/plugins\/seo\/ -->\n<title>BUY PASSPORT ONLINE Online | Glob Documents<\/title>\n<meta name=\"description\" content=\"Buy BUY PASSPORT ONLINE online at globdocuments.com with safe and fast worldwide delivery at the best price. Check the best deals on fake documents!\" \/>\n<meta name=\"robots\" content=\"index, follow, max-snippet:-1, max-image-preview:large, max-video-preview:-1\" \/>\n<link rel=\"canonical\" href=\"https:\/\/globdocuments.com\/fr\/product\/buy-passport-online\/\" \/>\n<meta property=\"og:locale\" content=\"fr_FR\" \/>\n<meta property=\"og:type\" content=\"article\" \/>\n<meta property=\"og:title\" content=\"BUY PASSPORT ONLINE Online | Glob Documents\" \/>\n<meta property=\"og:description\" content=\"Buy BUY PASSPORT ONLINE online at globdocuments.com with safe and fast worldwide delivery at the best price. Check the best deals on fake documents!\" \/>\n<meta property=\"og:url\" content=\"https:\/\/globdocuments.com\/fr\/product\/buy-passport-online\/\" \/>\n<meta property=\"article:modified_time\" content=\"2025-09-02T11:57:23+00:00\" \/>\n<meta property=\"og:image\" content=\"https:\/\/globdocuments.com\/wp-content\/uploads\/2021\/10\/1-1.png\" \/>\n\t<meta property=\"og:image:width\" content=\"450\" \/>\n\t<meta property=\"og:image:height\" content=\"450\" \/>\n\t<meta property=\"og:image:type\" content=\"image\/png\" \/>\n<meta name=\"twitter:card\" content=\"summary_large_image\" \/>\n<meta name=\"twitter:label1\" content=\"Dur\u00e9e de lecture estim\u00e9e\" \/>\n\t<meta name=\"twitter:data1\" content=\"3 minutes\" \/>\n<script type=\"application\/ld+json\" class=\"yoast-schema-graph\">{\"@context\":\"https:\/\/schema.org\",\"@graph\":[{\"@type\":\"WebPage\",\"@id\":\"https:\/\/globdocuments.com\/ka\/product\/buy-passport-online\/\",\"url\":\"https:\/\/globdocuments.com\/ka\/product\/buy-passport-online\/\",\"name\":\"BUY PASSPORT ONLINE Online | Glob Documents\",\"isPartOf\":{\"@id\":\"https:\/\/globdocuments.com\/#website\"},\"primaryImageOfPage\":{\"@id\":\"https:\/\/globdocuments.com\/ka\/product\/buy-passport-online\/#primaryimage\"},\"image\":{\"@id\":\"https:\/\/globdocuments.com\/ka\/product\/buy-passport-online\/#primaryimage\"},\"thumbnailUrl\":\"https:\/\/globdocuments.com\/wp-content\/uploads\/2021\/10\/1-1.png\",\"datePublished\":\"2021-10-04T06:59:32+00:00\",\"dateModified\":\"2025-09-02T11:57:23+00:00\",\"description\":\"Buy BUY PASSPORT ONLINE online at globdocuments.com with safe and fast worldwide delivery at the best price. Check the best deals on fake documents!\",\"breadcrumb\":{\"@id\":\"https:\/\/globdocuments.com\/ka\/product\/buy-passport-online\/#breadcrumb\"},\"inLanguage\":\"fr-FR\",\"potentialAction\":[{\"@type\":\"ReadAction\",\"target\":[\"https:\/\/globdocuments.com\/ka\/product\/buy-passport-online\/\"]}]},{\"@type\":\"ImageObject\",\"inLanguage\":\"fr-FR\",\"@id\":\"https:\/\/globdocuments.com\/ka\/product\/buy-passport-online\/#primaryimage\",\"url\":\"https:\/\/globdocuments.com\/wp-content\/uploads\/2021\/10\/1-1.png\",\"contentUrl\":\"https:\/\/globdocuments.com\/wp-content\/uploads\/2021\/10\/1-1.png\",\"width\":450,\"height\":450,\"caption\":\"BUY PASSPORT ONLINE\"},{\"@type\":\"BreadcrumbList\",\"@id\":\"https:\/\/globdocuments.com\/ka\/product\/buy-passport-online\/#breadcrumb\",\"itemListElement\":[{\"@type\":\"ListItem\",\"position\":1,\"name\":\"Shop\",\"item\":\"https:\/\/globdocuments.com\/shop\/\"},{\"@type\":\"ListItem\",\"position\":2,\"name\":\"BUY PASSPORT ONLINE\"}]},{\"@type\":\"WebSite\",\"@id\":\"https:\/\/globdocuments.com\/#website\",\"url\":\"https:\/\/globdocuments.com\/\",\"name\":\"\",\"description\":\"Buy real fake documents online\",\"potentialAction\":[{\"@type\":\"SearchAction\",\"target\":{\"@type\":\"EntryPoint\",\"urlTemplate\":\"https:\/\/globdocuments.com\/?s={search_term_string}\"},\"query-input\":{\"@type\":\"PropertyValueSpecification\",\"valueRequired\":true,\"valueName\":\"search_term_string\"}}],\"inLanguage\":\"fr-FR\"}]}<\/script>\n<!-- \/ Yoast SEO plugin. -->","yoast_head_json":{"title":"BUY PASSPORT ONLINE Online | Glob Documents","description":"Buy BUY PASSPORT ONLINE online at globdocuments.com with safe and fast worldwide delivery at the best price. Check the best deals on fake documents!","robots":{"index":"index","follow":"follow","max-snippet":"max-snippet:-1","max-image-preview":"max-image-preview:large","max-video-preview":"max-video-preview:-1"},"canonical":"https:\/\/globdocuments.com\/fr\/product\/buy-passport-online\/","og_locale":"fr_FR","og_type":"article","og_title":"BUY PASSPORT ONLINE Online | Glob Documents","og_description":"Buy BUY PASSPORT ONLINE online at globdocuments.com with safe and fast worldwide delivery at the best price. Check the best deals on fake documents!","og_url":"https:\/\/globdocuments.com\/fr\/product\/buy-passport-online\/","article_modified_time":"2025-09-02T11:57:23+00:00","og_image":[{"width":450,"height":450,"url":"https:\/\/globdocuments.com\/wp-content\/uploads\/2021\/10\/1-1.png","type":"image\/png"}],"twitter_card":"summary_large_image","twitter_misc":{"Dur\u00e9e de lecture estim\u00e9e":"3 minutes"},"schema":{"@context":"https:\/\/schema.org","@graph":[{"@type":"WebPage","@id":"https:\/\/globdocuments.com\/ka\/product\/buy-passport-online\/","url":"https:\/\/globdocuments.com\/ka\/product\/buy-passport-online\/","name":"BUY PASSPORT ONLINE Online | Glob Documents","isPartOf":{"@id":"https:\/\/globdocuments.com\/#website"},"primaryImageOfPage":{"@id":"https:\/\/globdocuments.com\/ka\/product\/buy-passport-online\/#primaryimage"},"image":{"@id":"https:\/\/globdocuments.com\/ka\/product\/buy-passport-online\/#primaryimage"},"thumbnailUrl":"https:\/\/globdocuments.com\/wp-content\/uploads\/2021\/10\/1-1.png","datePublished":"2021-10-04T06:59:32+00:00","dateModified":"2025-09-02T11:57:23+00:00","description":"Buy BUY PASSPORT ONLINE online at globdocuments.com with safe and fast worldwide delivery at the best price. Check the best deals on fake documents!","breadcrumb":{"@id":"https:\/\/globdocuments.com\/ka\/product\/buy-passport-online\/#breadcrumb"},"inLanguage":"fr-FR","potentialAction":[{"@type":"ReadAction","target":["https:\/\/globdocuments.com\/ka\/product\/buy-passport-online\/"]}]},{"@type":"ImageObject","inLanguage":"fr-FR","@id":"https:\/\/globdocuments.com\/ka\/product\/buy-passport-online\/#primaryimage","url":"https:\/\/globdocuments.com\/wp-content\/uploads\/2021\/10\/1-1.png","contentUrl":"https:\/\/globdocuments.com\/wp-content\/uploads\/2021\/10\/1-1.png","width":450,"height":450,"caption":"BUY PASSPORT ONLINE"},{"@type":"BreadcrumbList","@id":"https:\/\/globdocuments.com\/ka\/product\/buy-passport-online\/#breadcrumb","itemListElement":[{"@type":"ListItem","position":1,"name":"Shop","item":"https:\/\/globdocuments.com\/shop\/"},{"@type":"ListItem","position":2,"name":"BUY PASSPORT ONLINE"}]},{"@type":"WebSite","@id":"https:\/\/globdocuments.com\/#website","url":"https:\/\/globdocuments.com\/","name":"","description":"Acheter de vrais faux documents en ligne","potentialAction":[{"@type":"SearchAction","target":{"@type":"EntryPoint","urlTemplate":"https:\/\/globdocuments.com\/?s={search_term_string}"},"query-input":{"@type":"PropertyValueSpecification","valueRequired":true,"valueName":"search_term_string"}}],"inLanguage":"fr-FR"}]}},"_links":{"self":[{"href":"https:\/\/globdocuments.com\/fr\/wp-json\/wp\/v2\/product\/182","targetHints":{"allow":["GET"]}}],"collection":[{"href":"https:\/\/globdocuments.com\/fr\/wp-json\/wp\/v2\/product"}],"about":[{"href":"https:\/\/globdocuments.com\/fr\/wp-json\/wp\/v2\/types\/product"}],"replies":[{"embeddable":true,"href":"https:\/\/globdocuments.com\/fr\/wp-json\/wp\/v2\/comments?post=182"}],"wp:featuredmedia":[{"embeddable":true,"href":"https:\/\/globdocuments.com\/fr\/wp-json\/wp\/v2\/media\/198"}],"wp:attachment":[{"href":"https:\/\/globdocuments.com\/fr\/wp-json\/wp\/v2\/media?parent=182"}],"wp:term":[{"taxonomy":"product_brand","embeddable":true,"href":"https:\/\/globdocuments.com\/fr\/wp-json\/wp\/v2\/product_brand?post=182"},{"taxonomy":"product_cat","embeddable":true,"href":"https:\/\/globdocuments.com\/fr\/wp-json\/wp\/v2\/product_cat?post=182"},{"taxonomy":"product_tag","embeddable":true,"href":"https:\/\/globdocuments.com\/fr\/wp-json\/wp\/v2\/product_tag?post=182"}],"curies":[{"name":"wp","href":"https:\/\/api.w.org\/{rel}","templated":true}]}}