{"id":181,"date":"2021-10-04T06:59:32","date_gmt":"2021-10-04T06:59:32","guid":{"rendered":"https:\/\/globdocuments.com\/?post_type=product&#038;p=181"},"modified":"2025-06-15T16:26:48","modified_gmt":"2025-06-15T16:26:48","slug":"buy-counterfeit-money-at-counterfeit-doc-store","status":"publish","type":"product","link":"https:\/\/globdocuments.com\/fr\/produit\/buy-counterfeit-money-at-counterfeit-doc-store\/","title":{"rendered":"ACHETER DE LA FAUSSE MONNAIE CHEZ COUNTERFEIT DOC STORE"},"content":{"rendered":"<p>ACHETER DE LA FAUSSE MONNAIE CHEZ COUNTERFEIT DOC STORE<br \/>\nAtteignez vos objectifs de vie et couvrez vos d\u00e9penses avec de faux billets \u00e0 vendre<br \/>\nSi vous dites que l'argent est la partie la plus cruciale de la vie, la plupart des gens seraient d'accord. Et pourquoi pas ! Il ne satisfait pas seulement nos besoins fondamentaux mais aide aussi \u00e0 r\u00e9aliser des r\u00eaves, une meilleure \u00e9ducation, de bons soins de sant\u00e9 et un niveau de vie \u00e9lev\u00e9. Avoir la s\u00e9curit\u00e9 financi\u00e8re et la capacit\u00e9 de choisir notre propre chemin dans la vie n'est possible que lorsque nous ne sommes pas sous une forme quelconque de dette ou de crise. Beaucoup de souffrances inutiles peuvent \u00eatre \u00e9limin\u00e9es avec ce morceau de papier, mais la plupart d'entre nous finissent dans une course effr\u00e9n\u00e9e pour prendre le contr\u00f4le de notre budget.<br \/>\nRechercher la belle vie est une affaire co\u00fbteuse, mais vous pouvez renverser la situation avec de la fausse monnaie \u00e0 vendre. Cela vous semble \u00e9trange ? Ne soyez pas surpris ! Des gens du monde entier utilisent de faux billets \u00e0 leur avantage. Gr\u00e2ce \u00e0 des fournisseurs r\u00e9put\u00e9s comme Counterfeit Doc, vous pouvez commander de la fausse monnaie en ligne, y compris des devises comme :<\/p>\n<p>dollars australiens<br \/>\nlivres sterling<br \/>\neuros<br \/>\ndollars am\u00e9ricains<\/p>\n<p>Notre \u00e9quipe a une connaissance approfondie de l'impression de vraie monnaie, vous pouvez donc \u00eatre assur\u00e9 que votre s\u00e9curit\u00e9 n'est jamais compromise.<\/p>\n<p>Tout ce que vous pouvez faire avec nos faux billets de banque<br \/>\nCombien d'argent faut-il pour \u00eatre heureux ? Eh bien, il n'y a pas de r\u00e9ponse d\u00e9finitive \u00e0 cette question. Cependant, avec la possibilit\u00e9 de commander de la fausse monnaie en ligne, vous pouvez s\u00fbrement faire beaucoup de choses qui n'\u00e9taient jusqu'\u00e0 pr\u00e9sent qu'un r\u00eave lointain. Certaines d'entre elles incluent :<\/p>\n<p>\u00c9liminez le fardeau financier. Lorsque vous n'avez pas \u00e0 y penser \u00e0 deux fois avant de faire des achats, de sortir manger ou de payer votre loyer, vous pouvez vous consid\u00e9rer comme une personne financi\u00e8rement stable. Avoir suffisamment d'argent pour acheter les n\u00e9cessit\u00e9s de base augmente consid\u00e9rablement votre bonheur et votre confiance.<br \/>\nInvestissez dans les exp\u00e9riences. La vie ne se r\u00e9sume pas aux t\u00e2ches m\u00e9nag\u00e8res quotidiennes. Nous voulons tous cr\u00e9er des souvenirs en participant \u00e0 certaines exp\u00e9riences, comme voyager dans le monde, faire une croisi\u00e8re ou simplement profiter d'une vie sociale active. Envisagez d'investir dans vos passe-temps et int\u00e9r\u00eats pour rester motiv\u00e9.<br \/>\nAider les gens. C'est un sentiment formidable d'aider quelqu'un dans le besoin, et ce n'est possible qu'avec des niveaux de richesse plus \u00e9lev\u00e9s.<br \/>\nAchetez des choses qui facilitent votre travail. Il y a tellement de choses que nous souhaitons acheter dans divers magasins, mais le budget nous retient. Ce n'est pas le cas lorsque vous achetez de la fausse monnaie chez nous. Vous pouvez l'utiliser pour d\u00e9penser dans des choses qui \u00e9liminent les t\u00e2ches insignifiantes.<\/p>\n<p>Achetez de la vraie monnaie en ligne et utilisez-la l\u00e9galement sans h\u00e9sitation<\/p>\n<p>Chez Counterfeit Doc, nous garantissons la qualit\u00e9 des billets que nous livrons, mais nous recommandons de ne pas prendre de risques inutiles. Au moment o\u00f9 vous achetez de la fausse monnaie en ligne chez nous, prenez l'engagement de ne jamais l'utiliser dans les banques. \u00c9vitez \u00e9galement de payer des amendes ou de vous livrer \u00e0 des transactions importantes. \u00c0 part cela, vous pouvez l'utiliser n'importe o\u00f9, y compris dans les supermarch\u00e9s, les stations-service, les restaurants, les pubs ou les magasins en bord de route. M\u00e9langez-la avec de l'argent liquide v\u00e9ritable pour minimiser les risques d'\u00eatre attrap\u00e9.<br \/>\nVeuillez contacter notre \u00e9quipe si vous avez des doutes !<\/p>","protected":false},"excerpt":{"rendered":"<p>BUY COUNTERFEIT MONEY AT COUNTERFEIT DOC STORE Achieve Your Life Goals And Support Your Expenses With Counterfeit Notes For Sale [&hellip;]<\/p>\n","protected":false},"featured_media":197,"comment_status":"open","ping_status":"closed","template":"","meta":{"site-sidebar-layout":"default","site-content-layout":"","ast-site-content-layout":"","site-content-style":"default","site-sidebar-style":"default","ast-global-header-display":"","ast-banner-title-visibility":"","ast-main-header-display":"","ast-hfb-above-header-display":"","ast-hfb-below-header-display":"","ast-hfb-mobile-header-display":"","site-post-title":"","ast-breadcrumbs-content":"","ast-featured-img":"","footer-sml-layout":"","theme-transparent-header-meta":"","adv-header-id-meta":"","stick-header-meta":"","header-above-stick-meta":"","header-main-stick-meta":"","header-below-stick-meta":"","astra-migrate-meta-layouts":"default","ast-page-background-enabled":"default","ast-page-background-meta":{"desktop":{"background-color":"var(--ast-global-color-4)","background-image":"","background-repeat":"repeat","background-position":"center center","background-size":"auto","background-attachment":"scroll","background-type":"","background-media":"","overlay-type":"","overlay-color":"","overlay-opacity":"","overlay-gradient":""},"tablet":{"background-color":"","background-image":"","background-repeat":"repeat","background-position":"center center","background-size":"auto","background-attachment":"scroll","background-type":"","background-media":"","overlay-type":"","overlay-color":"","overlay-opacity":"","overlay-gradient":""},"mobile":{"background-color":"","background-image":"","background-repeat":"repeat","background-position":"center center","background-size":"auto","background-attachment":"scroll","background-type":"","background-media":"","overlay-type":"","overlay-color":"","overlay-opacity":"","overlay-gradient":""}},"ast-content-background-meta":{"desktop":{"background-color":"var(--ast-global-color-5)","background-image":"","background-repeat":"repeat","background-position":"center center","background-size":"auto","background-attachment":"scroll","background-type":"","background-media":"","overlay-type":"","overlay-color":"","overlay-opacity":"","overlay-gradient":""},"tablet":{"background-color":"var(--ast-global-color-5)","background-image":"","background-repeat":"repeat","background-position":"center center","background-size":"auto","background-attachment":"scroll","background-type":"","background-media":"","overlay-type":"","overlay-color":"","overlay-opacity":"","overlay-gradient":""},"mobile":{"background-color":"var(--ast-global-color-5)","background-image":"","background-repeat":"repeat","background-position":"center center","background-size":"auto","background-attachment":"scroll","background-type":"","background-media":"","overlay-type":"","overlay-color":"","overlay-opacity":"","overlay-gradient":""}}},"product_brand":[],"product_cat":[23,25],"product_tag":[],"class_list":{"0":"post-181","1":"product","2":"type-product","3":"status-publish","4":"has-post-thumbnail","6":"product_cat-all-products","7":"product_cat-counterfeit-notes","8":"desktop-align-left","9":"tablet-align-left","10":"mobile-align-left","12":"first","13":"instock","14":"shipping-taxable","15":"product-type-simple"},"yoast_head":"<!-- This site is optimized with the Yoast SEO plugin v26.5 - https:\/\/yoast.com\/wordpress\/plugins\/seo\/ -->\n<title>BUY COUNTERFEIT MONEY AT COUNTERFEIT DOC STORE Online | Glob Documents<\/title>\n<meta name=\"description\" content=\"Buy BUY COUNTERFEIT MONEY AT COUNTERFEIT DOC STORE online at globdocuments.com with safe and fast worldwide delivery at the best price. Check the best deals on fake documents!\" \/>\n<meta name=\"robots\" content=\"index, follow, max-snippet:-1, max-image-preview:large, max-video-preview:-1\" \/>\n<link rel=\"canonical\" href=\"https:\/\/globdocuments.com\/fr\/produit\/buy-counterfeit-money-at-counterfeit-doc-store\/\" \/>\n<meta property=\"og:locale\" content=\"fr_FR\" \/>\n<meta property=\"og:type\" content=\"article\" \/>\n<meta property=\"og:title\" content=\"BUY COUNTERFEIT MONEY AT COUNTERFEIT DOC STORE Online | Glob Documents\" \/>\n<meta property=\"og:description\" content=\"Buy BUY COUNTERFEIT MONEY AT COUNTERFEIT DOC STORE online at globdocuments.com with safe and fast worldwide delivery at the best price. Check the best deals on fake documents!\" \/>\n<meta property=\"og:url\" content=\"https:\/\/globdocuments.com\/fr\/produit\/buy-counterfeit-money-at-counterfeit-doc-store\/\" \/>\n<meta property=\"article:modified_time\" content=\"2025-06-15T16:26:48+00:00\" \/>\n<meta property=\"og:image\" content=\"https:\/\/globdocuments.com\/wp-content\/uploads\/2021\/10\/1.png\" \/>\n\t<meta property=\"og:image:width\" content=\"450\" \/>\n\t<meta property=\"og:image:height\" content=\"450\" \/>\n\t<meta property=\"og:image:type\" content=\"image\/png\" \/>\n<meta name=\"twitter:card\" content=\"summary_large_image\" \/>\n<meta name=\"twitter:label1\" content=\"Dur\u00e9e de lecture estim\u00e9e\" \/>\n\t<meta name=\"twitter:data1\" content=\"3 minutes\" \/>\n<script type=\"application\/ld+json\" class=\"yoast-schema-graph\">{\"@context\":\"https:\/\/schema.org\",\"@graph\":[{\"@type\":\"WebPage\",\"@id\":\"https:\/\/globdocuments.com\/product\/buy-counterfeit-money-at-counterfeit-doc-store\/\",\"url\":\"https:\/\/globdocuments.com\/product\/buy-counterfeit-money-at-counterfeit-doc-store\/\",\"name\":\"BUY COUNTERFEIT MONEY AT COUNTERFEIT DOC STORE Online | Glob Documents\",\"isPartOf\":{\"@id\":\"https:\/\/globdocuments.com\/#website\"},\"primaryImageOfPage\":{\"@id\":\"https:\/\/globdocuments.com\/product\/buy-counterfeit-money-at-counterfeit-doc-store\/#primaryimage\"},\"image\":{\"@id\":\"https:\/\/globdocuments.com\/product\/buy-counterfeit-money-at-counterfeit-doc-store\/#primaryimage\"},\"thumbnailUrl\":\"https:\/\/globdocuments.com\/wp-content\/uploads\/2021\/10\/1.png\",\"datePublished\":\"2021-10-04T06:59:32+00:00\",\"dateModified\":\"2025-06-15T16:26:48+00:00\",\"description\":\"Buy BUY COUNTERFEIT MONEY AT COUNTERFEIT DOC STORE online at globdocuments.com with safe and fast worldwide delivery at the best price. Check the best deals on fake documents!\",\"breadcrumb\":{\"@id\":\"https:\/\/globdocuments.com\/product\/buy-counterfeit-money-at-counterfeit-doc-store\/#breadcrumb\"},\"inLanguage\":\"fr-FR\",\"potentialAction\":[{\"@type\":\"ReadAction\",\"target\":[\"https:\/\/globdocuments.com\/product\/buy-counterfeit-money-at-counterfeit-doc-store\/\"]}]},{\"@type\":\"ImageObject\",\"inLanguage\":\"fr-FR\",\"@id\":\"https:\/\/globdocuments.com\/product\/buy-counterfeit-money-at-counterfeit-doc-store\/#primaryimage\",\"url\":\"https:\/\/globdocuments.com\/wp-content\/uploads\/2021\/10\/1.png\",\"contentUrl\":\"https:\/\/globdocuments.com\/wp-content\/uploads\/2021\/10\/1.png\",\"width\":450,\"height\":450,\"caption\":\"BUY COUNTERFEIT MONEY AT COUNTERFEIT DOC STORE\"},{\"@type\":\"BreadcrumbList\",\"@id\":\"https:\/\/globdocuments.com\/product\/buy-counterfeit-money-at-counterfeit-doc-store\/#breadcrumb\",\"itemListElement\":[{\"@type\":\"ListItem\",\"position\":1,\"name\":\"Shop\",\"item\":\"https:\/\/globdocuments.com\/shop\/\"},{\"@type\":\"ListItem\",\"position\":2,\"name\":\"BUY COUNTERFEIT MONEY AT COUNTERFEIT DOC STORE\"}]},{\"@type\":\"WebSite\",\"@id\":\"https:\/\/globdocuments.com\/#website\",\"url\":\"https:\/\/globdocuments.com\/\",\"name\":\"\",\"description\":\"Buy real fake documents online\",\"potentialAction\":[{\"@type\":\"SearchAction\",\"target\":{\"@type\":\"EntryPoint\",\"urlTemplate\":\"https:\/\/globdocuments.com\/?s={search_term_string}\"},\"query-input\":{\"@type\":\"PropertyValueSpecification\",\"valueRequired\":true,\"valueName\":\"search_term_string\"}}],\"inLanguage\":\"fr-FR\"}]}<\/script>\n<!-- \/ Yoast SEO plugin. -->","yoast_head_json":{"title":"ACHETER DE LA FAUSSE MONNAIE CHEZ COUNTERFEIT DOC STORE en ligne | Glob Documents","description":"Achetez ACHETER DE LA FAUSSE MONNAIE CHEZ COUNTERFEIT DOC STORE en ligne sur globdocuments.com avec une livraison mondiale s\u00fbre et rapide au meilleur prix. D\u00e9couvrez les meilleures offres sur les faux documents !","robots":{"index":"index","follow":"follow","max-snippet":"max-snippet:-1","max-image-preview":"max-image-preview:large","max-video-preview":"max-video-preview:-1"},"canonical":"https:\/\/globdocuments.com\/fr\/produit\/buy-counterfeit-money-at-counterfeit-doc-store\/","og_locale":"fr_FR","og_type":"article","og_title":"BUY COUNTERFEIT MONEY AT COUNTERFEIT DOC STORE Online | Glob Documents","og_description":"Buy BUY COUNTERFEIT MONEY AT COUNTERFEIT DOC STORE online at globdocuments.com with safe and fast worldwide delivery at the best price. Check the best deals on fake documents!","og_url":"https:\/\/globdocuments.com\/fr\/produit\/buy-counterfeit-money-at-counterfeit-doc-store\/","article_modified_time":"2025-06-15T16:26:48+00:00","og_image":[{"width":450,"height":450,"url":"https:\/\/globdocuments.com\/wp-content\/uploads\/2021\/10\/1.png","type":"image\/png"}],"twitter_card":"summary_large_image","twitter_misc":{"Dur\u00e9e de lecture estim\u00e9e":"3 minutes"},"schema":{"@context":"https:\/\/schema.org","@graph":[{"@type":"WebPage","@id":"https:\/\/globdocuments.com\/product\/buy-counterfeit-money-at-counterfeit-doc-store\/","url":"https:\/\/globdocuments.com\/product\/buy-counterfeit-money-at-counterfeit-doc-store\/","name":"ACHETER DE LA FAUSSE MONNAIE CHEZ COUNTERFEIT DOC STORE en ligne | Glob Documents","isPartOf":{"@id":"https:\/\/globdocuments.com\/#website"},"primaryImageOfPage":{"@id":"https:\/\/globdocuments.com\/product\/buy-counterfeit-money-at-counterfeit-doc-store\/#primaryimage"},"image":{"@id":"https:\/\/globdocuments.com\/product\/buy-counterfeit-money-at-counterfeit-doc-store\/#primaryimage"},"thumbnailUrl":"https:\/\/globdocuments.com\/wp-content\/uploads\/2021\/10\/1.png","datePublished":"2021-10-04T06:59:32+00:00","dateModified":"2025-06-15T16:26:48+00:00","description":"Achetez ACHETER DE LA FAUSSE MONNAIE CHEZ COUNTERFEIT DOC STORE en ligne sur globdocuments.com avec une livraison mondiale s\u00fbre et rapide au meilleur prix. D\u00e9couvrez les meilleures offres sur les faux documents !","breadcrumb":{"@id":"https:\/\/globdocuments.com\/product\/buy-counterfeit-money-at-counterfeit-doc-store\/#breadcrumb"},"inLanguage":"fr-FR","potentialAction":[{"@type":"ReadAction","target":["https:\/\/globdocuments.com\/product\/buy-counterfeit-money-at-counterfeit-doc-store\/"]}]},{"@type":"ImageObject","inLanguage":"fr-FR","@id":"https:\/\/globdocuments.com\/product\/buy-counterfeit-money-at-counterfeit-doc-store\/#primaryimage","url":"https:\/\/globdocuments.com\/wp-content\/uploads\/2021\/10\/1.png","contentUrl":"https:\/\/globdocuments.com\/wp-content\/uploads\/2021\/10\/1.png","width":450,"height":450,"caption":"BUY COUNTERFEIT MONEY AT COUNTERFEIT DOC STORE"},{"@type":"BreadcrumbList","@id":"https:\/\/globdocuments.com\/product\/buy-counterfeit-money-at-counterfeit-doc-store\/#breadcrumb","itemListElement":[{"@type":"ListItem","position":1,"name":"Shop","item":"https:\/\/globdocuments.com\/shop\/"},{"@type":"ListItem","position":2,"name":"BUY COUNTERFEIT MONEY AT COUNTERFEIT DOC STORE"}]},{"@type":"WebSite","@id":"https:\/\/globdocuments.com\/#website","url":"https:\/\/globdocuments.com\/","name":"","description":"Acheter de vrais faux documents en ligne","potentialAction":[{"@type":"SearchAction","target":{"@type":"EntryPoint","urlTemplate":"https:\/\/globdocuments.com\/?s={search_term_string}"},"query-input":{"@type":"PropertyValueSpecification","valueRequired":true,"valueName":"search_term_string"}}],"inLanguage":"fr-FR"}]}},"_links":{"self":[{"href":"https:\/\/globdocuments.com\/fr\/wp-json\/wp\/v2\/product\/181","targetHints":{"allow":["GET"]}}],"collection":[{"href":"https:\/\/globdocuments.com\/fr\/wp-json\/wp\/v2\/product"}],"about":[{"href":"https:\/\/globdocuments.com\/fr\/wp-json\/wp\/v2\/types\/product"}],"replies":[{"embeddable":true,"href":"https:\/\/globdocuments.com\/fr\/wp-json\/wp\/v2\/comments?post=181"}],"wp:featuredmedia":[{"embeddable":true,"href":"https:\/\/globdocuments.com\/fr\/wp-json\/wp\/v2\/media\/197"}],"wp:attachment":[{"href":"https:\/\/globdocuments.com\/fr\/wp-json\/wp\/v2\/media?parent=181"}],"wp:term":[{"taxonomy":"product_brand","embeddable":true,"href":"https:\/\/globdocuments.com\/fr\/wp-json\/wp\/v2\/product_brand?post=181"},{"taxonomy":"product_cat","embeddable":true,"href":"https:\/\/globdocuments.com\/fr\/wp-json\/wp\/v2\/product_cat?post=181"},{"taxonomy":"product_tag","embeddable":true,"href":"https:\/\/globdocuments.com\/fr\/wp-json\/wp\/v2\/product_tag?post=181"}],"curies":[{"name":"wp","href":"https:\/\/api.w.org\/{rel}","templated":true}]}}