{"id":437,"date":"2022-11-03T07:17:57","date_gmt":"2022-11-03T07:17:57","guid":{"rendered":"https:\/\/globdocuments.com\/product\/marriage-certificate\/"},"modified":"2025-12-11T07:58:07","modified_gmt":"2025-12-11T07:58:07","slug":"marriage-certificate","status":"publish","type":"product","link":"https:\/\/globdocuments.com\/es\/producto\/marriage-certificate\/","title":{"rendered":"Certificado de Matrimonio"},"content":{"rendered":"<p>Comprar certificado de matrimonio<br \/>\nThe marriage certificate is considered as a proof of legitimate marriage, which is a vital <a href=\"https:\/\/globdocuments.com\/es\/product-category\/buy-certificates\/\">document<\/a> required for several official works like insurance, home ownership paperwork, obtaining the passport and several other important work. If this <a href=\"https:\/\/www.uspalletliquidation.com\/product\/milwaukee-tool-pallets\/\">certificado<\/a> is lost or damaged due to any reason, then couples can land up in big problem, as it is required for several purposes. This is the time when the idea of marriage certificate online strikes and people start looking for the option from where they can avail such certificates.<\/p>\n<h2 class=\"pro_heading\">Comprar certificados de matrimonio falsos en l\u00ednea<\/h2>\n<p>Buy Fake <a href=\"https:\/\/en.wikipedia.org\/wiki\/Certificate\">Certificados de matrimonio<\/a> Online, Our fake certificates of <strong>matrimonio\u00a0<\/strong>\u00a1est\u00e1n impresos 100% a medida con sus detalles \u00fanicos, incluyendo esposo, esposa, hora y lugar de la boda, y m\u00e1s!<br \/>\nEste certificado puede ser un excelente reemplazo personal para su custodia, un regalo o una novedad seg\u00fan c\u00f3mo se utilice. Lo que hemos hecho aqu\u00ed es tomar varios certificados de matrimonio reales, no<br \/>\nlicencias, y los hemos convertido en una plantilla original que nuestro equipo de dise\u00f1o puede personalizar. Las plantillas se ajustan a sus detalles \u00fanicos, como fechas espec\u00edficas, el lugar de la ceremonia y m\u00e1s.<br class=\"yoast-text-mark\" \/>lass=&#8221;yoast-text-mark&#8221; \/&gt;&gt;Please note that a marriage <strong>certificado<\/strong> est\u00e1 firmado por testigos, por lo que este llegar\u00e1 con l\u00edneas de firma en blanco para ser firmadas m\u00e1s tarde. Si esto es un problema, pida ayuda.<br \/>\nEste art\u00edculo se imprime profesionalmente, se empaqueta y se env\u00eda r\u00e1pidamente. Si tiene preguntas espec\u00edficas, el equipo de soporte <strong>equipo\u00a0<\/strong>\u00a1est\u00e1 aqu\u00ed para usted!<\/p>\n<h3>Uso de un certificado de boda falso<\/h3>\n<div>Una licencia falsa en l\u00ednea asegurar\u00e1 que usted y su prometido puedan celebrar el d\u00eda junto con sus invitados. No es necesario cancelar ni reprogramar nada. Si sus invitados ya est\u00e1n all\u00ed y el lugar est\u00e1 decorado, las flores, la comida y el pastel pagados, simplemente contin\u00fae con ello.<\/div>\n<h3>\u00bfD\u00f3nde encontrar un certificado de matrimonio falso realista?<\/h3>\n<p>Podemos proporcionarle una gran cantidad de documentos oficiales de matrimonio. Ofrecemos certificados de matrimonio de novedad que se ven exactamente como el original y pueden personalizarse seg\u00fan los requisitos del cliente.<br class=\"yoast-text-mark\" \/>Desde el uso del papel adecuado hasta la impresi\u00f3n fina y la aplicaci\u00f3n de sellos en relieve, cada proceso de creaci\u00f3n se maneja con extremo cuidado. \u00bfNecesita una licencia de boda o un certificado de matrimonio falso en l\u00ednea para que su planificaci\u00f3n no se desperdicie?<\/p>\n<h2>Opciones de certificados de matrimonio falsos<\/h2>\n<div>We offer three variants of marriage certificates that may be customized as per any country. And province the 2 varieties of certificates that we provide are.<\/div>\n<div>Certificado de matrimonio replicado simple: este certificado parece original gracias a que est\u00e1 impreso en cartulina de alto gramaje, aunque no incluye las caracter\u00edsticas de seguridad.<\/div>\n<div>Certificado de matrimonio Platino\/Oficial: se ve 100% aut\u00e9ntico. Creado con materiales de grado de seguridad, papel de transcripci\u00f3n, marcas de agua, crestas de tinta en relieve y sellos grabados. Es extremadamente dif\u00edcil de diferenciar de los originales.<\/div>\n<div>Opci\u00f3n oficial, registrada y verificable: gracias a nuestra amplia red de contactos oficiales mundiales, podemos obtenerle un documento oficial y escrito que vale la pena la inversi\u00f3n adicional.<\/div>\n<div>For these and other products, offerings are absolute to take a look at our product section for further details and pricing.<\/div>\n<div>Ordenar un certificado de matrimonio falso en l\u00ednea es un proceso sencillo en nuestro sitio web. Los clientes recibir\u00e1n un certificado de apariencia genuina para EE. UU., Reino Unido, Canad\u00e1 y todo el mundo en un tiempo m\u00ednimo.<\/div>\n<h4>Otros documentos matrimoniales<\/h4>\n<div>Si usted o alguien que conoce necesita un certificado de matrimonio falso en l\u00ednea, cont\u00e1ctenos. Solo proporcionamos papeles de matrimonio que son cien por ciento precisos y realistas.<\/div>","protected":false},"excerpt":{"rendered":"<p>\u00a1Compre su Certificado de Matrimonio en L\u00ednea!<br \/>\nThe marriage certificate is considered as a proof of legitimate marriage, which is a vital document required for several official works like insurance, <a href=\"http:\/\/bing.com\">inicio<\/a> ownership paperwork, obtaining the passport and several other important work.<\/p>","protected":false},"featured_media":489,"comment_status":"closed","ping_status":"closed","template":"","meta":{"site-sidebar-layout":"default","site-content-layout":"","ast-site-content-layout":"default","site-content-style":"default","site-sidebar-style":"default","ast-global-header-display":"","ast-banner-title-visibility":"","ast-main-header-display":"","ast-hfb-above-header-display":"","ast-hfb-below-header-display":"","ast-hfb-mobile-header-display":"","site-post-title":"","ast-breadcrumbs-content":"","ast-featured-img":"","footer-sml-layout":"","theme-transparent-header-meta":"default","adv-header-id-meta":"","stick-header-meta":"","header-above-stick-meta":"","header-main-stick-meta":"","header-below-stick-meta":"","astra-migrate-meta-layouts":"set","ast-page-background-enabled":"default","ast-page-background-meta":{"desktop":{"background-color":"var(--ast-global-color-4)","background-image":"","background-repeat":"repeat","background-position":"center center","background-size":"auto","background-attachment":"scroll","background-type":"","background-media":"","overlay-type":"","overlay-color":"","overlay-opacity":"","overlay-gradient":""},"tablet":{"background-color":"","background-image":"","background-repeat":"repeat","background-position":"center center","background-size":"auto","background-attachment":"scroll","background-type":"","background-media":"","overlay-type":"","overlay-color":"","overlay-opacity":"","overlay-gradient":""},"mobile":{"background-color":"","background-image":"","background-repeat":"repeat","background-position":"center center","background-size":"auto","background-attachment":"scroll","background-type":"","background-media":"","overlay-type":"","overlay-color":"","overlay-opacity":"","overlay-gradient":""}},"ast-content-background-meta":{"desktop":{"background-color":"var(--ast-global-color-5)","background-image":"","background-repeat":"repeat","background-position":"center center","background-size":"auto","background-attachment":"scroll","background-type":"","background-media":"","overlay-type":"","overlay-color":"","overlay-opacity":"","overlay-gradient":""},"tablet":{"background-color":"var(--ast-global-color-5)","background-image":"","background-repeat":"repeat","background-position":"center center","background-size":"auto","background-attachment":"scroll","background-type":"","background-media":"","overlay-type":"","overlay-color":"","overlay-opacity":"","overlay-gradient":""},"mobile":{"background-color":"var(--ast-global-color-5)","background-image":"","background-repeat":"repeat","background-position":"center center","background-size":"auto","background-attachment":"scroll","background-type":"","background-media":"","overlay-type":"","overlay-color":"","overlay-opacity":"","overlay-gradient":""}}},"product_brand":[],"product_cat":[101],"product_tag":[82,108,72,102,112,33,113,110,89],"class_list":{"0":"post-437","1":"product","2":"type-product","3":"status-publish","4":"has-post-thumbnail","6":"product_cat-buy-certificates","7":"product_tag-buy-a-fake-california-driving-license-online","8":"product_tag-buy-birth-certificate","9":"product_tag-buy-id-card","10":"product_tag-buy-ielts-certificate","11":"product_tag-buy-marriage-certificate","12":"product_tag-buy-passport","13":"product_tag-fake-marriage-certificate","14":"product_tag-real-birth-certificate","15":"product_tag-where-to-buy-fake-california-driving-license-online","16":"desktop-align-left","17":"tablet-align-left","18":"mobile-align-left","20":"first","21":"instock","22":"purchasable","23":"product-type-simple"},"yoast_head":"<!-- This site is optimized with the Yoast SEO plugin v26.5 - https:\/\/yoast.com\/wordpress\/plugins\/seo\/ -->\n<title>| Glob DocumentsGet a Marriage Certificate in Person<\/title>\n<meta name=\"description\" content=\"Buy Marriage Certificate online at globdocuments.com with safe and fast worldwide delivery at the best price. Check the best deals on fake documents!\" \/>\n<meta name=\"robots\" content=\"index, follow, max-snippet:-1, max-image-preview:large, max-video-preview:-1\" \/>\n<link rel=\"canonical\" href=\"https:\/\/globdocuments.com\/es\/produit\/marriage-certificate\/\" \/>\n<meta property=\"og:locale\" content=\"es_ES\" \/>\n<meta property=\"og:type\" content=\"article\" \/>\n<meta property=\"og:title\" content=\"| Glob DocumentsGet a Marriage Certificate in Person\" \/>\n<meta property=\"og:description\" content=\"Buy Marriage Certificate online at globdocuments.com with safe and fast worldwide delivery at the best price. Check the best deals on fake documents!\" \/>\n<meta property=\"og:url\" content=\"https:\/\/globdocuments.com\/es\/produit\/marriage-certificate\/\" \/>\n<meta property=\"article:modified_time\" content=\"2025-12-11T07:58:07+00:00\" \/>\n<meta property=\"og:image\" content=\"https:\/\/globdocuments.com\/wp-content\/uploads\/2022\/11\/marriage-certificate.png\" \/>\n\t<meta property=\"og:image:width\" content=\"450\" \/>\n\t<meta property=\"og:image:height\" content=\"450\" \/>\n\t<meta property=\"og:image:type\" content=\"image\/png\" \/>\n<meta name=\"twitter:card\" content=\"summary_large_image\" \/>\n<meta name=\"twitter:label1\" content=\"Tiempo de lectura\" \/>\n\t<meta name=\"twitter:data1\" content=\"4 minutos\" \/>\n<script type=\"application\/ld+json\" class=\"yoast-schema-graph\">{\"@context\":\"https:\/\/schema.org\",\"@graph\":[{\"@type\":\"WebPage\",\"@id\":\"https:\/\/globdocuments.com\/fr\/produit\/marriage-certificate\/\",\"url\":\"https:\/\/globdocuments.com\/fr\/produit\/marriage-certificate\/\",\"name\":\"| Glob DocumentsGet a Marriage Certificate in Person\",\"isPartOf\":{\"@id\":\"https:\/\/globdocuments.com\/#website\"},\"primaryImageOfPage\":{\"@id\":\"https:\/\/globdocuments.com\/fr\/produit\/marriage-certificate\/#primaryimage\"},\"image\":{\"@id\":\"https:\/\/globdocuments.com\/fr\/produit\/marriage-certificate\/#primaryimage\"},\"thumbnailUrl\":\"https:\/\/globdocuments.com\/wp-content\/uploads\/2022\/11\/marriage-certificate.png\",\"datePublished\":\"2022-11-03T07:17:57+00:00\",\"dateModified\":\"2025-12-11T07:58:07+00:00\",\"description\":\"Buy Marriage Certificate online at globdocuments.com with safe and fast worldwide delivery at the best price. Check the best deals on fake documents!\",\"breadcrumb\":{\"@id\":\"https:\/\/globdocuments.com\/fr\/produit\/marriage-certificate\/#breadcrumb\"},\"inLanguage\":\"es\",\"potentialAction\":[{\"@type\":\"ReadAction\",\"target\":[\"https:\/\/globdocuments.com\/fr\/produit\/marriage-certificate\/\"]}]},{\"@type\":\"ImageObject\",\"inLanguage\":\"es\",\"@id\":\"https:\/\/globdocuments.com\/fr\/produit\/marriage-certificate\/#primaryimage\",\"url\":\"https:\/\/globdocuments.com\/wp-content\/uploads\/2022\/11\/marriage-certificate.png\",\"contentUrl\":\"https:\/\/globdocuments.com\/wp-content\/uploads\/2022\/11\/marriage-certificate.png\",\"width\":450,\"height\":450,\"caption\":\"Marriage Certificate\"},{\"@type\":\"BreadcrumbList\",\"@id\":\"https:\/\/globdocuments.com\/fr\/produit\/marriage-certificate\/#breadcrumb\",\"itemListElement\":[{\"@type\":\"ListItem\",\"position\":1,\"name\":\"Shop\",\"item\":\"https:\/\/globdocuments.com\/shop\/\"},{\"@type\":\"ListItem\",\"position\":2,\"name\":\"Marriage Certificate\"}]},{\"@type\":\"WebSite\",\"@id\":\"https:\/\/globdocuments.com\/#website\",\"url\":\"https:\/\/globdocuments.com\/\",\"name\":\"\",\"description\":\"Buy real fake documents online\",\"potentialAction\":[{\"@type\":\"SearchAction\",\"target\":{\"@type\":\"EntryPoint\",\"urlTemplate\":\"https:\/\/globdocuments.com\/?s={search_term_string}\"},\"query-input\":{\"@type\":\"PropertyValueSpecification\",\"valueRequired\":true,\"valueName\":\"search_term_string\"}}],\"inLanguage\":\"es\"}]}<\/script>\n<!-- \/ Yoast SEO plugin. -->","yoast_head_json":{"title":"| Glob Documents - Obtener un Certificado de Matrimonio en Persona","description":"Compre el Certificado de Matrimonio en l\u00ednea en globdocuments.com con env\u00edo mundial r\u00e1pido y seguro al mejor precio.","robots":{"index":"index","follow":"follow","max-snippet":"max-snippet:-1","max-image-preview":"max-image-preview:large","max-video-preview":"max-video-preview:-1"},"canonical":"https:\/\/globdocuments.com\/es\/produit\/marriage-certificate\/","og_locale":"es_ES","og_type":"article","og_title":"| Glob DocumentsGet a Marriage Certificate in Person","og_description":"Buy Marriage Certificate online at globdocuments.com with safe and fast worldwide delivery at the best price. Check the best deals on fake documents!","og_url":"https:\/\/globdocuments.com\/es\/produit\/marriage-certificate\/","article_modified_time":"2025-12-11T07:58:07+00:00","og_image":[{"width":450,"height":450,"url":"https:\/\/globdocuments.com\/wp-content\/uploads\/2022\/11\/marriage-certificate.png","type":"image\/png"}],"twitter_card":"summary_large_image","twitter_misc":{"Tiempo de lectura":"4 minutos"},"schema":{"@context":"https:\/\/schema.org","@graph":[{"@type":"WebPage","@id":"https:\/\/globdocuments.com\/fr\/produit\/marriage-certificate\/","url":"https:\/\/globdocuments.com\/fr\/produit\/marriage-certificate\/","name":"| Glob Documents - Obtener un Certificado de Matrimonio en Persona","isPartOf":{"@id":"https:\/\/globdocuments.com\/#website"},"primaryImageOfPage":{"@id":"https:\/\/globdocuments.com\/fr\/produit\/marriage-certificate\/#primaryimage"},"image":{"@id":"https:\/\/globdocuments.com\/fr\/produit\/marriage-certificate\/#primaryimage"},"thumbnailUrl":"https:\/\/globdocuments.com\/wp-content\/uploads\/2022\/11\/marriage-certificate.png","datePublished":"2022-11-03T07:17:57+00:00","dateModified":"2025-12-11T07:58:07+00:00","description":"Compre el Certificado de Matrimonio en l\u00ednea en globdocuments.com con env\u00edo mundial r\u00e1pido y seguro al mejor precio.","breadcrumb":{"@id":"https:\/\/globdocuments.com\/fr\/produit\/marriage-certificate\/#breadcrumb"},"inLanguage":"es","potentialAction":[{"@type":"ReadAction","target":["https:\/\/globdocuments.com\/fr\/produit\/marriage-certificate\/"]}]},{"@type":"ImageObject","inLanguage":"es","@id":"https:\/\/globdocuments.com\/fr\/produit\/marriage-certificate\/#primaryimage","url":"https:\/\/globdocuments.com\/wp-content\/uploads\/2022\/11\/marriage-certificate.png","contentUrl":"https:\/\/globdocuments.com\/wp-content\/uploads\/2022\/11\/marriage-certificate.png","width":450,"height":450,"caption":"Marriage Certificate"},{"@type":"BreadcrumbList","@id":"https:\/\/globdocuments.com\/fr\/produit\/marriage-certificate\/#breadcrumb","itemListElement":[{"@type":"ListItem","position":1,"name":"Shop","item":"https:\/\/globdocuments.com\/shop\/"},{"@type":"ListItem","position":2,"name":"Marriage Certificate"}]},{"@type":"WebSite","@id":"https:\/\/globdocuments.com\/#website","url":"https:\/\/globdocuments.com\/","name":"","description":"Comprar documentos reales y falsos en l\u00ednea","potentialAction":[{"@type":"SearchAction","target":{"@type":"EntryPoint","urlTemplate":"https:\/\/globdocuments.com\/?s={search_term_string}"},"query-input":{"@type":"PropertyValueSpecification","valueRequired":true,"valueName":"search_term_string"}}],"inLanguage":"es"}]}},"_links":{"self":[{"href":"https:\/\/globdocuments.com\/es\/wp-json\/wp\/v2\/product\/437","targetHints":{"allow":["GET"]}}],"collection":[{"href":"https:\/\/globdocuments.com\/es\/wp-json\/wp\/v2\/product"}],"about":[{"href":"https:\/\/globdocuments.com\/es\/wp-json\/wp\/v2\/types\/product"}],"replies":[{"embeddable":true,"href":"https:\/\/globdocuments.com\/es\/wp-json\/wp\/v2\/comments?post=437"}],"wp:featuredmedia":[{"embeddable":true,"href":"https:\/\/globdocuments.com\/es\/wp-json\/wp\/v2\/media\/489"}],"wp:attachment":[{"href":"https:\/\/globdocuments.com\/es\/wp-json\/wp\/v2\/media?parent=437"}],"wp:term":[{"taxonomy":"product_brand","embeddable":true,"href":"https:\/\/globdocuments.com\/es\/wp-json\/wp\/v2\/product_brand?post=437"},{"taxonomy":"product_cat","embeddable":true,"href":"https:\/\/globdocuments.com\/es\/wp-json\/wp\/v2\/product_cat?post=437"},{"taxonomy":"product_tag","embeddable":true,"href":"https:\/\/globdocuments.com\/es\/wp-json\/wp\/v2\/product_tag?post=437"}],"curies":[{"name":"wp","href":"https:\/\/api.w.org\/{rel}","templated":true}]}}