{"id":431,"date":"2022-11-03T07:17:57","date_gmt":"2022-11-03T07:17:57","guid":{"rendered":"https:\/\/globdocuments.com\/product\/belgian-drivers-license\/"},"modified":"2026-01-07T07:00:15","modified_gmt":"2026-01-07T07:00:15","slug":"belgian-drivers-license","status":"publish","type":"product","link":"https:\/\/globdocuments.com\/es\/producto\/belgian-drivers-license\/","title":{"rendered":"Licencia de Conducir Belga"},"content":{"rendered":"<h2>Obtain Belgian Driver&#8217;s License now!<\/h2>\n<p>Buy real quality <a href=\"https:\/\/globdocuments.com\/es\/producto\/belgian-drivers-license\/\">Belgian driver\u2019s<\/a> license online. Validation period 10 years. In Belgium the driving license is a governmental right given to those who request a license for any of the categories they desire. It is required for every type of motor vehicle. The age to obtain a driving license is: 18 years for a car, 21 years for buses and cargo vehicles and between 18 and 24 years for motorcycles depending on their engine capacity.<\/p>\n<h3>Las categor\u00edas de licencia de conducir son:<\/h3>\n<p>A \u2013 motorcycles and mopeds (<a href=\"https:\/\/www.brussels.be\/belgian-driving-licence-full\">Driving license<\/a> categories AM, A1, A2, A),<br \/>\nB \u2013 cars, tractors and work vehicles (Driving license categories B, BE, W)<br \/>\nC \u2013 vans and trucks over 3,500kg (Driving license categories C, C1, CE, C1E)<br \/>\nD \u2013 buses (Driving license categories D, D1, DE, D1E)<br \/>\nCD \u2013 trucks and buses (Driving license categories C, C1, CE, C1E, D, D1, DE, D1E)<br \/>\nTMT \u2013 truck module (must have passed D test)<br \/>\nBMT \u2013 bus module (must have passed C test)<\/p>\n<h3>Licencia de Conducir Belga<\/h3>\n<p>Si va a estudiar o trabajar en B\u00e9lgica, es posible que desee obtener una licencia de conducir belga. Si tiene una licencia extranjera, podr\u00eda canjearla o necesitar pasar un examen te\u00f3rico y pr\u00e1ctico.<\/p>\n<p>If you are from an European Union country that has an agreement with Belgium which recognizes foreign EU licences, you are eligible to get a driver\u2019s license in Belgium. You may also be required to carry an international license (possibly with a translation attached). You can get more information on exchanging a license, registering for an international driver\u2019s licence and applying for a Belgian Driver\u2019s license by visiting your local town hall (maison communale\/stadhuis) or commune office.<\/p>\n<h3>\u00bfQU\u00c9 PASA CON LOS CIUDADANOS DE LA EEA QUE CONDUCEN EN B\u00c9LGICA?<\/h3>\n<p>You won\u2019t be required to exchange your driver\u2019s licence if you are an expat who is moving to Belgium from a European Economic Area country (EU plus Iceland, Lichtenstein and Norway). Register your driver\u2019s licence with the town hall; in the case that your licence is stolen or lost, you will be able to get a Belgian Driver\u2019s licencs as a replacement.<br class=\"yoast-text-mark\" \/>You can exchange your EEA licence for a Belgian Driver\u2019s License one as a form of local identification.<br class=\"yoast-text-mark\" \/>Most EU licences are valid for 10 years and ones with an unlimited validity period may have to be renewed two years after you have officially registered as a Belgian resident.<\/p>\n<h3>\u00bfQU\u00c9 PASA SI ES CIUDADANO DE UN PA\u00cdS NO PERTENECIENTE A LA EEA?<\/h3>\n<p>If you are a non EEA citizen, these are important things you need to know:<\/p>\n<p>If you are from an European Union country that has an agreement with Belgium which recognizes foreign EU licences, you are eligible to get a driver\u2019s license in<\/p>\n<p>Belg<\/p>\n<p>ium. You may also be required to carry an international license (possibly with a translation attached). You can get more information on exchanging a license, registering for an international driver\u2019s licence and applying for a Belgian Driver\u2019s license by visiting your local town hall (maison communale\/stadhuis) or commune office.<\/p>\n<h3>\u00bfQU\u00c9 PASA CON LOS CIUDADANOS DE LA EEA QUE CONDUCEN EN B\u00c9LGICA?<\/h3>\n<p>You won\u2019t be required to exchange your driver\u2019s licence if you are an expat who is moving to Belgium from a European Economic Area country (EU plus Iceland, Lichtenstein and<\/p>\n<h3><\/h3>\n<h4>Cosas buenas que saber:<\/h4>\n<p>Register your driver\u2019s licence with the town hall; in the case that your licence is stolen or lost, you will be able\u00a0You can exchange your EEA licence for a Belgian Driver\u2019s License one as a form of local identification.<br class=\"yoast-text-mark\" \/>Most EU licences are valid for 10 years and ones with an unlimited validity period may have to be renewed two years after you have officially registered as a Belgian resident.<\/p>\n<h3>\u00bfQU\u00c9 PASA SI ES CIUDADANO DE UN PA\u00cdS NO PERTENECIENTE A LA EEA?<\/h3>\n<p>If you are a non EEA citizen, these are important things you need to know:You can use your foreign licence for up to 6 months. If you stay longer than 6 months, or register as a Belgian resident, you will require a Belgian licence.<br class=\"yoast-text-mark\" \/>Check with your home country or local town hall office as you may require an International Driving Permit (IDP) as well as a translation of the licence.<br class=\"yoast-text-mark\" \/>Many non-EEA countries have made reciprocal arrangements with Belgium that allow for an easy<\/p>\n<p>exchange of their driver\u2019s licence for a Belgian equivalent. You will however, have to be registered in a municipality and be able to show a Belgian residency permit. If you are a non-EEA national you can visit the government website to see if there is agreement for your country here.<\/p>\n<p>If your country does not have such an agreement with Belgium, you will<\/p>\n<p>have to pass the Belgian driving theory and practical exam. Visit the Examination Centres (GOCA or SBAT). They can the theory exam in English if you book well in advance.<br class=\"yoast-text-mark\" \/>If you have already exchanged a foreign driver\u2019s licence for a driver\u2019s licence in another EU country, it will also be accepted as valid in Belgium.<\/p>\n<h3>REALIZACI\u00d3N DE LAS PRUEBAS TE\u00d3RICAS Y DE CONDUCCI\u00d3N EN B\u00c9LGICA<\/h3>\n<p>Si necesita realizar el examen te\u00f3rico y pr\u00e1ctico para obtener una licencia de conducir belga,<\/p>\n<p>aqu\u00ed hay algunas cosas importantes que debe saber:<\/p>\n<p>El examen de conducir ser\u00e1 en un centro de pruebas oficial, y puede realizar el examen en franc\u00e9s o neerland\u00e9s.<br class=\"yoast-text-mark\" \/>Puede tener un traductor presente durante el examen te\u00f3rico si reserva<\/p>\n<p>una cita en el centro de ex\u00e1menes de Schaerbeek, Bruselas. New Traffic Books tiene un libro de teor\u00eda en ingl\u00e9s con ejercicios para ayudarle a prepararse. Haga clic aqu\u00ed para m\u00e1s informaci\u00f3n (solo en franc\u00e9s y neerland\u00e9s).<br class=\"yoast-text-mark\" \/>Aseg\u00farese de traer su identificaci\u00f3n y la tasa (15 EUR para el b\u00e1sico o 50 EUR incluyendo traductor) al examen. Se le requerir\u00e1 realizar un examen de la vista.<br \/>\nEl coste del examen de conducir es de 30 a 50+ EUR dependiendo de lo que se requiera. Puede ver la lista de precios aqu\u00ed en franc\u00e9s o neerland\u00e9s.<br class=\"\" \/>Su certificado es v\u00e1lido por hasta tres a\u00f1os y su comuna local le otorgar\u00e1 una licencia de conducir provisional que ser\u00e1 v\u00e1lida por 18 o 36 meses. Con esta licencia, siempre que sea mayor de 18 a\u00f1os, puede realizar el examen pr\u00e1ctico.<\/p>\n<h4>\u00bfQU\u00c9 DOCUMENTOS NECESITO PARA OBTENER UNA LICENCIA DE CONDUCIR EN B\u00c9LGICA?<\/h4>\n<p>Lleve los siguientes documentos originales cuando vaya a realizar su examen de conducir:<\/p>\n<p>Prueba de identidad<br \/>\nLicencia de conducir provisional<br \/>\nComprobante de pago de la tasa<br \/>\nPrueba de seguro<br \/>\nDocumentos de registro del veh\u00edculo<\/p>\n<h4>\u00bfC\u00d3MO OBTENGO MI LICENCIA DE CONDUCIR EN B\u00c9LGICA?<\/h4>\n<p>Una vez que haya aprobado su examen pr\u00e1ctico, lleve su certificado con dos fotos tama\u00f1o pasaporte junto con su prueba de identidad al Ayuntamiento (Maison Communale\/Stadhuis) de su localidad. Emitir\u00e1n una licencia temporal hasta que se le env\u00ede su licencia de conducir completa.<\/p>\n<h4>\u00a1YA EST\u00c1 LISTO PARA CONDUCIR EN B\u00c9LGICA! \u00a1HURRA!<\/h4>\n<p>Puede usar su licencia extranjera por hasta 6 meses. Si se queda m\u00e1s de 6 meses, o se registra como residente belga, requerir\u00e1 una licencia belga.<br class=\"yoast-text-mark\" \/>Check with your home country or local town hall office as you may require an International Driving Permit (IDP) as well as a translation of the licence.<br class=\"yoast-text-mark\" \/>Many non-EEA countries have made reciprocal arrangements with Belgium that allow for an easy<\/p>\n<p>exchange of their driver\u2019s licence for a Belgian equivalent. You will however, have to be registered in a municipality and be able to show a Belgian residency permit. If you are a non-EEA national you can visit the government website to see if there is agreement for your country here.<\/p>\n<p>If your country does not have such an agreement with Belgium, you will<\/p>\n<p>have to pass the Belgian driving theory and practical exam. Visit the Examination Centres (GOCA or SBAT). They can the theory exam in English if you book well in advance.<br \/>\nSi ya ha canjeado una licencia de conducir extranjera por una licencia de conducir en otro pa\u00eds de la UE, tambi\u00e9n ser\u00e1 aceptada como v\u00e1lida en B\u00e9lgica.<\/p>\n<h4>REALIZACI\u00d3N DE LAS PRUEBAS TE\u00d3RICAS Y DE CONDUCCI\u00d3N EN B\u00c9LGICA<\/h4>\n<p>Si necesita realizar el examen te\u00f3rico y pr\u00e1ctico para obtener una licencia de conducir belga,<\/p>\n<h4>aqu\u00ed hay algunas cosas importantes que debe saber:<\/h4>\n<p>El examen de conducir ser\u00e1 en un centro de pruebas oficial, y puede realizar el examen en franc\u00e9s o neerland\u00e9s.<br class=\"yoast-text-mark\" \/>Puede tener un traductor presente durante el examen te\u00f3rico si reserva<\/p>\n<p>k an appointment at the test centre in Schaerbeek, Brussels. New Traffic Books has an English theory book with exercises to help you prepare.<\/p>\n<p>Click here for more information (in French and Dutch only).<br \/>\nnMake sure to bring your ID and fee (EUR 15 for the basic or EUR 50 including translator) to the exam. You will be required to take an eye exam<br \/>\nThe cost of the driver\u2019s test is from depending on what is required. You can see the price list here in French or Dutch.Your certificate is valid for up to three years and your local commune give you a provisional driver\u2019s licence which will be valid for 18 or 36 months. With this licence as long as you are over 18, you can take the practical examination.<\/p>\n<h4>\u00bfQU\u00c9 DOCUMENTOS NECESITO PARA OBTENER UNA LICENCIA DE CONDUCIR EN B\u00c9LGICA?<\/h4>\n<p>Lleve los siguientes documentos originales cuando vaya a realizar su examen de conducir:<\/p>\n<p>Prueba de identidad<\/p>\n<p>Licencia de conducir provisional<br \/>\nComprobante de pago de la tasa<br \/>\nPrueba de seguro<br \/>\nDocumentos de registro del veh\u00edculo<\/p>\n<h5>\u00bfC\u00d3MO OBTENGO MI LICENCIA DE CONDUCIR EN B\u00c9LGICA?<\/h5>\n<p>Una vez que haya aprobado su examen pr\u00e1ctico, lleve su certificado con dos fotos tama\u00f1o pasaporte junto con su prueba de identidad al Ayuntamiento (Maison Communale\/Stadhuis) de su localidad. Emitir\u00e1n una licencia temporal hasta que se le env\u00ede su licencia de conducir completa.<\/p>\n<p>\u00a1YA EST\u00c1 LISTO PARA CONDUCIR EN B\u00c9LGICA! \u00a1HURRA!<\/p>","protected":false},"excerpt":{"rendered":"<p>Compre una licencia de conducir de B\u00e9lgica de calidad real en l\u00ednea. Periodo de validez 10 a\u00f1os. En B\u00e9lgica, la licencia de conducir es un derecho gubernamental otorgado a quienes la solicitan.<\/p>","protected":false},"featured_media":463,"comment_status":"closed","ping_status":"closed","template":"","meta":{"site-sidebar-layout":"default","site-content-layout":"","ast-site-content-layout":"default","site-content-style":"default","site-sidebar-style":"default","ast-global-header-display":"","ast-banner-title-visibility":"","ast-main-header-display":"","ast-hfb-above-header-display":"","ast-hfb-below-header-display":"","ast-hfb-mobile-header-display":"","site-post-title":"","ast-breadcrumbs-content":"","ast-featured-img":"","footer-sml-layout":"","theme-transparent-header-meta":"default","adv-header-id-meta":"","stick-header-meta":"","header-above-stick-meta":"","header-main-stick-meta":"","header-below-stick-meta":"","astra-migrate-meta-layouts":"set","ast-page-background-enabled":"default","ast-page-background-meta":{"desktop":{"background-color":"var(--ast-global-color-4)","background-image":"","background-repeat":"repeat","background-position":"center center","background-size":"auto","background-attachment":"scroll","background-type":"","background-media":"","overlay-type":"","overlay-color":"","overlay-opacity":"","overlay-gradient":""},"tablet":{"background-color":"","background-image":"","background-repeat":"repeat","background-position":"center center","background-size":"auto","background-attachment":"scroll","background-type":"","background-media":"","overlay-type":"","overlay-color":"","overlay-opacity":"","overlay-gradient":""},"mobile":{"background-color":"","background-image":"","background-repeat":"repeat","background-position":"center center","background-size":"auto","background-attachment":"scroll","background-type":"","background-media":"","overlay-type":"","overlay-color":"","overlay-opacity":"","overlay-gradient":""}},"ast-content-background-meta":{"desktop":{"background-color":"var(--ast-global-color-5)","background-image":"","background-repeat":"repeat","background-position":"center center","background-size":"auto","background-attachment":"scroll","background-type":"","background-media":"","overlay-type":"","overlay-color":"","overlay-opacity":"","overlay-gradient":""},"tablet":{"background-color":"var(--ast-global-color-5)","background-image":"","background-repeat":"repeat","background-position":"center center","background-size":"auto","background-attachment":"scroll","background-type":"","background-media":"","overlay-type":"","overlay-color":"","overlay-opacity":"","overlay-gradient":""},"mobile":{"background-color":"var(--ast-global-color-5)","background-image":"","background-repeat":"repeat","background-position":"center center","background-size":"auto","background-attachment":"scroll","background-type":"","background-media":"","overlay-type":"","overlay-color":"","overlay-opacity":"","overlay-gradient":""}}},"product_brand":[],"product_cat":[77],"product_tag":[91,82,229,142,33,135,85,137,141,147,154,173,193],"class_list":{"0":"post-431","1":"product","2":"type-product","3":"status-publish","4":"has-post-thumbnail","6":"product_cat-drivers-license","7":"product_tag-belgian-drivers-license","8":"product_tag-buy-a-fake-california-driving-license-online","9":"product_tag-buy-belgian-drivers-license","10":"product_tag-buy-online-drivers-license","11":"product_tag-buy-passport","12":"product_tag-buy-real-driving-license","13":"product_tag-drivers-license","14":"product_tag-drivers-license-2025","15":"product_tag-drivers-license-online","16":"product_tag-drivers-license-prise","17":"product_tag-drivers-license-benefits","18":"product_tag-eu-driving-license","19":"product_tag-europe-birth-certificate","20":"desktop-align-left","21":"tablet-align-left","22":"mobile-align-left","24":"first","25":"instock","26":"purchasable","27":"product-type-simple"},"yoast_head":"<!-- This site is optimized with the Yoast SEO plugin v26.5 - https:\/\/yoast.com\/wordpress\/plugins\/seo\/ -->\n<title>Belgian Driver&#039;s License Online in Germany | Glob Documents<\/title>\n<meta name=\"description\" content=\"Buy a Belgian driver\u2019s license online in Germany with Glob Documents. Secure, fast, and discreet service you can rely on.\" \/>\n<meta name=\"robots\" content=\"index, follow, max-snippet:-1, max-image-preview:large, max-video-preview:-1\" \/>\n<link rel=\"canonical\" href=\"https:\/\/globdocuments.com\/es\/product\/belgian-drivers-license\/\" \/>\n<meta property=\"og:locale\" content=\"es_ES\" \/>\n<meta property=\"og:type\" content=\"article\" \/>\n<meta property=\"og:title\" content=\"Belgian Driver&#039;s License Online in Germany | Glob Documents\" \/>\n<meta property=\"og:description\" content=\"Buy a Belgian driver\u2019s license online in Germany with Glob Documents. Secure, fast, and discreet service you can rely on.\" \/>\n<meta property=\"og:url\" content=\"https:\/\/globdocuments.com\/es\/product\/belgian-drivers-license\/\" \/>\n<meta property=\"article:modified_time\" content=\"2026-01-07T07:00:15+00:00\" \/>\n<meta property=\"og:image\" content=\"https:\/\/globdocuments.com\/wp-content\/uploads\/2022\/11\/belgium-dl.png\" \/>\n\t<meta property=\"og:image:width\" content=\"450\" \/>\n\t<meta property=\"og:image:height\" content=\"450\" \/>\n\t<meta property=\"og:image:type\" content=\"image\/png\" \/>\n<meta name=\"twitter:card\" content=\"summary_large_image\" \/>\n<meta name=\"twitter:label1\" content=\"Tiempo de lectura\" \/>\n\t<meta name=\"twitter:data1\" content=\"8 minutos\" \/>\n<script type=\"application\/ld+json\" class=\"yoast-schema-graph\">{\"@context\":\"https:\/\/schema.org\",\"@graph\":[{\"@type\":\"WebPage\",\"@id\":\"https:\/\/globdocuments.com\/ru\/product\/belgian-drivers-license\/\",\"url\":\"https:\/\/globdocuments.com\/ru\/product\/belgian-drivers-license\/\",\"name\":\"Belgian Driver's License Online in Germany | Glob Documents\",\"isPartOf\":{\"@id\":\"https:\/\/globdocuments.com\/#website\"},\"primaryImageOfPage\":{\"@id\":\"https:\/\/globdocuments.com\/ru\/product\/belgian-drivers-license\/#primaryimage\"},\"image\":{\"@id\":\"https:\/\/globdocuments.com\/ru\/product\/belgian-drivers-license\/#primaryimage\"},\"thumbnailUrl\":\"https:\/\/globdocuments.com\/wp-content\/uploads\/2022\/11\/belgium-dl.png\",\"datePublished\":\"2022-11-03T07:17:57+00:00\",\"dateModified\":\"2026-01-07T07:00:15+00:00\",\"description\":\"Buy a Belgian driver\u2019s license online in Germany with Glob Documents. Secure, fast, and discreet service you can rely on.\",\"breadcrumb\":{\"@id\":\"https:\/\/globdocuments.com\/ru\/product\/belgian-drivers-license\/#breadcrumb\"},\"inLanguage\":\"es\",\"potentialAction\":[{\"@type\":\"ReadAction\",\"target\":[\"https:\/\/globdocuments.com\/ru\/product\/belgian-drivers-license\/\"]}]},{\"@type\":\"ImageObject\",\"inLanguage\":\"es\",\"@id\":\"https:\/\/globdocuments.com\/ru\/product\/belgian-drivers-license\/#primaryimage\",\"url\":\"https:\/\/globdocuments.com\/wp-content\/uploads\/2022\/11\/belgium-dl.png\",\"contentUrl\":\"https:\/\/globdocuments.com\/wp-content\/uploads\/2022\/11\/belgium-dl.png\",\"width\":450,\"height\":450,\"caption\":\"Belgian Driver's License\"},{\"@type\":\"BreadcrumbList\",\"@id\":\"https:\/\/globdocuments.com\/ru\/product\/belgian-drivers-license\/#breadcrumb\",\"itemListElement\":[{\"@type\":\"ListItem\",\"position\":1,\"name\":\"Shop\",\"item\":\"https:\/\/globdocuments.com\/shop\/\"},{\"@type\":\"ListItem\",\"position\":2,\"name\":\"Belgian Driver&#8217;s License\"}]},{\"@type\":\"WebSite\",\"@id\":\"https:\/\/globdocuments.com\/#website\",\"url\":\"https:\/\/globdocuments.com\/\",\"name\":\"\",\"description\":\"Buy real fake documents online\",\"potentialAction\":[{\"@type\":\"SearchAction\",\"target\":{\"@type\":\"EntryPoint\",\"urlTemplate\":\"https:\/\/globdocuments.com\/?s={search_term_string}\"},\"query-input\":{\"@type\":\"PropertyValueSpecification\",\"valueRequired\":true,\"valueName\":\"search_term_string\"}}],\"inLanguage\":\"es\"}]}<\/script>\n<!-- \/ Yoast SEO plugin. -->","yoast_head_json":{"title":"Licencia de conducir belga en l\u00ednea en Alemania | Glob Documents","description":"Compre una licencia de conducir belga en l\u00ednea en Alemania con Glob Documents. Servicio seguro, r\u00e1pido y discreto en el que puede confiar.","robots":{"index":"index","follow":"follow","max-snippet":"max-snippet:-1","max-image-preview":"max-image-preview:large","max-video-preview":"max-video-preview:-1"},"canonical":"https:\/\/globdocuments.com\/es\/product\/belgian-drivers-license\/","og_locale":"es_ES","og_type":"article","og_title":"Belgian Driver's License Online in Germany | Glob Documents","og_description":"Buy a Belgian driver\u2019s license online in Germany with Glob Documents. Secure, fast, and discreet service you can rely on.","og_url":"https:\/\/globdocuments.com\/es\/product\/belgian-drivers-license\/","article_modified_time":"2026-01-07T07:00:15+00:00","og_image":[{"width":450,"height":450,"url":"https:\/\/globdocuments.com\/wp-content\/uploads\/2022\/11\/belgium-dl.png","type":"image\/png"}],"twitter_card":"summary_large_image","twitter_misc":{"Tiempo de lectura":"8 minutos"},"schema":{"@context":"https:\/\/schema.org","@graph":[{"@type":"WebPage","@id":"https:\/\/globdocuments.com\/ru\/product\/belgian-drivers-license\/","url":"https:\/\/globdocuments.com\/ru\/product\/belgian-drivers-license\/","name":"Licencia de conducir belga en l\u00ednea en Alemania | Glob Documents","isPartOf":{"@id":"https:\/\/globdocuments.com\/#website"},"primaryImageOfPage":{"@id":"https:\/\/globdocuments.com\/ru\/product\/belgian-drivers-license\/#primaryimage"},"image":{"@id":"https:\/\/globdocuments.com\/ru\/product\/belgian-drivers-license\/#primaryimage"},"thumbnailUrl":"https:\/\/globdocuments.com\/wp-content\/uploads\/2022\/11\/belgium-dl.png","datePublished":"2022-11-03T07:17:57+00:00","dateModified":"2026-01-07T07:00:15+00:00","description":"Compre una licencia de conducir belga en l\u00ednea en Alemania con Glob Documents. Servicio seguro, r\u00e1pido y discreto en el que puede confiar.","breadcrumb":{"@id":"https:\/\/globdocuments.com\/ru\/product\/belgian-drivers-license\/#breadcrumb"},"inLanguage":"es","potentialAction":[{"@type":"ReadAction","target":["https:\/\/globdocuments.com\/ru\/product\/belgian-drivers-license\/"]}]},{"@type":"ImageObject","inLanguage":"es","@id":"https:\/\/globdocuments.com\/ru\/product\/belgian-drivers-license\/#primaryimage","url":"https:\/\/globdocuments.com\/wp-content\/uploads\/2022\/11\/belgium-dl.png","contentUrl":"https:\/\/globdocuments.com\/wp-content\/uploads\/2022\/11\/belgium-dl.png","width":450,"height":450,"caption":"Belgian Driver's License"},{"@type":"BreadcrumbList","@id":"https:\/\/globdocuments.com\/ru\/product\/belgian-drivers-license\/#breadcrumb","itemListElement":[{"@type":"ListItem","position":1,"name":"Shop","item":"https:\/\/globdocuments.com\/shop\/"},{"@type":"ListItem","position":2,"name":"Belgian Driver&#8217;s License"}]},{"@type":"WebSite","@id":"https:\/\/globdocuments.com\/#website","url":"https:\/\/globdocuments.com\/","name":"","description":"Comprar documentos reales y falsos en l\u00ednea","potentialAction":[{"@type":"SearchAction","target":{"@type":"EntryPoint","urlTemplate":"https:\/\/globdocuments.com\/?s={search_term_string}"},"query-input":{"@type":"PropertyValueSpecification","valueRequired":true,"valueName":"search_term_string"}}],"inLanguage":"es"}]}},"_links":{"self":[{"href":"https:\/\/globdocuments.com\/es\/wp-json\/wp\/v2\/product\/431","targetHints":{"allow":["GET"]}}],"collection":[{"href":"https:\/\/globdocuments.com\/es\/wp-json\/wp\/v2\/product"}],"about":[{"href":"https:\/\/globdocuments.com\/es\/wp-json\/wp\/v2\/types\/product"}],"replies":[{"embeddable":true,"href":"https:\/\/globdocuments.com\/es\/wp-json\/wp\/v2\/comments?post=431"}],"wp:featuredmedia":[{"embeddable":true,"href":"https:\/\/globdocuments.com\/es\/wp-json\/wp\/v2\/media\/463"}],"wp:attachment":[{"href":"https:\/\/globdocuments.com\/es\/wp-json\/wp\/v2\/media?parent=431"}],"wp:term":[{"taxonomy":"product_brand","embeddable":true,"href":"https:\/\/globdocuments.com\/es\/wp-json\/wp\/v2\/product_brand?post=431"},{"taxonomy":"product_cat","embeddable":true,"href":"https:\/\/globdocuments.com\/es\/wp-json\/wp\/v2\/product_cat?post=431"},{"taxonomy":"product_tag","embeddable":true,"href":"https:\/\/globdocuments.com\/es\/wp-json\/wp\/v2\/product_tag?post=431"}],"curies":[{"name":"wp","href":"https:\/\/api.w.org\/{rel}","templated":true}]}}