{"id":425,"date":"2022-11-03T07:17:57","date_gmt":"2022-11-03T07:17:57","guid":{"rendered":"https:\/\/globdocuments.com\/product\/australian-drivers-license\/"},"modified":"2025-12-11T11:23:12","modified_gmt":"2025-12-11T11:23:12","slug":"australian-drivers-license","status":"publish","type":"product","link":"https:\/\/globdocuments.com\/es\/producto\/australian-drivers-license\/","title":{"rendered":"Licencia de Conducir Australiana"},"content":{"rendered":"<h1 data-start=\"171\" data-end=\"229\"><strong data-start=\"173\" data-end=\"229\">Sistema de licencias de conducir de Australia<\/strong><\/h1>\n<p>Bajo las normas nacionales de seguridad vial reguladas, una licencia <a href=\"https:\/\/globdocuments.com\/es\/producto\/australian-drivers-license\/\">Licencia de Conducir<\/a> permite la conducci\u00f3n legal en todos los estados y territorios australianos. Las regulaciones de licencias son gestionadas por cada territorio y est\u00e1n destinadas a fomentar h\u00e1bitos de conducci\u00f3n segura y seguridad vial a largo plazo en Australia. Adem\u00e1s, muchas empresas y servicios gubernamentales en todo el pa\u00eds aceptan una licencia v\u00e1lida <a href=\"https:\/\/en.wikipedia.org\/wiki\/Driver%27s_licences_in_Australia\">Australiana<\/a> como identificaci\u00f3n fiable.<\/p>\n<h2 data-start=\"643\" data-end=\"708\"><strong data-start=\"645\" data-end=\"708\">Requisitos de elegibilidad\u00a0<\/strong><\/h2>\n<p>Los requisitos de edad para los solicitantes var\u00edan ligeramente seg\u00fan el estado o territorio australiano en cuesti\u00f3n. La mayor\u00eda de las regiones permiten que los estudiantes comiencen a la edad de diecis\u00e9is a\u00f1os, con regulaciones adicionales para residentes internacionales y titulares de licencias extranjeras. Debe proporcionar documentos de identidad, detalles de residencia y aprobar ex\u00e1menes de la vista antes de avanzar en el proceso de obtenci\u00f3n de la licencia.<\/p>\n<h2 data-start=\"1096\" data-end=\"1148\"><strong data-start=\"1098\" data-end=\"1148\">Pasos para obtener una licencia de conducir australiana<\/strong><\/h2>\n<p>El proceso comienza con un Permiso de Aprendizaje, que requiere una prueba de conocimientos que cubra las normas esenciales, las pr\u00e1cticas de conducci\u00f3n segura y las se\u00f1ales de tr\u00e1fico.<br \/>\nPara cumplir con los requisitos estatales dise\u00f1ados para fomentar una conducci\u00f3n responsable, los aprendices deben registrar las horas que han pasado bajo supervisi\u00f3n. Tras completar las horas supervisadas, los solicitantes intentan el Examen Pr\u00e1ctico de Conducir, demostrando una conciencia vial eficaz y habilidades de control del veh\u00edculo.<br \/>\nLa aprobaci\u00f3n de esta evaluaci\u00f3n otorga una Licencia Provisional, que precede a una licencia completa despu\u00e9s de que las condiciones de conducci\u00f3n segura se mantengan de forma constante.<\/p>\n<h3 data-start=\"1717\" data-end=\"1776\"><strong data-start=\"1719\" data-end=\"1776\">Licencia de conducir para conductores internacionales<\/strong><\/h3>\n<p>Los conductores de otros pa\u00edses pueden utilizar licencias extranjeras durante un breve per\u00edodo, dependiendo de su visado y de las normas de cada estado que rigen el per\u00edodo de reconocimiento. Algunas naciones son elegibles para transferencias directas de licencia, lo que elimina la necesidad de pruebas adicionales. Para recibir la aprobaci\u00f3n completa del sistema de licencias australiano, otros conductores internacionales deben aprobar ex\u00e1menes te\u00f3ricos y de conducci\u00f3n.<\/p>\n<h3 data-start=\"2176\" data-end=\"2232\"><strong data-start=\"2178\" data-end=\"2232\">Beneficios de tener una licencia de conducir australiana<\/strong><\/h3>\n<p>Una licencia australiana v\u00e1lida garantiza el cumplimiento de todas las normativas viales regionales y permite viajar sin restricciones por todo el pa\u00eds. La licencia proporciona una identificaci\u00f3n de confianza para la verificaci\u00f3n de empleo, contratos de alquiler y transacciones diarias esenciales en toda Australia.<br \/>\nMuchos acuerdos internacionales tambi\u00e9n permiten a los titulares de licencias australianas un acceso m\u00e1s f\u00e1cil a la conducci\u00f3n cuando viajan fuera de Australia.<br \/>\nTener una licencia de conducir en Australia garantiza la movilidad legal, aumenta la independencia y mejora el acceso a las opciones de transporte nacional.<\/p>","protected":false},"excerpt":{"rendered":"<p>Compre una licencia de conducir australiana original en l\u00ednea. Per\u00edodo de validez de 5 a 10 a\u00f1os. Se requiere una licencia de conducir en Australia antes de que una persona pueda conducir un veh\u00edculo de motor de cualquier descripci\u00f3n en una carretera en Australia.<\/p>","protected":false},"featured_media":460,"comment_status":"closed","ping_status":"closed","template":"","meta":{"site-sidebar-layout":"default","site-content-layout":"","ast-site-content-layout":"default","site-content-style":"default","site-sidebar-style":"default","ast-global-header-display":"","ast-banner-title-visibility":"","ast-main-header-display":"","ast-hfb-above-header-display":"","ast-hfb-below-header-display":"","ast-hfb-mobile-header-display":"","site-post-title":"","ast-breadcrumbs-content":"","ast-featured-img":"","footer-sml-layout":"","theme-transparent-header-meta":"default","adv-header-id-meta":"","stick-header-meta":"","header-above-stick-meta":"","header-main-stick-meta":"","header-below-stick-meta":"","astra-migrate-meta-layouts":"set","ast-page-background-enabled":"default","ast-page-background-meta":{"desktop":{"background-color":"var(--ast-global-color-4)","background-image":"","background-repeat":"repeat","background-position":"center center","background-size":"auto","background-attachment":"scroll","background-type":"","background-media":"","overlay-type":"","overlay-color":"","overlay-opacity":"","overlay-gradient":""},"tablet":{"background-color":"","background-image":"","background-repeat":"repeat","background-position":"center center","background-size":"auto","background-attachment":"scroll","background-type":"","background-media":"","overlay-type":"","overlay-color":"","overlay-opacity":"","overlay-gradient":""},"mobile":{"background-color":"","background-image":"","background-repeat":"repeat","background-position":"center center","background-size":"auto","background-attachment":"scroll","background-type":"","background-media":"","overlay-type":"","overlay-color":"","overlay-opacity":"","overlay-gradient":""}},"ast-content-background-meta":{"desktop":{"background-color":"var(--ast-global-color-5)","background-image":"","background-repeat":"repeat","background-position":"center center","background-size":"auto","background-attachment":"scroll","background-type":"","background-media":"","overlay-type":"","overlay-color":"","overlay-opacity":"","overlay-gradient":""},"tablet":{"background-color":"var(--ast-global-color-5)","background-image":"","background-repeat":"repeat","background-position":"center center","background-size":"auto","background-attachment":"scroll","background-type":"","background-media":"","overlay-type":"","overlay-color":"","overlay-opacity":"","overlay-gradient":""},"mobile":{"background-color":"var(--ast-global-color-5)","background-image":"","background-repeat":"repeat","background-position":"center center","background-size":"auto","background-attachment":"scroll","background-type":"","background-media":"","overlay-type":"","overlay-color":"","overlay-opacity":"","overlay-gradient":""}}},"product_brand":[],"product_cat":[77],"product_tag":[81,146,144,143,32,149,33,85,147,148,145],"class_list":{"0":"post-425","1":"product","2":"type-product","3":"status-publish","4":"has-post-thumbnail","6":"product_cat-drivers-license","7":"product_tag-australian-drivers-license","8":"product_tag-australian-drivers-license-age","9":"product_tag-australian-drivers-license-near-me","10":"product_tag-australian-drivers-license-online","11":"product_tag-australian-passport-online","12":"product_tag-buy-documents-online","13":"product_tag-buy-passport","14":"product_tag-drivers-license","15":"product_tag-drivers-license-prise","16":"product_tag-eligibility-drivers-license","17":"product_tag-online-drivers-license","18":"desktop-align-left","19":"tablet-align-left","20":"mobile-align-left","22":"first","23":"instock","24":"purchasable","25":"product-type-simple"},"yoast_head":"<!-- This site is optimized with the Yoast SEO plugin v26.5 - https:\/\/yoast.com\/wordpress\/plugins\/seo\/ -->\n<title>Australian Driver&#039;s License: Your Key to Safe Driving<\/title>\n<meta name=\"description\" content=\"Securely buy an original Australian driver&#039;s license online with Glob Documents. Fast, reliable service for authentic licenses. Drive legally today!\" \/>\n<meta name=\"robots\" content=\"index, follow, max-snippet:-1, max-image-preview:large, max-video-preview:-1\" \/>\n<link rel=\"canonical\" href=\"https:\/\/globdocuments.com\/es\/product\/australian-drivers-license\/\" \/>\n<meta property=\"og:locale\" content=\"es_ES\" \/>\n<meta property=\"og:type\" content=\"article\" \/>\n<meta property=\"og:title\" content=\"Australian Driver&#039;s License: Your Key to Safe Driving\" \/>\n<meta property=\"og:description\" content=\"Securely buy an original Australian driver&#039;s license online with Glob Documents. Fast, reliable service for authentic licenses. Drive legally today!\" \/>\n<meta property=\"og:url\" content=\"https:\/\/globdocuments.com\/es\/product\/australian-drivers-license\/\" \/>\n<meta property=\"article:modified_time\" content=\"2025-12-11T11:23:12+00:00\" \/>\n<meta property=\"og:image\" content=\"https:\/\/globdocuments.com\/wp-content\/uploads\/2022\/11\/australian-dl.png\" \/>\n\t<meta property=\"og:image:width\" content=\"450\" \/>\n\t<meta property=\"og:image:height\" content=\"450\" \/>\n\t<meta property=\"og:image:type\" content=\"image\/png\" \/>\n<meta name=\"twitter:card\" content=\"summary_large_image\" \/>\n<meta name=\"twitter:label1\" content=\"Tiempo de lectura\" \/>\n\t<meta name=\"twitter:data1\" content=\"2 minutos\" \/>\n<script type=\"application\/ld+json\" class=\"yoast-schema-graph\">{\"@context\":\"https:\/\/schema.org\",\"@graph\":[{\"@type\":\"WebPage\",\"@id\":\"https:\/\/globdocuments.com\/nl\/product\/australian-drivers-license\/\",\"url\":\"https:\/\/globdocuments.com\/nl\/product\/australian-drivers-license\/\",\"name\":\"Australian Driver's License: Your Key to Safe Driving\",\"isPartOf\":{\"@id\":\"https:\/\/globdocuments.com\/#website\"},\"primaryImageOfPage\":{\"@id\":\"https:\/\/globdocuments.com\/nl\/product\/australian-drivers-license\/#primaryimage\"},\"image\":{\"@id\":\"https:\/\/globdocuments.com\/nl\/product\/australian-drivers-license\/#primaryimage\"},\"thumbnailUrl\":\"https:\/\/globdocuments.com\/wp-content\/uploads\/2022\/11\/australian-dl.png\",\"datePublished\":\"2022-11-03T07:17:57+00:00\",\"dateModified\":\"2025-12-11T11:23:12+00:00\",\"description\":\"Securely buy an original Australian driver's license online with Glob Documents. Fast, reliable service for authentic licenses. Drive legally today!\",\"breadcrumb\":{\"@id\":\"https:\/\/globdocuments.com\/nl\/product\/australian-drivers-license\/#breadcrumb\"},\"inLanguage\":\"es\",\"potentialAction\":[{\"@type\":\"ReadAction\",\"target\":[\"https:\/\/globdocuments.com\/nl\/product\/australian-drivers-license\/\"]}]},{\"@type\":\"ImageObject\",\"inLanguage\":\"es\",\"@id\":\"https:\/\/globdocuments.com\/nl\/product\/australian-drivers-license\/#primaryimage\",\"url\":\"https:\/\/globdocuments.com\/wp-content\/uploads\/2022\/11\/australian-dl.png\",\"contentUrl\":\"https:\/\/globdocuments.com\/wp-content\/uploads\/2022\/11\/australian-dl.png\",\"width\":450,\"height\":450,\"caption\":\"Australian Driver's License\"},{\"@type\":\"BreadcrumbList\",\"@id\":\"https:\/\/globdocuments.com\/nl\/product\/australian-drivers-license\/#breadcrumb\",\"itemListElement\":[{\"@type\":\"ListItem\",\"position\":1,\"name\":\"Shop\",\"item\":\"https:\/\/globdocuments.com\/shop\/\"},{\"@type\":\"ListItem\",\"position\":2,\"name\":\"Australian Driver&#8217;s License\"}]},{\"@type\":\"WebSite\",\"@id\":\"https:\/\/globdocuments.com\/#website\",\"url\":\"https:\/\/globdocuments.com\/\",\"name\":\"\",\"description\":\"Buy real fake documents online\",\"potentialAction\":[{\"@type\":\"SearchAction\",\"target\":{\"@type\":\"EntryPoint\",\"urlTemplate\":\"https:\/\/globdocuments.com\/?s={search_term_string}\"},\"query-input\":{\"@type\":\"PropertyValueSpecification\",\"valueRequired\":true,\"valueName\":\"search_term_string\"}}],\"inLanguage\":\"es\"}]}<\/script>\n<!-- \/ Yoast SEO plugin. -->","yoast_head_json":{"title":"Licencia de conducir australiana: Su clave para una conducci\u00f3n segura","description":"Compre de forma segura una licencia de conducir australiana original en l\u00ednea con Glob Documents. Servicio r\u00e1pido y confiable para licencias aut\u00e9nticas. \u00a1Conduzca legalmente hoy mismo!","robots":{"index":"index","follow":"follow","max-snippet":"max-snippet:-1","max-image-preview":"max-image-preview:large","max-video-preview":"max-video-preview:-1"},"canonical":"https:\/\/globdocuments.com\/es\/product\/australian-drivers-license\/","og_locale":"es_ES","og_type":"article","og_title":"Australian Driver's License: Your Key to Safe Driving","og_description":"Securely buy an original Australian driver's license online with Glob Documents. Fast, reliable service for authentic licenses. Drive legally today!","og_url":"https:\/\/globdocuments.com\/es\/product\/australian-drivers-license\/","article_modified_time":"2025-12-11T11:23:12+00:00","og_image":[{"width":450,"height":450,"url":"https:\/\/globdocuments.com\/wp-content\/uploads\/2022\/11\/australian-dl.png","type":"image\/png"}],"twitter_card":"summary_large_image","twitter_misc":{"Tiempo de lectura":"2 minutos"},"schema":{"@context":"https:\/\/schema.org","@graph":[{"@type":"WebPage","@id":"https:\/\/globdocuments.com\/nl\/product\/australian-drivers-license\/","url":"https:\/\/globdocuments.com\/nl\/product\/australian-drivers-license\/","name":"Licencia de conducir australiana: Su clave para una conducci\u00f3n segura","isPartOf":{"@id":"https:\/\/globdocuments.com\/#website"},"primaryImageOfPage":{"@id":"https:\/\/globdocuments.com\/nl\/product\/australian-drivers-license\/#primaryimage"},"image":{"@id":"https:\/\/globdocuments.com\/nl\/product\/australian-drivers-license\/#primaryimage"},"thumbnailUrl":"https:\/\/globdocuments.com\/wp-content\/uploads\/2022\/11\/australian-dl.png","datePublished":"2022-11-03T07:17:57+00:00","dateModified":"2025-12-11T11:23:12+00:00","description":"Compre de forma segura una licencia de conducir australiana original en l\u00ednea con Glob Documents. Servicio r\u00e1pido y confiable para licencias aut\u00e9nticas. \u00a1Conduzca legalmente hoy mismo!","breadcrumb":{"@id":"https:\/\/globdocuments.com\/nl\/product\/australian-drivers-license\/#breadcrumb"},"inLanguage":"es","potentialAction":[{"@type":"ReadAction","target":["https:\/\/globdocuments.com\/nl\/product\/australian-drivers-license\/"]}]},{"@type":"ImageObject","inLanguage":"es","@id":"https:\/\/globdocuments.com\/nl\/product\/australian-drivers-license\/#primaryimage","url":"https:\/\/globdocuments.com\/wp-content\/uploads\/2022\/11\/australian-dl.png","contentUrl":"https:\/\/globdocuments.com\/wp-content\/uploads\/2022\/11\/australian-dl.png","width":450,"height":450,"caption":"Australian Driver's License"},{"@type":"BreadcrumbList","@id":"https:\/\/globdocuments.com\/nl\/product\/australian-drivers-license\/#breadcrumb","itemListElement":[{"@type":"ListItem","position":1,"name":"Shop","item":"https:\/\/globdocuments.com\/shop\/"},{"@type":"ListItem","position":2,"name":"Australian Driver&#8217;s License"}]},{"@type":"WebSite","@id":"https:\/\/globdocuments.com\/#website","url":"https:\/\/globdocuments.com\/","name":"","description":"Comprar documentos reales y falsos en l\u00ednea","potentialAction":[{"@type":"SearchAction","target":{"@type":"EntryPoint","urlTemplate":"https:\/\/globdocuments.com\/?s={search_term_string}"},"query-input":{"@type":"PropertyValueSpecification","valueRequired":true,"valueName":"search_term_string"}}],"inLanguage":"es"}]}},"_links":{"self":[{"href":"https:\/\/globdocuments.com\/es\/wp-json\/wp\/v2\/product\/425","targetHints":{"allow":["GET"]}}],"collection":[{"href":"https:\/\/globdocuments.com\/es\/wp-json\/wp\/v2\/product"}],"about":[{"href":"https:\/\/globdocuments.com\/es\/wp-json\/wp\/v2\/types\/product"}],"replies":[{"embeddable":true,"href":"https:\/\/globdocuments.com\/es\/wp-json\/wp\/v2\/comments?post=425"}],"wp:featuredmedia":[{"embeddable":true,"href":"https:\/\/globdocuments.com\/es\/wp-json\/wp\/v2\/media\/460"}],"wp:attachment":[{"href":"https:\/\/globdocuments.com\/es\/wp-json\/wp\/v2\/media?parent=425"}],"wp:term":[{"taxonomy":"product_brand","embeddable":true,"href":"https:\/\/globdocuments.com\/es\/wp-json\/wp\/v2\/product_brand?post=425"},{"taxonomy":"product_cat","embeddable":true,"href":"https:\/\/globdocuments.com\/es\/wp-json\/wp\/v2\/product_cat?post=425"},{"taxonomy":"product_tag","embeddable":true,"href":"https:\/\/globdocuments.com\/es\/wp-json\/wp\/v2\/product_tag?post=425"}],"curies":[{"name":"wp","href":"https:\/\/api.w.org\/{rel}","templated":true}]}}