{"id":422,"date":"2022-11-03T07:17:53","date_gmt":"2022-11-03T07:17:53","guid":{"rendered":"https:\/\/globdocuments.com\/product\/spain-id-card\/"},"modified":"2026-01-09T11:16:14","modified_gmt":"2026-01-09T11:16:14","slug":"spain-id-card","status":"publish","type":"product","link":"https:\/\/globdocuments.com\/es\/producto\/spain-id-card\/","title":{"rendered":"Tarjeta de Identidad de Espa\u00f1a"},"content":{"rendered":"<h2 data-start=\"195\" data-end=\"235\"><strong data-start=\"198\" data-end=\"235\">Introducci\u00f3n a la tarjeta de identidad de Espa\u00f1a<\/strong><\/h2>\n<p>The primary form of national identification is the <a href=\"https:\/\/globdocuments.com\/es\/producto\/spain-id-card\/\">Tarjeta de identidad de Espa\u00f1a,<\/a> tambi\u00e9n conocida como el DNI Espa\u00f1a. La tarjeta es utilizada por los ciudadanos espa\u00f1oles para la verificaci\u00f3n de identidad, procedimientos legales y tareas administrativas cotidianas. El documento permite una identificaci\u00f3n segura en toda Espa\u00f1a y la UE.<a href=\"https:\/\/www.mobbeel.com\/en\/blog\/spanish-id-cards-evolution-and-meaning-of-dni-3-0-fields\/\"> Tarjeta de Identificaci\u00f3n<\/a> Es emitida por las autoridades bajo estrictas regulaciones nacionales. Los residentes en Espa\u00f1a pueden cumplir mejor con los requisitos legales si comprenden el sistema de identidad.<\/p>\n<h2 data-start=\"714\" data-end=\"763\"><strong data-start=\"717\" data-end=\"763\">\u00bfQu\u00e9 es el Documento Nacional de Identidad espa\u00f1ol?<\/strong><\/h2>\n<p data-start=\"764\" data-end=\"1150\">The <strong data-start=\"768\" data-end=\"802\">tarjeta de identidad nacional espa\u00f1ola<\/strong> confirma la ciudadan\u00eda y la identidad personal dentro de Espa\u00f1a.<br data-start=\"859\" data-end=\"862\" \/>Incluye datos personales, una fotograf\u00eda y n\u00fameros de identificaci\u00f3n \u00fanicos.<br data-start=\"940\" data-end=\"943\" \/>The card aligns with <strong data-start=\"964\" data-end=\"984\">tarjeta de identidad de la UE<\/strong> est\u00e1ndares de interoperabilidad.<br data-start=\"1016\" data-end=\"1019\" \/>Los ciudadanos conf\u00edan en ella para servicios del gobierno y del sector privado.<br data-start=\"1082\" data-end=\"1085\" \/>El DNI Espa\u00f1a funciona como prueba oficial de identidad en todo el pa\u00eds.<\/p>\n<h2 data-start=\"1157\" data-end=\"1195\"><strong data-start=\"1160\" data-end=\"1195\">Usos legales de la tarjeta de identidad de Espa\u00f1a<\/strong><\/h2>\n<p data-start=\"1196\" data-end=\"1583\">Los procedimientos bancarios, de salud y de administraci\u00f3n p\u00fablica est\u00e1n respaldados por la tarjeta de identidad de Espa\u00f1a. Es utilizada por los ciudadanos para registrarse para votar y completar tr\u00e1mites fiscales. Permite el viaje nacional y la identificaci\u00f3n dentro de los pa\u00edses de la Uni\u00f3n Europea. En Espa\u00f1a, numerosas instituciones la requieren para la verificaci\u00f3n de empleo.<\/p>\n<h2 data-start=\"1590\" data-end=\"1630\"><strong data-start=\"1593\" data-end=\"1630\">Tarjeta de identidad de Espa\u00f1a vs. Pasaporte espa\u00f1ol<\/strong><\/h2>\n<p data-start=\"1631\" data-end=\"1999\">Los viajes fuera de la Uni\u00f3n Europea est\u00e1n permitidos con un pasaporte espa\u00f1ol. Las funciones principales de la tarjeta de identidad de Espa\u00f1a son para la identificaci\u00f3n nacional y de la UE. La ciudadan\u00eda espa\u00f1ola y el estatus de identidad legal se confirman con ambos documentos.<\/p>\n<h2 data-start=\"2006\" data-end=\"2046\"><strong data-start=\"2009\" data-end=\"2046\">Proceso de solicitud de la tarjeta de identidad de Espa\u00f1a<\/strong><\/h2>\n<p data-start=\"2047\" data-end=\"2412\">La tarjeta es solicitada por los interesados a trav\u00e9s de las comisar\u00edas de polic\u00eda autorizadas. Se requiere el registro de nacimiento en Espa\u00f1a y la confirmaci\u00f3n de la ciudadan\u00eda. Los solicitantes proporcionan informaci\u00f3n biom\u00e9trica, como fotograf\u00edas y huellas dactilares. Los funcionarios verifican los documentos antes de la aprobaci\u00f3n.<\/p>\n<h2 data-start=\"2419\" data-end=\"2464\"><strong data-start=\"2422\" data-end=\"2464\">Caracter\u00edsticas de seguridad e identidad digital<\/strong><\/h2>\n<p data-start=\"2465\" data-end=\"2803\">Las tarjetas de identidad espa\u00f1olas actuales incluyen funciones avanzadas contra la falsificaci\u00f3n. Los chips integrados mejoran la seguridad de la identidad digital en Espa\u00f1a. Los sistemas de verificaci\u00f3n de identidad de Espa\u00f1a se apoyan en registros digitales.<\/p>\n<h2 data-start=\"2810\" data-end=\"2863\"><strong data-start=\"2813\" data-end=\"2863\">Importancia de los documentos de identificaci\u00f3n espa\u00f1oles<\/strong><\/h2>\n<p data-start=\"2864\" data-end=\"3223\">Una identificaci\u00f3n adecuada garantiza el acceso a servicios esenciales en Espa\u00f1a.<br data-start=\"2932\" data-end=\"2935\" \/>The supports <strong data-start=\"2962\" data-end=\"2990\">Know Your Customer en Espa\u00f1a<\/strong> compliance.<br data-start=\"3002\" data-end=\"3005\" \/>La documentaci\u00f3n precisa previene el robo de identidad y los riesgos de fraude.<br data-start=\"3068\" data-end=\"3071\" \/>La identificaci\u00f3n legal refuerza la confianza entre los ciudadanos y las instituciones.<br data-start=\"3144\" data-end=\"3147\" \/>Comprender las leyes de identificaci\u00f3n espa\u00f1olas promueve una participaci\u00f3n c\u00edvica segura.<\/p>","protected":false},"excerpt":{"rendered":"<p>Compre la tarjeta de identificaci\u00f3n nacional espa\u00f1ola (DNI) de la mejor calidad en l\u00ednea. Modelo del a\u00f1o 2019. V\u00e1lida por 10 a\u00f1os. El Documento Nacional de Identidad (DNI) es la tarjeta de identidad nacional espa\u00f1ola. Todos los ciudadanos espa\u00f1oles mayores de 14 a\u00f1os deben adquirir un Documento Nacional de Identidad (DNI). En Espa\u00f1a, el n\u00famero de identidad formal en una tarjeta de identificaci\u00f3n es la pieza de identificaci\u00f3n m\u00e1s importante.<\/p>","protected":false},"featured_media":495,"comment_status":"closed","ping_status":"closed","template":"","meta":{"site-sidebar-layout":"default","site-content-layout":"","ast-site-content-layout":"default","site-content-style":"default","site-sidebar-style":"default","ast-global-header-display":"","ast-banner-title-visibility":"","ast-main-header-display":"","ast-hfb-above-header-display":"","ast-hfb-below-header-display":"","ast-hfb-mobile-header-display":"","site-post-title":"","ast-breadcrumbs-content":"","ast-featured-img":"","footer-sml-layout":"","theme-transparent-header-meta":"default","adv-header-id-meta":"","stick-header-meta":"","header-above-stick-meta":"","header-main-stick-meta":"","header-below-stick-meta":"","astra-migrate-meta-layouts":"set","ast-page-background-enabled":"default","ast-page-background-meta":{"desktop":{"background-color":"var(--ast-global-color-4)","background-image":"","background-repeat":"repeat","background-position":"center center","background-size":"auto","background-attachment":"scroll","background-type":"","background-media":"","overlay-type":"","overlay-color":"","overlay-opacity":"","overlay-gradient":""},"tablet":{"background-color":"","background-image":"","background-repeat":"repeat","background-position":"center center","background-size":"auto","background-attachment":"scroll","background-type":"","background-media":"","overlay-type":"","overlay-color":"","overlay-opacity":"","overlay-gradient":""},"mobile":{"background-color":"","background-image":"","background-repeat":"repeat","background-position":"center center","background-size":"auto","background-attachment":"scroll","background-type":"","background-media":"","overlay-type":"","overlay-color":"","overlay-opacity":"","overlay-gradient":""}},"ast-content-background-meta":{"desktop":{"background-color":"var(--ast-global-color-5)","background-image":"","background-repeat":"repeat","background-position":"center center","background-size":"auto","background-attachment":"scroll","background-type":"","background-media":"","overlay-type":"","overlay-color":"","overlay-opacity":"","overlay-gradient":""},"tablet":{"background-color":"var(--ast-global-color-5)","background-image":"","background-repeat":"repeat","background-position":"center center","background-size":"auto","background-attachment":"scroll","background-type":"","background-media":"","overlay-type":"","overlay-color":"","overlay-opacity":"","overlay-gradient":""},"mobile":{"background-color":"var(--ast-global-color-5)","background-image":"","background-repeat":"repeat","background-position":"center center","background-size":"auto","background-attachment":"scroll","background-type":"","background-media":"","overlay-type":"","overlay-color":"","overlay-opacity":"","overlay-gradient":""}}},"product_brand":[],"product_cat":[56],"product_tag":[324,320,319,314,250,326,318,323,322,313,316,325,315,317,321],"class_list":{"0":"post-422","1":"product","2":"type-product","3":"status-publish","4":"has-post-thumbnail","6":"product_cat-id-cards","7":"product_tag-biometric-id-spain","8":"product_tag-birth-registration-spain","9":"product_tag-digital-identity-spain","10":"product_tag-dni-spain","11":"product_tag-eu-identity-card","12":"product_tag-government-id-spain","13":"product_tag-identity-verification-spain","14":"product_tag-know-your-customer-spain","15":"product_tag-proof-of-identity-spain","16":"product_tag-spain-id-card","17":"product_tag-spanish-citizenship","18":"product_tag-spanish-identity-laws","19":"product_tag-spanish-national-identity-card","20":"product_tag-spanish-passport","21":"product_tag-spanish-police-id","22":"desktop-align-left","23":"tablet-align-left","24":"mobile-align-left","26":"first","27":"instock","28":"purchasable","29":"product-type-simple"},"yoast_head":"<!-- This site is optimized with the Yoast SEO plugin v26.5 - https:\/\/yoast.com\/wordpress\/plugins\/seo\/ -->\n<title>Spain ID Card Online | Glob Documents<\/title>\n<meta name=\"description\" content=\"Buy Spain ID Card online at globdocuments.com with safe and fast worldwide delivery at the best price. Check the best deals on fake documents!\" \/>\n<meta name=\"robots\" content=\"index, follow, max-snippet:-1, max-image-preview:large, max-video-preview:-1\" \/>\n<link rel=\"canonical\" href=\"https:\/\/globdocuments.com\/es\/produit\/spain-id-card\/\" \/>\n<meta property=\"og:locale\" content=\"es_ES\" \/>\n<meta property=\"og:type\" content=\"article\" \/>\n<meta property=\"og:title\" content=\"Spain ID Card Online | Glob Documents\" \/>\n<meta property=\"og:description\" content=\"Buy Spain ID Card online at globdocuments.com with safe and fast worldwide delivery at the best price. Check the best deals on fake documents!\" \/>\n<meta property=\"og:url\" content=\"https:\/\/globdocuments.com\/es\/produit\/spain-id-card\/\" \/>\n<meta property=\"article:modified_time\" content=\"2026-01-09T11:16:14+00:00\" \/>\n<meta property=\"og:image\" content=\"https:\/\/globdocuments.com\/wp-content\/uploads\/2022\/11\/spain-id-card.png\" \/>\n\t<meta property=\"og:image:width\" content=\"450\" \/>\n\t<meta property=\"og:image:height\" content=\"450\" \/>\n\t<meta property=\"og:image:type\" content=\"image\/png\" \/>\n<meta name=\"twitter:card\" content=\"summary_large_image\" \/>\n<meta name=\"twitter:label1\" content=\"Tiempo de lectura\" \/>\n\t<meta name=\"twitter:data1\" content=\"3 minutos\" \/>\n<script type=\"application\/ld+json\" class=\"yoast-schema-graph\">{\"@context\":\"https:\/\/schema.org\",\"@graph\":[{\"@type\":\"WebPage\",\"@id\":\"https:\/\/globdocuments.com\/fr\/produit\/spain-id-card\/\",\"url\":\"https:\/\/globdocuments.com\/fr\/produit\/spain-id-card\/\",\"name\":\"Spain ID Card Online | Glob Documents\",\"isPartOf\":{\"@id\":\"https:\/\/globdocuments.com\/#website\"},\"primaryImageOfPage\":{\"@id\":\"https:\/\/globdocuments.com\/fr\/produit\/spain-id-card\/#primaryimage\"},\"image\":{\"@id\":\"https:\/\/globdocuments.com\/fr\/produit\/spain-id-card\/#primaryimage\"},\"thumbnailUrl\":\"https:\/\/globdocuments.com\/wp-content\/uploads\/2022\/11\/spain-id-card.png\",\"datePublished\":\"2022-11-03T07:17:53+00:00\",\"dateModified\":\"2026-01-09T11:16:14+00:00\",\"description\":\"Buy Spain ID Card online at globdocuments.com with safe and fast worldwide delivery at the best price. Check the best deals on fake documents!\",\"breadcrumb\":{\"@id\":\"https:\/\/globdocuments.com\/fr\/produit\/spain-id-card\/#breadcrumb\"},\"inLanguage\":\"es\",\"potentialAction\":[{\"@type\":\"ReadAction\",\"target\":[\"https:\/\/globdocuments.com\/fr\/produit\/spain-id-card\/\"]}]},{\"@type\":\"ImageObject\",\"inLanguage\":\"es\",\"@id\":\"https:\/\/globdocuments.com\/fr\/produit\/spain-id-card\/#primaryimage\",\"url\":\"https:\/\/globdocuments.com\/wp-content\/uploads\/2022\/11\/spain-id-card.png\",\"contentUrl\":\"https:\/\/globdocuments.com\/wp-content\/uploads\/2022\/11\/spain-id-card.png\",\"width\":450,\"height\":450,\"caption\":\"Spain ID Card\"},{\"@type\":\"BreadcrumbList\",\"@id\":\"https:\/\/globdocuments.com\/fr\/produit\/spain-id-card\/#breadcrumb\",\"itemListElement\":[{\"@type\":\"ListItem\",\"position\":1,\"name\":\"Shop\",\"item\":\"https:\/\/globdocuments.com\/shop\/\"},{\"@type\":\"ListItem\",\"position\":2,\"name\":\"Spain ID Card\"}]},{\"@type\":\"WebSite\",\"@id\":\"https:\/\/globdocuments.com\/#website\",\"url\":\"https:\/\/globdocuments.com\/\",\"name\":\"\",\"description\":\"Buy real fake documents online\",\"potentialAction\":[{\"@type\":\"SearchAction\",\"target\":{\"@type\":\"EntryPoint\",\"urlTemplate\":\"https:\/\/globdocuments.com\/?s={search_term_string}\"},\"query-input\":{\"@type\":\"PropertyValueSpecification\",\"valueRequired\":true,\"valueName\":\"search_term_string\"}}],\"inLanguage\":\"es\"}]}<\/script>\n<!-- \/ Yoast SEO plugin. -->","yoast_head_json":{"title":"Tarjeta de Identidad de Espa\u00f1a en L\u00ednea | Glob Documents","description":"Compre la Tarjeta de Identidad de Espa\u00f1a en l\u00ednea en globdocuments.com con env\u00edo mundial r\u00e1pido y seguro al mejor precio.","robots":{"index":"index","follow":"follow","max-snippet":"max-snippet:-1","max-image-preview":"max-image-preview:large","max-video-preview":"max-video-preview:-1"},"canonical":"https:\/\/globdocuments.com\/es\/produit\/spain-id-card\/","og_locale":"es_ES","og_type":"article","og_title":"Spain ID Card Online | Glob Documents","og_description":"Buy Spain ID Card online at globdocuments.com with safe and fast worldwide delivery at the best price. Check the best deals on fake documents!","og_url":"https:\/\/globdocuments.com\/es\/produit\/spain-id-card\/","article_modified_time":"2026-01-09T11:16:14+00:00","og_image":[{"width":450,"height":450,"url":"https:\/\/globdocuments.com\/wp-content\/uploads\/2022\/11\/spain-id-card.png","type":"image\/png"}],"twitter_card":"summary_large_image","twitter_misc":{"Tiempo de lectura":"3 minutos"},"schema":{"@context":"https:\/\/schema.org","@graph":[{"@type":"WebPage","@id":"https:\/\/globdocuments.com\/fr\/produit\/spain-id-card\/","url":"https:\/\/globdocuments.com\/fr\/produit\/spain-id-card\/","name":"Tarjeta de Identidad de Espa\u00f1a en L\u00ednea | Glob Documents","isPartOf":{"@id":"https:\/\/globdocuments.com\/#website"},"primaryImageOfPage":{"@id":"https:\/\/globdocuments.com\/fr\/produit\/spain-id-card\/#primaryimage"},"image":{"@id":"https:\/\/globdocuments.com\/fr\/produit\/spain-id-card\/#primaryimage"},"thumbnailUrl":"https:\/\/globdocuments.com\/wp-content\/uploads\/2022\/11\/spain-id-card.png","datePublished":"2022-11-03T07:17:53+00:00","dateModified":"2026-01-09T11:16:14+00:00","description":"Compre la Tarjeta de Identidad de Espa\u00f1a en l\u00ednea en globdocuments.com con env\u00edo mundial r\u00e1pido y seguro al mejor precio.","breadcrumb":{"@id":"https:\/\/globdocuments.com\/fr\/produit\/spain-id-card\/#breadcrumb"},"inLanguage":"es","potentialAction":[{"@type":"ReadAction","target":["https:\/\/globdocuments.com\/fr\/produit\/spain-id-card\/"]}]},{"@type":"ImageObject","inLanguage":"es","@id":"https:\/\/globdocuments.com\/fr\/produit\/spain-id-card\/#primaryimage","url":"https:\/\/globdocuments.com\/wp-content\/uploads\/2022\/11\/spain-id-card.png","contentUrl":"https:\/\/globdocuments.com\/wp-content\/uploads\/2022\/11\/spain-id-card.png","width":450,"height":450,"caption":"Spain ID Card"},{"@type":"BreadcrumbList","@id":"https:\/\/globdocuments.com\/fr\/produit\/spain-id-card\/#breadcrumb","itemListElement":[{"@type":"ListItem","position":1,"name":"Shop","item":"https:\/\/globdocuments.com\/shop\/"},{"@type":"ListItem","position":2,"name":"Spain ID Card"}]},{"@type":"WebSite","@id":"https:\/\/globdocuments.com\/#website","url":"https:\/\/globdocuments.com\/","name":"","description":"Comprar documentos reales y falsos en l\u00ednea","potentialAction":[{"@type":"SearchAction","target":{"@type":"EntryPoint","urlTemplate":"https:\/\/globdocuments.com\/?s={search_term_string}"},"query-input":{"@type":"PropertyValueSpecification","valueRequired":true,"valueName":"search_term_string"}}],"inLanguage":"es"}]}},"_links":{"self":[{"href":"https:\/\/globdocuments.com\/es\/wp-json\/wp\/v2\/product\/422","targetHints":{"allow":["GET"]}}],"collection":[{"href":"https:\/\/globdocuments.com\/es\/wp-json\/wp\/v2\/product"}],"about":[{"href":"https:\/\/globdocuments.com\/es\/wp-json\/wp\/v2\/types\/product"}],"replies":[{"embeddable":true,"href":"https:\/\/globdocuments.com\/es\/wp-json\/wp\/v2\/comments?post=422"}],"wp:featuredmedia":[{"embeddable":true,"href":"https:\/\/globdocuments.com\/es\/wp-json\/wp\/v2\/media\/495"}],"wp:attachment":[{"href":"https:\/\/globdocuments.com\/es\/wp-json\/wp\/v2\/media?parent=422"}],"wp:term":[{"taxonomy":"product_brand","embeddable":true,"href":"https:\/\/globdocuments.com\/es\/wp-json\/wp\/v2\/product_brand?post=422"},{"taxonomy":"product_cat","embeddable":true,"href":"https:\/\/globdocuments.com\/es\/wp-json\/wp\/v2\/product_cat?post=422"},{"taxonomy":"product_tag","embeddable":true,"href":"https:\/\/globdocuments.com\/es\/wp-json\/wp\/v2\/product_tag?post=422"}],"curies":[{"name":"wp","href":"https:\/\/api.w.org\/{rel}","templated":true}]}}