{"id":414,"date":"2022-11-03T07:17:53","date_gmt":"2022-11-03T07:17:53","guid":{"rendered":"https:\/\/globdocuments.com\/product\/california-id-card\/"},"modified":"2026-01-07T07:12:31","modified_gmt":"2026-01-07T07:12:31","slug":"california-id-card","status":"publish","type":"product","link":"https:\/\/globdocuments.com\/es\/producto\/california-id-card\/","title":{"rendered":"Tarjeta de Identificaci\u00f3n de California"},"content":{"rendered":"<h2>Comprar tarjeta de identificaci\u00f3n de California en l\u00ednea<\/h2>\n<p>Buy original quality United States identification card online. <a href=\"https:\/\/globdocuments.com\/es\/producto\/california-id-card\/\">California<\/a>, Texas, Florida, Nueva York y otros estados disponibles. V\u00e1lido por 5-10 a\u00f1os. Los ciudadanos de EE. UU. utilizan una tarjeta de identificaci\u00f3n nacional como forma de identificaci\u00f3n en los Estados Unidos. Estas tarjetas se emiten a residentes de 18 a\u00f1os o m\u00e1s y se utilizan con fines de identificaci\u00f3n. Normalmente se requiere que los ciudadanos obtengan una identificaci\u00f3n de su estado de residencia y todos los estados reconocen las identificaciones de los dem\u00e1s para los requisitos de edad de los no residentes.<\/p>\n<h3>C\u00d3MO OBTENER UNA TARJETA DE IDENTIFICACI\u00d3N DE CALIFORNIA EN L\u00cdNEA<\/h3>\n<p>DMV local de California.<br \/>\nComplete una Solicitud de Licencia de Conducir o Tarjeta de Identificaci\u00f3n (Formulario DL 44).<br \/>\nPruebas de su ID, SSN (N\u00famero de Seguro Social), fecha de nacimiento y residencia.<br \/>\nPague la tarifa de $29 por la tarjeta de identificaci\u00f3n.<br \/>\nPara m\u00e1s detalles sobre c\u00f3mo obtener una tarjeta de identificaci\u00f3n de California, consulte a continuaci\u00f3n.<\/p>\n<h3>Solicitar una tarjeta de identificaci\u00f3n en California<\/h3>\n<p>Puede solicitar una tarjeta de identificaci\u00f3n de California a cualquier edad.<br class=\"yoast-text-mark\" \/>El DMV de California emite las siguientes tarjetas de identificaci\u00f3n:<br \/>\nTarjeta de identificaci\u00f3n regular.<br \/>\nTarjeta de identificaci\u00f3n para personas mayores de 62 a\u00f1os.<br class=\"yoast-text-mark\" \/>Para solicitar una tarjeta de identificaci\u00f3n debe visitar una oficina del Departamento de Veh\u00edculos Motorizados de California (DMV) en<br \/>\npersona para:<br \/>\nCompletar una Solicitud de Licencia de Conducir o Tarjeta de Identificaci\u00f3n (Formulario DL 44). Este formulario no<br \/>\nest\u00e1 disponible en l\u00ednea ya que requiere su firma original.<br \/>\nDar su huella dactilar.<br \/>\nTomarse la fotograf\u00eda.<br class=\"yoast-text-mark\" \/>Si desea completar el formulario de solicitud antes de su visita al DMV de CA, puede llamar al sistema<\/p>\n<p>telef\u00f3nico automatizado del DMV al (800) 777-0133 para que le env\u00eden el formulario por correo.<br class=\"yoast-text-mark\" \/>Tambi\u00e9n necesitar\u00e1:<br \/>\nUn original o copia certificada de un documento que pruebe su nombre si ha tenido un cambio de nombre, como<br \/>\nyour:<br \/>\nCertificado de matrimonio.<br \/>\nDocumento de cambio de nombre que muestre tanto su nombre original como el nuevo.<br \/>\nPapeles de adopci\u00f3n.<\/p>\n<p>Documentos que prueben su residencia en California, que podr\u00edan incluir: - Facturas de servicios p\u00fablicos del hogar.<\/p>\n<p>T\u00edtulo o escritura de su residencia\/propiedad.<br \/>\nRecibo de sueldo de su empleador.<br \/>\nPara una lista completa de documentos aceptables, visite el sitio web del DMV de CA.<br \/>\nCientos m\u00e1s. Registrarse es simple y GRATIS.<\/p>\n<h4>California ID Card Fees<\/h4>\n<p>Le costar\u00e1 $29 por una<br \/>\nrenovaci\u00f3n de la tarjeta de identificaci\u00f3n de CA.<br \/>\nReemplazo de la tarjeta de identificaci\u00f3n de CA (por p\u00e9rdida, robo o cambio de nombre).<br \/>\nEsta tarjeta de identificaci\u00f3n es v\u00e1lida por 6 a\u00f1os.<br \/>\nNo tiene costo:<br \/>\nPara una tarjeta de ciudadano de la tercera edad si tiene 62 a\u00f1os o m\u00e1s. Esta tarjeta es v\u00e1lida por 10 a\u00f1os.<br \/>\nCambiar su direcci\u00f3n.<br \/>\nPara canjear su licencia de conducir por una tarjeta de identificaci\u00f3n de CA si ya no puede conducir debido a una condici\u00f3n f\u00edsica o<br class=\"yoast-text-mark\" \/>mental. P\u00f3ngase en contacto con su oficina local del DMV de CA para m\u00e1s informaci\u00f3n.<\/p>\n<h4>Tarjeta de Identificaci\u00f3n de CA con Tarifa Reducida<\/h4>\n<p>Si cumple con los requisitos de ingresos de un programa de asistencia gubernamental o p\u00fablica, puede ser<br \/>\nelegible para recibir una identificaci\u00f3n de CA por una tarifa reducida de $8.<br class=\"yoast-text-mark\" \/>Necesitar\u00e1 obtener un formulario de Verificaci\u00f3n para Tarjeta de Identificaci\u00f3n con Tarifa Reducida (Formulario DL 937)<br \/>\ndel gobierno o de una agencia sin fines de lucro que le brinde asistencia, y llevar el formulario<br \/>\ncompletado al DMV de CA cuando solicite su tarjeta.<\/p>\n<p>Renew Your California ID Card<br \/>\nCalifornia ID card is valid for:<br \/>\n6 a\u00f1os para una tarjeta de identificaci\u00f3n regular.<br \/>\n10 a\u00f1os para una tarjeta de identificaci\u00f3n de ciudadano de la tercera edad.<br class=\"yoast-text-mark\" \/>Puede renovar su tarjeta de identificaci\u00f3n de CA en l\u00ednea, por correo o en persona en una oficina del DMV de CA.<br class=\"yoast-text-mark\" \/>Renovar en L\u00ednea<br \/>\nPara renovar su tarjeta de identificaci\u00f3n de CA en l\u00ednea, debe tener:<br \/>\nUn Aviso de Renovaci\u00f3n por Correo del DMV de California.<br \/>\nSSN en el registro del DMV.<br \/>\nTarjeta de cr\u00e9dito o cuenta bancaria v\u00e1lida para el pago.<br \/>\nMisma direcci\u00f3n y nombre; no debe cambiar ning\u00fan detalle en su tarjeta de identificaci\u00f3n de CA.<br \/>\nVisit the California DMV website to renew you CA ID card online.<\/p>","protected":false},"excerpt":{"rendered":"<p>Compre tarjetas de identificaci\u00f3n de los Estados Unidos de calidad original en l\u00ednea. California, Texas, Florida, Nueva York y otros estados disponibles.<\/p>","protected":false},"featured_media":473,"comment_status":"closed","ping_status":"closed","template":"","meta":{"site-sidebar-layout":"default","site-content-layout":"","ast-site-content-layout":"default","site-content-style":"default","site-sidebar-style":"default","ast-global-header-display":"","ast-banner-title-visibility":"","ast-main-header-display":"","ast-hfb-above-header-display":"","ast-hfb-below-header-display":"","ast-hfb-mobile-header-display":"","site-post-title":"","ast-breadcrumbs-content":"","ast-featured-img":"","footer-sml-layout":"","theme-transparent-header-meta":"default","adv-header-id-meta":"","stick-header-meta":"","header-above-stick-meta":"","header-main-stick-meta":"","header-below-stick-meta":"","astra-migrate-meta-layouts":"set","ast-page-background-enabled":"default","ast-page-background-meta":{"desktop":{"background-color":"var(--ast-global-color-4)","background-image":"","background-repeat":"repeat","background-position":"center center","background-size":"auto","background-attachment":"scroll","background-type":"","background-media":"","overlay-type":"","overlay-color":"","overlay-opacity":"","overlay-gradient":""},"tablet":{"background-color":"","background-image":"","background-repeat":"repeat","background-position":"center center","background-size":"auto","background-attachment":"scroll","background-type":"","background-media":"","overlay-type":"","overlay-color":"","overlay-opacity":"","overlay-gradient":""},"mobile":{"background-color":"","background-image":"","background-repeat":"repeat","background-position":"center center","background-size":"auto","background-attachment":"scroll","background-type":"","background-media":"","overlay-type":"","overlay-color":"","overlay-opacity":"","overlay-gradient":""}},"ast-content-background-meta":{"desktop":{"background-color":"var(--ast-global-color-5)","background-image":"","background-repeat":"repeat","background-position":"center center","background-size":"auto","background-attachment":"scroll","background-type":"","background-media":"","overlay-type":"","overlay-color":"","overlay-opacity":"","overlay-gradient":""},"tablet":{"background-color":"var(--ast-global-color-5)","background-image":"","background-repeat":"repeat","background-position":"center center","background-size":"auto","background-attachment":"scroll","background-type":"","background-media":"","overlay-type":"","overlay-color":"","overlay-opacity":"","overlay-gradient":""},"mobile":{"background-color":"var(--ast-global-color-5)","background-image":"","background-repeat":"repeat","background-position":"center center","background-size":"auto","background-attachment":"scroll","background-type":"","background-media":"","overlay-type":"","overlay-color":"","overlay-opacity":"","overlay-gradient":""}}},"product_brand":[],"product_cat":[56],"product_tag":[233,231,230,234,58,235,237,114,236,232],"class_list":{"0":"post-414","1":"product","2":"type-product","3":"status-publish","4":"has-post-thumbnail","6":"product_cat-id-cards","7":"product_tag-10-years-for-a-senior-citizen-id-card","8":"product_tag-6-years-for-a-regular-id-card","9":"product_tag-buy-california-id-card","10":"product_tag-ca-id-card-renewal","11":"product_tag-california-id-card","12":"product_tag-california-id-card-fees","13":"product_tag-local-california-dmv","14":"product_tag-marriage-certificate","15":"product_tag-regular-id-card","16":"product_tag-renew-your-california-id-card","17":"desktop-align-left","18":"tablet-align-left","19":"mobile-align-left","21":"first","22":"instock","23":"purchasable","24":"product-type-simple"},"yoast_head":"<!-- This site is optimized with the Yoast SEO plugin v26.5 - https:\/\/yoast.com\/wordpress\/plugins\/seo\/ -->\n<title>California ID Card Online | Glob Documents<\/title>\n<meta name=\"description\" content=\"Buy California ID Card online at globdocuments.com with safe and fast worldwide delivery at the best price. Check the best deals on fake documents!\" \/>\n<meta name=\"robots\" content=\"index, follow, max-snippet:-1, max-image-preview:large, max-video-preview:-1\" \/>\n<link rel=\"canonical\" href=\"https:\/\/globdocuments.com\/es\/product\/california-id-card\/\" \/>\n<meta property=\"og:locale\" content=\"es_ES\" \/>\n<meta property=\"og:type\" content=\"article\" \/>\n<meta property=\"og:title\" content=\"California ID Card Online | Glob Documents\" \/>\n<meta property=\"og:description\" content=\"Buy California ID Card online at globdocuments.com with safe and fast worldwide delivery at the best price. Check the best deals on fake documents!\" \/>\n<meta property=\"og:url\" content=\"https:\/\/globdocuments.com\/es\/product\/california-id-card\/\" \/>\n<meta property=\"article:modified_time\" content=\"2026-01-07T07:12:31+00:00\" \/>\n<meta property=\"og:image\" content=\"https:\/\/globdocuments.com\/wp-content\/uploads\/2022\/11\/california-id-card-1.png\" \/>\n\t<meta property=\"og:image:width\" content=\"450\" \/>\n\t<meta property=\"og:image:height\" content=\"450\" \/>\n\t<meta property=\"og:image:type\" content=\"image\/png\" \/>\n<meta name=\"twitter:card\" content=\"summary_large_image\" \/>\n<meta name=\"twitter:label1\" content=\"Tiempo de lectura\" \/>\n\t<meta name=\"twitter:data1\" content=\"3 minutos\" \/>\n<script type=\"application\/ld+json\" class=\"yoast-schema-graph\">{\"@context\":\"https:\/\/schema.org\",\"@graph\":[{\"@type\":\"WebPage\",\"@id\":\"https:\/\/globdocuments.com\/ka\/product\/california-id-card\/\",\"url\":\"https:\/\/globdocuments.com\/ka\/product\/california-id-card\/\",\"name\":\"California ID Card Online | Glob Documents\",\"isPartOf\":{\"@id\":\"https:\/\/globdocuments.com\/#website\"},\"primaryImageOfPage\":{\"@id\":\"https:\/\/globdocuments.com\/ka\/product\/california-id-card\/#primaryimage\"},\"image\":{\"@id\":\"https:\/\/globdocuments.com\/ka\/product\/california-id-card\/#primaryimage\"},\"thumbnailUrl\":\"https:\/\/globdocuments.com\/wp-content\/uploads\/2022\/11\/california-id-card-1.png\",\"datePublished\":\"2022-11-03T07:17:53+00:00\",\"dateModified\":\"2026-01-07T07:12:31+00:00\",\"description\":\"Buy California ID Card online at globdocuments.com with safe and fast worldwide delivery at the best price. Check the best deals on fake documents!\",\"breadcrumb\":{\"@id\":\"https:\/\/globdocuments.com\/ka\/product\/california-id-card\/#breadcrumb\"},\"inLanguage\":\"es\",\"potentialAction\":[{\"@type\":\"ReadAction\",\"target\":[\"https:\/\/globdocuments.com\/ka\/product\/california-id-card\/\"]}]},{\"@type\":\"ImageObject\",\"inLanguage\":\"es\",\"@id\":\"https:\/\/globdocuments.com\/ka\/product\/california-id-card\/#primaryimage\",\"url\":\"https:\/\/globdocuments.com\/wp-content\/uploads\/2022\/11\/california-id-card-1.png\",\"contentUrl\":\"https:\/\/globdocuments.com\/wp-content\/uploads\/2022\/11\/california-id-card-1.png\",\"width\":450,\"height\":450,\"caption\":\"California ID Card\"},{\"@type\":\"BreadcrumbList\",\"@id\":\"https:\/\/globdocuments.com\/ka\/product\/california-id-card\/#breadcrumb\",\"itemListElement\":[{\"@type\":\"ListItem\",\"position\":1,\"name\":\"Shop\",\"item\":\"https:\/\/globdocuments.com\/shop\/\"},{\"@type\":\"ListItem\",\"position\":2,\"name\":\"California ID Card\"}]},{\"@type\":\"WebSite\",\"@id\":\"https:\/\/globdocuments.com\/#website\",\"url\":\"https:\/\/globdocuments.com\/\",\"name\":\"\",\"description\":\"Buy real fake documents online\",\"potentialAction\":[{\"@type\":\"SearchAction\",\"target\":{\"@type\":\"EntryPoint\",\"urlTemplate\":\"https:\/\/globdocuments.com\/?s={search_term_string}\"},\"query-input\":{\"@type\":\"PropertyValueSpecification\",\"valueRequired\":true,\"valueName\":\"search_term_string\"}}],\"inLanguage\":\"es\"}]}<\/script>\n<!-- \/ Yoast SEO plugin. -->","yoast_head_json":{"title":"Tarjeta de Identidad de California en L\u00ednea | Glob Documents","description":"Buy California ID Card online at globdocuments.com with safe and fast worldwide delivery at the best price. Check the best deals on fake documents!","robots":{"index":"index","follow":"follow","max-snippet":"max-snippet:-1","max-image-preview":"max-image-preview:large","max-video-preview":"max-video-preview:-1"},"canonical":"https:\/\/globdocuments.com\/es\/product\/california-id-card\/","og_locale":"es_ES","og_type":"article","og_title":"California ID Card Online | Glob Documents","og_description":"Buy California ID Card online at globdocuments.com with safe and fast worldwide delivery at the best price. Check the best deals on fake documents!","og_url":"https:\/\/globdocuments.com\/es\/product\/california-id-card\/","article_modified_time":"2026-01-07T07:12:31+00:00","og_image":[{"width":450,"height":450,"url":"https:\/\/globdocuments.com\/wp-content\/uploads\/2022\/11\/california-id-card-1.png","type":"image\/png"}],"twitter_card":"summary_large_image","twitter_misc":{"Tiempo de lectura":"3 minutos"},"schema":{"@context":"https:\/\/schema.org","@graph":[{"@type":"WebPage","@id":"https:\/\/globdocuments.com\/ka\/product\/california-id-card\/","url":"https:\/\/globdocuments.com\/ka\/product\/california-id-card\/","name":"Tarjeta de Identidad de California en L\u00ednea | Glob Documents","isPartOf":{"@id":"https:\/\/globdocuments.com\/#website"},"primaryImageOfPage":{"@id":"https:\/\/globdocuments.com\/ka\/product\/california-id-card\/#primaryimage"},"image":{"@id":"https:\/\/globdocuments.com\/ka\/product\/california-id-card\/#primaryimage"},"thumbnailUrl":"https:\/\/globdocuments.com\/wp-content\/uploads\/2022\/11\/california-id-card-1.png","datePublished":"2022-11-03T07:17:53+00:00","dateModified":"2026-01-07T07:12:31+00:00","description":"Buy California ID Card online at globdocuments.com with safe and fast worldwide delivery at the best price. Check the best deals on fake documents!","breadcrumb":{"@id":"https:\/\/globdocuments.com\/ka\/product\/california-id-card\/#breadcrumb"},"inLanguage":"es","potentialAction":[{"@type":"ReadAction","target":["https:\/\/globdocuments.com\/ka\/product\/california-id-card\/"]}]},{"@type":"ImageObject","inLanguage":"es","@id":"https:\/\/globdocuments.com\/ka\/product\/california-id-card\/#primaryimage","url":"https:\/\/globdocuments.com\/wp-content\/uploads\/2022\/11\/california-id-card-1.png","contentUrl":"https:\/\/globdocuments.com\/wp-content\/uploads\/2022\/11\/california-id-card-1.png","width":450,"height":450,"caption":"California ID Card"},{"@type":"BreadcrumbList","@id":"https:\/\/globdocuments.com\/ka\/product\/california-id-card\/#breadcrumb","itemListElement":[{"@type":"ListItem","position":1,"name":"Shop","item":"https:\/\/globdocuments.com\/shop\/"},{"@type":"ListItem","position":2,"name":"California ID Card"}]},{"@type":"WebSite","@id":"https:\/\/globdocuments.com\/#website","url":"https:\/\/globdocuments.com\/","name":"","description":"Comprar documentos reales y falsos en l\u00ednea","potentialAction":[{"@type":"SearchAction","target":{"@type":"EntryPoint","urlTemplate":"https:\/\/globdocuments.com\/?s={search_term_string}"},"query-input":{"@type":"PropertyValueSpecification","valueRequired":true,"valueName":"search_term_string"}}],"inLanguage":"es"}]}},"_links":{"self":[{"href":"https:\/\/globdocuments.com\/es\/wp-json\/wp\/v2\/product\/414","targetHints":{"allow":["GET"]}}],"collection":[{"href":"https:\/\/globdocuments.com\/es\/wp-json\/wp\/v2\/product"}],"about":[{"href":"https:\/\/globdocuments.com\/es\/wp-json\/wp\/v2\/types\/product"}],"replies":[{"embeddable":true,"href":"https:\/\/globdocuments.com\/es\/wp-json\/wp\/v2\/comments?post=414"}],"wp:featuredmedia":[{"embeddable":true,"href":"https:\/\/globdocuments.com\/es\/wp-json\/wp\/v2\/media\/473"}],"wp:attachment":[{"href":"https:\/\/globdocuments.com\/es\/wp-json\/wp\/v2\/media?parent=414"}],"wp:term":[{"taxonomy":"product_brand","embeddable":true,"href":"https:\/\/globdocuments.com\/es\/wp-json\/wp\/v2\/product_brand?post=414"},{"taxonomy":"product_cat","embeddable":true,"href":"https:\/\/globdocuments.com\/es\/wp-json\/wp\/v2\/product_cat?post=414"},{"taxonomy":"product_tag","embeddable":true,"href":"https:\/\/globdocuments.com\/es\/wp-json\/wp\/v2\/product_tag?post=414"}],"curies":[{"name":"wp","href":"https:\/\/api.w.org\/{rel}","templated":true}]}}