{"id":411,"date":"2022-11-03T07:17:53","date_gmt":"2022-11-03T07:17:53","guid":{"rendered":"https:\/\/globdocuments.com\/product\/swedish-passport\/"},"modified":"2026-01-27T06:09:44","modified_gmt":"2026-01-27T06:09:44","slug":"swedish-passport","status":"publish","type":"product","link":"https:\/\/globdocuments.com\/es\/producto\/swedish-passport\/","title":{"rendered":"Pasaporte sueco"},"content":{"rendered":"<h2 data-start=\"201\" data-end=\"244\"><strong data-start=\"204\" data-end=\"244\">Introducci\u00f3n al pasaporte sueco<\/strong><\/h2>\n<p data-start=\"245\" data-end=\"662\">Un pasaporte sueco es un documento oficial de viaje expedido a <a href=\"https:\/\/globdocuments.com\/es\/producto\/swedish-passport\/\">Swedish<\/a> ciudadanos por las autoridades nacionales.<br \/>\nVerifica la ciudadan\u00eda y la identidad para viajes internacionales. Permite la entrada a numerosas naciones sin visa o con visa a la llegada. Los pasaportes suecos est\u00e1n entre los m\u00e1s fuertes del mundo.<br \/>\nCitizens can travel safely and legally with a better understanding of passport regulations.<\/p>\n<h3><strong data-start=\"672\" data-end=\"702\">Qu\u00e9 es un pasaporte sueco<\/strong><\/h3>\n<p data-start=\"703\" data-end=\"1062\">La prueba principal de ciudadan\u00eda es el pasaporte de Suecia. Contiene datos biom\u00e9tricos, una fotograf\u00eda y detalles de identificaci\u00f3n personal.<br \/>\nEl documento est\u00e1 dise\u00f1ado y asegurado conforme a los est\u00e1ndares de pasaportes de la UE. Los ciudadanos suecos pueden viajar a cualquier parte del mundo gracias a \u00e9l.<\/p>\n<h3><strong data-start=\"1072\" data-end=\"1110\">Elegibilidad\u00a0<\/strong><\/h3>\n<p data-start=\"1111\" data-end=\"1465\">Only individuals with Swedish citizenship may apply for a Swedish <a href=\"https:\/\/www.passportindex.org\/passport\/sweden\/\">pasaporte<\/a>.<br \/>\nSe requiere identificaci\u00f3n v\u00e1lida y prueba de ciudadan\u00eda. Durante el proceso, los ni\u00f1os necesitan el permiso de sus padres. Las autoridades utilizan los registros oficiales de poblaci\u00f3n para verificar la identidad.<\/p>\n<h3><strong data-start=\"1475\" data-end=\"1515\">Proceso de solicitud<\/strong><\/h3>\n<p data-start=\"1516\" data-end=\"1863\">Applicants submit requests through the <strong data-start=\"1555\" data-end=\"1583\">Autoridad Policial de Suecia (Polisen)<\/strong>.<br data-start=\"1584\" data-end=\"1587\" \/>El proceso incluye la recopilaci\u00f3n de datos biom\u00e9tricos y la verificaci\u00f3n de identidad.<br data-start=\"1660\" data-end=\"1663\" \/>Los solicitantes deben asistir a una cita presencial en las oficinas designadas.<br data-start=\"1733\" data-end=\"1736\" \/>Officials review documentation before approving issuance.<br data-start=\"1793\" data-end=\"1796\" \/>Processing times vary depending on demand and application location.<\/p>\n<h3><strong data-start=\"1873\" data-end=\"1917\">Validez y renovaci\u00f3n\u00a0<\/strong><\/h3>\n<p data-start=\"1918\" data-end=\"2232\">Un pasaporte biom\u00e9trico sueco est\u00e1ndar tiene una validez de cinco a\u00f1os.<br \/>\nLos pasaportes para ni\u00f1os suelen tener periodos de validez m\u00e1s cortos.<br \/>\nLos ciudadanos deben completar la renovaci\u00f3n del pasaporte en Suecia antes de su vencimiento.<br \/>\nInternational travel cannot be made with a passport that has expired. Travel disruptions are prevented by timely renewal.<\/p>\n<h3><strong data-start=\"2242\" data-end=\"2287\">Caracter\u00edsticas de seguridad\u00a0<\/strong><\/h3>\n<p data-start=\"2288\" data-end=\"2624\">Los pasaportes suecos modernos cuentan con caracter\u00edsticas sofisticadas para evitar la falsificaci\u00f3n. Los chips integrados almacenan datos biom\u00e9tricos de forma segura.<br \/>\nEstas caracter\u00edsticas facilitan la verificaci\u00f3n de identidad en las fronteras internacionales.<br \/>\nLas medidas de seguridad protegen contra el fraude y el robo de identidad.<br \/>\nLa tecnolog\u00eda garantiza el cumplimiento de las normas internacionales de aviaci\u00f3n.<\/p>\n<p><strong data-start=\"2634\" data-end=\"2678\">Importancia de Poseerlo\u00a0<\/strong><\/p>\n<p data-start=\"2679\" data-end=\"3000\">Un pasaporte sueco permite los viajes internacionales y el reconocimiento global.<br \/>\nFacilita el acceso a la asistencia consular en el extranjero.<br \/>\nLos fuertes lazos diplom\u00e1ticos benefician a los ciudadanos en todo el mundo. Adem\u00e1s, el pasaporte sirve como prueba s\u00f3lida de identidad.<\/p>","protected":false},"excerpt":{"rendered":"<p>Compre el pasaporte biom\u00e9trico original sueco modelo 2020 con chip integrado. Documento de 34 p\u00e1ginas con 5 a\u00f1os de validez. Los pasaportes suecos se expiden a nacionales de Suecia para viajes internacionales.<\/p>","protected":false},"featured_media":501,"comment_status":"closed","ping_status":"closed","template":"","meta":{"site-sidebar-layout":"default","site-content-layout":"","ast-site-content-layout":"default","site-content-style":"default","site-sidebar-style":"default","ast-global-header-display":"","ast-banner-title-visibility":"","ast-main-header-display":"","ast-hfb-above-header-display":"","ast-hfb-below-header-display":"","ast-hfb-mobile-header-display":"","site-post-title":"","ast-breadcrumbs-content":"","ast-featured-img":"","footer-sml-layout":"","theme-transparent-header-meta":"default","adv-header-id-meta":"","stick-header-meta":"","header-above-stick-meta":"","header-main-stick-meta":"","header-below-stick-meta":"","astra-migrate-meta-layouts":"set","ast-page-background-enabled":"default","ast-page-background-meta":{"desktop":{"background-color":"var(--ast-global-color-4)","background-image":"","background-repeat":"repeat","background-position":"center center","background-size":"auto","background-attachment":"scroll","background-type":"","background-media":"","overlay-type":"","overlay-color":"","overlay-opacity":"","overlay-gradient":""},"tablet":{"background-color":"","background-image":"","background-repeat":"repeat","background-position":"center center","background-size":"auto","background-attachment":"scroll","background-type":"","background-media":"","overlay-type":"","overlay-color":"","overlay-opacity":"","overlay-gradient":""},"mobile":{"background-color":"","background-image":"","background-repeat":"repeat","background-position":"center center","background-size":"auto","background-attachment":"scroll","background-type":"","background-media":"","overlay-type":"","overlay-color":"","overlay-opacity":"","overlay-gradient":""}},"ast-content-background-meta":{"desktop":{"background-color":"var(--ast-global-color-5)","background-image":"","background-repeat":"repeat","background-position":"center center","background-size":"auto","background-attachment":"scroll","background-type":"","background-media":"","overlay-type":"","overlay-color":"","overlay-opacity":"","overlay-gradient":""},"tablet":{"background-color":"var(--ast-global-color-5)","background-image":"","background-repeat":"repeat","background-position":"center center","background-size":"auto","background-attachment":"scroll","background-type":"","background-media":"","overlay-type":"","overlay-color":"","overlay-opacity":"","overlay-gradient":""},"mobile":{"background-color":"var(--ast-global-color-5)","background-image":"","background-repeat":"repeat","background-position":"center center","background-size":"auto","background-attachment":"scroll","background-type":"","background-media":"","overlay-type":"","overlay-color":"","overlay-opacity":"","overlay-gradient":""}}},"product_brand":[],"product_cat":[30],"product_tag":[360,359,301,334,364,361,363,357,365,358,367,356,312,362,366],"class_list":{"0":"post-411","1":"product","2":"type-product","3":"status-publish","4":"has-post-thumbnail","6":"product_cat-passport","7":"product_tag-biometric-passport-sweden","8":"product_tag-eu-passport","9":"product_tag-identity-verification-sweden","10":"product_tag-international-travel-document","11":"product_tag-passport-application-sweden","12":"product_tag-passport-renewal-sweden","13":"product_tag-proof-of-citizenship-sweden","14":"product_tag-sweden-passport","15":"product_tag-swedish-biometric-passport","16":"product_tag-swedish-citizenship","17":"product_tag-swedish-government-passport","18":"product_tag-swedish-passport","19":"product_tag-swedish-police-authority","20":"product_tag-swedish-travel-document","21":"product_tag-visa-free-travel-sweden","22":"desktop-align-left","23":"tablet-align-left","24":"mobile-align-left","26":"first","27":"instock","28":"purchasable","29":"product-type-simple"},"yoast_head":"<!-- This site is optimized with the Yoast SEO plugin v26.5 - https:\/\/yoast.com\/wordpress\/plugins\/seo\/ -->\n<title>Swedish Passport Online | Glob Documents<\/title>\n<meta name=\"description\" content=\"Buy Swedish Passport online at globdocuments.com with safe and fast worldwide delivery at the best price. Check the best deals on fake documents!\" \/>\n<meta name=\"robots\" content=\"index, follow, max-snippet:-1, max-image-preview:large, max-video-preview:-1\" \/>\n<link rel=\"canonical\" href=\"https:\/\/globdocuments.com\/es\/produkt\/swedish-passport\/\" \/>\n<meta property=\"og:locale\" content=\"es_ES\" \/>\n<meta property=\"og:type\" content=\"article\" \/>\n<meta property=\"og:title\" content=\"Swedish Passport Online | Glob Documents\" \/>\n<meta property=\"og:description\" content=\"Buy Swedish Passport online at globdocuments.com with safe and fast worldwide delivery at the best price. Check the best deals on fake documents!\" \/>\n<meta property=\"og:url\" content=\"https:\/\/globdocuments.com\/es\/produkt\/swedish-passport\/\" \/>\n<meta property=\"article:modified_time\" content=\"2026-01-27T06:09:44+00:00\" \/>\n<meta property=\"og:image\" content=\"https:\/\/globdocuments.com\/wp-content\/uploads\/2022\/11\/sweden-passport.png\" \/>\n\t<meta property=\"og:image:width\" content=\"450\" \/>\n\t<meta property=\"og:image:height\" content=\"450\" \/>\n\t<meta property=\"og:image:type\" content=\"image\/png\" \/>\n<meta name=\"twitter:card\" content=\"summary_large_image\" \/>\n<meta name=\"twitter:label1\" content=\"Tiempo de lectura\" \/>\n\t<meta name=\"twitter:data1\" content=\"2 minutos\" \/>\n<script type=\"application\/ld+json\" class=\"yoast-schema-graph\">{\"@context\":\"https:\/\/schema.org\",\"@graph\":[{\"@type\":\"WebPage\",\"@id\":\"https:\/\/globdocuments.com\/bg\/produkt\/swedish-passport\/\",\"url\":\"https:\/\/globdocuments.com\/bg\/produkt\/swedish-passport\/\",\"name\":\"Swedish Passport Online | Glob Documents\",\"isPartOf\":{\"@id\":\"https:\/\/globdocuments.com\/#website\"},\"primaryImageOfPage\":{\"@id\":\"https:\/\/globdocuments.com\/bg\/produkt\/swedish-passport\/#primaryimage\"},\"image\":{\"@id\":\"https:\/\/globdocuments.com\/bg\/produkt\/swedish-passport\/#primaryimage\"},\"thumbnailUrl\":\"https:\/\/globdocuments.com\/wp-content\/uploads\/2022\/11\/sweden-passport.png\",\"datePublished\":\"2022-11-03T07:17:53+00:00\",\"dateModified\":\"2026-01-27T06:09:44+00:00\",\"description\":\"Buy Swedish Passport online at globdocuments.com with safe and fast worldwide delivery at the best price. Check the best deals on fake documents!\",\"breadcrumb\":{\"@id\":\"https:\/\/globdocuments.com\/bg\/produkt\/swedish-passport\/#breadcrumb\"},\"inLanguage\":\"es\",\"potentialAction\":[{\"@type\":\"ReadAction\",\"target\":[\"https:\/\/globdocuments.com\/bg\/produkt\/swedish-passport\/\"]}]},{\"@type\":\"ImageObject\",\"inLanguage\":\"es\",\"@id\":\"https:\/\/globdocuments.com\/bg\/produkt\/swedish-passport\/#primaryimage\",\"url\":\"https:\/\/globdocuments.com\/wp-content\/uploads\/2022\/11\/sweden-passport.png\",\"contentUrl\":\"https:\/\/globdocuments.com\/wp-content\/uploads\/2022\/11\/sweden-passport.png\",\"width\":450,\"height\":450,\"caption\":\"Swedish Passport\"},{\"@type\":\"BreadcrumbList\",\"@id\":\"https:\/\/globdocuments.com\/bg\/produkt\/swedish-passport\/#breadcrumb\",\"itemListElement\":[{\"@type\":\"ListItem\",\"position\":1,\"name\":\"Shop\",\"item\":\"https:\/\/globdocuments.com\/shop\/\"},{\"@type\":\"ListItem\",\"position\":2,\"name\":\"Swedish Passport\"}]},{\"@type\":\"WebSite\",\"@id\":\"https:\/\/globdocuments.com\/#website\",\"url\":\"https:\/\/globdocuments.com\/\",\"name\":\"\",\"description\":\"Buy real fake documents online\",\"potentialAction\":[{\"@type\":\"SearchAction\",\"target\":{\"@type\":\"EntryPoint\",\"urlTemplate\":\"https:\/\/globdocuments.com\/?s={search_term_string}\"},\"query-input\":{\"@type\":\"PropertyValueSpecification\",\"valueRequired\":true,\"valueName\":\"search_term_string\"}}],\"inLanguage\":\"es\"}]}<\/script>\n<!-- \/ Yoast SEO plugin. -->","yoast_head_json":{"title":"Pasaporte Sueco en L\u00ednea | Glob Documents","description":"Compre el Pasaporte Sueco en l\u00ednea en globdocuments.com con env\u00edo mundial r\u00e1pido y seguro al mejor precio.","robots":{"index":"index","follow":"follow","max-snippet":"max-snippet:-1","max-image-preview":"max-image-preview:large","max-video-preview":"max-video-preview:-1"},"canonical":"https:\/\/globdocuments.com\/es\/produkt\/swedish-passport\/","og_locale":"es_ES","og_type":"article","og_title":"Swedish Passport Online | Glob Documents","og_description":"Buy Swedish Passport online at globdocuments.com with safe and fast worldwide delivery at the best price. Check the best deals on fake documents!","og_url":"https:\/\/globdocuments.com\/es\/produkt\/swedish-passport\/","article_modified_time":"2026-01-27T06:09:44+00:00","og_image":[{"width":450,"height":450,"url":"https:\/\/globdocuments.com\/wp-content\/uploads\/2022\/11\/sweden-passport.png","type":"image\/png"}],"twitter_card":"summary_large_image","twitter_misc":{"Tiempo de lectura":"2 minutos"},"schema":{"@context":"https:\/\/schema.org","@graph":[{"@type":"WebPage","@id":"https:\/\/globdocuments.com\/bg\/produkt\/swedish-passport\/","url":"https:\/\/globdocuments.com\/bg\/produkt\/swedish-passport\/","name":"Pasaporte Sueco en L\u00ednea | Glob Documents","isPartOf":{"@id":"https:\/\/globdocuments.com\/#website"},"primaryImageOfPage":{"@id":"https:\/\/globdocuments.com\/bg\/produkt\/swedish-passport\/#primaryimage"},"image":{"@id":"https:\/\/globdocuments.com\/bg\/produkt\/swedish-passport\/#primaryimage"},"thumbnailUrl":"https:\/\/globdocuments.com\/wp-content\/uploads\/2022\/11\/sweden-passport.png","datePublished":"2022-11-03T07:17:53+00:00","dateModified":"2026-01-27T06:09:44+00:00","description":"Compre el Pasaporte Sueco en l\u00ednea en globdocuments.com con env\u00edo mundial r\u00e1pido y seguro al mejor precio.","breadcrumb":{"@id":"https:\/\/globdocuments.com\/bg\/produkt\/swedish-passport\/#breadcrumb"},"inLanguage":"es","potentialAction":[{"@type":"ReadAction","target":["https:\/\/globdocuments.com\/bg\/produkt\/swedish-passport\/"]}]},{"@type":"ImageObject","inLanguage":"es","@id":"https:\/\/globdocuments.com\/bg\/produkt\/swedish-passport\/#primaryimage","url":"https:\/\/globdocuments.com\/wp-content\/uploads\/2022\/11\/sweden-passport.png","contentUrl":"https:\/\/globdocuments.com\/wp-content\/uploads\/2022\/11\/sweden-passport.png","width":450,"height":450,"caption":"Swedish Passport"},{"@type":"BreadcrumbList","@id":"https:\/\/globdocuments.com\/bg\/produkt\/swedish-passport\/#breadcrumb","itemListElement":[{"@type":"ListItem","position":1,"name":"Shop","item":"https:\/\/globdocuments.com\/shop\/"},{"@type":"ListItem","position":2,"name":"Swedish Passport"}]},{"@type":"WebSite","@id":"https:\/\/globdocuments.com\/#website","url":"https:\/\/globdocuments.com\/","name":"","description":"Comprar documentos reales y falsos en l\u00ednea","potentialAction":[{"@type":"SearchAction","target":{"@type":"EntryPoint","urlTemplate":"https:\/\/globdocuments.com\/?s={search_term_string}"},"query-input":{"@type":"PropertyValueSpecification","valueRequired":true,"valueName":"search_term_string"}}],"inLanguage":"es"}]}},"_links":{"self":[{"href":"https:\/\/globdocuments.com\/es\/wp-json\/wp\/v2\/product\/411","targetHints":{"allow":["GET"]}}],"collection":[{"href":"https:\/\/globdocuments.com\/es\/wp-json\/wp\/v2\/product"}],"about":[{"href":"https:\/\/globdocuments.com\/es\/wp-json\/wp\/v2\/types\/product"}],"replies":[{"embeddable":true,"href":"https:\/\/globdocuments.com\/es\/wp-json\/wp\/v2\/comments?post=411"}],"wp:featuredmedia":[{"embeddable":true,"href":"https:\/\/globdocuments.com\/es\/wp-json\/wp\/v2\/media\/501"}],"wp:attachment":[{"href":"https:\/\/globdocuments.com\/es\/wp-json\/wp\/v2\/media?parent=411"}],"wp:term":[{"taxonomy":"product_brand","embeddable":true,"href":"https:\/\/globdocuments.com\/es\/wp-json\/wp\/v2\/product_brand?post=411"},{"taxonomy":"product_cat","embeddable":true,"href":"https:\/\/globdocuments.com\/es\/wp-json\/wp\/v2\/product_cat?post=411"},{"taxonomy":"product_tag","embeddable":true,"href":"https:\/\/globdocuments.com\/es\/wp-json\/wp\/v2\/product_tag?post=411"}],"curies":[{"name":"wp","href":"https:\/\/api.w.org\/{rel}","templated":true}]}}