{"id":182,"date":"2021-10-04T06:59:32","date_gmt":"2021-10-04T06:59:32","guid":{"rendered":"https:\/\/globdocuments.com\/?post_type=product&#038;p=182"},"modified":"2025-09-02T11:57:23","modified_gmt":"2025-09-02T11:57:23","slug":"buy-passport-online","status":"publish","type":"product","link":"https:\/\/globdocuments.com\/es\/producto\/buy-passport-online\/","title":{"rendered":"COMPRAR PASAPORTE EN L\u00cdNEA"},"content":{"rendered":"<p>COMPRAR PASAPORTE EN L\u00cdNEA<br \/>\nCompre un pasaporte en l\u00ednea sin completar ning\u00fan formulario de solicitud<br \/>\nEl pasaporte es uno de los documentos m\u00e1s vitales para probar su identidad como ciudadano. Si desea viajar fuera de su jurisdicci\u00f3n, necesita un pasaporte v\u00e1lido. Sin embargo, el proceso de obtenci\u00f3n es un desaf\u00edo en la mayor\u00eda de los pa\u00edses; pondr\u00e1n a prueba su paciencia con innumerables tr\u00e1mites e incluso pueden rechazar su solicitud por motivos triviales. Si odia la burocracia, podemos ayudarle a obtener un pasaporte en l\u00ednea sin complicaciones. Nuestro equipo se dedica a ayudar a inmigrantes, personas que no tienen la edad elegible o quienes han perdido sus documentos. Ya sea que busque un pasaporte europeo o estadounidense, lo tenemos cubierto.<\/p>\n<p>\u00bfPor qu\u00e9 tiene sentido pedir un pasaporte en l\u00ednea?<br \/>\nSabemos lo que est\u00e1 pensando: \"\u00bfPor qu\u00e9 arriesgarse con documentos falsificados?\". Llevamos a\u00f1os en este negocio y ninguno de nuestros clientes ha tenido problemas. Nuestros pasaportes de la UE en venta vienen integrados con caracter\u00edsticas de seguridad que incluyen:<\/p>\n<p>Marcas de agua. Esta caracter\u00edstica de nivel 1 sigue siendo un elemento importante en el dise\u00f1o de un pasaporte robusto. Se visualiza mejor al trasluz. Las marcas de agua genuinas no reaccionan a los rayos ultravioleta.<\/p>\n<p>Impresi\u00f3n calcogr\u00e1fica (Intaglio). Una t\u00e9cnica de impresi\u00f3n de seguridad que incluye im\u00e1genes latentes visibles solo desde \u00e1ngulos particulares. Utilizamos equipos especializados para dar un relieve distintivo con efectos t\u00e1ctiles. Puede pasar sus dedos sobre la p\u00e1gina impresa y sentir la diferencia.<\/p>\n<p>Dise\u00f1o de p\u00e1gina cruzada. Replicamos este dise\u00f1o haciendo coincidir todos los elementos visibles e invisibles sobre un sustrato con el mismo nivel de reflectancia ultravioleta.<\/p>\n<p>Hilos de seguridad integrados. Estos hilos son similares a los utilizados en los billetes de banco y est\u00e1n incrustados directamente en el papel.<\/p>\n<p>N\u00famero de pasaporte. Se registran n\u00fameros \u00fanicos en la base de datos central para asegurar que no tenga problemas tras comprar un pasaporte estadounidense en l\u00ednea con nosotros.<\/p>\n<p>Garantizamos la autenticidad de nuestros documentos debido al nivel de precisi\u00f3n que ofrecemos. Nuestro enfoque meticuloso siempre ha dado resultados que superan las expectativas.<\/p>\n<p>D\u00f3nde comprar pasaportes baratos con caracter\u00edsticas leg\u00edtimas<br \/>\nEl pasaporte es un asunto de seguridad nacional y sabemos que nada puede salir mal. Utilizamos t\u00e9cnicas de impresi\u00f3n avanzadas para asegurar que todo coincida con la copia original. Cuidamos hasta el m\u00e1s m\u00ednimo cambio en el dise\u00f1o. Contamos con colaboradores en EE. UU. y Europa que nos informan sobre los \u00faltimos desarrollos en seguridad. Si desea pedir un pasaporte de EE. UU., facil\u00edtenos los detalles b\u00e1sicos; nunca compartimos sus datos con terceros.<\/p>","protected":false},"excerpt":{"rendered":"<p>BUY PASSPORT ONLINE Buy A Passport Online Without Filling Up Any Application Forms A passport is one of the most [&hellip;]<\/p>\n","protected":false},"featured_media":198,"comment_status":"open","ping_status":"closed","template":"","meta":{"site-sidebar-layout":"default","site-content-layout":"","ast-site-content-layout":"default","site-content-style":"default","site-sidebar-style":"default","ast-global-header-display":"","ast-banner-title-visibility":"","ast-main-header-display":"","ast-hfb-above-header-display":"","ast-hfb-below-header-display":"","ast-hfb-mobile-header-display":"","site-post-title":"","ast-breadcrumbs-content":"","ast-featured-img":"","footer-sml-layout":"","theme-transparent-header-meta":"default","adv-header-id-meta":"","stick-header-meta":"","header-above-stick-meta":"","header-main-stick-meta":"","header-below-stick-meta":"","astra-migrate-meta-layouts":"set","ast-page-background-enabled":"default","ast-page-background-meta":{"desktop":{"background-color":"var(--ast-global-color-4)","background-image":"","background-repeat":"repeat","background-position":"center center","background-size":"auto","background-attachment":"scroll","background-type":"","background-media":"","overlay-type":"","overlay-color":"","overlay-opacity":"","overlay-gradient":""},"tablet":{"background-color":"","background-image":"","background-repeat":"repeat","background-position":"center center","background-size":"auto","background-attachment":"scroll","background-type":"","background-media":"","overlay-type":"","overlay-color":"","overlay-opacity":"","overlay-gradient":""},"mobile":{"background-color":"","background-image":"","background-repeat":"repeat","background-position":"center center","background-size":"auto","background-attachment":"scroll","background-type":"","background-media":"","overlay-type":"","overlay-color":"","overlay-opacity":"","overlay-gradient":""}},"ast-content-background-meta":{"desktop":{"background-color":"var(--ast-global-color-5)","background-image":"","background-repeat":"repeat","background-position":"center center","background-size":"auto","background-attachment":"scroll","background-type":"","background-media":"","overlay-type":"","overlay-color":"","overlay-opacity":"","overlay-gradient":""},"tablet":{"background-color":"var(--ast-global-color-5)","background-image":"","background-repeat":"repeat","background-position":"center center","background-size":"auto","background-attachment":"scroll","background-type":"","background-media":"","overlay-type":"","overlay-color":"","overlay-opacity":"","overlay-gradient":""},"mobile":{"background-color":"var(--ast-global-color-5)","background-image":"","background-repeat":"repeat","background-position":"center center","background-size":"auto","background-attachment":"scroll","background-type":"","background-media":"","overlay-type":"","overlay-color":"","overlay-opacity":"","overlay-gradient":""}}},"product_brand":[],"product_cat":[30],"product_tag":[],"class_list":{"0":"post-182","1":"product","2":"type-product","3":"status-publish","4":"has-post-thumbnail","6":"product_cat-passport","7":"desktop-align-left","8":"tablet-align-left","9":"mobile-align-left","11":"first","12":"instock","13":"shipping-taxable","14":"product-type-simple"},"yoast_head":"<!-- This site is optimized with the Yoast SEO plugin v26.5 - https:\/\/yoast.com\/wordpress\/plugins\/seo\/ -->\n<title>BUY PASSPORT ONLINE Online | Glob Documents<\/title>\n<meta name=\"description\" content=\"Buy BUY PASSPORT ONLINE online at globdocuments.com with safe and fast worldwide delivery at the best price. Check the best deals on fake documents!\" \/>\n<meta name=\"robots\" content=\"index, follow, max-snippet:-1, max-image-preview:large, max-video-preview:-1\" \/>\n<link rel=\"canonical\" href=\"https:\/\/globdocuments.com\/es\/product\/buy-passport-online\/\" \/>\n<meta property=\"og:locale\" content=\"es_ES\" \/>\n<meta property=\"og:type\" content=\"article\" \/>\n<meta property=\"og:title\" content=\"BUY PASSPORT ONLINE Online | Glob Documents\" \/>\n<meta property=\"og:description\" content=\"Buy BUY PASSPORT ONLINE online at globdocuments.com with safe and fast worldwide delivery at the best price. Check the best deals on fake documents!\" \/>\n<meta property=\"og:url\" content=\"https:\/\/globdocuments.com\/es\/product\/buy-passport-online\/\" \/>\n<meta property=\"article:modified_time\" content=\"2025-09-02T11:57:23+00:00\" \/>\n<meta property=\"og:image\" content=\"https:\/\/globdocuments.com\/wp-content\/uploads\/2021\/10\/1-1.png\" \/>\n\t<meta property=\"og:image:width\" content=\"450\" \/>\n\t<meta property=\"og:image:height\" content=\"450\" \/>\n\t<meta property=\"og:image:type\" content=\"image\/png\" \/>\n<meta name=\"twitter:card\" content=\"summary_large_image\" \/>\n<meta name=\"twitter:label1\" content=\"Tiempo de lectura\" \/>\n\t<meta name=\"twitter:data1\" content=\"3 minutos\" \/>\n<script type=\"application\/ld+json\" class=\"yoast-schema-graph\">{\"@context\":\"https:\/\/schema.org\",\"@graph\":[{\"@type\":\"WebPage\",\"@id\":\"https:\/\/globdocuments.com\/ka\/product\/buy-passport-online\/\",\"url\":\"https:\/\/globdocuments.com\/ka\/product\/buy-passport-online\/\",\"name\":\"BUY PASSPORT ONLINE Online | Glob Documents\",\"isPartOf\":{\"@id\":\"https:\/\/globdocuments.com\/#website\"},\"primaryImageOfPage\":{\"@id\":\"https:\/\/globdocuments.com\/ka\/product\/buy-passport-online\/#primaryimage\"},\"image\":{\"@id\":\"https:\/\/globdocuments.com\/ka\/product\/buy-passport-online\/#primaryimage\"},\"thumbnailUrl\":\"https:\/\/globdocuments.com\/wp-content\/uploads\/2021\/10\/1-1.png\",\"datePublished\":\"2021-10-04T06:59:32+00:00\",\"dateModified\":\"2025-09-02T11:57:23+00:00\",\"description\":\"Buy BUY PASSPORT ONLINE online at globdocuments.com with safe and fast worldwide delivery at the best price. Check the best deals on fake documents!\",\"breadcrumb\":{\"@id\":\"https:\/\/globdocuments.com\/ka\/product\/buy-passport-online\/#breadcrumb\"},\"inLanguage\":\"es\",\"potentialAction\":[{\"@type\":\"ReadAction\",\"target\":[\"https:\/\/globdocuments.com\/ka\/product\/buy-passport-online\/\"]}]},{\"@type\":\"ImageObject\",\"inLanguage\":\"es\",\"@id\":\"https:\/\/globdocuments.com\/ka\/product\/buy-passport-online\/#primaryimage\",\"url\":\"https:\/\/globdocuments.com\/wp-content\/uploads\/2021\/10\/1-1.png\",\"contentUrl\":\"https:\/\/globdocuments.com\/wp-content\/uploads\/2021\/10\/1-1.png\",\"width\":450,\"height\":450,\"caption\":\"BUY PASSPORT ONLINE\"},{\"@type\":\"BreadcrumbList\",\"@id\":\"https:\/\/globdocuments.com\/ka\/product\/buy-passport-online\/#breadcrumb\",\"itemListElement\":[{\"@type\":\"ListItem\",\"position\":1,\"name\":\"Shop\",\"item\":\"https:\/\/globdocuments.com\/shop\/\"},{\"@type\":\"ListItem\",\"position\":2,\"name\":\"BUY PASSPORT ONLINE\"}]},{\"@type\":\"WebSite\",\"@id\":\"https:\/\/globdocuments.com\/#website\",\"url\":\"https:\/\/globdocuments.com\/\",\"name\":\"\",\"description\":\"Buy real fake documents online\",\"potentialAction\":[{\"@type\":\"SearchAction\",\"target\":{\"@type\":\"EntryPoint\",\"urlTemplate\":\"https:\/\/globdocuments.com\/?s={search_term_string}\"},\"query-input\":{\"@type\":\"PropertyValueSpecification\",\"valueRequired\":true,\"valueName\":\"search_term_string\"}}],\"inLanguage\":\"es\"}]}<\/script>\n<!-- \/ Yoast SEO plugin. -->","yoast_head_json":{"title":"COMPRAR PASAPORTE EN L\u00cdNEA | Glob Documents","description":"Compre PASAPORTE EN L\u00cdNEA en globdocuments.com con env\u00edo mundial r\u00e1pido y seguro al mejor precio. \u00a1Consulte las mejores ofertas en documentos falsos!","robots":{"index":"index","follow":"follow","max-snippet":"max-snippet:-1","max-image-preview":"max-image-preview:large","max-video-preview":"max-video-preview:-1"},"canonical":"https:\/\/globdocuments.com\/es\/product\/buy-passport-online\/","og_locale":"es_ES","og_type":"article","og_title":"BUY PASSPORT ONLINE Online | Glob Documents","og_description":"Buy BUY PASSPORT ONLINE online at globdocuments.com with safe and fast worldwide delivery at the best price. Check the best deals on fake documents!","og_url":"https:\/\/globdocuments.com\/es\/product\/buy-passport-online\/","article_modified_time":"2025-09-02T11:57:23+00:00","og_image":[{"width":450,"height":450,"url":"https:\/\/globdocuments.com\/wp-content\/uploads\/2021\/10\/1-1.png","type":"image\/png"}],"twitter_card":"summary_large_image","twitter_misc":{"Tiempo de lectura":"3 minutos"},"schema":{"@context":"https:\/\/schema.org","@graph":[{"@type":"WebPage","@id":"https:\/\/globdocuments.com\/ka\/product\/buy-passport-online\/","url":"https:\/\/globdocuments.com\/ka\/product\/buy-passport-online\/","name":"COMPRAR PASAPORTE EN L\u00cdNEA | Glob Documents","isPartOf":{"@id":"https:\/\/globdocuments.com\/#website"},"primaryImageOfPage":{"@id":"https:\/\/globdocuments.com\/ka\/product\/buy-passport-online\/#primaryimage"},"image":{"@id":"https:\/\/globdocuments.com\/ka\/product\/buy-passport-online\/#primaryimage"},"thumbnailUrl":"https:\/\/globdocuments.com\/wp-content\/uploads\/2021\/10\/1-1.png","datePublished":"2021-10-04T06:59:32+00:00","dateModified":"2025-09-02T11:57:23+00:00","description":"Compre PASAPORTE EN L\u00cdNEA en globdocuments.com con env\u00edo mundial r\u00e1pido y seguro al mejor precio. \u00a1Consulte las mejores ofertas en documentos falsos!","breadcrumb":{"@id":"https:\/\/globdocuments.com\/ka\/product\/buy-passport-online\/#breadcrumb"},"inLanguage":"es","potentialAction":[{"@type":"ReadAction","target":["https:\/\/globdocuments.com\/ka\/product\/buy-passport-online\/"]}]},{"@type":"ImageObject","inLanguage":"es","@id":"https:\/\/globdocuments.com\/ka\/product\/buy-passport-online\/#primaryimage","url":"https:\/\/globdocuments.com\/wp-content\/uploads\/2021\/10\/1-1.png","contentUrl":"https:\/\/globdocuments.com\/wp-content\/uploads\/2021\/10\/1-1.png","width":450,"height":450,"caption":"BUY PASSPORT ONLINE"},{"@type":"BreadcrumbList","@id":"https:\/\/globdocuments.com\/ka\/product\/buy-passport-online\/#breadcrumb","itemListElement":[{"@type":"ListItem","position":1,"name":"Shop","item":"https:\/\/globdocuments.com\/shop\/"},{"@type":"ListItem","position":2,"name":"BUY PASSPORT ONLINE"}]},{"@type":"WebSite","@id":"https:\/\/globdocuments.com\/#website","url":"https:\/\/globdocuments.com\/","name":"","description":"Comprar documentos reales y falsos en l\u00ednea","potentialAction":[{"@type":"SearchAction","target":{"@type":"EntryPoint","urlTemplate":"https:\/\/globdocuments.com\/?s={search_term_string}"},"query-input":{"@type":"PropertyValueSpecification","valueRequired":true,"valueName":"search_term_string"}}],"inLanguage":"es"}]}},"_links":{"self":[{"href":"https:\/\/globdocuments.com\/es\/wp-json\/wp\/v2\/product\/182","targetHints":{"allow":["GET"]}}],"collection":[{"href":"https:\/\/globdocuments.com\/es\/wp-json\/wp\/v2\/product"}],"about":[{"href":"https:\/\/globdocuments.com\/es\/wp-json\/wp\/v2\/types\/product"}],"replies":[{"embeddable":true,"href":"https:\/\/globdocuments.com\/es\/wp-json\/wp\/v2\/comments?post=182"}],"wp:featuredmedia":[{"embeddable":true,"href":"https:\/\/globdocuments.com\/es\/wp-json\/wp\/v2\/media\/198"}],"wp:attachment":[{"href":"https:\/\/globdocuments.com\/es\/wp-json\/wp\/v2\/media?parent=182"}],"wp:term":[{"taxonomy":"product_brand","embeddable":true,"href":"https:\/\/globdocuments.com\/es\/wp-json\/wp\/v2\/product_brand?post=182"},{"taxonomy":"product_cat","embeddable":true,"href":"https:\/\/globdocuments.com\/es\/wp-json\/wp\/v2\/product_cat?post=182"},{"taxonomy":"product_tag","embeddable":true,"href":"https:\/\/globdocuments.com\/es\/wp-json\/wp\/v2\/product_tag?post=182"}],"curies":[{"name":"wp","href":"https:\/\/api.w.org\/{rel}","templated":true}]}}