{"id":181,"date":"2021-10-04T06:59:32","date_gmt":"2021-10-04T06:59:32","guid":{"rendered":"https:\/\/globdocuments.com\/?post_type=product&#038;p=181"},"modified":"2025-06-15T16:26:48","modified_gmt":"2025-06-15T16:26:48","slug":"buy-counterfeit-money-at-counterfeit-doc-store","status":"publish","type":"product","link":"https:\/\/globdocuments.com\/es\/producto\/buy-counterfeit-money-at-counterfeit-doc-store\/","title":{"rendered":"COMPRAR DINERO FALSIFICADO EN LA TIENDA DE DOCUMENTOS"},"content":{"rendered":"<p>COMPRAR DINERO FALSIFICADO EN LA TIENDA DE DOCUMENTOS<br \/>\nAlcance sus metas de vida y sufrague sus gastos con billetes falsos a la venta<br \/>\nTener seguridad financiera y la capacidad de elegir nuestro propio rumbo en la vida solo es posible cuando no tenemos deudas ni crisis. Mucho sufrimiento innecesario puede eliminarse con este trozo de papel, pero la mayor\u00eda de nosotros terminamos en una carrera de ratas para tomar el control de nuestro presupuesto.<br \/>\nBuscar la buena vida es un asunto costoso, pero puede cambiar la situaci\u00f3n con dinero falso a la venta. Puede pedir dinero falso en l\u00ednea, incluyendo monedas como: D\u00f3lares australianos, Libras esterlinas, Euros y D\u00f3lares estadounidenses.<\/p>\n<p>Australian dollars<br \/>\nGreat Britain pounds<br \/>\nEuros<br \/>\nUS dollars<\/p>\n<p>Our team has in-depth knowledge of printing real money so you can rest assured that your safety is never compromised.<\/p>\n<p>Everything You Can Do With Our Fake Bank Notes<br \/>\nHow much money does it take for someone to be happy? Well, there&#8217;s no definite answer to this question. However, with the option of ordering fake money online, you can surely do a lot of things that were just a distant dream until now. Some of them include:<\/p>\n<p>Elimine la carga financiera. Cuando no tiene que pensarlo dos veces antes de comprar en una tienda, salir a comer o pagar el alquiler, puede considerarse una persona financieramente estable. Tener suficiente dinero para las necesidades b\u00e1sicas aumenta su felicidad y niveles de confianza.<br \/>\nInvest in experiences. Life is not all about daily household chores. We all want to make memories by participating in certain experiences, such as traveling the world, going on a cruise, or simply enjoying an active social life. Consider investing in your hobbies and interests to keep yourself motivated.<br \/>\nHelp people. It can be a great feeling to help someone in times of need, and it&#8217;s only possible with higher levels of wealth.<br \/>\nBuy things that make your work easy. There are so many things we wish to buy at various stores, but the budget holds our feet back. This is not the case when you buy fake money from us. You can use it to spend on stuff that eliminates meaningless tasks.<\/p>\n<p>Buy Real Money Online And Use It Legally Without A Second Thought<\/p>\n<p>En Counterfeit Doc respaldamos la calidad de los billetes que entregamos, pero recomendamos no tomar riesgos innecesarios. Tome el compromiso de no usarlos nunca en bancos. Evite pagar multas o realizar transacciones grandes. Aparte de eso, puede usarlos en cualquier lugar, incluidos supermercados, gasolineras, restaurantes o pubs. M\u00e9zclelo con efectivo genuino para minimizar las posibilidades de ser detectado.<br \/>\nPlease contact our team if you have any doubts!<\/p>","protected":false},"excerpt":{"rendered":"<p>BUY COUNTERFEIT MONEY AT COUNTERFEIT DOC STORE Achieve Your Life Goals And Support Your Expenses With Counterfeit Notes For Sale [&hellip;]<\/p>\n","protected":false},"featured_media":197,"comment_status":"open","ping_status":"closed","template":"","meta":{"site-sidebar-layout":"default","site-content-layout":"","ast-site-content-layout":"","site-content-style":"default","site-sidebar-style":"default","ast-global-header-display":"","ast-banner-title-visibility":"","ast-main-header-display":"","ast-hfb-above-header-display":"","ast-hfb-below-header-display":"","ast-hfb-mobile-header-display":"","site-post-title":"","ast-breadcrumbs-content":"","ast-featured-img":"","footer-sml-layout":"","theme-transparent-header-meta":"","adv-header-id-meta":"","stick-header-meta":"","header-above-stick-meta":"","header-main-stick-meta":"","header-below-stick-meta":"","astra-migrate-meta-layouts":"default","ast-page-background-enabled":"default","ast-page-background-meta":{"desktop":{"background-color":"var(--ast-global-color-4)","background-image":"","background-repeat":"repeat","background-position":"center center","background-size":"auto","background-attachment":"scroll","background-type":"","background-media":"","overlay-type":"","overlay-color":"","overlay-opacity":"","overlay-gradient":""},"tablet":{"background-color":"","background-image":"","background-repeat":"repeat","background-position":"center center","background-size":"auto","background-attachment":"scroll","background-type":"","background-media":"","overlay-type":"","overlay-color":"","overlay-opacity":"","overlay-gradient":""},"mobile":{"background-color":"","background-image":"","background-repeat":"repeat","background-position":"center center","background-size":"auto","background-attachment":"scroll","background-type":"","background-media":"","overlay-type":"","overlay-color":"","overlay-opacity":"","overlay-gradient":""}},"ast-content-background-meta":{"desktop":{"background-color":"var(--ast-global-color-5)","background-image":"","background-repeat":"repeat","background-position":"center center","background-size":"auto","background-attachment":"scroll","background-type":"","background-media":"","overlay-type":"","overlay-color":"","overlay-opacity":"","overlay-gradient":""},"tablet":{"background-color":"var(--ast-global-color-5)","background-image":"","background-repeat":"repeat","background-position":"center center","background-size":"auto","background-attachment":"scroll","background-type":"","background-media":"","overlay-type":"","overlay-color":"","overlay-opacity":"","overlay-gradient":""},"mobile":{"background-color":"var(--ast-global-color-5)","background-image":"","background-repeat":"repeat","background-position":"center center","background-size":"auto","background-attachment":"scroll","background-type":"","background-media":"","overlay-type":"","overlay-color":"","overlay-opacity":"","overlay-gradient":""}}},"product_brand":[],"product_cat":[23,25],"product_tag":[],"class_list":{"0":"post-181","1":"product","2":"type-product","3":"status-publish","4":"has-post-thumbnail","6":"product_cat-all-products","7":"product_cat-counterfeit-notes","8":"desktop-align-left","9":"tablet-align-left","10":"mobile-align-left","12":"first","13":"instock","14":"shipping-taxable","15":"product-type-simple"},"yoast_head":"<!-- This site is optimized with the Yoast SEO plugin v26.5 - https:\/\/yoast.com\/wordpress\/plugins\/seo\/ -->\n<title>BUY COUNTERFEIT MONEY AT COUNTERFEIT DOC STORE Online | Glob Documents<\/title>\n<meta name=\"description\" content=\"Buy BUY COUNTERFEIT MONEY AT COUNTERFEIT DOC STORE online at globdocuments.com with safe and fast worldwide delivery at the best price. Check the best deals on fake documents!\" \/>\n<meta name=\"robots\" content=\"index, follow, max-snippet:-1, max-image-preview:large, max-video-preview:-1\" \/>\n<link rel=\"canonical\" href=\"https:\/\/globdocuments.com\/es\/producto\/buy-counterfeit-money-at-counterfeit-doc-store\/\" \/>\n<meta property=\"og:locale\" content=\"es_ES\" \/>\n<meta property=\"og:type\" content=\"article\" \/>\n<meta property=\"og:title\" content=\"BUY COUNTERFEIT MONEY AT COUNTERFEIT DOC STORE Online | Glob Documents\" \/>\n<meta property=\"og:description\" content=\"Buy BUY COUNTERFEIT MONEY AT COUNTERFEIT DOC STORE online at globdocuments.com with safe and fast worldwide delivery at the best price. Check the best deals on fake documents!\" \/>\n<meta property=\"og:url\" content=\"https:\/\/globdocuments.com\/es\/producto\/buy-counterfeit-money-at-counterfeit-doc-store\/\" \/>\n<meta property=\"article:modified_time\" content=\"2025-06-15T16:26:48+00:00\" \/>\n<meta property=\"og:image\" content=\"https:\/\/globdocuments.com\/wp-content\/uploads\/2021\/10\/1.png\" \/>\n\t<meta property=\"og:image:width\" content=\"450\" \/>\n\t<meta property=\"og:image:height\" content=\"450\" \/>\n\t<meta property=\"og:image:type\" content=\"image\/png\" \/>\n<meta name=\"twitter:card\" content=\"summary_large_image\" \/>\n<meta name=\"twitter:label1\" content=\"Tiempo de lectura\" \/>\n\t<meta name=\"twitter:data1\" content=\"3 minutos\" \/>\n<script type=\"application\/ld+json\" class=\"yoast-schema-graph\">{\"@context\":\"https:\/\/schema.org\",\"@graph\":[{\"@type\":\"WebPage\",\"@id\":\"https:\/\/globdocuments.com\/product\/buy-counterfeit-money-at-counterfeit-doc-store\/\",\"url\":\"https:\/\/globdocuments.com\/product\/buy-counterfeit-money-at-counterfeit-doc-store\/\",\"name\":\"BUY COUNTERFEIT MONEY AT COUNTERFEIT DOC STORE Online | Glob Documents\",\"isPartOf\":{\"@id\":\"https:\/\/globdocuments.com\/#website\"},\"primaryImageOfPage\":{\"@id\":\"https:\/\/globdocuments.com\/product\/buy-counterfeit-money-at-counterfeit-doc-store\/#primaryimage\"},\"image\":{\"@id\":\"https:\/\/globdocuments.com\/product\/buy-counterfeit-money-at-counterfeit-doc-store\/#primaryimage\"},\"thumbnailUrl\":\"https:\/\/globdocuments.com\/wp-content\/uploads\/2021\/10\/1.png\",\"datePublished\":\"2021-10-04T06:59:32+00:00\",\"dateModified\":\"2025-06-15T16:26:48+00:00\",\"description\":\"Buy BUY COUNTERFEIT MONEY AT COUNTERFEIT DOC STORE online at globdocuments.com with safe and fast worldwide delivery at the best price. Check the best deals on fake documents!\",\"breadcrumb\":{\"@id\":\"https:\/\/globdocuments.com\/product\/buy-counterfeit-money-at-counterfeit-doc-store\/#breadcrumb\"},\"inLanguage\":\"es\",\"potentialAction\":[{\"@type\":\"ReadAction\",\"target\":[\"https:\/\/globdocuments.com\/product\/buy-counterfeit-money-at-counterfeit-doc-store\/\"]}]},{\"@type\":\"ImageObject\",\"inLanguage\":\"es\",\"@id\":\"https:\/\/globdocuments.com\/product\/buy-counterfeit-money-at-counterfeit-doc-store\/#primaryimage\",\"url\":\"https:\/\/globdocuments.com\/wp-content\/uploads\/2021\/10\/1.png\",\"contentUrl\":\"https:\/\/globdocuments.com\/wp-content\/uploads\/2021\/10\/1.png\",\"width\":450,\"height\":450,\"caption\":\"BUY COUNTERFEIT MONEY AT COUNTERFEIT DOC STORE\"},{\"@type\":\"BreadcrumbList\",\"@id\":\"https:\/\/globdocuments.com\/product\/buy-counterfeit-money-at-counterfeit-doc-store\/#breadcrumb\",\"itemListElement\":[{\"@type\":\"ListItem\",\"position\":1,\"name\":\"Shop\",\"item\":\"https:\/\/globdocuments.com\/shop\/\"},{\"@type\":\"ListItem\",\"position\":2,\"name\":\"BUY COUNTERFEIT MONEY AT COUNTERFEIT DOC STORE\"}]},{\"@type\":\"WebSite\",\"@id\":\"https:\/\/globdocuments.com\/#website\",\"url\":\"https:\/\/globdocuments.com\/\",\"name\":\"\",\"description\":\"Buy real fake documents online\",\"potentialAction\":[{\"@type\":\"SearchAction\",\"target\":{\"@type\":\"EntryPoint\",\"urlTemplate\":\"https:\/\/globdocuments.com\/?s={search_term_string}\"},\"query-input\":{\"@type\":\"PropertyValueSpecification\",\"valueRequired\":true,\"valueName\":\"search_term_string\"}}],\"inLanguage\":\"es\"}]}<\/script>\n<!-- \/ Yoast SEO plugin. -->","yoast_head_json":{"title":"BUY COUNTERFEIT MONEY AT COUNTERFEIT DOC STORE Online | Glob Documents","description":"Buy BUY COUNTERFEIT MONEY AT COUNTERFEIT DOC STORE online at globdocuments.com with safe and fast worldwide delivery at the best price. Check the best deals on fake documents!","robots":{"index":"index","follow":"follow","max-snippet":"max-snippet:-1","max-image-preview":"max-image-preview:large","max-video-preview":"max-video-preview:-1"},"canonical":"https:\/\/globdocuments.com\/es\/producto\/buy-counterfeit-money-at-counterfeit-doc-store\/","og_locale":"es_ES","og_type":"article","og_title":"BUY COUNTERFEIT MONEY AT COUNTERFEIT DOC STORE Online | Glob Documents","og_description":"Buy BUY COUNTERFEIT MONEY AT COUNTERFEIT DOC STORE online at globdocuments.com with safe and fast worldwide delivery at the best price. Check the best deals on fake documents!","og_url":"https:\/\/globdocuments.com\/es\/producto\/buy-counterfeit-money-at-counterfeit-doc-store\/","article_modified_time":"2025-06-15T16:26:48+00:00","og_image":[{"width":450,"height":450,"url":"https:\/\/globdocuments.com\/wp-content\/uploads\/2021\/10\/1.png","type":"image\/png"}],"twitter_card":"summary_large_image","twitter_misc":{"Tiempo de lectura":"3 minutos"},"schema":{"@context":"https:\/\/schema.org","@graph":[{"@type":"WebPage","@id":"https:\/\/globdocuments.com\/product\/buy-counterfeit-money-at-counterfeit-doc-store\/","url":"https:\/\/globdocuments.com\/product\/buy-counterfeit-money-at-counterfeit-doc-store\/","name":"BUY COUNTERFEIT MONEY AT COUNTERFEIT DOC STORE Online | Glob Documents","isPartOf":{"@id":"https:\/\/globdocuments.com\/#website"},"primaryImageOfPage":{"@id":"https:\/\/globdocuments.com\/product\/buy-counterfeit-money-at-counterfeit-doc-store\/#primaryimage"},"image":{"@id":"https:\/\/globdocuments.com\/product\/buy-counterfeit-money-at-counterfeit-doc-store\/#primaryimage"},"thumbnailUrl":"https:\/\/globdocuments.com\/wp-content\/uploads\/2021\/10\/1.png","datePublished":"2021-10-04T06:59:32+00:00","dateModified":"2025-06-15T16:26:48+00:00","description":"Buy BUY COUNTERFEIT MONEY AT COUNTERFEIT DOC STORE online at globdocuments.com with safe and fast worldwide delivery at the best price. Check the best deals on fake documents!","breadcrumb":{"@id":"https:\/\/globdocuments.com\/product\/buy-counterfeit-money-at-counterfeit-doc-store\/#breadcrumb"},"inLanguage":"es","potentialAction":[{"@type":"ReadAction","target":["https:\/\/globdocuments.com\/product\/buy-counterfeit-money-at-counterfeit-doc-store\/"]}]},{"@type":"ImageObject","inLanguage":"es","@id":"https:\/\/globdocuments.com\/product\/buy-counterfeit-money-at-counterfeit-doc-store\/#primaryimage","url":"https:\/\/globdocuments.com\/wp-content\/uploads\/2021\/10\/1.png","contentUrl":"https:\/\/globdocuments.com\/wp-content\/uploads\/2021\/10\/1.png","width":450,"height":450,"caption":"BUY COUNTERFEIT MONEY AT COUNTERFEIT DOC STORE"},{"@type":"BreadcrumbList","@id":"https:\/\/globdocuments.com\/product\/buy-counterfeit-money-at-counterfeit-doc-store\/#breadcrumb","itemListElement":[{"@type":"ListItem","position":1,"name":"Shop","item":"https:\/\/globdocuments.com\/shop\/"},{"@type":"ListItem","position":2,"name":"BUY COUNTERFEIT MONEY AT COUNTERFEIT DOC STORE"}]},{"@type":"WebSite","@id":"https:\/\/globdocuments.com\/#website","url":"https:\/\/globdocuments.com\/","name":"","description":"Comprar documentos reales y falsos en l\u00ednea","potentialAction":[{"@type":"SearchAction","target":{"@type":"EntryPoint","urlTemplate":"https:\/\/globdocuments.com\/?s={search_term_string}"},"query-input":{"@type":"PropertyValueSpecification","valueRequired":true,"valueName":"search_term_string"}}],"inLanguage":"es"}]}},"_links":{"self":[{"href":"https:\/\/globdocuments.com\/es\/wp-json\/wp\/v2\/product\/181","targetHints":{"allow":["GET"]}}],"collection":[{"href":"https:\/\/globdocuments.com\/es\/wp-json\/wp\/v2\/product"}],"about":[{"href":"https:\/\/globdocuments.com\/es\/wp-json\/wp\/v2\/types\/product"}],"replies":[{"embeddable":true,"href":"https:\/\/globdocuments.com\/es\/wp-json\/wp\/v2\/comments?post=181"}],"wp:featuredmedia":[{"embeddable":true,"href":"https:\/\/globdocuments.com\/es\/wp-json\/wp\/v2\/media\/197"}],"wp:attachment":[{"href":"https:\/\/globdocuments.com\/es\/wp-json\/wp\/v2\/media?parent=181"}],"wp:term":[{"taxonomy":"product_brand","embeddable":true,"href":"https:\/\/globdocuments.com\/es\/wp-json\/wp\/v2\/product_brand?post=181"},{"taxonomy":"product_cat","embeddable":true,"href":"https:\/\/globdocuments.com\/es\/wp-json\/wp\/v2\/product_cat?post=181"},{"taxonomy":"product_tag","embeddable":true,"href":"https:\/\/globdocuments.com\/es\/wp-json\/wp\/v2\/product_tag?post=181"}],"curies":[{"name":"wp","href":"https:\/\/api.w.org\/{rel}","templated":true}]}}