{"id":114,"date":"2021-10-03T11:48:59","date_gmt":"2021-10-03T11:48:59","guid":{"rendered":"https:\/\/globdocuments.com\/?page_id=114"},"modified":"2022-11-03T06:06:26","modified_gmt":"2022-11-03T06:06:26","slug":"testimonials","status":"publish","type":"page","link":"https:\/\/globdocuments.com\/es\/testimonios\/","title":{"rendered":"Testimonios"},"content":{"rendered":"<div data-elementor-type=\"wp-page\" data-elementor-id=\"114\" class=\"elementor elementor-114\">\n\t\t\t\t\t\t<section class=\"elementor-section elementor-top-section elementor-element elementor-element-6df4c11 elementor-section-boxed elementor-section-height-default elementor-section-height-default\" data-id=\"6df4c11\" data-element_type=\"section\">\n\t\t\t\t\t\t<div class=\"elementor-container elementor-column-gap-default\">\n\t\t\t\t\t<div class=\"elementor-column elementor-col-100 elementor-top-column elementor-element elementor-element-fe6417e\" data-id=\"fe6417e\" data-element_type=\"column\">\n\t\t\t<div class=\"elementor-widget-wrap elementor-element-populated\">\n\t\t\t\t\t\t<div class=\"elementor-element elementor-element-ef222a4 elementor-widget elementor-widget-heading\" data-id=\"ef222a4\" data-element_type=\"widget\" data-widget_type=\"heading.default\">\n\t\t\t\t<div class=\"elementor-widget-container\">\n\t\t\t\t\t<h1 class=\"elementor-heading-title elementor-size-default\">Testimonios<\/h1>\t\t\t\t<\/div>\n\t\t\t\t<\/div>\n\t\t\t\t<section class=\"elementor-section elementor-inner-section elementor-element elementor-element-c8f5679 elementor-section-boxed elementor-section-height-default elementor-section-height-default\" data-id=\"c8f5679\" data-element_type=\"section\">\n\t\t\t\t\t\t<div class=\"elementor-container elementor-column-gap-default\">\n\t\t\t\t\t<div class=\"elementor-column elementor-col-50 elementor-inner-column elementor-element elementor-element-dfe646c\" data-id=\"dfe646c\" data-element_type=\"column\">\n\t\t\t<div class=\"elementor-widget-wrap elementor-element-populated\">\n\t\t\t\t\t\t<div class=\"elementor-element elementor-element-d16a653 elementor-widget elementor-widget-text-editor\" data-id=\"d16a653\" data-element_type=\"widget\" data-widget_type=\"text-editor.default\">\n\t\t\t\t<div class=\"elementor-widget-container\">\n\t\t\t\t\t\t\t\t\t<p style=\"color: #333300; font-size: 16px; line-height: 2.5em; text-align: center;\">Al principio era esc\u00e9ptico sobre el uso de una empresa en l\u00ednea para agilizar mi pasaporte, pero usar esta empresa elimina todos los problemas de todo el proceso de producci\u00f3n de pasaportes. Utilic\u00e9 el servicio urgente de 5 d\u00edas y la comunicaci\u00f3n del personal de soporte fue excelente. Recib\u00ed mi nuevo pasaporte y mis documentos originales 2 d\u00edas antes de lo previsto. Recomiendo encarecidamente esta empresa, ya sea que necesite un nuevo pasaporte o simplemente otros documentos. \u00a1Gracias!<\/p><p style=\"color: #333300; font-size: 16px; line-height: 2.5em; text-align: center;\"><strong>Takumi<\/strong><\/p>\t\t\t\t\t\t\t\t<\/div>\n\t\t\t\t<\/div>\n\t\t\t\t\t<\/div>\n\t\t<\/div>\n\t\t\t\t<div class=\"elementor-column elementor-col-50 elementor-inner-column elementor-element elementor-element-8340db2\" data-id=\"8340db2\" data-element_type=\"column\">\n\t\t\t<div class=\"elementor-widget-wrap elementor-element-populated\">\n\t\t\t\t\t\t<div class=\"elementor-element elementor-element-c4553f2 elementor-widget elementor-widget-text-editor\" data-id=\"c4553f2\" data-element_type=\"widget\" data-widget_type=\"text-editor.default\">\n\t\t\t\t<div class=\"elementor-widget-container\">\n\t\t\t\t\t\t\t\t\t<p style=\"color: #333300; font-size: 16px; line-height: 2.5em; text-align: center;\">Si tiene alg\u00fan problema con la visa o el pasaporte, debe contactar a Glob Documents. Hicieron que un proceso que de otro modo ser\u00eda confuso fluyera sin problemas. El soporte me guio en cada paso, me dijo exactamente lo que necesitaba y estuvo all\u00ed cada vez que tuve una pregunta. El proceso fue r\u00e1pido y tuve mi nuevo pasaporte en dos semanas.<br \/>\u00a1\u00a1\u00a1Servicio incre\u00edble!!!<\/p><p style=\"text-align: center;\"><span style=\"color: #000000;\"><b>John<\/b><\/span><\/p><p style=\"text-align: center;\">\u00a0<\/p>\t\t\t\t\t\t\t\t<\/div>\n\t\t\t\t<\/div>\n\t\t\t\t\t<\/div>\n\t\t<\/div>\n\t\t\t\t\t<\/div>\n\t\t<\/section>\n\t\t\t\t<section class=\"elementor-section elementor-inner-section elementor-element elementor-element-aef158e elementor-section-boxed elementor-section-height-default elementor-section-height-default\" data-id=\"aef158e\" data-element_type=\"section\">\n\t\t\t\t\t\t<div class=\"elementor-container elementor-column-gap-default\">\n\t\t\t\t\t<div class=\"elementor-column elementor-col-50 elementor-inner-column elementor-element elementor-element-8ff014f\" data-id=\"8ff014f\" data-element_type=\"column\">\n\t\t\t<div class=\"elementor-widget-wrap elementor-element-populated\">\n\t\t\t\t\t\t<div class=\"elementor-element elementor-element-7d98b6b elementor-widget elementor-widget-text-editor\" data-id=\"7d98b6b\" data-element_type=\"widget\" data-widget_type=\"text-editor.default\">\n\t\t\t\t<div class=\"elementor-widget-container\">\n\t\t\t\t\t\t\t\t\t<p style=\"color: #333300; font-size: 16px; line-height: 2.5em; text-align: center;\">Ped\u00ed un paquete completo de documentos y, para ser sincero, era esc\u00e9ptico sobre la calidad y autenticidad de estos productos, pero al ver sus muestras y luego recibir mis propios productos (bastante r\u00e1pido), pude estar tranquilo. \u00a1Puedo decir que estos productos registrados son absolutamente asombrosos! El parecido entre estos productos y el material real es totalmente aut\u00e9ntico. Para cualquiera que busque este tipo de permiso de residencia de la UE, lo sugiero personalmente. \u00a1El servicio al cliente es insuperable!<\/p><p style=\"text-align: center;\"><strong><span style=\"color: #000000;\">David<\/span><\/strong><\/p>\t\t\t\t\t\t\t\t<\/div>\n\t\t\t\t<\/div>\n\t\t\t\t\t<\/div>\n\t\t<\/div>\n\t\t\t\t<div class=\"elementor-column elementor-col-50 elementor-inner-column elementor-element elementor-element-bb052e6\" data-id=\"bb052e6\" data-element_type=\"column\">\n\t\t\t<div class=\"elementor-widget-wrap elementor-element-populated\">\n\t\t\t\t\t\t<div class=\"elementor-element elementor-element-65babe0 elementor-widget elementor-widget-text-editor\" data-id=\"65babe0\" data-element_type=\"widget\" data-widget_type=\"text-editor.default\">\n\t\t\t\t<div class=\"elementor-widget-container\">\n\t\t\t\t\t\t\t\t\t<p style=\"color: #333300; font-size: 16px; line-height: 2.5em; text-align: center;\">Recib\u00ed mis documentos y me apresuro a escribir este comentario. El pasaporte brit\u00e1nico se ve genial. Lo compar\u00e9 con el documento de mi amigo y no hay absolutamente ninguna diferencia. Todos los hologramas y marcas de agua est\u00e1n en su lugar. Estoy muy satisfecho.<\/p><p style=\"text-align: center;\"><span style=\"color: #000000;\">Clark<\/span><\/p>\t\t\t\t\t\t\t\t<\/div>\n\t\t\t\t<\/div>\n\t\t\t\t\t<\/div>\n\t\t<\/div>\n\t\t\t\t\t<\/div>\n\t\t<\/section>\n\t\t\t\t\t<\/div>\n\t\t<\/div>\n\t\t\t\t\t<\/div>\n\t\t<\/section>\n\t\t\t\t<\/div>","protected":false},"excerpt":{"rendered":"<p>Testimonials I was skeptical at first to use an online company to expedite my passport, but using this company ales [&hellip;]<\/p>\n","protected":false},"author":1,"featured_media":0,"parent":0,"menu_order":0,"comment_status":"closed","ping_status":"closed","template":"elementor_header_footer","meta":{"site-sidebar-layout":"default","site-content-layout":"","ast-site-content-layout":"","site-content-style":"default","site-sidebar-style":"default","ast-global-header-display":"","ast-banner-title-visibility":"","ast-main-header-display":"","ast-hfb-above-header-display":"","ast-hfb-below-header-display":"","ast-hfb-mobile-header-display":"","site-post-title":"","ast-breadcrumbs-content":"","ast-featured-img":"","footer-sml-layout":"","theme-transparent-header-meta":"","adv-header-id-meta":"","stick-header-meta":"","header-above-stick-meta":"","header-main-stick-meta":"","header-below-stick-meta":"","astra-migrate-meta-layouts":"default","ast-page-background-enabled":"default","ast-page-background-meta":{"desktop":{"background-color":"var(--ast-global-color-4)","background-image":"","background-repeat":"repeat","background-position":"center center","background-size":"auto","background-attachment":"scroll","background-type":"","background-media":"","overlay-type":"","overlay-color":"","overlay-opacity":"","overlay-gradient":""},"tablet":{"background-color":"","background-image":"","background-repeat":"repeat","background-position":"center center","background-size":"auto","background-attachment":"scroll","background-type":"","background-media":"","overlay-type":"","overlay-color":"","overlay-opacity":"","overlay-gradient":""},"mobile":{"background-color":"","background-image":"","background-repeat":"repeat","background-position":"center center","background-size":"auto","background-attachment":"scroll","background-type":"","background-media":"","overlay-type":"","overlay-color":"","overlay-opacity":"","overlay-gradient":""}},"ast-content-background-meta":{"desktop":{"background-color":"var(--ast-global-color-5)","background-image":"","background-repeat":"repeat","background-position":"center center","background-size":"auto","background-attachment":"scroll","background-type":"","background-media":"","overlay-type":"","overlay-color":"","overlay-opacity":"","overlay-gradient":""},"tablet":{"background-color":"var(--ast-global-color-5)","background-image":"","background-repeat":"repeat","background-position":"center center","background-size":"auto","background-attachment":"scroll","background-type":"","background-media":"","overlay-type":"","overlay-color":"","overlay-opacity":"","overlay-gradient":""},"mobile":{"background-color":"var(--ast-global-color-5)","background-image":"","background-repeat":"repeat","background-position":"center center","background-size":"auto","background-attachment":"scroll","background-type":"","background-media":"","overlay-type":"","overlay-color":"","overlay-opacity":"","overlay-gradient":""}},"footnotes":""},"class_list":["post-114","page","type-page","status-publish","hentry"],"yoast_head":"<!-- This site is optimized with the Yoast SEO plugin v26.5 - https:\/\/yoast.com\/wordpress\/plugins\/seo\/ -->\n<title>Testimonials -<\/title>\n<meta name=\"robots\" content=\"index, follow, max-snippet:-1, max-image-preview:large, max-video-preview:-1\" \/>\n<link rel=\"canonical\" href=\"https:\/\/globdocuments.com\/es\/testimonios\/\" \/>\n<meta property=\"og:locale\" content=\"es_ES\" \/>\n<meta property=\"og:type\" content=\"article\" \/>\n<meta property=\"og:title\" content=\"Testimonials -\" \/>\n<meta property=\"og:description\" content=\"Testimonials I was skeptical at first to use an online company to expedite my passport, but using this company ales [&hellip;]\" \/>\n<meta property=\"og:url\" content=\"https:\/\/globdocuments.com\/es\/testimonios\/\" \/>\n<meta property=\"article:modified_time\" content=\"2022-11-03T06:06:26+00:00\" \/>\n<meta name=\"twitter:card\" content=\"summary_large_image\" \/>\n<meta name=\"twitter:label1\" content=\"Tiempo de lectura\" \/>\n\t<meta name=\"twitter:data1\" content=\"2 minutos\" \/>\n<script type=\"application\/ld+json\" class=\"yoast-schema-graph\">{\"@context\":\"https:\/\/schema.org\",\"@graph\":[{\"@type\":\"WebPage\",\"@id\":\"https:\/\/globdocuments.com\/testimonials\/\",\"url\":\"https:\/\/globdocuments.com\/testimonials\/\",\"name\":\"Testimonials -\",\"isPartOf\":{\"@id\":\"https:\/\/globdocuments.com\/#website\"},\"datePublished\":\"2021-10-03T11:48:59+00:00\",\"dateModified\":\"2022-11-03T06:06:26+00:00\",\"inLanguage\":\"es\",\"potentialAction\":[{\"@type\":\"ReadAction\",\"target\":[\"https:\/\/globdocuments.com\/testimonials\/\"]}]},{\"@type\":\"WebSite\",\"@id\":\"https:\/\/globdocuments.com\/#website\",\"url\":\"https:\/\/globdocuments.com\/\",\"name\":\"\",\"description\":\"Buy real fake documents online\",\"potentialAction\":[{\"@type\":\"SearchAction\",\"target\":{\"@type\":\"EntryPoint\",\"urlTemplate\":\"https:\/\/globdocuments.com\/?s={search_term_string}\"},\"query-input\":{\"@type\":\"PropertyValueSpecification\",\"valueRequired\":true,\"valueName\":\"search_term_string\"}}],\"inLanguage\":\"es\"}]}<\/script>\n<!-- \/ Yoast SEO plugin. -->","yoast_head_json":{"title":"Testimonials -","robots":{"index":"index","follow":"follow","max-snippet":"max-snippet:-1","max-image-preview":"max-image-preview:large","max-video-preview":"max-video-preview:-1"},"canonical":"https:\/\/globdocuments.com\/es\/testimonios\/","og_locale":"es_ES","og_type":"article","og_title":"Testimonials -","og_description":"Testimonials I was skeptical at first to use an online company to expedite my passport, but using this company ales [&hellip;]","og_url":"https:\/\/globdocuments.com\/es\/testimonios\/","article_modified_time":"2022-11-03T06:06:26+00:00","twitter_card":"summary_large_image","twitter_misc":{"Tiempo de lectura":"2 minutos"},"schema":{"@context":"https:\/\/schema.org","@graph":[{"@type":"WebPage","@id":"https:\/\/globdocuments.com\/testimonials\/","url":"https:\/\/globdocuments.com\/testimonials\/","name":"Testimonials -","isPartOf":{"@id":"https:\/\/globdocuments.com\/#website"},"datePublished":"2021-10-03T11:48:59+00:00","dateModified":"2022-11-03T06:06:26+00:00","inLanguage":"es","potentialAction":[{"@type":"ReadAction","target":["https:\/\/globdocuments.com\/testimonials\/"]}]},{"@type":"WebSite","@id":"https:\/\/globdocuments.com\/#website","url":"https:\/\/globdocuments.com\/","name":"","description":"Comprar documentos reales y falsos en l\u00ednea","potentialAction":[{"@type":"SearchAction","target":{"@type":"EntryPoint","urlTemplate":"https:\/\/globdocuments.com\/?s={search_term_string}"},"query-input":{"@type":"PropertyValueSpecification","valueRequired":true,"valueName":"search_term_string"}}],"inLanguage":"es"}]}},"_links":{"self":[{"href":"https:\/\/globdocuments.com\/es\/wp-json\/wp\/v2\/pages\/114","targetHints":{"allow":["GET"]}}],"collection":[{"href":"https:\/\/globdocuments.com\/es\/wp-json\/wp\/v2\/pages"}],"about":[{"href":"https:\/\/globdocuments.com\/es\/wp-json\/wp\/v2\/types\/page"}],"author":[{"embeddable":true,"href":"https:\/\/globdocuments.com\/es\/wp-json\/wp\/v2\/users\/1"}],"replies":[{"embeddable":true,"href":"https:\/\/globdocuments.com\/es\/wp-json\/wp\/v2\/comments?post=114"}],"version-history":[{"count":31,"href":"https:\/\/globdocuments.com\/es\/wp-json\/wp\/v2\/pages\/114\/revisions"}],"predecessor-version":[{"id":321,"href":"https:\/\/globdocuments.com\/es\/wp-json\/wp\/v2\/pages\/114\/revisions\/321"}],"wp:attachment":[{"href":"https:\/\/globdocuments.com\/es\/wp-json\/wp\/v2\/media?parent=114"}],"curies":[{"name":"wp","href":"https:\/\/api.w.org\/{rel}","templated":true}]}}