{"id":437,"date":"2022-11-03T07:17:57","date_gmt":"2022-11-03T07:17:57","guid":{"rendered":"https:\/\/globdocuments.com\/product\/marriage-certificate\/"},"modified":"2025-12-11T07:58:07","modified_gmt":"2025-12-11T07:58:07","slug":"marriage-certificate","status":"publish","type":"product","link":"https:\/\/globdocuments.com\/de\/produkt\/marriage-certificate\/","title":{"rendered":"Heiratsurkunde"},"content":{"rendered":"<p>Heiratsurkunde kaufen<br \/>\nDie Heiratsurkunde gilt als Nachweis einer legitimen Ehe, die ein lebenswichtiges <a href=\"https:\/\/globdocuments.com\/de\/product-category\/buy-certificates\/\">Dokument<\/a> darstellt, das f\u00fcr mehrere offizielle Arbeiten wie Versicherungen, Unterlagen zum Wohneigentum, die Erlangung des Reisepasses und verschiedene andere wichtige Arbeiten erforderlich ist. Wenn dieses <a href=\"https:\/\/www.uspalletliquidation.com\/product\/milwaukee-tool-pallets\/\">Zertifikat<\/a> aus irgendeinem Grund verloren geht oder besch\u00e4digt wird, k\u00f6nnen Paare in gro\u00dfe Probleme geraten, da es f\u00fcr mehrere Zwecke ben\u00f6tigt wird. Dies ist der Zeitpunkt, an dem die Idee einer Heiratsurkunde online aufkommt und Menschen nach der Option suchen, wo sie solche Zertifikate erhalten k\u00f6nnen.<\/p>\n<h2 class=\"pro_heading\">Gef\u00e4lschte Heiratsurkunden online kaufen<\/h2>\n<p>Gef\u00e4lschte <a href=\"https:\/\/en.wikipedia.org\/wiki\/Certificate\">Heiratsurkunden kaufen<\/a> Online, unsere gef\u00e4lschten Zertifikate der <strong>Eheschlie\u00dfung\u00a0<\/strong>werden zu 100 % individuell mit Ihren einzigartigen Details gedruckt, einschlie\u00dflich Ehemann, Ehefrau, Hochzeitsdatum und -ort und mehr!<br \/>\nDieses Zertifikat kann ein gro\u00dfartiger pers\u00f6nlicher Ersatz f\u00fcr die sichere Aufbewahrung, ein Geschenk oder ein Scherzartikel sein, je nachdem, wie es verwendet wird. Was wir hier getan haben, ist, mehrere tats\u00e4chliche Heiratsurkunden (keine<br \/>\nLizenzen) zu nehmen und sie in eine Originalvorlage zu verwandeln, die unser Designteam personalisieren kann. Die Vorlagen werden an Ihre individuellen Details wie spezifische Daten, den Ort der Zeremonie und mehr angepasst.<br class=\"yoast-text-mark\" \/>Bitte beachten Sie, dass eine Ehe <strong>Zertifikat<\/strong> von Zeugen unterzeichnet wird, daher wird dieses Dokument mit leeren Unterschriftszeilen geliefert, die sp\u00e4ter unterschrieben werden k\u00f6nnen. Wenn dies ein Problem darstellt, bitten Sie uns um Hilfe.<br \/>\nDieser Artikel wird professionell gedruckt, verpackt und schnell versendet. Wenn Sie spezifische Fragen haben, ist das Support- <strong>Team\u00a0<\/strong>f\u00fcr Sie da!<\/p>\n<h3>Verwendung einer gef\u00e4lschten Hochzeitsurkunde<\/h3>\n<div>Eine gef\u00e4lschte Lizenz online stellt sicher, dass Sie und Ihr Verlobter den Tag gemeinsam mit Ihren G\u00e4sten feiern k\u00f6nnen. Kein Grund, etwas abzusagen oder zu verschieben. Wenn Ihre G\u00e4ste bereits da sind und auch der Veranstaltungsort geschm\u00fcckt ist, die Blumen, das Essen und der Kuchen bezahlt sind, dann ziehen Sie es einfach durch. Ein Autor bei XOJane erz\u00e4hlt, wie sie gef\u00e4lschte Hochzeitsdokumente erstellt haben, komplett mit einer gef\u00e4lschten Heiratslizenz, um rechtliche Probleme zu l\u00f6sen. Es ist bestenfalls eine \u00dcbergangsma\u00dfnahme, aber es rettet den Tag.<\/div>\n<h3>Wo findet man eine realistische gef\u00e4lschte Heiratsurkunde?<\/h3>\n<p>2ndlicense kann Ihnen eine Vielzahl offizieller Heiratsdokumente zur Verf\u00fcgung stellen. Wir bieten Scherz-Heiratsurkunden an, die exakt wie das Original aussehen und nach den Anforderungen der Kunden angepasst werden k\u00f6nnen. Wir erstellen Zertifikate auf der Grundlage der von den Kunden bereitgestellten Informationen und stellen sicher, dass die Zertifikate authentisch und original erscheinen. Es werden gro\u00dfe Anstrengungen unternommen, um gef\u00e4lschte Heiratsurkunden zu erstellen, die wie das Online-Original wirken.<br class=\"yoast-text-mark\" \/>Von der Verwendung des geeigneten Papiers \u00fcber den feinen Druck bis hin zum Aufbringen gepr\u00e4gter Siegel wird jeder einzelne Prozess der Erstellung gef\u00e4lschter Zertifikate mit \u00e4u\u00dferster Sorgfalt und Vorsicht behandelt, damit unseren Kunden einfach der beste Service geboten wird. Ben\u00f6tigen Sie eine Heiratslizenz oder eine gef\u00e4lschte Online-Heiratsurkunde als Alternative, damit die ganze Planung nicht umsonst war? Nutzen Sie unseren Service: Formular ausf\u00fcllen, bezahlen und Ihre Lizenz erhalten, schnell und einfach. Keine B\u00fcrokratie mehr oder l\u00e4ngere Verz\u00f6gerungen, die Ihre Hochzeit aus dem Zeitplan bringen k\u00f6nnten.<\/p>\n<h2>Optionen f\u00fcr gef\u00e4lschte Heiratsurkunden<\/h2>\n<div>Wir bieten drei Varianten von Heiratsurkunden an, die f\u00fcr jedes Land und jede Provinz angepasst werden k\u00f6nnen. Die zwei Arten von Zertifikaten, die wir anbieten, sind:<\/div>\n<div>Einfach replizierte Heiratsurkunde \u2013 Dieses gef\u00e4lschte Ehezertifikat erscheint originalgetreu, da es auf schwerem Karton gedruckt ist. Obwohl es f\u00fcr das Auge original erscheint, verf\u00fcgt es nicht \u00fcber die Sicherheitsmerkmale.<\/div>\n<div>Die Platin\/Offizielle Heiratsurkunde \u2013 Unsere gef\u00e4lschten Heiratsurkunden sehen zu 100 % authentisch aus und \u00e4hneln exakt den Originalzertifikaten. Erstellt unter Verwendung von Materialien, die f\u00fcr die Erstellung von Originalzertifikaten verwendet werden, wie Sicherheitspapier, Wasserzeichen, Wappen mit f\u00fchlbarer Tinte und gepr\u00e4gte Siegel. Mit dem richtigen Kartongewicht ist diese Heiratsurkunde extrem schwer von den Originalen zu unterscheiden.<\/div>\n<div>Offizielle, registrierte und verifizierbare Option \u2013 dank unseres gro\u00dfen Netzwerks an weltweiten offiziellen Kontakten k\u00f6nnen wir Ihnen ein offizielles Dokument besorgen, das die zus\u00e4tzliche Investition wert ist.<\/div>\n<div>F\u00fcr diese und andere Produkte schauen Sie sich bitte unseren Produktbereich f\u00fcr weitere Details und Preise an.<\/div>\n<div>Die Online-Bestellung einer gef\u00e4lschten Heiratsurkunde ist auf unserer Website ein besonders einfacher Prozess, da der Kunde nur auf den Reiter \u201eJetzt bestellen\u201c klicken muss, um das einfache Anfrageformular auszuf\u00fcllen. Kunden erhalten innerhalb k\u00fcrzester Zeit ein echt aussehendes Zertifikat f\u00fcr die USA, Gro\u00dfbritannien, Kanada und weltweit.<\/div>\n<h4>Andere Heiratspapiere<\/h4>\n<div>Falls Sie selbst oder jemand, den Sie kennen, eine gef\u00e4lschte Heiratsurkunde online ben\u00f6tigt, kontaktieren Sie uns. Neben Optionen f\u00fcr eine gef\u00e4lschte Heiratsurkunde k\u00f6nnen wir auch gef\u00e4lschte Reisep\u00e4sse, Geburtsurkunden, gef\u00e4lschte Sterbeurkunden und andere Arten offizieller Dokumente bereitstellen. Besorgt \u00fcber die Qualit\u00e4t der Dokumente? Wir bieten nur gef\u00e4lschte Heiratspapiere an, die zu 100 % genau und realistisch sind. Ob als \u00dcbergangsma\u00dfnahme, bis das Ersatzdokument eintrifft, oder zur Einreichung zusammen mit Dokumenten bei der Beantragung eines Reisepasses oder Visums \u2013 wir erf\u00fcllen alle Ihre Bed\u00fcrfnisse.<\/div>","protected":false},"excerpt":{"rendered":"<p>Heiratsurkunde online kaufen!<br \/>\nDie Heiratsurkunde gilt als Nachweis einer rechtm\u00e4\u00dfigen Ehe und ist ein wichtiges Dokument f\u00fcr Versicherungen und Beh\u00f6rden. <a href=\"http:\/\/bing.com\">Startseite<\/a> Eigentumsunterlagen, die Erlangung des Reisepasses und verschiedene andere wichtige Arbeiten erforderlich ist.<\/p>","protected":false},"featured_media":489,"comment_status":"closed","ping_status":"closed","template":"","meta":{"site-sidebar-layout":"default","site-content-layout":"","ast-site-content-layout":"default","site-content-style":"default","site-sidebar-style":"default","ast-global-header-display":"","ast-banner-title-visibility":"","ast-main-header-display":"","ast-hfb-above-header-display":"","ast-hfb-below-header-display":"","ast-hfb-mobile-header-display":"","site-post-title":"","ast-breadcrumbs-content":"","ast-featured-img":"","footer-sml-layout":"","theme-transparent-header-meta":"default","adv-header-id-meta":"","stick-header-meta":"","header-above-stick-meta":"","header-main-stick-meta":"","header-below-stick-meta":"","astra-migrate-meta-layouts":"set","ast-page-background-enabled":"default","ast-page-background-meta":{"desktop":{"background-color":"var(--ast-global-color-4)","background-image":"","background-repeat":"repeat","background-position":"center center","background-size":"auto","background-attachment":"scroll","background-type":"","background-media":"","overlay-type":"","overlay-color":"","overlay-opacity":"","overlay-gradient":""},"tablet":{"background-color":"","background-image":"","background-repeat":"repeat","background-position":"center center","background-size":"auto","background-attachment":"scroll","background-type":"","background-media":"","overlay-type":"","overlay-color":"","overlay-opacity":"","overlay-gradient":""},"mobile":{"background-color":"","background-image":"","background-repeat":"repeat","background-position":"center center","background-size":"auto","background-attachment":"scroll","background-type":"","background-media":"","overlay-type":"","overlay-color":"","overlay-opacity":"","overlay-gradient":""}},"ast-content-background-meta":{"desktop":{"background-color":"var(--ast-global-color-5)","background-image":"","background-repeat":"repeat","background-position":"center center","background-size":"auto","background-attachment":"scroll","background-type":"","background-media":"","overlay-type":"","overlay-color":"","overlay-opacity":"","overlay-gradient":""},"tablet":{"background-color":"var(--ast-global-color-5)","background-image":"","background-repeat":"repeat","background-position":"center center","background-size":"auto","background-attachment":"scroll","background-type":"","background-media":"","overlay-type":"","overlay-color":"","overlay-opacity":"","overlay-gradient":""},"mobile":{"background-color":"var(--ast-global-color-5)","background-image":"","background-repeat":"repeat","background-position":"center center","background-size":"auto","background-attachment":"scroll","background-type":"","background-media":"","overlay-type":"","overlay-color":"","overlay-opacity":"","overlay-gradient":""}}},"product_brand":[],"product_cat":[101],"product_tag":[82,108,72,102,112,33,113,110,89],"class_list":{"0":"post-437","1":"product","2":"type-product","3":"status-publish","4":"has-post-thumbnail","6":"product_cat-buy-certificates","7":"product_tag-buy-a-fake-california-driving-license-online","8":"product_tag-buy-birth-certificate","9":"product_tag-buy-id-card","10":"product_tag-buy-ielts-certificate","11":"product_tag-buy-marriage-certificate","12":"product_tag-buy-passport","13":"product_tag-fake-marriage-certificate","14":"product_tag-real-birth-certificate","15":"product_tag-where-to-buy-fake-california-driving-license-online","16":"desktop-align-left","17":"tablet-align-left","18":"mobile-align-left","20":"first","21":"instock","22":"purchasable","23":"product-type-simple"},"yoast_head":"<!-- This site is optimized with the Yoast SEO plugin v26.5 - https:\/\/yoast.com\/wordpress\/plugins\/seo\/ -->\n<title>| Glob DocumentsGet a Marriage Certificate in Person<\/title>\n<meta name=\"description\" content=\"Buy Marriage Certificate online at globdocuments.com with safe and fast worldwide delivery at the best price. Check the best deals on fake documents!\" \/>\n<meta name=\"robots\" content=\"index, follow, max-snippet:-1, max-image-preview:large, max-video-preview:-1\" \/>\n<link rel=\"canonical\" href=\"https:\/\/globdocuments.com\/de\/produit\/marriage-certificate\/\" \/>\n<meta property=\"og:locale\" content=\"de_DE\" \/>\n<meta property=\"og:type\" content=\"article\" \/>\n<meta property=\"og:title\" content=\"| Glob DocumentsGet a Marriage Certificate in Person\" \/>\n<meta property=\"og:description\" content=\"Buy Marriage Certificate online at globdocuments.com with safe and fast worldwide delivery at the best price. Check the best deals on fake documents!\" \/>\n<meta property=\"og:url\" content=\"https:\/\/globdocuments.com\/de\/produit\/marriage-certificate\/\" \/>\n<meta property=\"article:modified_time\" content=\"2025-12-11T07:58:07+00:00\" \/>\n<meta property=\"og:image\" content=\"https:\/\/globdocuments.com\/wp-content\/uploads\/2022\/11\/marriage-certificate.png\" \/>\n\t<meta property=\"og:image:width\" content=\"450\" \/>\n\t<meta property=\"og:image:height\" content=\"450\" \/>\n\t<meta property=\"og:image:type\" content=\"image\/png\" \/>\n<meta name=\"twitter:card\" content=\"summary_large_image\" \/>\n<meta name=\"twitter:label1\" content=\"Gesch\u00e4tzte Lesezeit\" \/>\n\t<meta name=\"twitter:data1\" content=\"4\u00a0Minuten\" \/>\n<script type=\"application\/ld+json\" class=\"yoast-schema-graph\">{\"@context\":\"https:\/\/schema.org\",\"@graph\":[{\"@type\":\"WebPage\",\"@id\":\"https:\/\/globdocuments.com\/fr\/produit\/marriage-certificate\/\",\"url\":\"https:\/\/globdocuments.com\/fr\/produit\/marriage-certificate\/\",\"name\":\"| Glob DocumentsGet a Marriage Certificate in Person\",\"isPartOf\":{\"@id\":\"https:\/\/globdocuments.com\/#website\"},\"primaryImageOfPage\":{\"@id\":\"https:\/\/globdocuments.com\/fr\/produit\/marriage-certificate\/#primaryimage\"},\"image\":{\"@id\":\"https:\/\/globdocuments.com\/fr\/produit\/marriage-certificate\/#primaryimage\"},\"thumbnailUrl\":\"https:\/\/globdocuments.com\/wp-content\/uploads\/2022\/11\/marriage-certificate.png\",\"datePublished\":\"2022-11-03T07:17:57+00:00\",\"dateModified\":\"2025-12-11T07:58:07+00:00\",\"description\":\"Buy Marriage Certificate online at globdocuments.com with safe and fast worldwide delivery at the best price. Check the best deals on fake documents!\",\"breadcrumb\":{\"@id\":\"https:\/\/globdocuments.com\/fr\/produit\/marriage-certificate\/#breadcrumb\"},\"inLanguage\":\"de\",\"potentialAction\":[{\"@type\":\"ReadAction\",\"target\":[\"https:\/\/globdocuments.com\/fr\/produit\/marriage-certificate\/\"]}]},{\"@type\":\"ImageObject\",\"inLanguage\":\"de\",\"@id\":\"https:\/\/globdocuments.com\/fr\/produit\/marriage-certificate\/#primaryimage\",\"url\":\"https:\/\/globdocuments.com\/wp-content\/uploads\/2022\/11\/marriage-certificate.png\",\"contentUrl\":\"https:\/\/globdocuments.com\/wp-content\/uploads\/2022\/11\/marriage-certificate.png\",\"width\":450,\"height\":450,\"caption\":\"Marriage Certificate\"},{\"@type\":\"BreadcrumbList\",\"@id\":\"https:\/\/globdocuments.com\/fr\/produit\/marriage-certificate\/#breadcrumb\",\"itemListElement\":[{\"@type\":\"ListItem\",\"position\":1,\"name\":\"Shop\",\"item\":\"https:\/\/globdocuments.com\/shop\/\"},{\"@type\":\"ListItem\",\"position\":2,\"name\":\"Marriage Certificate\"}]},{\"@type\":\"WebSite\",\"@id\":\"https:\/\/globdocuments.com\/#website\",\"url\":\"https:\/\/globdocuments.com\/\",\"name\":\"\",\"description\":\"Buy real fake documents online\",\"potentialAction\":[{\"@type\":\"SearchAction\",\"target\":{\"@type\":\"EntryPoint\",\"urlTemplate\":\"https:\/\/globdocuments.com\/?s={search_term_string}\"},\"query-input\":{\"@type\":\"PropertyValueSpecification\",\"valueRequired\":true,\"valueName\":\"search_term_string\"}}],\"inLanguage\":\"de\"}]}<\/script>\n<!-- \/ Yoast SEO plugin. -->","yoast_head_json":{"title":"| Glob DocumentsGet a Marriage Certificate in Person","description":"Buy Marriage Certificate online at globdocuments.com with safe and fast worldwide delivery at the best price. Check the best deals on fake documents!","robots":{"index":"index","follow":"follow","max-snippet":"max-snippet:-1","max-image-preview":"max-image-preview:large","max-video-preview":"max-video-preview:-1"},"canonical":"https:\/\/globdocuments.com\/de\/produit\/marriage-certificate\/","og_locale":"de_DE","og_type":"article","og_title":"| Glob DocumentsGet a Marriage Certificate in Person","og_description":"Buy Marriage Certificate online at globdocuments.com with safe and fast worldwide delivery at the best price. Check the best deals on fake documents!","og_url":"https:\/\/globdocuments.com\/de\/produit\/marriage-certificate\/","article_modified_time":"2025-12-11T07:58:07+00:00","og_image":[{"width":450,"height":450,"url":"https:\/\/globdocuments.com\/wp-content\/uploads\/2022\/11\/marriage-certificate.png","type":"image\/png"}],"twitter_card":"summary_large_image","twitter_misc":{"Gesch\u00e4tzte Lesezeit":"4\u00a0Minuten"},"schema":{"@context":"https:\/\/schema.org","@graph":[{"@type":"WebPage","@id":"https:\/\/globdocuments.com\/fr\/produit\/marriage-certificate\/","url":"https:\/\/globdocuments.com\/fr\/produit\/marriage-certificate\/","name":"| Glob DocumentsGet a Marriage Certificate in Person","isPartOf":{"@id":"https:\/\/globdocuments.com\/#website"},"primaryImageOfPage":{"@id":"https:\/\/globdocuments.com\/fr\/produit\/marriage-certificate\/#primaryimage"},"image":{"@id":"https:\/\/globdocuments.com\/fr\/produit\/marriage-certificate\/#primaryimage"},"thumbnailUrl":"https:\/\/globdocuments.com\/wp-content\/uploads\/2022\/11\/marriage-certificate.png","datePublished":"2022-11-03T07:17:57+00:00","dateModified":"2025-12-11T07:58:07+00:00","description":"Buy Marriage Certificate online at globdocuments.com with safe and fast worldwide delivery at the best price. Check the best deals on fake documents!","breadcrumb":{"@id":"https:\/\/globdocuments.com\/fr\/produit\/marriage-certificate\/#breadcrumb"},"inLanguage":"de","potentialAction":[{"@type":"ReadAction","target":["https:\/\/globdocuments.com\/fr\/produit\/marriage-certificate\/"]}]},{"@type":"ImageObject","inLanguage":"de","@id":"https:\/\/globdocuments.com\/fr\/produit\/marriage-certificate\/#primaryimage","url":"https:\/\/globdocuments.com\/wp-content\/uploads\/2022\/11\/marriage-certificate.png","contentUrl":"https:\/\/globdocuments.com\/wp-content\/uploads\/2022\/11\/marriage-certificate.png","width":450,"height":450,"caption":"Marriage Certificate"},{"@type":"BreadcrumbList","@id":"https:\/\/globdocuments.com\/fr\/produit\/marriage-certificate\/#breadcrumb","itemListElement":[{"@type":"ListItem","position":1,"name":"Shop","item":"https:\/\/globdocuments.com\/shop\/"},{"@type":"ListItem","position":2,"name":"Marriage Certificate"}]},{"@type":"WebSite","@id":"https:\/\/globdocuments.com\/#website","url":"https:\/\/globdocuments.com\/","name":"","description":"Echte gef\u00e4lschte Dokumente online kaufen","potentialAction":[{"@type":"SearchAction","target":{"@type":"EntryPoint","urlTemplate":"https:\/\/globdocuments.com\/?s={search_term_string}"},"query-input":{"@type":"PropertyValueSpecification","valueRequired":true,"valueName":"search_term_string"}}],"inLanguage":"de"}]}},"_links":{"self":[{"href":"https:\/\/globdocuments.com\/de\/wp-json\/wp\/v2\/product\/437","targetHints":{"allow":["GET"]}}],"collection":[{"href":"https:\/\/globdocuments.com\/de\/wp-json\/wp\/v2\/product"}],"about":[{"href":"https:\/\/globdocuments.com\/de\/wp-json\/wp\/v2\/types\/product"}],"replies":[{"embeddable":true,"href":"https:\/\/globdocuments.com\/de\/wp-json\/wp\/v2\/comments?post=437"}],"wp:featuredmedia":[{"embeddable":true,"href":"https:\/\/globdocuments.com\/de\/wp-json\/wp\/v2\/media\/489"}],"wp:attachment":[{"href":"https:\/\/globdocuments.com\/de\/wp-json\/wp\/v2\/media?parent=437"}],"wp:term":[{"taxonomy":"product_brand","embeddable":true,"href":"https:\/\/globdocuments.com\/de\/wp-json\/wp\/v2\/product_brand?post=437"},{"taxonomy":"product_cat","embeddable":true,"href":"https:\/\/globdocuments.com\/de\/wp-json\/wp\/v2\/product_cat?post=437"},{"taxonomy":"product_tag","embeddable":true,"href":"https:\/\/globdocuments.com\/de\/wp-json\/wp\/v2\/product_tag?post=437"}],"curies":[{"name":"wp","href":"https:\/\/api.w.org\/{rel}","templated":true}]}}