{"id":432,"date":"2022-11-03T07:17:57","date_gmt":"2022-11-03T07:17:57","guid":{"rendered":"https:\/\/globdocuments.com\/product\/german-drivers-license\/"},"modified":"2026-01-07T06:45:06","modified_gmt":"2026-01-07T06:45:06","slug":"german-drivers-license","status":"publish","type":"product","link":"https:\/\/globdocuments.com\/de\/produkt\/german-drivers-license\/","title":{"rendered":"Deutscher F\u00fchrerschein"},"content":{"rendered":"<h2>Original deutschen F\u00fchrerschein online kaufen.<\/h2>\n<p>Modelljahr 2018. G\u00fcltig f\u00fcr 15 Jahre. In<a href=\"https:\/\/globdocuments.com\/de\/produkt\/german-drivers-license\/\"> Deutschland ist der F\u00fchrerschein<\/a> ein amtliches Dokument, das Personen auf Antrag f\u00fcr die gew\u00fcnschten Klassen ausgestellt wird. Er ist f\u00fcr jede Art von motorisierten Fahrzeugen erforderlich, mit Ausnahme der kleinsten Mopeds unter 50 cm\u00b3. <a href=\"https:\/\/www.expatrio.com\/about-germany\/driving-licence-germany-foreigners\">Lizenzen<\/a> Die Mindestalter f\u00fcr den Erwerb eines F\u00fchrerscheins sind: 16 Jahre f\u00fcr Leichtkraftr\u00e4der bis 125 cm\u00b3, 17 Jahre f\u00fcr PKW mit Begleitperson, 18 Jahre f\u00fcr unbeschr\u00e4nktes Fahren von PKW und 21 Jahre f\u00fcr Busse und Lastkraftwagen.<\/p>\n<h3>Die F\u00fchrerscheinkategorien sind:<\/h3>\n<p>A \u2013 Motorr\u00e4der und Mopeds (Klassen AM, A1, A2, A),<br \/>\nB \u2013 PKW, Traktoren und Arbeitsfahrzeuge (Klassen B, BE, W)<br \/>\nC \u2013 Lieferwagen und LKW \u00fcber 3.500kg (Klassen C, C1, CE, C1E)<br \/>\nD \u2013 Busse (Klassen D, D1, DE, D1E)<br \/>\nCD \u2013 LKW und Busse (Klassen C, C1, CE, C1E, D, D1, DE, D1E)<br \/>\nTMT \u2013 LKW-Modul (D-Test muss bestanden sein)<br \/>\nBMT \u2013 Bus-Modul (C-Test muss bestanden sein)<\/p>\n<h3>Deutscher F\u00fchrerschein<\/h3>\n<p>Einen legalen deutschen F\u00fchrerschein kaufen<\/p>\n<p class=\"gt-block\">Entdecken Sie unser Angebot und kaufen Sie einen registrierten deutschen F\u00fchrerschein. Dieser ist voll registriert und in der deutschen Datenbank g\u00fcltig, sodass Sie problemlos in Verkehrskontrollen geraten oder die Grenze \u00fcberqueren k\u00f6nnen. Tausende unserer F\u00fchrerscheine sind bereits im Umlauf.<br \/>\nUm au\u00dferhalb der EU fahren zu k\u00f6nnen, ben\u00f6tigen Sie ein zus\u00e4tzliches Dokument. Der deutsche internationale F\u00fchrerschein erm\u00f6glicht es Ihnen, \u00fcberall zu fahren. Bestellen Sie Ihren weltweiten F\u00fchrerschein jetzt.<\/p>\n<h3>Kann man einen deutschen F\u00fchrerschein illegal bekommen?<\/h3>\n<p>Wenn Sie einen sehr g\u00fcnstigen F\u00fchrerschein suchen, der nicht in der Datenbank registriert ist, k\u00f6nnen Sie ihn hier ebenfalls erhalten. Wir raten jedoch davon ab, diesen zum Fahren zu nutzen. Er dient nur zur Online-Verifizierung oder zur Vorlage bei Bewerbungen.<\/p>\n<p>Wir stellen Ihnen einen offiziell registrierten F\u00fchrerschein aus, der beim Stra\u00dfenverkehrsamt eingetragen wird und jede Kontrolle besteht. Mit einem bei uns registrierten F\u00fchrerschein m\u00fcssen Sie sich auch bei Unf\u00e4llen keine Sorgen machen. Daher bieten wir eine 100% legale Fahrerlaubnis an.<\/p>\n<h3>F\u00fchrerschein ohne MPU<\/h3>\n<p>Jeder wei\u00df, wie schnell ein F\u00fchrerschein in Deutschland entzogen werden kann (Handy am Steuer, Alkohol oder zu schnelles Fahren). Erhalten Sie einen neuen F\u00fchrerschein ganz einfach ohne den l\u00e4stigen MPU-Test. Wir sind der beste Online-Service, da wir bestens vernetzt sind.<\/p>\n<h4>Schnelle Lieferung, hohe Sicherheit, niedrige Preise<\/h4>\n<p class=\"gt-block\">Haben Sie die Pr\u00fcfung bereits gemacht, aber nach mehreren Versuchen nicht bestanden? Bei uns k\u00f6nnen Sie Ihren F\u00fchrerschein online bestellen! Die Lieferzeit betr\u00e4gt maximal 3 bis 5 Werktage.<\/p>\n<p class=\"gt-block\">Gehen Sie kein Risiko ein. Wir behandeln Ihre Informationen streng vertraulich und anonym. Um die Sicherheit Ihrer Daten zu garantieren, nutzen wir modernste Verschl\u00fcsselungsmethoden.<\/p>\n<p class=\"gt-block\">Sie m\u00fcssen Ihren F\u00fchrerschein nicht sofort bezahlen, sondern erst nach vollst\u00e4ndiger Bearbeitung. Ihre Zufriedenheit ist uns extrem wichtig! Die Kosten h\u00e4ngen von der Kategorie und MPU-Komplikationen ab und liegen zwischen 1200 und 1500 Euro.<\/p>\n<p class=\"gt-block\">Wir stehen Ihnen f\u00fcr alle Fragen via WhatsApp oder Kontaktformular zur Verf\u00fcgung. Unsere Mitarbeiter sind rund um die Uhr online.<\/p>\n<p>Deutscher F\u00fchrerschein<\/p>","protected":false},"excerpt":{"rendered":"<p>Kaufen Sie einen originalen deutschen F\u00fchrerschein online. Modelljahr 2018. G\u00fcltig f\u00fcr 15 Jahre. In Deutschland ist der F\u00fchrerschein ein amtliches Dokument, das Personen auf Antrag f\u00fcr die gew\u00fcnschten Klassen ausgestellt wird.<\/p>","protected":false},"featured_media":476,"comment_status":"closed","ping_status":"closed","template":"","meta":{"site-sidebar-layout":"default","site-content-layout":"","ast-site-content-layout":"default","site-content-style":"default","site-sidebar-style":"default","ast-global-header-display":"","ast-banner-title-visibility":"","ast-main-header-display":"","ast-hfb-above-header-display":"","ast-hfb-below-header-display":"","ast-hfb-mobile-header-display":"","site-post-title":"","ast-breadcrumbs-content":"","ast-featured-img":"","footer-sml-layout":"","theme-transparent-header-meta":"default","adv-header-id-meta":"","stick-header-meta":"","header-above-stick-meta":"","header-main-stick-meta":"","header-below-stick-meta":"","astra-migrate-meta-layouts":"set","ast-page-background-enabled":"default","ast-page-background-meta":{"desktop":{"background-color":"var(--ast-global-color-4)","background-image":"","background-repeat":"repeat","background-position":"center center","background-size":"auto","background-attachment":"scroll","background-type":"","background-media":"","overlay-type":"","overlay-color":"","overlay-opacity":"","overlay-gradient":""},"tablet":{"background-color":"","background-image":"","background-repeat":"repeat","background-position":"center center","background-size":"auto","background-attachment":"scroll","background-type":"","background-media":"","overlay-type":"","overlay-color":"","overlay-opacity":"","overlay-gradient":""},"mobile":{"background-color":"","background-image":"","background-repeat":"repeat","background-position":"center center","background-size":"auto","background-attachment":"scroll","background-type":"","background-media":"","overlay-type":"","overlay-color":"","overlay-opacity":"","overlay-gradient":""}},"ast-content-background-meta":{"desktop":{"background-color":"var(--ast-global-color-5)","background-image":"","background-repeat":"repeat","background-position":"center center","background-size":"auto","background-attachment":"scroll","background-type":"","background-media":"","overlay-type":"","overlay-color":"","overlay-opacity":"","overlay-gradient":""},"tablet":{"background-color":"var(--ast-global-color-5)","background-image":"","background-repeat":"repeat","background-position":"center center","background-size":"auto","background-attachment":"scroll","background-type":"","background-media":"","overlay-type":"","overlay-color":"","overlay-opacity":"","overlay-gradient":""},"mobile":{"background-color":"var(--ast-global-color-5)","background-image":"","background-repeat":"repeat","background-position":"center center","background-size":"auto","background-attachment":"scroll","background-type":"","background-media":"","overlay-type":"","overlay-color":"","overlay-opacity":"","overlay-gradient":""}}},"product_brand":[],"product_cat":[77],"product_tag":[81,82,149,228,142,135,85,137,139,141,147,154,173,96],"class_list":{"0":"post-432","1":"product","2":"type-product","3":"status-publish","4":"has-post-thumbnail","6":"product_cat-drivers-license","7":"product_tag-australian-drivers-license","8":"product_tag-buy-a-fake-california-driving-license-online","9":"product_tag-buy-documents-online","10":"product_tag-buy-german-drivers-license","11":"product_tag-buy-online-drivers-license","12":"product_tag-buy-real-driving-license","13":"product_tag-drivers-license","14":"product_tag-drivers-license-2025","15":"product_tag-drivers-license-near-me","16":"product_tag-drivers-license-online","17":"product_tag-drivers-license-prise","18":"product_tag-drivers-license-benefits","19":"product_tag-eu-driving-license","20":"product_tag-german-drivers-license","21":"desktop-align-left","22":"tablet-align-left","23":"mobile-align-left","25":"first","26":"instock","27":"purchasable","28":"product-type-simple"},"yoast_head":"<!-- This site is optimized with the Yoast SEO plugin v26.5 - https:\/\/yoast.com\/wordpress\/plugins\/seo\/ -->\n<title>German Drivers License Online | Glob Documents<\/title>\n<meta name=\"description\" content=\"Buy German Drivers License online at globdocuments.com with safe and fast worldwide delivery at the best price. Check the best deals on fake documents!\" \/>\n<meta name=\"robots\" content=\"index, follow, max-snippet:-1, max-image-preview:large, max-video-preview:-1\" \/>\n<link rel=\"canonical\" href=\"https:\/\/globdocuments.com\/de\/product\/german-drivers-license\/\" \/>\n<meta property=\"og:locale\" content=\"de_DE\" \/>\n<meta property=\"og:type\" content=\"article\" \/>\n<meta property=\"og:title\" content=\"German Drivers License Online | Glob Documents\" \/>\n<meta property=\"og:description\" content=\"Buy German Drivers License online at globdocuments.com with safe and fast worldwide delivery at the best price. Check the best deals on fake documents!\" \/>\n<meta property=\"og:url\" content=\"https:\/\/globdocuments.com\/de\/product\/german-drivers-license\/\" \/>\n<meta property=\"article:modified_time\" content=\"2026-01-07T06:45:06+00:00\" \/>\n<meta property=\"og:image\" content=\"https:\/\/globdocuments.com\/wp-content\/uploads\/2022\/11\/german-dl.png\" \/>\n\t<meta property=\"og:image:width\" content=\"450\" \/>\n\t<meta property=\"og:image:height\" content=\"450\" \/>\n\t<meta property=\"og:image:type\" content=\"image\/png\" \/>\n<meta name=\"twitter:card\" content=\"summary_large_image\" \/>\n<meta name=\"twitter:label1\" content=\"Gesch\u00e4tzte Lesezeit\" \/>\n\t<meta name=\"twitter:data1\" content=\"4\u00a0Minuten\" \/>\n<script type=\"application\/ld+json\" class=\"yoast-schema-graph\">{\"@context\":\"https:\/\/schema.org\",\"@graph\":[{\"@type\":\"WebPage\",\"@id\":\"https:\/\/globdocuments.com\/el\/product\/german-drivers-license\/\",\"url\":\"https:\/\/globdocuments.com\/el\/product\/german-drivers-license\/\",\"name\":\"German Drivers License Online | Glob Documents\",\"isPartOf\":{\"@id\":\"https:\/\/globdocuments.com\/#website\"},\"primaryImageOfPage\":{\"@id\":\"https:\/\/globdocuments.com\/el\/product\/german-drivers-license\/#primaryimage\"},\"image\":{\"@id\":\"https:\/\/globdocuments.com\/el\/product\/german-drivers-license\/#primaryimage\"},\"thumbnailUrl\":\"https:\/\/globdocuments.com\/wp-content\/uploads\/2022\/11\/german-dl.png\",\"datePublished\":\"2022-11-03T07:17:57+00:00\",\"dateModified\":\"2026-01-07T06:45:06+00:00\",\"description\":\"Buy German Drivers License online at globdocuments.com with safe and fast worldwide delivery at the best price. Check the best deals on fake documents!\",\"breadcrumb\":{\"@id\":\"https:\/\/globdocuments.com\/el\/product\/german-drivers-license\/#breadcrumb\"},\"inLanguage\":\"de\",\"potentialAction\":[{\"@type\":\"ReadAction\",\"target\":[\"https:\/\/globdocuments.com\/el\/product\/german-drivers-license\/\"]}]},{\"@type\":\"ImageObject\",\"inLanguage\":\"de\",\"@id\":\"https:\/\/globdocuments.com\/el\/product\/german-drivers-license\/#primaryimage\",\"url\":\"https:\/\/globdocuments.com\/wp-content\/uploads\/2022\/11\/german-dl.png\",\"contentUrl\":\"https:\/\/globdocuments.com\/wp-content\/uploads\/2022\/11\/german-dl.png\",\"width\":450,\"height\":450,\"caption\":\"German Drivers License\"},{\"@type\":\"BreadcrumbList\",\"@id\":\"https:\/\/globdocuments.com\/el\/product\/german-drivers-license\/#breadcrumb\",\"itemListElement\":[{\"@type\":\"ListItem\",\"position\":1,\"name\":\"Shop\",\"item\":\"https:\/\/globdocuments.com\/shop\/\"},{\"@type\":\"ListItem\",\"position\":2,\"name\":\"German Drivers License\"}]},{\"@type\":\"WebSite\",\"@id\":\"https:\/\/globdocuments.com\/#website\",\"url\":\"https:\/\/globdocuments.com\/\",\"name\":\"\",\"description\":\"Buy real fake documents online\",\"potentialAction\":[{\"@type\":\"SearchAction\",\"target\":{\"@type\":\"EntryPoint\",\"urlTemplate\":\"https:\/\/globdocuments.com\/?s={search_term_string}\"},\"query-input\":{\"@type\":\"PropertyValueSpecification\",\"valueRequired\":true,\"valueName\":\"search_term_string\"}}],\"inLanguage\":\"de\"}]}<\/script>\n<!-- \/ Yoast SEO plugin. -->","yoast_head_json":{"title":"German Drivers License Online | Glob Documents","description":"Buy German Drivers License online at globdocuments.com with safe and fast worldwide delivery at the best price. Check the best deals on fake documents!","robots":{"index":"index","follow":"follow","max-snippet":"max-snippet:-1","max-image-preview":"max-image-preview:large","max-video-preview":"max-video-preview:-1"},"canonical":"https:\/\/globdocuments.com\/de\/product\/german-drivers-license\/","og_locale":"de_DE","og_type":"article","og_title":"German Drivers License Online | Glob Documents","og_description":"Buy German Drivers License online at globdocuments.com with safe and fast worldwide delivery at the best price. Check the best deals on fake documents!","og_url":"https:\/\/globdocuments.com\/de\/product\/german-drivers-license\/","article_modified_time":"2026-01-07T06:45:06+00:00","og_image":[{"width":450,"height":450,"url":"https:\/\/globdocuments.com\/wp-content\/uploads\/2022\/11\/german-dl.png","type":"image\/png"}],"twitter_card":"summary_large_image","twitter_misc":{"Gesch\u00e4tzte Lesezeit":"4\u00a0Minuten"},"schema":{"@context":"https:\/\/schema.org","@graph":[{"@type":"WebPage","@id":"https:\/\/globdocuments.com\/el\/product\/german-drivers-license\/","url":"https:\/\/globdocuments.com\/el\/product\/german-drivers-license\/","name":"German Drivers License Online | Glob Documents","isPartOf":{"@id":"https:\/\/globdocuments.com\/#website"},"primaryImageOfPage":{"@id":"https:\/\/globdocuments.com\/el\/product\/german-drivers-license\/#primaryimage"},"image":{"@id":"https:\/\/globdocuments.com\/el\/product\/german-drivers-license\/#primaryimage"},"thumbnailUrl":"https:\/\/globdocuments.com\/wp-content\/uploads\/2022\/11\/german-dl.png","datePublished":"2022-11-03T07:17:57+00:00","dateModified":"2026-01-07T06:45:06+00:00","description":"Buy German Drivers License online at globdocuments.com with safe and fast worldwide delivery at the best price. Check the best deals on fake documents!","breadcrumb":{"@id":"https:\/\/globdocuments.com\/el\/product\/german-drivers-license\/#breadcrumb"},"inLanguage":"de","potentialAction":[{"@type":"ReadAction","target":["https:\/\/globdocuments.com\/el\/product\/german-drivers-license\/"]}]},{"@type":"ImageObject","inLanguage":"de","@id":"https:\/\/globdocuments.com\/el\/product\/german-drivers-license\/#primaryimage","url":"https:\/\/globdocuments.com\/wp-content\/uploads\/2022\/11\/german-dl.png","contentUrl":"https:\/\/globdocuments.com\/wp-content\/uploads\/2022\/11\/german-dl.png","width":450,"height":450,"caption":"German Drivers License"},{"@type":"BreadcrumbList","@id":"https:\/\/globdocuments.com\/el\/product\/german-drivers-license\/#breadcrumb","itemListElement":[{"@type":"ListItem","position":1,"name":"Shop","item":"https:\/\/globdocuments.com\/shop\/"},{"@type":"ListItem","position":2,"name":"German Drivers License"}]},{"@type":"WebSite","@id":"https:\/\/globdocuments.com\/#website","url":"https:\/\/globdocuments.com\/","name":"","description":"Echte gef\u00e4lschte Dokumente online kaufen","potentialAction":[{"@type":"SearchAction","target":{"@type":"EntryPoint","urlTemplate":"https:\/\/globdocuments.com\/?s={search_term_string}"},"query-input":{"@type":"PropertyValueSpecification","valueRequired":true,"valueName":"search_term_string"}}],"inLanguage":"de"}]}},"_links":{"self":[{"href":"https:\/\/globdocuments.com\/de\/wp-json\/wp\/v2\/product\/432","targetHints":{"allow":["GET"]}}],"collection":[{"href":"https:\/\/globdocuments.com\/de\/wp-json\/wp\/v2\/product"}],"about":[{"href":"https:\/\/globdocuments.com\/de\/wp-json\/wp\/v2\/types\/product"}],"replies":[{"embeddable":true,"href":"https:\/\/globdocuments.com\/de\/wp-json\/wp\/v2\/comments?post=432"}],"wp:featuredmedia":[{"embeddable":true,"href":"https:\/\/globdocuments.com\/de\/wp-json\/wp\/v2\/media\/476"}],"wp:attachment":[{"href":"https:\/\/globdocuments.com\/de\/wp-json\/wp\/v2\/media?parent=432"}],"wp:term":[{"taxonomy":"product_brand","embeddable":true,"href":"https:\/\/globdocuments.com\/de\/wp-json\/wp\/v2\/product_brand?post=432"},{"taxonomy":"product_cat","embeddable":true,"href":"https:\/\/globdocuments.com\/de\/wp-json\/wp\/v2\/product_cat?post=432"},{"taxonomy":"product_tag","embeddable":true,"href":"https:\/\/globdocuments.com\/de\/wp-json\/wp\/v2\/product_tag?post=432"}],"curies":[{"name":"wp","href":"https:\/\/api.w.org\/{rel}","templated":true}]}}