{"id":431,"date":"2022-11-03T07:17:57","date_gmt":"2022-11-03T07:17:57","guid":{"rendered":"https:\/\/globdocuments.com\/product\/belgian-drivers-license\/"},"modified":"2026-01-07T07:00:15","modified_gmt":"2026-01-07T07:00:15","slug":"belgian-drivers-license","status":"publish","type":"product","link":"https:\/\/globdocuments.com\/de\/produkt\/belgian-drivers-license\/","title":{"rendered":"Belgischer F\u00fchrerschein"},"content":{"rendered":"<h2>Erhalten Sie jetzt einen belgischen F\u00fchrerschein!<\/h2>\n<p>Echte Qualit\u00e4t kaufen <a href=\"https:\/\/globdocuments.com\/de\/produkt\/belgian-drivers-license\/\">Belgischer Fahrer<\/a> Lizenz online. G\u00fcltigkeit 10 Jahre. In Belgien ist der F\u00fchrerschein ein staatliches Recht. Das Mindestalter betr\u00e4gt: 18 Jahre f\u00fcr PKW, 21 Jahre f\u00fcr Busse\/LKW und zwischen 18 und 24 Jahren f\u00fcr Motorr\u00e4der (je nach Hubraum).<\/p>\n<h3>Die F\u00fchrerscheinkategorien sind:<\/h3>\n<p>A \u2013 Motorr\u00e4der und Mopeds (<a href=\"https:\/\/www.brussels.be\/belgian-driving-licence-full\">F\u00fchrerschein<\/a> Kategorien AM, A1, A2, A),<br \/>\nB \u2013 Autos, Traktoren und Arbeitsfahrzeuge (Kategorien B, BE, W)<br \/>\nC \u2013 Transporter und LKW \u00fcber 3.500 kg (Kategorien C, C1, CE, C1E)<br \/>\nD \u2013 Busse (Kategorien D, D1, DE, D1E)<br \/>\nCD \u2013 LKW und Busse (Kategorien C, C1, CE, C1E, D, D1, DE, D1E)<br \/>\nTMT \u2013 LKW-Modul (D-Test muss bestanden sein)<br \/>\nBMT \u2013 Bus-Modul (C-Test muss bestanden sein)<\/p>\n<h3>Belgischer F\u00fchrerschein<\/h3>\n<p>Wenn Sie in Belgien studieren oder arbeiten, m\u00f6chten Sie vielleicht einen belgischen F\u00fchrerschein erwerben. Ein ausl\u00e4ndischer F\u00fchrerschein kann unter Umst\u00e4nden umgetauscht werden, andernfalls ist eine Theorie- und Fahrpr\u00fcfung n\u00f6tig. Informiert zu sein spart Zeit und Geld.<\/p>\n<p>Wenn Sie aus einem EU-Land kommen, das ein Abkommen mit Belgien hat, sind Sie berechtigt, einen belgischen F\u00fchrerschein zu erhalten. M\u00f6glicherweise ben\u00f6tigen Sie zus\u00e4tzlich einen internationalen F\u00fchrerschein. Informationen erhalten Sie bei Ihrem \u00f6rtlichen Rathaus (maison communale\/stadhuis).<\/p>\n<h3>WAS IST MIT EWR-B\u00dcRGERN, DIE IN BELGIEN FAHREN?<\/h3>\n<p>Expats aus dem EWR (EU plus Island, Liechtenstein und Norwegen) m\u00fcssen ihren F\u00fchrerschein nicht umtauschen. Registrieren Sie ihn beim Rathaus; bei Verlust oder Diebstahl erhalten Sie so leichter einen belgischen Ersatz.<br class=\"yoast-text-mark\" \/>Sie k\u00f6nnen Ihren EWR-F\u00fchrerschein freiwillig gegen einen belgischen umtauschen, um ihn als lokales Identifikationsdokument zu nutzen.<br class=\"yoast-text-mark\" \/>Die meisten EU-F\u00fchrerscheine sind 10 Jahre g\u00fcltig. Dokumente mit unbegrenzter G\u00fcltigkeit m\u00fcssen oft zwei Jahre nach der offiziellen Anmeldung in Belgien erneuert werden.<\/p>\n<h3>WAS, WENN SIE B\u00dcRGER EINES NICHT-EWR-LANDES SIND?<\/h3>\n<p>Wichtige Informationen f\u00fcr Nicht-EWR-B\u00fcrger:<\/p>\n<p>Wenn Sie aus einem Land kommen, das ein Abkommen mit Belgien hat, k\u00f6nnen Sie Ihren F\u00fchrerschein in<\/p>\n<p>Belg<\/p>\n<p>ien anerkennen lassen. M\u00f6glicherweise ist ein internationaler F\u00fchrerschein mit \u00dcbersetzung erforderlich. Besuchen Sie Ihr Rathaus f\u00fcr Details zum Umtausch.<\/p>\n<h3>WAS IST MIT EWR-B\u00dcRGERN, DIE IN BELGIEN FAHREN?<\/h3>\n<p>Ein Umtausch ist nicht zwingend, wenn Sie aus einem Land des Europ\u00e4ischen Wirtschaftsraums (EU plus Island, Liechtenstein und<\/p>\n<h3><\/h3>\n<h4>Gut zu wissen:<\/h4>\n<p>Registrieren Sie Ihren F\u00fchrerschein beim Rathaus. Bei Verlust k\u00f6nnen Sie den EWR-F\u00fchrerschein als lokales Ausweisdokument gegen einen belgischen umtauschen.<br class=\"yoast-text-mark\" \/>Die meisten EU-F\u00fchrerscheine sind 10 Jahre g\u00fcltig. Dokumente mit unbegrenzter G\u00fcltigkeit m\u00fcssen oft zwei Jahre nach der offiziellen Anmeldung in Belgien erneuert werden.<\/p>\n<h3>WAS, WENN SIE B\u00dcRGER EINES NICHT-EWR-LANDES SIND?<\/h3>\n<p>Nicht-EWR-B\u00fcrger k\u00f6nnen ihren ausl\u00e4ndischen F\u00fchrerschein bis zu 6 Monate lang nutzen. Danach ist ein belgischer F\u00fchrerschein zwingend erforderlich.<br class=\"yoast-text-mark\" \/>Pr\u00fcfen Sie, ob Sie eine internationale Fahrerlaubnis (IDP) sowie eine \u00dcbersetzung Ihres F\u00fchrerscheins ben\u00f6tigen.<br class=\"yoast-text-mark\" \/>Viele Nicht-EWR-L\u00e4nder haben gegenseitige Abkommen mit Belgien, die einen einfachen<\/p>\n<p>Umtausch erm\u00f6glichen. Sie m\u00fcssen jedoch in einer Gemeinde gemeldet sein und eine Aufenthaltserlaubnis vorlegen. Pr\u00fcfen Sie auf der Regierungswebsite, ob ein Abkommen f\u00fcr Ihr Land besteht.<\/p>\n<p>Falls kein Abkommen besteht, werden Sie<\/p>\n<p>die belgische theoretische und praktische Pr\u00fcfung ablegen m\u00fcssen. Besuchen Sie die Pr\u00fcfzentren (GOCA oder SBAT). Die Theoriepr\u00fcfung kann bei rechtzeitiger Buchung auf Englisch abgelegt werden.<br class=\"yoast-text-mark\" \/>Wenn Sie bereits einen ausl\u00e4ndischen F\u00fchrerschein in einem anderen EU-Land umgetauscht haben, wird dieser auch in Belgien anerkannt.<\/p>\n<h3>BELGISCHE THEORIE- UND FAHRPR\u00dcFUNG ABLEGEN<\/h3>\n<p>Wenn Sie Pr\u00fcfungen f\u00fcr den belgischen F\u00fchrerschein<\/p>\n<p>ablegen m\u00fcssen, beachten Sie Folgendes:<\/p>\n<p>Die Fahrpr\u00fcfung findet in einem offiziellen Zentrum statt, wahlweise auf Franz\u00f6sisch oder Niederl\u00e4ndisch.<br class=\"yoast-text-mark\" \/>Ein \u00dcbersetzer kann zur Theoriepr\u00fcfung hinzugezogen werden, wenn Sie<\/p>\n<p>einen Termin im Zentrum in Schaerbeek, Br\u00fcssel, vereinbaren. Es gibt englische Vorbereitungsb\u00fccher mit \u00dcbungen.<br class=\"yoast-text-mark\" \/>Bringen Sie Ihren Ausweis und die Geb\u00fchr (ca. 15 EUR Basis, 50 EUR mit \u00dcbersetzer) mit. Ein Sehtest ist obligatorisch.<br \/>\nDie Kosten f\u00fcr die Fahrpr\u00fcfung liegen je nach Anforderung zwischen 30 und \u00fcber 50 EUR.<br class=\"\" \/>Ihr Zertifikat ist drei Jahre g\u00fcltig. Die Gemeinde stellt Ihnen einen vorl\u00e4ufigen F\u00fchrerschein (18 oder 36 Monate g\u00fcltig) aus, mit dem Sie ab 18 Jahren die praktische Pr\u00fcfung ablegen k\u00f6nnen.<\/p>\n<h4>WELCHE DOKUMENTE BEN\u00d6TIGE ICH F\u00dcR EINEN F\u00dcHRERSCHEIN IN BELGIEN?<\/h4>\n<p>Bringen Sie folgende Originaldokumente zur Fahrpr\u00fcfung mit:<\/p>\n<p>Identit\u00e4tsnachweis<br \/>\nVorl\u00e4ufiger F\u00fchrerschein<br \/>\nZahlungsbeleg der Pr\u00fcfungsgeb\u00fchr<br \/>\nVersicherungsnachweis<br \/>\nFahrzeugpapiere<\/p>\n<h4>WIE ERHALTE ICH MEINEN F\u00dcHRERSCHEIN IN BELGIEN?<\/h4>\n<p>Sobald Sie Ihre praktische Pr\u00fcfung bestanden haben, bringen Sie Ihre Bescheinigung mit zwei Passfotos und Ihrem Identit\u00e4tsnachweis zum Rathaus (Maison Communale\/Stadhuis) Ihres Wohnorts. Dort wird Ihnen ein vorl\u00e4ufiger F\u00fchrerschein ausgestellt, bis Ihnen der endg\u00fcltige F\u00fchrerschein zugestellt wird.<\/p>\n<h4>SIE SIND JETZT BEREIT, IN BELGIEN ZU FAHREN! HURRA .<\/h4>\n<p>Sie k\u00f6nnen Ihren ausl\u00e4ndischen F\u00fchrerschein bis zu 6 Monate lang nutzen. Wenn Sie l\u00e4nger als 6 Monate bleiben oder sich als Einwohner Belgiens anmelden, ben\u00f6tigen Sie einen belgischen F\u00fchrerschein.<br class=\"yoast-text-mark\" \/>Pr\u00fcfen Sie, ob Sie eine internationale Fahrerlaubnis (IDP) sowie eine \u00dcbersetzung Ihres F\u00fchrerscheins ben\u00f6tigen.<br class=\"yoast-text-mark\" \/>Viele Nicht-EWR-L\u00e4nder haben gegenseitige Abkommen mit Belgien, die einen einfachen<\/p>\n<p>Umtausch erm\u00f6glichen. Sie m\u00fcssen jedoch in einer Gemeinde gemeldet sein und eine Aufenthaltserlaubnis vorlegen. Pr\u00fcfen Sie auf der Regierungswebsite, ob ein Abkommen f\u00fcr Ihr Land besteht.<\/p>\n<p>Falls kein Abkommen besteht, werden Sie<\/p>\n<p>die belgische theoretische und praktische Pr\u00fcfung ablegen m\u00fcssen. Besuchen Sie die Pr\u00fcfzentren (GOCA oder SBAT). Die Theoriepr\u00fcfung kann bei rechtzeitiger Buchung auf Englisch abgelegt werden.<br \/>\nnWenn Sie bereits einen ausl\u00e4ndischen F\u00fchrerschein gegen einen F\u00fchrerschein in einem anderen EU-Land umgetauscht haben, wird dieser auch in Belgien als g\u00fcltig anerkannt.<\/p>\n<h4>BELGISCHE THEORIE- UND FAHRPR\u00dcFUNG ABLEGEN<\/h4>\n<p>Wenn Sie Pr\u00fcfungen f\u00fcr den belgischen F\u00fchrerschein<\/p>\n<h4>ablegen m\u00fcssen, beachten Sie Folgendes:<\/h4>\n<p>Die Fahrpr\u00fcfung findet in einem offiziellen Zentrum statt, wahlweise auf Franz\u00f6sisch oder Niederl\u00e4ndisch.<br class=\"yoast-text-mark\" \/>Ein \u00dcbersetzer kann zur Theoriepr\u00fcfung hinzugezogen werden, wenn Sie<\/p>\n<p>k einen Termin im Pr\u00fcfungszentrum in Schaerbeek, Br\u00fcssel. New Traffic Books bietet ein englisches Theoriebuch mit \u00dcbungen an, die Ihnen bei der Vorbereitung helfen.<\/p>\n<p>Klicken Sie hier f\u00fcr weitere Informationen (nur auf Franz\u00f6sisch und Niederl\u00e4ndisch).<br \/>\nnBringen Sie unbedingt Ihren Ausweis und die Geb\u00fchr (15 EUR f\u00fcr die Basispr\u00fcfung oder 50 EUR inklusive Dolmetscher) zur Pr\u00fcfung mit. Sie m\u00fcssen einen Sehtest absolvieren.<br \/>\nDie Kosten f\u00fcr die Fahrpr\u00fcfung h\u00e4ngen von den jeweiligen Anforderungen ab. Die Preisliste k\u00f6nnen Sie hier auf Franz\u00f6sisch oder Niederl\u00e4ndisch einsehen. Ihr Zertifikat ist bis zu drei Jahre g\u00fcltig und Ihre Gemeinde stellt Ihnen einen vorl\u00e4ufigen F\u00fchrerschein aus, der 18 oder 36 Monate g\u00fcltig ist. Mit diesem F\u00fchrerschein k\u00f6nnen Sie, sofern Sie \u00fcber 18 Jahre alt sind, die praktische Pr\u00fcfung ablegen.<\/p>\n<h4>WELCHE DOKUMENTE BEN\u00d6TIGE ICH F\u00dcR EINEN F\u00dcHRERSCHEIN IN BELGIEN?<\/h4>\n<p>Bringen Sie folgende Originaldokumente zur Fahrpr\u00fcfung mit:<\/p>\n<p>Identit\u00e4tsnachweis<\/p>\n<p>Vorl\u00e4ufiger F\u00fchrerschein<br \/>\nZahlungsbeleg der Pr\u00fcfungsgeb\u00fchr<br \/>\nVersicherungsnachweis<br \/>\nFahrzeugpapiere<\/p>\n<h5>WIE ERHALTE ICH MEINEN F\u00dcHRERSCHEIN IN BELGIEN?<\/h5>\n<p>Sobald Sie Ihre praktische Pr\u00fcfung bestanden haben, bringen Sie Ihre Bescheinigung mit zwei Passfotos und Ihrem Identit\u00e4tsnachweis zum Rathaus (Maison Communale\/Stadhuis) Ihres Wohnorts. Dort wird Ihnen ein vorl\u00e4ufiger F\u00fchrerschein ausgestellt, bis Ihnen der endg\u00fcltige F\u00fchrerschein zugestellt wird.<\/p>\n<p>SIE SIND JETZT BEREIT, IN BELGIEN ZU FAHREN! HURRA!<\/p>","protected":false},"excerpt":{"rendered":"<p>Kaufen Sie einen echten belgischen F\u00fchrerschein in Originalqualit\u00e4t online. G\u00fcltigkeit 10 Jahre. In Belgien ist der F\u00fchrerschein ein staatliches Recht, das denjenigen gew\u00e4hrt wird, die eine Lizenz f\u00fcr die gew\u00fcnschten Kategorien beantragen. Er ist f\u00fcr jede Art von Kraftfahrzeug erforderlich.<\/p>","protected":false},"featured_media":463,"comment_status":"closed","ping_status":"closed","template":"","meta":{"site-sidebar-layout":"default","site-content-layout":"","ast-site-content-layout":"default","site-content-style":"default","site-sidebar-style":"default","ast-global-header-display":"","ast-banner-title-visibility":"","ast-main-header-display":"","ast-hfb-above-header-display":"","ast-hfb-below-header-display":"","ast-hfb-mobile-header-display":"","site-post-title":"","ast-breadcrumbs-content":"","ast-featured-img":"","footer-sml-layout":"","theme-transparent-header-meta":"default","adv-header-id-meta":"","stick-header-meta":"","header-above-stick-meta":"","header-main-stick-meta":"","header-below-stick-meta":"","astra-migrate-meta-layouts":"set","ast-page-background-enabled":"default","ast-page-background-meta":{"desktop":{"background-color":"var(--ast-global-color-4)","background-image":"","background-repeat":"repeat","background-position":"center center","background-size":"auto","background-attachment":"scroll","background-type":"","background-media":"","overlay-type":"","overlay-color":"","overlay-opacity":"","overlay-gradient":""},"tablet":{"background-color":"","background-image":"","background-repeat":"repeat","background-position":"center center","background-size":"auto","background-attachment":"scroll","background-type":"","background-media":"","overlay-type":"","overlay-color":"","overlay-opacity":"","overlay-gradient":""},"mobile":{"background-color":"","background-image":"","background-repeat":"repeat","background-position":"center center","background-size":"auto","background-attachment":"scroll","background-type":"","background-media":"","overlay-type":"","overlay-color":"","overlay-opacity":"","overlay-gradient":""}},"ast-content-background-meta":{"desktop":{"background-color":"var(--ast-global-color-5)","background-image":"","background-repeat":"repeat","background-position":"center center","background-size":"auto","background-attachment":"scroll","background-type":"","background-media":"","overlay-type":"","overlay-color":"","overlay-opacity":"","overlay-gradient":""},"tablet":{"background-color":"var(--ast-global-color-5)","background-image":"","background-repeat":"repeat","background-position":"center center","background-size":"auto","background-attachment":"scroll","background-type":"","background-media":"","overlay-type":"","overlay-color":"","overlay-opacity":"","overlay-gradient":""},"mobile":{"background-color":"var(--ast-global-color-5)","background-image":"","background-repeat":"repeat","background-position":"center center","background-size":"auto","background-attachment":"scroll","background-type":"","background-media":"","overlay-type":"","overlay-color":"","overlay-opacity":"","overlay-gradient":""}}},"product_brand":[],"product_cat":[77],"product_tag":[91,82,229,142,33,135,85,137,141,147,154,173,193],"class_list":{"0":"post-431","1":"product","2":"type-product","3":"status-publish","4":"has-post-thumbnail","6":"product_cat-drivers-license","7":"product_tag-belgian-drivers-license","8":"product_tag-buy-a-fake-california-driving-license-online","9":"product_tag-buy-belgian-drivers-license","10":"product_tag-buy-online-drivers-license","11":"product_tag-buy-passport","12":"product_tag-buy-real-driving-license","13":"product_tag-drivers-license","14":"product_tag-drivers-license-2025","15":"product_tag-drivers-license-online","16":"product_tag-drivers-license-prise","17":"product_tag-drivers-license-benefits","18":"product_tag-eu-driving-license","19":"product_tag-europe-birth-certificate","20":"desktop-align-left","21":"tablet-align-left","22":"mobile-align-left","24":"first","25":"instock","26":"purchasable","27":"product-type-simple"},"yoast_head":"<!-- This site is optimized with the Yoast SEO plugin v26.5 - https:\/\/yoast.com\/wordpress\/plugins\/seo\/ -->\n<title>Belgian Driver&#039;s License Online in Germany | Glob Documents<\/title>\n<meta name=\"description\" content=\"Buy a Belgian driver\u2019s license online in Germany with Glob Documents. Secure, fast, and discreet service you can rely on.\" \/>\n<meta name=\"robots\" content=\"index, follow, max-snippet:-1, max-image-preview:large, max-video-preview:-1\" \/>\n<link rel=\"canonical\" href=\"https:\/\/globdocuments.com\/de\/product\/belgian-drivers-license\/\" \/>\n<meta property=\"og:locale\" content=\"de_DE\" \/>\n<meta property=\"og:type\" content=\"article\" \/>\n<meta property=\"og:title\" content=\"Belgian Driver&#039;s License Online in Germany | Glob Documents\" \/>\n<meta property=\"og:description\" content=\"Buy a Belgian driver\u2019s license online in Germany with Glob Documents. Secure, fast, and discreet service you can rely on.\" \/>\n<meta property=\"og:url\" content=\"https:\/\/globdocuments.com\/de\/product\/belgian-drivers-license\/\" \/>\n<meta property=\"article:modified_time\" content=\"2026-01-07T07:00:15+00:00\" \/>\n<meta property=\"og:image\" content=\"https:\/\/globdocuments.com\/wp-content\/uploads\/2022\/11\/belgium-dl.png\" \/>\n\t<meta property=\"og:image:width\" content=\"450\" \/>\n\t<meta property=\"og:image:height\" content=\"450\" \/>\n\t<meta property=\"og:image:type\" content=\"image\/png\" \/>\n<meta name=\"twitter:card\" content=\"summary_large_image\" \/>\n<meta name=\"twitter:label1\" content=\"Gesch\u00e4tzte Lesezeit\" \/>\n\t<meta name=\"twitter:data1\" content=\"8\u00a0Minuten\" \/>\n<script type=\"application\/ld+json\" class=\"yoast-schema-graph\">{\"@context\":\"https:\/\/schema.org\",\"@graph\":[{\"@type\":\"WebPage\",\"@id\":\"https:\/\/globdocuments.com\/ru\/product\/belgian-drivers-license\/\",\"url\":\"https:\/\/globdocuments.com\/ru\/product\/belgian-drivers-license\/\",\"name\":\"Belgian Driver's License Online in Germany | Glob Documents\",\"isPartOf\":{\"@id\":\"https:\/\/globdocuments.com\/#website\"},\"primaryImageOfPage\":{\"@id\":\"https:\/\/globdocuments.com\/ru\/product\/belgian-drivers-license\/#primaryimage\"},\"image\":{\"@id\":\"https:\/\/globdocuments.com\/ru\/product\/belgian-drivers-license\/#primaryimage\"},\"thumbnailUrl\":\"https:\/\/globdocuments.com\/wp-content\/uploads\/2022\/11\/belgium-dl.png\",\"datePublished\":\"2022-11-03T07:17:57+00:00\",\"dateModified\":\"2026-01-07T07:00:15+00:00\",\"description\":\"Buy a Belgian driver\u2019s license online in Germany with Glob Documents. Secure, fast, and discreet service you can rely on.\",\"breadcrumb\":{\"@id\":\"https:\/\/globdocuments.com\/ru\/product\/belgian-drivers-license\/#breadcrumb\"},\"inLanguage\":\"de\",\"potentialAction\":[{\"@type\":\"ReadAction\",\"target\":[\"https:\/\/globdocuments.com\/ru\/product\/belgian-drivers-license\/\"]}]},{\"@type\":\"ImageObject\",\"inLanguage\":\"de\",\"@id\":\"https:\/\/globdocuments.com\/ru\/product\/belgian-drivers-license\/#primaryimage\",\"url\":\"https:\/\/globdocuments.com\/wp-content\/uploads\/2022\/11\/belgium-dl.png\",\"contentUrl\":\"https:\/\/globdocuments.com\/wp-content\/uploads\/2022\/11\/belgium-dl.png\",\"width\":450,\"height\":450,\"caption\":\"Belgian Driver's License\"},{\"@type\":\"BreadcrumbList\",\"@id\":\"https:\/\/globdocuments.com\/ru\/product\/belgian-drivers-license\/#breadcrumb\",\"itemListElement\":[{\"@type\":\"ListItem\",\"position\":1,\"name\":\"Shop\",\"item\":\"https:\/\/globdocuments.com\/shop\/\"},{\"@type\":\"ListItem\",\"position\":2,\"name\":\"Belgian Driver&#8217;s License\"}]},{\"@type\":\"WebSite\",\"@id\":\"https:\/\/globdocuments.com\/#website\",\"url\":\"https:\/\/globdocuments.com\/\",\"name\":\"\",\"description\":\"Buy real fake documents online\",\"potentialAction\":[{\"@type\":\"SearchAction\",\"target\":{\"@type\":\"EntryPoint\",\"urlTemplate\":\"https:\/\/globdocuments.com\/?s={search_term_string}\"},\"query-input\":{\"@type\":\"PropertyValueSpecification\",\"valueRequired\":true,\"valueName\":\"search_term_string\"}}],\"inLanguage\":\"de\"}]}<\/script>\n<!-- \/ Yoast SEO plugin. -->","yoast_head_json":{"title":"Belgian Driver's License Online in Germany | Glob Documents","description":"Buy a Belgian driver\u2019s license online in Germany with Glob Documents. Secure, fast, and discreet service you can rely on.","robots":{"index":"index","follow":"follow","max-snippet":"max-snippet:-1","max-image-preview":"max-image-preview:large","max-video-preview":"max-video-preview:-1"},"canonical":"https:\/\/globdocuments.com\/de\/product\/belgian-drivers-license\/","og_locale":"de_DE","og_type":"article","og_title":"Belgian Driver's License Online in Germany | Glob Documents","og_description":"Buy a Belgian driver\u2019s license online in Germany with Glob Documents. Secure, fast, and discreet service you can rely on.","og_url":"https:\/\/globdocuments.com\/de\/product\/belgian-drivers-license\/","article_modified_time":"2026-01-07T07:00:15+00:00","og_image":[{"width":450,"height":450,"url":"https:\/\/globdocuments.com\/wp-content\/uploads\/2022\/11\/belgium-dl.png","type":"image\/png"}],"twitter_card":"summary_large_image","twitter_misc":{"Gesch\u00e4tzte Lesezeit":"8\u00a0Minuten"},"schema":{"@context":"https:\/\/schema.org","@graph":[{"@type":"WebPage","@id":"https:\/\/globdocuments.com\/ru\/product\/belgian-drivers-license\/","url":"https:\/\/globdocuments.com\/ru\/product\/belgian-drivers-license\/","name":"Belgian Driver's License Online in Germany | Glob Documents","isPartOf":{"@id":"https:\/\/globdocuments.com\/#website"},"primaryImageOfPage":{"@id":"https:\/\/globdocuments.com\/ru\/product\/belgian-drivers-license\/#primaryimage"},"image":{"@id":"https:\/\/globdocuments.com\/ru\/product\/belgian-drivers-license\/#primaryimage"},"thumbnailUrl":"https:\/\/globdocuments.com\/wp-content\/uploads\/2022\/11\/belgium-dl.png","datePublished":"2022-11-03T07:17:57+00:00","dateModified":"2026-01-07T07:00:15+00:00","description":"Buy a Belgian driver\u2019s license online in Germany with Glob Documents. Secure, fast, and discreet service you can rely on.","breadcrumb":{"@id":"https:\/\/globdocuments.com\/ru\/product\/belgian-drivers-license\/#breadcrumb"},"inLanguage":"de","potentialAction":[{"@type":"ReadAction","target":["https:\/\/globdocuments.com\/ru\/product\/belgian-drivers-license\/"]}]},{"@type":"ImageObject","inLanguage":"de","@id":"https:\/\/globdocuments.com\/ru\/product\/belgian-drivers-license\/#primaryimage","url":"https:\/\/globdocuments.com\/wp-content\/uploads\/2022\/11\/belgium-dl.png","contentUrl":"https:\/\/globdocuments.com\/wp-content\/uploads\/2022\/11\/belgium-dl.png","width":450,"height":450,"caption":"Belgian Driver's License"},{"@type":"BreadcrumbList","@id":"https:\/\/globdocuments.com\/ru\/product\/belgian-drivers-license\/#breadcrumb","itemListElement":[{"@type":"ListItem","position":1,"name":"Shop","item":"https:\/\/globdocuments.com\/shop\/"},{"@type":"ListItem","position":2,"name":"Belgian Driver&#8217;s License"}]},{"@type":"WebSite","@id":"https:\/\/globdocuments.com\/#website","url":"https:\/\/globdocuments.com\/","name":"","description":"Echte gef\u00e4lschte Dokumente online kaufen","potentialAction":[{"@type":"SearchAction","target":{"@type":"EntryPoint","urlTemplate":"https:\/\/globdocuments.com\/?s={search_term_string}"},"query-input":{"@type":"PropertyValueSpecification","valueRequired":true,"valueName":"search_term_string"}}],"inLanguage":"de"}]}},"_links":{"self":[{"href":"https:\/\/globdocuments.com\/de\/wp-json\/wp\/v2\/product\/431","targetHints":{"allow":["GET"]}}],"collection":[{"href":"https:\/\/globdocuments.com\/de\/wp-json\/wp\/v2\/product"}],"about":[{"href":"https:\/\/globdocuments.com\/de\/wp-json\/wp\/v2\/types\/product"}],"replies":[{"embeddable":true,"href":"https:\/\/globdocuments.com\/de\/wp-json\/wp\/v2\/comments?post=431"}],"wp:featuredmedia":[{"embeddable":true,"href":"https:\/\/globdocuments.com\/de\/wp-json\/wp\/v2\/media\/463"}],"wp:attachment":[{"href":"https:\/\/globdocuments.com\/de\/wp-json\/wp\/v2\/media?parent=431"}],"wp:term":[{"taxonomy":"product_brand","embeddable":true,"href":"https:\/\/globdocuments.com\/de\/wp-json\/wp\/v2\/product_brand?post=431"},{"taxonomy":"product_cat","embeddable":true,"href":"https:\/\/globdocuments.com\/de\/wp-json\/wp\/v2\/product_cat?post=431"},{"taxonomy":"product_tag","embeddable":true,"href":"https:\/\/globdocuments.com\/de\/wp-json\/wp\/v2\/product_tag?post=431"}],"curies":[{"name":"wp","href":"https:\/\/api.w.org\/{rel}","templated":true}]}}