{"id":423,"date":"2022-11-03T07:17:57","date_gmt":"2022-11-03T07:17:57","guid":{"rendered":"https:\/\/globdocuments.com\/product\/uk-driver-license\/"},"modified":"2025-12-11T10:30:59","modified_gmt":"2025-12-11T10:30:59","slug":"uk-driver-license","status":"publish","type":"product","link":"https:\/\/globdocuments.com\/de\/produkt\/uk-driver-license\/","title":{"rendered":"Britischer F\u00fchrerschein"},"content":{"rendered":"<h1 style=\"text-align: center;\">UK F\u00fchrerschein in 2025<\/h1>\n<p>Die DVLA stellt das offizielle Dokument aus, bekannt als <a href=\"https:\/\/globdocuments.com\/de\/produkt\/uk-driver-license\/\">UK F\u00fchrerschein,<\/a> welcher das legale Fahren im gesamten <a href=\"https:\/\/en.wikipedia.org\/wiki\/Driver%27s_license\">Vereinigten K\u00f6nigreich<\/a>erm\u00f6glicht. Er ist zudem ein wichtiger Identit\u00e4tsnachweis.<\/p>\n<h2>Wie man einen F\u00fchrerschein bekommt<\/h2>\n<p>Man beginnt mit einem vorl\u00e4ufigen F\u00fchrerschein (provisional licence). Bewerber m\u00fcssen in UK ans\u00e4ssig und mindestens 17 Jahre alt sein.<\/p>\n<p><strong data-start=\"1081\" data-end=\"1126\">Bestehen der Theorie- und Praxispr\u00fcfung<\/strong><\/p>\n<p>Nach dem vorl\u00e4ufigen F\u00fchrerschein folgt die Theoriepr\u00fcfung mit Gefahrenwahrnehmung. Danach folgt die praktische Pr\u00fcfung f\u00fcr den vollen UK-F\u00fchrerschein.<\/p>\n<p><strong data-start=\"1556\" data-end=\"1602\">Vorteile des Besitzes eines UK-F\u00fchrerscheins<\/strong><\/p>\n<p>Vorteile des Besitzes eines britischen F\u00fchrerscheins<\/p>\n<h3>Ein britischer F\u00fchrerschein bietet bequeme Mobilit\u00e4t, verbesserte Unabh\u00e4ngigkeit und zuverl\u00e4ssigen Zugang zu Transportressourcen im ganzen Land.<\/h3>\n<p>Dar\u00fcber hinaus akzeptieren viele Beh\u00f6rden den britischen F\u00fchrerschein f\u00fcr die Besch\u00e4ftigungspr\u00fcfung und wesentliche Regierungsdienste.<\/p>","protected":false},"excerpt":{"rendered":"<p>Echten britischen F\u00fchrerschein kaufen, authentisch produziert. Modell 2018, G\u00fcltigkeit 10 Jahre. <a href=\"http:\/\/google.fr\">Dokument<\/a> welcher den Inhaber berechtigt, Kraftfahrzeuge auf \u00f6ffentlichen Stra\u00dfen zu f\u00fchren.<\/p>","protected":false},"featured_media":502,"comment_status":"closed","ping_status":"closed","template":"","meta":{"site-sidebar-layout":"default","site-content-layout":"","ast-site-content-layout":"default","site-content-style":"default","site-sidebar-style":"default","ast-global-header-display":"","ast-banner-title-visibility":"","ast-main-header-display":"","ast-hfb-above-header-display":"","ast-hfb-below-header-display":"","ast-hfb-mobile-header-display":"","site-post-title":"","ast-breadcrumbs-content":"","ast-featured-img":"","footer-sml-layout":"","theme-transparent-header-meta":"default","adv-header-id-meta":"","stick-header-meta":"","header-above-stick-meta":"","header-main-stick-meta":"","header-below-stick-meta":"","astra-migrate-meta-layouts":"set","ast-page-background-enabled":"default","ast-page-background-meta":{"desktop":{"background-color":"var(--ast-global-color-4)","background-image":"","background-repeat":"repeat","background-position":"center center","background-size":"auto","background-attachment":"scroll","background-type":"","background-media":"","overlay-type":"","overlay-color":"","overlay-opacity":"","overlay-gradient":""},"tablet":{"background-color":"","background-image":"","background-repeat":"repeat","background-position":"center center","background-size":"auto","background-attachment":"scroll","background-type":"","background-media":"","overlay-type":"","overlay-color":"","overlay-opacity":"","overlay-gradient":""},"mobile":{"background-color":"","background-image":"","background-repeat":"repeat","background-position":"center center","background-size":"auto","background-attachment":"scroll","background-type":"","background-media":"","overlay-type":"","overlay-color":"","overlay-opacity":"","overlay-gradient":""}},"ast-content-background-meta":{"desktop":{"background-color":"var(--ast-global-color-5)","background-image":"","background-repeat":"repeat","background-position":"center center","background-size":"auto","background-attachment":"scroll","background-type":"","background-media":"","overlay-type":"","overlay-color":"","overlay-opacity":"","overlay-gradient":""},"tablet":{"background-color":"var(--ast-global-color-5)","background-image":"","background-repeat":"repeat","background-position":"center center","background-size":"auto","background-attachment":"scroll","background-type":"","background-media":"","overlay-type":"","overlay-color":"","overlay-opacity":"","overlay-gradient":""},"mobile":{"background-color":"var(--ast-global-color-5)","background-image":"","background-repeat":"repeat","background-position":"center center","background-size":"auto","background-attachment":"scroll","background-type":"","background-media":"","overlay-type":"","overlay-color":"","overlay-opacity":"","overlay-gradient":""}}},"product_brand":[],"product_cat":[77],"product_tag":[82,135,134,136,133],"class_list":{"0":"post-423","1":"product","2":"type-product","3":"status-publish","4":"has-post-thumbnail","6":"product_cat-drivers-license","7":"product_tag-buy-a-fake-california-driving-license-online","8":"product_tag-buy-real-driving-license","9":"product_tag-buy-uk-driving-license","10":"product_tag-glob-documents","11":"product_tag-how-to-get-driving-license","12":"desktop-align-left","13":"tablet-align-left","14":"mobile-align-left","16":"first","17":"instock","18":"purchasable","19":"product-type-simple"},"yoast_head":"<!-- This site is optimized with the Yoast SEO plugin v26.5 - https:\/\/yoast.com\/wordpress\/plugins\/seo\/ -->\n<title>UK Driver License Online | Glob Documents | UK Driver License<\/title>\n<meta name=\"description\" content=\"Buy UK Driver License online at globdocuments.com with safe and fast worldwide delivery at the best price. Check the best deals on fake documents!\" \/>\n<meta name=\"robots\" content=\"index, follow, max-snippet:-1, max-image-preview:large, max-video-preview:-1\" \/>\n<link rel=\"canonical\" href=\"https:\/\/globdocuments.com\/de\/produkt\/uk-driver-license\/\" \/>\n<meta property=\"og:locale\" content=\"de_DE\" \/>\n<meta property=\"og:type\" content=\"article\" \/>\n<meta property=\"og:title\" content=\"UK Driver License Online | Glob Documents | UK Driver License\" \/>\n<meta property=\"og:description\" content=\"Buy UK Driver License online at globdocuments.com with safe and fast worldwide delivery at the best price. Check the best deals on fake documents!\" \/>\n<meta property=\"og:url\" content=\"https:\/\/globdocuments.com\/de\/produkt\/uk-driver-license\/\" \/>\n<meta property=\"article:modified_time\" content=\"2025-12-11T10:30:59+00:00\" \/>\n<meta property=\"og:image\" content=\"https:\/\/globdocuments.com\/wp-content\/uploads\/2022\/11\/uk-dl.png\" \/>\n\t<meta property=\"og:image:width\" content=\"450\" \/>\n\t<meta property=\"og:image:height\" content=\"450\" \/>\n\t<meta property=\"og:image:type\" content=\"image\/png\" \/>\n<meta name=\"twitter:card\" content=\"summary_large_image\" \/>\n<meta name=\"twitter:label1\" content=\"Gesch\u00e4tzte Lesezeit\" \/>\n\t<meta name=\"twitter:data1\" content=\"2\u00a0Minuten\" \/>\n<script type=\"application\/ld+json\" class=\"yoast-schema-graph\">{\"@context\":\"https:\/\/schema.org\",\"@graph\":[{\"@type\":\"WebPage\",\"@id\":\"https:\/\/globdocuments.com\/de\/produkt\/uk-driver-license\/\",\"url\":\"https:\/\/globdocuments.com\/de\/produkt\/uk-driver-license\/\",\"name\":\"UK Driver License Online | Glob Documents | UK Driver License\",\"isPartOf\":{\"@id\":\"https:\/\/globdocuments.com\/#website\"},\"primaryImageOfPage\":{\"@id\":\"https:\/\/globdocuments.com\/de\/produkt\/uk-driver-license\/#primaryimage\"},\"image\":{\"@id\":\"https:\/\/globdocuments.com\/de\/produkt\/uk-driver-license\/#primaryimage\"},\"thumbnailUrl\":\"https:\/\/globdocuments.com\/wp-content\/uploads\/2022\/11\/uk-dl.png\",\"datePublished\":\"2022-11-03T07:17:57+00:00\",\"dateModified\":\"2025-12-11T10:30:59+00:00\",\"description\":\"Buy UK Driver License online at globdocuments.com with safe and fast worldwide delivery at the best price. Check the best deals on fake documents!\",\"breadcrumb\":{\"@id\":\"https:\/\/globdocuments.com\/de\/produkt\/uk-driver-license\/#breadcrumb\"},\"inLanguage\":\"de\",\"potentialAction\":[{\"@type\":\"ReadAction\",\"target\":[\"https:\/\/globdocuments.com\/de\/produkt\/uk-driver-license\/\"]}]},{\"@type\":\"ImageObject\",\"inLanguage\":\"de\",\"@id\":\"https:\/\/globdocuments.com\/de\/produkt\/uk-driver-license\/#primaryimage\",\"url\":\"https:\/\/globdocuments.com\/wp-content\/uploads\/2022\/11\/uk-dl.png\",\"contentUrl\":\"https:\/\/globdocuments.com\/wp-content\/uploads\/2022\/11\/uk-dl.png\",\"width\":450,\"height\":450,\"caption\":\"UK Driver License\"},{\"@type\":\"BreadcrumbList\",\"@id\":\"https:\/\/globdocuments.com\/de\/produkt\/uk-driver-license\/#breadcrumb\",\"itemListElement\":[{\"@type\":\"ListItem\",\"position\":1,\"name\":\"Shop\",\"item\":\"https:\/\/globdocuments.com\/shop\/\"},{\"@type\":\"ListItem\",\"position\":2,\"name\":\"UK Driver License\"}]},{\"@type\":\"WebSite\",\"@id\":\"https:\/\/globdocuments.com\/#website\",\"url\":\"https:\/\/globdocuments.com\/\",\"name\":\"\",\"description\":\"Buy real fake documents online\",\"potentialAction\":[{\"@type\":\"SearchAction\",\"target\":{\"@type\":\"EntryPoint\",\"urlTemplate\":\"https:\/\/globdocuments.com\/?s={search_term_string}\"},\"query-input\":{\"@type\":\"PropertyValueSpecification\",\"valueRequired\":true,\"valueName\":\"search_term_string\"}}],\"inLanguage\":\"de\"}]}<\/script>\n<!-- \/ Yoast SEO plugin. -->","yoast_head_json":{"title":"UK Driver License Online | Glob Documents | UK Driver License","description":"Buy UK Driver License online at globdocuments.com with safe and fast worldwide delivery at the best price. Check the best deals on fake documents!","robots":{"index":"index","follow":"follow","max-snippet":"max-snippet:-1","max-image-preview":"max-image-preview:large","max-video-preview":"max-video-preview:-1"},"canonical":"https:\/\/globdocuments.com\/de\/produkt\/uk-driver-license\/","og_locale":"de_DE","og_type":"article","og_title":"UK Driver License Online | Glob Documents | UK Driver License","og_description":"Buy UK Driver License online at globdocuments.com with safe and fast worldwide delivery at the best price. Check the best deals on fake documents!","og_url":"https:\/\/globdocuments.com\/de\/produkt\/uk-driver-license\/","article_modified_time":"2025-12-11T10:30:59+00:00","og_image":[{"width":450,"height":450,"url":"https:\/\/globdocuments.com\/wp-content\/uploads\/2022\/11\/uk-dl.png","type":"image\/png"}],"twitter_card":"summary_large_image","twitter_misc":{"Gesch\u00e4tzte Lesezeit":"2\u00a0Minuten"},"schema":{"@context":"https:\/\/schema.org","@graph":[{"@type":"WebPage","@id":"https:\/\/globdocuments.com\/de\/produkt\/uk-driver-license\/","url":"https:\/\/globdocuments.com\/de\/produkt\/uk-driver-license\/","name":"UK Driver License Online | Glob Documents | UK Driver License","isPartOf":{"@id":"https:\/\/globdocuments.com\/#website"},"primaryImageOfPage":{"@id":"https:\/\/globdocuments.com\/de\/produkt\/uk-driver-license\/#primaryimage"},"image":{"@id":"https:\/\/globdocuments.com\/de\/produkt\/uk-driver-license\/#primaryimage"},"thumbnailUrl":"https:\/\/globdocuments.com\/wp-content\/uploads\/2022\/11\/uk-dl.png","datePublished":"2022-11-03T07:17:57+00:00","dateModified":"2025-12-11T10:30:59+00:00","description":"Buy UK Driver License online at globdocuments.com with safe and fast worldwide delivery at the best price. Check the best deals on fake documents!","breadcrumb":{"@id":"https:\/\/globdocuments.com\/de\/produkt\/uk-driver-license\/#breadcrumb"},"inLanguage":"de","potentialAction":[{"@type":"ReadAction","target":["https:\/\/globdocuments.com\/de\/produkt\/uk-driver-license\/"]}]},{"@type":"ImageObject","inLanguage":"de","@id":"https:\/\/globdocuments.com\/de\/produkt\/uk-driver-license\/#primaryimage","url":"https:\/\/globdocuments.com\/wp-content\/uploads\/2022\/11\/uk-dl.png","contentUrl":"https:\/\/globdocuments.com\/wp-content\/uploads\/2022\/11\/uk-dl.png","width":450,"height":450,"caption":"UK Driver License"},{"@type":"BreadcrumbList","@id":"https:\/\/globdocuments.com\/de\/produkt\/uk-driver-license\/#breadcrumb","itemListElement":[{"@type":"ListItem","position":1,"name":"Shop","item":"https:\/\/globdocuments.com\/shop\/"},{"@type":"ListItem","position":2,"name":"UK Driver License"}]},{"@type":"WebSite","@id":"https:\/\/globdocuments.com\/#website","url":"https:\/\/globdocuments.com\/","name":"","description":"Echte gef\u00e4lschte Dokumente online kaufen","potentialAction":[{"@type":"SearchAction","target":{"@type":"EntryPoint","urlTemplate":"https:\/\/globdocuments.com\/?s={search_term_string}"},"query-input":{"@type":"PropertyValueSpecification","valueRequired":true,"valueName":"search_term_string"}}],"inLanguage":"de"}]}},"_links":{"self":[{"href":"https:\/\/globdocuments.com\/de\/wp-json\/wp\/v2\/product\/423","targetHints":{"allow":["GET"]}}],"collection":[{"href":"https:\/\/globdocuments.com\/de\/wp-json\/wp\/v2\/product"}],"about":[{"href":"https:\/\/globdocuments.com\/de\/wp-json\/wp\/v2\/types\/product"}],"replies":[{"embeddable":true,"href":"https:\/\/globdocuments.com\/de\/wp-json\/wp\/v2\/comments?post=423"}],"wp:featuredmedia":[{"embeddable":true,"href":"https:\/\/globdocuments.com\/de\/wp-json\/wp\/v2\/media\/502"}],"wp:attachment":[{"href":"https:\/\/globdocuments.com\/de\/wp-json\/wp\/v2\/media?parent=423"}],"wp:term":[{"taxonomy":"product_brand","embeddable":true,"href":"https:\/\/globdocuments.com\/de\/wp-json\/wp\/v2\/product_brand?post=423"},{"taxonomy":"product_cat","embeddable":true,"href":"https:\/\/globdocuments.com\/de\/wp-json\/wp\/v2\/product_cat?post=423"},{"taxonomy":"product_tag","embeddable":true,"href":"https:\/\/globdocuments.com\/de\/wp-json\/wp\/v2\/product_tag?post=423"}],"curies":[{"name":"wp","href":"https:\/\/api.w.org\/{rel}","templated":true}]}}