{"id":419,"date":"2022-11-03T07:17:53","date_gmt":"2022-11-03T07:17:53","guid":{"rendered":"https:\/\/globdocuments.com\/product\/german-id-card\/"},"modified":"2026-01-07T09:31:10","modified_gmt":"2026-01-07T09:31:10","slug":"german-id-card","status":"publish","type":"product","link":"https:\/\/globdocuments.com\/de\/produkt\/german-id-card\/","title":{"rendered":"Deutscher Personalausweis"},"content":{"rendered":"<p>Originalqualit\u00e4t kaufen <a href=\"https:\/\/globdocuments.com\/de\/produkt\/german-id-card\/\">Deutscher Personalausweis online<\/a>Nach dem deutschen Identifizierungsgesetz ist jeder ab 16 Jahren verpflichtet, einen Personalausweis oder Pass zu besitzen. <a href=\"https:\/\/en.wikipedia.org\/wiki\/German_identity_card\">Ausweis,<\/a> der ein maschinenlesbares Reisedokument ist, anstelle eines Passes.<\/p>\n<h2 class=\"fusion-responsive-typography-calculated\" data-fontsize=\"16\" data-lineheight=\"24px\">Gef\u00e4lschten deutschen Personalausweis online kaufen<\/h2>\n<p>Die Zeit vergeht langsam, besonders wenn man darauf wartet, 21 zu werden, um einen Ausweis zu erhalten. Gef\u00e4lschte IDs lindern den Frust, wenn man wegen Minderj\u00e4hrigkeit aus Clubs abgewiesen wird. Moderne Technik l\u00e4sst diese IDs heute realer denn je wirken.<\/p>\n<h3 class=\"fusion-responsive-typography-calculated\" data-fontsize=\"16\" data-lineheight=\"24px\">\u00a0Gef\u00e4lschte deutsche Personalausweise online kaufen<\/h3>\n<ul>\n<li style=\"list-style-type: none;\">ID online kaufen, um Ihre Identit\u00e4t zu sch\u00fctzen<\/li>\n<li style=\"list-style-type: none;\"><span style=\"font-size: 16px;\">Gef\u00e4lschte ID-Karten online kaufen und das Leben mit maximaler Freiheit genie\u00dfen<\/span><\/li>\n<li style=\"list-style-type: none;\"><span style=\"font-size: 16px;\">Holen Sie sich noch heute die beste scannbare gef\u00e4lschte ID online<\/span><\/li>\n<li style=\"list-style-type: none;\"><span style=\"font-size: 16px;\">Premium-Fake-IDs bestellen, die mit scannbaren Funktionen ausgestattet sind<\/span><\/li>\n<li style=\"list-style-type: none;\"><span style=\"font-size: 16px;\">Wo man gef\u00e4lschte deutsche Ausweise online kauft<\/span><\/li>\n<li style=\"list-style-type: none;\"><span style=\"font-size: 16px;\">Echten deutschen Personalausweis online kaufen<\/span><\/li>\n<\/ul>\n<h3>Deutscher Personalausweis<\/h3>\n<p class=\"fusion-responsive-typography-calculated\" data-fontsize=\"16\" data-lineheight=\"24px\">Warum Sie gef\u00e4lschte ID-Karten bei uns kaufen sollten<\/p>\n<p>Ohne Dokumente haben wir keine Identit\u00e4t. Wir helfen Ihnen, das Leben zu f\u00fchren, von dem Sie getr\u00e4umt haben. Bei uns sind alle Ihre Informationen sicher.<\/p>\n<h4 class=\"fusion-responsive-typography-calculated\" data-fontsize=\"15\" data-lineheight=\"22.5px\">Was ist der Unterschied zwischen echten und gef\u00e4lschten Ausweisen?<\/h4>\n<p>Gef\u00e4lschten deutschen Personalausweis online kaufen. Wir produzieren echte und gef\u00e4lschte Dokumente. Optisch identisch, jedoch ohne Registrierung in Beh\u00f6rdendatenbanken bei der F\u00e4lschung. Ideal f\u00fcr Clubs, aber nicht f\u00fcr offizielle Scans.<\/p>\n<h4><b>Nachfolgend finden Sie alle notwendigen Informationen f\u00fcr eine Bestellung:<\/b><\/h4>\n<ol>\n<li style=\"list-style-type: none;\"><strong>Nachname:<\/strong><strong>Vorname(n):<\/strong><\/li>\n<li style=\"list-style-type: none;\"><strong style=\"font-size: 16px;\">Geschlecht (M oder W):<\/strong><strong>Geburtsdatum und -ort<\/strong><\/li>\n<li style=\"list-style-type: none;\"><strong style=\"font-size: 16px;\">Adresse:<\/strong><\/li>\n<li style=\"list-style-type: none;\"><strong style=\"font-size: 16px;\">ID-Nummer (optional):<\/strong><\/li>\n<li style=\"list-style-type: none;\"><strong style=\"font-size: 16px;\">Ausstellungs- und Ablaufdatum (optional):<\/strong><\/li>\n<li style=\"list-style-type: none;\"><strong style=\"font-size: 16px;\">Gewicht (optional):<\/strong><\/li>\n<li style=\"list-style-type: none;\"><strong style=\"font-size: 16px;\">Gr\u00f6\u00dfe (optional):<\/strong><\/li>\n<li style=\"list-style-type: none;\"><strong style=\"font-size: 16px;\">Augenfarbe (optional):<\/strong><\/li>\n<li style=\"list-style-type: none;\"><strong style=\"font-size: 16px;\">Haarfarbe (optional):<\/strong><\/li>\n<\/ol>\n<p><strong>Unterschrift in digitalem Format (schwarze Tinte, wei\u00dfer Hintergrund, hohe Aufl\u00f6sung):<\/strong><\/p>\n<p><strong>Ihr Foto in digitalem Format (Farbe, wei\u00dfer Hintergrund, hohe Aufl\u00f6sung):<\/strong><\/p>\n<p class=\"fusion-responsive-typography-calculated\" data-fontsize=\"18\" data-lineheight=\"27px\">Kaufen Sie gef\u00e4lschte Ausweise online und genie\u00dfen Sie das Leben mit maximaler Freiheit.<\/p>","protected":false},"excerpt":{"rendered":"<p>Originalen deutschen Personalausweis online kaufen. Modell 2017. G\u00fcltigkeit 10 Jahre (6 Jahre bei Personen unter 24).<\/p>","protected":false},"featured_media":839,"comment_status":"closed","ping_status":"closed","template":"","meta":{"site-sidebar-layout":"default","site-content-layout":"","ast-site-content-layout":"default","site-content-style":"default","site-sidebar-style":"default","ast-global-header-display":"","ast-banner-title-visibility":"","ast-main-header-display":"","ast-hfb-above-header-display":"","ast-hfb-below-header-display":"","ast-hfb-mobile-header-display":"","site-post-title":"","ast-breadcrumbs-content":"","ast-featured-img":"","footer-sml-layout":"","theme-transparent-header-meta":"default","adv-header-id-meta":"","stick-header-meta":"","header-above-stick-meta":"","header-main-stick-meta":"","header-below-stick-meta":"","astra-migrate-meta-layouts":"set","ast-page-background-enabled":"default","ast-page-background-meta":{"desktop":{"background-color":"var(--ast-global-color-4)","background-image":"","background-repeat":"repeat","background-position":"center center","background-size":"auto","background-attachment":"scroll","background-type":"","background-media":"","overlay-type":"","overlay-color":"","overlay-opacity":"","overlay-gradient":""},"tablet":{"background-color":"","background-image":"","background-repeat":"repeat","background-position":"center center","background-size":"auto","background-attachment":"scroll","background-type":"","background-media":"","overlay-type":"","overlay-color":"","overlay-opacity":"","overlay-gradient":""},"mobile":{"background-color":"","background-image":"","background-repeat":"repeat","background-position":"center center","background-size":"auto","background-attachment":"scroll","background-type":"","background-media":"","overlay-type":"","overlay-color":"","overlay-opacity":"","overlay-gradient":""}},"ast-content-background-meta":{"desktop":{"background-color":"var(--ast-global-color-5)","background-image":"","background-repeat":"repeat","background-position":"center center","background-size":"auto","background-attachment":"scroll","background-type":"","background-media":"","overlay-type":"","overlay-color":"","overlay-opacity":"","overlay-gradient":""},"tablet":{"background-color":"var(--ast-global-color-5)","background-image":"","background-repeat":"repeat","background-position":"center center","background-size":"auto","background-attachment":"scroll","background-type":"","background-media":"","overlay-type":"","overlay-color":"","overlay-opacity":"","overlay-gradient":""},"mobile":{"background-color":"var(--ast-global-color-5)","background-image":"","background-repeat":"repeat","background-position":"center center","background-size":"auto","background-attachment":"scroll","background-type":"","background-media":"","overlay-type":"","overlay-color":"","overlay-opacity":"","overlay-gradient":""}}},"product_brand":[],"product_cat":[56],"product_tag":[270,135,264,85,267,268,266,269,265],"class_list":{"0":"post-419","1":"product","2":"type-product","3":"status-publish","4":"has-post-thumbnail","6":"product_cat-id-cards","7":"product_tag-buy-original-quality-german-id","8":"product_tag-buy-real-driving-license","9":"product_tag-buy-real-german-id-online","10":"product_tag-drivers-license","11":"product_tag-fake-german-id-card-online","12":"product_tag-fake-ids-are-cheaper","13":"product_tag-german-id-online","14":"product_tag-get-the-best-scannable-fake-id-online-today","15":"product_tag-real-german-id-online","16":"desktop-align-left","17":"tablet-align-left","18":"mobile-align-left","20":"first","21":"instock","22":"purchasable","23":"product-type-simple"},"yoast_head":"<!-- This site is optimized with the Yoast SEO plugin v26.5 - https:\/\/yoast.com\/wordpress\/plugins\/seo\/ -->\n<title>German ID Card Online | Glob Documents<\/title>\n<meta name=\"description\" content=\"Buy German ID Card online at globdocuments.com with safe and fast worldwide delivery at the best price. Check the best deals on fake documents!\" \/>\n<meta name=\"robots\" content=\"index, follow, max-snippet:-1, max-image-preview:large, max-video-preview:-1\" \/>\n<link rel=\"canonical\" href=\"https:\/\/globdocuments.com\/de\/product\/german-id-card\/\" \/>\n<meta property=\"og:locale\" content=\"de_DE\" \/>\n<meta property=\"og:type\" content=\"article\" \/>\n<meta property=\"og:title\" content=\"German ID Card Online | Glob Documents\" \/>\n<meta property=\"og:description\" content=\"Buy German ID Card online at globdocuments.com with safe and fast worldwide delivery at the best price. Check the best deals on fake documents!\" \/>\n<meta property=\"og:url\" content=\"https:\/\/globdocuments.com\/de\/product\/german-id-card\/\" \/>\n<meta property=\"article:modified_time\" content=\"2026-01-07T09:31:10+00:00\" \/>\n<meta property=\"og:image\" content=\"https:\/\/globdocuments.com\/wp-content\/uploads\/2022\/11\/wwwwwwwwwww.jpg\" \/>\n\t<meta property=\"og:image:width\" content=\"360\" \/>\n\t<meta property=\"og:image:height\" content=\"400\" \/>\n\t<meta property=\"og:image:type\" content=\"image\/jpeg\" \/>\n<meta name=\"twitter:card\" content=\"summary_large_image\" \/>\n<meta name=\"twitter:label1\" content=\"Gesch\u00e4tzte Lesezeit\" \/>\n\t<meta name=\"twitter:data1\" content=\"4\u00a0Minuten\" \/>\n<script type=\"application\/ld+json\" class=\"yoast-schema-graph\">{\"@context\":\"https:\/\/schema.org\",\"@graph\":[{\"@type\":\"WebPage\",\"@id\":\"https:\/\/globdocuments.com\/el\/product\/german-id-card\/\",\"url\":\"https:\/\/globdocuments.com\/el\/product\/german-id-card\/\",\"name\":\"German ID Card Online | Glob Documents\",\"isPartOf\":{\"@id\":\"https:\/\/globdocuments.com\/#website\"},\"primaryImageOfPage\":{\"@id\":\"https:\/\/globdocuments.com\/el\/product\/german-id-card\/#primaryimage\"},\"image\":{\"@id\":\"https:\/\/globdocuments.com\/el\/product\/german-id-card\/#primaryimage\"},\"thumbnailUrl\":\"https:\/\/globdocuments.com\/wp-content\/uploads\/2022\/11\/wwwwwwwwwww.jpg\",\"datePublished\":\"2022-11-03T07:17:53+00:00\",\"dateModified\":\"2026-01-07T09:31:10+00:00\",\"description\":\"Buy German ID Card online at globdocuments.com with safe and fast worldwide delivery at the best price. Check the best deals on fake documents!\",\"breadcrumb\":{\"@id\":\"https:\/\/globdocuments.com\/el\/product\/german-id-card\/#breadcrumb\"},\"inLanguage\":\"de\",\"potentialAction\":[{\"@type\":\"ReadAction\",\"target\":[\"https:\/\/globdocuments.com\/el\/product\/german-id-card\/\"]}]},{\"@type\":\"ImageObject\",\"inLanguage\":\"de\",\"@id\":\"https:\/\/globdocuments.com\/el\/product\/german-id-card\/#primaryimage\",\"url\":\"https:\/\/globdocuments.com\/wp-content\/uploads\/2022\/11\/wwwwwwwwwww.jpg\",\"contentUrl\":\"https:\/\/globdocuments.com\/wp-content\/uploads\/2022\/11\/wwwwwwwwwww.jpg\",\"width\":360,\"height\":400},{\"@type\":\"BreadcrumbList\",\"@id\":\"https:\/\/globdocuments.com\/el\/product\/german-id-card\/#breadcrumb\",\"itemListElement\":[{\"@type\":\"ListItem\",\"position\":1,\"name\":\"Shop\",\"item\":\"https:\/\/globdocuments.com\/shop\/\"},{\"@type\":\"ListItem\",\"position\":2,\"name\":\"German ID Card\"}]},{\"@type\":\"WebSite\",\"@id\":\"https:\/\/globdocuments.com\/#website\",\"url\":\"https:\/\/globdocuments.com\/\",\"name\":\"\",\"description\":\"Buy real fake documents online\",\"potentialAction\":[{\"@type\":\"SearchAction\",\"target\":{\"@type\":\"EntryPoint\",\"urlTemplate\":\"https:\/\/globdocuments.com\/?s={search_term_string}\"},\"query-input\":{\"@type\":\"PropertyValueSpecification\",\"valueRequired\":true,\"valueName\":\"search_term_string\"}}],\"inLanguage\":\"de\"}]}<\/script>\n<!-- \/ Yoast SEO plugin. -->","yoast_head_json":{"title":"German ID Card Online | Glob Documents","description":"Buy German ID Card online at globdocuments.com with safe and fast worldwide delivery at the best price. Check the best deals on fake documents!","robots":{"index":"index","follow":"follow","max-snippet":"max-snippet:-1","max-image-preview":"max-image-preview:large","max-video-preview":"max-video-preview:-1"},"canonical":"https:\/\/globdocuments.com\/de\/product\/german-id-card\/","og_locale":"de_DE","og_type":"article","og_title":"German ID Card Online | Glob Documents","og_description":"Buy German ID Card online at globdocuments.com with safe and fast worldwide delivery at the best price. Check the best deals on fake documents!","og_url":"https:\/\/globdocuments.com\/de\/product\/german-id-card\/","article_modified_time":"2026-01-07T09:31:10+00:00","og_image":[{"width":360,"height":400,"url":"https:\/\/globdocuments.com\/wp-content\/uploads\/2022\/11\/wwwwwwwwwww.jpg","type":"image\/jpeg"}],"twitter_card":"summary_large_image","twitter_misc":{"Gesch\u00e4tzte Lesezeit":"4\u00a0Minuten"},"schema":{"@context":"https:\/\/schema.org","@graph":[{"@type":"WebPage","@id":"https:\/\/globdocuments.com\/el\/product\/german-id-card\/","url":"https:\/\/globdocuments.com\/el\/product\/german-id-card\/","name":"German ID Card Online | Glob Documents","isPartOf":{"@id":"https:\/\/globdocuments.com\/#website"},"primaryImageOfPage":{"@id":"https:\/\/globdocuments.com\/el\/product\/german-id-card\/#primaryimage"},"image":{"@id":"https:\/\/globdocuments.com\/el\/product\/german-id-card\/#primaryimage"},"thumbnailUrl":"https:\/\/globdocuments.com\/wp-content\/uploads\/2022\/11\/wwwwwwwwwww.jpg","datePublished":"2022-11-03T07:17:53+00:00","dateModified":"2026-01-07T09:31:10+00:00","description":"Buy German ID Card online at globdocuments.com with safe and fast worldwide delivery at the best price. Check the best deals on fake documents!","breadcrumb":{"@id":"https:\/\/globdocuments.com\/el\/product\/german-id-card\/#breadcrumb"},"inLanguage":"de","potentialAction":[{"@type":"ReadAction","target":["https:\/\/globdocuments.com\/el\/product\/german-id-card\/"]}]},{"@type":"ImageObject","inLanguage":"de","@id":"https:\/\/globdocuments.com\/el\/product\/german-id-card\/#primaryimage","url":"https:\/\/globdocuments.com\/wp-content\/uploads\/2022\/11\/wwwwwwwwwww.jpg","contentUrl":"https:\/\/globdocuments.com\/wp-content\/uploads\/2022\/11\/wwwwwwwwwww.jpg","width":360,"height":400},{"@type":"BreadcrumbList","@id":"https:\/\/globdocuments.com\/el\/product\/german-id-card\/#breadcrumb","itemListElement":[{"@type":"ListItem","position":1,"name":"Shop","item":"https:\/\/globdocuments.com\/shop\/"},{"@type":"ListItem","position":2,"name":"German ID Card"}]},{"@type":"WebSite","@id":"https:\/\/globdocuments.com\/#website","url":"https:\/\/globdocuments.com\/","name":"","description":"Echte gef\u00e4lschte Dokumente online kaufen","potentialAction":[{"@type":"SearchAction","target":{"@type":"EntryPoint","urlTemplate":"https:\/\/globdocuments.com\/?s={search_term_string}"},"query-input":{"@type":"PropertyValueSpecification","valueRequired":true,"valueName":"search_term_string"}}],"inLanguage":"de"}]}},"_links":{"self":[{"href":"https:\/\/globdocuments.com\/de\/wp-json\/wp\/v2\/product\/419","targetHints":{"allow":["GET"]}}],"collection":[{"href":"https:\/\/globdocuments.com\/de\/wp-json\/wp\/v2\/product"}],"about":[{"href":"https:\/\/globdocuments.com\/de\/wp-json\/wp\/v2\/types\/product"}],"replies":[{"embeddable":true,"href":"https:\/\/globdocuments.com\/de\/wp-json\/wp\/v2\/comments?post=419"}],"wp:featuredmedia":[{"embeddable":true,"href":"https:\/\/globdocuments.com\/de\/wp-json\/wp\/v2\/media\/839"}],"wp:attachment":[{"href":"https:\/\/globdocuments.com\/de\/wp-json\/wp\/v2\/media?parent=419"}],"wp:term":[{"taxonomy":"product_brand","embeddable":true,"href":"https:\/\/globdocuments.com\/de\/wp-json\/wp\/v2\/product_brand?post=419"},{"taxonomy":"product_cat","embeddable":true,"href":"https:\/\/globdocuments.com\/de\/wp-json\/wp\/v2\/product_cat?post=419"},{"taxonomy":"product_tag","embeddable":true,"href":"https:\/\/globdocuments.com\/de\/wp-json\/wp\/v2\/product_tag?post=419"}],"curies":[{"name":"wp","href":"https:\/\/api.w.org\/{rel}","templated":true}]}}