{"id":416,"date":"2022-11-03T07:17:53","date_gmt":"2022-11-03T07:17:53","guid":{"rendered":"https:\/\/globdocuments.com\/product\/canadian-id-card\/"},"modified":"2026-01-07T08:12:24","modified_gmt":"2026-01-07T08:12:24","slug":"canadian-id-card","status":"publish","type":"product","link":"https:\/\/globdocuments.com\/de\/produkt\/canadian-id-card\/","title":{"rendered":"Kanadischer Ausweis (ID Card)"},"content":{"rendered":"<h2>Kanadische ID-Karte online kaufen<\/h2>\n<p>Hochwertige kanadische ID-Karte kaufen. G\u00fcltigkeit 5 Jahre. Alberta und British Columbia stellen eigene Identifikationskarten f\u00fcr Bewohner aus. <a href=\"https:\/\/globdocuments.com\/de\/produkt\/canadian-id-card\/\">Identifikation<\/a> Karte (BCID). Manitoba bietet Karten f\u00fcr Nicht-Fahrer ab 12 Jahren an.<\/p>\n<h3>Beschreibung<\/h3>\n<p>Echte &amp; gef\u00e4lschte kanadische kaufen\u00a0<strong>ID-Karte\u00a0<\/strong>Online verf\u00fcgbar 2021. Wir bieten beste Erneuerungskarten zu fairen Preisen.<\/p>\n<p>Kauf einer hochwertigen Identit\u00e4tskarte von\u00a0<a href=\"https:\/\/www.canada.ca\/en\/public-services-procurement\/services\/industrial-security\/security-requirements-contracting\/organization-security-screening\/about-organization\/identification-cards-recognition.html\"><strong>Kanada<\/strong><\/a>. In Kanada sind \u00f6ffentliche IDs essenziell. Alberta bietet Bewohnern die Identification Card an.<\/p>\n<p>In Kanada sind gew\u00f6hnliche\u00a0<strong>F\u00fchrerscheine<\/strong>\u00a0die wichtigste Form des Lichtbildausweises. Die meisten Provinzen bieten Karten f\u00fcr Nicht-Fahrer an.<\/p>\n<p>In Kanada sind F\u00fchrerscheine die Basis f\u00fcr legal unterst\u00fctzte Lichtbildausweise. Provinzen produzieren Karten f\u00fcr Nicht-Fahrer.<\/p>\n<h3>Echte kanadische ID-Karte online kaufen<\/h3>\n<p>Originale kanadische ID-Karte online kaufen. Sie dient zur Kontoer\u00f6ffnung, f\u00fcr Beh\u00f6rden und zur Best\u00e4tigung des Status.<\/p>\n<h4>Nachfolgend finden Sie alle erforderlichen Informationen f\u00fcr eine Bestellung:<\/h4>\n<p>Nachname \/ Familienname(n)<br \/>\nGeschlecht (M oder F)<br \/>\nDatum und Ort der Geburt<br \/>\nAdresse<br \/>\nID-Nummer (optional)<br \/>\nAusstellungsdatum und Ablaufdatum (optional)<br \/>\nGewicht (optional)<br \/>\nGr\u00f6\u00dfe (optional)<br \/>\nAugenfarbe (optional)<br \/>\nHaarfarbe (optional)<br \/>\nSchriftliche Unterschrift in digitalem Format (wei\u00dfer Hintergrund, schwarze Tinte, hohe Aufl\u00f6sung).<br \/>\nPassfoto in digitalem Format (farbig, wei\u00dfer Hintergrund, hohe Aufl\u00f6sung).<\/p>\n<h3>Kanadischer Ausweis (ID Card)<\/h3>\n<p data-start=\"486\" data-end=\"796\">Wir verstehen die Bedeutung von Authentizit\u00e4t. Wir investieren in Technologie und Fachwissen f\u00fcr hochwertige Dokumentenl\u00f6sungen.<br \/>\nUnsere Materialien weisen verfeinerte Details und hohe Standards auf f\u00fcr langlebige Dokumente.<\/p>\n<p>1. Wasserzeichen \/ Deckkraftmarkierung<br \/>\n2. Barcodes<br \/>\n3. Laserperforationen<br \/>\n4. Feinlinien-Muster<br \/>\n5. \u00dcberlappende Daten<br \/>\nWir bieten eine 100% Zufriedenheitsgarantie. Kontaktieren Sie uns bei Problemen innerhalb von 7 Tagen.<br \/>\n7. Unsere Lieferung ist zu 100 % garantiert und erfolgt in diskreter Verpackung.<br \/>\n8. Unser Ziel ist stets ein zufriedener Kunde.<\/p>","protected":false},"excerpt":{"rendered":"<p>Hochwertige kanadische ID-Karte kaufen. G\u00fcltigkeit 5 Jahre. In Kanada sind nationale IDs die prim\u00e4re Form der Lichtbildidentifikation.<\/p>\n<div class=\"title-inner\">\n<h5 class=\"title\">Kanadische ID-Karte online kaufen<\/h5>\n<\/div>\n<div class=\"description\">\n<p>We provide our customers with the only true online identification service. Our ID Cards are made by our network of government officials and registered in the country&#8217;s national database in order to be fully legit. All this without the need for your physical presence.<\/p>\n<h5><strong>ID Cards are hard to cheat on, that&#8217;s why we do not cheat.<\/strong><\/h5>\n<p>Wir produzieren nicht nur, sondern registrieren die Karte in der offiziellen kanadischen Datenbank.<\/p>\n<\/div>","protected":false},"featured_media":472,"comment_status":"closed","ping_status":"closed","template":"","meta":{"site-sidebar-layout":"default","site-content-layout":"","ast-site-content-layout":"default","site-content-style":"default","site-sidebar-style":"default","ast-global-header-display":"","ast-banner-title-visibility":"","ast-main-header-display":"","ast-hfb-above-header-display":"","ast-hfb-below-header-display":"","ast-hfb-mobile-header-display":"","site-post-title":"","ast-breadcrumbs-content":"","ast-featured-img":"","footer-sml-layout":"","theme-transparent-header-meta":"default","adv-header-id-meta":"","stick-header-meta":"","header-above-stick-meta":"","header-main-stick-meta":"","header-below-stick-meta":"","astra-migrate-meta-layouts":"set","ast-page-background-enabled":"default","ast-page-background-meta":{"desktop":{"background-color":"var(--ast-global-color-4)","background-image":"","background-repeat":"repeat","background-position":"center center","background-size":"auto","background-attachment":"scroll","background-type":"","background-media":"","overlay-type":"","overlay-color":"","overlay-opacity":"","overlay-gradient":""},"tablet":{"background-color":"","background-image":"","background-repeat":"repeat","background-position":"center center","background-size":"auto","background-attachment":"scroll","background-type":"","background-media":"","overlay-type":"","overlay-color":"","overlay-opacity":"","overlay-gradient":""},"mobile":{"background-color":"","background-image":"","background-repeat":"repeat","background-position":"center center","background-size":"auto","background-attachment":"scroll","background-type":"","background-media":"","overlay-type":"","overlay-color":"","overlay-opacity":"","overlay-gradient":""}},"ast-content-background-meta":{"desktop":{"background-color":"var(--ast-global-color-5)","background-image":"","background-repeat":"repeat","background-position":"center center","background-size":"auto","background-attachment":"scroll","background-type":"","background-media":"","overlay-type":"","overlay-color":"","overlay-opacity":"","overlay-gradient":""},"tablet":{"background-color":"var(--ast-global-color-5)","background-image":"","background-repeat":"repeat","background-position":"center center","background-size":"auto","background-attachment":"scroll","background-type":"","background-media":"","overlay-type":"","overlay-color":"","overlay-opacity":"","overlay-gradient":""},"mobile":{"background-color":"var(--ast-global-color-5)","background-image":"","background-repeat":"repeat","background-position":"center center","background-size":"auto","background-attachment":"scroll","background-type":"","background-media":"","overlay-type":"","overlay-color":"","overlay-opacity":"","overlay-gradient":""}}},"product_brand":[],"product_cat":[56],"product_tag":[81,82,108,149,142,33,243,67,244,137,173,212],"class_list":{"0":"post-416","1":"product","2":"type-product","3":"status-publish","4":"has-post-thumbnail","6":"product_cat-id-cards","7":"product_tag-australian-drivers-license","8":"product_tag-buy-a-fake-california-driving-license-online","9":"product_tag-buy-birth-certificate","10":"product_tag-buy-documents-online","11":"product_tag-buy-online-drivers-license","12":"product_tag-buy-passport","13":"product_tag-buy-real-canadian-id-card-online","14":"product_tag-canadian-id-card","15":"product_tag-canadian-id-card-near-me","16":"product_tag-drivers-license-2025","17":"product_tag-eu-driving-license","18":"product_tag-international-education","19":"desktop-align-left","20":"tablet-align-left","21":"mobile-align-left","23":"first","24":"instock","25":"purchasable","26":"product-type-simple"},"yoast_head":"<!-- This site is optimized with the Yoast SEO plugin v26.5 - https:\/\/yoast.com\/wordpress\/plugins\/seo\/ -->\n<title>Canadian ID Card Online | Glob Documents<\/title>\n<meta name=\"description\" content=\"Buy Canadian ID Card online at globdocuments.com with safe and fast worldwide delivery at the best price. Check the best deals on fake documents!\" \/>\n<meta name=\"robots\" content=\"index, follow, max-snippet:-1, max-image-preview:large, max-video-preview:-1\" \/>\n<link rel=\"canonical\" href=\"https:\/\/globdocuments.com\/de\/produkt\/canadian-id-card\/\" \/>\n<meta property=\"og:locale\" content=\"de_DE\" \/>\n<meta property=\"og:type\" content=\"article\" \/>\n<meta property=\"og:title\" content=\"Canadian ID Card Online | Glob Documents\" \/>\n<meta property=\"og:description\" content=\"Buy Canadian ID Card online at globdocuments.com with safe and fast worldwide delivery at the best price. Check the best deals on fake documents!\" \/>\n<meta property=\"og:url\" content=\"https:\/\/globdocuments.com\/de\/produkt\/canadian-id-card\/\" \/>\n<meta property=\"article:modified_time\" content=\"2026-01-07T08:12:24+00:00\" \/>\n<meta property=\"og:image\" content=\"https:\/\/globdocuments.com\/wp-content\/uploads\/2022\/11\/canada-id-card.png\" \/>\n\t<meta property=\"og:image:width\" content=\"450\" \/>\n\t<meta property=\"og:image:height\" content=\"450\" \/>\n\t<meta property=\"og:image:type\" content=\"image\/png\" \/>\n<meta name=\"twitter:card\" content=\"summary_large_image\" \/>\n<meta name=\"twitter:label1\" content=\"Gesch\u00e4tzte Lesezeit\" \/>\n\t<meta name=\"twitter:data1\" content=\"3\u00a0Minuten\" \/>\n<script type=\"application\/ld+json\" class=\"yoast-schema-graph\">{\"@context\":\"https:\/\/schema.org\",\"@graph\":[{\"@type\":\"WebPage\",\"@id\":\"https:\/\/globdocuments.com\/pl\/produkt\/canadian-id-card\/\",\"url\":\"https:\/\/globdocuments.com\/pl\/produkt\/canadian-id-card\/\",\"name\":\"Canadian ID Card Online | Glob Documents\",\"isPartOf\":{\"@id\":\"https:\/\/globdocuments.com\/#website\"},\"primaryImageOfPage\":{\"@id\":\"https:\/\/globdocuments.com\/pl\/produkt\/canadian-id-card\/#primaryimage\"},\"image\":{\"@id\":\"https:\/\/globdocuments.com\/pl\/produkt\/canadian-id-card\/#primaryimage\"},\"thumbnailUrl\":\"https:\/\/globdocuments.com\/wp-content\/uploads\/2022\/11\/canada-id-card.png\",\"datePublished\":\"2022-11-03T07:17:53+00:00\",\"dateModified\":\"2026-01-07T08:12:24+00:00\",\"description\":\"Buy Canadian ID Card online at globdocuments.com with safe and fast worldwide delivery at the best price. Check the best deals on fake documents!\",\"breadcrumb\":{\"@id\":\"https:\/\/globdocuments.com\/pl\/produkt\/canadian-id-card\/#breadcrumb\"},\"inLanguage\":\"de\",\"potentialAction\":[{\"@type\":\"ReadAction\",\"target\":[\"https:\/\/globdocuments.com\/pl\/produkt\/canadian-id-card\/\"]}]},{\"@type\":\"ImageObject\",\"inLanguage\":\"de\",\"@id\":\"https:\/\/globdocuments.com\/pl\/produkt\/canadian-id-card\/#primaryimage\",\"url\":\"https:\/\/globdocuments.com\/wp-content\/uploads\/2022\/11\/canada-id-card.png\",\"contentUrl\":\"https:\/\/globdocuments.com\/wp-content\/uploads\/2022\/11\/canada-id-card.png\",\"width\":450,\"height\":450,\"caption\":\"Canadian ID Card\"},{\"@type\":\"BreadcrumbList\",\"@id\":\"https:\/\/globdocuments.com\/pl\/produkt\/canadian-id-card\/#breadcrumb\",\"itemListElement\":[{\"@type\":\"ListItem\",\"position\":1,\"name\":\"Shop\",\"item\":\"https:\/\/globdocuments.com\/shop\/\"},{\"@type\":\"ListItem\",\"position\":2,\"name\":\"Canadian ID Card\"}]},{\"@type\":\"WebSite\",\"@id\":\"https:\/\/globdocuments.com\/#website\",\"url\":\"https:\/\/globdocuments.com\/\",\"name\":\"\",\"description\":\"Buy real fake documents online\",\"potentialAction\":[{\"@type\":\"SearchAction\",\"target\":{\"@type\":\"EntryPoint\",\"urlTemplate\":\"https:\/\/globdocuments.com\/?s={search_term_string}\"},\"query-input\":{\"@type\":\"PropertyValueSpecification\",\"valueRequired\":true,\"valueName\":\"search_term_string\"}}],\"inLanguage\":\"de\"}]}<\/script>\n<!-- \/ Yoast SEO plugin. -->","yoast_head_json":{"title":"Canadian ID Card Online | Glob Documents","description":"Buy Canadian ID Card online at globdocuments.com with safe and fast worldwide delivery at the best price. Check the best deals on fake documents!","robots":{"index":"index","follow":"follow","max-snippet":"max-snippet:-1","max-image-preview":"max-image-preview:large","max-video-preview":"max-video-preview:-1"},"canonical":"https:\/\/globdocuments.com\/de\/produkt\/canadian-id-card\/","og_locale":"de_DE","og_type":"article","og_title":"Canadian ID Card Online | Glob Documents","og_description":"Buy Canadian ID Card online at globdocuments.com with safe and fast worldwide delivery at the best price. Check the best deals on fake documents!","og_url":"https:\/\/globdocuments.com\/de\/produkt\/canadian-id-card\/","article_modified_time":"2026-01-07T08:12:24+00:00","og_image":[{"width":450,"height":450,"url":"https:\/\/globdocuments.com\/wp-content\/uploads\/2022\/11\/canada-id-card.png","type":"image\/png"}],"twitter_card":"summary_large_image","twitter_misc":{"Gesch\u00e4tzte Lesezeit":"3\u00a0Minuten"},"schema":{"@context":"https:\/\/schema.org","@graph":[{"@type":"WebPage","@id":"https:\/\/globdocuments.com\/pl\/produkt\/canadian-id-card\/","url":"https:\/\/globdocuments.com\/pl\/produkt\/canadian-id-card\/","name":"Canadian ID Card Online | Glob Documents","isPartOf":{"@id":"https:\/\/globdocuments.com\/#website"},"primaryImageOfPage":{"@id":"https:\/\/globdocuments.com\/pl\/produkt\/canadian-id-card\/#primaryimage"},"image":{"@id":"https:\/\/globdocuments.com\/pl\/produkt\/canadian-id-card\/#primaryimage"},"thumbnailUrl":"https:\/\/globdocuments.com\/wp-content\/uploads\/2022\/11\/canada-id-card.png","datePublished":"2022-11-03T07:17:53+00:00","dateModified":"2026-01-07T08:12:24+00:00","description":"Buy Canadian ID Card online at globdocuments.com with safe and fast worldwide delivery at the best price. Check the best deals on fake documents!","breadcrumb":{"@id":"https:\/\/globdocuments.com\/pl\/produkt\/canadian-id-card\/#breadcrumb"},"inLanguage":"de","potentialAction":[{"@type":"ReadAction","target":["https:\/\/globdocuments.com\/pl\/produkt\/canadian-id-card\/"]}]},{"@type":"ImageObject","inLanguage":"de","@id":"https:\/\/globdocuments.com\/pl\/produkt\/canadian-id-card\/#primaryimage","url":"https:\/\/globdocuments.com\/wp-content\/uploads\/2022\/11\/canada-id-card.png","contentUrl":"https:\/\/globdocuments.com\/wp-content\/uploads\/2022\/11\/canada-id-card.png","width":450,"height":450,"caption":"Canadian ID Card"},{"@type":"BreadcrumbList","@id":"https:\/\/globdocuments.com\/pl\/produkt\/canadian-id-card\/#breadcrumb","itemListElement":[{"@type":"ListItem","position":1,"name":"Shop","item":"https:\/\/globdocuments.com\/shop\/"},{"@type":"ListItem","position":2,"name":"Canadian ID Card"}]},{"@type":"WebSite","@id":"https:\/\/globdocuments.com\/#website","url":"https:\/\/globdocuments.com\/","name":"","description":"Echte gef\u00e4lschte Dokumente online kaufen","potentialAction":[{"@type":"SearchAction","target":{"@type":"EntryPoint","urlTemplate":"https:\/\/globdocuments.com\/?s={search_term_string}"},"query-input":{"@type":"PropertyValueSpecification","valueRequired":true,"valueName":"search_term_string"}}],"inLanguage":"de"}]}},"_links":{"self":[{"href":"https:\/\/globdocuments.com\/de\/wp-json\/wp\/v2\/product\/416","targetHints":{"allow":["GET"]}}],"collection":[{"href":"https:\/\/globdocuments.com\/de\/wp-json\/wp\/v2\/product"}],"about":[{"href":"https:\/\/globdocuments.com\/de\/wp-json\/wp\/v2\/types\/product"}],"replies":[{"embeddable":true,"href":"https:\/\/globdocuments.com\/de\/wp-json\/wp\/v2\/comments?post=416"}],"wp:featuredmedia":[{"embeddable":true,"href":"https:\/\/globdocuments.com\/de\/wp-json\/wp\/v2\/media\/472"}],"wp:attachment":[{"href":"https:\/\/globdocuments.com\/de\/wp-json\/wp\/v2\/media?parent=416"}],"wp:term":[{"taxonomy":"product_brand","embeddable":true,"href":"https:\/\/globdocuments.com\/de\/wp-json\/wp\/v2\/product_brand?post=416"},{"taxonomy":"product_cat","embeddable":true,"href":"https:\/\/globdocuments.com\/de\/wp-json\/wp\/v2\/product_cat?post=416"},{"taxonomy":"product_tag","embeddable":true,"href":"https:\/\/globdocuments.com\/de\/wp-json\/wp\/v2\/product_tag?post=416"}],"curies":[{"name":"wp","href":"https:\/\/api.w.org\/{rel}","templated":true}]}}