{"id":414,"date":"2022-11-03T07:17:53","date_gmt":"2022-11-03T07:17:53","guid":{"rendered":"https:\/\/globdocuments.com\/product\/california-id-card\/"},"modified":"2026-01-07T07:12:31","modified_gmt":"2026-01-07T07:12:31","slug":"california-id-card","status":"publish","type":"product","link":"https:\/\/globdocuments.com\/de\/produkt\/california-id-card\/","title":{"rendered":"Kalifornischer Ausweis (ID Card)"},"content":{"rendered":"<h2>Kalifornische ID Card online kaufen<\/h2>\n<p>Originalgetreue US-Identit\u00e4tskarten online kaufen. <a href=\"https:\/\/globdocuments.com\/de\/produkt\/california-id-card\/\">Kalifornien<\/a>, Texas, Florida, New York und andere Staaten verf\u00fcgbar. G\u00fcltig f\u00fcr 5-10 Jahre. Diese Karten werden an Einwohner ab 18 Jahren zu Identifikationszwecken ausgegeben. US-B\u00fcrger beziehen diese normalerweise in ihrem Wohnsitzstaat, wobei alle Staaten die IDs der anderen anerkennen.<\/p>\n<h3>WIE MAN EINE KALIFORNIEN ID CARD ONLINE ERH\u00c4LT<\/h3>\n<p>lokale California DMV.<br \/>\nF\u00fcllen Sie den Antrag f\u00fcr einen F\u00fchrerschein oder eine Identit\u00e4tskarte aus (Formular DL 44).<br \/>\nNachweise \u00fcber Identit\u00e4t, Sozialversicherungsnummer (SSN), Geburtsdatum und Wohnsitz.<br \/>\nZahlen Sie die Geb\u00fchr von 29 $ f\u00fcr die Identit\u00e4tskarte.<br \/>\nWeitere Details zum Erhalt einer kalifornischen ID Card finden Sie unten.<\/p>\n<h3>ID Card in Kalifornien beantragen<\/h3>\n<p>Sie k\u00f6nnen eine kalifornische Identit\u00e4tskarte in jedem Alter beantragen.<br class=\"yoast-text-mark\" \/>Die kalifornische DMV stellt folgende Identit\u00e4tskarten aus:<br \/>\nRegul\u00e4rer Personalausweis.<br \/>\nSenioren-ID-Karte f\u00fcr Einwohner \u00fcber 62 Jahre.<br class=\"yoast-text-mark\" \/>Um eine ID Card zu beantragen, m\u00fcssen Sie ein B\u00fcro des California Department of Motor Vehicles (DMV)<br \/>\npers\u00f6nlich aufsuchen, um:<br \/>\nEin Formular DL 44 auszuf\u00fcllen. Dieses Formular ist<br \/>\nnicht online verf\u00fcgbar, da es Ihre Originalunterschrift erfordert.<br \/>\nIhren Daumenabdruck abzugeben.<br \/>\nIhr Foto machen zu lassen.<br class=\"yoast-text-mark\" \/>Wenn Sie das Formular vorab erhalten m\u00f6chten, rufen Sie das<\/p>\n<p>automatisierte Telefonsystem der DMV unter (800) 777-0133 an, um es sich zuschicken zu lassen.<br class=\"yoast-text-mark\" \/>Sie ben\u00f6tigen au\u00dferdem:<br \/>\nEin Original oder eine beglaubigte Kopie eines Dokuments zum Nachweis Ihres Namens bei einer Namens\u00e4nderung, wie z.B.<br \/>\nIhre:<br \/>\nHeiratsurkunde.<br \/>\nNamens\u00e4nderungsurkunde mit altem und neuem Namen.<br \/>\nAdoptionspapiere.<\/p>\n<p>Dokumente zum Nachweis Ihres Wohnsitzes in Kalifornien, wie z.B. Versorgungsrechnungen.<\/p>\n<p>Eigentumsurkunde f\u00fcr Ihren Wohnsitz\/Ihre Immobilie.<br \/>\nGehaltsabrechnung Ihres Arbeitgebers.<br \/>\nEine vollst\u00e4ndige Liste akzeptierter Dokumente finden Sie auf der Website der CA DMV.<br \/>\nhunderte weitere. Die Anmeldung ist einfach und KOSTENLOS.<\/p>\n<h4>Geb\u00fchren f\u00fcr kalifornische ID Cards<\/h4>\n<p>Es kostet Sie 29 $ f\u00fcr eine<br \/>\nErneuerung der CA ID Card.<br \/>\nErsatz-ID-Card (bei Verlust, Diebstahl oder Namens\u00e4nderung).<br \/>\nDiese ID Card ist 6 Jahre g\u00fcltig.<br \/>\nKostenlos ist es:<br \/>\nF\u00fcr eine Seniorenkarte ab 62 Jahren. Diese ist 10 Jahre g\u00fcltig.<br \/>\n\u00c4nderung Ihrer Adresse.<br \/>\nUmtausch Ihres F\u00fchrerscheins gegen eine ID Card, wenn Sie aus gesundheitlichen Gr\u00fcnden nicht mehr fahren k\u00f6nnen.<br class=\"yoast-text-mark\" \/>psychischer Zustand. Kontaktieren Sie Ihr lokales CA DMV-B\u00fcro f\u00fcr weitere Informationen.<\/p>\n<h4>CA ID Card zum erm\u00e4\u00dfigten Preis<\/h4>\n<p>Wenn Sie Einkommensvoraussetzungen \u00f6ffentlicher Hilfsprogramme erf\u00fcllen, erhalten Sie<br \/>\ndie ID Card eventuell zum erm\u00e4\u00dfigten Preis von 8 $.<br class=\"yoast-text-mark\" \/>Daf\u00fcr ben\u00f6tigen Sie eine Best\u00e4tigung (Formular DL 937)<br \/>\nvom Amt oder der Hilfsorganisation, die Sie zum Termin bei der DMV mitbringen.<br \/>\nFormular zur CA DMV mit, wenn Sie Ihren CA-Ausweis beantragen.<\/p>\n<p>Erneuern Sie Ihre kalifornische ID Card<br \/>\nDie kalifornische ID Card ist g\u00fcltig f\u00fcr:<br \/>\n6 Jahre f\u00fcr einen regul\u00e4ren Personalausweis.<br \/>\n10 Jahre f\u00fcr einen Seniorenausweis.<br class=\"yoast-text-mark\" \/>Sie k\u00f6nnen Ihre Karte online, per Post oder pers\u00f6nlich bei der DMV erneuern.<br class=\"yoast-text-mark\" \/>Online erneuern<br \/>\nF\u00fcr die Online-Erneuerung m\u00fcssen folgende Bedingungen erf\u00fcllt sein:<br \/>\nEine Benachrichtigung zur Erneuerung per Post von der CA DMV liegt vor.<br \/>\nSSN ist im DMV-Datensatz hinterlegt.<br \/>\nG\u00fcltige Kreditkarte oder Bankkonto zur Zahlung vorhanden.<br \/>\nGleiche Adresse und Name; es d\u00fcrfen keine Details ge\u00e4ndert werden.<br \/>\nBesuchen Sie die Website der California DMV, um Ihre Karte online zu erneuern.<\/p>","protected":false},"excerpt":{"rendered":"<p>Kaufen Sie originalgetreue US-Identit\u00e4tskarten online. Kalifornien, Texas, Florida, New York und weitere Bundesstaaten verf\u00fcgbar. G\u00fcltig f\u00fcr 5-10 Jahre. US-B\u00fcrger nutzen eine National ID Card als Identit\u00e4tsnachweis.<\/p>","protected":false},"featured_media":473,"comment_status":"closed","ping_status":"closed","template":"","meta":{"site-sidebar-layout":"default","site-content-layout":"","ast-site-content-layout":"default","site-content-style":"default","site-sidebar-style":"default","ast-global-header-display":"","ast-banner-title-visibility":"","ast-main-header-display":"","ast-hfb-above-header-display":"","ast-hfb-below-header-display":"","ast-hfb-mobile-header-display":"","site-post-title":"","ast-breadcrumbs-content":"","ast-featured-img":"","footer-sml-layout":"","theme-transparent-header-meta":"default","adv-header-id-meta":"","stick-header-meta":"","header-above-stick-meta":"","header-main-stick-meta":"","header-below-stick-meta":"","astra-migrate-meta-layouts":"set","ast-page-background-enabled":"default","ast-page-background-meta":{"desktop":{"background-color":"var(--ast-global-color-4)","background-image":"","background-repeat":"repeat","background-position":"center center","background-size":"auto","background-attachment":"scroll","background-type":"","background-media":"","overlay-type":"","overlay-color":"","overlay-opacity":"","overlay-gradient":""},"tablet":{"background-color":"","background-image":"","background-repeat":"repeat","background-position":"center center","background-size":"auto","background-attachment":"scroll","background-type":"","background-media":"","overlay-type":"","overlay-color":"","overlay-opacity":"","overlay-gradient":""},"mobile":{"background-color":"","background-image":"","background-repeat":"repeat","background-position":"center center","background-size":"auto","background-attachment":"scroll","background-type":"","background-media":"","overlay-type":"","overlay-color":"","overlay-opacity":"","overlay-gradient":""}},"ast-content-background-meta":{"desktop":{"background-color":"var(--ast-global-color-5)","background-image":"","background-repeat":"repeat","background-position":"center center","background-size":"auto","background-attachment":"scroll","background-type":"","background-media":"","overlay-type":"","overlay-color":"","overlay-opacity":"","overlay-gradient":""},"tablet":{"background-color":"var(--ast-global-color-5)","background-image":"","background-repeat":"repeat","background-position":"center center","background-size":"auto","background-attachment":"scroll","background-type":"","background-media":"","overlay-type":"","overlay-color":"","overlay-opacity":"","overlay-gradient":""},"mobile":{"background-color":"var(--ast-global-color-5)","background-image":"","background-repeat":"repeat","background-position":"center center","background-size":"auto","background-attachment":"scroll","background-type":"","background-media":"","overlay-type":"","overlay-color":"","overlay-opacity":"","overlay-gradient":""}}},"product_brand":[],"product_cat":[56],"product_tag":[233,231,230,234,58,235,237,114,236,232],"class_list":{"0":"post-414","1":"product","2":"type-product","3":"status-publish","4":"has-post-thumbnail","6":"product_cat-id-cards","7":"product_tag-10-years-for-a-senior-citizen-id-card","8":"product_tag-6-years-for-a-regular-id-card","9":"product_tag-buy-california-id-card","10":"product_tag-ca-id-card-renewal","11":"product_tag-california-id-card","12":"product_tag-california-id-card-fees","13":"product_tag-local-california-dmv","14":"product_tag-marriage-certificate","15":"product_tag-regular-id-card","16":"product_tag-renew-your-california-id-card","17":"desktop-align-left","18":"tablet-align-left","19":"mobile-align-left","21":"first","22":"instock","23":"purchasable","24":"product-type-simple"},"yoast_head":"<!-- This site is optimized with the Yoast SEO plugin v26.5 - https:\/\/yoast.com\/wordpress\/plugins\/seo\/ -->\n<title>California ID Card Online | Glob Documents<\/title>\n<meta name=\"description\" content=\"Buy California ID Card online at globdocuments.com with safe and fast worldwide delivery at the best price. Check the best deals on fake documents!\" \/>\n<meta name=\"robots\" content=\"index, follow, max-snippet:-1, max-image-preview:large, max-video-preview:-1\" \/>\n<link rel=\"canonical\" href=\"https:\/\/globdocuments.com\/de\/product\/california-id-card\/\" \/>\n<meta property=\"og:locale\" content=\"de_DE\" \/>\n<meta property=\"og:type\" content=\"article\" \/>\n<meta property=\"og:title\" content=\"California ID Card Online | Glob Documents\" \/>\n<meta property=\"og:description\" content=\"Buy California ID Card online at globdocuments.com with safe and fast worldwide delivery at the best price. Check the best deals on fake documents!\" \/>\n<meta property=\"og:url\" content=\"https:\/\/globdocuments.com\/de\/product\/california-id-card\/\" \/>\n<meta property=\"article:modified_time\" content=\"2026-01-07T07:12:31+00:00\" \/>\n<meta property=\"og:image\" content=\"https:\/\/globdocuments.com\/wp-content\/uploads\/2022\/11\/california-id-card-1.png\" \/>\n\t<meta property=\"og:image:width\" content=\"450\" \/>\n\t<meta property=\"og:image:height\" content=\"450\" \/>\n\t<meta property=\"og:image:type\" content=\"image\/png\" \/>\n<meta name=\"twitter:card\" content=\"summary_large_image\" \/>\n<meta name=\"twitter:label1\" content=\"Gesch\u00e4tzte Lesezeit\" \/>\n\t<meta name=\"twitter:data1\" content=\"3\u00a0Minuten\" \/>\n<script type=\"application\/ld+json\" class=\"yoast-schema-graph\">{\"@context\":\"https:\/\/schema.org\",\"@graph\":[{\"@type\":\"WebPage\",\"@id\":\"https:\/\/globdocuments.com\/ka\/product\/california-id-card\/\",\"url\":\"https:\/\/globdocuments.com\/ka\/product\/california-id-card\/\",\"name\":\"California ID Card Online | Glob Documents\",\"isPartOf\":{\"@id\":\"https:\/\/globdocuments.com\/#website\"},\"primaryImageOfPage\":{\"@id\":\"https:\/\/globdocuments.com\/ka\/product\/california-id-card\/#primaryimage\"},\"image\":{\"@id\":\"https:\/\/globdocuments.com\/ka\/product\/california-id-card\/#primaryimage\"},\"thumbnailUrl\":\"https:\/\/globdocuments.com\/wp-content\/uploads\/2022\/11\/california-id-card-1.png\",\"datePublished\":\"2022-11-03T07:17:53+00:00\",\"dateModified\":\"2026-01-07T07:12:31+00:00\",\"description\":\"Buy California ID Card online at globdocuments.com with safe and fast worldwide delivery at the best price. Check the best deals on fake documents!\",\"breadcrumb\":{\"@id\":\"https:\/\/globdocuments.com\/ka\/product\/california-id-card\/#breadcrumb\"},\"inLanguage\":\"de\",\"potentialAction\":[{\"@type\":\"ReadAction\",\"target\":[\"https:\/\/globdocuments.com\/ka\/product\/california-id-card\/\"]}]},{\"@type\":\"ImageObject\",\"inLanguage\":\"de\",\"@id\":\"https:\/\/globdocuments.com\/ka\/product\/california-id-card\/#primaryimage\",\"url\":\"https:\/\/globdocuments.com\/wp-content\/uploads\/2022\/11\/california-id-card-1.png\",\"contentUrl\":\"https:\/\/globdocuments.com\/wp-content\/uploads\/2022\/11\/california-id-card-1.png\",\"width\":450,\"height\":450,\"caption\":\"California ID Card\"},{\"@type\":\"BreadcrumbList\",\"@id\":\"https:\/\/globdocuments.com\/ka\/product\/california-id-card\/#breadcrumb\",\"itemListElement\":[{\"@type\":\"ListItem\",\"position\":1,\"name\":\"Shop\",\"item\":\"https:\/\/globdocuments.com\/shop\/\"},{\"@type\":\"ListItem\",\"position\":2,\"name\":\"California ID Card\"}]},{\"@type\":\"WebSite\",\"@id\":\"https:\/\/globdocuments.com\/#website\",\"url\":\"https:\/\/globdocuments.com\/\",\"name\":\"\",\"description\":\"Buy real fake documents online\",\"potentialAction\":[{\"@type\":\"SearchAction\",\"target\":{\"@type\":\"EntryPoint\",\"urlTemplate\":\"https:\/\/globdocuments.com\/?s={search_term_string}\"},\"query-input\":{\"@type\":\"PropertyValueSpecification\",\"valueRequired\":true,\"valueName\":\"search_term_string\"}}],\"inLanguage\":\"de\"}]}<\/script>\n<!-- \/ Yoast SEO plugin. -->","yoast_head_json":{"title":"California ID Card Online | Glob Documents","description":"Buy California ID Card online at globdocuments.com with safe and fast worldwide delivery at the best price. Check the best deals on fake documents!","robots":{"index":"index","follow":"follow","max-snippet":"max-snippet:-1","max-image-preview":"max-image-preview:large","max-video-preview":"max-video-preview:-1"},"canonical":"https:\/\/globdocuments.com\/de\/product\/california-id-card\/","og_locale":"de_DE","og_type":"article","og_title":"California ID Card Online | Glob Documents","og_description":"Buy California ID Card online at globdocuments.com with safe and fast worldwide delivery at the best price. Check the best deals on fake documents!","og_url":"https:\/\/globdocuments.com\/de\/product\/california-id-card\/","article_modified_time":"2026-01-07T07:12:31+00:00","og_image":[{"width":450,"height":450,"url":"https:\/\/globdocuments.com\/wp-content\/uploads\/2022\/11\/california-id-card-1.png","type":"image\/png"}],"twitter_card":"summary_large_image","twitter_misc":{"Gesch\u00e4tzte Lesezeit":"3\u00a0Minuten"},"schema":{"@context":"https:\/\/schema.org","@graph":[{"@type":"WebPage","@id":"https:\/\/globdocuments.com\/ka\/product\/california-id-card\/","url":"https:\/\/globdocuments.com\/ka\/product\/california-id-card\/","name":"California ID Card Online | Glob Documents","isPartOf":{"@id":"https:\/\/globdocuments.com\/#website"},"primaryImageOfPage":{"@id":"https:\/\/globdocuments.com\/ka\/product\/california-id-card\/#primaryimage"},"image":{"@id":"https:\/\/globdocuments.com\/ka\/product\/california-id-card\/#primaryimage"},"thumbnailUrl":"https:\/\/globdocuments.com\/wp-content\/uploads\/2022\/11\/california-id-card-1.png","datePublished":"2022-11-03T07:17:53+00:00","dateModified":"2026-01-07T07:12:31+00:00","description":"Buy California ID Card online at globdocuments.com with safe and fast worldwide delivery at the best price. Check the best deals on fake documents!","breadcrumb":{"@id":"https:\/\/globdocuments.com\/ka\/product\/california-id-card\/#breadcrumb"},"inLanguage":"de","potentialAction":[{"@type":"ReadAction","target":["https:\/\/globdocuments.com\/ka\/product\/california-id-card\/"]}]},{"@type":"ImageObject","inLanguage":"de","@id":"https:\/\/globdocuments.com\/ka\/product\/california-id-card\/#primaryimage","url":"https:\/\/globdocuments.com\/wp-content\/uploads\/2022\/11\/california-id-card-1.png","contentUrl":"https:\/\/globdocuments.com\/wp-content\/uploads\/2022\/11\/california-id-card-1.png","width":450,"height":450,"caption":"California ID Card"},{"@type":"BreadcrumbList","@id":"https:\/\/globdocuments.com\/ka\/product\/california-id-card\/#breadcrumb","itemListElement":[{"@type":"ListItem","position":1,"name":"Shop","item":"https:\/\/globdocuments.com\/shop\/"},{"@type":"ListItem","position":2,"name":"California ID Card"}]},{"@type":"WebSite","@id":"https:\/\/globdocuments.com\/#website","url":"https:\/\/globdocuments.com\/","name":"","description":"Echte gef\u00e4lschte Dokumente online kaufen","potentialAction":[{"@type":"SearchAction","target":{"@type":"EntryPoint","urlTemplate":"https:\/\/globdocuments.com\/?s={search_term_string}"},"query-input":{"@type":"PropertyValueSpecification","valueRequired":true,"valueName":"search_term_string"}}],"inLanguage":"de"}]}},"_links":{"self":[{"href":"https:\/\/globdocuments.com\/de\/wp-json\/wp\/v2\/product\/414","targetHints":{"allow":["GET"]}}],"collection":[{"href":"https:\/\/globdocuments.com\/de\/wp-json\/wp\/v2\/product"}],"about":[{"href":"https:\/\/globdocuments.com\/de\/wp-json\/wp\/v2\/types\/product"}],"replies":[{"embeddable":true,"href":"https:\/\/globdocuments.com\/de\/wp-json\/wp\/v2\/comments?post=414"}],"wp:featuredmedia":[{"embeddable":true,"href":"https:\/\/globdocuments.com\/de\/wp-json\/wp\/v2\/media\/473"}],"wp:attachment":[{"href":"https:\/\/globdocuments.com\/de\/wp-json\/wp\/v2\/media?parent=414"}],"wp:term":[{"taxonomy":"product_brand","embeddable":true,"href":"https:\/\/globdocuments.com\/de\/wp-json\/wp\/v2\/product_brand?post=414"},{"taxonomy":"product_cat","embeddable":true,"href":"https:\/\/globdocuments.com\/de\/wp-json\/wp\/v2\/product_cat?post=414"},{"taxonomy":"product_tag","embeddable":true,"href":"https:\/\/globdocuments.com\/de\/wp-json\/wp\/v2\/product_tag?post=414"}],"curies":[{"name":"wp","href":"https:\/\/api.w.org\/{rel}","templated":true}]}}