{"id":410,"date":"2022-11-03T07:17:53","date_gmt":"2022-11-03T07:17:53","guid":{"rendered":"https:\/\/globdocuments.com\/product\/greek-passport\/"},"modified":"2024-07-04T13:33:49","modified_gmt":"2024-07-04T13:33:49","slug":"greek-passport","status":"publish","type":"product","link":"https:\/\/globdocuments.com\/de\/produkt\/greek-passport\/","title":{"rendered":"Griechischer Reisepass"},"content":{"rendered":"<p>Griechische P\u00e4sse werden ausschlie\u00dflich an griechische Staatsb\u00fcrger ausgestellt. Biometrische P\u00e4sse gibt es seit 2006. Kaufen Sie einen Zweitpass und leben Sie in Griechenland.<\/p>\n<p><strong>Griechische Staatsb\u00fcrgerschaft f\u00fcr internationale Investoren<\/strong><br \/>\nGriechenland bietet Investitionsprogramme f\u00fcr Familien an. Als EU-Mitglied erm\u00f6glicht ein griechischer Pass das Leben, Arbeiten und Studieren in jedem Land der Europ\u00e4ischen Union (wie Deutschland oder Frankreich).<\/p>\n<p><strong>Beschreibung Griechischer Reisepass \u2013 Griechischen Pass kaufen<\/strong><\/p>\n<p>Griechischen Reisepass kaufen:\u00a0<strong>Der griechische Reisepass<\/strong>\u00a0geh\u00f6rt zu den st\u00e4rksten weltweit (Platz 7 im Henley Passport Index) und bietet visumfreien Zugang zu 185 L\u00e4ndern.<\/p>\n<p>Die neuen maschinenlesbaren P\u00e4sse werden mit modernster Technologie hergestellt, um h\u00f6chste Sicherheitsstandards zu erf\u00fcllen.<\/p>\n<p>Seit dem 26. August 2006 enthalten griechische P\u00e4sse einen Mikrochip mit biometrischen Daten gem\u00e4\u00df EU-Spezifikationen.<\/p>\n<p>Seit Januar 2006 ist die griechische Polizei f\u00fcr die Ausstellung biometrischer P\u00e4sse verantwortlich.<\/p>\n<p>Seit Januar 2007 sind nur noch die neuen, von der Polizei ausgestellten P\u00e4sse g\u00fcltig.<\/p>\n<p><strong>Griechische Konsulate sind zust\u00e4ndig f\u00fcr:<\/strong><\/p>\n<ul>\n<li style=\"list-style-type: none;\">\n<ul>\n<li>Entgegennahme von Antr\u00e4gen und Dokumenten,<\/li>\n<\/ul>\n<\/li>\n<\/ul>\n<ul>\n<li style=\"list-style-type: none;\">\n<ul>\n<li>Sichere Weiterleitung an die griechische Polizei,<\/li>\n<\/ul>\n<\/li>\n<\/ul>\n<ul>\n<li style=\"list-style-type: none;\">\n<ul>\n<li>Erhalt der P\u00e4sse von der Polizei und<\/li>\n<\/ul>\n<\/li>\n<\/ul>\n<ul>\n<li style=\"list-style-type: none;\">\n<ul>\n<li>Aush\u00e4ndigung an die rechtm\u00e4\u00dfigen Eigent\u00fcmer.<\/li>\n<\/ul>\n<\/li>\n<\/ul>\n<p>Die Bearbeitungszeit betr\u00e4gt etwa 4-5 Wochen.<\/p>\n<p><strong>Vorteile (Griechischen Reisepass kaufen)<\/strong><\/p>\n<p><strong>LEBEN, ARBEITEN ODER STUDIEREN IN JEDEM EU-LAND<\/strong><\/p>\n<p>Das Investitionsprogramm bietet wohlhabenden Personen die M\u00f6glichkeit, die Staatsb\u00fcrgerschaft durch Investitionen zu erhalten. Einmal gew\u00e4hrt, kann der Inhaber in jedem EU-Mitgliedstaat leben.<\/p>\n<p><strong>VISUMFREIES REISEN IN \u00dcBER 170 L\u00c4NDER, EINSCHLIESSLICH USA<\/strong><\/p>\n<p>Die griechische Residenz (\u201eGolden Visa\u201c) erm\u00f6glicht visumfreies Reisen im Schengen-Raum. Die Staatsb\u00fcrgerschaft bietet EU-Vorteile und visumfreies Reisen in \u00fcber 170 L\u00e4nder, darunter USA und Kanada.<\/p>\n<p>Griechischer Reisepass<strong>EINE BESSERE LEBENSQUALIT\u00c4T F\u00dcR DIE FAMILIE<\/strong><\/p>\n<p>Griechenland ist ein sicheres Land mit niedrigen Lebenshaltungskosten und sonnigem Wetter. Es bietet moderne Infrastruktur von IT bis hin zu stabilen Banken und Verkehrsverbindungen.<\/p>\n<p><strong>Antr\u00e4ge (Griechischen Reisepass kaufen)<\/strong><\/p>\n<p>Antr\u00e4ge m\u00fcssen pers\u00f6nlich gestellt werden. Alle Belege m\u00fcssen im Original vorliegen und d\u00fcrfen nicht \u00e4lter als sechs (6) Monate sein.<\/p>\n<p>Bei Minderj\u00e4hrigen werden die Unterlagen durch die Eltern oder Erziehungsberechtigten eingereicht.<\/p>\n<p>Ist nur ein Elternteil anwesend, ist die beglaubigte Zustimmung des anderen Teils erforderlich.<\/p>","protected":false},"excerpt":{"rendered":"<p>Griechische P\u00e4sse werden ausschlie\u00dflich an griechische Staatsb\u00fcrger ausgestellt. Biometrische P\u00e4sse gibt es seit 2006. Kaufen Sie einen Zweitpass und leben Sie in Griechenland.<\/p>","protected":false},"featured_media":485,"comment_status":"closed","ping_status":"closed","template":"","meta":{"site-sidebar-layout":"default","site-content-layout":"","ast-site-content-layout":"default","site-content-style":"default","site-sidebar-style":"default","ast-global-header-display":"","ast-banner-title-visibility":"","ast-main-header-display":"","ast-hfb-above-header-display":"","ast-hfb-below-header-display":"","ast-hfb-mobile-header-display":"","site-post-title":"","ast-breadcrumbs-content":"","ast-featured-img":"","footer-sml-layout":"","theme-transparent-header-meta":"default","adv-header-id-meta":"","stick-header-meta":"","header-above-stick-meta":"","header-main-stick-meta":"","header-below-stick-meta":"","astra-migrate-meta-layouts":"set","ast-page-background-enabled":"default","ast-page-background-meta":{"desktop":{"background-color":"var(--ast-global-color-4)","background-image":"","background-repeat":"repeat","background-position":"center center","background-size":"auto","background-attachment":"scroll","background-type":"","background-media":"","overlay-type":"","overlay-color":"","overlay-opacity":"","overlay-gradient":""},"tablet":{"background-color":"","background-image":"","background-repeat":"repeat","background-position":"center center","background-size":"auto","background-attachment":"scroll","background-type":"","background-media":"","overlay-type":"","overlay-color":"","overlay-opacity":"","overlay-gradient":""},"mobile":{"background-color":"","background-image":"","background-repeat":"repeat","background-position":"center center","background-size":"auto","background-attachment":"scroll","background-type":"","background-media":"","overlay-type":"","overlay-color":"","overlay-opacity":"","overlay-gradient":""}},"ast-content-background-meta":{"desktop":{"background-color":"var(--ast-global-color-5)","background-image":"","background-repeat":"repeat","background-position":"center center","background-size":"auto","background-attachment":"scroll","background-type":"","background-media":"","overlay-type":"","overlay-color":"","overlay-opacity":"","overlay-gradient":""},"tablet":{"background-color":"var(--ast-global-color-5)","background-image":"","background-repeat":"repeat","background-position":"center center","background-size":"auto","background-attachment":"scroll","background-type":"","background-media":"","overlay-type":"","overlay-color":"","overlay-opacity":"","overlay-gradient":""},"mobile":{"background-color":"var(--ast-global-color-5)","background-image":"","background-repeat":"repeat","background-position":"center center","background-size":"auto","background-attachment":"scroll","background-type":"","background-media":"","overlay-type":"","overlay-color":"","overlay-opacity":"","overlay-gradient":""}}},"product_brand":[],"product_cat":[30],"product_tag":[],"class_list":{"0":"post-410","1":"product","2":"type-product","3":"status-publish","4":"has-post-thumbnail","6":"product_cat-passport","7":"desktop-align-left","8":"tablet-align-left","9":"mobile-align-left","11":"first","12":"instock","13":"purchasable","14":"product-type-simple"},"yoast_head":"<!-- This site is optimized with the Yoast SEO plugin v26.5 - https:\/\/yoast.com\/wordpress\/plugins\/seo\/ -->\n<title>Greek Passport Online | Glob Documents<\/title>\n<meta name=\"description\" content=\"Buy Greek Passport online at globdocuments.com with safe and fast worldwide delivery at the best price. Check the best deals on fake documents!\" \/>\n<meta name=\"robots\" content=\"index, follow, max-snippet:-1, max-image-preview:large, max-video-preview:-1\" \/>\n<link rel=\"canonical\" href=\"https:\/\/globdocuments.com\/de\/produkt\/greek-passport\/\" \/>\n<meta property=\"og:locale\" content=\"de_DE\" \/>\n<meta property=\"og:type\" content=\"article\" \/>\n<meta property=\"og:title\" content=\"Greek Passport Online | Glob Documents\" \/>\n<meta property=\"og:description\" content=\"Buy Greek Passport online at globdocuments.com with safe and fast worldwide delivery at the best price. Check the best deals on fake documents!\" \/>\n<meta property=\"og:url\" content=\"https:\/\/globdocuments.com\/de\/produkt\/greek-passport\/\" \/>\n<meta property=\"article:modified_time\" content=\"2024-07-04T13:33:49+00:00\" \/>\n<meta property=\"og:image\" content=\"https:\/\/globdocuments.com\/wp-content\/uploads\/2022\/11\/greek-passport.png\" \/>\n\t<meta property=\"og:image:width\" content=\"450\" \/>\n\t<meta property=\"og:image:height\" content=\"450\" \/>\n\t<meta property=\"og:image:type\" content=\"image\/png\" \/>\n<meta name=\"twitter:card\" content=\"summary_large_image\" \/>\n<meta name=\"twitter:label1\" content=\"Gesch\u00e4tzte Lesezeit\" \/>\n\t<meta name=\"twitter:data1\" content=\"3\u00a0Minuten\" \/>\n<script type=\"application\/ld+json\" class=\"yoast-schema-graph\">{\"@context\":\"https:\/\/schema.org\",\"@graph\":[{\"@type\":\"WebPage\",\"@id\":\"https:\/\/globdocuments.com\/product\/greek-passport\/\",\"url\":\"https:\/\/globdocuments.com\/product\/greek-passport\/\",\"name\":\"Greek Passport Online | Glob Documents\",\"isPartOf\":{\"@id\":\"https:\/\/globdocuments.com\/#website\"},\"primaryImageOfPage\":{\"@id\":\"https:\/\/globdocuments.com\/product\/greek-passport\/#primaryimage\"},\"image\":{\"@id\":\"https:\/\/globdocuments.com\/product\/greek-passport\/#primaryimage\"},\"thumbnailUrl\":\"https:\/\/globdocuments.com\/wp-content\/uploads\/2022\/11\/greek-passport.png\",\"datePublished\":\"2022-11-03T07:17:53+00:00\",\"dateModified\":\"2024-07-04T13:33:49+00:00\",\"description\":\"Buy Greek Passport online at globdocuments.com with safe and fast worldwide delivery at the best price. Check the best deals on fake documents!\",\"breadcrumb\":{\"@id\":\"https:\/\/globdocuments.com\/product\/greek-passport\/#breadcrumb\"},\"inLanguage\":\"de\",\"potentialAction\":[{\"@type\":\"ReadAction\",\"target\":[\"https:\/\/globdocuments.com\/product\/greek-passport\/\"]}]},{\"@type\":\"ImageObject\",\"inLanguage\":\"de\",\"@id\":\"https:\/\/globdocuments.com\/product\/greek-passport\/#primaryimage\",\"url\":\"https:\/\/globdocuments.com\/wp-content\/uploads\/2022\/11\/greek-passport.png\",\"contentUrl\":\"https:\/\/globdocuments.com\/wp-content\/uploads\/2022\/11\/greek-passport.png\",\"width\":450,\"height\":450,\"caption\":\"Greek Passport\"},{\"@type\":\"BreadcrumbList\",\"@id\":\"https:\/\/globdocuments.com\/product\/greek-passport\/#breadcrumb\",\"itemListElement\":[{\"@type\":\"ListItem\",\"position\":1,\"name\":\"Shop\",\"item\":\"https:\/\/globdocuments.com\/shop\/\"},{\"@type\":\"ListItem\",\"position\":2,\"name\":\"Greek Passport\"}]},{\"@type\":\"WebSite\",\"@id\":\"https:\/\/globdocuments.com\/#website\",\"url\":\"https:\/\/globdocuments.com\/\",\"name\":\"\",\"description\":\"Buy real fake documents online\",\"potentialAction\":[{\"@type\":\"SearchAction\",\"target\":{\"@type\":\"EntryPoint\",\"urlTemplate\":\"https:\/\/globdocuments.com\/?s={search_term_string}\"},\"query-input\":{\"@type\":\"PropertyValueSpecification\",\"valueRequired\":true,\"valueName\":\"search_term_string\"}}],\"inLanguage\":\"de\"}]}<\/script>\n<!-- \/ Yoast SEO plugin. -->","yoast_head_json":{"title":"Greek Passport Online | Glob Documents","description":"Buy Greek Passport online at globdocuments.com with safe and fast worldwide delivery at the best price. Check the best deals on fake documents!","robots":{"index":"index","follow":"follow","max-snippet":"max-snippet:-1","max-image-preview":"max-image-preview:large","max-video-preview":"max-video-preview:-1"},"canonical":"https:\/\/globdocuments.com\/de\/produkt\/greek-passport\/","og_locale":"de_DE","og_type":"article","og_title":"Greek Passport Online | Glob Documents","og_description":"Buy Greek Passport online at globdocuments.com with safe and fast worldwide delivery at the best price. Check the best deals on fake documents!","og_url":"https:\/\/globdocuments.com\/de\/produkt\/greek-passport\/","article_modified_time":"2024-07-04T13:33:49+00:00","og_image":[{"width":450,"height":450,"url":"https:\/\/globdocuments.com\/wp-content\/uploads\/2022\/11\/greek-passport.png","type":"image\/png"}],"twitter_card":"summary_large_image","twitter_misc":{"Gesch\u00e4tzte Lesezeit":"3\u00a0Minuten"},"schema":{"@context":"https:\/\/schema.org","@graph":[{"@type":"WebPage","@id":"https:\/\/globdocuments.com\/product\/greek-passport\/","url":"https:\/\/globdocuments.com\/product\/greek-passport\/","name":"Greek Passport Online | Glob Documents","isPartOf":{"@id":"https:\/\/globdocuments.com\/#website"},"primaryImageOfPage":{"@id":"https:\/\/globdocuments.com\/product\/greek-passport\/#primaryimage"},"image":{"@id":"https:\/\/globdocuments.com\/product\/greek-passport\/#primaryimage"},"thumbnailUrl":"https:\/\/globdocuments.com\/wp-content\/uploads\/2022\/11\/greek-passport.png","datePublished":"2022-11-03T07:17:53+00:00","dateModified":"2024-07-04T13:33:49+00:00","description":"Buy Greek Passport online at globdocuments.com with safe and fast worldwide delivery at the best price. Check the best deals on fake documents!","breadcrumb":{"@id":"https:\/\/globdocuments.com\/product\/greek-passport\/#breadcrumb"},"inLanguage":"de","potentialAction":[{"@type":"ReadAction","target":["https:\/\/globdocuments.com\/product\/greek-passport\/"]}]},{"@type":"ImageObject","inLanguage":"de","@id":"https:\/\/globdocuments.com\/product\/greek-passport\/#primaryimage","url":"https:\/\/globdocuments.com\/wp-content\/uploads\/2022\/11\/greek-passport.png","contentUrl":"https:\/\/globdocuments.com\/wp-content\/uploads\/2022\/11\/greek-passport.png","width":450,"height":450,"caption":"Greek Passport"},{"@type":"BreadcrumbList","@id":"https:\/\/globdocuments.com\/product\/greek-passport\/#breadcrumb","itemListElement":[{"@type":"ListItem","position":1,"name":"Shop","item":"https:\/\/globdocuments.com\/shop\/"},{"@type":"ListItem","position":2,"name":"Greek Passport"}]},{"@type":"WebSite","@id":"https:\/\/globdocuments.com\/#website","url":"https:\/\/globdocuments.com\/","name":"","description":"Echte gef\u00e4lschte Dokumente online kaufen","potentialAction":[{"@type":"SearchAction","target":{"@type":"EntryPoint","urlTemplate":"https:\/\/globdocuments.com\/?s={search_term_string}"},"query-input":{"@type":"PropertyValueSpecification","valueRequired":true,"valueName":"search_term_string"}}],"inLanguage":"de"}]}},"_links":{"self":[{"href":"https:\/\/globdocuments.com\/de\/wp-json\/wp\/v2\/product\/410","targetHints":{"allow":["GET"]}}],"collection":[{"href":"https:\/\/globdocuments.com\/de\/wp-json\/wp\/v2\/product"}],"about":[{"href":"https:\/\/globdocuments.com\/de\/wp-json\/wp\/v2\/types\/product"}],"replies":[{"embeddable":true,"href":"https:\/\/globdocuments.com\/de\/wp-json\/wp\/v2\/comments?post=410"}],"wp:featuredmedia":[{"embeddable":true,"href":"https:\/\/globdocuments.com\/de\/wp-json\/wp\/v2\/media\/485"}],"wp:attachment":[{"href":"https:\/\/globdocuments.com\/de\/wp-json\/wp\/v2\/media?parent=410"}],"wp:term":[{"taxonomy":"product_brand","embeddable":true,"href":"https:\/\/globdocuments.com\/de\/wp-json\/wp\/v2\/product_brand?post=410"},{"taxonomy":"product_cat","embeddable":true,"href":"https:\/\/globdocuments.com\/de\/wp-json\/wp\/v2\/product_cat?post=410"},{"taxonomy":"product_tag","embeddable":true,"href":"https:\/\/globdocuments.com\/de\/wp-json\/wp\/v2\/product_tag?post=410"}],"curies":[{"name":"wp","href":"https:\/\/api.w.org\/{rel}","templated":true}]}}