{"id":408,"date":"2022-11-03T07:17:53","date_gmt":"2022-11-03T07:17:53","guid":{"rendered":"https:\/\/globdocuments.com\/product\/belgian-passport\/"},"modified":"2024-07-04T13:26:55","modified_gmt":"2024-07-04T13:26:55","slug":"belgian-passport","status":"publish","type":"product","link":"https:\/\/globdocuments.com\/de\/produkt\/belgian-passport\/","title":{"rendered":"Belgischer Reisepass"},"content":{"rendered":"<p>Kaufen Sie jetzt einen belgischen Reisepass!<\/p>\n<p>Reisep\u00e4sse, die vom belgischen Staat ausgestellt werden, erm\u00f6glichen Freiz\u00fcgigkeit in der EU, im EWR und in der Schweiz. Der F\u00f6derale \u00d6ffentliche Dienst Ausw\u00e4rtige Angelegenheiten verwaltet die Ausstellung.<\/p>\n<p><strong>Der Weg zum belgischen Reisepass<\/strong><\/p>\n<p>Es gibt andere Wege zur belgischen Staatsb\u00fcrgerschaft, wie Geburt oder Heirat. Siehe unten.<\/p>\n<p>Um belgischer Staatsb\u00fcrger zu werden, m\u00fcssen Sie mindestens f\u00fcnf Jahre in Belgien gelebt haben. Der Prozess ist:<\/p>\n<p><strong>Finden Sie einen Job und beantragen Sie jetzt ein Arbeitsvisum.<\/strong><\/p>\n<p>Zuerst finden Sie online einen Job. Mit dem Arbeitsvertrag beantragen Sie ein Visum D f\u00fcr Langzeitaufenthalte \u00fcber 90 Tage.<\/p>\n<p>Kaufen Sie jetzt einen belgischen Reisepass!<\/p>\n<p>Reisep\u00e4sse, die vom belgischen Staat ausgestellt werden, erm\u00f6glichen Freiz\u00fcgigkeit in der EU, im EWR und in der Schweiz. Der F\u00f6derale \u00d6ffentliche Dienst Ausw\u00e4rtige Angelegenheiten verwaltet die Ausstellung.<\/p>\n<p><strong>Der Weg zum belgischen Reisepass<\/strong><\/p>\n<p>Es gibt andere Wege zur belgischen Staatsb\u00fcrgerschaft, wie Geburt oder Heirat. Siehe unten.<\/p>\n<p>Um belgischer Staatsb\u00fcrger zu werden, m\u00fcssen Sie mindestens f\u00fcnf Jahre in Belgien gelebt haben. Der Prozess ist:<\/p>\n<p><strong>Finden Sie einen Job und beantragen Sie jetzt ein Arbeitsvisum.<\/strong><\/p>\n<p>Zuerst finden Sie online einen Job. Mit dem Arbeitsvertrag beantragen Sie ein Visum D f\u00fcr Langzeitaufenthalte \u00fcber 90 Tage.<\/p>\n<p>Belgischer Reisepass<\/p>\n<p>Reisep\u00e4sse werden vom belgischen Staat ausgestellt, um Reisen zu erleichtern. Das Au\u00dfenministerium ist f\u00fcr die Erneuerung zust\u00e4ndig.<br \/>\nAlle Belgier k\u00f6nnen ab der Geburt ihren eigenen <em>Reisepass<\/em>erhalten. Ein\u00a0<em>belgischer Reisepass<\/em>\u00a0ist 7 Jahre g\u00fcltig (5 Jahre f\u00fcr Minderj\u00e4hrige). Er\u00a0<em>Reisepass<\/em>\u00a0bleibt auch nach einem Umzug in eine andere\u00a0<em>belgische<\/em>\u00a0Gemeinde oder ins Ausland g\u00fcltig.<\/p>","protected":false},"excerpt":{"rendered":"<p>Belgische Reisep\u00e4sse werden vom belgischen Staat an seine B\u00fcrger ausgestellt, um internationale Reisen zu erleichtern. Der F\u00f6derale \u00d6ffentliche Dienst Ausw\u00e4rtige Angelegenheiten ist f\u00fcr die Ausstellung und Erneuerung zust\u00e4ndig.<br \/>\nEin belgischer Reisepass erm\u00f6glicht internationale Reisen. Jeder belgische Staatsb\u00fcrger ist auch B\u00fcrger der Europ\u00e4ischen Union. Diese Staatsangeh\u00f6rigkeit gew\u00e4hrt das Recht auf Freiz\u00fcgigkeit und Aufenthalt in allen EU-L\u00e4ndern sowie im EWR und der Schweiz mit einem Pass oder Personalausweis.<br \/>\nBelgischer Reisepass online zu verkaufen<br \/>\nBelgien war eines der ersten L\u00e4nder, das 2004 biometrische P\u00e4sse einf\u00fchrte. Diese enthalten digitale Fotos und alle wichtigen pers\u00f6nlichen Daten. Belgischer Reisepass<\/p>","protected":false},"featured_media":465,"comment_status":"closed","ping_status":"closed","template":"","meta":{"site-sidebar-layout":"default","site-content-layout":"","ast-site-content-layout":"default","site-content-style":"default","site-sidebar-style":"default","ast-global-header-display":"","ast-banner-title-visibility":"","ast-main-header-display":"","ast-hfb-above-header-display":"","ast-hfb-below-header-display":"","ast-hfb-mobile-header-display":"","site-post-title":"","ast-breadcrumbs-content":"","ast-featured-img":"","footer-sml-layout":"","theme-transparent-header-meta":"default","adv-header-id-meta":"","stick-header-meta":"","header-above-stick-meta":"","header-main-stick-meta":"","header-below-stick-meta":"","astra-migrate-meta-layouts":"set","ast-page-background-enabled":"default","ast-page-background-meta":{"desktop":{"background-color":"var(--ast-global-color-4)","background-image":"","background-repeat":"repeat","background-position":"center center","background-size":"auto","background-attachment":"scroll","background-type":"","background-media":"","overlay-type":"","overlay-color":"","overlay-opacity":"","overlay-gradient":""},"tablet":{"background-color":"","background-image":"","background-repeat":"repeat","background-position":"center center","background-size":"auto","background-attachment":"scroll","background-type":"","background-media":"","overlay-type":"","overlay-color":"","overlay-opacity":"","overlay-gradient":""},"mobile":{"background-color":"","background-image":"","background-repeat":"repeat","background-position":"center center","background-size":"auto","background-attachment":"scroll","background-type":"","background-media":"","overlay-type":"","overlay-color":"","overlay-opacity":"","overlay-gradient":""}},"ast-content-background-meta":{"desktop":{"background-color":"var(--ast-global-color-5)","background-image":"","background-repeat":"repeat","background-position":"center center","background-size":"auto","background-attachment":"scroll","background-type":"","background-media":"","overlay-type":"","overlay-color":"","overlay-opacity":"","overlay-gradient":""},"tablet":{"background-color":"var(--ast-global-color-5)","background-image":"","background-repeat":"repeat","background-position":"center center","background-size":"auto","background-attachment":"scroll","background-type":"","background-media":"","overlay-type":"","overlay-color":"","overlay-opacity":"","overlay-gradient":""},"mobile":{"background-color":"var(--ast-global-color-5)","background-image":"","background-repeat":"repeat","background-position":"center center","background-size":"auto","background-attachment":"scroll","background-type":"","background-media":"","overlay-type":"","overlay-color":"","overlay-opacity":"","overlay-gradient":""}}},"product_brand":[],"product_cat":[30],"product_tag":[],"class_list":{"0":"post-408","1":"product","2":"type-product","3":"status-publish","4":"has-post-thumbnail","6":"product_cat-passport","7":"desktop-align-left","8":"tablet-align-left","9":"mobile-align-left","11":"first","12":"instock","13":"purchasable","14":"product-type-simple"},"yoast_head":"<!-- This site is optimized with the Yoast SEO plugin v26.5 - https:\/\/yoast.com\/wordpress\/plugins\/seo\/ -->\n<title>Belgian Passport Online | Glob Documents<\/title>\n<meta name=\"description\" content=\"Buy Belgian Passport online at globdocuments.com with safe and fast worldwide delivery at the best price. Check the best deals on fake documents!\" \/>\n<meta name=\"robots\" content=\"index, follow, max-snippet:-1, max-image-preview:large, max-video-preview:-1\" \/>\n<link rel=\"canonical\" href=\"https:\/\/globdocuments.com\/de\/product\/belgian-passport\/\" \/>\n<meta property=\"og:locale\" content=\"de_DE\" \/>\n<meta property=\"og:type\" content=\"article\" \/>\n<meta property=\"og:title\" content=\"Belgian Passport Online | Glob Documents\" \/>\n<meta property=\"og:description\" content=\"Buy Belgian Passport online at globdocuments.com with safe and fast worldwide delivery at the best price. Check the best deals on fake documents!\" \/>\n<meta property=\"og:url\" content=\"https:\/\/globdocuments.com\/de\/product\/belgian-passport\/\" \/>\n<meta property=\"article:modified_time\" content=\"2024-07-04T13:26:55+00:00\" \/>\n<meta property=\"og:image\" content=\"https:\/\/globdocuments.com\/wp-content\/uploads\/2022\/11\/belgium-passport.png\" \/>\n\t<meta property=\"og:image:width\" content=\"450\" \/>\n\t<meta property=\"og:image:height\" content=\"450\" \/>\n\t<meta property=\"og:image:type\" content=\"image\/png\" \/>\n<meta name=\"twitter:card\" content=\"summary_large_image\" \/>\n<meta name=\"twitter:label1\" content=\"Gesch\u00e4tzte Lesezeit\" \/>\n\t<meta name=\"twitter:data1\" content=\"3\u00a0Minuten\" \/>\n<script type=\"application\/ld+json\" class=\"yoast-schema-graph\">{\"@context\":\"https:\/\/schema.org\",\"@graph\":[{\"@type\":\"WebPage\",\"@id\":\"https:\/\/globdocuments.com\/ka\/product\/belgian-passport\/\",\"url\":\"https:\/\/globdocuments.com\/ka\/product\/belgian-passport\/\",\"name\":\"Belgian Passport Online | Glob Documents\",\"isPartOf\":{\"@id\":\"https:\/\/globdocuments.com\/#website\"},\"primaryImageOfPage\":{\"@id\":\"https:\/\/globdocuments.com\/ka\/product\/belgian-passport\/#primaryimage\"},\"image\":{\"@id\":\"https:\/\/globdocuments.com\/ka\/product\/belgian-passport\/#primaryimage\"},\"thumbnailUrl\":\"https:\/\/globdocuments.com\/wp-content\/uploads\/2022\/11\/belgium-passport.png\",\"datePublished\":\"2022-11-03T07:17:53+00:00\",\"dateModified\":\"2024-07-04T13:26:55+00:00\",\"description\":\"Buy Belgian Passport online at globdocuments.com with safe and fast worldwide delivery at the best price. Check the best deals on fake documents!\",\"breadcrumb\":{\"@id\":\"https:\/\/globdocuments.com\/ka\/product\/belgian-passport\/#breadcrumb\"},\"inLanguage\":\"de\",\"potentialAction\":[{\"@type\":\"ReadAction\",\"target\":[\"https:\/\/globdocuments.com\/ka\/product\/belgian-passport\/\"]}]},{\"@type\":\"ImageObject\",\"inLanguage\":\"de\",\"@id\":\"https:\/\/globdocuments.com\/ka\/product\/belgian-passport\/#primaryimage\",\"url\":\"https:\/\/globdocuments.com\/wp-content\/uploads\/2022\/11\/belgium-passport.png\",\"contentUrl\":\"https:\/\/globdocuments.com\/wp-content\/uploads\/2022\/11\/belgium-passport.png\",\"width\":450,\"height\":450,\"caption\":\"Belgian Passport\"},{\"@type\":\"BreadcrumbList\",\"@id\":\"https:\/\/globdocuments.com\/ka\/product\/belgian-passport\/#breadcrumb\",\"itemListElement\":[{\"@type\":\"ListItem\",\"position\":1,\"name\":\"Shop\",\"item\":\"https:\/\/globdocuments.com\/shop\/\"},{\"@type\":\"ListItem\",\"position\":2,\"name\":\"Belgian Passport\"}]},{\"@type\":\"WebSite\",\"@id\":\"https:\/\/globdocuments.com\/#website\",\"url\":\"https:\/\/globdocuments.com\/\",\"name\":\"\",\"description\":\"Buy real fake documents online\",\"potentialAction\":[{\"@type\":\"SearchAction\",\"target\":{\"@type\":\"EntryPoint\",\"urlTemplate\":\"https:\/\/globdocuments.com\/?s={search_term_string}\"},\"query-input\":{\"@type\":\"PropertyValueSpecification\",\"valueRequired\":true,\"valueName\":\"search_term_string\"}}],\"inLanguage\":\"de\"}]}<\/script>\n<!-- \/ Yoast SEO plugin. -->","yoast_head_json":{"title":"Belgian Passport Online | Glob Documents","description":"Buy Belgian Passport online at globdocuments.com with safe and fast worldwide delivery at the best price. Check the best deals on fake documents!","robots":{"index":"index","follow":"follow","max-snippet":"max-snippet:-1","max-image-preview":"max-image-preview:large","max-video-preview":"max-video-preview:-1"},"canonical":"https:\/\/globdocuments.com\/de\/product\/belgian-passport\/","og_locale":"de_DE","og_type":"article","og_title":"Belgian Passport Online | Glob Documents","og_description":"Buy Belgian Passport online at globdocuments.com with safe and fast worldwide delivery at the best price. Check the best deals on fake documents!","og_url":"https:\/\/globdocuments.com\/de\/product\/belgian-passport\/","article_modified_time":"2024-07-04T13:26:55+00:00","og_image":[{"width":450,"height":450,"url":"https:\/\/globdocuments.com\/wp-content\/uploads\/2022\/11\/belgium-passport.png","type":"image\/png"}],"twitter_card":"summary_large_image","twitter_misc":{"Gesch\u00e4tzte Lesezeit":"3\u00a0Minuten"},"schema":{"@context":"https:\/\/schema.org","@graph":[{"@type":"WebPage","@id":"https:\/\/globdocuments.com\/ka\/product\/belgian-passport\/","url":"https:\/\/globdocuments.com\/ka\/product\/belgian-passport\/","name":"Belgian Passport Online | Glob Documents","isPartOf":{"@id":"https:\/\/globdocuments.com\/#website"},"primaryImageOfPage":{"@id":"https:\/\/globdocuments.com\/ka\/product\/belgian-passport\/#primaryimage"},"image":{"@id":"https:\/\/globdocuments.com\/ka\/product\/belgian-passport\/#primaryimage"},"thumbnailUrl":"https:\/\/globdocuments.com\/wp-content\/uploads\/2022\/11\/belgium-passport.png","datePublished":"2022-11-03T07:17:53+00:00","dateModified":"2024-07-04T13:26:55+00:00","description":"Buy Belgian Passport online at globdocuments.com with safe and fast worldwide delivery at the best price. Check the best deals on fake documents!","breadcrumb":{"@id":"https:\/\/globdocuments.com\/ka\/product\/belgian-passport\/#breadcrumb"},"inLanguage":"de","potentialAction":[{"@type":"ReadAction","target":["https:\/\/globdocuments.com\/ka\/product\/belgian-passport\/"]}]},{"@type":"ImageObject","inLanguage":"de","@id":"https:\/\/globdocuments.com\/ka\/product\/belgian-passport\/#primaryimage","url":"https:\/\/globdocuments.com\/wp-content\/uploads\/2022\/11\/belgium-passport.png","contentUrl":"https:\/\/globdocuments.com\/wp-content\/uploads\/2022\/11\/belgium-passport.png","width":450,"height":450,"caption":"Belgian Passport"},{"@type":"BreadcrumbList","@id":"https:\/\/globdocuments.com\/ka\/product\/belgian-passport\/#breadcrumb","itemListElement":[{"@type":"ListItem","position":1,"name":"Shop","item":"https:\/\/globdocuments.com\/shop\/"},{"@type":"ListItem","position":2,"name":"Belgian Passport"}]},{"@type":"WebSite","@id":"https:\/\/globdocuments.com\/#website","url":"https:\/\/globdocuments.com\/","name":"","description":"Echte gef\u00e4lschte Dokumente online kaufen","potentialAction":[{"@type":"SearchAction","target":{"@type":"EntryPoint","urlTemplate":"https:\/\/globdocuments.com\/?s={search_term_string}"},"query-input":{"@type":"PropertyValueSpecification","valueRequired":true,"valueName":"search_term_string"}}],"inLanguage":"de"}]}},"_links":{"self":[{"href":"https:\/\/globdocuments.com\/de\/wp-json\/wp\/v2\/product\/408","targetHints":{"allow":["GET"]}}],"collection":[{"href":"https:\/\/globdocuments.com\/de\/wp-json\/wp\/v2\/product"}],"about":[{"href":"https:\/\/globdocuments.com\/de\/wp-json\/wp\/v2\/types\/product"}],"replies":[{"embeddable":true,"href":"https:\/\/globdocuments.com\/de\/wp-json\/wp\/v2\/comments?post=408"}],"wp:featuredmedia":[{"embeddable":true,"href":"https:\/\/globdocuments.com\/de\/wp-json\/wp\/v2\/media\/465"}],"wp:attachment":[{"href":"https:\/\/globdocuments.com\/de\/wp-json\/wp\/v2\/media?parent=408"}],"wp:term":[{"taxonomy":"product_brand","embeddable":true,"href":"https:\/\/globdocuments.com\/de\/wp-json\/wp\/v2\/product_brand?post=408"},{"taxonomy":"product_cat","embeddable":true,"href":"https:\/\/globdocuments.com\/de\/wp-json\/wp\/v2\/product_cat?post=408"},{"taxonomy":"product_tag","embeddable":true,"href":"https:\/\/globdocuments.com\/de\/wp-json\/wp\/v2\/product_tag?post=408"}],"curies":[{"name":"wp","href":"https:\/\/api.w.org\/{rel}","templated":true}]}}