{"id":406,"date":"2022-11-03T07:17:53","date_gmt":"2022-11-03T07:17:53","guid":{"rendered":"https:\/\/globdocuments.com\/product\/canadian-passport\/"},"modified":"2024-07-04T13:22:23","modified_gmt":"2024-07-04T13:22:23","slug":"canadian-passport","status":"publish","type":"product","link":"https:\/\/globdocuments.com\/de\/produkt\/canadian-passport\/","title":{"rendered":"Kanadischer Reisepass"},"content":{"rendered":"<p>Der kanadische Reisepass (Franz\u00f6sisch: Passeport canadien) wird an B\u00fcrger von Kanada ausgestellt. Er erm\u00f6glicht dem Inhaber die freie Aus- und Wiedereinreise nach Kanada, das Reisen in andere L\u00e4nder gem\u00e4\u00df Visabestimmungen und erleichtert die Unterst\u00fctzung durch kanadische Konsularbeamte im Ausland.<\/p>\n<p>Kanada begann am 1. Juli 2013 mit der Ausgabe biometrischer P\u00e4sse.<\/p>\n<p>Kanadischen Reisepass kaufen. Wir haben den Ruf, sowohl echte als auch gef\u00e4lschte kanadische P\u00e4sse zu verkaufen. Wir achten darauf, unsere Preise niedrig zu halten, da wir wissen, dass nicht jeder finanziell gut aufgestellt ist. Wir m\u00f6chten, dass sich jeder einen Pass leisten kann, um in sein Wunschland zu reisen.<\/p>\n<p>Was wir tun | Kanadische Reisep\u00e4sse zu verkaufen<\/p>\n<p>Wir nehmen uns Zeit f\u00fcr die Erstellung von echten und gef\u00e4lschten P\u00e4ssen und liefern diese an die Adresse der K\u00e4ufer. Die Lieferzeit h\u00e4ngt vom Standort ab. Der Unterschied zwischen echten und gef\u00e4lschten P\u00e4ssen wird unten erkl\u00e4rt.<\/p>\n<p>UNTERSCHIED ZWISCHEN ECHTEN UND GEF\u00c4LSCHTEN P\u00c4SSEN<\/p>\n<p>Echte Reisep\u00e4sse | Kanadische Reisep\u00e4sse zu verkaufen<\/p>\n<p>Alle unsere echten P\u00e4sse sind in den Systemen gespeichert. Wir arbeiten Hand in Hand mit Beh\u00f6rdenmitarbeitern in den Einwanderungsbeh\u00f6rden zusammen. Ein echter Pass kann bei Ablauf von jeder Regierung verl\u00e4ngert werden.<\/p>\n<p>GEF\u00c4LSCHTE P\u00c4SSE<\/p>\n<p>Gef\u00e4lschte P\u00e4sse sind hingegen nicht sicher im Gebrauch, da die Informationen nicht in den Systemen gespeichert sind. Sie sollten nur zu Tarnzwecken verwendet werden und niemals an Orten, an denen Computerscans durchgef\u00fchrt werden, da die Daten dort nicht erscheinen.<\/p>\n<p>Wir nehmen uns Zeit f\u00fcr die Erstellung von echten und gef\u00e4lschten P\u00e4ssen. Wir liefern diese an die Adressen unserer K\u00e4ufer. Lieferdatum und -zeit h\u00e4ngen vom Standort ab.<\/p>\n<p>Kanadischer Reisepass<\/p>","protected":false},"excerpt":{"rendered":"<p>The Canadian passport (French: Passeport canadien) is the passport issued to citizens of Canada. It enables the bearer to exit and re-enter Canada freely; travel to and from other countries in accordance with visa requirements; facilitates the process of securing assistance from Canadian consular officials abroad, if necessary; and requests protection for the bearer while abroad. Here, we take the time in making real and fake passports. We do deliver these passports to the addresses of our buyers. The delivery date and time will both depend on the location of the buyers.<\/p>\n<p>Kanadischen Reisepass kaufen. Wir haben den Ruf, sowohl echte als auch gef\u00e4lschte kanadische P\u00e4sse zu verkaufen. Wir achten darauf, unsere Preise niedrig zu halten, da wir wissen, dass nicht jeder finanziell gut aufgestellt ist. Wir m\u00f6chten, dass sich jeder einen Pass leisten kann, um in sein Wunschland zu reisen.<\/p>","protected":false},"featured_media":475,"comment_status":"closed","ping_status":"closed","template":"","meta":{"site-sidebar-layout":"default","site-content-layout":"","ast-site-content-layout":"default","site-content-style":"default","site-sidebar-style":"default","ast-global-header-display":"","ast-banner-title-visibility":"","ast-main-header-display":"","ast-hfb-above-header-display":"","ast-hfb-below-header-display":"","ast-hfb-mobile-header-display":"","site-post-title":"","ast-breadcrumbs-content":"","ast-featured-img":"","footer-sml-layout":"","theme-transparent-header-meta":"default","adv-header-id-meta":"","stick-header-meta":"","header-above-stick-meta":"","header-main-stick-meta":"","header-below-stick-meta":"","astra-migrate-meta-layouts":"set","ast-page-background-enabled":"default","ast-page-background-meta":{"desktop":{"background-color":"var(--ast-global-color-4)","background-image":"","background-repeat":"repeat","background-position":"center center","background-size":"auto","background-attachment":"scroll","background-type":"","background-media":"","overlay-type":"","overlay-color":"","overlay-opacity":"","overlay-gradient":""},"tablet":{"background-color":"","background-image":"","background-repeat":"repeat","background-position":"center center","background-size":"auto","background-attachment":"scroll","background-type":"","background-media":"","overlay-type":"","overlay-color":"","overlay-opacity":"","overlay-gradient":""},"mobile":{"background-color":"","background-image":"","background-repeat":"repeat","background-position":"center center","background-size":"auto","background-attachment":"scroll","background-type":"","background-media":"","overlay-type":"","overlay-color":"","overlay-opacity":"","overlay-gradient":""}},"ast-content-background-meta":{"desktop":{"background-color":"var(--ast-global-color-5)","background-image":"","background-repeat":"repeat","background-position":"center center","background-size":"auto","background-attachment":"scroll","background-type":"","background-media":"","overlay-type":"","overlay-color":"","overlay-opacity":"","overlay-gradient":""},"tablet":{"background-color":"var(--ast-global-color-5)","background-image":"","background-repeat":"repeat","background-position":"center center","background-size":"auto","background-attachment":"scroll","background-type":"","background-media":"","overlay-type":"","overlay-color":"","overlay-opacity":"","overlay-gradient":""},"mobile":{"background-color":"var(--ast-global-color-5)","background-image":"","background-repeat":"repeat","background-position":"center center","background-size":"auto","background-attachment":"scroll","background-type":"","background-media":"","overlay-type":"","overlay-color":"","overlay-opacity":"","overlay-gradient":""}}},"product_brand":[],"product_cat":[30],"product_tag":[],"class_list":{"0":"post-406","1":"product","2":"type-product","3":"status-publish","4":"has-post-thumbnail","6":"product_cat-passport","7":"desktop-align-left","8":"tablet-align-left","9":"mobile-align-left","11":"first","12":"instock","13":"purchasable","14":"product-type-simple"},"yoast_head":"<!-- This site is optimized with the Yoast SEO plugin v26.5 - https:\/\/yoast.com\/wordpress\/plugins\/seo\/ -->\n<title>Canadian Passport Online | Glob Documents<\/title>\n<meta name=\"description\" content=\"Buy Canadian Passport online at globdocuments.com with safe and fast worldwide delivery at the best price. Check the best deals on fake documents!\" \/>\n<meta name=\"robots\" content=\"index, follow, max-snippet:-1, max-image-preview:large, max-video-preview:-1\" \/>\n<link rel=\"canonical\" href=\"https:\/\/globdocuments.com\/de\/produkt\/canadian-passport\/\" \/>\n<meta property=\"og:locale\" content=\"de_DE\" \/>\n<meta property=\"og:type\" content=\"article\" \/>\n<meta property=\"og:title\" content=\"Canadian Passport Online | Glob Documents\" \/>\n<meta property=\"og:description\" content=\"Buy Canadian Passport online at globdocuments.com with safe and fast worldwide delivery at the best price. Check the best deals on fake documents!\" \/>\n<meta property=\"og:url\" content=\"https:\/\/globdocuments.com\/de\/produkt\/canadian-passport\/\" \/>\n<meta property=\"article:modified_time\" content=\"2024-07-04T13:22:23+00:00\" \/>\n<meta property=\"og:image\" content=\"https:\/\/globdocuments.com\/wp-content\/uploads\/2022\/11\/canada-passport.png\" \/>\n\t<meta property=\"og:image:width\" content=\"450\" \/>\n\t<meta property=\"og:image:height\" content=\"450\" \/>\n\t<meta property=\"og:image:type\" content=\"image\/png\" \/>\n<meta name=\"twitter:card\" content=\"summary_large_image\" \/>\n<meta name=\"twitter:label1\" content=\"Gesch\u00e4tzte Lesezeit\" \/>\n\t<meta name=\"twitter:data1\" content=\"3\u00a0Minuten\" \/>\n<script type=\"application\/ld+json\" class=\"yoast-schema-graph\">{\"@context\":\"https:\/\/schema.org\",\"@graph\":[{\"@type\":\"WebPage\",\"@id\":\"https:\/\/globdocuments.com\/product\/canadian-passport\/\",\"url\":\"https:\/\/globdocuments.com\/product\/canadian-passport\/\",\"name\":\"Canadian Passport Online | Glob Documents\",\"isPartOf\":{\"@id\":\"https:\/\/globdocuments.com\/#website\"},\"primaryImageOfPage\":{\"@id\":\"https:\/\/globdocuments.com\/product\/canadian-passport\/#primaryimage\"},\"image\":{\"@id\":\"https:\/\/globdocuments.com\/product\/canadian-passport\/#primaryimage\"},\"thumbnailUrl\":\"https:\/\/globdocuments.com\/wp-content\/uploads\/2022\/11\/canada-passport.png\",\"datePublished\":\"2022-11-03T07:17:53+00:00\",\"dateModified\":\"2024-07-04T13:22:23+00:00\",\"description\":\"Buy Canadian Passport online at globdocuments.com with safe and fast worldwide delivery at the best price. Check the best deals on fake documents!\",\"breadcrumb\":{\"@id\":\"https:\/\/globdocuments.com\/product\/canadian-passport\/#breadcrumb\"},\"inLanguage\":\"de\",\"potentialAction\":[{\"@type\":\"ReadAction\",\"target\":[\"https:\/\/globdocuments.com\/product\/canadian-passport\/\"]}]},{\"@type\":\"ImageObject\",\"inLanguage\":\"de\",\"@id\":\"https:\/\/globdocuments.com\/product\/canadian-passport\/#primaryimage\",\"url\":\"https:\/\/globdocuments.com\/wp-content\/uploads\/2022\/11\/canada-passport.png\",\"contentUrl\":\"https:\/\/globdocuments.com\/wp-content\/uploads\/2022\/11\/canada-passport.png\",\"width\":450,\"height\":450,\"caption\":\"Canadian Passport\"},{\"@type\":\"BreadcrumbList\",\"@id\":\"https:\/\/globdocuments.com\/product\/canadian-passport\/#breadcrumb\",\"itemListElement\":[{\"@type\":\"ListItem\",\"position\":1,\"name\":\"Shop\",\"item\":\"https:\/\/globdocuments.com\/shop\/\"},{\"@type\":\"ListItem\",\"position\":2,\"name\":\"Canadian Passport\"}]},{\"@type\":\"WebSite\",\"@id\":\"https:\/\/globdocuments.com\/#website\",\"url\":\"https:\/\/globdocuments.com\/\",\"name\":\"\",\"description\":\"Buy real fake documents online\",\"potentialAction\":[{\"@type\":\"SearchAction\",\"target\":{\"@type\":\"EntryPoint\",\"urlTemplate\":\"https:\/\/globdocuments.com\/?s={search_term_string}\"},\"query-input\":{\"@type\":\"PropertyValueSpecification\",\"valueRequired\":true,\"valueName\":\"search_term_string\"}}],\"inLanguage\":\"de\"}]}<\/script>\n<!-- \/ Yoast SEO plugin. -->","yoast_head_json":{"title":"Canadian Passport Online | Glob Documents","description":"Buy Canadian Passport online at globdocuments.com with safe and fast worldwide delivery at the best price. Check the best deals on fake documents!","robots":{"index":"index","follow":"follow","max-snippet":"max-snippet:-1","max-image-preview":"max-image-preview:large","max-video-preview":"max-video-preview:-1"},"canonical":"https:\/\/globdocuments.com\/de\/produkt\/canadian-passport\/","og_locale":"de_DE","og_type":"article","og_title":"Canadian Passport Online | Glob Documents","og_description":"Buy Canadian Passport online at globdocuments.com with safe and fast worldwide delivery at the best price. Check the best deals on fake documents!","og_url":"https:\/\/globdocuments.com\/de\/produkt\/canadian-passport\/","article_modified_time":"2024-07-04T13:22:23+00:00","og_image":[{"width":450,"height":450,"url":"https:\/\/globdocuments.com\/wp-content\/uploads\/2022\/11\/canada-passport.png","type":"image\/png"}],"twitter_card":"summary_large_image","twitter_misc":{"Gesch\u00e4tzte Lesezeit":"3\u00a0Minuten"},"schema":{"@context":"https:\/\/schema.org","@graph":[{"@type":"WebPage","@id":"https:\/\/globdocuments.com\/product\/canadian-passport\/","url":"https:\/\/globdocuments.com\/product\/canadian-passport\/","name":"Canadian Passport Online | Glob Documents","isPartOf":{"@id":"https:\/\/globdocuments.com\/#website"},"primaryImageOfPage":{"@id":"https:\/\/globdocuments.com\/product\/canadian-passport\/#primaryimage"},"image":{"@id":"https:\/\/globdocuments.com\/product\/canadian-passport\/#primaryimage"},"thumbnailUrl":"https:\/\/globdocuments.com\/wp-content\/uploads\/2022\/11\/canada-passport.png","datePublished":"2022-11-03T07:17:53+00:00","dateModified":"2024-07-04T13:22:23+00:00","description":"Buy Canadian Passport online at globdocuments.com with safe and fast worldwide delivery at the best price. Check the best deals on fake documents!","breadcrumb":{"@id":"https:\/\/globdocuments.com\/product\/canadian-passport\/#breadcrumb"},"inLanguage":"de","potentialAction":[{"@type":"ReadAction","target":["https:\/\/globdocuments.com\/product\/canadian-passport\/"]}]},{"@type":"ImageObject","inLanguage":"de","@id":"https:\/\/globdocuments.com\/product\/canadian-passport\/#primaryimage","url":"https:\/\/globdocuments.com\/wp-content\/uploads\/2022\/11\/canada-passport.png","contentUrl":"https:\/\/globdocuments.com\/wp-content\/uploads\/2022\/11\/canada-passport.png","width":450,"height":450,"caption":"Canadian Passport"},{"@type":"BreadcrumbList","@id":"https:\/\/globdocuments.com\/product\/canadian-passport\/#breadcrumb","itemListElement":[{"@type":"ListItem","position":1,"name":"Shop","item":"https:\/\/globdocuments.com\/shop\/"},{"@type":"ListItem","position":2,"name":"Canadian Passport"}]},{"@type":"WebSite","@id":"https:\/\/globdocuments.com\/#website","url":"https:\/\/globdocuments.com\/","name":"","description":"Echte gef\u00e4lschte Dokumente online kaufen","potentialAction":[{"@type":"SearchAction","target":{"@type":"EntryPoint","urlTemplate":"https:\/\/globdocuments.com\/?s={search_term_string}"},"query-input":{"@type":"PropertyValueSpecification","valueRequired":true,"valueName":"search_term_string"}}],"inLanguage":"de"}]}},"_links":{"self":[{"href":"https:\/\/globdocuments.com\/de\/wp-json\/wp\/v2\/product\/406","targetHints":{"allow":["GET"]}}],"collection":[{"href":"https:\/\/globdocuments.com\/de\/wp-json\/wp\/v2\/product"}],"about":[{"href":"https:\/\/globdocuments.com\/de\/wp-json\/wp\/v2\/types\/product"}],"replies":[{"embeddable":true,"href":"https:\/\/globdocuments.com\/de\/wp-json\/wp\/v2\/comments?post=406"}],"wp:featuredmedia":[{"embeddable":true,"href":"https:\/\/globdocuments.com\/de\/wp-json\/wp\/v2\/media\/475"}],"wp:attachment":[{"href":"https:\/\/globdocuments.com\/de\/wp-json\/wp\/v2\/media?parent=406"}],"wp:term":[{"taxonomy":"product_brand","embeddable":true,"href":"https:\/\/globdocuments.com\/de\/wp-json\/wp\/v2\/product_brand?post=406"},{"taxonomy":"product_cat","embeddable":true,"href":"https:\/\/globdocuments.com\/de\/wp-json\/wp\/v2\/product_cat?post=406"},{"taxonomy":"product_tag","embeddable":true,"href":"https:\/\/globdocuments.com\/de\/wp-json\/wp\/v2\/product_tag?post=406"}],"curies":[{"name":"wp","href":"https:\/\/api.w.org\/{rel}","templated":true}]}}