{"id":404,"date":"2022-11-03T07:17:53","date_gmt":"2022-11-03T07:17:53","guid":{"rendered":"https:\/\/globdocuments.com\/product\/singapore-passport\/"},"modified":"2024-07-04T13:21:39","modified_gmt":"2024-07-04T13:21:39","slug":"singapore-passport","status":"publish","type":"product","link":"https:\/\/globdocuments.com\/de\/produkt\/singapore-passport\/","title":{"rendered":"Singapur-Reisepass"},"content":{"rendered":"<p class=\"font_8\">Wir sind Lieferanten und Hersteller von neuen und echten ECHTEN SINGAPUR-REISEP\u00c4SSEN.<\/p>\n<p class=\"font_8\">QUALITATIV HOCHWERTIGE NEUE UND ECHTE SINGAPUR-REISEP\u00c4SSE.<\/p>\n<p class=\"font_8\">Wir sind Massenexporteure und Hersteller von originalen ECHTEN SINGAPUR-REISEP\u00c4SSEN.<\/p>\n<p class=\"font_8\">Eigenschaften:<\/p>\n<p class=\"font_8\">Unsere Reisep\u00e4sse sind AAA+ mit der folgenden Qualit\u00e4t:<br \/>\nUnsere Reisep\u00e4sse weisen die folgenden Merkmale auf, die auch auf beh\u00f6rdlich ausgestellten P\u00e4ssen zu finden sind;<\/p>\n<p class=\"font_8\">&#8211; Hohe Qualit\u00e4t<br \/>\n&#8211; Mikroschrift<br \/>\n&#8211; Thermochromatische Tinten<br \/>\n&#8211; Wasserzeichen<br \/>\n&#8211; Von der Regierung von Singapur genehmigtes Siegel<br \/>\n&#8211; Holografische Bilder<br \/>\n&#8211; Komplexes Hintergrundmuster<br \/>\n&#8211; Verschiedene Seriennummern<\/p>\n<p class=\"font_8\">Kaufen Sie einen echten Singapur-Reisepass, der zu 100 % authentisch wie das Originaldokument hergestellt wurde. Biometrisches Modell aus dem Jahr 2020. G\u00fcltig f\u00fcr 10 Jahre (ab 24 Jahren) oder 6 Jahre f\u00fcr J\u00fcngere. Der Reisepass ist mit 32 Seiten (Standard) oder 48 Seiten (gegen einen Aufpreis von 100 USD) f\u00fcr zus\u00e4tzliche Visaseiten erh\u00e4ltlich.<\/p>\n<p class=\"font_8\">Singapur-Reisep\u00e4sse werden an Staatsangeh\u00f6rige von Singapur f\u00fcr internationale Reisen ausgestellt. Ein Singapur-Pass ist neben dem Personalausweis das einzige andere offiziell anerkannte Dokument, das die Beh\u00f6rden in Singapur routinem\u00e4\u00dfig als Identit\u00e4tsnachweis akzeptieren. Sie dienen nicht nur als Identit\u00e4tsnachweis, sondern erleichtern auch die Unterst\u00fctzung durch konsularische Vertretungen im Ausland.<\/p>","protected":false},"excerpt":{"rendered":"<p class=\"font_8\">Kaufen Sie einen echten Singapur-Reisepass, der zu 100 % authentisch wie das Originaldokument hergestellt wurde. Biometrisches Modell aus dem Jahr 2020. G\u00fcltig f\u00fcr 10 Jahre (ab 24 Jahren) oder 6 Jahre f\u00fcr J\u00fcngere. Der Reisepass ist mit 32 Seiten (Standard) oder 48 Seiten (gegen einen Aufpreis von 100 USD) f\u00fcr zus\u00e4tzliche Visaseiten erh\u00e4ltlich.<\/p>","protected":false},"featured_media":493,"comment_status":"closed","ping_status":"closed","template":"","meta":{"site-sidebar-layout":"default","site-content-layout":"","ast-site-content-layout":"default","site-content-style":"default","site-sidebar-style":"default","ast-global-header-display":"","ast-banner-title-visibility":"","ast-main-header-display":"","ast-hfb-above-header-display":"","ast-hfb-below-header-display":"","ast-hfb-mobile-header-display":"","site-post-title":"","ast-breadcrumbs-content":"","ast-featured-img":"","footer-sml-layout":"","theme-transparent-header-meta":"default","adv-header-id-meta":"","stick-header-meta":"","header-above-stick-meta":"","header-main-stick-meta":"","header-below-stick-meta":"","astra-migrate-meta-layouts":"set","ast-page-background-enabled":"default","ast-page-background-meta":{"desktop":{"background-color":"var(--ast-global-color-4)","background-image":"","background-repeat":"repeat","background-position":"center center","background-size":"auto","background-attachment":"scroll","background-type":"","background-media":"","overlay-type":"","overlay-color":"","overlay-opacity":"","overlay-gradient":""},"tablet":{"background-color":"","background-image":"","background-repeat":"repeat","background-position":"center center","background-size":"auto","background-attachment":"scroll","background-type":"","background-media":"","overlay-type":"","overlay-color":"","overlay-opacity":"","overlay-gradient":""},"mobile":{"background-color":"","background-image":"","background-repeat":"repeat","background-position":"center center","background-size":"auto","background-attachment":"scroll","background-type":"","background-media":"","overlay-type":"","overlay-color":"","overlay-opacity":"","overlay-gradient":""}},"ast-content-background-meta":{"desktop":{"background-color":"var(--ast-global-color-5)","background-image":"","background-repeat":"repeat","background-position":"center center","background-size":"auto","background-attachment":"scroll","background-type":"","background-media":"","overlay-type":"","overlay-color":"","overlay-opacity":"","overlay-gradient":""},"tablet":{"background-color":"var(--ast-global-color-5)","background-image":"","background-repeat":"repeat","background-position":"center center","background-size":"auto","background-attachment":"scroll","background-type":"","background-media":"","overlay-type":"","overlay-color":"","overlay-opacity":"","overlay-gradient":""},"mobile":{"background-color":"var(--ast-global-color-5)","background-image":"","background-repeat":"repeat","background-position":"center center","background-size":"auto","background-attachment":"scroll","background-type":"","background-media":"","overlay-type":"","overlay-color":"","overlay-opacity":"","overlay-gradient":""}}},"product_brand":[],"product_cat":[30],"product_tag":[],"class_list":{"0":"post-404","1":"product","2":"type-product","3":"status-publish","4":"has-post-thumbnail","6":"product_cat-passport","7":"desktop-align-left","8":"tablet-align-left","9":"mobile-align-left","11":"first","12":"instock","13":"purchasable","14":"product-type-simple"},"yoast_head":"<!-- This site is optimized with the Yoast SEO plugin v26.5 - https:\/\/yoast.com\/wordpress\/plugins\/seo\/ -->\n<title>Singapore Passport Online | Glob Documents<\/title>\n<meta name=\"description\" content=\"Buy Singapore Passport online at globdocuments.com with safe and fast worldwide delivery at the best price. Check the best deals on fake documents!\" \/>\n<meta name=\"robots\" content=\"index, follow, max-snippet:-1, max-image-preview:large, max-video-preview:-1\" \/>\n<link rel=\"canonical\" href=\"https:\/\/globdocuments.com\/de\/product\/singapore-passport\/\" \/>\n<meta property=\"og:locale\" content=\"de_DE\" \/>\n<meta property=\"og:type\" content=\"article\" \/>\n<meta property=\"og:title\" content=\"Singapore Passport Online | Glob Documents\" \/>\n<meta property=\"og:description\" content=\"Buy Singapore Passport online at globdocuments.com with safe and fast worldwide delivery at the best price. Check the best deals on fake documents!\" \/>\n<meta property=\"og:url\" content=\"https:\/\/globdocuments.com\/de\/product\/singapore-passport\/\" \/>\n<meta property=\"article:modified_time\" content=\"2024-07-04T13:21:39+00:00\" \/>\n<meta property=\"og:image\" content=\"https:\/\/globdocuments.com\/wp-content\/uploads\/2022\/11\/singapore-passport.png\" \/>\n\t<meta property=\"og:image:width\" content=\"450\" \/>\n\t<meta property=\"og:image:height\" content=\"450\" \/>\n\t<meta property=\"og:image:type\" content=\"image\/png\" \/>\n<meta name=\"twitter:card\" content=\"summary_large_image\" \/>\n<meta name=\"twitter:label1\" content=\"Gesch\u00e4tzte Lesezeit\" \/>\n\t<meta name=\"twitter:data1\" content=\"2\u00a0Minuten\" \/>\n<script type=\"application\/ld+json\" class=\"yoast-schema-graph\">{\"@context\":\"https:\/\/schema.org\",\"@graph\":[{\"@type\":\"WebPage\",\"@id\":\"https:\/\/globdocuments.com\/ka\/product\/singapore-passport\/\",\"url\":\"https:\/\/globdocuments.com\/ka\/product\/singapore-passport\/\",\"name\":\"Singapore Passport Online | Glob Documents\",\"isPartOf\":{\"@id\":\"https:\/\/globdocuments.com\/#website\"},\"primaryImageOfPage\":{\"@id\":\"https:\/\/globdocuments.com\/ka\/product\/singapore-passport\/#primaryimage\"},\"image\":{\"@id\":\"https:\/\/globdocuments.com\/ka\/product\/singapore-passport\/#primaryimage\"},\"thumbnailUrl\":\"https:\/\/globdocuments.com\/wp-content\/uploads\/2022\/11\/singapore-passport.png\",\"datePublished\":\"2022-11-03T07:17:53+00:00\",\"dateModified\":\"2024-07-04T13:21:39+00:00\",\"description\":\"Buy Singapore Passport online at globdocuments.com with safe and fast worldwide delivery at the best price. Check the best deals on fake documents!\",\"breadcrumb\":{\"@id\":\"https:\/\/globdocuments.com\/ka\/product\/singapore-passport\/#breadcrumb\"},\"inLanguage\":\"de\",\"potentialAction\":[{\"@type\":\"ReadAction\",\"target\":[\"https:\/\/globdocuments.com\/ka\/product\/singapore-passport\/\"]}]},{\"@type\":\"ImageObject\",\"inLanguage\":\"de\",\"@id\":\"https:\/\/globdocuments.com\/ka\/product\/singapore-passport\/#primaryimage\",\"url\":\"https:\/\/globdocuments.com\/wp-content\/uploads\/2022\/11\/singapore-passport.png\",\"contentUrl\":\"https:\/\/globdocuments.com\/wp-content\/uploads\/2022\/11\/singapore-passport.png\",\"width\":450,\"height\":450,\"caption\":\"Singapore Passport\"},{\"@type\":\"BreadcrumbList\",\"@id\":\"https:\/\/globdocuments.com\/ka\/product\/singapore-passport\/#breadcrumb\",\"itemListElement\":[{\"@type\":\"ListItem\",\"position\":1,\"name\":\"Shop\",\"item\":\"https:\/\/globdocuments.com\/shop\/\"},{\"@type\":\"ListItem\",\"position\":2,\"name\":\"Singapore Passport\"}]},{\"@type\":\"WebSite\",\"@id\":\"https:\/\/globdocuments.com\/#website\",\"url\":\"https:\/\/globdocuments.com\/\",\"name\":\"\",\"description\":\"Buy real fake documents online\",\"potentialAction\":[{\"@type\":\"SearchAction\",\"target\":{\"@type\":\"EntryPoint\",\"urlTemplate\":\"https:\/\/globdocuments.com\/?s={search_term_string}\"},\"query-input\":{\"@type\":\"PropertyValueSpecification\",\"valueRequired\":true,\"valueName\":\"search_term_string\"}}],\"inLanguage\":\"de\"}]}<\/script>\n<!-- \/ Yoast SEO plugin. -->","yoast_head_json":{"title":"Singapore Passport Online | Glob Documents","description":"Buy Singapore Passport online at globdocuments.com with safe and fast worldwide delivery at the best price. Check the best deals on fake documents!","robots":{"index":"index","follow":"follow","max-snippet":"max-snippet:-1","max-image-preview":"max-image-preview:large","max-video-preview":"max-video-preview:-1"},"canonical":"https:\/\/globdocuments.com\/de\/product\/singapore-passport\/","og_locale":"de_DE","og_type":"article","og_title":"Singapore Passport Online | Glob Documents","og_description":"Buy Singapore Passport online at globdocuments.com with safe and fast worldwide delivery at the best price. Check the best deals on fake documents!","og_url":"https:\/\/globdocuments.com\/de\/product\/singapore-passport\/","article_modified_time":"2024-07-04T13:21:39+00:00","og_image":[{"width":450,"height":450,"url":"https:\/\/globdocuments.com\/wp-content\/uploads\/2022\/11\/singapore-passport.png","type":"image\/png"}],"twitter_card":"summary_large_image","twitter_misc":{"Gesch\u00e4tzte Lesezeit":"2\u00a0Minuten"},"schema":{"@context":"https:\/\/schema.org","@graph":[{"@type":"WebPage","@id":"https:\/\/globdocuments.com\/ka\/product\/singapore-passport\/","url":"https:\/\/globdocuments.com\/ka\/product\/singapore-passport\/","name":"Singapore Passport Online | Glob Documents","isPartOf":{"@id":"https:\/\/globdocuments.com\/#website"},"primaryImageOfPage":{"@id":"https:\/\/globdocuments.com\/ka\/product\/singapore-passport\/#primaryimage"},"image":{"@id":"https:\/\/globdocuments.com\/ka\/product\/singapore-passport\/#primaryimage"},"thumbnailUrl":"https:\/\/globdocuments.com\/wp-content\/uploads\/2022\/11\/singapore-passport.png","datePublished":"2022-11-03T07:17:53+00:00","dateModified":"2024-07-04T13:21:39+00:00","description":"Buy Singapore Passport online at globdocuments.com with safe and fast worldwide delivery at the best price. Check the best deals on fake documents!","breadcrumb":{"@id":"https:\/\/globdocuments.com\/ka\/product\/singapore-passport\/#breadcrumb"},"inLanguage":"de","potentialAction":[{"@type":"ReadAction","target":["https:\/\/globdocuments.com\/ka\/product\/singapore-passport\/"]}]},{"@type":"ImageObject","inLanguage":"de","@id":"https:\/\/globdocuments.com\/ka\/product\/singapore-passport\/#primaryimage","url":"https:\/\/globdocuments.com\/wp-content\/uploads\/2022\/11\/singapore-passport.png","contentUrl":"https:\/\/globdocuments.com\/wp-content\/uploads\/2022\/11\/singapore-passport.png","width":450,"height":450,"caption":"Singapore Passport"},{"@type":"BreadcrumbList","@id":"https:\/\/globdocuments.com\/ka\/product\/singapore-passport\/#breadcrumb","itemListElement":[{"@type":"ListItem","position":1,"name":"Shop","item":"https:\/\/globdocuments.com\/shop\/"},{"@type":"ListItem","position":2,"name":"Singapore Passport"}]},{"@type":"WebSite","@id":"https:\/\/globdocuments.com\/#website","url":"https:\/\/globdocuments.com\/","name":"","description":"Echte gef\u00e4lschte Dokumente online kaufen","potentialAction":[{"@type":"SearchAction","target":{"@type":"EntryPoint","urlTemplate":"https:\/\/globdocuments.com\/?s={search_term_string}"},"query-input":{"@type":"PropertyValueSpecification","valueRequired":true,"valueName":"search_term_string"}}],"inLanguage":"de"}]}},"_links":{"self":[{"href":"https:\/\/globdocuments.com\/de\/wp-json\/wp\/v2\/product\/404","targetHints":{"allow":["GET"]}}],"collection":[{"href":"https:\/\/globdocuments.com\/de\/wp-json\/wp\/v2\/product"}],"about":[{"href":"https:\/\/globdocuments.com\/de\/wp-json\/wp\/v2\/types\/product"}],"replies":[{"embeddable":true,"href":"https:\/\/globdocuments.com\/de\/wp-json\/wp\/v2\/comments?post=404"}],"wp:featuredmedia":[{"embeddable":true,"href":"https:\/\/globdocuments.com\/de\/wp-json\/wp\/v2\/media\/493"}],"wp:attachment":[{"href":"https:\/\/globdocuments.com\/de\/wp-json\/wp\/v2\/media?parent=404"}],"wp:term":[{"taxonomy":"product_brand","embeddable":true,"href":"https:\/\/globdocuments.com\/de\/wp-json\/wp\/v2\/product_brand?post=404"},{"taxonomy":"product_cat","embeddable":true,"href":"https:\/\/globdocuments.com\/de\/wp-json\/wp\/v2\/product_cat?post=404"},{"taxonomy":"product_tag","embeddable":true,"href":"https:\/\/globdocuments.com\/de\/wp-json\/wp\/v2\/product_tag?post=404"}],"curies":[{"name":"wp","href":"https:\/\/api.w.org\/{rel}","templated":true}]}}