{"id":403,"date":"2022-11-03T07:17:53","date_gmt":"2022-11-03T07:17:53","guid":{"rendered":"https:\/\/globdocuments.com\/product\/australian-passport\/"},"modified":"2024-09-04T10:04:39","modified_gmt":"2024-09-04T10:04:39","slug":"australian-passport","status":"publish","type":"product","link":"https:\/\/globdocuments.com\/de\/produkt\/australian-passport\/","title":{"rendered":"Australischer Reisepass"},"content":{"rendered":"<p>Australischen Reisepass kaufen. <span style=\"background-color: var(--global--color-background); color: var(--global--color-primary); font-family: var(--global--font-secondary); font-size: var(--global--font-size-base);\">Australische Reisep\u00e4sse sind Reisedokumente, die australischen Staatsb\u00fcrgern gem\u00e4\u00df dem Australian Passports Act 2005 vom Australian Passport Office des Department of Foreign Affairs and Trade (DFAT) sowohl in Australien als auch im Ausland ausgestellt werden und dem Passinhaber internationale Reisen erm\u00f6glichen. Australischen Staatsb\u00fcrgern ist es gestattet, Reisep\u00e4sse anderer L\u00e4nder zu besitzen.<\/span><\/p>\n<p>Seit dem 24. Oktober 2005 stellt Australien nur noch biometrische Reisep\u00e4sse aus, sogenannte ePassports, die \u00fcber einen eingebetteten Mikrochip verf\u00fcgen, der dieselben pers\u00f6nlichen Informationen enth\u00e4lt, die auch auf der Farbfotoseite des Reisepasses stehen, einschlie\u00dflich eines digitalisierten Fotos. Da alle fr\u00fcheren Reisep\u00e4sse inzwischen abgelaufen sind, sind alle australischen Reisep\u00e4sse nun biometrisch. Der eingebettete Chip speichert das digitalisierte Foto des Inhabers, den Namen, das Geschlecht, das Geburtsdatum, die Nationalit\u00e4t, die Passnummer und das Ablaufdatum des Reisepasses. Dies sind dieselben Informationen, die auf der gedruckten Informationsseite jedes Reisepasses erscheinen.<\/p>\n<p>Passkosten:<\/p>\n<p>Die Kosten f\u00fcr einen gef\u00e4lschten Reisepass sind sehr hoch, wenn Sie versuchen, ihn woanders zu kaufen. Wir bieten Reisep\u00e4sse zu sehr niedrigen Preisen an. \u00dcber unsere Website k\u00f6nnen Sie Reisep\u00e4sse verschiedener Nationalit\u00e4ten online kaufen. Die Kosten variieren je nach Nationalit\u00e4t und sind auf unserer Website aufgef\u00fchrt. Gef\u00e4lschte Reisep\u00e4sse sind Kopien echter P\u00e4sse, die von unbefugten, aber fachkundigen Personen illegal als Originale modifiziert wurden. Sie k\u00f6nnen genutzt werden, um L\u00e4nder trotz Ausreiseverboten zu verlassen, f\u00fcr Identit\u00e4tsdiebstahl, von illegalen Einwanderern oder Personen im Bereich der organisierten Kriminalit\u00e4t. Es ist riskant, solche Dokumente online zu erwerben, daher ben\u00f6tigen Sie einen vertrauensw\u00fcrdigen Partner. Bestellen Sie jetzt \u00fcber unsere Website.<\/p>\n<p>Reisepass online kaufen:<\/p>\n<p>Der Online-Kauf ist einfach: Website \u00f6ffnen, Pass w\u00e4hlen, Details ansehen, Menge festlegen und in den Warenkorb legen. F\u00fcllen Sie das Informationsformular sorgf\u00e4ltig aus und w\u00e4hlen Sie die Zahlungsmethode. Sie k\u00f6nnen Ihre Bestellung auch \u00fcber \u201eTrace your order\u201c verfolgen. Wir handeln mit echten und gef\u00e4lschten P\u00e4ssen weltweit und helfen Personen mit Reiseverboten oder Einwanderungsproblemen.<\/p>\n<p>Australischen Reisepass kaufen<\/p>\n<p>Physische gef\u00e4lschte P\u00e4sse verschiedener Nationalit\u00e4ten sind verf\u00fcgbar. Wenn Sie Einwanderungsprobleme oder Reisebeschr\u00e4nkungen haben, loggen Sie sich ein und kaufen Sie diskret ein Dokument. Wir bieten gef\u00e4lschte P\u00e4sse an, die zu 99,9 % den Originalen entsprechen. Wir kennen die Sicherheitssysteme an Flugh\u00e4fen und Grenz\u00fcberg\u00e4ngen genau und erf\u00fcllen alle Formalit\u00e4ten, um Sicherheitsrisiken zu minimieren. Unser Expertenteam ist hochprofessionell und mit Scan-Verfahren vertraut.<\/p>\n<p>G\u00fcnstigster Reisepass zum Kauf:<\/p>\n<p>Wir bieten die g\u00fcnstigsten Reisep\u00e4sse an. Unsere Kunden sind oft Gesch\u00e4ftsleute aus entwickelten L\u00e4ndern, die viel reisen. Wenn Sie eine zweite Nationalit\u00e4t ben\u00f6tigen, ist dies online oft schwierig zu finden. Wir sind eine Agentur f\u00fcr Passantr\u00e4ge und bieten L\u00f6sungen f\u00fcr Namens\u00e4nderungen, Erneuerungen oder Reiseverbote. W\u00e4hlen Sie einfach jede Nationalit\u00e4t der Welt auf unserer Website.<\/p>\n<p>Erhalten Sie Ihren Pass online:<\/p>\n<p>Erhalten Sie Ihren Pass innerhalb weniger Tage. Die normale Bearbeitung dauert oft 2-3 Wochen. Eine zweite Staatsb\u00fcrgerschaft durch Investition ist legal, aber oft teuer und kompliziert. Wenn Sie unkompliziert und g\u00fcnstig mehrere Nationalit\u00e4ten besitzen m\u00f6chten, loggen Sie sich bei uns ein.<\/p>\n<p>Echte und gef\u00e4lschte Reisep\u00e4sse online kaufen:<\/p>\n<p>Wir verwalten den Online-Verkauf von echten und gef\u00e4lschten P\u00e4ssen weltweit. Eine gef\u00e4lschte Identit\u00e4t ist eine Kopie eines Reisedokuments, das von einem Land oder einer Beh\u00f6rde ausgestellt wurde. Solche P\u00e4sse werden genutzt, um Ausreiseverbote zu umgehen, f\u00fcr Datenbetrug oder illegale Migration.<\/p>\n<p>Australischen Reisepass kaufen<\/p>\n<p>F\u00fcr Reisende oder Gesch\u00e4ftsleute sind verschiedene Nationalit\u00e4ten bei Reisebeschr\u00e4nkungen hilfreich. Ein gef\u00e4lschter Pass ist leicht zu erwerben. Wir sind eine vertrauensw\u00fcrdige Website ohne Einschr\u00e4nkungen. Legale gef\u00e4lschte P\u00e4sse (Camouflage-P\u00e4sse) sind so gestaltet, dass sie wie echte P\u00e4sse aussehen, werden aber oft auf Namen nicht existierender L\u00e4nder ausgestellt und k\u00f6nnen mit passenden Dokumenten wie internationalen F\u00fchrerscheinen verkauft werden.<\/p>","protected":false},"excerpt":{"rendered":"<p>Australischen Reisepass kaufen. <span style=\"background-color: var(--global--color-background); color: var(--global--color-primary); font-family: var(--global--font-secondary); font-size: var(--global--font-size-base);\">Australische Reisep\u00e4sse sind Reisedokumente, die australischen Staatsb\u00fcrgern gem\u00e4\u00df dem Australian Passports Act 2005 vom Australian Passport Office des Department of Foreign Affairs and Trade (DFAT) sowohl in Australien als auch im Ausland ausgestellt werden und dem Passinhaber internationale Reisen erm\u00f6glichen. Australischen Staatsb\u00fcrgern ist es gestattet, Reisep\u00e4sse anderer L\u00e4nder zu besitzen.<\/span><\/p>","protected":false},"featured_media":462,"comment_status":"closed","ping_status":"closed","template":"","meta":{"site-sidebar-layout":"default","site-content-layout":"","ast-site-content-layout":"default","site-content-style":"default","site-sidebar-style":"default","ast-global-header-display":"","ast-banner-title-visibility":"","ast-main-header-display":"","ast-hfb-above-header-display":"","ast-hfb-below-header-display":"","ast-hfb-mobile-header-display":"","site-post-title":"","ast-breadcrumbs-content":"","ast-featured-img":"","footer-sml-layout":"","theme-transparent-header-meta":"default","adv-header-id-meta":"","stick-header-meta":"","header-above-stick-meta":"","header-main-stick-meta":"","header-below-stick-meta":"","astra-migrate-meta-layouts":"set","ast-page-background-enabled":"default","ast-page-background-meta":{"desktop":{"background-color":"var(--ast-global-color-4)","background-image":"","background-repeat":"repeat","background-position":"center center","background-size":"auto","background-attachment":"scroll","background-type":"","background-media":"","overlay-type":"","overlay-color":"","overlay-opacity":"","overlay-gradient":""},"tablet":{"background-color":"","background-image":"","background-repeat":"repeat","background-position":"center center","background-size":"auto","background-attachment":"scroll","background-type":"","background-media":"","overlay-type":"","overlay-color":"","overlay-opacity":"","overlay-gradient":""},"mobile":{"background-color":"","background-image":"","background-repeat":"repeat","background-position":"center center","background-size":"auto","background-attachment":"scroll","background-type":"","background-media":"","overlay-type":"","overlay-color":"","overlay-opacity":"","overlay-gradient":""}},"ast-content-background-meta":{"desktop":{"background-color":"var(--ast-global-color-5)","background-image":"","background-repeat":"repeat","background-position":"center center","background-size":"auto","background-attachment":"scroll","background-type":"","background-media":"","overlay-type":"","overlay-color":"","overlay-opacity":"","overlay-gradient":""},"tablet":{"background-color":"var(--ast-global-color-5)","background-image":"","background-repeat":"repeat","background-position":"center center","background-size":"auto","background-attachment":"scroll","background-type":"","background-media":"","overlay-type":"","overlay-color":"","overlay-opacity":"","overlay-gradient":""},"mobile":{"background-color":"var(--ast-global-color-5)","background-image":"","background-repeat":"repeat","background-position":"center center","background-size":"auto","background-attachment":"scroll","background-type":"","background-media":"","overlay-type":"","overlay-color":"","overlay-opacity":"","overlay-gradient":""}}},"product_brand":[],"product_cat":[30],"product_tag":[],"class_list":{"0":"post-403","1":"product","2":"type-product","3":"status-publish","4":"has-post-thumbnail","6":"product_cat-passport","7":"desktop-align-left","8":"tablet-align-left","9":"mobile-align-left","11":"first","12":"instock","13":"purchasable","14":"product-type-simple"},"yoast_head":"<!-- This site is optimized with the Yoast SEO plugin v26.5 - https:\/\/yoast.com\/wordpress\/plugins\/seo\/ -->\n<title>Buy Fake Australian Passport Online in France | Glob Documents<\/title>\n<meta name=\"description\" content=\"Are you searching to buy a fake Australian passport online in France? Then visit Glob Documents. We provide high-quality Australian documents. Order now!\" \/>\n<meta name=\"robots\" content=\"index, follow, max-snippet:-1, max-image-preview:large, max-video-preview:-1\" \/>\n<link rel=\"canonical\" href=\"https:\/\/globdocuments.com\/de\/produkt\/australian-passport\/\" \/>\n<meta property=\"og:locale\" content=\"de_DE\" \/>\n<meta property=\"og:type\" content=\"article\" \/>\n<meta property=\"og:title\" content=\"Buy Fake Australian Passport Online in France | Glob Documents\" \/>\n<meta property=\"og:description\" content=\"Are you searching to buy a fake Australian passport online in France? Then visit Glob Documents. We provide high-quality Australian documents. Order now!\" \/>\n<meta property=\"og:url\" content=\"https:\/\/globdocuments.com\/de\/produkt\/australian-passport\/\" \/>\n<meta property=\"article:modified_time\" content=\"2024-09-04T10:04:39+00:00\" \/>\n<meta property=\"og:image\" content=\"https:\/\/globdocuments.com\/wp-content\/uploads\/2022\/11\/australian-pasport.png\" \/>\n\t<meta property=\"og:image:width\" content=\"450\" \/>\n\t<meta property=\"og:image:height\" content=\"450\" \/>\n\t<meta property=\"og:image:type\" content=\"image\/png\" \/>\n<meta name=\"twitter:card\" content=\"summary_large_image\" \/>\n<meta name=\"twitter:label1\" content=\"Gesch\u00e4tzte Lesezeit\" \/>\n\t<meta name=\"twitter:data1\" content=\"7\u00a0Minuten\" \/>\n<script type=\"application\/ld+json\" class=\"yoast-schema-graph\">{\"@context\":\"https:\/\/schema.org\",\"@graph\":[{\"@type\":\"WebPage\",\"@id\":\"https:\/\/globdocuments.com\/product\/australian-passport\/\",\"url\":\"https:\/\/globdocuments.com\/product\/australian-passport\/\",\"name\":\"Buy Fake Australian Passport Online in France | Glob Documents\",\"isPartOf\":{\"@id\":\"https:\/\/globdocuments.com\/#website\"},\"primaryImageOfPage\":{\"@id\":\"https:\/\/globdocuments.com\/product\/australian-passport\/#primaryimage\"},\"image\":{\"@id\":\"https:\/\/globdocuments.com\/product\/australian-passport\/#primaryimage\"},\"thumbnailUrl\":\"https:\/\/globdocuments.com\/wp-content\/uploads\/2022\/11\/australian-pasport.png\",\"datePublished\":\"2022-11-03T07:17:53+00:00\",\"dateModified\":\"2024-09-04T10:04:39+00:00\",\"description\":\"Are you searching to buy a fake Australian passport online in France? Then visit Glob Documents. We provide high-quality Australian documents. Order now!\",\"breadcrumb\":{\"@id\":\"https:\/\/globdocuments.com\/product\/australian-passport\/#breadcrumb\"},\"inLanguage\":\"de\",\"potentialAction\":[{\"@type\":\"ReadAction\",\"target\":[\"https:\/\/globdocuments.com\/product\/australian-passport\/\"]}]},{\"@type\":\"ImageObject\",\"inLanguage\":\"de\",\"@id\":\"https:\/\/globdocuments.com\/product\/australian-passport\/#primaryimage\",\"url\":\"https:\/\/globdocuments.com\/wp-content\/uploads\/2022\/11\/australian-pasport.png\",\"contentUrl\":\"https:\/\/globdocuments.com\/wp-content\/uploads\/2022\/11\/australian-pasport.png\",\"width\":450,\"height\":450,\"caption\":\"Australian Passport\"},{\"@type\":\"BreadcrumbList\",\"@id\":\"https:\/\/globdocuments.com\/product\/australian-passport\/#breadcrumb\",\"itemListElement\":[{\"@type\":\"ListItem\",\"position\":1,\"name\":\"Shop\",\"item\":\"https:\/\/globdocuments.com\/shop\/\"},{\"@type\":\"ListItem\",\"position\":2,\"name\":\"Australian Passport\"}]},{\"@type\":\"WebSite\",\"@id\":\"https:\/\/globdocuments.com\/#website\",\"url\":\"https:\/\/globdocuments.com\/\",\"name\":\"\",\"description\":\"Buy real fake documents online\",\"potentialAction\":[{\"@type\":\"SearchAction\",\"target\":{\"@type\":\"EntryPoint\",\"urlTemplate\":\"https:\/\/globdocuments.com\/?s={search_term_string}\"},\"query-input\":{\"@type\":\"PropertyValueSpecification\",\"valueRequired\":true,\"valueName\":\"search_term_string\"}}],\"inLanguage\":\"de\"}]}<\/script>\n<!-- \/ Yoast SEO plugin. -->","yoast_head_json":{"title":"Buy Fake Australian Passport Online in France | Glob Documents","description":"Are you searching to buy a fake Australian passport online in France? Then visit Glob Documents. We provide high-quality Australian documents. Order now!","robots":{"index":"index","follow":"follow","max-snippet":"max-snippet:-1","max-image-preview":"max-image-preview:large","max-video-preview":"max-video-preview:-1"},"canonical":"https:\/\/globdocuments.com\/de\/produkt\/australian-passport\/","og_locale":"de_DE","og_type":"article","og_title":"Buy Fake Australian Passport Online in France | Glob Documents","og_description":"Are you searching to buy a fake Australian passport online in France? Then visit Glob Documents. We provide high-quality Australian documents. Order now!","og_url":"https:\/\/globdocuments.com\/de\/produkt\/australian-passport\/","article_modified_time":"2024-09-04T10:04:39+00:00","og_image":[{"width":450,"height":450,"url":"https:\/\/globdocuments.com\/wp-content\/uploads\/2022\/11\/australian-pasport.png","type":"image\/png"}],"twitter_card":"summary_large_image","twitter_misc":{"Gesch\u00e4tzte Lesezeit":"7\u00a0Minuten"},"schema":{"@context":"https:\/\/schema.org","@graph":[{"@type":"WebPage","@id":"https:\/\/globdocuments.com\/product\/australian-passport\/","url":"https:\/\/globdocuments.com\/product\/australian-passport\/","name":"Buy Fake Australian Passport Online in France | Glob Documents","isPartOf":{"@id":"https:\/\/globdocuments.com\/#website"},"primaryImageOfPage":{"@id":"https:\/\/globdocuments.com\/product\/australian-passport\/#primaryimage"},"image":{"@id":"https:\/\/globdocuments.com\/product\/australian-passport\/#primaryimage"},"thumbnailUrl":"https:\/\/globdocuments.com\/wp-content\/uploads\/2022\/11\/australian-pasport.png","datePublished":"2022-11-03T07:17:53+00:00","dateModified":"2024-09-04T10:04:39+00:00","description":"Are you searching to buy a fake Australian passport online in France? Then visit Glob Documents. We provide high-quality Australian documents. Order now!","breadcrumb":{"@id":"https:\/\/globdocuments.com\/product\/australian-passport\/#breadcrumb"},"inLanguage":"de","potentialAction":[{"@type":"ReadAction","target":["https:\/\/globdocuments.com\/product\/australian-passport\/"]}]},{"@type":"ImageObject","inLanguage":"de","@id":"https:\/\/globdocuments.com\/product\/australian-passport\/#primaryimage","url":"https:\/\/globdocuments.com\/wp-content\/uploads\/2022\/11\/australian-pasport.png","contentUrl":"https:\/\/globdocuments.com\/wp-content\/uploads\/2022\/11\/australian-pasport.png","width":450,"height":450,"caption":"Australian Passport"},{"@type":"BreadcrumbList","@id":"https:\/\/globdocuments.com\/product\/australian-passport\/#breadcrumb","itemListElement":[{"@type":"ListItem","position":1,"name":"Shop","item":"https:\/\/globdocuments.com\/shop\/"},{"@type":"ListItem","position":2,"name":"Australian Passport"}]},{"@type":"WebSite","@id":"https:\/\/globdocuments.com\/#website","url":"https:\/\/globdocuments.com\/","name":"","description":"Echte gef\u00e4lschte Dokumente online kaufen","potentialAction":[{"@type":"SearchAction","target":{"@type":"EntryPoint","urlTemplate":"https:\/\/globdocuments.com\/?s={search_term_string}"},"query-input":{"@type":"PropertyValueSpecification","valueRequired":true,"valueName":"search_term_string"}}],"inLanguage":"de"}]}},"_links":{"self":[{"href":"https:\/\/globdocuments.com\/de\/wp-json\/wp\/v2\/product\/403","targetHints":{"allow":["GET"]}}],"collection":[{"href":"https:\/\/globdocuments.com\/de\/wp-json\/wp\/v2\/product"}],"about":[{"href":"https:\/\/globdocuments.com\/de\/wp-json\/wp\/v2\/types\/product"}],"replies":[{"embeddable":true,"href":"https:\/\/globdocuments.com\/de\/wp-json\/wp\/v2\/comments?post=403"}],"wp:featuredmedia":[{"embeddable":true,"href":"https:\/\/globdocuments.com\/de\/wp-json\/wp\/v2\/media\/462"}],"wp:attachment":[{"href":"https:\/\/globdocuments.com\/de\/wp-json\/wp\/v2\/media?parent=403"}],"wp:term":[{"taxonomy":"product_brand","embeddable":true,"href":"https:\/\/globdocuments.com\/de\/wp-json\/wp\/v2\/product_brand?post=403"},{"taxonomy":"product_cat","embeddable":true,"href":"https:\/\/globdocuments.com\/de\/wp-json\/wp\/v2\/product_cat?post=403"},{"taxonomy":"product_tag","embeddable":true,"href":"https:\/\/globdocuments.com\/de\/wp-json\/wp\/v2\/product_tag?post=403"}],"curies":[{"name":"wp","href":"https:\/\/api.w.org\/{rel}","templated":true}]}}