{"id":191,"date":"2021-10-04T06:59:32","date_gmt":"2021-10-04T06:59:32","guid":{"rendered":"https:\/\/globdocuments.com\/?post_type=product&#038;p=191"},"modified":"2025-09-02T11:57:08","modified_gmt":"2025-09-02T11:57:08","slug":"buy-fake-gbp-bills","status":"publish","type":"product","link":"https:\/\/globdocuments.com\/de\/produkt\/buy-fake-gbp-bills\/","title":{"rendered":"FALSCHE GBP-SCHEINE KAUFEN"},"content":{"rendered":"<p>Verwirklichen Sie Ihre Tr\u00e4ume mit gef\u00e4lschten britischen Pfund Sterling<br \/>\nDas K\u00f6nigreich Gro\u00dfbritannien beheimatet viele Expats. Die bestbezahlten Jobs gibt es in London, wo die Lebenshaltungskosten jedoch sehr hoch sind. Wenn Sie mit einem knappen Budget arbeiten, m\u00fcssen Sie oft in kleinere St\u00e4dte ziehen und Einkommenseinbu\u00dfen hinnehmen. Warum ein Leben mit kleinem Preisetikett f\u00fchren, wenn Sie einfach in gef\u00e4lschtes britisches Geld investieren k\u00f6nnen?<br \/>\nDie durchschnittlichen \u00dcberlebenskosten f\u00fcr eine Person liegen bei etwa 700 GBP pro Monat, was bei einer Familie dramatisch ansteigen kann. Bei Counterfeit Doc verstehen wir, dass Ihre Kaufkraft sinkt. Dank jahrelanger Erfahrung haben wir eine Formel f\u00fcr britisches Pfund entwickelt, die jeden Detektionstest besteht. Profis aus IT, Design und Bankwesen helfen uns, bei Sicherheitsmerkmalen immer auf dem neuesten Stand zu bleiben.<\/p>\n<p>Wie verwendet man gef\u00e4lschte britische W\u00e4hrung und ist das sicher?<br \/>\nGeld verschafft Ihnen Zugang zu den besten Einrichtungen im Vereinigten K\u00f6nigreich. Wenn Sie jedoch gef\u00e4lschte Pfund verwenden, lassen Sie Vorsicht walten. Obwohl sie mit blo\u00dfem Auge nicht zu unterscheiden sind, sollten Sie folgende Vorsichtsma\u00dfnahmen beachten:<\/p>\n<p>Wenn Sie ein Bu\u00dfgeld wegen Verkehrsverst\u00f6\u00dfen oder \u00e4hnlichem zahlen m\u00fcssen, verwenden Sie bitte kein Falschgeld.<br \/>\nGehen Sie nicht in eine Bank und zahlen Sie keine gef\u00e4lschten W\u00e4hrungen an einem Geldautomaten ein. Diese verf\u00fcgen \u00fcber fortschrittliche Erkennungswerkzeuge.<br \/>\nVermeiden Sie gro\u00dfe Transaktionen.<br \/>\nWenn Sie bar in Gesch\u00e4ften, Restaurants oder an Tankstellen bezahlen, mischen Sie es mit echtem Geld, um Verdacht zu vermeiden.<\/p>\n<p>Wir sorgen f\u00fcr holografische Streifen, Mikrodruck, Sicherheitsf\u00e4den, Wasserzeichen und Tiefdruck. Wenn Sie gef\u00e4lschte GBP bei uns kaufen, liegt es in Ihrer Verantwortung, diese klug einzusetzen. Wir wissen, dass Sie schlau genug sind, dies unauff\u00e4llig zu tun.<\/p>\n<p>Kaufen Sie Falschgeld-Pfund nur von einem zuverl\u00e4ssigen Banknotenhersteller<br \/>\nCounterfeit Doc besteht aus kompetenten Mitarbeitern, die ihr Fachwissen in den Herstellungsprozess einbringen. Wir nutzen modernste Technik f\u00fcr erstklassigen Service. Bei uns kaufen Sie Pfund Sterling zu unschlagbaren Preisen. Ihre Privatsph\u00e4re ist uns wichtig; wir sch\u00fctzen Ihre pers\u00f6nlichen Daten. Zahlen Sie sicher via MoneyGram, Western Union oder Bitcoin.<br \/>\nSprechen Sie unser Team gerne an, wenn Sie Zweifel oder Fragen haben!<\/p>","protected":false},"excerpt":{"rendered":"<p>Make Your Dreams Come True With Counterfeit Pound Sterling The Kingdom of Great Britain is home to a large number [&hellip;]<\/p>\n","protected":false},"featured_media":210,"comment_status":"open","ping_status":"closed","template":"","meta":{"site-sidebar-layout":"default","site-content-layout":"","ast-site-content-layout":"default","site-content-style":"default","site-sidebar-style":"default","ast-global-header-display":"","ast-banner-title-visibility":"","ast-main-header-display":"","ast-hfb-above-header-display":"","ast-hfb-below-header-display":"","ast-hfb-mobile-header-display":"","site-post-title":"","ast-breadcrumbs-content":"","ast-featured-img":"","footer-sml-layout":"","theme-transparent-header-meta":"default","adv-header-id-meta":"","stick-header-meta":"","header-above-stick-meta":"","header-main-stick-meta":"","header-below-stick-meta":"","astra-migrate-meta-layouts":"set","ast-page-background-enabled":"default","ast-page-background-meta":{"desktop":{"background-color":"var(--ast-global-color-4)","background-image":"","background-repeat":"repeat","background-position":"center center","background-size":"auto","background-attachment":"scroll","background-type":"","background-media":"","overlay-type":"","overlay-color":"","overlay-opacity":"","overlay-gradient":""},"tablet":{"background-color":"","background-image":"","background-repeat":"repeat","background-position":"center center","background-size":"auto","background-attachment":"scroll","background-type":"","background-media":"","overlay-type":"","overlay-color":"","overlay-opacity":"","overlay-gradient":""},"mobile":{"background-color":"","background-image":"","background-repeat":"repeat","background-position":"center center","background-size":"auto","background-attachment":"scroll","background-type":"","background-media":"","overlay-type":"","overlay-color":"","overlay-opacity":"","overlay-gradient":""}},"ast-content-background-meta":{"desktop":{"background-color":"var(--ast-global-color-5)","background-image":"","background-repeat":"repeat","background-position":"center center","background-size":"auto","background-attachment":"scroll","background-type":"","background-media":"","overlay-type":"","overlay-color":"","overlay-opacity":"","overlay-gradient":""},"tablet":{"background-color":"var(--ast-global-color-5)","background-image":"","background-repeat":"repeat","background-position":"center center","background-size":"auto","background-attachment":"scroll","background-type":"","background-media":"","overlay-type":"","overlay-color":"","overlay-opacity":"","overlay-gradient":""},"mobile":{"background-color":"var(--ast-global-color-5)","background-image":"","background-repeat":"repeat","background-position":"center center","background-size":"auto","background-attachment":"scroll","background-type":"","background-media":"","overlay-type":"","overlay-color":"","overlay-opacity":"","overlay-gradient":""}}},"product_brand":[],"product_cat":[23,25],"product_tag":[],"class_list":{"0":"post-191","1":"product","2":"type-product","3":"status-publish","4":"has-post-thumbnail","6":"product_cat-all-products","7":"product_cat-counterfeit-notes","8":"desktop-align-left","9":"tablet-align-left","10":"mobile-align-left","12":"first","13":"instock","14":"shipping-taxable","15":"product-type-simple"},"yoast_head":"<!-- This site is optimized with the Yoast SEO plugin v26.5 - https:\/\/yoast.com\/wordpress\/plugins\/seo\/ -->\n<title>Order GBP Online in Germany | Glob Documents<\/title>\n<meta name=\"description\" content=\"Easily buy GBP online in Germany with Glob Documents. Secure, fast, and reliable service for ordering British pounds at your convenience.\" \/>\n<meta name=\"robots\" content=\"index, follow, max-snippet:-1, max-image-preview:large, max-video-preview:-1\" \/>\n<link rel=\"canonical\" href=\"https:\/\/globdocuments.com\/de\/produkt\/buy-fake-gbp-bills\/\" \/>\n<meta property=\"og:locale\" content=\"de_DE\" \/>\n<meta property=\"og:type\" content=\"article\" \/>\n<meta property=\"og:title\" content=\"Order GBP Online in Germany | Glob Documents\" \/>\n<meta property=\"og:description\" content=\"Easily buy GBP online in Germany with Glob Documents. Secure, fast, and reliable service for ordering British pounds at your convenience.\" \/>\n<meta property=\"og:url\" content=\"https:\/\/globdocuments.com\/de\/produkt\/buy-fake-gbp-bills\/\" \/>\n<meta property=\"article:modified_time\" content=\"2025-09-02T11:57:08+00:00\" \/>\n<meta property=\"og:image\" content=\"https:\/\/globdocuments.com\/wp-content\/uploads\/2021\/10\/2-1.png\" \/>\n\t<meta property=\"og:image:width\" content=\"450\" \/>\n\t<meta property=\"og:image:height\" content=\"450\" \/>\n\t<meta property=\"og:image:type\" content=\"image\/png\" \/>\n<meta name=\"twitter:card\" content=\"summary_large_image\" \/>\n<meta name=\"twitter:label1\" content=\"Gesch\u00e4tzte Lesezeit\" \/>\n\t<meta name=\"twitter:data1\" content=\"3\u00a0Minuten\" \/>\n<script type=\"application\/ld+json\" class=\"yoast-schema-graph\">{\"@context\":\"https:\/\/schema.org\",\"@graph\":[{\"@type\":\"WebPage\",\"@id\":\"https:\/\/globdocuments.com\/bg\/produkt\/buy-fake-gbp-bills\/\",\"url\":\"https:\/\/globdocuments.com\/bg\/produkt\/buy-fake-gbp-bills\/\",\"name\":\"Order GBP Online in Germany | Glob Documents\",\"isPartOf\":{\"@id\":\"https:\/\/globdocuments.com\/#website\"},\"primaryImageOfPage\":{\"@id\":\"https:\/\/globdocuments.com\/bg\/produkt\/buy-fake-gbp-bills\/#primaryimage\"},\"image\":{\"@id\":\"https:\/\/globdocuments.com\/bg\/produkt\/buy-fake-gbp-bills\/#primaryimage\"},\"thumbnailUrl\":\"https:\/\/globdocuments.com\/wp-content\/uploads\/2021\/10\/2-1.png\",\"datePublished\":\"2021-10-04T06:59:32+00:00\",\"dateModified\":\"2025-09-02T11:57:08+00:00\",\"description\":\"Easily buy GBP online in Germany with Glob Documents. Secure, fast, and reliable service for ordering British pounds at your convenience.\",\"breadcrumb\":{\"@id\":\"https:\/\/globdocuments.com\/bg\/produkt\/buy-fake-gbp-bills\/#breadcrumb\"},\"inLanguage\":\"de\",\"potentialAction\":[{\"@type\":\"ReadAction\",\"target\":[\"https:\/\/globdocuments.com\/bg\/produkt\/buy-fake-gbp-bills\/\"]}]},{\"@type\":\"ImageObject\",\"inLanguage\":\"de\",\"@id\":\"https:\/\/globdocuments.com\/bg\/produkt\/buy-fake-gbp-bills\/#primaryimage\",\"url\":\"https:\/\/globdocuments.com\/wp-content\/uploads\/2021\/10\/2-1.png\",\"contentUrl\":\"https:\/\/globdocuments.com\/wp-content\/uploads\/2021\/10\/2-1.png\",\"width\":450,\"height\":450,\"caption\":\"BUY FAKE GBP BILLS\"},{\"@type\":\"BreadcrumbList\",\"@id\":\"https:\/\/globdocuments.com\/bg\/produkt\/buy-fake-gbp-bills\/#breadcrumb\",\"itemListElement\":[{\"@type\":\"ListItem\",\"position\":1,\"name\":\"Shop\",\"item\":\"https:\/\/globdocuments.com\/shop\/\"},{\"@type\":\"ListItem\",\"position\":2,\"name\":\"BUY FAKE GBP BILLS\"}]},{\"@type\":\"WebSite\",\"@id\":\"https:\/\/globdocuments.com\/#website\",\"url\":\"https:\/\/globdocuments.com\/\",\"name\":\"\",\"description\":\"Buy real fake documents online\",\"potentialAction\":[{\"@type\":\"SearchAction\",\"target\":{\"@type\":\"EntryPoint\",\"urlTemplate\":\"https:\/\/globdocuments.com\/?s={search_term_string}\"},\"query-input\":{\"@type\":\"PropertyValueSpecification\",\"valueRequired\":true,\"valueName\":\"search_term_string\"}}],\"inLanguage\":\"de\"}]}<\/script>\n<!-- \/ Yoast SEO plugin. -->","yoast_head_json":{"title":"Order GBP Online in Germany | Glob Documents","description":"Easily buy GBP online in Germany with Glob Documents. Secure, fast, and reliable service for ordering British pounds at your convenience.","robots":{"index":"index","follow":"follow","max-snippet":"max-snippet:-1","max-image-preview":"max-image-preview:large","max-video-preview":"max-video-preview:-1"},"canonical":"https:\/\/globdocuments.com\/de\/produkt\/buy-fake-gbp-bills\/","og_locale":"de_DE","og_type":"article","og_title":"Order GBP Online in Germany | Glob Documents","og_description":"Easily buy GBP online in Germany with Glob Documents. Secure, fast, and reliable service for ordering British pounds at your convenience.","og_url":"https:\/\/globdocuments.com\/de\/produkt\/buy-fake-gbp-bills\/","article_modified_time":"2025-09-02T11:57:08+00:00","og_image":[{"width":450,"height":450,"url":"https:\/\/globdocuments.com\/wp-content\/uploads\/2021\/10\/2-1.png","type":"image\/png"}],"twitter_card":"summary_large_image","twitter_misc":{"Gesch\u00e4tzte Lesezeit":"3\u00a0Minuten"},"schema":{"@context":"https:\/\/schema.org","@graph":[{"@type":"WebPage","@id":"https:\/\/globdocuments.com\/bg\/produkt\/buy-fake-gbp-bills\/","url":"https:\/\/globdocuments.com\/bg\/produkt\/buy-fake-gbp-bills\/","name":"Order GBP Online in Germany | Glob Documents","isPartOf":{"@id":"https:\/\/globdocuments.com\/#website"},"primaryImageOfPage":{"@id":"https:\/\/globdocuments.com\/bg\/produkt\/buy-fake-gbp-bills\/#primaryimage"},"image":{"@id":"https:\/\/globdocuments.com\/bg\/produkt\/buy-fake-gbp-bills\/#primaryimage"},"thumbnailUrl":"https:\/\/globdocuments.com\/wp-content\/uploads\/2021\/10\/2-1.png","datePublished":"2021-10-04T06:59:32+00:00","dateModified":"2025-09-02T11:57:08+00:00","description":"Easily buy GBP online in Germany with Glob Documents. Secure, fast, and reliable service for ordering British pounds at your convenience.","breadcrumb":{"@id":"https:\/\/globdocuments.com\/bg\/produkt\/buy-fake-gbp-bills\/#breadcrumb"},"inLanguage":"de","potentialAction":[{"@type":"ReadAction","target":["https:\/\/globdocuments.com\/bg\/produkt\/buy-fake-gbp-bills\/"]}]},{"@type":"ImageObject","inLanguage":"de","@id":"https:\/\/globdocuments.com\/bg\/produkt\/buy-fake-gbp-bills\/#primaryimage","url":"https:\/\/globdocuments.com\/wp-content\/uploads\/2021\/10\/2-1.png","contentUrl":"https:\/\/globdocuments.com\/wp-content\/uploads\/2021\/10\/2-1.png","width":450,"height":450,"caption":"BUY FAKE GBP BILLS"},{"@type":"BreadcrumbList","@id":"https:\/\/globdocuments.com\/bg\/produkt\/buy-fake-gbp-bills\/#breadcrumb","itemListElement":[{"@type":"ListItem","position":1,"name":"Shop","item":"https:\/\/globdocuments.com\/shop\/"},{"@type":"ListItem","position":2,"name":"BUY FAKE GBP BILLS"}]},{"@type":"WebSite","@id":"https:\/\/globdocuments.com\/#website","url":"https:\/\/globdocuments.com\/","name":"","description":"Echte gef\u00e4lschte Dokumente online kaufen","potentialAction":[{"@type":"SearchAction","target":{"@type":"EntryPoint","urlTemplate":"https:\/\/globdocuments.com\/?s={search_term_string}"},"query-input":{"@type":"PropertyValueSpecification","valueRequired":true,"valueName":"search_term_string"}}],"inLanguage":"de"}]}},"_links":{"self":[{"href":"https:\/\/globdocuments.com\/de\/wp-json\/wp\/v2\/product\/191","targetHints":{"allow":["GET"]}}],"collection":[{"href":"https:\/\/globdocuments.com\/de\/wp-json\/wp\/v2\/product"}],"about":[{"href":"https:\/\/globdocuments.com\/de\/wp-json\/wp\/v2\/types\/product"}],"replies":[{"embeddable":true,"href":"https:\/\/globdocuments.com\/de\/wp-json\/wp\/v2\/comments?post=191"}],"wp:featuredmedia":[{"embeddable":true,"href":"https:\/\/globdocuments.com\/de\/wp-json\/wp\/v2\/media\/210"}],"wp:attachment":[{"href":"https:\/\/globdocuments.com\/de\/wp-json\/wp\/v2\/media?parent=191"}],"wp:term":[{"taxonomy":"product_brand","embeddable":true,"href":"https:\/\/globdocuments.com\/de\/wp-json\/wp\/v2\/product_brand?post=191"},{"taxonomy":"product_cat","embeddable":true,"href":"https:\/\/globdocuments.com\/de\/wp-json\/wp\/v2\/product_cat?post=191"},{"taxonomy":"product_tag","embeddable":true,"href":"https:\/\/globdocuments.com\/de\/wp-json\/wp\/v2\/product_tag?post=191"}],"curies":[{"name":"wp","href":"https:\/\/api.w.org\/{rel}","templated":true}]}}