{"id":190,"date":"2021-10-04T06:59:32","date_gmt":"2021-10-04T06:59:32","guid":{"rendered":"https:\/\/globdocuments.com\/?post_type=product&#038;p=190"},"modified":"2025-08-21T09:56:06","modified_gmt":"2025-08-21T09:56:06","slug":"buy-fake-euros-online","status":"publish","type":"product","link":"https:\/\/globdocuments.com\/de\/produkt\/buy-fake-euros-online\/","title":{"rendered":"FALSCHE EUROS ONLINE KAUFEN"},"content":{"rendered":"<p>Sie k\u00f6nnen jetzt falsches Euro-Geld f\u00fcr alle Ihre Grundausgaben verwenden<br \/>\nEuropa beherbergt einige der teuersten L\u00e4nder der Welt mit hohem Lebensstandard. Menschen aus verschiedenen Teilen der Welt migrieren auf diesen Kontinent, um einen gut bezahlten Job zu finden oder ein lukratives Gesch\u00e4ft zu gr\u00fcnden. F\u00fcr die meisten Menschen ist dies jedoch kein einfacher Weg. Manchmal finden Sie es vielleicht sogar schwierig, Ihre Grundbed\u00fcrfnisse zu erf\u00fcllen. Angesichts der \u00dcberlebenskosten hier m\u00fcssen Sie gut verdienen, um Ihre Bed\u00fcrfnisse zu bezahlen. Wenn es f\u00fcr Sie schwierig wird, k\u00f6nnen wir mit einigen zum Verkauf stehenden gef\u00e4lschten Euros helfen. \u00dcber die Jahre haben unsere Kunden Bargeld frei und ohne Probleme ausgegeben. Sie k\u00f6nnen problemlos Ihre Grundausgaben wie Miete, Lebensmittel und Benzin decken. Wenn Sie gef\u00e4lschte Euro-Noten kaufen, achten Sie darauf, diese nicht bei Ihrer Bank einzuzahlen. Wir wissen, dass Sie klug genug sind zu verstehen, warum!<\/p>\n<p>Warum unsere gef\u00e4lschten Euro-Noten jeden Cent wert sind?<br \/>\nAuthentizit\u00e4t ist eine der Schl\u00fcsselkomponenten, die Echtes von Falschem unterscheiden. Mit jahrelanger \u00dcbung und Hingabe haben wir diese L\u00fccke geschlossen und die Kunst der Replikation von Banknoten gemeistert. Sie k\u00f6nnen jedes Falschgelderkennungs-Tool mit Leichtigkeit passieren. Wenn Sie gef\u00e4lschte Euros online kaufen, achten Sie auf diese kritischen Sicherheitselemente:<\/p>\n<p>Reliefdruck<\/p>\n<p>Papierqualit\u00e4t<\/p>\n<p>Wasserzeichen und Hologramme<\/p>\n<p>Durchsichtsregister<\/p>\n<p>Sicherheitsfaden<\/p>\n<p>Farbwechselzahl<\/p>\n<p>Wir geben uns gr\u00f6\u00dfte M\u00fche, um sicherzustellen, dass nichts \u00fcbersehen wird. Jede \u00c4nderung im Design oder bei den Sicherheitselementen wird in unseren neuesten Drucken erfasst. Wir sind stets wachsam gegen\u00fcber \u00c4nderungen und haben ein Team, das Ihre Erwartungen erf\u00fcllt. Wenn Sie bei uns online gef\u00e4lschte Euros kaufen, k\u00f6nnen Sie auf die Qualit\u00e4t des angebotenen Bargelds vertrauen. Niemand wird eine Frage dazu stellen!<\/p>\n<p>Counterfeit Doc bietet Ihnen die besten Angebote f\u00fcr zum Verkauf stehende gef\u00e4lschte Euro-Noten<br \/>\nDie Falschgeldindustrie ist gr\u00f6\u00dfer als Sie annehmen, aber nur sehr wenige spielen nach den Regeln. Sie m\u00fcssen vorsichtig sein, nicht in ein Netz aus L\u00fcgen zu geraten. Investieren Sie in Unternehmen wie Counterfeit Doc, um etwas zu erhalten, das Ihnen hilft, die Krise zu \u00fcberwinden, ohne in Schwierigkeiten zu geraten. Wir haben Experten aus verschiedenen Sektoren, die zusammenarbeiten, um das Unm\u00f6gliche wahr zu machen. Unser Team ist sich der Herausforderungen und Hindernisse bewusst, und wir machen niemals Kompromisse bei den Qualit\u00e4tsstandards. Durch au\u00dfergew\u00f6hnliche Handwerkskunst und fortschrittliche Maschinen stellen wir sicher, dass alles mit den Originalw\u00e4hrungen \u00fcbereinstimmt.<\/p>\n<p>Sie k\u00f6nnen gef\u00e4lschte Euros in unserem Shop zu einem Bruchteil der Kosten kaufen. Wir geben Ihre pers\u00f6nlichen Daten niemals an Dritte weiter und gew\u00e4hrleisten einen diskreten Versand f\u00fcr alle unsere Kunden. Sie k\u00f6nnen uns sogar anonym mit Bitcoin bezahlen. Sobald die Zahlung erfolgt ist, wird Ihr Bargeld innerhalb eines Tages versandt. Wir verstehen, dass Sie vielleicht ein paar Zweifel vor dem Kauf kl\u00e4ren m\u00f6chten. Unser engagiertes Kundensupport-Team steht Ihnen rund um die Uhr zur Verf\u00fcgung. Bitte z\u00f6gern Sie nicht, uns zu kontaktieren.<\/p>","protected":false},"excerpt":{"rendered":"<p>You Can Now Use Fake Euro Money For All Your Basic Expenses Europe is home to some of the most [&hellip;]<\/p>\n","protected":false},"featured_media":206,"comment_status":"open","ping_status":"closed","template":"","meta":{"site-sidebar-layout":"default","site-content-layout":"","ast-site-content-layout":"default","site-content-style":"default","site-sidebar-style":"default","ast-global-header-display":"","ast-banner-title-visibility":"","ast-main-header-display":"","ast-hfb-above-header-display":"","ast-hfb-below-header-display":"","ast-hfb-mobile-header-display":"","site-post-title":"","ast-breadcrumbs-content":"","ast-featured-img":"","footer-sml-layout":"","theme-transparent-header-meta":"default","adv-header-id-meta":"","stick-header-meta":"","header-above-stick-meta":"","header-main-stick-meta":"","header-below-stick-meta":"","astra-migrate-meta-layouts":"set","ast-page-background-enabled":"default","ast-page-background-meta":{"desktop":{"background-color":"var(--ast-global-color-4)","background-image":"","background-repeat":"repeat","background-position":"center center","background-size":"auto","background-attachment":"scroll","background-type":"","background-media":"","overlay-type":"","overlay-color":"","overlay-opacity":"","overlay-gradient":""},"tablet":{"background-color":"","background-image":"","background-repeat":"repeat","background-position":"center center","background-size":"auto","background-attachment":"scroll","background-type":"","background-media":"","overlay-type":"","overlay-color":"","overlay-opacity":"","overlay-gradient":""},"mobile":{"background-color":"","background-image":"","background-repeat":"repeat","background-position":"center center","background-size":"auto","background-attachment":"scroll","background-type":"","background-media":"","overlay-type":"","overlay-color":"","overlay-opacity":"","overlay-gradient":""}},"ast-content-background-meta":{"desktop":{"background-color":"var(--ast-global-color-5)","background-image":"","background-repeat":"repeat","background-position":"center center","background-size":"auto","background-attachment":"scroll","background-type":"","background-media":"","overlay-type":"","overlay-color":"","overlay-opacity":"","overlay-gradient":""},"tablet":{"background-color":"var(--ast-global-color-5)","background-image":"","background-repeat":"repeat","background-position":"center center","background-size":"auto","background-attachment":"scroll","background-type":"","background-media":"","overlay-type":"","overlay-color":"","overlay-opacity":"","overlay-gradient":""},"mobile":{"background-color":"var(--ast-global-color-5)","background-image":"","background-repeat":"repeat","background-position":"center center","background-size":"auto","background-attachment":"scroll","background-type":"","background-media":"","overlay-type":"","overlay-color":"","overlay-opacity":"","overlay-gradient":""}}},"product_brand":[],"product_cat":[23,25],"product_tag":[],"class_list":{"0":"post-190","1":"product","2":"type-product","3":"status-publish","4":"has-post-thumbnail","6":"product_cat-all-products","7":"product_cat-counterfeit-notes","8":"desktop-align-left","9":"tablet-align-left","10":"mobile-align-left","12":"first","13":"instock","14":"shipping-taxable","15":"product-type-simple"},"yoast_head":"<!-- This site is optimized with the Yoast SEO plugin v26.5 - https:\/\/yoast.com\/wordpress\/plugins\/seo\/ -->\n<title>Buy Fake Euros Online in Germany | Glob Documents<\/title>\n<meta name=\"description\" content=\"Are you searching to buy fake euros online? Then you are at the right place. Glob Documents provide safe and fast worldwide delivery at the best price.\" \/>\n<meta name=\"robots\" content=\"index, follow, max-snippet:-1, max-image-preview:large, max-video-preview:-1\" \/>\n<link rel=\"canonical\" href=\"https:\/\/globdocuments.com\/de\/product\/buy-fake-euros-online\/\" \/>\n<meta property=\"og:locale\" content=\"de_DE\" \/>\n<meta property=\"og:type\" content=\"article\" \/>\n<meta property=\"og:title\" content=\"Buy Fake Euros Online in Germany | Glob Documents\" \/>\n<meta property=\"og:description\" content=\"Are you searching to buy fake euros online? Then you are at the right place. Glob Documents provide safe and fast worldwide delivery at the best price.\" \/>\n<meta property=\"og:url\" content=\"https:\/\/globdocuments.com\/de\/product\/buy-fake-euros-online\/\" \/>\n<meta property=\"article:modified_time\" content=\"2025-08-21T09:56:06+00:00\" \/>\n<meta property=\"og:image\" content=\"https:\/\/globdocuments.com\/wp-content\/uploads\/2021\/10\/euros.png\" \/>\n\t<meta property=\"og:image:width\" content=\"450\" \/>\n\t<meta property=\"og:image:height\" content=\"450\" \/>\n\t<meta property=\"og:image:type\" content=\"image\/png\" \/>\n<meta name=\"twitter:card\" content=\"summary_large_image\" \/>\n<meta name=\"twitter:label1\" content=\"Gesch\u00e4tzte Lesezeit\" \/>\n\t<meta name=\"twitter:data1\" content=\"3\u00a0Minuten\" \/>\n<script type=\"application\/ld+json\" class=\"yoast-schema-graph\">{\"@context\":\"https:\/\/schema.org\",\"@graph\":[{\"@type\":\"WebPage\",\"@id\":\"https:\/\/globdocuments.com\/ka\/product\/buy-fake-euros-online\/\",\"url\":\"https:\/\/globdocuments.com\/ka\/product\/buy-fake-euros-online\/\",\"name\":\"Buy Fake Euros Online in Germany | Glob Documents\",\"isPartOf\":{\"@id\":\"https:\/\/globdocuments.com\/#website\"},\"primaryImageOfPage\":{\"@id\":\"https:\/\/globdocuments.com\/ka\/product\/buy-fake-euros-online\/#primaryimage\"},\"image\":{\"@id\":\"https:\/\/globdocuments.com\/ka\/product\/buy-fake-euros-online\/#primaryimage\"},\"thumbnailUrl\":\"https:\/\/globdocuments.com\/wp-content\/uploads\/2021\/10\/euros.png\",\"datePublished\":\"2021-10-04T06:59:32+00:00\",\"dateModified\":\"2025-08-21T09:56:06+00:00\",\"description\":\"Are you searching to buy fake euros online? Then you are at the right place. Glob Documents provide safe and fast worldwide delivery at the best price.\",\"breadcrumb\":{\"@id\":\"https:\/\/globdocuments.com\/ka\/product\/buy-fake-euros-online\/#breadcrumb\"},\"inLanguage\":\"de\",\"potentialAction\":[{\"@type\":\"ReadAction\",\"target\":[\"https:\/\/globdocuments.com\/ka\/product\/buy-fake-euros-online\/\"]}]},{\"@type\":\"ImageObject\",\"inLanguage\":\"de\",\"@id\":\"https:\/\/globdocuments.com\/ka\/product\/buy-fake-euros-online\/#primaryimage\",\"url\":\"https:\/\/globdocuments.com\/wp-content\/uploads\/2021\/10\/euros.png\",\"contentUrl\":\"https:\/\/globdocuments.com\/wp-content\/uploads\/2021\/10\/euros.png\",\"width\":450,\"height\":450,\"caption\":\"BUY FAKE EUROS ONLINE\"},{\"@type\":\"BreadcrumbList\",\"@id\":\"https:\/\/globdocuments.com\/ka\/product\/buy-fake-euros-online\/#breadcrumb\",\"itemListElement\":[{\"@type\":\"ListItem\",\"position\":1,\"name\":\"Shop\",\"item\":\"https:\/\/globdocuments.com\/shop\/\"},{\"@type\":\"ListItem\",\"position\":2,\"name\":\"BUY FAKE EUROS ONLINE\"}]},{\"@type\":\"WebSite\",\"@id\":\"https:\/\/globdocuments.com\/#website\",\"url\":\"https:\/\/globdocuments.com\/\",\"name\":\"\",\"description\":\"Buy real fake documents online\",\"potentialAction\":[{\"@type\":\"SearchAction\",\"target\":{\"@type\":\"EntryPoint\",\"urlTemplate\":\"https:\/\/globdocuments.com\/?s={search_term_string}\"},\"query-input\":{\"@type\":\"PropertyValueSpecification\",\"valueRequired\":true,\"valueName\":\"search_term_string\"}}],\"inLanguage\":\"de\"}]}<\/script>\n<!-- \/ Yoast SEO plugin. -->","yoast_head_json":{"title":"Buy Fake Euros Online in Germany | Glob Documents","description":"Are you searching to buy fake euros online? Then you are at the right place. Glob Documents provide safe and fast worldwide delivery at the best price.","robots":{"index":"index","follow":"follow","max-snippet":"max-snippet:-1","max-image-preview":"max-image-preview:large","max-video-preview":"max-video-preview:-1"},"canonical":"https:\/\/globdocuments.com\/de\/product\/buy-fake-euros-online\/","og_locale":"de_DE","og_type":"article","og_title":"Buy Fake Euros Online in Germany | Glob Documents","og_description":"Are you searching to buy fake euros online? Then you are at the right place. Glob Documents provide safe and fast worldwide delivery at the best price.","og_url":"https:\/\/globdocuments.com\/de\/product\/buy-fake-euros-online\/","article_modified_time":"2025-08-21T09:56:06+00:00","og_image":[{"width":450,"height":450,"url":"https:\/\/globdocuments.com\/wp-content\/uploads\/2021\/10\/euros.png","type":"image\/png"}],"twitter_card":"summary_large_image","twitter_misc":{"Gesch\u00e4tzte Lesezeit":"3\u00a0Minuten"},"schema":{"@context":"https:\/\/schema.org","@graph":[{"@type":"WebPage","@id":"https:\/\/globdocuments.com\/ka\/product\/buy-fake-euros-online\/","url":"https:\/\/globdocuments.com\/ka\/product\/buy-fake-euros-online\/","name":"Buy Fake Euros Online in Germany | Glob Documents","isPartOf":{"@id":"https:\/\/globdocuments.com\/#website"},"primaryImageOfPage":{"@id":"https:\/\/globdocuments.com\/ka\/product\/buy-fake-euros-online\/#primaryimage"},"image":{"@id":"https:\/\/globdocuments.com\/ka\/product\/buy-fake-euros-online\/#primaryimage"},"thumbnailUrl":"https:\/\/globdocuments.com\/wp-content\/uploads\/2021\/10\/euros.png","datePublished":"2021-10-04T06:59:32+00:00","dateModified":"2025-08-21T09:56:06+00:00","description":"Are you searching to buy fake euros online? Then you are at the right place. Glob Documents provide safe and fast worldwide delivery at the best price.","breadcrumb":{"@id":"https:\/\/globdocuments.com\/ka\/product\/buy-fake-euros-online\/#breadcrumb"},"inLanguage":"de","potentialAction":[{"@type":"ReadAction","target":["https:\/\/globdocuments.com\/ka\/product\/buy-fake-euros-online\/"]}]},{"@type":"ImageObject","inLanguage":"de","@id":"https:\/\/globdocuments.com\/ka\/product\/buy-fake-euros-online\/#primaryimage","url":"https:\/\/globdocuments.com\/wp-content\/uploads\/2021\/10\/euros.png","contentUrl":"https:\/\/globdocuments.com\/wp-content\/uploads\/2021\/10\/euros.png","width":450,"height":450,"caption":"BUY FAKE EUROS ONLINE"},{"@type":"BreadcrumbList","@id":"https:\/\/globdocuments.com\/ka\/product\/buy-fake-euros-online\/#breadcrumb","itemListElement":[{"@type":"ListItem","position":1,"name":"Shop","item":"https:\/\/globdocuments.com\/shop\/"},{"@type":"ListItem","position":2,"name":"BUY FAKE EUROS ONLINE"}]},{"@type":"WebSite","@id":"https:\/\/globdocuments.com\/#website","url":"https:\/\/globdocuments.com\/","name":"","description":"Echte gef\u00e4lschte Dokumente online kaufen","potentialAction":[{"@type":"SearchAction","target":{"@type":"EntryPoint","urlTemplate":"https:\/\/globdocuments.com\/?s={search_term_string}"},"query-input":{"@type":"PropertyValueSpecification","valueRequired":true,"valueName":"search_term_string"}}],"inLanguage":"de"}]}},"_links":{"self":[{"href":"https:\/\/globdocuments.com\/de\/wp-json\/wp\/v2\/product\/190","targetHints":{"allow":["GET"]}}],"collection":[{"href":"https:\/\/globdocuments.com\/de\/wp-json\/wp\/v2\/product"}],"about":[{"href":"https:\/\/globdocuments.com\/de\/wp-json\/wp\/v2\/types\/product"}],"replies":[{"embeddable":true,"href":"https:\/\/globdocuments.com\/de\/wp-json\/wp\/v2\/comments?post=190"}],"wp:featuredmedia":[{"embeddable":true,"href":"https:\/\/globdocuments.com\/de\/wp-json\/wp\/v2\/media\/206"}],"wp:attachment":[{"href":"https:\/\/globdocuments.com\/de\/wp-json\/wp\/v2\/media?parent=190"}],"wp:term":[{"taxonomy":"product_brand","embeddable":true,"href":"https:\/\/globdocuments.com\/de\/wp-json\/wp\/v2\/product_brand?post=190"},{"taxonomy":"product_cat","embeddable":true,"href":"https:\/\/globdocuments.com\/de\/wp-json\/wp\/v2\/product_cat?post=190"},{"taxonomy":"product_tag","embeddable":true,"href":"https:\/\/globdocuments.com\/de\/wp-json\/wp\/v2\/product_tag?post=190"}],"curies":[{"name":"wp","href":"https:\/\/api.w.org\/{rel}","templated":true}]}}