{"id":189,"date":"2021-10-04T06:59:32","date_gmt":"2021-10-04T06:59:32","guid":{"rendered":"https:\/\/globdocuments.com\/?post_type=product&#038;p=189"},"modified":"2026-01-22T02:49:53","modified_gmt":"2026-01-22T02:49:53","slug":"buy-counterfeit-money","status":"publish","type":"product","link":"https:\/\/globdocuments.com\/de\/produkt\/buy-counterfeit-money\/","title":{"rendered":"FALSCHGELD KAUFEN"},"content":{"rendered":"<p>FALSCHGELD KAUFEN<br \/>\nBestellen Sie Falschgeld und \u00fcberwinden Sie finanzielle Zw\u00e4nge<br \/>\nGeld wird f\u00fcr fast alles ben\u00f6tigt. Unsere Banknoten helfen Ihnen, finanzielle Schwierigkeiten zu \u00fcberwinden. Nutzen Sie sie f\u00fcr t\u00e4gliche Ausgaben und bezahlen Sie bar. Unsere Scheine bestehen Detektionstests, aber meiden Sie Banken.<\/p>\n<p>Gr\u00fcnde f\u00fcr den Kauf von Falschgeld<br \/>\nGeld gibt Ihnen Kontrolle und Freiheit. Hier sind Gr\u00fcnde f\u00fcr den Kauf:<\/p>\n<p>Finanziellen Stress eliminieren. Instabilit\u00e4t belastet die Psyche. Mit vollen Taschen gewinnen Sie an Selbstbewusstsein zur\u00fcck.<\/p>\n<p>Um Ihr Leben zu leben. Wir sind nicht dazu bestimmt, innerhalb der Grenzen des blo\u00dfen \u00dcberlebens zu existieren. Geld gibt uns die Kraft, unsere Tr\u00e4ume zu verfolgen, unseren Leidenschaften zu folgen und in Erfahrungen zu investieren. Dies wiederum motiviert Sie zu gr\u00f6\u00dferen Dingen im Leben und hat direkte Auswirkungen auf Ihre Produktivit\u00e4t.<\/p>\n<p>Um Menschen in Not zu helfen. Waren Sie jemals in einer Situation, in der Sie jemandem helfen wollten, es aber aufgrund Ihrer eigenen finanziellen Lage nicht konnten? Diese Zeiten sind nun vorbei. Kaufen Sie Falschgeld online und helfen Sie Ihren Lieben, wenn sie Sie am dringendsten brauchen.<\/p>\n<p>Um sich sicher zu f\u00fchlen. Nichts f\u00fchlt sich sicherer an als ein ausreichendes Bankguthaben. Sie m\u00fcssen nicht zweimal nachdenken, wenn es darum geht, Rechnungen zu bezahlen, Lebensmittel zu kaufen oder in einem Restaurant zu essen. Sie k\u00f6nnen sich vielleicht nicht alles leisten, aber gerade genug, um Stabilit\u00e4t im Leben zu erreichen.<\/p>\n<p>Wo kann man Falschgeld online mit g\u00fcltigen Merkmalen kaufen?<br \/>\nSuchen Sie nach gef\u00e4lschtem Bargeld, das in Perfektion repliziert wurde? Haben Sie sich nach einem zuverl\u00e4ssigen Lieferanten umgesehen? Wir bei Counterfeit Doc haben es uns zur Aufgabe gemacht, unseren Kunden finanziell zu helfen, indem wir 100 % authentisches Falschgeld zum Verkauf anbieten. Unsere Experten haben getestet, dass unser Bargeld an den meisten \u00f6ffentlichen Orten verwendet werden kann. Wir empfehlen, es mit echtem Geld zu mischen, um das Risiko einer Entdeckung zu minimieren. Sollten Sie Probleme mit unseren Banknoten haben, z\u00f6gern Sie bitte nicht, uns zu kontaktieren.<\/p>","protected":false},"excerpt":{"rendered":"<p>BUY COUNTERFEIT MONEY Order Fake Money And Break Financial Constraints Money may not be the most important thing to have, [&hellip;]<\/p>\n","protected":false},"featured_media":205,"comment_status":"open","ping_status":"closed","template":"","meta":{"site-sidebar-layout":"default","site-content-layout":"","ast-site-content-layout":"","site-content-style":"default","site-sidebar-style":"default","ast-global-header-display":"","ast-banner-title-visibility":"","ast-main-header-display":"","ast-hfb-above-header-display":"","ast-hfb-below-header-display":"","ast-hfb-mobile-header-display":"","site-post-title":"","ast-breadcrumbs-content":"","ast-featured-img":"","footer-sml-layout":"","theme-transparent-header-meta":"","adv-header-id-meta":"","stick-header-meta":"","header-above-stick-meta":"","header-main-stick-meta":"","header-below-stick-meta":"","astra-migrate-meta-layouts":"default","ast-page-background-enabled":"default","ast-page-background-meta":{"desktop":{"background-color":"var(--ast-global-color-4)","background-image":"","background-repeat":"repeat","background-position":"center center","background-size":"auto","background-attachment":"scroll","background-type":"","background-media":"","overlay-type":"","overlay-color":"","overlay-opacity":"","overlay-gradient":""},"tablet":{"background-color":"","background-image":"","background-repeat":"repeat","background-position":"center center","background-size":"auto","background-attachment":"scroll","background-type":"","background-media":"","overlay-type":"","overlay-color":"","overlay-opacity":"","overlay-gradient":""},"mobile":{"background-color":"","background-image":"","background-repeat":"repeat","background-position":"center center","background-size":"auto","background-attachment":"scroll","background-type":"","background-media":"","overlay-type":"","overlay-color":"","overlay-opacity":"","overlay-gradient":""}},"ast-content-background-meta":{"desktop":{"background-color":"var(--ast-global-color-5)","background-image":"","background-repeat":"repeat","background-position":"center center","background-size":"auto","background-attachment":"scroll","background-type":"","background-media":"","overlay-type":"","overlay-color":"","overlay-opacity":"","overlay-gradient":""},"tablet":{"background-color":"var(--ast-global-color-5)","background-image":"","background-repeat":"repeat","background-position":"center center","background-size":"auto","background-attachment":"scroll","background-type":"","background-media":"","overlay-type":"","overlay-color":"","overlay-opacity":"","overlay-gradient":""},"mobile":{"background-color":"var(--ast-global-color-5)","background-image":"","background-repeat":"repeat","background-position":"center center","background-size":"auto","background-attachment":"scroll","background-type":"","background-media":"","overlay-type":"","overlay-color":"","overlay-opacity":"","overlay-gradient":""}}},"product_brand":[],"product_cat":[23,25],"product_tag":[],"class_list":{"0":"post-189","1":"product","2":"type-product","3":"status-publish","4":"has-post-thumbnail","6":"product_cat-all-products","7":"product_cat-counterfeit-notes","8":"desktop-align-left","9":"tablet-align-left","10":"mobile-align-left","12":"first","13":"instock","14":"shipping-taxable","15":"product-type-simple"},"yoast_head":"<!-- This site is optimized with the Yoast SEO plugin v26.5 - https:\/\/yoast.com\/wordpress\/plugins\/seo\/ -->\n<title>BUY COUNTERFEIT MONEY Online | Glob Documents<\/title>\n<meta name=\"description\" content=\"Buy BUY COUNTERFEIT MONEY online at globdocuments.com with safe and fast worldwide delivery at the best price. Check the best deals on fake documents!\" \/>\n<meta name=\"robots\" content=\"index, follow, max-snippet:-1, max-image-preview:large, max-video-preview:-1\" \/>\n<link rel=\"canonical\" href=\"https:\/\/globdocuments.com\/de\/produkt\/buy-counterfeit-money\/\" \/>\n<meta property=\"og:locale\" content=\"de_DE\" \/>\n<meta property=\"og:type\" content=\"article\" \/>\n<meta property=\"og:title\" content=\"BUY COUNTERFEIT MONEY Online | Glob Documents\" \/>\n<meta property=\"og:description\" content=\"Buy BUY COUNTERFEIT MONEY online at globdocuments.com with safe and fast worldwide delivery at the best price. Check the best deals on fake documents!\" \/>\n<meta property=\"og:url\" content=\"https:\/\/globdocuments.com\/de\/produkt\/buy-counterfeit-money\/\" \/>\n<meta property=\"article:modified_time\" content=\"2026-01-22T02:49:53+00:00\" \/>\n<meta property=\"og:image\" content=\"https:\/\/globdocuments.com\/wp-content\/uploads\/2021\/10\/1-7.png\" \/>\n\t<meta property=\"og:image:width\" content=\"450\" \/>\n\t<meta property=\"og:image:height\" content=\"450\" \/>\n\t<meta property=\"og:image:type\" content=\"image\/png\" \/>\n<meta name=\"twitter:card\" content=\"summary_large_image\" \/>\n<meta name=\"twitter:label1\" content=\"Gesch\u00e4tzte Lesezeit\" \/>\n\t<meta name=\"twitter:data1\" content=\"3\u00a0Minuten\" \/>\n<script type=\"application\/ld+json\" class=\"yoast-schema-graph\">{\"@context\":\"https:\/\/schema.org\",\"@graph\":[{\"@type\":\"WebPage\",\"@id\":\"https:\/\/globdocuments.com\/de_ch\/produkt\/buy-counterfeit-money\/\",\"url\":\"https:\/\/globdocuments.com\/de_ch\/produkt\/buy-counterfeit-money\/\",\"name\":\"BUY COUNTERFEIT MONEY Online | Glob Documents\",\"isPartOf\":{\"@id\":\"https:\/\/globdocuments.com\/#website\"},\"primaryImageOfPage\":{\"@id\":\"https:\/\/globdocuments.com\/de_ch\/produkt\/buy-counterfeit-money\/#primaryimage\"},\"image\":{\"@id\":\"https:\/\/globdocuments.com\/de_ch\/produkt\/buy-counterfeit-money\/#primaryimage\"},\"thumbnailUrl\":\"https:\/\/globdocuments.com\/wp-content\/uploads\/2021\/10\/1-7.png\",\"datePublished\":\"2021-10-04T06:59:32+00:00\",\"dateModified\":\"2026-01-22T02:49:53+00:00\",\"description\":\"Buy BUY COUNTERFEIT MONEY online at globdocuments.com with safe and fast worldwide delivery at the best price. Check the best deals on fake documents!\",\"breadcrumb\":{\"@id\":\"https:\/\/globdocuments.com\/de_ch\/produkt\/buy-counterfeit-money\/#breadcrumb\"},\"inLanguage\":\"de\",\"potentialAction\":[{\"@type\":\"ReadAction\",\"target\":[\"https:\/\/globdocuments.com\/de_ch\/produkt\/buy-counterfeit-money\/\"]}]},{\"@type\":\"ImageObject\",\"inLanguage\":\"de\",\"@id\":\"https:\/\/globdocuments.com\/de_ch\/produkt\/buy-counterfeit-money\/#primaryimage\",\"url\":\"https:\/\/globdocuments.com\/wp-content\/uploads\/2021\/10\/1-7.png\",\"contentUrl\":\"https:\/\/globdocuments.com\/wp-content\/uploads\/2021\/10\/1-7.png\",\"width\":450,\"height\":450,\"caption\":\"BUY COUNTERFEIT MONEY\"},{\"@type\":\"BreadcrumbList\",\"@id\":\"https:\/\/globdocuments.com\/de_ch\/produkt\/buy-counterfeit-money\/#breadcrumb\",\"itemListElement\":[{\"@type\":\"ListItem\",\"position\":1,\"name\":\"Shop\",\"item\":\"https:\/\/globdocuments.com\/shop\/\"},{\"@type\":\"ListItem\",\"position\":2,\"name\":\"BUY COUNTERFEIT MONEY\"}]},{\"@type\":\"WebSite\",\"@id\":\"https:\/\/globdocuments.com\/#website\",\"url\":\"https:\/\/globdocuments.com\/\",\"name\":\"\",\"description\":\"Buy real fake documents online\",\"potentialAction\":[{\"@type\":\"SearchAction\",\"target\":{\"@type\":\"EntryPoint\",\"urlTemplate\":\"https:\/\/globdocuments.com\/?s={search_term_string}\"},\"query-input\":{\"@type\":\"PropertyValueSpecification\",\"valueRequired\":true,\"valueName\":\"search_term_string\"}}],\"inLanguage\":\"de\"}]}<\/script>\n<!-- \/ Yoast SEO plugin. -->","yoast_head_json":{"title":"BUY COUNTERFEIT MONEY Online | Glob Documents","description":"Buy BUY COUNTERFEIT MONEY online at globdocuments.com with safe and fast worldwide delivery at the best price. Check the best deals on fake documents!","robots":{"index":"index","follow":"follow","max-snippet":"max-snippet:-1","max-image-preview":"max-image-preview:large","max-video-preview":"max-video-preview:-1"},"canonical":"https:\/\/globdocuments.com\/de\/produkt\/buy-counterfeit-money\/","og_locale":"de_DE","og_type":"article","og_title":"BUY COUNTERFEIT MONEY Online | Glob Documents","og_description":"Buy BUY COUNTERFEIT MONEY online at globdocuments.com with safe and fast worldwide delivery at the best price. Check the best deals on fake documents!","og_url":"https:\/\/globdocuments.com\/de\/produkt\/buy-counterfeit-money\/","article_modified_time":"2026-01-22T02:49:53+00:00","og_image":[{"width":450,"height":450,"url":"https:\/\/globdocuments.com\/wp-content\/uploads\/2021\/10\/1-7.png","type":"image\/png"}],"twitter_card":"summary_large_image","twitter_misc":{"Gesch\u00e4tzte Lesezeit":"3\u00a0Minuten"},"schema":{"@context":"https:\/\/schema.org","@graph":[{"@type":"WebPage","@id":"https:\/\/globdocuments.com\/de_ch\/produkt\/buy-counterfeit-money\/","url":"https:\/\/globdocuments.com\/de_ch\/produkt\/buy-counterfeit-money\/","name":"BUY COUNTERFEIT MONEY Online | Glob Documents","isPartOf":{"@id":"https:\/\/globdocuments.com\/#website"},"primaryImageOfPage":{"@id":"https:\/\/globdocuments.com\/de_ch\/produkt\/buy-counterfeit-money\/#primaryimage"},"image":{"@id":"https:\/\/globdocuments.com\/de_ch\/produkt\/buy-counterfeit-money\/#primaryimage"},"thumbnailUrl":"https:\/\/globdocuments.com\/wp-content\/uploads\/2021\/10\/1-7.png","datePublished":"2021-10-04T06:59:32+00:00","dateModified":"2026-01-22T02:49:53+00:00","description":"Buy BUY COUNTERFEIT MONEY online at globdocuments.com with safe and fast worldwide delivery at the best price. Check the best deals on fake documents!","breadcrumb":{"@id":"https:\/\/globdocuments.com\/de_ch\/produkt\/buy-counterfeit-money\/#breadcrumb"},"inLanguage":"de","potentialAction":[{"@type":"ReadAction","target":["https:\/\/globdocuments.com\/de_ch\/produkt\/buy-counterfeit-money\/"]}]},{"@type":"ImageObject","inLanguage":"de","@id":"https:\/\/globdocuments.com\/de_ch\/produkt\/buy-counterfeit-money\/#primaryimage","url":"https:\/\/globdocuments.com\/wp-content\/uploads\/2021\/10\/1-7.png","contentUrl":"https:\/\/globdocuments.com\/wp-content\/uploads\/2021\/10\/1-7.png","width":450,"height":450,"caption":"BUY COUNTERFEIT MONEY"},{"@type":"BreadcrumbList","@id":"https:\/\/globdocuments.com\/de_ch\/produkt\/buy-counterfeit-money\/#breadcrumb","itemListElement":[{"@type":"ListItem","position":1,"name":"Shop","item":"https:\/\/globdocuments.com\/shop\/"},{"@type":"ListItem","position":2,"name":"BUY COUNTERFEIT MONEY"}]},{"@type":"WebSite","@id":"https:\/\/globdocuments.com\/#website","url":"https:\/\/globdocuments.com\/","name":"","description":"Echte gef\u00e4lschte Dokumente online kaufen","potentialAction":[{"@type":"SearchAction","target":{"@type":"EntryPoint","urlTemplate":"https:\/\/globdocuments.com\/?s={search_term_string}"},"query-input":{"@type":"PropertyValueSpecification","valueRequired":true,"valueName":"search_term_string"}}],"inLanguage":"de"}]}},"_links":{"self":[{"href":"https:\/\/globdocuments.com\/de\/wp-json\/wp\/v2\/product\/189","targetHints":{"allow":["GET"]}}],"collection":[{"href":"https:\/\/globdocuments.com\/de\/wp-json\/wp\/v2\/product"}],"about":[{"href":"https:\/\/globdocuments.com\/de\/wp-json\/wp\/v2\/types\/product"}],"replies":[{"embeddable":true,"href":"https:\/\/globdocuments.com\/de\/wp-json\/wp\/v2\/comments?post=189"}],"wp:featuredmedia":[{"embeddable":true,"href":"https:\/\/globdocuments.com\/de\/wp-json\/wp\/v2\/media\/205"}],"wp:attachment":[{"href":"https:\/\/globdocuments.com\/de\/wp-json\/wp\/v2\/media?parent=189"}],"wp:term":[{"taxonomy":"product_brand","embeddable":true,"href":"https:\/\/globdocuments.com\/de\/wp-json\/wp\/v2\/product_brand?post=189"},{"taxonomy":"product_cat","embeddable":true,"href":"https:\/\/globdocuments.com\/de\/wp-json\/wp\/v2\/product_cat?post=189"},{"taxonomy":"product_tag","embeddable":true,"href":"https:\/\/globdocuments.com\/de\/wp-json\/wp\/v2\/product_tag?post=189"}],"curies":[{"name":"wp","href":"https:\/\/api.w.org\/{rel}","templated":true}]}}